{"id":98549,"date":"2015-06-03T09:03:13","date_gmt":"2015-06-03T07:03:13","guid":{"rendered":"https:\/\/www.geostru.eu\/shop\/sincategorizar\/geological-geotechnical-formula\/"},"modified":"2025-11-05T11:24:57","modified_gmt":"2025-11-05T10:24:57","slug":"formulario-geologia-geotecnica","status":"publish","type":"product","link":"https:\/\/www.geostru.eu\/es\/shop\/software-es\/formulario-geologia-geotecnica\/","title":{"rendered":"Formulario de Geolog\u00eda y Geot\u00e9cnica  &#8211; Geostru Formula"},"content":{"rendered":"<div class=\"wpb-content-wrapper\"><p>[vc_row][vc_column][vc_column_text]<\/p>\n<p style=\"text-align: justify;\"><strong>Formulario de Geolog\u00eda y Geot\u00e9cnica &#8211; Geostru Formula<\/strong> es un software\u00a0que abarca gran variedad de argumentos.<br \/>\nCon <strong>Geostru Formula<\/strong> hemos realizado un instrumento de apoyo profesional muy pr\u00e1ctico.<br \/>\nEl formulario de geolog\u00eda y geot\u00e9cnica permite resolver cualquier tipo de problema, por ejemplo, si se necesita conocer los coeficientes de consolidaci\u00f3n monodimensional, <strong>Geostru Formula<\/strong> los busca en el database integrado o bien proporciona correlaciones para calcularlos.<br \/>\n\u00bfEn estabilidad de taludes es necesario calcular la estabilidad de un talud indefinido?<br \/>\n\u00bfSe desea obtener par\u00e1metros geot\u00e9cnicos particulares de ensayos in situ? etc.<\/p>\n<p style=\"text-align: justify;\">Esto y mucho m\u00e1s est\u00e1 incluido en el formulario: m\u00e1s de 100 correlaciones disponibles con f\u00f3rmulas extendidas y gr\u00e1ficos comparativos, decenas de f\u00f3rmulas de c\u00e1lculo y un database con decenas de propiedades geot\u00e9cnicas y cientos de materiales.<\/p>\n<p style=\"text-align: justify;\">El formulario est\u00e1 compuesto por una vasta recopilaci\u00f3n de relaciones para:<\/p>\n<ul style=\"text-align: justify;\">\n<li>Par\u00e1metros geot\u00e9cnicos como cohesi\u00f3n y \u00e1ngulo de resistencia al corte, correlaciones entre propiedad \u00edndice de los suelos.<\/li>\n<li>Sondeos y ensayos en terrenos: <a href=\"https:\/\/www.geostru.eu\/es\/shop\/software-es\/ensayos-in-situ\/dynamic-probing-ensayos-penetracion-dinamica\/\" target=\"_blank\" rel=\"noopener\">SPT<\/a>, <a href=\"https:\/\/www.geostru.eu\/es\/shop\/software-es\/ensayos-in-situ\/static-probing-ensayos-penetracion-estatica\/\" target=\"_blank\" rel=\"noopener\">CPT<\/a>, DMT.<\/li>\n<li>Empuje de suelos: Reposo, Activos, Pasivos en condiciones est\u00e1ticas y din\u00e1micas.<\/li>\n<li>Par\u00e1metros de consolidaci\u00f3n.<\/li>\n<li>Mec\u00e1nica de rocas.<\/li>\n<li>Ensayos de permeabilidad.<\/li>\n<li><a href=\"https:\/\/www.geostru.eu\/es\/shop\/geotecnia-y-geologia\/estabilidad-de-taludes-slope\/\" target=\"_blank\" rel=\"noopener\">Estabilidad de taludes<\/a>.<\/li>\n<\/ul>\n<p style=\"text-align: justify;\">El database de terrenos integrado es una surtida librer\u00eda de las caracter\u00edsticas geot\u00e9cnicas de los suelos, con la posibilidad para el usuario de personalizarlo mientras lo comparte con el database central Geostru. Cada vez que se integran nuevos elementos nuestro server informa y los transfiere al usuario final. El sistema de transferencia no se limita a sustituir el archivo, sino que integra el database personalizado del usuario.<\/p>\n<p style=\"text-align: justify;\">Este mismo database se comparte con todas las aplicaciones Geostru.<\/p>\n<p style=\"text-align: justify;\">El formulario de geolog\u00eda y geot\u00e9cnica es una herramienta de valiosa utilidad en todas aquellas circunstancias en las que el usuario cuente con poca informaci\u00f3n sobre los terrenos a caracterizar y cuando que necesite conocer la f\u00f3rmula aplicada para la determinaci\u00f3n del par\u00e1metro de inter\u00e9s. Geostru Formula es un recurso indispensable y de uso inmediato.<\/p>\n<p>[\/vc_column_text][\/vc_column][\/vc_row]<\/p>\n<\/div>","protected":false},"excerpt":{"rendered":"<p style=\"text-align: justify;\"><strong>Formulario de Geolog\u00eda y Geot\u00e9cnica &#8211; Geostru Formula<\/strong>: Un instrumento pr\u00e1ctico y de gran ayuda para el profesional.<\/p>\n<p style=\"text-align: justify;\">El formulario permite resolver\u00a0los problemas de clasificaci\u00f3n de suelos,\u00a0interpretaci\u00f3n de ensayos est\u00e1ticos y\u00a0din\u00e1micos, licuefacci\u00f3n, empuje de terrenos,\u00a0estabilidad de talud indefinido.<\/p>\n<p style=\"text-align: justify;\">Adem\u00e1s entre \u00a0usuarios se puede compartir el database de\u00a0las propiedades de los materiales y de los\u00a0suelos.<\/p>\n","protected":false},"featured_media":15309,"comment_status":"open","ping_status":"closed","template":"","meta":[],"product_cat":[191,529,185,189],"product_tag":[659],"class_list":{"0":"post-98549","1":"product","2":"type-product","3":"status-publish","4":"has-post-thumbnail","6":"product_cat-software-es","7":"product_cat-software-geologia-es","8":"product_cat-geotecnia-y-geologia","9":"product_cat-gratuitos","10":"product_tag-formula-es","11":"description-off","13":"first","14":"instock","15":"sale","16":"downloadable","17":"virtual","18":"sold-individually","19":"taxable","20":"purchasable","21":"product-type-licensed"},"yoast_head":"<!-- This site is optimized with the Yoast SEO Premium plugin v25.0 (Yoast SEO v25.0) - https:\/\/yoast.com\/wordpress\/plugins\/seo\/ -->\n<title>Formulario de Geolog\u00eda y Geot\u00e9cnica - Geostru Formula<\/title>\n<meta name=\"description\" content=\"Geostru Formula: Un instrumento pr\u00e1ctico y de gran ayuda para\u00a0el profesional. El formulario permite resolver\u00a0los problemas de clasificaci\u00f3n de suelos\" \/>\n<meta name=\"robots\" content=\"index, follow, max-snippet:-1, max-image-preview:large, max-video-preview:-1\" \/>\n<link rel=\"canonical\" href=\"https:\/\/www.geostru.eu\/es\/shop\/software-es\/formulario-geologia-geotecnica\/\" \/>\n<meta property=\"og:locale\" content=\"es_ES\" \/>\n<meta property=\"og:type\" content=\"article\" \/>\n<meta property=\"og:title\" content=\"Formulario de Geolog\u00eda y Geot\u00e9cnica - Geostru Formula\" \/>\n<meta property=\"og:description\" content=\"Geostru Formula: Un instrumento pr\u00e1ctico y de gran ayuda para\u00a0el profesional. El formulario permite resolver\u00a0los problemas de clasificaci\u00f3n de suelos\" \/>\n<meta property=\"og:url\" content=\"https:\/\/www.geostru.eu\/es\/shop\/software-es\/formulario-geologia-geotecnica\/\" \/>\n<meta property=\"og:site_name\" content=\"GeoStru\" \/>\n<meta property=\"article:publisher\" content=\"https:\/\/www.facebook.com\/GeoStruSoftware\/\" \/>\n<meta property=\"article:modified_time\" content=\"2025-11-05T10:24:57+00:00\" \/>\n<meta property=\"og:image\" content=\"https:\/\/www.geostru.eu\/wp-content\/uploads\/2015\/06\/GeoStru-Formula-ES.jpg\" \/>\n\t<meta property=\"og:image:width\" content=\"1200\" \/>\n\t<meta property=\"og:image:height\" content=\"630\" \/>\n\t<meta property=\"og:image:type\" content=\"image\/jpeg\" \/>\n<meta name=\"twitter:card\" content=\"summary_large_image\" \/>\n<meta name=\"twitter:site\" content=\"@geostru\" \/>\n<meta name=\"twitter:label1\" content=\"Precio\" \/>\n\t<meta name=\"twitter:data1\" content=\"&euro;290.00 exc. IVA\" \/>\n\t<meta name=\"twitter:label2\" content=\"Disponibilidad\" \/>\n\t<meta name=\"twitter:data2\" content=\"Disponible\" \/>\n<script type=\"application\/ld+json\" class=\"yoast-schema-graph\">{\"@context\":\"https:\/\/schema.org\",\"@graph\":[{\"@type\":\"WebPage\",\"@id\":\"https:\/\/www.geostru.eu\/es\/shop\/software-es\/formulario-geologia-geotecnica\/\",\"url\":\"https:\/\/www.geostru.eu\/es\/shop\/software-es\/formulario-geologia-geotecnica\/\",\"name\":\"Formulario de Geolog\u00eda y Geot\u00e9cnica - Geostru Formula\",\"isPartOf\":{\"@id\":\"https:\/\/www.geostru.eu\/es\/#website\"},\"primaryImageOfPage\":{\"@id\":\"https:\/\/www.geostru.eu\/es\/shop\/software-es\/formulario-geologia-geotecnica\/#primaryimage\"},\"image\":{\"@id\":\"https:\/\/www.geostru.eu\/es\/shop\/software-es\/formulario-geologia-geotecnica\/#primaryimage\"},\"thumbnailUrl\":\"https:\/\/www.geostru.eu\/wp-content\/uploads\/2015\/06\/penetrometr.png\",\"datePublished\":\"2015-06-03T07:03:13+00:00\",\"dateModified\":\"2025-11-05T10:24:57+00:00\",\"description\":\"Geostru Formula: Un instrumento pr\u00e1ctico y de gran ayuda para\u00a0el profesional. El formulario permite resolver\u00a0los problemas de clasificaci\u00f3n de suelos\",\"breadcrumb\":{\"@id\":\"https:\/\/www.geostru.eu\/es\/shop\/software-es\/formulario-geologia-geotecnica\/#breadcrumb\"},\"inLanguage\":\"es\",\"potentialAction\":[{\"@type\":\"ReadAction\",\"target\":[\"https:\/\/www.geostru.eu\/es\/shop\/software-es\/formulario-geologia-geotecnica\/\"]}]},{\"@type\":\"ImageObject\",\"inLanguage\":\"es\",\"@id\":\"https:\/\/www.geostru.eu\/es\/shop\/software-es\/formulario-geologia-geotecnica\/#primaryimage\",\"url\":\"https:\/\/www.geostru.eu\/wp-content\/uploads\/2015\/06\/penetrometr.png\",\"contentUrl\":\"https:\/\/www.geostru.eu\/wp-content\/uploads\/2015\/06\/penetrometr.png\",\"width\":1921,\"height\":1040},{\"@type\":\"BreadcrumbList\",\"@id\":\"https:\/\/www.geostru.eu\/es\/shop\/software-es\/formulario-geologia-geotecnica\/#breadcrumb\",\"itemListElement\":[{\"@type\":\"ListItem\",\"position\":1,\"name\":\"Home\",\"item\":\"https:\/\/www.geostru.eu\/es\/\"},{\"@type\":\"ListItem\",\"position\":2,\"name\":\"Shop\",\"item\":\"https:\/\/www.geostru.eu\/shop\/?lang=es\"},{\"@type\":\"ListItem\",\"position\":3,\"name\":\"Formulario de Geolog\u00eda y Geot\u00e9cnica &#8211; Geostru Formula\"}]},{\"@type\":\"WebSite\",\"@id\":\"https:\/\/www.geostru.eu\/es\/#website\",\"url\":\"https:\/\/www.geostru.eu\/es\/\",\"name\":\"GeoStru\",\"description\":\"Professionals at your service\",\"publisher\":{\"@id\":\"https:\/\/www.geostru.eu\/es\/#organization\"},\"potentialAction\":[{\"@type\":\"SearchAction\",\"target\":{\"@type\":\"EntryPoint\",\"urlTemplate\":\"https:\/\/www.geostru.eu\/es\/?s={search_term_string}\"},\"query-input\":{\"@type\":\"PropertyValueSpecification\",\"valueRequired\":true,\"valueName\":\"search_term_string\"}}],\"inLanguage\":\"es\"},{\"@type\":\"Organization\",\"@id\":\"https:\/\/www.geostru.eu\/es\/#organization\",\"name\":\"GeoStru\",\"url\":\"https:\/\/www.geostru.eu\/es\/\",\"logo\":{\"@type\":\"ImageObject\",\"inLanguage\":\"es\",\"@id\":\"https:\/\/www.geostru.eu\/es\/#\/schema\/logo\/image\/\",\"url\":\"https:\/\/www.geostru.eu\/wp-content\/uploads\/2023\/02\/LOGO_GEOSTRU_educational_banner.png\",\"contentUrl\":\"https:\/\/www.geostru.eu\/wp-content\/uploads\/2023\/02\/LOGO_GEOSTRU_educational_banner.png\",\"width\":363,\"height\":115,\"caption\":\"GeoStru\"},\"image\":{\"@id\":\"https:\/\/www.geostru.eu\/es\/#\/schema\/logo\/image\/\"},\"sameAs\":[\"https:\/\/www.facebook.com\/GeoStruSoftware\/\",\"https:\/\/x.com\/geostru\",\"https:\/\/www.linkedin.com\/company\/2462488\/admin\/\",\"https:\/\/www.instagram.com\/geostru\/\"]}]}<\/script>\n<meta property=\"product:brand\" content=\"Software\" \/>\n<meta property=\"product:price:amount\" content=\"290.00\" \/>\n<meta property=\"product:price:currency\" content=\"EUR\" \/>\n<meta property=\"og:availability\" content=\"instock\" \/>\n<meta property=\"product:availability\" content=\"instock\" \/>\n<meta property=\"product:retailer_item_id\" content=\"456\" \/>\n<meta property=\"product:condition\" content=\"new\" \/>\n<!-- \/ Yoast SEO Premium plugin. -->","yoast_head_json":{"title":"Formulario de Geolog\u00eda y Geot\u00e9cnica - Geostru Formula","description":"Geostru Formula: Un instrumento pr\u00e1ctico y de gran ayuda para\u00a0el profesional. El formulario permite resolver\u00a0los problemas de clasificaci\u00f3n de suelos","robots":{"index":"index","follow":"follow","max-snippet":"max-snippet:-1","max-image-preview":"max-image-preview:large","max-video-preview":"max-video-preview:-1"},"canonical":"https:\/\/www.geostru.eu\/es\/shop\/software-es\/formulario-geologia-geotecnica\/","og_locale":"es_ES","og_type":"article","og_title":"Formulario de Geolog\u00eda y Geot\u00e9cnica - Geostru Formula","og_description":"Geostru Formula: Un instrumento pr\u00e1ctico y de gran ayuda para\u00a0el profesional. El formulario permite resolver\u00a0los problemas de clasificaci\u00f3n de suelos","og_url":"https:\/\/www.geostru.eu\/es\/shop\/software-es\/formulario-geologia-geotecnica\/","og_site_name":"GeoStru","article_publisher":"https:\/\/www.facebook.com\/GeoStruSoftware\/","article_modified_time":"2025-11-05T10:24:57+00:00","og_image":[{"width":1200,"height":630,"url":"https:\/\/www.geostru.eu\/wp-content\/uploads\/2015\/06\/GeoStru-Formula-ES.jpg","type":"image\/jpeg"}],"twitter_card":"summary_large_image","twitter_site":"@geostru","twitter_misc":{"Precio":"&euro;290.00 exc. IVA","Disponibilidad":"Disponible"},"schema":{"@context":"https:\/\/schema.org","@graph":[{"@type":"WebPage","@id":"https:\/\/www.geostru.eu\/es\/shop\/software-es\/formulario-geologia-geotecnica\/","url":"https:\/\/www.geostru.eu\/es\/shop\/software-es\/formulario-geologia-geotecnica\/","name":"Formulario de Geolog\u00eda y Geot\u00e9cnica - Geostru Formula","isPartOf":{"@id":"https:\/\/www.geostru.eu\/es\/#website"},"primaryImageOfPage":{"@id":"https:\/\/www.geostru.eu\/es\/shop\/software-es\/formulario-geologia-geotecnica\/#primaryimage"},"image":{"@id":"https:\/\/www.geostru.eu\/es\/shop\/software-es\/formulario-geologia-geotecnica\/#primaryimage"},"thumbnailUrl":"https:\/\/www.geostru.eu\/wp-content\/uploads\/2015\/06\/penetrometr.png","datePublished":"2015-06-03T07:03:13+00:00","dateModified":"2025-11-05T10:24:57+00:00","description":"Geostru Formula: Un instrumento pr\u00e1ctico y de gran ayuda para\u00a0el profesional. El formulario permite resolver\u00a0los problemas de clasificaci\u00f3n de suelos","breadcrumb":{"@id":"https:\/\/www.geostru.eu\/es\/shop\/software-es\/formulario-geologia-geotecnica\/#breadcrumb"},"inLanguage":"es","potentialAction":[{"@type":"ReadAction","target":["https:\/\/www.geostru.eu\/es\/shop\/software-es\/formulario-geologia-geotecnica\/"]}]},{"@type":"ImageObject","inLanguage":"es","@id":"https:\/\/www.geostru.eu\/es\/shop\/software-es\/formulario-geologia-geotecnica\/#primaryimage","url":"https:\/\/www.geostru.eu\/wp-content\/uploads\/2015\/06\/penetrometr.png","contentUrl":"https:\/\/www.geostru.eu\/wp-content\/uploads\/2015\/06\/penetrometr.png","width":1921,"height":1040},{"@type":"BreadcrumbList","@id":"https:\/\/www.geostru.eu\/es\/shop\/software-es\/formulario-geologia-geotecnica\/#breadcrumb","itemListElement":[{"@type":"ListItem","position":1,"name":"Home","item":"https:\/\/www.geostru.eu\/es\/"},{"@type":"ListItem","position":2,"name":"Shop","item":"https:\/\/www.geostru.eu\/shop\/?lang=es"},{"@type":"ListItem","position":3,"name":"Formulario de Geolog\u00eda y Geot\u00e9cnica &#8211; Geostru Formula"}]},{"@type":"WebSite","@id":"https:\/\/www.geostru.eu\/es\/#website","url":"https:\/\/www.geostru.eu\/es\/","name":"GeoStru","description":"Professionals at your service","publisher":{"@id":"https:\/\/www.geostru.eu\/es\/#organization"},"potentialAction":[{"@type":"SearchAction","target":{"@type":"EntryPoint","urlTemplate":"https:\/\/www.geostru.eu\/es\/?s={search_term_string}"},"query-input":{"@type":"PropertyValueSpecification","valueRequired":true,"valueName":"search_term_string"}}],"inLanguage":"es"},{"@type":"Organization","@id":"https:\/\/www.geostru.eu\/es\/#organization","name":"GeoStru","url":"https:\/\/www.geostru.eu\/es\/","logo":{"@type":"ImageObject","inLanguage":"es","@id":"https:\/\/www.geostru.eu\/es\/#\/schema\/logo\/image\/","url":"https:\/\/www.geostru.eu\/wp-content\/uploads\/2023\/02\/LOGO_GEOSTRU_educational_banner.png","contentUrl":"https:\/\/www.geostru.eu\/wp-content\/uploads\/2023\/02\/LOGO_GEOSTRU_educational_banner.png","width":363,"height":115,"caption":"GeoStru"},"image":{"@id":"https:\/\/www.geostru.eu\/es\/#\/schema\/logo\/image\/"},"sameAs":["https:\/\/www.facebook.com\/GeoStruSoftware\/","https:\/\/x.com\/geostru","https:\/\/www.linkedin.com\/company\/2462488\/admin\/","https:\/\/www.instagram.com\/geostru\/"]}]},"product_brand":"Software","product_price_amount":"290.00","product_price_currency":"EUR","og_availability":"instock","product_availability":"instock","product_retailer_item_id":"456","product_condition":"new"},"_links":{"self":[{"href":"https:\/\/www.geostru.eu\/es\/wp-json\/wp\/v2\/product\/98549"}],"collection":[{"href":"https:\/\/www.geostru.eu\/es\/wp-json\/wp\/v2\/product"}],"about":[{"href":"https:\/\/www.geostru.eu\/es\/wp-json\/wp\/v2\/types\/product"}],"replies":[{"embeddable":true,"href":"https:\/\/www.geostru.eu\/es\/wp-json\/wp\/v2\/comments?post=98549"}],"wp:featuredmedia":[{"embeddable":true,"href":"https:\/\/www.geostru.eu\/es\/wp-json\/wp\/v2\/media\/15309"}],"wp:attachment":[{"href":"https:\/\/www.geostru.eu\/es\/wp-json\/wp\/v2\/media?parent=98549"}],"wp:term":[{"taxonomy":"product_cat","embeddable":true,"href":"https:\/\/www.geostru.eu\/es\/wp-json\/wp\/v2\/product_cat?post=98549"},{"taxonomy":"product_tag","embeddable":true,"href":"https:\/\/www.geostru.eu\/es\/wp-json\/wp\/v2\/product_tag?post=98549"}],"curies":[{"name":"wp","href":"https:\/\/api.w.org\/{rel}","templated":true}]}}