{"id":89637,"date":"2015-11-06T10:13:53","date_gmt":"2015-11-06T08:13:53","guid":{"rendered":"https:\/\/www.geostru.eu\/shop\/sin%20categorizar\/elaborazioni-idrologiche-runoff-lab\/"},"modified":"2025-07-15T18:19:23","modified_gmt":"2025-07-15T16:19:23","slug":"procesamiento-hidrologico","status":"publish","type":"product","link":"https:\/\/www.geostru.eu\/es\/shop\/software-es\/hidrologia-e-hidraulica\/procesamiento-hidrologico\/","title":{"rendered":"Procesamiento hidrol\u00f3gico &#8211; Runoff Lab"},"content":{"rendered":"<div class=\"wpb-content-wrapper\"><p>[vc_row][vc_column][vc_column_text]<\/p>\n<p style=\"text-align: justify\"><strong>An\u00e1lisis probabil\u00edstico<\/strong><br \/>\nRunoff Lab implementa tanto la distribuci\u00f3n probabil\u00edstica de valores extremos EV1 (Gumbel) como el modelo de dos componentes (TCEV).<br \/>\nPara la estimaci\u00f3n de los par\u00e1metros de la distribuci\u00f3n de Gumbel, se dispone tanto del m\u00e9todo de los momentos como del m\u00e9todo de m\u00e1xima verosimilitud.<br \/>\nPara el modelo TCEV, se dispone tanto de estimaciones puntuales como de estimaciones regionales y mixtas con los diferentes niveles de regionalizaci\u00f3n definidos para esta distribuci\u00f3n. Los par\u00e1metros regionales pueden ser introducidos directamente por el usuario o proceder de la base de datos suministrada con la aplicaci\u00f3n, en la que est\u00e1n preintroducidos los valores de las distintas zonas del territorio italiano definidas por los informes VA.PI..<\/p>\n<p style=\"text-align: justify\"><strong>Curvas de probabilidad de precipitaciones<\/strong><br \/>\nEl c\u00e1lculo de la curva de probabilidad pluviom\u00e9trica lo realiza autom\u00e1ticamente el programa, una vez fijado el periodo de retorno, a partir de un tratamiento probabil\u00edstico. Adem\u00e1s de este modo de funcionamiento, tambi\u00e9n es posible introducir directamente los coeficientes de la curva de probabilidad de lluvia o los puntos (duraci\u00f3n, altura de lluvia) que debe interpolar la curva.<\/p>\n<p style=\"text-align: justify\"><strong>Pluvi\u00f3grafos<\/strong><br \/>\nLa precipitaci\u00f3n de entrada para el modelo de transformaci\u00f3n de entradas y salidas puede ser un pluvi\u00f3grafo de dise\u00f1o sint\u00e9tico o un pluvi\u00f3grafo observado, permitiendo as\u00ed la reconstrucci\u00f3n de eventos reales. En el primer caso, el pluvi\u00f3grafo se define fijando la duraci\u00f3n total, el intervalo de discretizaci\u00f3n y la posici\u00f3n del pico, elegidos entre tipos predefinidos o introducidos libremente por el usuario.<\/p>\n<p style=\"text-align: justify\"><strong>Transformaci\u00f3n flujo de entrada-flujo de salida<\/strong><br \/>\nLa simulaci\u00f3n de los caudales de crecida en las cuencas naturales se trata mediante el modelo hidrol\u00f3gico SCS-CN, propuesto por el Soil Conservation Service, que es capaz de simular la escorrent\u00eda superficial durante una precipitaci\u00f3n asignada.<br \/>\nPor lo que se refiere a la transformaci\u00f3n afluencia-flujo, el proceso se aborda descomponi\u00e9ndolo en las dos fases relativas a la determinaci\u00f3n de la precipitaci\u00f3n neta y a la transformaci\u00f3n de la precipitaci\u00f3n neta en escorrent\u00eda superficial.<br \/>\nLa precipitaci\u00f3n neta se calcula mediante el m\u00e9todo del n\u00famero de curvas (CN), propuesto por el SCS, en funci\u00f3n del \u00edndice CN comprendido entre 0 y 100, que es funci\u00f3n del tipo de suelo, del uso de la tierra y de las condiciones de humedad previas.<br \/>\nLa transformaci\u00f3n afluencia-afluencia se obtiene mediante la integral de convoluci\u00f3n, partiendo del pluviograma neto y de la UHI del SCS.<br \/>\nEl programa permite obtener en tiempo real el hidrograma resultante con indicaci\u00f3n del caudal horario m\u00e1ximo, la duraci\u00f3n total del evento de los vol\u00famenes de entrada y salida, el coeficiente de eflujo y el coeficiente udom\u00e9trico. Tambi\u00e9n es posible tener una respuesta visual inmediata de la sensibilidad de los distintos par\u00e1metros que intervienen en el c\u00e1lculo, observando las variaciones en el gr\u00e1fico del hidrograma a medida que cambian los propios par\u00e1metros.<\/p>\n<p>[\/vc_column_text][\/vc_column][\/vc_row]<\/p>\n<\/div>","protected":false},"excerpt":{"rendered":"<p style=\"text-align: justify\"><strong>Runoff Lab<\/strong> es una herramienta de c\u00e1lculo y an\u00e1lisis para los profesionales que tienen que ocuparse de c\u00e1lculos hidrol\u00f3gicos.<\/p>\n<p style=\"text-align: justify\">Runoff Lab realiza elaboraciones extremadamente simples e intuitivas como la interpretaci\u00f3n probabil\u00edstica de las series pluviom\u00e9tricas, el c\u00e1lculo de las curvas de probabilidad pluviom\u00e9trica, la definici\u00f3n de pluviogramas sint\u00e9ticos, la transformaci\u00f3n afluencia-caudal.<\/p>\n<p style=\"text-align: justify\">La atenci\u00f3n prestada al dise\u00f1o de la interfaz de usuario permite un programa extremadamente intuitivo y f\u00e1cil de usar: el uso de men\u00fas de navegaci\u00f3n en \u00e1rbol, la asignaci\u00f3n de relaciones entre entidades mediante simples operaciones de arrastrar y soltar, el copiar\/pegar de entidades creadas y las series ilimitadas de Deshacer\/Rehacer son \u00fanicamente algunas de las funciones que permiten una elevada curva de aprendizaje en el uso del software.<\/p>\n<blockquote><p><strong>EL PROGRAMA EST\u00c1 DISPONIBLE EN ITALIANO, PERO SE PUEDE UTILIZAR INDEPENDIENTEMENTE DE LA ZONA<\/strong><\/p><\/blockquote>\n","protected":false},"featured_media":17172,"comment_status":"open","ping_status":"closed","template":"","meta":[],"product_cat":[190],"product_tag":[4225],"class_list":{"0":"post-89637","1":"product","2":"type-product","3":"status-publish","4":"has-post-thumbnail","6":"product_cat-hidrologia-e-hidraulica","7":"product_tag-runoff-es","8":"description-off","10":"first","11":"instock","12":"downloadable","13":"virtual","14":"sold-individually","15":"taxable","16":"purchasable","17":"product-type-licensed"},"yoast_head":"<!-- This site is optimized with the Yoast SEO Premium plugin v25.0 (Yoast SEO v25.0) - https:\/\/yoast.com\/wordpress\/plugins\/seo\/ -->\n<title>Procesamiento hidrol\u00f3gico - Runoff Lab - GeoStru<\/title>\n<meta name=\"description\" content=\"Procesamiento hidrol\u00f3gico-Runoff Lab es una herramienta de c\u00e1lculo y an\u00e1lisis destinada a los profesionales que deben ocuparse del tratamiento hidrol\u00f3gico.\" \/>\n<meta name=\"robots\" content=\"index, follow, max-snippet:-1, max-image-preview:large, max-video-preview:-1\" \/>\n<link rel=\"canonical\" href=\"https:\/\/www.geostru.eu\/es\/shop\/software-es\/hidrologia-e-hidraulica\/procesamiento-hidrologico\/\" \/>\n<meta property=\"og:locale\" content=\"es_ES\" \/>\n<meta property=\"og:type\" content=\"article\" \/>\n<meta property=\"og:title\" content=\"Procesamiento hidrol\u00f3gico - Runoff Lab\" \/>\n<meta property=\"og:description\" content=\"Procesamiento hidrol\u00f3gico-Runoff Lab es una herramienta de c\u00e1lculo y an\u00e1lisis destinada a los profesionales que deben ocuparse del tratamiento hidrol\u00f3gico.\" \/>\n<meta property=\"og:url\" content=\"https:\/\/www.geostru.eu\/es\/shop\/software-es\/hidrologia-e-hidraulica\/procesamiento-hidrologico\/\" \/>\n<meta property=\"og:site_name\" content=\"GeoStru\" \/>\n<meta property=\"article:publisher\" content=\"https:\/\/www.facebook.com\/GeoStruSoftware\/\" \/>\n<meta property=\"article:modified_time\" content=\"2025-07-15T16:19:23+00:00\" \/>\n<meta property=\"og:image\" content=\"https:\/\/www.geostru.eu\/wp-content\/uploads\/2015\/11\/run.jpg\" \/>\n\t<meta property=\"og:image:width\" content=\"1920\" \/>\n\t<meta property=\"og:image:height\" content=\"1040\" \/>\n\t<meta property=\"og:image:type\" content=\"image\/jpeg\" \/>\n<meta name=\"twitter:card\" content=\"summary_large_image\" \/>\n<meta name=\"twitter:site\" content=\"@geostru\" \/>\n<meta name=\"twitter:label1\" content=\"Precio\" \/>\n\t<meta name=\"twitter:data1\" content=\"&euro;390.00 exc. IVA\" \/>\n\t<meta name=\"twitter:label2\" content=\"Disponibilidad\" \/>\n\t<meta name=\"twitter:data2\" content=\"Disponible\" \/>\n<script type=\"application\/ld+json\" class=\"yoast-schema-graph\">{\"@context\":\"https:\/\/schema.org\",\"@graph\":[{\"@type\":\"WebPage\",\"@id\":\"https:\/\/www.geostru.eu\/es\/shop\/software-es\/hidrologia-e-hidraulica\/procesamiento-hidrologico\/\",\"url\":\"https:\/\/www.geostru.eu\/es\/shop\/software-es\/hidrologia-e-hidraulica\/procesamiento-hidrologico\/\",\"name\":\"Procesamiento hidrol\u00f3gico - Runoff Lab - GeoStru\",\"isPartOf\":{\"@id\":\"https:\/\/www.geostru.eu\/es\/#website\"},\"primaryImageOfPage\":{\"@id\":\"https:\/\/www.geostru.eu\/es\/shop\/software-es\/hidrologia-e-hidraulica\/procesamiento-hidrologico\/#primaryimage\"},\"image\":{\"@id\":\"https:\/\/www.geostru.eu\/es\/shop\/software-es\/hidrologia-e-hidraulica\/procesamiento-hidrologico\/#primaryimage\"},\"thumbnailUrl\":\"https:\/\/www.geostru.eu\/wp-content\/uploads\/2015\/11\/run.jpg\",\"datePublished\":\"2015-11-06T08:13:53+00:00\",\"dateModified\":\"2025-07-15T16:19:23+00:00\",\"description\":\"Procesamiento hidrol\u00f3gico-Runoff Lab es una herramienta de c\u00e1lculo y an\u00e1lisis destinada a los profesionales que deben ocuparse del tratamiento hidrol\u00f3gico.\",\"breadcrumb\":{\"@id\":\"https:\/\/www.geostru.eu\/es\/shop\/software-es\/hidrologia-e-hidraulica\/procesamiento-hidrologico\/#breadcrumb\"},\"inLanguage\":\"es\",\"potentialAction\":[{\"@type\":\"ReadAction\",\"target\":[\"https:\/\/www.geostru.eu\/es\/shop\/software-es\/hidrologia-e-hidraulica\/procesamiento-hidrologico\/\"]}]},{\"@type\":\"ImageObject\",\"inLanguage\":\"es\",\"@id\":\"https:\/\/www.geostru.eu\/es\/shop\/software-es\/hidrologia-e-hidraulica\/procesamiento-hidrologico\/#primaryimage\",\"url\":\"https:\/\/www.geostru.eu\/wp-content\/uploads\/2015\/11\/run.jpg\",\"contentUrl\":\"https:\/\/www.geostru.eu\/wp-content\/uploads\/2015\/11\/run.jpg\",\"width\":1920,\"height\":1040},{\"@type\":\"BreadcrumbList\",\"@id\":\"https:\/\/www.geostru.eu\/es\/shop\/software-es\/hidrologia-e-hidraulica\/procesamiento-hidrologico\/#breadcrumb\",\"itemListElement\":[{\"@type\":\"ListItem\",\"position\":1,\"name\":\"Home\",\"item\":\"https:\/\/www.geostru.eu\/es\/\"},{\"@type\":\"ListItem\",\"position\":2,\"name\":\"Shop\",\"item\":\"https:\/\/www.geostru.eu\/shop\/?lang=es\"},{\"@type\":\"ListItem\",\"position\":3,\"name\":\"Procesamiento hidrol\u00f3gico &#8211; Runoff Lab\"}]},{\"@type\":\"WebSite\",\"@id\":\"https:\/\/www.geostru.eu\/es\/#website\",\"url\":\"https:\/\/www.geostru.eu\/es\/\",\"name\":\"GeoStru\",\"description\":\"Professionals at your service\",\"publisher\":{\"@id\":\"https:\/\/www.geostru.eu\/es\/#organization\"},\"potentialAction\":[{\"@type\":\"SearchAction\",\"target\":{\"@type\":\"EntryPoint\",\"urlTemplate\":\"https:\/\/www.geostru.eu\/es\/?s={search_term_string}\"},\"query-input\":{\"@type\":\"PropertyValueSpecification\",\"valueRequired\":true,\"valueName\":\"search_term_string\"}}],\"inLanguage\":\"es\"},{\"@type\":\"Organization\",\"@id\":\"https:\/\/www.geostru.eu\/es\/#organization\",\"name\":\"GeoStru\",\"url\":\"https:\/\/www.geostru.eu\/es\/\",\"logo\":{\"@type\":\"ImageObject\",\"inLanguage\":\"es\",\"@id\":\"https:\/\/www.geostru.eu\/es\/#\/schema\/logo\/image\/\",\"url\":\"https:\/\/www.geostru.eu\/wp-content\/uploads\/2023\/02\/LOGO_GEOSTRU_educational_banner.png\",\"contentUrl\":\"https:\/\/www.geostru.eu\/wp-content\/uploads\/2023\/02\/LOGO_GEOSTRU_educational_banner.png\",\"width\":363,\"height\":115,\"caption\":\"GeoStru\"},\"image\":{\"@id\":\"https:\/\/www.geostru.eu\/es\/#\/schema\/logo\/image\/\"},\"sameAs\":[\"https:\/\/www.facebook.com\/GeoStruSoftware\/\",\"https:\/\/x.com\/geostru\",\"https:\/\/www.linkedin.com\/company\/2462488\/admin\/\",\"https:\/\/www.instagram.com\/geostru\/\"]}]}<\/script>\n<meta property=\"product:brand\" content=\"Hidrolog\u00eda e Hidr\u00e1ulica\" \/>\n<meta property=\"product:price:amount\" content=\"390.00\" \/>\n<meta property=\"product:price:currency\" content=\"EUR\" \/>\n<meta property=\"og:availability\" content=\"instock\" \/>\n<meta property=\"product:availability\" content=\"instock\" \/>\n<meta property=\"product:retailer_item_id\" content=\"24\" \/>\n<meta property=\"product:condition\" content=\"new\" \/>\n<!-- \/ Yoast SEO Premium plugin. -->","yoast_head_json":{"title":"Procesamiento hidrol\u00f3gico - Runoff Lab - GeoStru","description":"Procesamiento hidrol\u00f3gico-Runoff Lab es una herramienta de c\u00e1lculo y an\u00e1lisis destinada a los profesionales que deben ocuparse del tratamiento hidrol\u00f3gico.","robots":{"index":"index","follow":"follow","max-snippet":"max-snippet:-1","max-image-preview":"max-image-preview:large","max-video-preview":"max-video-preview:-1"},"canonical":"https:\/\/www.geostru.eu\/es\/shop\/software-es\/hidrologia-e-hidraulica\/procesamiento-hidrologico\/","og_locale":"es_ES","og_type":"article","og_title":"Procesamiento hidrol\u00f3gico - Runoff Lab","og_description":"Procesamiento hidrol\u00f3gico-Runoff Lab es una herramienta de c\u00e1lculo y an\u00e1lisis destinada a los profesionales que deben ocuparse del tratamiento hidrol\u00f3gico.","og_url":"https:\/\/www.geostru.eu\/es\/shop\/software-es\/hidrologia-e-hidraulica\/procesamiento-hidrologico\/","og_site_name":"GeoStru","article_publisher":"https:\/\/www.facebook.com\/GeoStruSoftware\/","article_modified_time":"2025-07-15T16:19:23+00:00","og_image":[{"width":1920,"height":1040,"url":"https:\/\/www.geostru.eu\/wp-content\/uploads\/2015\/11\/run.jpg","type":"image\/jpeg"}],"twitter_card":"summary_large_image","twitter_site":"@geostru","twitter_misc":{"Precio":"&euro;390.00 exc. IVA","Disponibilidad":"Disponible"},"schema":{"@context":"https:\/\/schema.org","@graph":[{"@type":"WebPage","@id":"https:\/\/www.geostru.eu\/es\/shop\/software-es\/hidrologia-e-hidraulica\/procesamiento-hidrologico\/","url":"https:\/\/www.geostru.eu\/es\/shop\/software-es\/hidrologia-e-hidraulica\/procesamiento-hidrologico\/","name":"Procesamiento hidrol\u00f3gico - Runoff Lab - GeoStru","isPartOf":{"@id":"https:\/\/www.geostru.eu\/es\/#website"},"primaryImageOfPage":{"@id":"https:\/\/www.geostru.eu\/es\/shop\/software-es\/hidrologia-e-hidraulica\/procesamiento-hidrologico\/#primaryimage"},"image":{"@id":"https:\/\/www.geostru.eu\/es\/shop\/software-es\/hidrologia-e-hidraulica\/procesamiento-hidrologico\/#primaryimage"},"thumbnailUrl":"https:\/\/www.geostru.eu\/wp-content\/uploads\/2015\/11\/run.jpg","datePublished":"2015-11-06T08:13:53+00:00","dateModified":"2025-07-15T16:19:23+00:00","description":"Procesamiento hidrol\u00f3gico-Runoff Lab es una herramienta de c\u00e1lculo y an\u00e1lisis destinada a los profesionales que deben ocuparse del tratamiento hidrol\u00f3gico.","breadcrumb":{"@id":"https:\/\/www.geostru.eu\/es\/shop\/software-es\/hidrologia-e-hidraulica\/procesamiento-hidrologico\/#breadcrumb"},"inLanguage":"es","potentialAction":[{"@type":"ReadAction","target":["https:\/\/www.geostru.eu\/es\/shop\/software-es\/hidrologia-e-hidraulica\/procesamiento-hidrologico\/"]}]},{"@type":"ImageObject","inLanguage":"es","@id":"https:\/\/www.geostru.eu\/es\/shop\/software-es\/hidrologia-e-hidraulica\/procesamiento-hidrologico\/#primaryimage","url":"https:\/\/www.geostru.eu\/wp-content\/uploads\/2015\/11\/run.jpg","contentUrl":"https:\/\/www.geostru.eu\/wp-content\/uploads\/2015\/11\/run.jpg","width":1920,"height":1040},{"@type":"BreadcrumbList","@id":"https:\/\/www.geostru.eu\/es\/shop\/software-es\/hidrologia-e-hidraulica\/procesamiento-hidrologico\/#breadcrumb","itemListElement":[{"@type":"ListItem","position":1,"name":"Home","item":"https:\/\/www.geostru.eu\/es\/"},{"@type":"ListItem","position":2,"name":"Shop","item":"https:\/\/www.geostru.eu\/shop\/?lang=es"},{"@type":"ListItem","position":3,"name":"Procesamiento hidrol\u00f3gico &#8211; Runoff Lab"}]},{"@type":"WebSite","@id":"https:\/\/www.geostru.eu\/es\/#website","url":"https:\/\/www.geostru.eu\/es\/","name":"GeoStru","description":"Professionals at your service","publisher":{"@id":"https:\/\/www.geostru.eu\/es\/#organization"},"potentialAction":[{"@type":"SearchAction","target":{"@type":"EntryPoint","urlTemplate":"https:\/\/www.geostru.eu\/es\/?s={search_term_string}"},"query-input":{"@type":"PropertyValueSpecification","valueRequired":true,"valueName":"search_term_string"}}],"inLanguage":"es"},{"@type":"Organization","@id":"https:\/\/www.geostru.eu\/es\/#organization","name":"GeoStru","url":"https:\/\/www.geostru.eu\/es\/","logo":{"@type":"ImageObject","inLanguage":"es","@id":"https:\/\/www.geostru.eu\/es\/#\/schema\/logo\/image\/","url":"https:\/\/www.geostru.eu\/wp-content\/uploads\/2023\/02\/LOGO_GEOSTRU_educational_banner.png","contentUrl":"https:\/\/www.geostru.eu\/wp-content\/uploads\/2023\/02\/LOGO_GEOSTRU_educational_banner.png","width":363,"height":115,"caption":"GeoStru"},"image":{"@id":"https:\/\/www.geostru.eu\/es\/#\/schema\/logo\/image\/"},"sameAs":["https:\/\/www.facebook.com\/GeoStruSoftware\/","https:\/\/x.com\/geostru","https:\/\/www.linkedin.com\/company\/2462488\/admin\/","https:\/\/www.instagram.com\/geostru\/"]}]},"product_brand":"Hidrolog\u00eda e Hidr\u00e1ulica","product_price_amount":"390.00","product_price_currency":"EUR","og_availability":"instock","product_availability":"instock","product_retailer_item_id":"24","product_condition":"new"},"_links":{"self":[{"href":"https:\/\/www.geostru.eu\/es\/wp-json\/wp\/v2\/product\/89637"}],"collection":[{"href":"https:\/\/www.geostru.eu\/es\/wp-json\/wp\/v2\/product"}],"about":[{"href":"https:\/\/www.geostru.eu\/es\/wp-json\/wp\/v2\/types\/product"}],"replies":[{"embeddable":true,"href":"https:\/\/www.geostru.eu\/es\/wp-json\/wp\/v2\/comments?post=89637"}],"wp:featuredmedia":[{"embeddable":true,"href":"https:\/\/www.geostru.eu\/es\/wp-json\/wp\/v2\/media\/17172"}],"wp:attachment":[{"href":"https:\/\/www.geostru.eu\/es\/wp-json\/wp\/v2\/media?parent=89637"}],"wp:term":[{"taxonomy":"product_cat","embeddable":true,"href":"https:\/\/www.geostru.eu\/es\/wp-json\/wp\/v2\/product_cat?post=89637"},{"taxonomy":"product_tag","embeddable":true,"href":"https:\/\/www.geostru.eu\/es\/wp-json\/wp\/v2\/product_tag?post=89637"}],"curies":[{"name":"wp","href":"https:\/\/api.w.org\/{rel}","templated":true}]}}