{"id":89425,"date":"2018-03-31T07:12:26","date_gmt":"2018-03-31T05:12:26","guid":{"rendered":"https:\/\/www.geostru.eu\/shop\/sin%20categorizar\/stratigrapher-3d-2\/"},"modified":"2025-05-30T12:37:44","modified_gmt":"2025-05-30T10:37:44","slug":"modelado-geologico-3d","status":"publish","type":"product","link":"https:\/\/www.geostru.eu\/es\/shop\/software-es\/modelado-geologico-3d\/","title":{"rendered":"Modelado geol\u00f3gico 3D \u2013 GM3D"},"content":{"rendered":"<p>Con la definici\u00f3n de los sondeos, los cuales se pueden importar (o editar) y colocar en la planimetr\u00eda, es posible llevar a cabo la reconstrucci\u00f3n tridimensional geol\u00f3gico-t\u00e9cnica del subsuelo.<\/p>\n<p>El algoritmo para generar la estratigraf\u00eda 3D se sintetiza en los siguientes pasos:<\/p>\n<p>1. Se efect\u00faa una triangulaci\u00f3n del conjunto de los puntos constituidos por la uni\u00f3n de los puntos de la superficie topogr\u00e1fica y de las colocaciones de los sondeos definidos;<br \/>\n2. Se selecciona el sondeo Master;<br \/>\n3. Se fija el sondeo Master como estrato activo para el primer estrato;<br \/>\n4. Se conectan, en la m\u00e9trica de uni\u00f3n definida por la triangulaci\u00f3n de los puntos, todos los sondeos para los cuales el primer estrato sin procesar tiene terreno igual al del estrato activo<br \/>\nmaster;<br \/>\n5. Una vez conectados todos los perfiles estratigr\u00e1ficos, se pasa al estrato sucesivo del sondeo master y se repite la operaci\u00f3n del punto 4.<\/p>\n<blockquote><p>Los sondeos se pueden importar desde: archivos de texto TXT, AGS4 (Standard BIM), EDP conocido formato de intercambio datos GEOSTRU<br \/>\nDespu\u00e9s de la elaboraci\u00f3n del modelo 3D, se pueden crear secciones bidimensionales y las mismas se pueden exportar para elaboraciones sucesivas en diferentes casos, tales como: an\u00e1lisis de estabilidad, mec\u00e1nica de rocas, etc.<\/p><\/blockquote>\n","protected":false},"excerpt":{"rendered":"<p style=\"text-align: justify\"><strong>Modelado geol\u00f3gico 3D \u2013 GM3D<\/strong> software para el modelado BIM geol\u00f3gico y geot\u00e9cnico 2D-3D. En estos videos <a href=\"https:\/\/youtu.be\/7pYRRH93eQE\" target=\"_blank\" rel=\"noopener\">1<\/a> &amp; <a href=\"https:\/\/youtu.be\/Wdzxm-Ir9Ik\" target=\"_blank\" rel=\"noopener\">2<\/a> se presentan algunas de las funciones del software.<br \/>\nGM3D permite la importaci\u00f3n de datos desde: ags, ifc, dxf, obj, fbx, 3ds, c4d, dwg, csv, sondeos, pruebas de penetraci\u00f3n est\u00e1tica y din\u00e1mica, pruebas geof\u00edsicas y la creaci\u00f3n de secciones, 2D y 3D.<\/p>\n","protected":false},"featured_media":127608,"comment_status":"closed","ping_status":"closed","template":"","meta":[],"product_cat":[191,529,185,203,187],"product_tag":[1722,1723],"class_list":{"0":"post-89425","1":"product","2":"type-product","3":"status-publish","4":"has-post-thumbnail","6":"product_cat-software-es","7":"product_cat-software-geologia-es","8":"product_cat-geotecnia-y-geologia","9":"product_cat-ensayos-in-situ","10":"product_cat-geofisica-es","11":"product_tag-3d-modelling-es","12":"product_tag-stratigrapher-3d-es","13":"description-off","15":"first","16":"instock","17":"downloadable","18":"virtual","19":"sold-individually","20":"taxable","21":"purchasable","22":"product-type-licensed"},"yoast_head":"<!-- This site is optimized with the Yoast SEO Premium plugin v25.0 (Yoast SEO v25.0) - https:\/\/yoast.com\/wordpress\/plugins\/seo\/ -->\n<title>Modelado geol\u00f3gico 3D \u2013 GM3D - GeoStru<\/title>\n<meta name=\"description\" content=\"Modellazione geologica e geotecnica 3D - GM3D\u00a0software per la modellazione BIM geologica e geotecnica 2D-3D.\u00a0 GM3D tramite sofisticati algoritmi di modellazione 3D digitale ricostruisce il modello stratigrafico tridimensionale del sottosuolo. GM3D consente di importare i sondaggi da: prove penetrometriche statiche e dinamiche, prove geofisiche e di creare sezioni 2D e 3D.\" \/>\n<meta name=\"robots\" content=\"index, follow, max-snippet:-1, max-image-preview:large, max-video-preview:-1\" \/>\n<link rel=\"canonical\" href=\"https:\/\/www.geostru.eu\/es\/shop\/software-es\/modelado-geologico-3d\/\" \/>\n<meta property=\"og:locale\" content=\"es_ES\" \/>\n<meta property=\"og:type\" content=\"article\" \/>\n<meta property=\"og:title\" content=\"Modelado geol\u00f3gico 3D \u2013 Stratigrapher 3D\" \/>\n<meta property=\"og:description\" content=\"Software para el modelado BIM geol\u00f3gico y geot\u00e9cnico 2D-3D. En este video se presentan algunas de las funciones del software.\" \/>\n<meta property=\"og:url\" content=\"https:\/\/www.geostru.eu\/es\/shop\/software-es\/modelado-geologico-3d\/\" \/>\n<meta property=\"og:site_name\" content=\"GeoStru\" \/>\n<meta property=\"article:publisher\" content=\"https:\/\/www.facebook.com\/GeoStruSoftware\/\" \/>\n<meta property=\"article:modified_time\" content=\"2025-05-30T10:37:44+00:00\" \/>\n<meta property=\"og:image\" content=\"https:\/\/www.geostru.eu\/wp-content\/uploads\/2018\/03\/strat3d.gif\" \/>\n\t<meta property=\"og:image:width\" content=\"1636\" \/>\n\t<meta property=\"og:image:height\" content=\"841\" \/>\n\t<meta property=\"og:image:type\" content=\"image\/gif\" \/>\n<meta name=\"twitter:card\" content=\"summary_large_image\" \/>\n<meta name=\"twitter:title\" content=\"Modelado geol\u00f3gico 3D \u2013 GM3D\" \/>\n<meta name=\"twitter:site\" content=\"@geostru\" \/>\n<meta name=\"twitter:label1\" content=\"Precio\" \/>\n\t<meta name=\"twitter:data1\" content=\"&euro;590.00 exc. IVA\" \/>\n\t<meta name=\"twitter:label2\" content=\"Disponibilidad\" \/>\n\t<meta name=\"twitter:data2\" content=\"Disponible\" \/>\n<script type=\"application\/ld+json\" class=\"yoast-schema-graph\">{\"@context\":\"https:\/\/schema.org\",\"@graph\":[{\"@type\":\"WebPage\",\"@id\":\"https:\/\/www.geostru.eu\/es\/shop\/software-es\/modelado-geologico-3d\/\",\"url\":\"https:\/\/www.geostru.eu\/es\/shop\/software-es\/modelado-geologico-3d\/\",\"name\":\"Modelado geol\u00f3gico 3D \u2013 GM3D - GeoStru\",\"isPartOf\":{\"@id\":\"https:\/\/www.geostru.eu\/es\/#website\"},\"primaryImageOfPage\":{\"@id\":\"https:\/\/www.geostru.eu\/es\/shop\/software-es\/modelado-geologico-3d\/#primaryimage\"},\"image\":{\"@id\":\"https:\/\/www.geostru.eu\/es\/shop\/software-es\/modelado-geologico-3d\/#primaryimage\"},\"thumbnailUrl\":\"https:\/\/www.geostru.eu\/wp-content\/uploads\/2018\/03\/screen1_gm3d_es.png\",\"datePublished\":\"2018-03-31T05:12:26+00:00\",\"dateModified\":\"2025-05-30T10:37:44+00:00\",\"description\":\"Modellazione geologica e geotecnica 3D - GM3D\u00a0software per la modellazione BIM geologica e geotecnica 2D-3D.\u00a0 GM3D tramite sofisticati algoritmi di modellazione 3D digitale ricostruisce il modello stratigrafico tridimensionale del sottosuolo. GM3D consente di importare i sondaggi da: prove penetrometriche statiche e dinamiche, prove geofisiche e di creare sezioni 2D e 3D.\",\"breadcrumb\":{\"@id\":\"https:\/\/www.geostru.eu\/es\/shop\/software-es\/modelado-geologico-3d\/#breadcrumb\"},\"inLanguage\":\"es\",\"potentialAction\":[{\"@type\":\"ReadAction\",\"target\":[\"https:\/\/www.geostru.eu\/es\/shop\/software-es\/modelado-geologico-3d\/\"]}]},{\"@type\":\"ImageObject\",\"inLanguage\":\"es\",\"@id\":\"https:\/\/www.geostru.eu\/es\/shop\/software-es\/modelado-geologico-3d\/#primaryimage\",\"url\":\"https:\/\/www.geostru.eu\/wp-content\/uploads\/2018\/03\/screen1_gm3d_es.png\",\"contentUrl\":\"https:\/\/www.geostru.eu\/wp-content\/uploads\/2018\/03\/screen1_gm3d_es.png\",\"width\":1920,\"height\":1080},{\"@type\":\"BreadcrumbList\",\"@id\":\"https:\/\/www.geostru.eu\/es\/shop\/software-es\/modelado-geologico-3d\/#breadcrumb\",\"itemListElement\":[{\"@type\":\"ListItem\",\"position\":1,\"name\":\"Home\",\"item\":\"https:\/\/www.geostru.eu\/es\/\"},{\"@type\":\"ListItem\",\"position\":2,\"name\":\"Shop\",\"item\":\"https:\/\/www.geostru.eu\/shop\/?lang=es\"},{\"@type\":\"ListItem\",\"position\":3,\"name\":\"Modelado geol\u00f3gico 3D \u2013 GM3D\"}]},{\"@type\":\"WebSite\",\"@id\":\"https:\/\/www.geostru.eu\/es\/#website\",\"url\":\"https:\/\/www.geostru.eu\/es\/\",\"name\":\"GeoStru\",\"description\":\"Professionals at your service\",\"publisher\":{\"@id\":\"https:\/\/www.geostru.eu\/es\/#organization\"},\"potentialAction\":[{\"@type\":\"SearchAction\",\"target\":{\"@type\":\"EntryPoint\",\"urlTemplate\":\"https:\/\/www.geostru.eu\/es\/?s={search_term_string}\"},\"query-input\":{\"@type\":\"PropertyValueSpecification\",\"valueRequired\":true,\"valueName\":\"search_term_string\"}}],\"inLanguage\":\"es\"},{\"@type\":\"Organization\",\"@id\":\"https:\/\/www.geostru.eu\/es\/#organization\",\"name\":\"GeoStru\",\"url\":\"https:\/\/www.geostru.eu\/es\/\",\"logo\":{\"@type\":\"ImageObject\",\"inLanguage\":\"es\",\"@id\":\"https:\/\/www.geostru.eu\/es\/#\/schema\/logo\/image\/\",\"url\":\"https:\/\/www.geostru.eu\/wp-content\/uploads\/2023\/02\/LOGO_GEOSTRU_educational_banner.png\",\"contentUrl\":\"https:\/\/www.geostru.eu\/wp-content\/uploads\/2023\/02\/LOGO_GEOSTRU_educational_banner.png\",\"width\":363,\"height\":115,\"caption\":\"GeoStru\"},\"image\":{\"@id\":\"https:\/\/www.geostru.eu\/es\/#\/schema\/logo\/image\/\"},\"sameAs\":[\"https:\/\/www.facebook.com\/GeoStruSoftware\/\",\"https:\/\/x.com\/geostru\",\"https:\/\/www.linkedin.com\/company\/2462488\/admin\/\",\"https:\/\/www.instagram.com\/geostru\/\"]}]}<\/script>\n<meta property=\"product:brand\" content=\"Software\" \/>\n<meta property=\"product:price:amount\" content=\"590.00\" \/>\n<meta property=\"product:price:currency\" content=\"EUR\" \/>\n<meta property=\"og:availability\" content=\"instock\" \/>\n<meta property=\"product:availability\" content=\"instock\" \/>\n<meta property=\"product:retailer_item_id\" content=\"84\" \/>\n<meta property=\"product:condition\" content=\"new\" \/>\n<!-- \/ Yoast SEO Premium plugin. -->","yoast_head_json":{"title":"Modelado geol\u00f3gico 3D \u2013 GM3D - GeoStru","description":"Modellazione geologica e geotecnica 3D - GM3D\u00a0software per la modellazione BIM geologica e geotecnica 2D-3D.\u00a0 GM3D tramite sofisticati algoritmi di modellazione 3D digitale ricostruisce il modello stratigrafico tridimensionale del sottosuolo. GM3D consente di importare i sondaggi da: prove penetrometriche statiche e dinamiche, prove geofisiche e di creare sezioni 2D e 3D.","robots":{"index":"index","follow":"follow","max-snippet":"max-snippet:-1","max-image-preview":"max-image-preview:large","max-video-preview":"max-video-preview:-1"},"canonical":"https:\/\/www.geostru.eu\/es\/shop\/software-es\/modelado-geologico-3d\/","og_locale":"es_ES","og_type":"article","og_title":"Modelado geol\u00f3gico 3D \u2013 Stratigrapher 3D","og_description":"Software para el modelado BIM geol\u00f3gico y geot\u00e9cnico 2D-3D. En este video se presentan algunas de las funciones del software.","og_url":"https:\/\/www.geostru.eu\/es\/shop\/software-es\/modelado-geologico-3d\/","og_site_name":"GeoStru","article_publisher":"https:\/\/www.facebook.com\/GeoStruSoftware\/","article_modified_time":"2025-05-30T10:37:44+00:00","og_image":[{"width":1636,"height":841,"url":"https:\/\/www.geostru.eu\/wp-content\/uploads\/2018\/03\/strat3d.gif","type":"image\/gif"}],"twitter_card":"summary_large_image","twitter_title":"Modelado geol\u00f3gico 3D \u2013 GM3D","twitter_site":"@geostru","twitter_misc":{"Precio":"&euro;590.00 exc. IVA","Disponibilidad":"Disponible"},"schema":{"@context":"https:\/\/schema.org","@graph":[{"@type":"WebPage","@id":"https:\/\/www.geostru.eu\/es\/shop\/software-es\/modelado-geologico-3d\/","url":"https:\/\/www.geostru.eu\/es\/shop\/software-es\/modelado-geologico-3d\/","name":"Modelado geol\u00f3gico 3D \u2013 GM3D - GeoStru","isPartOf":{"@id":"https:\/\/www.geostru.eu\/es\/#website"},"primaryImageOfPage":{"@id":"https:\/\/www.geostru.eu\/es\/shop\/software-es\/modelado-geologico-3d\/#primaryimage"},"image":{"@id":"https:\/\/www.geostru.eu\/es\/shop\/software-es\/modelado-geologico-3d\/#primaryimage"},"thumbnailUrl":"https:\/\/www.geostru.eu\/wp-content\/uploads\/2018\/03\/screen1_gm3d_es.png","datePublished":"2018-03-31T05:12:26+00:00","dateModified":"2025-05-30T10:37:44+00:00","description":"Modellazione geologica e geotecnica 3D - GM3D\u00a0software per la modellazione BIM geologica e geotecnica 2D-3D.\u00a0 GM3D tramite sofisticati algoritmi di modellazione 3D digitale ricostruisce il modello stratigrafico tridimensionale del sottosuolo. GM3D consente di importare i sondaggi da: prove penetrometriche statiche e dinamiche, prove geofisiche e di creare sezioni 2D e 3D.","breadcrumb":{"@id":"https:\/\/www.geostru.eu\/es\/shop\/software-es\/modelado-geologico-3d\/#breadcrumb"},"inLanguage":"es","potentialAction":[{"@type":"ReadAction","target":["https:\/\/www.geostru.eu\/es\/shop\/software-es\/modelado-geologico-3d\/"]}]},{"@type":"ImageObject","inLanguage":"es","@id":"https:\/\/www.geostru.eu\/es\/shop\/software-es\/modelado-geologico-3d\/#primaryimage","url":"https:\/\/www.geostru.eu\/wp-content\/uploads\/2018\/03\/screen1_gm3d_es.png","contentUrl":"https:\/\/www.geostru.eu\/wp-content\/uploads\/2018\/03\/screen1_gm3d_es.png","width":1920,"height":1080},{"@type":"BreadcrumbList","@id":"https:\/\/www.geostru.eu\/es\/shop\/software-es\/modelado-geologico-3d\/#breadcrumb","itemListElement":[{"@type":"ListItem","position":1,"name":"Home","item":"https:\/\/www.geostru.eu\/es\/"},{"@type":"ListItem","position":2,"name":"Shop","item":"https:\/\/www.geostru.eu\/shop\/?lang=es"},{"@type":"ListItem","position":3,"name":"Modelado geol\u00f3gico 3D \u2013 GM3D"}]},{"@type":"WebSite","@id":"https:\/\/www.geostru.eu\/es\/#website","url":"https:\/\/www.geostru.eu\/es\/","name":"GeoStru","description":"Professionals at your service","publisher":{"@id":"https:\/\/www.geostru.eu\/es\/#organization"},"potentialAction":[{"@type":"SearchAction","target":{"@type":"EntryPoint","urlTemplate":"https:\/\/www.geostru.eu\/es\/?s={search_term_string}"},"query-input":{"@type":"PropertyValueSpecification","valueRequired":true,"valueName":"search_term_string"}}],"inLanguage":"es"},{"@type":"Organization","@id":"https:\/\/www.geostru.eu\/es\/#organization","name":"GeoStru","url":"https:\/\/www.geostru.eu\/es\/","logo":{"@type":"ImageObject","inLanguage":"es","@id":"https:\/\/www.geostru.eu\/es\/#\/schema\/logo\/image\/","url":"https:\/\/www.geostru.eu\/wp-content\/uploads\/2023\/02\/LOGO_GEOSTRU_educational_banner.png","contentUrl":"https:\/\/www.geostru.eu\/wp-content\/uploads\/2023\/02\/LOGO_GEOSTRU_educational_banner.png","width":363,"height":115,"caption":"GeoStru"},"image":{"@id":"https:\/\/www.geostru.eu\/es\/#\/schema\/logo\/image\/"},"sameAs":["https:\/\/www.facebook.com\/GeoStruSoftware\/","https:\/\/x.com\/geostru","https:\/\/www.linkedin.com\/company\/2462488\/admin\/","https:\/\/www.instagram.com\/geostru\/"]}]},"product_brand":"Software","product_price_amount":"590.00","product_price_currency":"EUR","og_availability":"instock","product_availability":"instock","product_retailer_item_id":"84","product_condition":"new"},"_links":{"self":[{"href":"https:\/\/www.geostru.eu\/es\/wp-json\/wp\/v2\/product\/89425"}],"collection":[{"href":"https:\/\/www.geostru.eu\/es\/wp-json\/wp\/v2\/product"}],"about":[{"href":"https:\/\/www.geostru.eu\/es\/wp-json\/wp\/v2\/types\/product"}],"replies":[{"embeddable":true,"href":"https:\/\/www.geostru.eu\/es\/wp-json\/wp\/v2\/comments?post=89425"}],"wp:featuredmedia":[{"embeddable":true,"href":"https:\/\/www.geostru.eu\/es\/wp-json\/wp\/v2\/media\/127608"}],"wp:attachment":[{"href":"https:\/\/www.geostru.eu\/es\/wp-json\/wp\/v2\/media?parent=89425"}],"wp:term":[{"taxonomy":"product_cat","embeddable":true,"href":"https:\/\/www.geostru.eu\/es\/wp-json\/wp\/v2\/product_cat?post=89425"},{"taxonomy":"product_tag","embeddable":true,"href":"https:\/\/www.geostru.eu\/es\/wp-json\/wp\/v2\/product_tag?post=89425"}],"curies":[{"name":"wp","href":"https:\/\/api.w.org\/{rel}","templated":true}]}}