{"id":79855,"date":"2022-06-02T17:04:07","date_gmt":"2022-06-02T15:04:07","guid":{"rendered":"https:\/\/www.geostru.eu\/shop\/sin%20categorizar\/calcolo-di-sezioni-in-cemento-armato\/"},"modified":"2025-07-12T18:21:08","modified_gmt":"2025-07-12T16:21:08","slug":"calcolo-di-sezioni-in-cemento-armato","status":"publish","type":"product","link":"https:\/\/www.geostru.eu\/es\/shop\/software-es\/calcolo-di-sezioni-in-cemento-armato\/","title":{"rendered":"Calcolo di sezioni in Cemento Armato &#8211; RC-SEC &#8211;  IT"},"content":{"rendered":"<div class=\"wpb-content-wrapper\"><p>[vc_row][vc_column][vc_column_text]<\/p>\n<p style=\"text-align: justify\">In conformit\u00e0 alle nuove regole di progettazione delle NTC 2018 non sono pi\u00f9 previste le verifiche di resistenza alle tensioni ammissibili.<\/p>\n<p style=\"text-align: justify\">Dette verifiche, con riferimento ai momenti flettenti resistenti, possono essere condotte a seconda dei casi nelle seguenti due modalit\u00e0:<\/p>\n<p style=\"text-align: justify;padding-left: 40px\">&#8211; <strong>stato limite ultimo (SLU)<\/strong> per tutte le combinazioni non sismiche mentre per le combinazioni sismiche possono essere svolte solo per travi, pilastri e pareti di strutture calcolate come dissipative (con classe di duttilit\u00e0 CD\u2019A\u2019 o CD\u2019B\u2019); sono escluse da questa modalit\u00e0 tutte le combinazioni sismiche delle strutture di fondazione.<\/p>\n<p style=\"text-align: justify;padding-left: 40px\">&#8211; <strong>stato limite di prima plasticizzazione<\/strong> (novit\u00e0 NTC 2018) \u00e8 previsto per tutte le combinazioni sismiche delle strutture di fondazione. Per le strutture in elevazione va sempre condotto per le combinazioni sismiche di strutture calcolate in modalit\u00e0 non dissipativa (\u00a77.2.2 NTC). Il momento resistente in questo caso \u00e8 in campo sostanzialmente elastico e corrisponde alla minore tra la curvatura allo snervamento dell\u2019acciaio e quella in corrispondenza della deformazione di picco del calcestruzzo (0,002).<\/p>\n<p style=\"text-align: justify\"><strong>Le verifiche di duttilit\u00e0 previste in programma sono di due tipi:<\/strong><\/p>\n<p style=\"text-align: justify;padding-left: 40px\">&#8211; <strong>indirette mediante<\/strong> il controllo dei particolari costruttivi. Per le travi vengono controllate le percentuale di armatura tesa e compressa (eq. [7.4.26]), per i pilastri e le pareti vengono utilizzate espressioni semplificate (eq. [7.4.29] e [7.4.32]) che tengono in conto il confinamento del calcestruzzo operato dalle staffe.<\/p>\n<p style=\"text-align: justify;padding-left: 40px\">&#8211; <strong>dirette mediante<\/strong> il calcolo del fattore di duttilit\u00e0 in curvatura (in capacit\u00e0) a mezzo della costruzione del<br \/>\ndiagramma momenti-curvature sulla base dei differenti legami costitutivi del nucleo confinato e del copriferro non confinato. Per il nucleo confinato del calcestruzzo sono previsti due differenti legami costitutivi: il primo \u00e8 quello parabola-rettangolo basato su valori di progetto e fa riferimento al \u00a74.1.2.1.2.1 NTC da utilizzarsi per il confronto (verifica di duttilit\u00e0) con la domanda espressa dal fattore di duttilit\u00e0 di cui alle [7.4.3]NTC; il secondo \u00e8 quello pi\u00f9 sofisticato di Mander riferito ai valori medi dei materiali quando il calcolo \u00e8 rivolto alla determinazione delle curvature ultime e di prima plasticizzazione finalizzate ad un calcolo non lineare della struttura (Pushover).<br \/>\nPossono essere analizzate sezioni di qualsiasi forma, da quelle pi\u00f9 comuni (rettangolari, a T, T doppio, ad L, circolari) a quelle pi\u00f9 complesse (a contorno poligonale costituite da uno o pi\u00f9 domini di conglomerato, cave, miste). Calcolo pile da ponte.<\/p>\n<p><strong>Stati limiti ultimi:<\/strong><\/p>\n<ul>\n<li style=\"list-style-type: none\">\n<ul>\n<li style=\"text-align: justify\">Presso-tenso flessione retta o deviata (verifica e progetto delle armature)<\/li>\n<li style=\"text-align: justify\">\u00a0Domini di interazione N-Mx-My bi-tridimensionali (calcolo e rappresentazione grafica)<\/li>\n<li style=\"text-align: justify\">Taglio e torsione (verifica conglomerato, progetto e disegno armature)<\/li>\n<li style=\"text-align: justify\">Verifica diretta del fattore di duttilit\u00e0 in curvatura (\u03bc\u03a6) mediante costruzione del diagramma momenti-curvature tenendo conto dell\u2019effetto del confinamento delle staffe sulla legge tensione deformazione del nucleo confinato<\/li>\n<li style=\"text-align: justify\">Instabilit\u00e0 (verifica col metodo semplificato della \u201ccolonna modello\u201d)<\/li>\n<\/ul>\n<\/li>\n<\/ul>\n<p><strong>Stati limite di esercizio:<\/strong><\/p>\n<ul>\n<li style=\"list-style-type: none\">\n<ul>\n<li style=\"text-align: justify\">Verifica delle tensioni normali in presso-tenso flessione retta e deviata (metodo semplificato o metodo AAEM).<\/li>\n<li style=\"text-align: justify\">Verifica a fessurazione mediante il calcolo dell\u2019apertura delle fessure sia con la nuova metodologia tratta dall\u2019EC8 sia con quella del DM\u201996.<\/li>\n<li style=\"text-align: justify\">Verifica dello stato limite di deformazione di una trave mediante il calcolo delle frecce tenendo conto di fessurazione, viscosit\u00e0 e ritiro.<\/li>\n<\/ul>\n<\/li>\n<\/ul>\n<p style=\"text-align: justify\"><strong>TIPOLOGIA DELLE SEZIONI<\/strong><br \/>\nE\u2019 consentita la schematizzazione di sezioni in c.a. del tutto generali costituite da uno o pi\u00f9 domini di conglomerato (pieni o vuoti) di forma poligonale o circolare. Le barre di armatura possono essere assegnate singolarmente, generate automaticamente nei vertici dei domini, generate linearmente tra due barre, generate lungo una circonferenza.<br \/>\nPer le sezioni di uso pi\u00f9 corrente (rettangolari, a T, a C, ecc.) \u00e8 previsto un input accelerato con possibilit\u00e0 di eseguire anche il progetto delle armature longitudinali e delle staffe in presso-tenso flessione retta.<\/p>\n<p style=\"text-align: justify\">Per i pilastri rettangolari, circolari e per le sezioni generiche di un solo dominio \u00e8 previsto, tra l\u2019altro, il progetto automatico delle armature per presso-tenso flessione deviata.<\/p>\n<p style=\"text-align: justify\">Per tutte le sezioni \u00e8 possibile verificare (o progettare l\u2019inviluppo delle armature) in un unico ciclo di calcolo fino a 60 combinazioni di sollecitazioni per ognuna delle seguenti tipologie:<\/p>\n<ul>\n<li style=\"text-align: justify\">Combinazioni allo stato limite ultimo<\/li>\n<li style=\"text-align: justify\">Combinazioni rare in esercizio<\/li>\n<li style=\"text-align: justify\">Combinazioni frequenti in esercizio<\/li>\n<li style=\"text-align: justify\">Combinazioni quasi permanenti in esercizio<\/li>\n<\/ul>\n<p style=\"text-align: justify\">Per le sezioni di forma generica \u00e8 anche possibile l\u2019input da File DXF dei domini di conglomerato e delle barre di armatura longitudinale.<\/p>\n<p><strong>VERIFICHE<\/strong><br \/>\nLe verifiche allo stato limite ultimo sono condotte mediante la determinazione del dominio di resistenza bidimensionale nel caso di sollecitazione retta N-Mx o tridimensionale nel caso di sollecitazione deviata N-Mx-My.<\/p>\n<p>Per ogni combinazione ultima vengono calcolate le seguenti quantit\u00e0:<\/p>\n<ul>\n<li>Sforzo normale ultimo, momenti flettenti ultimi e relativa misura della sicurezza.<\/li>\n<li>Posizione dell\u2019asse neutro allo stato ultimo.<\/li>\n<li>Tensioni e deformazioni unitarie allo stato ultimo dei vertici delle sezioni e di tutte le barre.<\/li>\n<li>Verifica a taglio-torsione con predimensionamento della relativa armatura.<\/li>\n<li>Calcolo e rappresentazione grafica del dominio d&#8217;interazione<\/li>\n<li>Verifica d&#8217;instabilit\u00e0 per pilastri con sezione rettangolare secondo il metodo semplificato della \u201ccolonna modello\u201d.<\/li>\n<\/ul>\n<p>Le verifiche relative agli stati limite di esercizio comportano la determinazione delle seguenti grandezze:<\/p>\n<ul>\n<li style=\"list-style-type: none\">\n<ul>\n<li style=\"text-align: justify\">Tensioni normali in tutti i vertici della sezione e in tutte le barre di armatura.<\/li>\n<li style=\"text-align: justify\">Posizione dell\u2019asse neutro.<\/li>\n<li style=\"text-align: justify\">Apertura massima delle fessure.<\/li>\n<li style=\"text-align: justify\">Deformazione assiale e per curvatura della sezione valutata col metodo <a href=\"https:\/\/books.google.ro\/books?id=DLPhND2JxRQC&amp;pg=PA116&amp;lpg=PA116&amp;dq=metodo+AAEM+(Age+Adjusted+Effective+Modulus)&amp;source=bl&amp;ots=i9Y4E4ger5&amp;sig=uAvGTIoJfANFXPpoNAem-1bylB8&amp;hl=it&amp;sa=X&amp;ved=0ahUKEwiSh_ji0evZAhUEFCwKHXE9AQUQ6AEIJzAA\" target=\"_blank\" rel=\"noopener noreferrer\">AAEM (Age Adjusted Effective Modulus).<\/a><\/li>\n<li style=\"text-align: justify\">Frecce e spostamenti assiali in esercizio di una trave appartenente a un telaio.<\/li>\n<\/ul>\n<\/li>\n<\/ul>\n<p style=\"text-align: justify\"><strong>OUTPUT<\/strong><br \/>\nLe stampe possono essere eseguite direttamente da programma, possono essere salvate su file in formato .DOC, .DOCX, PDF<br \/>\nI disegni delle sezioni, dei domini d&#8217;interazione e dei diagrammi momenti-curvature possono essere salvati su file di tipo .DXF, DWG<\/p>\n<p>[\/vc_column_text][\/vc_column][\/vc_row]<\/p>\n<\/div>","protected":false},"excerpt":{"rendered":"<p><span style=\"font-size: 12pt\"><strong>VERSI\u00d3N EN ITALIANO<\/strong><\/span><\/p>\n<p style=\"text-align: justify\"><strong>Calcolo si sezioni in Cemento Armato:\u00a0<\/strong>travi e pilastri in c.a. agli stati limite ultimi e di esercizio tenendo conto, nel caso di calcolo sismico, della classe di duttilit\u00e0 richiesta e della posizione della sezione nell\u2019asta (se ricade in zona critica o meno). Per le verifiche di resistenza (e semiprogetto delle armature) a presso-tenso flessione (retta e deviata) \u00e8 previsto l\u2019uso del diagramma tensioni-deformazione parabola rettangolo per il conglomerato e bilineare per l\u2019acciaio. Nelle verifiche a taglio \u00e8 stata implementata la nuova metodologia che prevede l\u2019uso dell\u2019inclinazione variabile delle bielle compresse.<\/p>\n<p style=\"text-align: justify\">[gs_version]<\/p>\n<blockquote>\n<h4>La versi\u00f3n internacional de este software es<br \/>\n<span style=\"text-decoration: underline;color: #ff6600\">C\u00e1lculo de secciones de cemento armado de acuerdo EC &#8211; RC-SEC &#8211; EN<\/span><\/h4>\n<\/blockquote>\n","protected":false},"featured_media":14384,"comment_status":"open","ping_status":"closed","template":"","meta":[],"product_cat":[191,204],"product_tag":[2483,2484,829],"class_list":{"0":"post-79855","1":"product","2":"type-product","3":"status-publish","4":"has-post-thumbnail","6":"product_cat-software-es","7":"product_cat-estructuras","8":"product_tag-rc-sec-es","9":"product_tag-sezioni-in-ca-es","10":"product_tag-software-strutturale-es","11":"description-off","13":"first","14":"instock","15":"downloadable","16":"virtual","17":"sold-individually","18":"taxable","19":"purchasable","20":"product-type-licensed"},"yoast_head":"<!-- This site is optimized with the Yoast SEO Premium plugin v25.0 (Yoast SEO v25.0) - https:\/\/yoast.com\/wordpress\/plugins\/seo\/ -->\n<title>Calcolo di sezioni in Cemento Armato<\/title>\n<meta name=\"description\" content=\"Calcolo di sezioni in Cemento Armato agli Stati limite ultimi e di esercizio secondo le Nuove Norme Tecniche per le costruzioni. Dettagliati report\" \/>\n<meta name=\"robots\" content=\"index, follow, max-snippet:-1, max-image-preview:large, max-video-preview:-1\" \/>\n<link rel=\"canonical\" href=\"https:\/\/www.geostru.eu\/es\/shop\/software-es\/calcolo-di-sezioni-in-cemento-armato\/\" \/>\n<meta property=\"og:locale\" content=\"es_ES\" \/>\n<meta property=\"og:type\" content=\"article\" \/>\n<meta property=\"og:title\" content=\"Calcolo di sezioni in Cemento Armato - RC-SEC - IT\" \/>\n<meta property=\"og:description\" content=\"Calcolo di sezioni in Cemento Armato agli Stati limite ultimi e di esercizio secondo le Nuove Norme Tecniche per le costruzioni. Dettagliati report\" \/>\n<meta property=\"og:url\" content=\"https:\/\/www.geostru.eu\/es\/shop\/software-es\/calcolo-di-sezioni-in-cemento-armato\/\" \/>\n<meta property=\"og:site_name\" content=\"GeoStru\" \/>\n<meta property=\"article:publisher\" content=\"https:\/\/www.facebook.com\/GeoStruSoftware\/\" \/>\n<meta property=\"article:modified_time\" content=\"2025-07-12T16:21:08+00:00\" \/>\n<meta property=\"og:image\" content=\"https:\/\/www.geostru.eu\/wp-content\/uploads\/2015\/06\/Risorsa-114.png\" \/>\n<meta name=\"twitter:card\" content=\"summary_large_image\" \/>\n<meta name=\"twitter:site\" content=\"@geostru\" \/>\n<meta name=\"twitter:label1\" content=\"Precio\" \/>\n\t<meta name=\"twitter:data1\" content=\"&euro;390.00 exc. IVA\" \/>\n\t<meta name=\"twitter:label2\" content=\"Disponibilidad\" \/>\n\t<meta name=\"twitter:data2\" content=\"Disponible\" \/>\n<script type=\"application\/ld+json\" class=\"yoast-schema-graph\">{\"@context\":\"https:\/\/schema.org\",\"@graph\":[{\"@type\":\"WebPage\",\"@id\":\"https:\/\/www.geostru.eu\/es\/shop\/software-es\/calcolo-di-sezioni-in-cemento-armato\/\",\"url\":\"https:\/\/www.geostru.eu\/es\/shop\/software-es\/calcolo-di-sezioni-in-cemento-armato\/\",\"name\":\"Calcolo di sezioni in Cemento Armato\",\"isPartOf\":{\"@id\":\"https:\/\/www.geostru.eu\/es\/#website\"},\"primaryImageOfPage\":{\"@id\":\"https:\/\/www.geostru.eu\/es\/shop\/software-es\/calcolo-di-sezioni-in-cemento-armato\/#primaryimage\"},\"image\":{\"@id\":\"https:\/\/www.geostru.eu\/es\/shop\/software-es\/calcolo-di-sezioni-in-cemento-armato\/#primaryimage\"},\"thumbnailUrl\":\"https:\/\/www.geostru.eu\/wp-content\/uploads\/2013\/12\/RC_SEC_EN_1.png\",\"datePublished\":\"2022-06-02T15:04:07+00:00\",\"dateModified\":\"2025-07-12T16:21:08+00:00\",\"description\":\"Calcolo di sezioni in Cemento Armato agli Stati limite ultimi e di esercizio secondo le Nuove Norme Tecniche per le costruzioni. Dettagliati report\",\"breadcrumb\":{\"@id\":\"https:\/\/www.geostru.eu\/es\/shop\/software-es\/calcolo-di-sezioni-in-cemento-armato\/#breadcrumb\"},\"inLanguage\":\"es\",\"potentialAction\":[{\"@type\":\"ReadAction\",\"target\":[\"https:\/\/www.geostru.eu\/es\/shop\/software-es\/calcolo-di-sezioni-in-cemento-armato\/\"]}]},{\"@type\":\"ImageObject\",\"inLanguage\":\"es\",\"@id\":\"https:\/\/www.geostru.eu\/es\/shop\/software-es\/calcolo-di-sezioni-in-cemento-armato\/#primaryimage\",\"url\":\"https:\/\/www.geostru.eu\/wp-content\/uploads\/2013\/12\/RC_SEC_EN_1.png\",\"contentUrl\":\"https:\/\/www.geostru.eu\/wp-content\/uploads\/2013\/12\/RC_SEC_EN_1.png\",\"width\":1920,\"height\":1040,\"caption\":\"Calcolo di sezioni in Cemento Armato RC-SEC geostru\"},{\"@type\":\"BreadcrumbList\",\"@id\":\"https:\/\/www.geostru.eu\/es\/shop\/software-es\/calcolo-di-sezioni-in-cemento-armato\/#breadcrumb\",\"itemListElement\":[{\"@type\":\"ListItem\",\"position\":1,\"name\":\"Home\",\"item\":\"https:\/\/www.geostru.eu\/es\/\"},{\"@type\":\"ListItem\",\"position\":2,\"name\":\"Shop\",\"item\":\"https:\/\/www.geostru.eu\/shop\/?lang=es\"},{\"@type\":\"ListItem\",\"position\":3,\"name\":\"Calcolo di sezioni in Cemento Armato &#8211; RC-SEC &#8211; IT\"}]},{\"@type\":\"WebSite\",\"@id\":\"https:\/\/www.geostru.eu\/es\/#website\",\"url\":\"https:\/\/www.geostru.eu\/es\/\",\"name\":\"GeoStru\",\"description\":\"Professionals at your service\",\"publisher\":{\"@id\":\"https:\/\/www.geostru.eu\/es\/#organization\"},\"potentialAction\":[{\"@type\":\"SearchAction\",\"target\":{\"@type\":\"EntryPoint\",\"urlTemplate\":\"https:\/\/www.geostru.eu\/es\/?s={search_term_string}\"},\"query-input\":{\"@type\":\"PropertyValueSpecification\",\"valueRequired\":true,\"valueName\":\"search_term_string\"}}],\"inLanguage\":\"es\"},{\"@type\":\"Organization\",\"@id\":\"https:\/\/www.geostru.eu\/es\/#organization\",\"name\":\"GeoStru\",\"url\":\"https:\/\/www.geostru.eu\/es\/\",\"logo\":{\"@type\":\"ImageObject\",\"inLanguage\":\"es\",\"@id\":\"https:\/\/www.geostru.eu\/es\/#\/schema\/logo\/image\/\",\"url\":\"https:\/\/www.geostru.eu\/wp-content\/uploads\/2023\/02\/LOGO_GEOSTRU_educational_banner.png\",\"contentUrl\":\"https:\/\/www.geostru.eu\/wp-content\/uploads\/2023\/02\/LOGO_GEOSTRU_educational_banner.png\",\"width\":363,\"height\":115,\"caption\":\"GeoStru\"},\"image\":{\"@id\":\"https:\/\/www.geostru.eu\/es\/#\/schema\/logo\/image\/\"},\"sameAs\":[\"https:\/\/www.facebook.com\/GeoStruSoftware\/\",\"https:\/\/x.com\/geostru\",\"https:\/\/www.linkedin.com\/company\/2462488\/admin\/\",\"https:\/\/www.instagram.com\/geostru\/\"]}]}<\/script>\n<meta property=\"product:brand\" content=\"Software\" \/>\n<meta property=\"product:price:amount\" content=\"390.00\" \/>\n<meta property=\"product:price:currency\" content=\"EUR\" \/>\n<meta property=\"og:availability\" content=\"instock\" \/>\n<meta property=\"product:availability\" content=\"instock\" \/>\n<meta property=\"product:retailer_item_id\" content=\"3\" \/>\n<meta property=\"product:condition\" content=\"new\" \/>\n<!-- \/ Yoast SEO Premium plugin. -->","yoast_head_json":{"title":"Calcolo di sezioni in Cemento Armato","description":"Calcolo di sezioni in Cemento Armato agli Stati limite ultimi e di esercizio secondo le Nuove Norme Tecniche per le costruzioni. Dettagliati report","robots":{"index":"index","follow":"follow","max-snippet":"max-snippet:-1","max-image-preview":"max-image-preview:large","max-video-preview":"max-video-preview:-1"},"canonical":"https:\/\/www.geostru.eu\/es\/shop\/software-es\/calcolo-di-sezioni-in-cemento-armato\/","og_locale":"es_ES","og_type":"article","og_title":"Calcolo di sezioni in Cemento Armato - RC-SEC - IT","og_description":"Calcolo di sezioni in Cemento Armato agli Stati limite ultimi e di esercizio secondo le Nuove Norme Tecniche per le costruzioni. Dettagliati report","og_url":"https:\/\/www.geostru.eu\/es\/shop\/software-es\/calcolo-di-sezioni-in-cemento-armato\/","og_site_name":"GeoStru","article_publisher":"https:\/\/www.facebook.com\/GeoStruSoftware\/","article_modified_time":"2025-07-12T16:21:08+00:00","og_image":[{"url":"https:\/\/www.geostru.eu\/wp-content\/uploads\/2015\/06\/Risorsa-114.png","type":"","width":"","height":""}],"twitter_card":"summary_large_image","twitter_site":"@geostru","twitter_misc":{"Precio":"&euro;390.00 exc. IVA","Disponibilidad":"Disponible"},"schema":{"@context":"https:\/\/schema.org","@graph":[{"@type":"WebPage","@id":"https:\/\/www.geostru.eu\/es\/shop\/software-es\/calcolo-di-sezioni-in-cemento-armato\/","url":"https:\/\/www.geostru.eu\/es\/shop\/software-es\/calcolo-di-sezioni-in-cemento-armato\/","name":"Calcolo di sezioni in Cemento Armato","isPartOf":{"@id":"https:\/\/www.geostru.eu\/es\/#website"},"primaryImageOfPage":{"@id":"https:\/\/www.geostru.eu\/es\/shop\/software-es\/calcolo-di-sezioni-in-cemento-armato\/#primaryimage"},"image":{"@id":"https:\/\/www.geostru.eu\/es\/shop\/software-es\/calcolo-di-sezioni-in-cemento-armato\/#primaryimage"},"thumbnailUrl":"https:\/\/www.geostru.eu\/wp-content\/uploads\/2013\/12\/RC_SEC_EN_1.png","datePublished":"2022-06-02T15:04:07+00:00","dateModified":"2025-07-12T16:21:08+00:00","description":"Calcolo di sezioni in Cemento Armato agli Stati limite ultimi e di esercizio secondo le Nuove Norme Tecniche per le costruzioni. Dettagliati report","breadcrumb":{"@id":"https:\/\/www.geostru.eu\/es\/shop\/software-es\/calcolo-di-sezioni-in-cemento-armato\/#breadcrumb"},"inLanguage":"es","potentialAction":[{"@type":"ReadAction","target":["https:\/\/www.geostru.eu\/es\/shop\/software-es\/calcolo-di-sezioni-in-cemento-armato\/"]}]},{"@type":"ImageObject","inLanguage":"es","@id":"https:\/\/www.geostru.eu\/es\/shop\/software-es\/calcolo-di-sezioni-in-cemento-armato\/#primaryimage","url":"https:\/\/www.geostru.eu\/wp-content\/uploads\/2013\/12\/RC_SEC_EN_1.png","contentUrl":"https:\/\/www.geostru.eu\/wp-content\/uploads\/2013\/12\/RC_SEC_EN_1.png","width":1920,"height":1040,"caption":"Calcolo di sezioni in Cemento Armato RC-SEC geostru"},{"@type":"BreadcrumbList","@id":"https:\/\/www.geostru.eu\/es\/shop\/software-es\/calcolo-di-sezioni-in-cemento-armato\/#breadcrumb","itemListElement":[{"@type":"ListItem","position":1,"name":"Home","item":"https:\/\/www.geostru.eu\/es\/"},{"@type":"ListItem","position":2,"name":"Shop","item":"https:\/\/www.geostru.eu\/shop\/?lang=es"},{"@type":"ListItem","position":3,"name":"Calcolo di sezioni in Cemento Armato &#8211; RC-SEC &#8211; IT"}]},{"@type":"WebSite","@id":"https:\/\/www.geostru.eu\/es\/#website","url":"https:\/\/www.geostru.eu\/es\/","name":"GeoStru","description":"Professionals at your service","publisher":{"@id":"https:\/\/www.geostru.eu\/es\/#organization"},"potentialAction":[{"@type":"SearchAction","target":{"@type":"EntryPoint","urlTemplate":"https:\/\/www.geostru.eu\/es\/?s={search_term_string}"},"query-input":{"@type":"PropertyValueSpecification","valueRequired":true,"valueName":"search_term_string"}}],"inLanguage":"es"},{"@type":"Organization","@id":"https:\/\/www.geostru.eu\/es\/#organization","name":"GeoStru","url":"https:\/\/www.geostru.eu\/es\/","logo":{"@type":"ImageObject","inLanguage":"es","@id":"https:\/\/www.geostru.eu\/es\/#\/schema\/logo\/image\/","url":"https:\/\/www.geostru.eu\/wp-content\/uploads\/2023\/02\/LOGO_GEOSTRU_educational_banner.png","contentUrl":"https:\/\/www.geostru.eu\/wp-content\/uploads\/2023\/02\/LOGO_GEOSTRU_educational_banner.png","width":363,"height":115,"caption":"GeoStru"},"image":{"@id":"https:\/\/www.geostru.eu\/es\/#\/schema\/logo\/image\/"},"sameAs":["https:\/\/www.facebook.com\/GeoStruSoftware\/","https:\/\/x.com\/geostru","https:\/\/www.linkedin.com\/company\/2462488\/admin\/","https:\/\/www.instagram.com\/geostru\/"]}]},"product_brand":"Software","product_price_amount":"390.00","product_price_currency":"EUR","og_availability":"instock","product_availability":"instock","product_retailer_item_id":"3","product_condition":"new"},"_links":{"self":[{"href":"https:\/\/www.geostru.eu\/es\/wp-json\/wp\/v2\/product\/79855"}],"collection":[{"href":"https:\/\/www.geostru.eu\/es\/wp-json\/wp\/v2\/product"}],"about":[{"href":"https:\/\/www.geostru.eu\/es\/wp-json\/wp\/v2\/types\/product"}],"replies":[{"embeddable":true,"href":"https:\/\/www.geostru.eu\/es\/wp-json\/wp\/v2\/comments?post=79855"}],"wp:featuredmedia":[{"embeddable":true,"href":"https:\/\/www.geostru.eu\/es\/wp-json\/wp\/v2\/media\/14384"}],"wp:attachment":[{"href":"https:\/\/www.geostru.eu\/es\/wp-json\/wp\/v2\/media?parent=79855"}],"wp:term":[{"taxonomy":"product_cat","embeddable":true,"href":"https:\/\/www.geostru.eu\/es\/wp-json\/wp\/v2\/product_cat?post=79855"},{"taxonomy":"product_tag","embeddable":true,"href":"https:\/\/www.geostru.eu\/es\/wp-json\/wp\/v2\/product_tag?post=79855"}],"curies":[{"name":"wp","href":"https:\/\/api.w.org\/{rel}","templated":true}]}}