{"id":55342,"date":"2015-05-26T15:24:54","date_gmt":"2015-05-26T13:24:54","guid":{"rendered":"https:\/\/www.geostru.eu\/shop\/sin%20categorizar\/software-di-calcolo-strutturale-edifici-in-ca\/"},"modified":"2026-04-03T18:21:17","modified_gmt":"2026-04-03T16:21:17","slug":"software-di-calcolo-strutturale-edifici-in-ca","status":"publish","type":"product","link":"https:\/\/www.geostru.eu\/es\/shop\/software-es\/software-di-calcolo-strutturale-edifici-in-ca\/","title":{"rendered":"Calcolo strutturale Edifici in CA"},"content":{"rendered":"<p style=\"text-align: justify\">Software di calcolo strutturale edifici multipiano in Cemento Armato \u2013 <strong>Edifici in C.A.<\/strong> Tra le novit\u00e0 introdotte dalle Norme Tecniche delle Costruzioni si segnala la determinazione delle azioni sismiche (con la previsione di una differente formulazione degli spettri di risposta e valori di accelerazione sismica diversi da sito a sito anche nell\u2019ambito della stessa zona sismica), l\u2019obbligo delle verifiche secondo il principio della gerarchia delle resistenze anche se si opera in bassa duttilit\u00e0, l\u2019introduzione di un nuovo stato limite (di Operativit\u00e0) per gli edifici di maggiore importanza, un ulteriore avvicinamento delle verifiche sezionali (agli stati limite) alle modalit\u00e0 previste dalle nuove versioni degli eurocodici: EC2 ed EC8.<\/p>\n<p style=\"text-align: justify\"><strong>Input<\/strong><br \/>\nInput rapidissimo anche per i progetti di edifici con elevato numero di piani, il comando \u201cCopia piano\u201d consente di copiare gli elementi da un piano all\u2019altro: pilastri, travi, solai\u2026<br \/>\nImportazione da DXF della disposizione dei pilastri e delle linee che individuano la posizione dei vari elementi strutturali per tutti i piani dell\u2019edificio. Facile creazione del modello attraverso numerose funzioni Drag&amp;drop.<\/p>\n<p style=\"text-align: justify\"><strong>Archivi<\/strong><br \/>\n\u00c8 possibile personalizzare gli Archivi di Progetto: materiali, sezione travi, sezione pilastri, platee, pali di fondazione, solai.. con lo scopo di renderli pi\u00f9 adatti alle proprie esigenze.<\/p>\n<p style=\"text-align: justify\"><strong>Calcolo<\/strong><br \/>\nIl calcolo si sviluppa risolvendo un telaio tridimensionale con il metodo degli spostamenti, l\u2019utente pu\u00f2 scegliere tra diverse tipologie di analisi: Analisi statica non lineare, sismica statica, sismica dinamica (con spettri di risposta).<\/p>\n<p style=\"text-align: justify\">Dimensionamento e Verifica degli Elementi strutturali a presso e tenso-flessione deviata, taglio e torsione, progetto delle armature e delle staffe sia con il Metodo agli Stati Limite (tenendo conto dei Criteri di Gerarchia delle Resistenze) sia alle Tensioni Ammissibili (ancora utilizzabile per i soli edifici ricadenti in zone a bassa sismicit\u00e0).<\/p>\n<p style=\"text-align: justify\">Tipologie Strutturali di Fondazione \u2013 Graticci di travi su suolo elastico alla Winkler, Plinti superficiali (anche a bicchiere) su suolo elastico collegati tra loro da travi semplici o alla Winkler, Platee su suolo elastico semplici e nervate, Pali e micropali anche inclinati, Plinti su pali (predefiniti su 1, 2, 4, 5, 6, 8, 9 pali), Platee semplici o nervate su pali.<\/p>\n<p style=\"text-align: justify\"><strong>Per ogni combinazione di carico vengono visualizzati:<br \/>\n<\/strong>gli spostamenti dei nodi e le reazioni nei nodi vincolati;<br \/>\ngli sforzi nelle travi, nei pilastri, nelle pareti nei pali e nei plinti;<br \/>\nle armature di predimensionamento di travi e pilastri successivamente organizzate nei vari contesti previsti di cui al \u00a7 2.4 in cui vengono fornite le disposizioni esecutive e le verifiche dettagliate finali sezione per sezione.<br \/>\nNel caso di calcolo sismico vengono rappresentati anche i risultati dell\u2019analisi modale.<br \/>\nPer ogni periodo proprio selezionato dall\u2019utente vengono visualizzati in tabella gli spostamenti dei nodi (autovettori) nonch\u00e8 la corrispondente % di massa partecipante nelle direzione X e Y del sisma. Gli stessi spostamenti modali sono rappresentati sia piano per piano nelle piante (grafico 2D) che complessivamente nel grafico assonometrico (3D).<\/p>\n<p style=\"text-align: justify\">Il programma, in accordo alle attuali disposizioni, considera tutte le combinazioni di carico nei riguardi di tutti gli Stati Limite (SLU, SLE) tenendo conto anche delle eccentricit\u00e0 accidentali delle azioni sismiche in entrambe le direzioni d\u2019ingresso del sisma. Si tiene inoltre conto della dimensione finita delle sezioni e dell\u2019ingombro finito dei nodi e degli effetti della fessurazione.<\/p>\n<p style=\"text-align: justify\"><strong>Output e Visualizzazione 3D dei risultati<\/strong><br \/>\nRelazioni conformi al Cap. 10 delle Norme Tecniche delle Costruzioni (D.M.14\/01\/2008 e C.M.02\/02\/2009).<br \/>\nStampa in formato PDF dei disegni esecutivi e della distinta delle armature degli elementi strutturali dell\u2019edificio.<br \/>\nEsportazione in \u201cDXF\u201d delle piante degli impalcati, delle armature delle travi, dei pilastri\u2026 con possibilit\u00e0 di elaborazione su CAD esterni.<br \/>\nEffettuato il calcolo \u00e8 possibile visualizzare i risultati dell\u2019elaborazione, quali Baricentri e Spostamenti per ogni impalcato dell\u2019edificio. E\u2019 anche possibile visualizzare e stampare, nella visione 3D dell\u2019edificio, i diagrammi delle Sollecitazioni e degli Spostamenti di tutti gli elementi strutturali per ogni combinazione di carico.<\/p>\n<p style=\"text-align: justify\"><strong>Moduli integrati<\/strong><br \/>\nRedazione automatica del piano di manutenzione secondo le normative vigenti.<br \/>\nCalcolo di: Scale, Solai, Plinti a bicchiere, Portanza di fondazioni superficiali e profonde\u2026<\/p>\n","protected":false},"excerpt":{"rendered":"<p><em>Analisi, calcolo strutturale di edifici in c.a. multipiano in cemento armato, anche in zona sismica, in conformit\u00e0 alle Nuove Norme Tecniche per le Costruzioni (NTC). Disegno delle Armature degli elementi strutturali.<\/em><\/p>\n<p><strong>EDIFICI C.A.<\/strong> fornisce un progetto strutturale completo, inclusi i disegni esecutivi e le relazioni di calcolo. Il software si caratterizza per l\u2019affidabilit\u00e0 di modellazione, per la semplicit\u00e0 di input e la velocit\u00e0 di esecuzione.<\/p>\n","protected":false},"featured_media":98225,"comment_status":"open","ping_status":"closed","template":"","meta":[],"product_cat":[191,204],"product_tag":[828,829],"class_list":{"0":"post-55342","1":"product","2":"type-product","3":"status-publish","4":"has-post-thumbnail","6":"product_cat-software-es","7":"product_cat-estructuras","8":"product_tag-edifici-in-c-a-es","9":"product_tag-software-strutturale-es","10":"description-off","12":"first","13":"instock","14":"featured","15":"downloadable","16":"virtual","17":"sold-individually","18":"taxable","19":"purchasable","20":"product-type-licensed"},"yoast_head":"<!-- This site is optimized with the Yoast SEO Premium plugin v25.0 (Yoast SEO v25.0) - https:\/\/yoast.com\/wordpress\/plugins\/seo\/ -->\n<title>Software calcolo strutturale Edifici in CA<\/title>\n<meta name=\"description\" content=\"Software calcolo strutturale Edifici in CA per l\u2019analisi e il calcolo strutturale di edifici multipiano in cemento armato, in zona sismica e non\" \/>\n<meta name=\"robots\" content=\"index, follow, max-snippet:-1, max-image-preview:large, max-video-preview:-1\" \/>\n<link rel=\"canonical\" href=\"https:\/\/www.geostru.eu\/es\/shop\/software-es\/software-di-calcolo-strutturale-edifici-in-ca\/\" \/>\n<meta property=\"og:locale\" content=\"es_ES\" \/>\n<meta property=\"og:type\" content=\"article\" \/>\n<meta property=\"og:title\" content=\"Calcolo strutturale Edifici in CA\" \/>\n<meta property=\"og:description\" content=\"Software calcolo strutturale Edifici in CA per l\u2019analisi e il calcolo strutturale di edifici multipiano in cemento armato, in zona sismica e non\" \/>\n<meta property=\"og:url\" content=\"https:\/\/www.geostru.eu\/es\/shop\/software-es\/software-di-calcolo-strutturale-edifici-in-ca\/\" \/>\n<meta property=\"og:site_name\" content=\"GeoStru\" \/>\n<meta property=\"article:publisher\" content=\"https:\/\/www.facebook.com\/GeoStruSoftware\/\" \/>\n<meta property=\"article:modified_time\" content=\"2026-04-03T16:21:17+00:00\" \/>\n<meta property=\"og:image\" content=\"https:\/\/www.geostru.eu\/wp-content\/uploads\/2015\/05\/edifici-in-ca-geostru-1-1030x545.gif\" \/>\n\t<meta property=\"og:image:width\" content=\"1030\" \/>\n\t<meta property=\"og:image:height\" content=\"545\" \/>\n\t<meta property=\"og:image:type\" content=\"image\/gif\" \/>\n<meta name=\"twitter:card\" content=\"summary_large_image\" \/>\n<meta name=\"twitter:site\" content=\"@geostru\" \/>\n<meta name=\"twitter:label1\" content=\"Precio\" \/>\n\t<meta name=\"twitter:data1\" content=\"&euro;790.00 exc. IVA\" \/>\n\t<meta name=\"twitter:label2\" content=\"Disponibilidad\" \/>\n\t<meta name=\"twitter:data2\" content=\"Disponible\" \/>\n<script type=\"application\/ld+json\" class=\"yoast-schema-graph\">{\"@context\":\"https:\/\/schema.org\",\"@graph\":[{\"@type\":\"WebPage\",\"@id\":\"https:\/\/www.geostru.eu\/es\/shop\/software-es\/software-di-calcolo-strutturale-edifici-in-ca\/\",\"url\":\"https:\/\/www.geostru.eu\/es\/shop\/software-es\/software-di-calcolo-strutturale-edifici-in-ca\/\",\"name\":\"Software calcolo strutturale Edifici in CA\",\"isPartOf\":{\"@id\":\"https:\/\/www.geostru.eu\/es\/#website\"},\"primaryImageOfPage\":{\"@id\":\"https:\/\/www.geostru.eu\/es\/shop\/software-es\/software-di-calcolo-strutturale-edifici-in-ca\/#primaryimage\"},\"image\":{\"@id\":\"https:\/\/www.geostru.eu\/es\/shop\/software-es\/software-di-calcolo-strutturale-edifici-in-ca\/#primaryimage\"},\"thumbnailUrl\":\"https:\/\/www.geostru.eu\/wp-content\/uploads\/2015\/05\/edifici-in-ca-geostru-1.gif\",\"datePublished\":\"2015-05-26T13:24:54+00:00\",\"dateModified\":\"2026-04-03T16:21:17+00:00\",\"description\":\"Software calcolo strutturale Edifici in CA per l\u2019analisi e il calcolo strutturale di edifici multipiano in cemento armato, in zona sismica e non\",\"breadcrumb\":{\"@id\":\"https:\/\/www.geostru.eu\/es\/shop\/software-es\/software-di-calcolo-strutturale-edifici-in-ca\/#breadcrumb\"},\"inLanguage\":\"es\",\"potentialAction\":[{\"@type\":\"ReadAction\",\"target\":[\"https:\/\/www.geostru.eu\/es\/shop\/software-es\/software-di-calcolo-strutturale-edifici-in-ca\/\"]}]},{\"@type\":\"ImageObject\",\"inLanguage\":\"es\",\"@id\":\"https:\/\/www.geostru.eu\/es\/shop\/software-es\/software-di-calcolo-strutturale-edifici-in-ca\/#primaryimage\",\"url\":\"https:\/\/www.geostru.eu\/wp-content\/uploads\/2015\/05\/edifici-in-ca-geostru-1.gif\",\"contentUrl\":\"https:\/\/www.geostru.eu\/wp-content\/uploads\/2015\/05\/edifici-in-ca-geostru-1.gif\",\"width\":1893,\"height\":1001},{\"@type\":\"BreadcrumbList\",\"@id\":\"https:\/\/www.geostru.eu\/es\/shop\/software-es\/software-di-calcolo-strutturale-edifici-in-ca\/#breadcrumb\",\"itemListElement\":[{\"@type\":\"ListItem\",\"position\":1,\"name\":\"Home\",\"item\":\"https:\/\/www.geostru.eu\/es\/\"},{\"@type\":\"ListItem\",\"position\":2,\"name\":\"Shop\",\"item\":\"https:\/\/www.geostru.eu\/shop\/?lang=es\"},{\"@type\":\"ListItem\",\"position\":3,\"name\":\"Calcolo strutturale Edifici in CA\"}]},{\"@type\":\"WebSite\",\"@id\":\"https:\/\/www.geostru.eu\/es\/#website\",\"url\":\"https:\/\/www.geostru.eu\/es\/\",\"name\":\"GeoStru\",\"description\":\"Professionals at your service\",\"publisher\":{\"@id\":\"https:\/\/www.geostru.eu\/es\/#organization\"},\"potentialAction\":[{\"@type\":\"SearchAction\",\"target\":{\"@type\":\"EntryPoint\",\"urlTemplate\":\"https:\/\/www.geostru.eu\/es\/?s={search_term_string}\"},\"query-input\":{\"@type\":\"PropertyValueSpecification\",\"valueRequired\":true,\"valueName\":\"search_term_string\"}}],\"inLanguage\":\"es\"},{\"@type\":\"Organization\",\"@id\":\"https:\/\/www.geostru.eu\/es\/#organization\",\"name\":\"GeoStru\",\"url\":\"https:\/\/www.geostru.eu\/es\/\",\"logo\":{\"@type\":\"ImageObject\",\"inLanguage\":\"es\",\"@id\":\"https:\/\/www.geostru.eu\/es\/#\/schema\/logo\/image\/\",\"url\":\"https:\/\/www.geostru.eu\/wp-content\/uploads\/2023\/02\/LOGO_GEOSTRU_educational_banner.png\",\"contentUrl\":\"https:\/\/www.geostru.eu\/wp-content\/uploads\/2023\/02\/LOGO_GEOSTRU_educational_banner.png\",\"width\":363,\"height\":115,\"caption\":\"GeoStru\"},\"image\":{\"@id\":\"https:\/\/www.geostru.eu\/es\/#\/schema\/logo\/image\/\"},\"sameAs\":[\"https:\/\/www.facebook.com\/GeoStruSoftware\/\",\"https:\/\/x.com\/geostru\",\"https:\/\/www.linkedin.com\/company\/2462488\/admin\/\",\"https:\/\/www.instagram.com\/geostru\/\"]}]}<\/script>\n<meta property=\"product:brand\" content=\"Software\" \/>\n<meta property=\"product:price:amount\" content=\"790.00\" \/>\n<meta property=\"product:price:currency\" content=\"EUR\" \/>\n<meta property=\"og:availability\" content=\"instock\" \/>\n<meta property=\"product:availability\" content=\"instock\" \/>\n<meta property=\"product:retailer_item_id\" content=\"1\" \/>\n<meta property=\"product:condition\" content=\"new\" \/>\n<!-- \/ Yoast SEO Premium plugin. -->","yoast_head_json":{"title":"Software calcolo strutturale Edifici in CA","description":"Software calcolo strutturale Edifici in CA per l\u2019analisi e il calcolo strutturale di edifici multipiano in cemento armato, in zona sismica e non","robots":{"index":"index","follow":"follow","max-snippet":"max-snippet:-1","max-image-preview":"max-image-preview:large","max-video-preview":"max-video-preview:-1"},"canonical":"https:\/\/www.geostru.eu\/es\/shop\/software-es\/software-di-calcolo-strutturale-edifici-in-ca\/","og_locale":"es_ES","og_type":"article","og_title":"Calcolo strutturale Edifici in CA","og_description":"Software calcolo strutturale Edifici in CA per l\u2019analisi e il calcolo strutturale di edifici multipiano in cemento armato, in zona sismica e non","og_url":"https:\/\/www.geostru.eu\/es\/shop\/software-es\/software-di-calcolo-strutturale-edifici-in-ca\/","og_site_name":"GeoStru","article_publisher":"https:\/\/www.facebook.com\/GeoStruSoftware\/","article_modified_time":"2026-04-03T16:21:17+00:00","og_image":[{"width":1030,"height":545,"url":"https:\/\/www.geostru.eu\/wp-content\/uploads\/2015\/05\/edifici-in-ca-geostru-1-1030x545.gif","type":"image\/gif"}],"twitter_card":"summary_large_image","twitter_site":"@geostru","twitter_misc":{"Precio":"&euro;790.00 exc. IVA","Disponibilidad":"Disponible"},"schema":{"@context":"https:\/\/schema.org","@graph":[{"@type":"WebPage","@id":"https:\/\/www.geostru.eu\/es\/shop\/software-es\/software-di-calcolo-strutturale-edifici-in-ca\/","url":"https:\/\/www.geostru.eu\/es\/shop\/software-es\/software-di-calcolo-strutturale-edifici-in-ca\/","name":"Software calcolo strutturale Edifici in CA","isPartOf":{"@id":"https:\/\/www.geostru.eu\/es\/#website"},"primaryImageOfPage":{"@id":"https:\/\/www.geostru.eu\/es\/shop\/software-es\/software-di-calcolo-strutturale-edifici-in-ca\/#primaryimage"},"image":{"@id":"https:\/\/www.geostru.eu\/es\/shop\/software-es\/software-di-calcolo-strutturale-edifici-in-ca\/#primaryimage"},"thumbnailUrl":"https:\/\/www.geostru.eu\/wp-content\/uploads\/2015\/05\/edifici-in-ca-geostru-1.gif","datePublished":"2015-05-26T13:24:54+00:00","dateModified":"2026-04-03T16:21:17+00:00","description":"Software calcolo strutturale Edifici in CA per l\u2019analisi e il calcolo strutturale di edifici multipiano in cemento armato, in zona sismica e non","breadcrumb":{"@id":"https:\/\/www.geostru.eu\/es\/shop\/software-es\/software-di-calcolo-strutturale-edifici-in-ca\/#breadcrumb"},"inLanguage":"es","potentialAction":[{"@type":"ReadAction","target":["https:\/\/www.geostru.eu\/es\/shop\/software-es\/software-di-calcolo-strutturale-edifici-in-ca\/"]}]},{"@type":"ImageObject","inLanguage":"es","@id":"https:\/\/www.geostru.eu\/es\/shop\/software-es\/software-di-calcolo-strutturale-edifici-in-ca\/#primaryimage","url":"https:\/\/www.geostru.eu\/wp-content\/uploads\/2015\/05\/edifici-in-ca-geostru-1.gif","contentUrl":"https:\/\/www.geostru.eu\/wp-content\/uploads\/2015\/05\/edifici-in-ca-geostru-1.gif","width":1893,"height":1001},{"@type":"BreadcrumbList","@id":"https:\/\/www.geostru.eu\/es\/shop\/software-es\/software-di-calcolo-strutturale-edifici-in-ca\/#breadcrumb","itemListElement":[{"@type":"ListItem","position":1,"name":"Home","item":"https:\/\/www.geostru.eu\/es\/"},{"@type":"ListItem","position":2,"name":"Shop","item":"https:\/\/www.geostru.eu\/shop\/?lang=es"},{"@type":"ListItem","position":3,"name":"Calcolo strutturale Edifici in CA"}]},{"@type":"WebSite","@id":"https:\/\/www.geostru.eu\/es\/#website","url":"https:\/\/www.geostru.eu\/es\/","name":"GeoStru","description":"Professionals at your service","publisher":{"@id":"https:\/\/www.geostru.eu\/es\/#organization"},"potentialAction":[{"@type":"SearchAction","target":{"@type":"EntryPoint","urlTemplate":"https:\/\/www.geostru.eu\/es\/?s={search_term_string}"},"query-input":{"@type":"PropertyValueSpecification","valueRequired":true,"valueName":"search_term_string"}}],"inLanguage":"es"},{"@type":"Organization","@id":"https:\/\/www.geostru.eu\/es\/#organization","name":"GeoStru","url":"https:\/\/www.geostru.eu\/es\/","logo":{"@type":"ImageObject","inLanguage":"es","@id":"https:\/\/www.geostru.eu\/es\/#\/schema\/logo\/image\/","url":"https:\/\/www.geostru.eu\/wp-content\/uploads\/2023\/02\/LOGO_GEOSTRU_educational_banner.png","contentUrl":"https:\/\/www.geostru.eu\/wp-content\/uploads\/2023\/02\/LOGO_GEOSTRU_educational_banner.png","width":363,"height":115,"caption":"GeoStru"},"image":{"@id":"https:\/\/www.geostru.eu\/es\/#\/schema\/logo\/image\/"},"sameAs":["https:\/\/www.facebook.com\/GeoStruSoftware\/","https:\/\/x.com\/geostru","https:\/\/www.linkedin.com\/company\/2462488\/admin\/","https:\/\/www.instagram.com\/geostru\/"]}]},"product_brand":"Software","product_price_amount":"790.00","product_price_currency":"EUR","og_availability":"instock","product_availability":"instock","product_retailer_item_id":"1","product_condition":"new"},"_links":{"self":[{"href":"https:\/\/www.geostru.eu\/es\/wp-json\/wp\/v2\/product\/55342"}],"collection":[{"href":"https:\/\/www.geostru.eu\/es\/wp-json\/wp\/v2\/product"}],"about":[{"href":"https:\/\/www.geostru.eu\/es\/wp-json\/wp\/v2\/types\/product"}],"replies":[{"embeddable":true,"href":"https:\/\/www.geostru.eu\/es\/wp-json\/wp\/v2\/comments?post=55342"}],"wp:featuredmedia":[{"embeddable":true,"href":"https:\/\/www.geostru.eu\/es\/wp-json\/wp\/v2\/media\/98225"}],"wp:attachment":[{"href":"https:\/\/www.geostru.eu\/es\/wp-json\/wp\/v2\/media?parent=55342"}],"wp:term":[{"taxonomy":"product_cat","embeddable":true,"href":"https:\/\/www.geostru.eu\/es\/wp-json\/wp\/v2\/product_cat?post=55342"},{"taxonomy":"product_tag","embeddable":true,"href":"https:\/\/www.geostru.eu\/es\/wp-json\/wp\/v2\/product_tag?post=55342"}],"curies":[{"name":"wp","href":"https:\/\/api.w.org\/{rel}","templated":true}]}}