{"id":49848,"date":"2017-10-12T08:51:05","date_gmt":"2017-10-12T06:51:05","guid":{"rendered":"https:\/\/www.geostru.eu\/shop\/sin%20categorizar\/calcolo-di-pavimentazioni-stradali\/"},"modified":"2026-04-15T02:18:13","modified_gmt":"2026-04-15T00:18:13","slug":"calculo-de-pavimentos-asfalticos","status":"publish","type":"product","link":"https:\/\/www.geostru.eu\/es\/shop\/software-es\/estructuras\/calculo-de-pavimentos-asfalticos\/","title":{"rendered":"Calculo de pavimentos asf\u00e1lticos &#8211; RPD"},"content":{"rendered":"<p style=\"text-align: justify;\">RPD \u00abRoad Pavement Design\u00bb\u00a0 Calculo para la verificaci\u00f3n de pavimentos asf\u00e1lticos flexibles y semirr\u00edgidos.<\/p>\n<p>RD-PRoad es un software que implementa procedimientos autom\u00e1ticos en los c\u00e1lculos de comprobaci\u00f3n de pavimentos asf\u00e1lticos, ya sean estos flexibles o semirr\u00edgidos. Con RD-PRoad es posible efectuar las verificaciones seg\u00fan m\u00e9todos emp\u00edricos (como el propuesto por AASHTO en el documento <a href=\"https:\/\/www.google.it\/url?sa=t&amp;rct=j&amp;q=&amp;esrc=s&amp;source=web&amp;cd=1&amp;cad=rja&amp;uact=8&amp;ved=0ahUKEwi518PTu-rWAhUCblAKHV0BB1QQFggsMAA&amp;url=https%3A%2F%2Fhabib00ugm.files.wordpress.com%2F2010%2F05%2Faashto1993.pdf&amp;usg=AOvVaw1LIM-vdskuOFf7M5ExMhpf\" target=\"_blank\" rel=\"noopener noreferrer\">GUIDE FOR DESIGN OF PAVEMENT STRUCTURES<\/a>) o seg\u00fan m\u00e9todos racionales. Entre los m\u00e9todos racionales se implementa el de m\u00e1xima deflexi\u00f3n (o de Ivanov) y el de Westergaard, para el c\u00e1lculo de las deflexiones en pavimentaciones multiestrato.<\/p>\n<p>&nbsp;<\/p>\n<p><strong>AASHTO GUIDE FOR DESIGN OF PAVEMENT STRUCTURES<\/strong><br \/>\nEl m\u00e9todo se basa en consideraciones derivadas de pruebas experimentales. El principio general del m\u00e9todo es medir la idoneidad de la pavimentaci\u00f3n de calles en t\u00e9rminos del n\u00famero de veh\u00edculos (ejes est\u00e1ndar desde 82 kN) que el pavimento puede soportar, manteniendo la funcionalidad deseada, para un cierto n\u00famero de a\u00f1os (fijado como dato de proyecto e igual, en la mayor parte de los casos, a la vida \u00fatil de la carretera)<\/p>\n<p><strong>Westergaard<\/strong><br \/>\nSe basa en la soluci\u00f3n de la ecuaci\u00f3n de Lagrange con losas delgadas. Desde un punto de vista general, el m\u00e9todo es una herramienta para el c\u00e1lculo de la deflexi\u00f3n m\u00e1xima la cual se somete la losa delgada estratificada (a la cual se aproxima la pavimentaci\u00f3n de la calle). El criterio de verificaci\u00f3n (o proyecto) es similar a aquel en que se basa el m\u00e9todo de la m\u00e1xima deflexi\u00f3n.<\/p>\n<p><strong>Ivanov<\/strong><br \/>\nEl m\u00e9todo de la m\u00e1xima deflexi\u00f3n (o de Ivanon) se basa en la configuraci\u00f3n del problema el\u00e1stico en los terrenos seg\u00fan Boussinesq. El criterio se basa en limitar la m\u00e1xima deflexi\u00f3n que se verifica al t\u00e9rmino de la vida \u00fatil de una pavimentaci\u00f3n de carretera.<\/p>\n<p>Caracter\u00edsticas de RPD: C\u00e1lculo param\u00e9trico \u2013 vista inmediata de los\u2013 C\u00e1lculo autom\u00e1tico de: tr\u00e1fico de proyecto, tr\u00e1fico m\u00e1ximo soportable, Structural Number de la pavimentaci\u00f3n, coeficientes de estructura de los estratos, coeficientes de drenaje de los estratos.<\/p>\n<p>RPD cuenta con una interfaz intuitiva que simplifica su uso, cada par\u00e1metro es detalladamente descrito y verificado. RPD proporciona un detallado informe de c\u00e1lculo que incluye las referencias te\u00f3ricas.<\/p>\n<p>RPD es \u00fatil para calcular, verificar y optimizar las pavimentaciones.<\/p>\n<blockquote>\n<ul>\n<li style=\"text-align: left;\">C\u00e1lculo param\u00e9trico<\/li>\n<li style=\"text-align: left;\">Permite visualizar los resultados inmediatamente<\/li>\n<li style=\"text-align: left;\">Calcula autom\u00e1ticamente el tr\u00e1fico de proyecto<\/li>\n<li style=\"text-align: left;\">Calcula autom\u00e1ticamente el tr\u00e1fico m\u00e1ximo soportable<\/li>\n<li style=\"text-align: left;\">Calcula autom\u00e1ticamente el Structural Number de la pavimentaci\u00f3n<\/li>\n<li style=\"text-align: left;\">Cuenta con herramientas de c\u00e1lculo autom\u00e1tico de los coeficientes de estructura de los estratos<\/li>\n<li style=\"text-align: left;\">Cuenta con herramientas de c\u00e1lculo autom\u00e1tico de los coeficientes de drenaje de los estratos<\/li>\n<li style=\"text-align: left;\">Lleva a cabo los c\u00e1lculos en conformidad con la norma AASHTO pertinente<\/li>\n<\/ul>\n<p>RD-Proad utiliza los m\u00e1s modernos est\u00e1ndares de desarrollo. El software permite efectuar un AN\u00c1LISIS PARAM\u00c9TRICO con respecto a cualquier par\u00e1metro que interviene en el c\u00e1lculo, produciendo as\u00ed una detallada relaci\u00f3n de c\u00e1lculo.<\/p><\/blockquote>\n","protected":false},"excerpt":{"rendered":"<p>RPD \u00abRoad Pavement Design\u00bb\u00a0 Software para la verificaci\u00f3n de pavimentos asf\u00e1lticos flexibles y semirr\u00edgidos.<\/p>\n<p>RD-PRoad es un software que implementa procedimientos autom\u00e1ticos en los c\u00e1lculos de comprobaci\u00f3n de pavimentos asf\u00e1lticos, ya sean estos flexibles o semirr\u00edgidos. Con RD-PRoad es posible efectuar las verificaciones seg\u00fan m\u00e9todos emp\u00edricos (como el propuesto por AASHTO en el documento <a href=\"https:\/\/www.google.it\/url?sa=t&amp;rct=j&amp;q=&amp;esrc=s&amp;source=web&amp;cd=1&amp;cad=rja&amp;uact=8&amp;ved=0ahUKEwi518PTu-rWAhUCblAKHV0BB1QQFggsMAA&amp;url=https%3A%2F%2Fhabib00ugm.files.wordpress.com%2F2010%2F05%2Faashto1993.pdf&amp;usg=AOvVaw1LIM-vdskuOFf7M5ExMhpf\" target=\"_blank\" rel=\"noopener noreferrer\">GUIDE FOR DESIGN OF PAVEMENT STRUCTURES<\/a>) o seg\u00fan m\u00e9todos racionales. Entre los m\u00e9todos racionales se implementa el de m\u00e1xima deflexi\u00f3n (o de Ivanov) y el de Westergaard, para el c\u00e1lculo de las deflexiones en pavimentaciones multiestrato.<\/p>\n<blockquote><p><a href=\"https:\/\/blog.geostru.eu\/es\/aashto-verificacion-empirica-de-pavimentos-asfalticos\/\" target=\"_blank\" rel=\"noopener\">Profundizaci\u00f3n<\/a><\/p>\n<p><a href=\"https:\/\/youtu.be\/-64_RRX1xCY\" target=\"_blank\" rel=\"noopener\">Video tutorial<\/a><\/p><\/blockquote>\n","protected":false},"featured_media":128172,"comment_status":"open","ping_status":"closed","template":"","meta":[],"product_cat":[204,185],"product_tag":[799],"class_list":{"0":"post-49848","1":"product","2":"type-product","3":"status-publish","4":"has-post-thumbnail","6":"product_cat-estructuras","7":"product_cat-geotecnia-y-geologia","8":"product_tag-strade-es","9":"description-off","11":"first","12":"instock","13":"sale","14":"downloadable","15":"virtual","16":"sold-individually","17":"taxable","18":"purchasable","19":"product-type-licensed"},"yoast_head":"<!-- This site is optimized with the Yoast SEO Premium plugin v25.0 (Yoast SEO v25.0) - https:\/\/yoast.com\/wordpress\/plugins\/seo\/ -->\n<title>Calculo de pavimentos asf\u00e1lticos - RPD - GeoStru<\/title>\n<meta name=\"description\" content=\"RD-PRoad es un software que implementa procedimientos autom\u00e1ticos en los c\u00e1lculos de comprobaci\u00f3n de pavimentos asf\u00e1lticos, ya sean estos flexibles o semirr\u00edgidos.\" \/>\n<meta name=\"robots\" content=\"index, follow, max-snippet:-1, max-image-preview:large, max-video-preview:-1\" \/>\n<link rel=\"canonical\" href=\"https:\/\/www.geostru.eu\/es\/shop\/software-es\/estructuras\/calculo-de-pavimentos-asfalticos\/\" \/>\n<meta property=\"og:locale\" content=\"es_ES\" \/>\n<meta property=\"og:type\" content=\"article\" \/>\n<meta property=\"og:title\" content=\"Calculo de pavimentos asf\u00e1lticos - RPD\" \/>\n<meta property=\"og:description\" content=\"RD-PRoad es un software que implementa procedimientos autom\u00e1ticos en los c\u00e1lculos de comprobaci\u00f3n de pavimentos asf\u00e1lticos, ya sean estos flexibles o semirr\u00edgidos.\" \/>\n<meta property=\"og:url\" content=\"https:\/\/www.geostru.eu\/es\/shop\/software-es\/estructuras\/calculo-de-pavimentos-asfalticos\/\" \/>\n<meta property=\"og:site_name\" content=\"GeoStru\" \/>\n<meta property=\"article:publisher\" content=\"https:\/\/www.facebook.com\/GeoStruSoftware\/\" \/>\n<meta property=\"article:modified_time\" content=\"2026-04-15T00:18:13+00:00\" \/>\n<meta property=\"og:image\" content=\"https:\/\/www.geostru.eu\/wp-content\/uploads\/2017\/10\/Screen_rpd_1_es.png\" \/>\n\t<meta property=\"og:image:width\" content=\"1917\" \/>\n\t<meta property=\"og:image:height\" content=\"997\" \/>\n\t<meta property=\"og:image:type\" content=\"image\/png\" \/>\n<meta name=\"twitter:card\" content=\"summary_large_image\" \/>\n<meta name=\"twitter:site\" content=\"@geostru\" \/>\n<meta name=\"twitter:label1\" content=\"Precio\" \/>\n\t<meta name=\"twitter:data1\" content=\"&euro;390.00 exc. IVA\" \/>\n\t<meta name=\"twitter:label2\" content=\"Disponibilidad\" \/>\n\t<meta name=\"twitter:data2\" content=\"Disponible\" \/>\n<script type=\"application\/ld+json\" class=\"yoast-schema-graph\">{\"@context\":\"https:\/\/schema.org\",\"@graph\":[{\"@type\":\"WebPage\",\"@id\":\"https:\/\/www.geostru.eu\/es\/shop\/software-es\/estructuras\/calculo-de-pavimentos-asfalticos\/\",\"url\":\"https:\/\/www.geostru.eu\/es\/shop\/software-es\/estructuras\/calculo-de-pavimentos-asfalticos\/\",\"name\":\"Calculo de pavimentos asf\u00e1lticos - RPD - GeoStru\",\"isPartOf\":{\"@id\":\"https:\/\/www.geostru.eu\/es\/#website\"},\"primaryImageOfPage\":{\"@id\":\"https:\/\/www.geostru.eu\/es\/shop\/software-es\/estructuras\/calculo-de-pavimentos-asfalticos\/#primaryimage\"},\"image\":{\"@id\":\"https:\/\/www.geostru.eu\/es\/shop\/software-es\/estructuras\/calculo-de-pavimentos-asfalticos\/#primaryimage\"},\"thumbnailUrl\":\"https:\/\/www.geostru.eu\/wp-content\/uploads\/2017\/10\/Screen_rpd_1_es.png\",\"datePublished\":\"2017-10-12T06:51:05+00:00\",\"dateModified\":\"2026-04-15T00:18:13+00:00\",\"description\":\"RD-PRoad es un software que implementa procedimientos autom\u00e1ticos en los c\u00e1lculos de comprobaci\u00f3n de pavimentos asf\u00e1lticos, ya sean estos flexibles o semirr\u00edgidos.\",\"breadcrumb\":{\"@id\":\"https:\/\/www.geostru.eu\/es\/shop\/software-es\/estructuras\/calculo-de-pavimentos-asfalticos\/#breadcrumb\"},\"inLanguage\":\"es\",\"potentialAction\":[{\"@type\":\"ReadAction\",\"target\":[\"https:\/\/www.geostru.eu\/es\/shop\/software-es\/estructuras\/calculo-de-pavimentos-asfalticos\/\"]}]},{\"@type\":\"ImageObject\",\"inLanguage\":\"es\",\"@id\":\"https:\/\/www.geostru.eu\/es\/shop\/software-es\/estructuras\/calculo-de-pavimentos-asfalticos\/#primaryimage\",\"url\":\"https:\/\/www.geostru.eu\/wp-content\/uploads\/2017\/10\/Screen_rpd_1_es.png\",\"contentUrl\":\"https:\/\/www.geostru.eu\/wp-content\/uploads\/2017\/10\/Screen_rpd_1_es.png\",\"width\":1917,\"height\":997},{\"@type\":\"BreadcrumbList\",\"@id\":\"https:\/\/www.geostru.eu\/es\/shop\/software-es\/estructuras\/calculo-de-pavimentos-asfalticos\/#breadcrumb\",\"itemListElement\":[{\"@type\":\"ListItem\",\"position\":1,\"name\":\"Home\",\"item\":\"https:\/\/www.geostru.eu\/es\/\"},{\"@type\":\"ListItem\",\"position\":2,\"name\":\"Shop\",\"item\":\"https:\/\/www.geostru.eu\/shop\/?lang=es\"},{\"@type\":\"ListItem\",\"position\":3,\"name\":\"Calculo de pavimentos asf\u00e1lticos &#8211; RPD\"}]},{\"@type\":\"WebSite\",\"@id\":\"https:\/\/www.geostru.eu\/es\/#website\",\"url\":\"https:\/\/www.geostru.eu\/es\/\",\"name\":\"GeoStru\",\"description\":\"Professionals at your service\",\"publisher\":{\"@id\":\"https:\/\/www.geostru.eu\/es\/#organization\"},\"potentialAction\":[{\"@type\":\"SearchAction\",\"target\":{\"@type\":\"EntryPoint\",\"urlTemplate\":\"https:\/\/www.geostru.eu\/es\/?s={search_term_string}\"},\"query-input\":{\"@type\":\"PropertyValueSpecification\",\"valueRequired\":true,\"valueName\":\"search_term_string\"}}],\"inLanguage\":\"es\"},{\"@type\":\"Organization\",\"@id\":\"https:\/\/www.geostru.eu\/es\/#organization\",\"name\":\"GeoStru\",\"url\":\"https:\/\/www.geostru.eu\/es\/\",\"logo\":{\"@type\":\"ImageObject\",\"inLanguage\":\"es\",\"@id\":\"https:\/\/www.geostru.eu\/es\/#\/schema\/logo\/image\/\",\"url\":\"https:\/\/www.geostru.eu\/wp-content\/uploads\/2023\/02\/LOGO_GEOSTRU_educational_banner.png\",\"contentUrl\":\"https:\/\/www.geostru.eu\/wp-content\/uploads\/2023\/02\/LOGO_GEOSTRU_educational_banner.png\",\"width\":363,\"height\":115,\"caption\":\"GeoStru\"},\"image\":{\"@id\":\"https:\/\/www.geostru.eu\/es\/#\/schema\/logo\/image\/\"},\"sameAs\":[\"https:\/\/www.facebook.com\/GeoStruSoftware\/\",\"https:\/\/x.com\/geostru\",\"https:\/\/www.linkedin.com\/company\/2462488\/admin\/\",\"https:\/\/www.instagram.com\/geostru\/\"]}]}<\/script>\n<meta property=\"product:brand\" content=\"Estructuras\" \/>\n<meta property=\"product:price:amount\" content=\"390.00\" \/>\n<meta property=\"product:price:currency\" content=\"EUR\" \/>\n<meta property=\"og:availability\" content=\"instock\" \/>\n<meta property=\"product:availability\" content=\"instock\" \/>\n<meta property=\"product:retailer_item_id\" content=\"104\" \/>\n<meta property=\"product:condition\" content=\"new\" \/>\n<!-- \/ Yoast SEO Premium plugin. -->","yoast_head_json":{"title":"Calculo de pavimentos asf\u00e1lticos - RPD - GeoStru","description":"RD-PRoad es un software que implementa procedimientos autom\u00e1ticos en los c\u00e1lculos de comprobaci\u00f3n de pavimentos asf\u00e1lticos, ya sean estos flexibles o semirr\u00edgidos.","robots":{"index":"index","follow":"follow","max-snippet":"max-snippet:-1","max-image-preview":"max-image-preview:large","max-video-preview":"max-video-preview:-1"},"canonical":"https:\/\/www.geostru.eu\/es\/shop\/software-es\/estructuras\/calculo-de-pavimentos-asfalticos\/","og_locale":"es_ES","og_type":"article","og_title":"Calculo de pavimentos asf\u00e1lticos - RPD","og_description":"RD-PRoad es un software que implementa procedimientos autom\u00e1ticos en los c\u00e1lculos de comprobaci\u00f3n de pavimentos asf\u00e1lticos, ya sean estos flexibles o semirr\u00edgidos.","og_url":"https:\/\/www.geostru.eu\/es\/shop\/software-es\/estructuras\/calculo-de-pavimentos-asfalticos\/","og_site_name":"GeoStru","article_publisher":"https:\/\/www.facebook.com\/GeoStruSoftware\/","article_modified_time":"2026-04-15T00:18:13+00:00","og_image":[{"width":1917,"height":997,"url":"https:\/\/www.geostru.eu\/wp-content\/uploads\/2017\/10\/Screen_rpd_1_es.png","type":"image\/png"}],"twitter_card":"summary_large_image","twitter_site":"@geostru","twitter_misc":{"Precio":"&euro;390.00 exc. IVA","Disponibilidad":"Disponible"},"schema":{"@context":"https:\/\/schema.org","@graph":[{"@type":"WebPage","@id":"https:\/\/www.geostru.eu\/es\/shop\/software-es\/estructuras\/calculo-de-pavimentos-asfalticos\/","url":"https:\/\/www.geostru.eu\/es\/shop\/software-es\/estructuras\/calculo-de-pavimentos-asfalticos\/","name":"Calculo de pavimentos asf\u00e1lticos - RPD - GeoStru","isPartOf":{"@id":"https:\/\/www.geostru.eu\/es\/#website"},"primaryImageOfPage":{"@id":"https:\/\/www.geostru.eu\/es\/shop\/software-es\/estructuras\/calculo-de-pavimentos-asfalticos\/#primaryimage"},"image":{"@id":"https:\/\/www.geostru.eu\/es\/shop\/software-es\/estructuras\/calculo-de-pavimentos-asfalticos\/#primaryimage"},"thumbnailUrl":"https:\/\/www.geostru.eu\/wp-content\/uploads\/2017\/10\/Screen_rpd_1_es.png","datePublished":"2017-10-12T06:51:05+00:00","dateModified":"2026-04-15T00:18:13+00:00","description":"RD-PRoad es un software que implementa procedimientos autom\u00e1ticos en los c\u00e1lculos de comprobaci\u00f3n de pavimentos asf\u00e1lticos, ya sean estos flexibles o semirr\u00edgidos.","breadcrumb":{"@id":"https:\/\/www.geostru.eu\/es\/shop\/software-es\/estructuras\/calculo-de-pavimentos-asfalticos\/#breadcrumb"},"inLanguage":"es","potentialAction":[{"@type":"ReadAction","target":["https:\/\/www.geostru.eu\/es\/shop\/software-es\/estructuras\/calculo-de-pavimentos-asfalticos\/"]}]},{"@type":"ImageObject","inLanguage":"es","@id":"https:\/\/www.geostru.eu\/es\/shop\/software-es\/estructuras\/calculo-de-pavimentos-asfalticos\/#primaryimage","url":"https:\/\/www.geostru.eu\/wp-content\/uploads\/2017\/10\/Screen_rpd_1_es.png","contentUrl":"https:\/\/www.geostru.eu\/wp-content\/uploads\/2017\/10\/Screen_rpd_1_es.png","width":1917,"height":997},{"@type":"BreadcrumbList","@id":"https:\/\/www.geostru.eu\/es\/shop\/software-es\/estructuras\/calculo-de-pavimentos-asfalticos\/#breadcrumb","itemListElement":[{"@type":"ListItem","position":1,"name":"Home","item":"https:\/\/www.geostru.eu\/es\/"},{"@type":"ListItem","position":2,"name":"Shop","item":"https:\/\/www.geostru.eu\/shop\/?lang=es"},{"@type":"ListItem","position":3,"name":"Calculo de pavimentos asf\u00e1lticos &#8211; RPD"}]},{"@type":"WebSite","@id":"https:\/\/www.geostru.eu\/es\/#website","url":"https:\/\/www.geostru.eu\/es\/","name":"GeoStru","description":"Professionals at your service","publisher":{"@id":"https:\/\/www.geostru.eu\/es\/#organization"},"potentialAction":[{"@type":"SearchAction","target":{"@type":"EntryPoint","urlTemplate":"https:\/\/www.geostru.eu\/es\/?s={search_term_string}"},"query-input":{"@type":"PropertyValueSpecification","valueRequired":true,"valueName":"search_term_string"}}],"inLanguage":"es"},{"@type":"Organization","@id":"https:\/\/www.geostru.eu\/es\/#organization","name":"GeoStru","url":"https:\/\/www.geostru.eu\/es\/","logo":{"@type":"ImageObject","inLanguage":"es","@id":"https:\/\/www.geostru.eu\/es\/#\/schema\/logo\/image\/","url":"https:\/\/www.geostru.eu\/wp-content\/uploads\/2023\/02\/LOGO_GEOSTRU_educational_banner.png","contentUrl":"https:\/\/www.geostru.eu\/wp-content\/uploads\/2023\/02\/LOGO_GEOSTRU_educational_banner.png","width":363,"height":115,"caption":"GeoStru"},"image":{"@id":"https:\/\/www.geostru.eu\/es\/#\/schema\/logo\/image\/"},"sameAs":["https:\/\/www.facebook.com\/GeoStruSoftware\/","https:\/\/x.com\/geostru","https:\/\/www.linkedin.com\/company\/2462488\/admin\/","https:\/\/www.instagram.com\/geostru\/"]}]},"product_brand":"Estructuras","product_price_amount":"390.00","product_price_currency":"EUR","og_availability":"instock","product_availability":"instock","product_retailer_item_id":"104","product_condition":"new"},"_links":{"self":[{"href":"https:\/\/www.geostru.eu\/es\/wp-json\/wp\/v2\/product\/49848"}],"collection":[{"href":"https:\/\/www.geostru.eu\/es\/wp-json\/wp\/v2\/product"}],"about":[{"href":"https:\/\/www.geostru.eu\/es\/wp-json\/wp\/v2\/types\/product"}],"replies":[{"embeddable":true,"href":"https:\/\/www.geostru.eu\/es\/wp-json\/wp\/v2\/comments?post=49848"}],"wp:featuredmedia":[{"embeddable":true,"href":"https:\/\/www.geostru.eu\/es\/wp-json\/wp\/v2\/media\/128172"}],"wp:attachment":[{"href":"https:\/\/www.geostru.eu\/es\/wp-json\/wp\/v2\/media?parent=49848"}],"wp:term":[{"taxonomy":"product_cat","embeddable":true,"href":"https:\/\/www.geostru.eu\/es\/wp-json\/wp\/v2\/product_cat?post=49848"},{"taxonomy":"product_tag","embeddable":true,"href":"https:\/\/www.geostru.eu\/es\/wp-json\/wp\/v2\/product_tag?post=49848"}],"curies":[{"name":"wp","href":"https:\/\/api.w.org\/{rel}","templated":true}]}}