{"id":30280,"date":"2017-05-16T16:22:08","date_gmt":"2017-05-16T14:22:08","guid":{"rendered":"https:\/\/www.geostru.eu\/shop\/uncategorized\/earth-small-dams-esd\/"},"modified":"2025-05-13T18:21:10","modified_gmt":"2025-05-13T16:21:10","slug":"earth-small-dams-esd","status":"publish","type":"product","link":"https:\/\/www.geostru.eu\/es\/shop\/software-es\/earth-small-dams-esd\/","title":{"rendered":"Earth Small Dams &#8211; ESD"},"content":{"rendered":"<p style=\"text-align: justify;\">Software de verificaci\u00f3n de embalses de represas de tierra, o de peque\u00f1as represas, en condiciones est\u00e1ticas y s\u00edsmicas.<br \/>\nVerificaci\u00f3n en condiciones de: embalse lleno, embalse vac\u00edo, embalse vaciado r\u00e1pidamente.<br \/>\nVerificaci\u00f3n hidr\u00e1ulica al sifonamiento, determinaci\u00f3n de la capacidad de filtraci\u00f3n por la obra, longitud de filtraci\u00f3n, comportamiento dela l\u00ednea de saturaci\u00f3n.<br \/>\nLocalizaci\u00f3n de la obra en el mapa.<br \/>\nRepresentaci\u00f3n de la secci\u00f3n del terrapl\u00e9n y de la l\u00ednea de saturaci\u00f3n.<br \/>\nInforme de c\u00e1lculo con referencias te\u00f3ricas.<br \/>\nExportaci\u00f3n en dxf y en formato imagen.<\/p>\n","protected":false},"excerpt":{"rendered":"<p style=\"text-align: justify;\">Software de verificaci\u00f3n de represas de tierra, en condiciones est\u00e1ticas y s\u00edsmicas.<br \/>\nVerificaci\u00f3n en condiciones de: embalse lleno, embalse vac\u00edo, embalse vaciado r\u00e1pidamente.<br \/>\nVerificaci\u00f3n hidr\u00e1ulica al sifonamiento, determinaci\u00f3n de la capacidad de filtraci\u00f3n por la obra, longitud de filtraci\u00f3n, comportamiento dela l\u00ednea de saturaci\u00f3n.e trend.<\/p>\n<p style=\"text-align: justify;\"><a href=\"https:\/\/www.youtube.com\/watch?v=a_-6wgNWXwU&amp;index=8&amp;list=PL1eCa1OxJalLlFPQ1tY4fP2Z545k3uDWh\">VIDEO&#8230;<\/a><\/p>\n","protected":false},"featured_media":29720,"comment_status":"open","ping_status":"closed","template":"","meta":[],"product_cat":[191,529,185,190],"product_tag":[760],"class_list":{"0":"post-30280","1":"product","2":"type-product","3":"status-publish","4":"has-post-thumbnail","6":"product_cat-software-es","7":"product_cat-software-geologia-es","8":"product_cat-geotecnia-y-geologia","9":"product_cat-hidrologia-e-hidraulica","10":"product_tag-earth-small-dams-es","11":"description-off","13":"first","14":"instock","15":"featured","16":"downloadable","17":"virtual","18":"sold-individually","19":"taxable","20":"purchasable","21":"product-type-licensed"},"yoast_head":"<!-- This site is optimized with the Yoast SEO Premium plugin v25.0 (Yoast SEO v25.0) - https:\/\/yoast.com\/wordpress\/plugins\/seo\/ -->\n<title>Earth Small Dams - ESD - GeoStru<\/title>\n<meta name=\"description\" content=\"Software for the check of earth small dams in both static and seismic conditions. Checks: full, empty ot quickly emptied tank, hydraulic siphoning check.\" \/>\n<meta name=\"robots\" content=\"index, follow, max-snippet:-1, max-image-preview:large, max-video-preview:-1\" \/>\n<link rel=\"canonical\" href=\"https:\/\/www.geostru.eu\/es\/shop\/software-es\/earth-small-dams-esd\/\" \/>\n<meta property=\"og:locale\" content=\"es_ES\" \/>\n<meta property=\"og:type\" content=\"article\" \/>\n<meta property=\"og:title\" content=\"Earth Small Dams - ESD\" \/>\n<meta property=\"og:description\" content=\"Software for the check of earth small dams in both static and seismic conditions. Checks: full, empty ot quickly emptied tank, hydraulic siphoning check.\" \/>\n<meta property=\"og:url\" content=\"https:\/\/www.geostru.eu\/es\/shop\/software-es\/earth-small-dams-esd\/\" \/>\n<meta property=\"og:site_name\" content=\"GeoStru\" \/>\n<meta property=\"article:publisher\" content=\"https:\/\/www.facebook.com\/GeoStruSoftware\/\" \/>\n<meta property=\"article:modified_time\" content=\"2025-05-13T16:21:10+00:00\" \/>\n<meta property=\"og:image\" content=\"https:\/\/www.geostru.eu\/wp-content\/uploads\/2017\/05\/esd_es-.jpg\" \/>\n\t<meta property=\"og:image:width\" content=\"1200\" \/>\n\t<meta property=\"og:image:height\" content=\"630\" \/>\n\t<meta property=\"og:image:type\" content=\"image\/jpeg\" \/>\n<meta name=\"twitter:card\" content=\"summary_large_image\" \/>\n<meta name=\"twitter:site\" content=\"@geostru\" \/>\n<meta name=\"twitter:label1\" content=\"Precio\" \/>\n\t<meta name=\"twitter:data1\" content=\"&euro;450.00 exc. IVA\" \/>\n\t<meta name=\"twitter:label2\" content=\"Disponibilidad\" \/>\n\t<meta name=\"twitter:data2\" content=\"Disponible\" \/>\n<script type=\"application\/ld+json\" class=\"yoast-schema-graph\">{\"@context\":\"https:\/\/schema.org\",\"@graph\":[{\"@type\":\"WebPage\",\"@id\":\"https:\/\/www.geostru.eu\/es\/shop\/software-es\/earth-small-dams-esd\/\",\"url\":\"https:\/\/www.geostru.eu\/es\/shop\/software-es\/earth-small-dams-esd\/\",\"name\":\"Earth Small Dams - ESD - GeoStru\",\"isPartOf\":{\"@id\":\"https:\/\/www.geostru.eu\/es\/#website\"},\"primaryImageOfPage\":{\"@id\":\"https:\/\/www.geostru.eu\/es\/shop\/software-es\/earth-small-dams-esd\/#primaryimage\"},\"image\":{\"@id\":\"https:\/\/www.geostru.eu\/es\/shop\/software-es\/earth-small-dams-esd\/#primaryimage\"},\"thumbnailUrl\":\"https:\/\/www.geostru.eu\/wp-content\/uploads\/2017\/05\/edd_22.jpg\",\"datePublished\":\"2017-05-16T14:22:08+00:00\",\"dateModified\":\"2025-05-13T16:21:10+00:00\",\"description\":\"Software for the check of earth small dams in both static and seismic conditions. Checks: full, empty ot quickly emptied tank, hydraulic siphoning check.\",\"breadcrumb\":{\"@id\":\"https:\/\/www.geostru.eu\/es\/shop\/software-es\/earth-small-dams-esd\/#breadcrumb\"},\"inLanguage\":\"es\",\"potentialAction\":[{\"@type\":\"ReadAction\",\"target\":[\"https:\/\/www.geostru.eu\/es\/shop\/software-es\/earth-small-dams-esd\/\"]}]},{\"@type\":\"ImageObject\",\"inLanguage\":\"es\",\"@id\":\"https:\/\/www.geostru.eu\/es\/shop\/software-es\/earth-small-dams-esd\/#primaryimage\",\"url\":\"https:\/\/www.geostru.eu\/wp-content\/uploads\/2017\/05\/edd_22.jpg\",\"contentUrl\":\"https:\/\/www.geostru.eu\/wp-content\/uploads\/2017\/05\/edd_22.jpg\",\"width\":570,\"height\":307,\"caption\":\"verifica di argini in terra - esd\"},{\"@type\":\"BreadcrumbList\",\"@id\":\"https:\/\/www.geostru.eu\/es\/shop\/software-es\/earth-small-dams-esd\/#breadcrumb\",\"itemListElement\":[{\"@type\":\"ListItem\",\"position\":1,\"name\":\"Home\",\"item\":\"https:\/\/www.geostru.eu\/es\/\"},{\"@type\":\"ListItem\",\"position\":2,\"name\":\"Shop\",\"item\":\"https:\/\/www.geostru.eu\/shop\/?lang=es\"},{\"@type\":\"ListItem\",\"position\":3,\"name\":\"Earth Small Dams &#8211; ESD\"}]},{\"@type\":\"WebSite\",\"@id\":\"https:\/\/www.geostru.eu\/es\/#website\",\"url\":\"https:\/\/www.geostru.eu\/es\/\",\"name\":\"GeoStru\",\"description\":\"Professionals at your service\",\"publisher\":{\"@id\":\"https:\/\/www.geostru.eu\/es\/#organization\"},\"potentialAction\":[{\"@type\":\"SearchAction\",\"target\":{\"@type\":\"EntryPoint\",\"urlTemplate\":\"https:\/\/www.geostru.eu\/es\/?s={search_term_string}\"},\"query-input\":{\"@type\":\"PropertyValueSpecification\",\"valueRequired\":true,\"valueName\":\"search_term_string\"}}],\"inLanguage\":\"es\"},{\"@type\":\"Organization\",\"@id\":\"https:\/\/www.geostru.eu\/es\/#organization\",\"name\":\"GeoStru\",\"url\":\"https:\/\/www.geostru.eu\/es\/\",\"logo\":{\"@type\":\"ImageObject\",\"inLanguage\":\"es\",\"@id\":\"https:\/\/www.geostru.eu\/es\/#\/schema\/logo\/image\/\",\"url\":\"https:\/\/www.geostru.eu\/wp-content\/uploads\/2023\/02\/LOGO_GEOSTRU_educational_banner.png\",\"contentUrl\":\"https:\/\/www.geostru.eu\/wp-content\/uploads\/2023\/02\/LOGO_GEOSTRU_educational_banner.png\",\"width\":363,\"height\":115,\"caption\":\"GeoStru\"},\"image\":{\"@id\":\"https:\/\/www.geostru.eu\/es\/#\/schema\/logo\/image\/\"},\"sameAs\":[\"https:\/\/www.facebook.com\/GeoStruSoftware\/\",\"https:\/\/x.com\/geostru\",\"https:\/\/www.linkedin.com\/company\/2462488\/admin\/\",\"https:\/\/www.instagram.com\/geostru\/\"]}]}<\/script>\n<meta property=\"product:brand\" content=\"Software\" \/>\n<meta property=\"product:price:amount\" content=\"450.00\" \/>\n<meta property=\"product:price:currency\" content=\"EUR\" \/>\n<meta property=\"og:availability\" content=\"instock\" \/>\n<meta property=\"product:availability\" content=\"instock\" \/>\n<meta property=\"product:retailer_item_id\" content=\"54\" \/>\n<meta property=\"product:condition\" content=\"new\" \/>\n<!-- \/ Yoast SEO Premium plugin. -->","yoast_head_json":{"title":"Earth Small Dams - ESD - GeoStru","description":"Software for the check of earth small dams in both static and seismic conditions. Checks: full, empty ot quickly emptied tank, hydraulic siphoning check.","robots":{"index":"index","follow":"follow","max-snippet":"max-snippet:-1","max-image-preview":"max-image-preview:large","max-video-preview":"max-video-preview:-1"},"canonical":"https:\/\/www.geostru.eu\/es\/shop\/software-es\/earth-small-dams-esd\/","og_locale":"es_ES","og_type":"article","og_title":"Earth Small Dams - ESD","og_description":"Software for the check of earth small dams in both static and seismic conditions. Checks: full, empty ot quickly emptied tank, hydraulic siphoning check.","og_url":"https:\/\/www.geostru.eu\/es\/shop\/software-es\/earth-small-dams-esd\/","og_site_name":"GeoStru","article_publisher":"https:\/\/www.facebook.com\/GeoStruSoftware\/","article_modified_time":"2025-05-13T16:21:10+00:00","og_image":[{"width":1200,"height":630,"url":"https:\/\/www.geostru.eu\/wp-content\/uploads\/2017\/05\/esd_es-.jpg","type":"image\/jpeg"}],"twitter_card":"summary_large_image","twitter_site":"@geostru","twitter_misc":{"Precio":"&euro;450.00 exc. IVA","Disponibilidad":"Disponible"},"schema":{"@context":"https:\/\/schema.org","@graph":[{"@type":"WebPage","@id":"https:\/\/www.geostru.eu\/es\/shop\/software-es\/earth-small-dams-esd\/","url":"https:\/\/www.geostru.eu\/es\/shop\/software-es\/earth-small-dams-esd\/","name":"Earth Small Dams - ESD - GeoStru","isPartOf":{"@id":"https:\/\/www.geostru.eu\/es\/#website"},"primaryImageOfPage":{"@id":"https:\/\/www.geostru.eu\/es\/shop\/software-es\/earth-small-dams-esd\/#primaryimage"},"image":{"@id":"https:\/\/www.geostru.eu\/es\/shop\/software-es\/earth-small-dams-esd\/#primaryimage"},"thumbnailUrl":"https:\/\/www.geostru.eu\/wp-content\/uploads\/2017\/05\/edd_22.jpg","datePublished":"2017-05-16T14:22:08+00:00","dateModified":"2025-05-13T16:21:10+00:00","description":"Software for the check of earth small dams in both static and seismic conditions. Checks: full, empty ot quickly emptied tank, hydraulic siphoning check.","breadcrumb":{"@id":"https:\/\/www.geostru.eu\/es\/shop\/software-es\/earth-small-dams-esd\/#breadcrumb"},"inLanguage":"es","potentialAction":[{"@type":"ReadAction","target":["https:\/\/www.geostru.eu\/es\/shop\/software-es\/earth-small-dams-esd\/"]}]},{"@type":"ImageObject","inLanguage":"es","@id":"https:\/\/www.geostru.eu\/es\/shop\/software-es\/earth-small-dams-esd\/#primaryimage","url":"https:\/\/www.geostru.eu\/wp-content\/uploads\/2017\/05\/edd_22.jpg","contentUrl":"https:\/\/www.geostru.eu\/wp-content\/uploads\/2017\/05\/edd_22.jpg","width":570,"height":307,"caption":"verifica di argini in terra - esd"},{"@type":"BreadcrumbList","@id":"https:\/\/www.geostru.eu\/es\/shop\/software-es\/earth-small-dams-esd\/#breadcrumb","itemListElement":[{"@type":"ListItem","position":1,"name":"Home","item":"https:\/\/www.geostru.eu\/es\/"},{"@type":"ListItem","position":2,"name":"Shop","item":"https:\/\/www.geostru.eu\/shop\/?lang=es"},{"@type":"ListItem","position":3,"name":"Earth Small Dams &#8211; ESD"}]},{"@type":"WebSite","@id":"https:\/\/www.geostru.eu\/es\/#website","url":"https:\/\/www.geostru.eu\/es\/","name":"GeoStru","description":"Professionals at your service","publisher":{"@id":"https:\/\/www.geostru.eu\/es\/#organization"},"potentialAction":[{"@type":"SearchAction","target":{"@type":"EntryPoint","urlTemplate":"https:\/\/www.geostru.eu\/es\/?s={search_term_string}"},"query-input":{"@type":"PropertyValueSpecification","valueRequired":true,"valueName":"search_term_string"}}],"inLanguage":"es"},{"@type":"Organization","@id":"https:\/\/www.geostru.eu\/es\/#organization","name":"GeoStru","url":"https:\/\/www.geostru.eu\/es\/","logo":{"@type":"ImageObject","inLanguage":"es","@id":"https:\/\/www.geostru.eu\/es\/#\/schema\/logo\/image\/","url":"https:\/\/www.geostru.eu\/wp-content\/uploads\/2023\/02\/LOGO_GEOSTRU_educational_banner.png","contentUrl":"https:\/\/www.geostru.eu\/wp-content\/uploads\/2023\/02\/LOGO_GEOSTRU_educational_banner.png","width":363,"height":115,"caption":"GeoStru"},"image":{"@id":"https:\/\/www.geostru.eu\/es\/#\/schema\/logo\/image\/"},"sameAs":["https:\/\/www.facebook.com\/GeoStruSoftware\/","https:\/\/x.com\/geostru","https:\/\/www.linkedin.com\/company\/2462488\/admin\/","https:\/\/www.instagram.com\/geostru\/"]}]},"product_brand":"Software","product_price_amount":"450.00","product_price_currency":"EUR","og_availability":"instock","product_availability":"instock","product_retailer_item_id":"54","product_condition":"new"},"_links":{"self":[{"href":"https:\/\/www.geostru.eu\/es\/wp-json\/wp\/v2\/product\/30280"}],"collection":[{"href":"https:\/\/www.geostru.eu\/es\/wp-json\/wp\/v2\/product"}],"about":[{"href":"https:\/\/www.geostru.eu\/es\/wp-json\/wp\/v2\/types\/product"}],"replies":[{"embeddable":true,"href":"https:\/\/www.geostru.eu\/es\/wp-json\/wp\/v2\/comments?post=30280"}],"wp:featuredmedia":[{"embeddable":true,"href":"https:\/\/www.geostru.eu\/es\/wp-json\/wp\/v2\/media\/29720"}],"wp:attachment":[{"href":"https:\/\/www.geostru.eu\/es\/wp-json\/wp\/v2\/media?parent=30280"}],"wp:term":[{"taxonomy":"product_cat","embeddable":true,"href":"https:\/\/www.geostru.eu\/es\/wp-json\/wp\/v2\/product_cat?post=30280"},{"taxonomy":"product_tag","embeddable":true,"href":"https:\/\/www.geostru.eu\/es\/wp-json\/wp\/v2\/product_tag?post=30280"}],"curies":[{"name":"wp","href":"https:\/\/api.w.org\/{rel}","templated":true}]}}