{"id":27552,"date":"2017-01-24T18:19:39","date_gmt":"2017-01-24T16:19:39","guid":{"rendered":"https:\/\/www.geostru.eu\/es\/shop\/uncategorized\/profili-topografici-autocad-auto-cross-section\/"},"modified":"2025-11-09T17:21:07","modified_gmt":"2025-11-09T16:21:07","slug":"perfiles-topograficos-autocad-auto-cross-section","status":"publish","type":"product","link":"https:\/\/www.geostru.eu\/es\/shop\/autocad-es\/perfiles-topograficos-autocad-auto-cross-section\/","title":{"rendered":"Perfiles topogr\u00e1ficos autocad: Auto Cross Section"},"content":{"rendered":"<p><span style=\"font-weight: 400;\" data-mce-style=\"font-weight: 400;\">Macro para Autocad, para la creaci\u00f3n de secciones topogr\u00e1ficas y perfiles del terreno. Los datos de entrada pueden ser: DTM en mallas triangulares, l\u00edneas y polil\u00edneas, incluyendo 3D. Para trazar la secci\u00f3n basta con trazar dos puntos en el plano cartogr\u00e1fico. Mediante el men\u00fa settings se pueden configurar: escala de las alturas y de las distancias, colocaci\u00f3n de los textos, colocaci\u00f3n del rengl\u00f3n de cotas y distancias. Adem\u00e1s, para trazar la secci\u00f3n es posible indicar los entes a considerar: Polil\u00ednea 2D con elevaci\u00f3n o Polil\u00ednea 3D. Las secciones topogr\u00e1ficas se pueden exportar en formato *.sec para importarlas en los software Geostru: Slope, Georock 2D o 3D, etc.<\/span><\/p>\n<p><span style=\"font-weight: 400;\" data-mce-style=\"font-weight: 400;\">Mediante la misma macro: trazando una polil\u00ednea cerrada es posible generar cuencas, las cuales se podr\u00e1n importar en Hydrologick Risk para an\u00e1lisis hidrol\u00f3gicos e hidr\u00e1ulicos.<\/span><\/p>\n<p><a href=\"https:\/\/youtu.be\/pA5zBsPSMLE\" data-mce-href=\"https:\/\/youtu.be\/pA5zBsPSMLE\"><span style=\"font-weight: 400;\" data-mce-style=\"font-weight: 400;\">Un breve video sobre c\u00f3mo instalar y usar la macro.<\/span><\/a><\/p>\n<p style=\"text-align: justify;\" data-mce-style=\"text-align: justify;\"><\/p>\n","protected":false},"excerpt":{"rendered":"<p><span style=\"font-weight: 400;\" data-mce-style=\"font-weight: 400;\">Macro para Autocad (2010-2017), para la creaci\u00f3n de secciones topogr\u00e1ficas y perfiles del terreno. Los datos de entrada pueden ser: DTM en mallas triangulares, l\u00edneas y polil\u00edneas, incluyendo 3D. Para trazar la secci\u00f3n basta con trazar dos puntos en el plano cartogr\u00e1fico. Mediante el men\u00fa settings se pueden configurar: escala de las alturas y de las distancias, colocaci\u00f3n de los textos, colocaci\u00f3n del rengl\u00f3n de cotas y distancias. Adem\u00e1s, para trazar la secci\u00f3n es posible indicar los entes a considerar: Polil\u00ednea 2D con elevaci\u00f3n o Polil\u00ednea 3D. Las secciones topogr\u00e1ficas se pueden exportar en formato *.sec para importarlas en los software Geostru: Slope, Georock 2D o 3D, etc.<\/span><\/p>\n<p><span style=\"font-weight: 400;\" data-mce-style=\"font-weight: 400;\">Mediante la misma macro: trazando una polil\u00ednea cerrada es posible generar cuencas, las cuales se podr\u00e1n importar en Hydrologick Risk para an\u00e1lisis hidrol\u00f3gicos e hidr\u00e1ulicos.<\/span><\/p>\n<p><a href=\"https:\/\/youtu.be\/pA5zBsPSMLE\" data-mce-href=\"https:\/\/youtu.be\/pA5zBsPSMLE\"><span style=\"font-weight: 400;\" data-mce-style=\"font-weight: 400;\">Un breve video sobre c\u00f3mo instalar y usar la macro.<\/span><\/a><\/p>\n<p style=\"text-align: justify;\" data-mce-style=\"text-align: justify;\"><\/p>\n","protected":false},"featured_media":27468,"comment_status":"open","ping_status":"closed","template":"","meta":[],"product_cat":[706,683,189,205],"product_tag":[707,708],"class_list":{"0":"post-27552","1":"product","2":"type-product","3":"status-publish","4":"has-post-thumbnail","6":"product_cat-autocad-es","7":"product_cat-plugin-es","8":"product_cat-gratuitos","9":"product_cat-topografia-es","10":"product_tag-autocad-es","11":"product_tag-profilo-topografico-es","12":"description-off","14":"first","15":"instock","16":"downloadable","17":"virtual","18":"sold-individually","19":"taxable","20":"purchasable","21":"product-type-licensed"},"yoast_head":"<!-- This site is optimized with the Yoast SEO Premium plugin v25.0 (Yoast SEO v25.0) - https:\/\/yoast.com\/wordpress\/plugins\/seo\/ -->\n<title>Perfiles topogr\u00e1ficos autocad: Auto Cross Section - GeoStru<\/title>\n<meta name=\"robots\" content=\"index, follow, max-snippet:-1, max-image-preview:large, max-video-preview:-1\" \/>\n<link rel=\"canonical\" href=\"https:\/\/www.geostru.eu\/es\/shop\/autocad-es\/perfiles-topograficos-autocad-auto-cross-section\/\" \/>\n<meta property=\"og:locale\" content=\"es_ES\" \/>\n<meta property=\"og:type\" content=\"article\" \/>\n<meta property=\"og:title\" content=\"Perfiles topogr\u00e1ficos autocad: Auto Cross Section\" \/>\n<meta property=\"og:description\" content=\"Macro para Autocad (2010-2017), para la creaci\u00f3n de secciones topogr\u00e1ficas y perfiles del terreno. Los datos de entrada pueden ser: DTM en mallas triangulares, l\u00edneas y polil\u00edneas, incluyendo 3D. Para trazar la secci\u00f3n basta con trazar dos puntos en el plano cartogr\u00e1fico. Mediante el men\u00fa settings se pueden configurar: escala de las alturas y de las distancias, colocaci\u00f3n de los textos, colocaci\u00f3n del rengl\u00f3n de cotas y distancias. Adem\u00e1s, para trazar la secci\u00f3n es posible indicar los entes a considerar: Polil\u00ednea 2D con elevaci\u00f3n o Polil\u00ednea 3D. Las secciones topogr\u00e1ficas se pueden exportar en formato *.sec para importarlas en los software Geostru: Slope, Georock 2D o 3D, etc.Mediante la misma macro: trazando una polil\u00ednea cerrada es posible generar cuencas, las cuales se podr\u00e1n importar en Hydrologick Risk para an\u00e1lisis hidrol\u00f3gicos e hidr\u00e1ulicos.Un breve video sobre c\u00f3mo instalar y usar la macro.\" \/>\n<meta property=\"og:url\" content=\"https:\/\/www.geostru.eu\/es\/shop\/autocad-es\/perfiles-topograficos-autocad-auto-cross-section\/\" \/>\n<meta property=\"og:site_name\" content=\"GeoStru\" \/>\n<meta property=\"article:publisher\" content=\"https:\/\/www.facebook.com\/GeoStruSoftware\/\" \/>\n<meta property=\"article:modified_time\" content=\"2025-11-09T16:21:07+00:00\" \/>\n<meta property=\"og:image\" content=\"https:\/\/www.geostru.eu\/wp-content\/uploads\/2017\/01\/geostru-autocad-cross-section.jpg\" \/>\n\t<meta property=\"og:image:width\" content=\"1200\" \/>\n\t<meta property=\"og:image:height\" content=\"670\" \/>\n\t<meta property=\"og:image:type\" content=\"image\/jpeg\" \/>\n<meta name=\"twitter:card\" content=\"summary_large_image\" \/>\n<meta name=\"twitter:site\" content=\"@geostru\" \/>\n<meta name=\"twitter:label1\" content=\"Precio\" \/>\n\t<meta name=\"twitter:data1\" content=\"&euro;90.00 exc. IVA\" \/>\n\t<meta name=\"twitter:label2\" content=\"Disponibilidad\" \/>\n\t<meta name=\"twitter:data2\" content=\"Disponible\" \/>\n<script type=\"application\/ld+json\" class=\"yoast-schema-graph\">{\"@context\":\"https:\/\/schema.org\",\"@graph\":[{\"@type\":\"WebPage\",\"@id\":\"https:\/\/www.geostru.eu\/es\/shop\/autocad-es\/perfiles-topograficos-autocad-auto-cross-section\/\",\"url\":\"https:\/\/www.geostru.eu\/es\/shop\/autocad-es\/perfiles-topograficos-autocad-auto-cross-section\/\",\"name\":\"Perfiles topogr\u00e1ficos autocad: Auto Cross Section - GeoStru\",\"isPartOf\":{\"@id\":\"https:\/\/www.geostru.eu\/es\/#website\"},\"primaryImageOfPage\":{\"@id\":\"https:\/\/www.geostru.eu\/es\/shop\/autocad-es\/perfiles-topograficos-autocad-auto-cross-section\/#primaryimage\"},\"image\":{\"@id\":\"https:\/\/www.geostru.eu\/es\/shop\/autocad-es\/perfiles-topograficos-autocad-auto-cross-section\/#primaryimage\"},\"thumbnailUrl\":\"https:\/\/www.geostru.eu\/wp-content\/uploads\/2017\/01\/geostru-autocad-cross-section.jpg\",\"datePublished\":\"2017-01-24T16:19:39+00:00\",\"dateModified\":\"2025-11-09T16:21:07+00:00\",\"breadcrumb\":{\"@id\":\"https:\/\/www.geostru.eu\/es\/shop\/autocad-es\/perfiles-topograficos-autocad-auto-cross-section\/#breadcrumb\"},\"inLanguage\":\"es\",\"potentialAction\":[{\"@type\":\"ReadAction\",\"target\":[\"https:\/\/www.geostru.eu\/es\/shop\/autocad-es\/perfiles-topograficos-autocad-auto-cross-section\/\"]}]},{\"@type\":\"ImageObject\",\"inLanguage\":\"es\",\"@id\":\"https:\/\/www.geostru.eu\/es\/shop\/autocad-es\/perfiles-topograficos-autocad-auto-cross-section\/#primaryimage\",\"url\":\"https:\/\/www.geostru.eu\/wp-content\/uploads\/2017\/01\/geostru-autocad-cross-section.jpg\",\"contentUrl\":\"https:\/\/www.geostru.eu\/wp-content\/uploads\/2017\/01\/geostru-autocad-cross-section.jpg\",\"width\":1200,\"height\":670,\"caption\":\"Profili topografici in autocad: auto\"},{\"@type\":\"BreadcrumbList\",\"@id\":\"https:\/\/www.geostru.eu\/es\/shop\/autocad-es\/perfiles-topograficos-autocad-auto-cross-section\/#breadcrumb\",\"itemListElement\":[{\"@type\":\"ListItem\",\"position\":1,\"name\":\"Home\",\"item\":\"https:\/\/www.geostru.eu\/es\/\"},{\"@type\":\"ListItem\",\"position\":2,\"name\":\"Shop\",\"item\":\"https:\/\/www.geostru.eu\/shop\/?lang=es\"},{\"@type\":\"ListItem\",\"position\":3,\"name\":\"Perfiles topogr\u00e1ficos autocad: Auto Cross Section\"}]},{\"@type\":\"WebSite\",\"@id\":\"https:\/\/www.geostru.eu\/es\/#website\",\"url\":\"https:\/\/www.geostru.eu\/es\/\",\"name\":\"GeoStru\",\"description\":\"Professionals at your service\",\"publisher\":{\"@id\":\"https:\/\/www.geostru.eu\/es\/#organization\"},\"potentialAction\":[{\"@type\":\"SearchAction\",\"target\":{\"@type\":\"EntryPoint\",\"urlTemplate\":\"https:\/\/www.geostru.eu\/es\/?s={search_term_string}\"},\"query-input\":{\"@type\":\"PropertyValueSpecification\",\"valueRequired\":true,\"valueName\":\"search_term_string\"}}],\"inLanguage\":\"es\"},{\"@type\":\"Organization\",\"@id\":\"https:\/\/www.geostru.eu\/es\/#organization\",\"name\":\"GeoStru\",\"url\":\"https:\/\/www.geostru.eu\/es\/\",\"logo\":{\"@type\":\"ImageObject\",\"inLanguage\":\"es\",\"@id\":\"https:\/\/www.geostru.eu\/es\/#\/schema\/logo\/image\/\",\"url\":\"https:\/\/www.geostru.eu\/wp-content\/uploads\/2023\/02\/LOGO_GEOSTRU_educational_banner.png\",\"contentUrl\":\"https:\/\/www.geostru.eu\/wp-content\/uploads\/2023\/02\/LOGO_GEOSTRU_educational_banner.png\",\"width\":363,\"height\":115,\"caption\":\"GeoStru\"},\"image\":{\"@id\":\"https:\/\/www.geostru.eu\/es\/#\/schema\/logo\/image\/\"},\"sameAs\":[\"https:\/\/www.facebook.com\/GeoStruSoftware\/\",\"https:\/\/x.com\/geostru\",\"https:\/\/www.linkedin.com\/company\/2462488\/admin\/\",\"https:\/\/www.instagram.com\/geostru\/\"]}]}<\/script>\n<meta property=\"product:brand\" content=\"Autocad\" \/>\n<meta property=\"product:price:amount\" content=\"90.00\" \/>\n<meta property=\"product:price:currency\" content=\"EUR\" \/>\n<meta property=\"og:availability\" content=\"instock\" \/>\n<meta property=\"product:availability\" content=\"instock\" \/>\n<meta property=\"product:retailer_item_id\" content=\"49\" \/>\n<meta property=\"product:condition\" content=\"new\" \/>\n<!-- \/ Yoast SEO Premium plugin. -->","yoast_head_json":{"title":"Perfiles topogr\u00e1ficos autocad: Auto Cross Section - GeoStru","robots":{"index":"index","follow":"follow","max-snippet":"max-snippet:-1","max-image-preview":"max-image-preview:large","max-video-preview":"max-video-preview:-1"},"canonical":"https:\/\/www.geostru.eu\/es\/shop\/autocad-es\/perfiles-topograficos-autocad-auto-cross-section\/","og_locale":"es_ES","og_type":"article","og_title":"Perfiles topogr\u00e1ficos autocad: Auto Cross Section","og_description":"Macro para Autocad (2010-2017), para la creaci\u00f3n de secciones topogr\u00e1ficas y perfiles del terreno. Los datos de entrada pueden ser: DTM en mallas triangulares, l\u00edneas y polil\u00edneas, incluyendo 3D. Para trazar la secci\u00f3n basta con trazar dos puntos en el plano cartogr\u00e1fico. Mediante el men\u00fa settings se pueden configurar: escala de las alturas y de las distancias, colocaci\u00f3n de los textos, colocaci\u00f3n del rengl\u00f3n de cotas y distancias. Adem\u00e1s, para trazar la secci\u00f3n es posible indicar los entes a considerar: Polil\u00ednea 2D con elevaci\u00f3n o Polil\u00ednea 3D. Las secciones topogr\u00e1ficas se pueden exportar en formato *.sec para importarlas en los software Geostru: Slope, Georock 2D o 3D, etc.Mediante la misma macro: trazando una polil\u00ednea cerrada es posible generar cuencas, las cuales se podr\u00e1n importar en Hydrologick Risk para an\u00e1lisis hidrol\u00f3gicos e hidr\u00e1ulicos.Un breve video sobre c\u00f3mo instalar y usar la macro.","og_url":"https:\/\/www.geostru.eu\/es\/shop\/autocad-es\/perfiles-topograficos-autocad-auto-cross-section\/","og_site_name":"GeoStru","article_publisher":"https:\/\/www.facebook.com\/GeoStruSoftware\/","article_modified_time":"2025-11-09T16:21:07+00:00","og_image":[{"width":1200,"height":670,"url":"https:\/\/www.geostru.eu\/wp-content\/uploads\/2017\/01\/geostru-autocad-cross-section.jpg","type":"image\/jpeg"}],"twitter_card":"summary_large_image","twitter_site":"@geostru","twitter_misc":{"Precio":"&euro;90.00 exc. IVA","Disponibilidad":"Disponible"},"schema":{"@context":"https:\/\/schema.org","@graph":[{"@type":"WebPage","@id":"https:\/\/www.geostru.eu\/es\/shop\/autocad-es\/perfiles-topograficos-autocad-auto-cross-section\/","url":"https:\/\/www.geostru.eu\/es\/shop\/autocad-es\/perfiles-topograficos-autocad-auto-cross-section\/","name":"Perfiles topogr\u00e1ficos autocad: Auto Cross Section - GeoStru","isPartOf":{"@id":"https:\/\/www.geostru.eu\/es\/#website"},"primaryImageOfPage":{"@id":"https:\/\/www.geostru.eu\/es\/shop\/autocad-es\/perfiles-topograficos-autocad-auto-cross-section\/#primaryimage"},"image":{"@id":"https:\/\/www.geostru.eu\/es\/shop\/autocad-es\/perfiles-topograficos-autocad-auto-cross-section\/#primaryimage"},"thumbnailUrl":"https:\/\/www.geostru.eu\/wp-content\/uploads\/2017\/01\/geostru-autocad-cross-section.jpg","datePublished":"2017-01-24T16:19:39+00:00","dateModified":"2025-11-09T16:21:07+00:00","breadcrumb":{"@id":"https:\/\/www.geostru.eu\/es\/shop\/autocad-es\/perfiles-topograficos-autocad-auto-cross-section\/#breadcrumb"},"inLanguage":"es","potentialAction":[{"@type":"ReadAction","target":["https:\/\/www.geostru.eu\/es\/shop\/autocad-es\/perfiles-topograficos-autocad-auto-cross-section\/"]}]},{"@type":"ImageObject","inLanguage":"es","@id":"https:\/\/www.geostru.eu\/es\/shop\/autocad-es\/perfiles-topograficos-autocad-auto-cross-section\/#primaryimage","url":"https:\/\/www.geostru.eu\/wp-content\/uploads\/2017\/01\/geostru-autocad-cross-section.jpg","contentUrl":"https:\/\/www.geostru.eu\/wp-content\/uploads\/2017\/01\/geostru-autocad-cross-section.jpg","width":1200,"height":670,"caption":"Profili topografici in autocad: auto"},{"@type":"BreadcrumbList","@id":"https:\/\/www.geostru.eu\/es\/shop\/autocad-es\/perfiles-topograficos-autocad-auto-cross-section\/#breadcrumb","itemListElement":[{"@type":"ListItem","position":1,"name":"Home","item":"https:\/\/www.geostru.eu\/es\/"},{"@type":"ListItem","position":2,"name":"Shop","item":"https:\/\/www.geostru.eu\/shop\/?lang=es"},{"@type":"ListItem","position":3,"name":"Perfiles topogr\u00e1ficos autocad: Auto Cross Section"}]},{"@type":"WebSite","@id":"https:\/\/www.geostru.eu\/es\/#website","url":"https:\/\/www.geostru.eu\/es\/","name":"GeoStru","description":"Professionals at your service","publisher":{"@id":"https:\/\/www.geostru.eu\/es\/#organization"},"potentialAction":[{"@type":"SearchAction","target":{"@type":"EntryPoint","urlTemplate":"https:\/\/www.geostru.eu\/es\/?s={search_term_string}"},"query-input":{"@type":"PropertyValueSpecification","valueRequired":true,"valueName":"search_term_string"}}],"inLanguage":"es"},{"@type":"Organization","@id":"https:\/\/www.geostru.eu\/es\/#organization","name":"GeoStru","url":"https:\/\/www.geostru.eu\/es\/","logo":{"@type":"ImageObject","inLanguage":"es","@id":"https:\/\/www.geostru.eu\/es\/#\/schema\/logo\/image\/","url":"https:\/\/www.geostru.eu\/wp-content\/uploads\/2023\/02\/LOGO_GEOSTRU_educational_banner.png","contentUrl":"https:\/\/www.geostru.eu\/wp-content\/uploads\/2023\/02\/LOGO_GEOSTRU_educational_banner.png","width":363,"height":115,"caption":"GeoStru"},"image":{"@id":"https:\/\/www.geostru.eu\/es\/#\/schema\/logo\/image\/"},"sameAs":["https:\/\/www.facebook.com\/GeoStruSoftware\/","https:\/\/x.com\/geostru","https:\/\/www.linkedin.com\/company\/2462488\/admin\/","https:\/\/www.instagram.com\/geostru\/"]}]},"product_brand":"Autocad","product_price_amount":"90.00","product_price_currency":"EUR","og_availability":"instock","product_availability":"instock","product_retailer_item_id":"49","product_condition":"new"},"_links":{"self":[{"href":"https:\/\/www.geostru.eu\/es\/wp-json\/wp\/v2\/product\/27552"}],"collection":[{"href":"https:\/\/www.geostru.eu\/es\/wp-json\/wp\/v2\/product"}],"about":[{"href":"https:\/\/www.geostru.eu\/es\/wp-json\/wp\/v2\/types\/product"}],"replies":[{"embeddable":true,"href":"https:\/\/www.geostru.eu\/es\/wp-json\/wp\/v2\/comments?post=27552"}],"wp:featuredmedia":[{"embeddable":true,"href":"https:\/\/www.geostru.eu\/es\/wp-json\/wp\/v2\/media\/27468"}],"wp:attachment":[{"href":"https:\/\/www.geostru.eu\/es\/wp-json\/wp\/v2\/media?parent=27552"}],"wp:term":[{"taxonomy":"product_cat","embeddable":true,"href":"https:\/\/www.geostru.eu\/es\/wp-json\/wp\/v2\/product_cat?post=27552"},{"taxonomy":"product_tag","embeddable":true,"href":"https:\/\/www.geostru.eu\/es\/wp-json\/wp\/v2\/product_tag?post=27552"}],"curies":[{"name":"wp","href":"https:\/\/api.w.org\/{rel}","templated":true}]}}