{"id":26996,"date":"2014-11-24T10:26:04","date_gmt":"2014-11-24T08:26:04","guid":{"rendered":"https:\/\/www.geostru.eu\/es\/shop\/uncategorized\/texture-soil-textures\/"},"modified":"2025-02-21T00:26:26","modified_gmt":"2025-02-20T23:26:26","slug":"texturas-del-suelo","status":"publish","type":"product","link":"https:\/\/www.geostru.eu\/es\/shop\/software-es\/geotecnia-y-geologia\/texturas-del-suelo\/","title":{"rendered":"Texturas litol\u00f3gicas"},"content":{"rendered":"<div class=\"wpb-content-wrapper\"><p>[vc_row][vc_column][vc_column_text]<\/p>\n<p style=\"text-align: justify;\"><strong>Texturas litol\u00f3gicas<\/strong><\/p>\n<p style=\"text-align: justify;\">Biblioteca de texturas litol\u00f3gicas divididas en: terrenos no cohesivos, terrenos cohesivos, rocas y otros, as\u00ed como pantallas vectoriales.<\/p>\n<p style=\"text-align: justify;\">Puede utilizarse con otros editores como Photoshop, Fireworks, Paint, etc.\u00bb. para a\u00f1adir m\u00e1s o personalizarlos seg\u00fan sus necesidades.<\/p>\n<p style=\"text-align: justify;\">La biblioteca consta de m\u00e1s de 200 archivos bmp, jpg.<\/p>\n<p style=\"text-align: justify;\">Dentro de cada archivo hay una ficha que los describe.<\/p>\n<p style=\"text-align: justify;\">Si la biblioteca se utiliza junto con el software GEOSTRU, para ampliarla basta con copiar los archivos gr\u00e1ficos bmp o jpg en las carpetas respectivas y a\u00f1adir el archivo de descripci\u00f3n a la pesta\u00f1a \u00abeditable con editor de texto\u00bb, asociando el n\u00famero de imagen a la descripci\u00f3n.<\/p>\n<p>[\/vc_column_text][\/vc_column][\/vc_row]<\/p>\n<\/div>","protected":false},"excerpt":{"rendered":"<p style=\"text-align: justify;\">Biblioteca de texturas litol\u00f3gicas divididas en categor\u00edas: Suelos no cohesivos, Suelos cohesivos, Rocas y Otros.<\/p>\n<p style=\"text-align: justify;\">Tambi\u00e9n incluye Texturas Vectoriales y un Editor de Texturas que da la posibilidad de a\u00f1adir nuevas texturas de suelos o alterar las existentes.<\/p>\n<blockquote>\n<p style=\"text-align: justify;\">Gratuito para los clientes GEOSTRU<\/p>\n<\/blockquote>\n","protected":false},"featured_media":17868,"comment_status":"closed","ping_status":"closed","template":"","meta":[],"product_cat":[3723,529,185,186,203,189,187],"product_tag":[],"class_list":{"0":"post-26996","1":"product","2":"type-product","3":"status-publish","4":"has-post-thumbnail","6":"product_cat-sin-categorizar","7":"product_cat-software-geologia-es","8":"product_cat-geotecnia-y-geologia","9":"product_cat-geomecanica-es","10":"product_cat-ensayos-in-situ","11":"product_cat-gratuitos","12":"product_cat-geofisica-es","13":"description-off","15":"first","16":"instock","17":"downloadable","18":"virtual","19":"sold-individually","20":"taxable","21":"purchasable","22":"product-type-licensed"},"yoast_head":"<!-- This site is optimized with the Yoast SEO Premium plugin v25.0 (Yoast SEO v25.0) - https:\/\/yoast.com\/wordpress\/plugins\/seo\/ -->\n<title>Texturas litol\u00f3gicas - GeoStru<\/title>\n<meta name=\"description\" content=\"Texturas litol\u00f3gicas para utilizar con nuestro software: las texturas pueden personalizarse mediante el editor de texturas integrado, o el usuario puede a\u00f1adir nuevas texturas.\" \/>\n<meta name=\"robots\" content=\"index, follow, max-snippet:-1, max-image-preview:large, max-video-preview:-1\" \/>\n<link rel=\"canonical\" href=\"https:\/\/www.geostru.eu\/es\/shop\/software-es\/geotecnia-y-geologia\/texturas-del-suelo\/\" \/>\n<meta property=\"og:locale\" content=\"es_ES\" \/>\n<meta property=\"og:type\" content=\"article\" \/>\n<meta property=\"og:title\" content=\"Texturas litol\u00f3gicas\" \/>\n<meta property=\"og:description\" content=\"Texturas litol\u00f3gicas para utilizar con nuestro software: las texturas pueden personalizarse mediante el editor de texturas integrado, o el usuario puede a\u00f1adir nuevas texturas.\" \/>\n<meta property=\"og:url\" content=\"https:\/\/www.geostru.eu\/es\/shop\/software-es\/geotecnia-y-geologia\/texturas-del-suelo\/\" \/>\n<meta property=\"og:site_name\" content=\"GeoStru\" \/>\n<meta property=\"article:publisher\" content=\"https:\/\/www.facebook.com\/GeoStruSoftware\/\" \/>\n<meta property=\"article:modified_time\" content=\"2025-02-20T23:26:26+00:00\" \/>\n<meta property=\"og:image\" content=\"https:\/\/www.geostru.eu\/wp-content\/uploads\/2014\/06\/Textures_lito.jpg\" \/>\n\t<meta property=\"og:image:width\" content=\"836\" \/>\n\t<meta property=\"og:image:height\" content=\"492\" \/>\n\t<meta property=\"og:image:type\" content=\"image\/jpeg\" \/>\n<meta name=\"twitter:card\" content=\"summary_large_image\" \/>\n<meta name=\"twitter:site\" content=\"@geostru\" \/>\n<meta name=\"twitter:label1\" content=\"Precio\" \/>\n\t<meta name=\"twitter:data1\" content=\"&euro;99.00 exc. IVA\" \/>\n\t<meta name=\"twitter:label2\" content=\"Disponibilidad\" \/>\n\t<meta name=\"twitter:data2\" content=\"Disponible\" \/>\n<script type=\"application\/ld+json\" class=\"yoast-schema-graph\">{\"@context\":\"https:\/\/schema.org\",\"@graph\":[{\"@type\":\"WebPage\",\"@id\":\"https:\/\/www.geostru.eu\/es\/shop\/software-es\/geotecnia-y-geologia\/texturas-del-suelo\/\",\"url\":\"https:\/\/www.geostru.eu\/es\/shop\/software-es\/geotecnia-y-geologia\/texturas-del-suelo\/\",\"name\":\"Texturas litol\u00f3gicas - GeoStru\",\"isPartOf\":{\"@id\":\"https:\/\/www.geostru.eu\/es\/#website\"},\"primaryImageOfPage\":{\"@id\":\"https:\/\/www.geostru.eu\/es\/shop\/software-es\/geotecnia-y-geologia\/texturas-del-suelo\/#primaryimage\"},\"image\":{\"@id\":\"https:\/\/www.geostru.eu\/es\/shop\/software-es\/geotecnia-y-geologia\/texturas-del-suelo\/#primaryimage\"},\"thumbnailUrl\":\"https:\/\/www.geostru.eu\/wp-content\/uploads\/2014\/06\/Textures_lito.jpg\",\"datePublished\":\"2014-11-24T08:26:04+00:00\",\"dateModified\":\"2025-02-20T23:26:26+00:00\",\"description\":\"Texturas litol\u00f3gicas para utilizar con nuestro software: las texturas pueden personalizarse mediante el editor de texturas integrado, o el usuario puede a\u00f1adir nuevas texturas.\",\"breadcrumb\":{\"@id\":\"https:\/\/www.geostru.eu\/es\/shop\/software-es\/geotecnia-y-geologia\/texturas-del-suelo\/#breadcrumb\"},\"inLanguage\":\"es\",\"potentialAction\":[{\"@type\":\"ReadAction\",\"target\":[\"https:\/\/www.geostru.eu\/es\/shop\/software-es\/geotecnia-y-geologia\/texturas-del-suelo\/\"]}]},{\"@type\":\"ImageObject\",\"inLanguage\":\"es\",\"@id\":\"https:\/\/www.geostru.eu\/es\/shop\/software-es\/geotecnia-y-geologia\/texturas-del-suelo\/#primaryimage\",\"url\":\"https:\/\/www.geostru.eu\/wp-content\/uploads\/2014\/06\/Textures_lito.jpg\",\"contentUrl\":\"https:\/\/www.geostru.eu\/wp-content\/uploads\/2014\/06\/Textures_lito.jpg\",\"width\":836,\"height\":492,\"caption\":\"soil textures\"},{\"@type\":\"BreadcrumbList\",\"@id\":\"https:\/\/www.geostru.eu\/es\/shop\/software-es\/geotecnia-y-geologia\/texturas-del-suelo\/#breadcrumb\",\"itemListElement\":[{\"@type\":\"ListItem\",\"position\":1,\"name\":\"Home\",\"item\":\"https:\/\/www.geostru.eu\/es\/\"},{\"@type\":\"ListItem\",\"position\":2,\"name\":\"Shop\",\"item\":\"https:\/\/www.geostru.eu\/shop\/?lang=es\"},{\"@type\":\"ListItem\",\"position\":3,\"name\":\"Texturas litol\u00f3gicas\"}]},{\"@type\":\"WebSite\",\"@id\":\"https:\/\/www.geostru.eu\/es\/#website\",\"url\":\"https:\/\/www.geostru.eu\/es\/\",\"name\":\"GeoStru\",\"description\":\"Professionals at your service\",\"publisher\":{\"@id\":\"https:\/\/www.geostru.eu\/es\/#organization\"},\"potentialAction\":[{\"@type\":\"SearchAction\",\"target\":{\"@type\":\"EntryPoint\",\"urlTemplate\":\"https:\/\/www.geostru.eu\/es\/?s={search_term_string}\"},\"query-input\":{\"@type\":\"PropertyValueSpecification\",\"valueRequired\":true,\"valueName\":\"search_term_string\"}}],\"inLanguage\":\"es\"},{\"@type\":\"Organization\",\"@id\":\"https:\/\/www.geostru.eu\/es\/#organization\",\"name\":\"GeoStru\",\"url\":\"https:\/\/www.geostru.eu\/es\/\",\"logo\":{\"@type\":\"ImageObject\",\"inLanguage\":\"es\",\"@id\":\"https:\/\/www.geostru.eu\/es\/#\/schema\/logo\/image\/\",\"url\":\"https:\/\/www.geostru.eu\/wp-content\/uploads\/2023\/02\/LOGO_GEOSTRU_educational_banner.png\",\"contentUrl\":\"https:\/\/www.geostru.eu\/wp-content\/uploads\/2023\/02\/LOGO_GEOSTRU_educational_banner.png\",\"width\":363,\"height\":115,\"caption\":\"GeoStru\"},\"image\":{\"@id\":\"https:\/\/www.geostru.eu\/es\/#\/schema\/logo\/image\/\"},\"sameAs\":[\"https:\/\/www.facebook.com\/GeoStruSoftware\/\",\"https:\/\/x.com\/geostru\",\"https:\/\/www.linkedin.com\/company\/2462488\/admin\/\",\"https:\/\/www.instagram.com\/geostru\/\"]}]}<\/script>\n<meta property=\"product:brand\" content=\"Sin categorizar\" \/>\n<meta property=\"product:price:amount\" content=\"99.00\" \/>\n<meta property=\"product:price:currency\" content=\"EUR\" \/>\n<meta property=\"og:availability\" content=\"instock\" \/>\n<meta property=\"product:availability\" content=\"instock\" \/>\n<meta property=\"product:retailer_item_id\" content=\"32\" \/>\n<meta property=\"product:condition\" content=\"new\" \/>\n<!-- \/ Yoast SEO Premium plugin. -->","yoast_head_json":{"title":"Texturas litol\u00f3gicas - GeoStru","description":"Texturas litol\u00f3gicas para utilizar con nuestro software: las texturas pueden personalizarse mediante el editor de texturas integrado, o el usuario puede a\u00f1adir nuevas texturas.","robots":{"index":"index","follow":"follow","max-snippet":"max-snippet:-1","max-image-preview":"max-image-preview:large","max-video-preview":"max-video-preview:-1"},"canonical":"https:\/\/www.geostru.eu\/es\/shop\/software-es\/geotecnia-y-geologia\/texturas-del-suelo\/","og_locale":"es_ES","og_type":"article","og_title":"Texturas litol\u00f3gicas","og_description":"Texturas litol\u00f3gicas para utilizar con nuestro software: las texturas pueden personalizarse mediante el editor de texturas integrado, o el usuario puede a\u00f1adir nuevas texturas.","og_url":"https:\/\/www.geostru.eu\/es\/shop\/software-es\/geotecnia-y-geologia\/texturas-del-suelo\/","og_site_name":"GeoStru","article_publisher":"https:\/\/www.facebook.com\/GeoStruSoftware\/","article_modified_time":"2025-02-20T23:26:26+00:00","og_image":[{"width":836,"height":492,"url":"https:\/\/www.geostru.eu\/wp-content\/uploads\/2014\/06\/Textures_lito.jpg","type":"image\/jpeg"}],"twitter_card":"summary_large_image","twitter_site":"@geostru","twitter_misc":{"Precio":"&euro;99.00 exc. IVA","Disponibilidad":"Disponible"},"schema":{"@context":"https:\/\/schema.org","@graph":[{"@type":"WebPage","@id":"https:\/\/www.geostru.eu\/es\/shop\/software-es\/geotecnia-y-geologia\/texturas-del-suelo\/","url":"https:\/\/www.geostru.eu\/es\/shop\/software-es\/geotecnia-y-geologia\/texturas-del-suelo\/","name":"Texturas litol\u00f3gicas - GeoStru","isPartOf":{"@id":"https:\/\/www.geostru.eu\/es\/#website"},"primaryImageOfPage":{"@id":"https:\/\/www.geostru.eu\/es\/shop\/software-es\/geotecnia-y-geologia\/texturas-del-suelo\/#primaryimage"},"image":{"@id":"https:\/\/www.geostru.eu\/es\/shop\/software-es\/geotecnia-y-geologia\/texturas-del-suelo\/#primaryimage"},"thumbnailUrl":"https:\/\/www.geostru.eu\/wp-content\/uploads\/2014\/06\/Textures_lito.jpg","datePublished":"2014-11-24T08:26:04+00:00","dateModified":"2025-02-20T23:26:26+00:00","description":"Texturas litol\u00f3gicas para utilizar con nuestro software: las texturas pueden personalizarse mediante el editor de texturas integrado, o el usuario puede a\u00f1adir nuevas texturas.","breadcrumb":{"@id":"https:\/\/www.geostru.eu\/es\/shop\/software-es\/geotecnia-y-geologia\/texturas-del-suelo\/#breadcrumb"},"inLanguage":"es","potentialAction":[{"@type":"ReadAction","target":["https:\/\/www.geostru.eu\/es\/shop\/software-es\/geotecnia-y-geologia\/texturas-del-suelo\/"]}]},{"@type":"ImageObject","inLanguage":"es","@id":"https:\/\/www.geostru.eu\/es\/shop\/software-es\/geotecnia-y-geologia\/texturas-del-suelo\/#primaryimage","url":"https:\/\/www.geostru.eu\/wp-content\/uploads\/2014\/06\/Textures_lito.jpg","contentUrl":"https:\/\/www.geostru.eu\/wp-content\/uploads\/2014\/06\/Textures_lito.jpg","width":836,"height":492,"caption":"soil textures"},{"@type":"BreadcrumbList","@id":"https:\/\/www.geostru.eu\/es\/shop\/software-es\/geotecnia-y-geologia\/texturas-del-suelo\/#breadcrumb","itemListElement":[{"@type":"ListItem","position":1,"name":"Home","item":"https:\/\/www.geostru.eu\/es\/"},{"@type":"ListItem","position":2,"name":"Shop","item":"https:\/\/www.geostru.eu\/shop\/?lang=es"},{"@type":"ListItem","position":3,"name":"Texturas litol\u00f3gicas"}]},{"@type":"WebSite","@id":"https:\/\/www.geostru.eu\/es\/#website","url":"https:\/\/www.geostru.eu\/es\/","name":"GeoStru","description":"Professionals at your service","publisher":{"@id":"https:\/\/www.geostru.eu\/es\/#organization"},"potentialAction":[{"@type":"SearchAction","target":{"@type":"EntryPoint","urlTemplate":"https:\/\/www.geostru.eu\/es\/?s={search_term_string}"},"query-input":{"@type":"PropertyValueSpecification","valueRequired":true,"valueName":"search_term_string"}}],"inLanguage":"es"},{"@type":"Organization","@id":"https:\/\/www.geostru.eu\/es\/#organization","name":"GeoStru","url":"https:\/\/www.geostru.eu\/es\/","logo":{"@type":"ImageObject","inLanguage":"es","@id":"https:\/\/www.geostru.eu\/es\/#\/schema\/logo\/image\/","url":"https:\/\/www.geostru.eu\/wp-content\/uploads\/2023\/02\/LOGO_GEOSTRU_educational_banner.png","contentUrl":"https:\/\/www.geostru.eu\/wp-content\/uploads\/2023\/02\/LOGO_GEOSTRU_educational_banner.png","width":363,"height":115,"caption":"GeoStru"},"image":{"@id":"https:\/\/www.geostru.eu\/es\/#\/schema\/logo\/image\/"},"sameAs":["https:\/\/www.facebook.com\/GeoStruSoftware\/","https:\/\/x.com\/geostru","https:\/\/www.linkedin.com\/company\/2462488\/admin\/","https:\/\/www.instagram.com\/geostru\/"]}]},"product_brand":"Sin categorizar","product_price_amount":"99.00","product_price_currency":"EUR","og_availability":"instock","product_availability":"instock","product_retailer_item_id":"32","product_condition":"new"},"_links":{"self":[{"href":"https:\/\/www.geostru.eu\/es\/wp-json\/wp\/v2\/product\/26996"}],"collection":[{"href":"https:\/\/www.geostru.eu\/es\/wp-json\/wp\/v2\/product"}],"about":[{"href":"https:\/\/www.geostru.eu\/es\/wp-json\/wp\/v2\/types\/product"}],"replies":[{"embeddable":true,"href":"https:\/\/www.geostru.eu\/es\/wp-json\/wp\/v2\/comments?post=26996"}],"wp:featuredmedia":[{"embeddable":true,"href":"https:\/\/www.geostru.eu\/es\/wp-json\/wp\/v2\/media\/17868"}],"wp:attachment":[{"href":"https:\/\/www.geostru.eu\/es\/wp-json\/wp\/v2\/media?parent=26996"}],"wp:term":[{"taxonomy":"product_cat","embeddable":true,"href":"https:\/\/www.geostru.eu\/es\/wp-json\/wp\/v2\/product_cat?post=26996"},{"taxonomy":"product_tag","embeddable":true,"href":"https:\/\/www.geostru.eu\/es\/wp-json\/wp\/v2\/product_tag?post=26996"}],"curies":[{"name":"wp","href":"https:\/\/api.w.org\/{rel}","templated":true}]}}