{"id":26599,"date":"2016-12-26T13:52:22","date_gmt":"2016-12-26T11:52:22","guid":{"rendered":"https:\/\/www.geostru.eu\/es\/shop\/uncategorized\/overturning-verification-spread-footings\/"},"modified":"2026-02-17T08:31:33","modified_gmt":"2026-02-17T07:31:33","slug":"verificacion-del-vuelco-de-la-fundacion","status":"publish","type":"product","link":"https:\/\/www.geostru.eu\/es\/shop\/plugin-es\/verificacion-del-vuelco-de-la-fundacion\/","title":{"rendered":"Verificaci\u00f3n del vuelco de la fundaci\u00f3n"},"content":{"rendered":"<div class=\"wpb-content-wrapper\"><p>[vc_row][vc_column][vc_column_text]<\/p>\n<p style=\"text-align: justify;\">El c\u00e1lculo se basa en la evaluaci\u00f3n del equilibrio del cuerpo r\u00edgido (EQU) de la fundaci\u00f3n infinitamente r\u00edgida (tanto flexible como extensivamente) con respecto a la rotaci\u00f3n alrededor de los lados (bordes) de la huella poligonal (base) de la fundaci\u00f3n poligonal sobre la viga de apoyo. Se trata, por tanto, de comprobar si, con respecto a cada lado del pol\u00edgono, la relaci\u00f3n entre el momento estabilizador y el momento de vuelco Mstab\/Mrib es superior al coeficiente de seguridad parcial \u03d2R = 1,15 (nueva NTC 2017 y que completar\u00e1 la \u00faltima columna de la actual tabla 6.5.I de la NTC 2008, que de hecho no contempla en absoluto la comprobaci\u00f3n de vuelco y, por tanto, puede seguir asumiendo \u03d2R = 1,0 hasta que se dicten las nuevas normas).<\/p>\n<p style=\"text-align: justify;\">En definitiva, se trata de equilibrar la rotaci\u00f3n alrededor de cada uno de los lados consider\u00e1ndolos como una bisagra lineal fija, proyectando todos los momentos (de vuelco y de estabilizaci\u00f3n) en el plano vertical ortogonal a los lados individuales de la base, excluyendo cualquier fuerza de reacci\u00f3n del suelo (que en el estado l\u00edmite de rotaci\u00f3n r\u00edgida est\u00e1 de hecho sin contacto con la cimentaci\u00f3n).<\/p>\n<p style=\"text-align: justify;\"><strong>GEOMETR\u00cdA Y PESO DE LOS CIMIENTOS<\/strong><\/p>\n<p style=\"text-align: justify;\">El pol\u00edgono de contacto de la cimentaci\u00f3n puede asignarse como Rectangular, Poligonal (hasta 24 lados) inscrito en un c\u00edrculo de cualquier radio, Poligonal gen\u00e9rico (hasta 24 lados).\u00a0 En el caso de un z\u00f3calo circular, basta con asignar un pol\u00edgono de 24 lados para obtener una aproximaci\u00f3n suficiente.<\/p>\n<p style=\"text-align: justify;\">La altura de cimentaci\u00f3n a asignar se refiere a la distancia vertical entre el extrad\u00f3s superior sobre el que se aplican las cargas concentradas (tensi\u00f3n normal, momentos y cortante) transmitidas por la superestructura (pilares, pilotes, torres e\u00f3licas, etc.) y el plano horizontal de apoyo de la huella de cimentaci\u00f3n sobre el adosado. La cimentaci\u00f3n puede tener forma de paralelep\u00edpedo simple o escalonado siempre que los escalones tengan el mismo centro de gravedad en planta que la base de la huella (el peso total de la cimentaci\u00f3n debe ser calculado separadamente por el usuario, incluyendo las sobrecargas permanentes, y siempre es aplicado por el programa en el centro de gravedad del pol\u00edgono base). El peso de la cimentaci\u00f3n se reduce entonces (autom\u00e1ticamente durante el c\u00e1lculo) mediante el coeficiente parcial \u03d2F = 0,9 previsto en la tabla 2.6.I NTC 2008.<\/p>\n<p style=\"text-align: justify;\"><strong>CARGAS EN LA CARA SUPERIOR DE LOS CIMIENTOS<\/strong><\/p>\n<p style=\"text-align: justify;\">La hip\u00f3tesis del cuerpo r\u00edgido permite que todas las acciones de la superestructura, no amplificadas, fluyan en las \u00fanicas componentes de tensi\u00f3n N, Mx, My, Vx, Vy (los momentos positivos son antihorarios con respecto a los ejes de referencia x, y y la fluencia es en la misma direcci\u00f3n que los propios ejes) y tambi\u00e9n permite que estas componentes se apliquen en un \u00fanico punto de aplicaci\u00f3n, asignado libremente por el usuario pero elegido generalmente para que coincida con el baricentro de la secci\u00f3n de conexi\u00f3n de la superestructura con la cara superior de la cimentaci\u00f3n.<\/p>\n<p style=\"text-align: justify;\">A continuaci\u00f3n hay que asignar en el programa las cargas mencionadas y las coordenadas del punto de aplicaci\u00f3n, que puede ser asignado directamente por el usuario (mediante sus coordenadas) o ser elegido para que coincida con el centro de gravedad del pol\u00edgono base del muelle y, en este \u00faltimo caso, es calculado autom\u00e1ticamente por el programa.<\/p>\n<p style=\"text-align: justify;\">Para cada lado del pol\u00edgono base, el programa aplica autom\u00e1ticamente el coeficiente \u03d2F = 0,9 a la fuerza normal N (constituida s\u00f3lo por cargas permanentes; de signo positivo si est\u00e1 dirigida hacia abajo) y el coeficiente \u03d2F = 1,5 al resto de acciones variables, y realiza la proyecci\u00f3n de las componentes de momento y cortante sobre el plano perpendicular al propio lado.<\/p>\n<p style=\"text-align: justify;\">En el caso de pilotes o torres e\u00f3licas, el fabricante generalmente s\u00f3lo proporciona la resultante (con signo siempre positivo) en la cara superior de la cimentaci\u00f3n de los momentos y cargas no amplificados por el coeficiente parcial. En este caso, la casilla \u00abMomentos y cargas desde todas las direcciones\u00bb debe estar marcada. El c\u00e1lculo garantizar\u00e1 que, para cada lado, la proyecci\u00f3n de momentos y cortantes corresponda siempre directa y simult\u00e1neamente (en favor de la seguridad) a los valores asignados a Mx y Vy.<\/p>\n<p style=\"text-align: justify;\"><strong>RESULTADOS<\/strong><\/p>\n<p style=\"text-align: justify;\">El software proporciona el momento de vuelco y el momento estabilizador relativo al lado de la base de la cimentaci\u00f3n para producir el coeficiente de seguridad de vuelco m\u00e1s bajo, de todos los lados. La verificaci\u00f3n ser\u00e1 positiva si el coeficiente anterior no es inferior a 1,15 con respecto al Euroc\u00f3digo.<\/p>\n<p>[\/vc_column_text][\/vc_column][\/vc_row]<\/p>\n<\/div>","protected":false},"excerpt":{"rendered":"<p style=\"text-align: justify;\">El c\u00e1lculo se basa en la evaluaci\u00f3n del equilibrio del cuerpo r\u00edgido (EQU) de la cimentaci\u00f3n infinitamente r\u00edgida (tanto flexible como extensivamente) con respecto a la rotaci\u00f3n alrededor de los lados (bordes) de la huella poligonal (base) de la cimentaci\u00f3n poligonal sobre la viga de apoyo.<\/p>\n<p style=\"text-align: justify;\">Alcanzar el equilibrio en el momento de vuelco alrededor de cada uno de los lados, consider\u00e1ndolos como una bisagra lineal fija que proyecta todos los momentos (de vuelco y de estabilizaci\u00f3n) en el plano vertical ortogonal a cada uno de los lados de la base, excluyendo cualquier fuerza de reacci\u00f3n del suelo (que en un estado l\u00edmite de rotaci\u00f3n r\u00edgida est\u00e1 de hecho libre de contacto con la zapata extendida).<\/p>\n<blockquote><p>Este software, anteriormente disponible como aplicaci\u00f3n para Windows, ha sido completamente migrado a tecnolog\u00eda web. Actualmente est\u00e1 disponible como una Web App con todas las funcionalidades de la versi\u00f3n de escritorio, accesible en l\u00ednea sin instalaci\u00f3n a trav\u00e9s de la plataforma <strong>GeoApp de GeoStru<\/strong>.<\/p><\/blockquote>\n<p>&nbsp;<\/p>\n","protected":false},"featured_media":26596,"comment_status":"open","ping_status":"closed","template":"","meta":[],"product_cat":[683],"product_tag":[],"class_list":{"0":"post-26599","1":"product","2":"type-product","3":"status-publish","4":"has-post-thumbnail","6":"product_cat-plugin-es","7":"description-off","9":"first","10":"instock","11":"taxable","12":"shipping-taxable","13":"product-type-external"},"yoast_head":"<!-- This site is optimized with the Yoast SEO Premium plugin v25.0 (Yoast SEO v25.0) - https:\/\/yoast.com\/wordpress\/plugins\/seo\/ -->\n<title>Verificaci\u00f3n del vuelco de la fundaci\u00f3n - GeoStru<\/title>\n<meta name=\"description\" content=\"VERIFICACI\u00d3N DEL VUELCO DE LA FUNDACI\u00d3N: El c\u00e1lculo se basa en la evaluaci\u00f3n del equilibrio del cuerpo r\u00edgido (EQU) de la fundaci\u00f3n infinitamente r\u00edgida.\" \/>\n<meta name=\"robots\" content=\"index, follow, max-snippet:-1, max-image-preview:large, max-video-preview:-1\" \/>\n<link rel=\"canonical\" href=\"https:\/\/www.geostru.eu\/es\/shop\/plugin-es\/verificacion-del-vuelco-de-la-fundacion\/\" \/>\n<meta property=\"og:locale\" content=\"es_ES\" \/>\n<meta property=\"og:type\" content=\"article\" \/>\n<meta property=\"og:title\" content=\"Verificaci\u00f3n del vuelco de la fundaci\u00f3n\" \/>\n<meta property=\"og:description\" content=\"VERIFICACI\u00d3N DEL VUELCO DE LA FUNDACI\u00d3N: El c\u00e1lculo se basa en la evaluaci\u00f3n del equilibrio del cuerpo r\u00edgido (EQU) de la fundaci\u00f3n infinitamente r\u00edgida.\" \/>\n<meta property=\"og:url\" content=\"https:\/\/www.geostru.eu\/es\/shop\/plugin-es\/verificacion-del-vuelco-de-la-fundacion\/\" \/>\n<meta property=\"og:site_name\" content=\"GeoStru\" \/>\n<meta property=\"article:publisher\" content=\"https:\/\/www.facebook.com\/GeoStruSoftware\/\" \/>\n<meta property=\"article:modified_time\" content=\"2026-02-17T07:31:33+00:00\" \/>\n<meta property=\"og:image\" content=\"https:\/\/www.geostru.eu\/wp-content\/uploads\/2016\/12\/Overturning.png\" \/>\n\t<meta property=\"og:image:width\" content=\"1099\" \/>\n\t<meta property=\"og:image:height\" content=\"755\" \/>\n\t<meta property=\"og:image:type\" content=\"image\/png\" \/>\n<meta name=\"twitter:card\" content=\"summary_large_image\" \/>\n<meta name=\"twitter:site\" content=\"@geostru\" \/>\n<meta name=\"twitter:label1\" content=\"Precio\" \/>\n\t<meta name=\"twitter:data1\" content=\"\" \/>\n\t<meta name=\"twitter:label2\" content=\"Disponibilidad\" \/>\n\t<meta name=\"twitter:data2\" content=\"Disponible\" \/>\n<script type=\"application\/ld+json\" class=\"yoast-schema-graph\">{\"@context\":\"https:\/\/schema.org\",\"@graph\":[{\"@type\":\"WebPage\",\"@id\":\"https:\/\/www.geostru.eu\/es\/shop\/plugin-es\/verificacion-del-vuelco-de-la-fundacion\/\",\"url\":\"https:\/\/www.geostru.eu\/es\/shop\/plugin-es\/verificacion-del-vuelco-de-la-fundacion\/\",\"name\":\"Verificaci\u00f3n del vuelco de la fundaci\u00f3n - GeoStru\",\"isPartOf\":{\"@id\":\"https:\/\/www.geostru.eu\/es\/#website\"},\"primaryImageOfPage\":{\"@id\":\"https:\/\/www.geostru.eu\/es\/shop\/plugin-es\/verificacion-del-vuelco-de-la-fundacion\/#primaryimage\"},\"image\":{\"@id\":\"https:\/\/www.geostru.eu\/es\/shop\/plugin-es\/verificacion-del-vuelco-de-la-fundacion\/#primaryimage\"},\"thumbnailUrl\":\"https:\/\/www.geostru.eu\/wp-content\/uploads\/2016\/12\/Overturning.png\",\"datePublished\":\"2016-12-26T11:52:22+00:00\",\"dateModified\":\"2026-02-17T07:31:33+00:00\",\"description\":\"VERIFICACI\u00d3N DEL VUELCO DE LA FUNDACI\u00d3N: El c\u00e1lculo se basa en la evaluaci\u00f3n del equilibrio del cuerpo r\u00edgido (EQU) de la fundaci\u00f3n infinitamente r\u00edgida.\",\"breadcrumb\":{\"@id\":\"https:\/\/www.geostru.eu\/es\/shop\/plugin-es\/verificacion-del-vuelco-de-la-fundacion\/#breadcrumb\"},\"inLanguage\":\"es\",\"potentialAction\":[{\"@type\":\"ReadAction\",\"target\":[\"https:\/\/www.geostru.eu\/es\/shop\/plugin-es\/verificacion-del-vuelco-de-la-fundacion\/\"]}]},{\"@type\":\"ImageObject\",\"inLanguage\":\"es\",\"@id\":\"https:\/\/www.geostru.eu\/es\/shop\/plugin-es\/verificacion-del-vuelco-de-la-fundacion\/#primaryimage\",\"url\":\"https:\/\/www.geostru.eu\/wp-content\/uploads\/2016\/12\/Overturning.png\",\"contentUrl\":\"https:\/\/www.geostru.eu\/wp-content\/uploads\/2016\/12\/Overturning.png\",\"width\":1099,\"height\":755,\"caption\":\"verifica a ribaltamento fondazioni geostru 1\"},{\"@type\":\"BreadcrumbList\",\"@id\":\"https:\/\/www.geostru.eu\/es\/shop\/plugin-es\/verificacion-del-vuelco-de-la-fundacion\/#breadcrumb\",\"itemListElement\":[{\"@type\":\"ListItem\",\"position\":1,\"name\":\"Home\",\"item\":\"https:\/\/www.geostru.eu\/es\/\"},{\"@type\":\"ListItem\",\"position\":2,\"name\":\"Shop\",\"item\":\"https:\/\/www.geostru.eu\/shop\/?lang=es\"},{\"@type\":\"ListItem\",\"position\":3,\"name\":\"Verificaci\u00f3n del vuelco de la fundaci\u00f3n\"}]},{\"@type\":\"WebSite\",\"@id\":\"https:\/\/www.geostru.eu\/es\/#website\",\"url\":\"https:\/\/www.geostru.eu\/es\/\",\"name\":\"GeoStru\",\"description\":\"Professionals at your service\",\"publisher\":{\"@id\":\"https:\/\/www.geostru.eu\/es\/#organization\"},\"potentialAction\":[{\"@type\":\"SearchAction\",\"target\":{\"@type\":\"EntryPoint\",\"urlTemplate\":\"https:\/\/www.geostru.eu\/es\/?s={search_term_string}\"},\"query-input\":{\"@type\":\"PropertyValueSpecification\",\"valueRequired\":true,\"valueName\":\"search_term_string\"}}],\"inLanguage\":\"es\"},{\"@type\":\"Organization\",\"@id\":\"https:\/\/www.geostru.eu\/es\/#organization\",\"name\":\"GeoStru\",\"url\":\"https:\/\/www.geostru.eu\/es\/\",\"logo\":{\"@type\":\"ImageObject\",\"inLanguage\":\"es\",\"@id\":\"https:\/\/www.geostru.eu\/es\/#\/schema\/logo\/image\/\",\"url\":\"https:\/\/www.geostru.eu\/wp-content\/uploads\/2023\/02\/LOGO_GEOSTRU_educational_banner.png\",\"contentUrl\":\"https:\/\/www.geostru.eu\/wp-content\/uploads\/2023\/02\/LOGO_GEOSTRU_educational_banner.png\",\"width\":363,\"height\":115,\"caption\":\"GeoStru\"},\"image\":{\"@id\":\"https:\/\/www.geostru.eu\/es\/#\/schema\/logo\/image\/\"},\"sameAs\":[\"https:\/\/www.facebook.com\/GeoStruSoftware\/\",\"https:\/\/x.com\/geostru\",\"https:\/\/www.linkedin.com\/company\/2462488\/admin\/\",\"https:\/\/www.instagram.com\/geostru\/\"]}]}<\/script>\n<meta property=\"product:brand\" content=\"Plugin\" \/>\n<meta property=\"product:price:amount\" content=\"0.00\" \/>\n<meta property=\"product:price:currency\" content=\"EUR\" \/>\n<meta property=\"og:availability\" content=\"instock\" \/>\n<meta property=\"product:availability\" content=\"instock\" \/>\n<meta property=\"product:retailer_item_id\" content=\"39\" \/>\n<meta property=\"product:condition\" content=\"new\" \/>\n<!-- \/ Yoast SEO Premium plugin. -->","yoast_head_json":{"title":"Verificaci\u00f3n del vuelco de la fundaci\u00f3n - GeoStru","description":"VERIFICACI\u00d3N DEL VUELCO DE LA FUNDACI\u00d3N: El c\u00e1lculo se basa en la evaluaci\u00f3n del equilibrio del cuerpo r\u00edgido (EQU) de la fundaci\u00f3n infinitamente r\u00edgida.","robots":{"index":"index","follow":"follow","max-snippet":"max-snippet:-1","max-image-preview":"max-image-preview:large","max-video-preview":"max-video-preview:-1"},"canonical":"https:\/\/www.geostru.eu\/es\/shop\/plugin-es\/verificacion-del-vuelco-de-la-fundacion\/","og_locale":"es_ES","og_type":"article","og_title":"Verificaci\u00f3n del vuelco de la fundaci\u00f3n","og_description":"VERIFICACI\u00d3N DEL VUELCO DE LA FUNDACI\u00d3N: El c\u00e1lculo se basa en la evaluaci\u00f3n del equilibrio del cuerpo r\u00edgido (EQU) de la fundaci\u00f3n infinitamente r\u00edgida.","og_url":"https:\/\/www.geostru.eu\/es\/shop\/plugin-es\/verificacion-del-vuelco-de-la-fundacion\/","og_site_name":"GeoStru","article_publisher":"https:\/\/www.facebook.com\/GeoStruSoftware\/","article_modified_time":"2026-02-17T07:31:33+00:00","og_image":[{"width":1099,"height":755,"url":"https:\/\/www.geostru.eu\/wp-content\/uploads\/2016\/12\/Overturning.png","type":"image\/png"}],"twitter_card":"summary_large_image","twitter_site":"@geostru","twitter_misc":{"Precio":"","Disponibilidad":"Disponible"},"schema":{"@context":"https:\/\/schema.org","@graph":[{"@type":"WebPage","@id":"https:\/\/www.geostru.eu\/es\/shop\/plugin-es\/verificacion-del-vuelco-de-la-fundacion\/","url":"https:\/\/www.geostru.eu\/es\/shop\/plugin-es\/verificacion-del-vuelco-de-la-fundacion\/","name":"Verificaci\u00f3n del vuelco de la fundaci\u00f3n - GeoStru","isPartOf":{"@id":"https:\/\/www.geostru.eu\/es\/#website"},"primaryImageOfPage":{"@id":"https:\/\/www.geostru.eu\/es\/shop\/plugin-es\/verificacion-del-vuelco-de-la-fundacion\/#primaryimage"},"image":{"@id":"https:\/\/www.geostru.eu\/es\/shop\/plugin-es\/verificacion-del-vuelco-de-la-fundacion\/#primaryimage"},"thumbnailUrl":"https:\/\/www.geostru.eu\/wp-content\/uploads\/2016\/12\/Overturning.png","datePublished":"2016-12-26T11:52:22+00:00","dateModified":"2026-02-17T07:31:33+00:00","description":"VERIFICACI\u00d3N DEL VUELCO DE LA FUNDACI\u00d3N: El c\u00e1lculo se basa en la evaluaci\u00f3n del equilibrio del cuerpo r\u00edgido (EQU) de la fundaci\u00f3n infinitamente r\u00edgida.","breadcrumb":{"@id":"https:\/\/www.geostru.eu\/es\/shop\/plugin-es\/verificacion-del-vuelco-de-la-fundacion\/#breadcrumb"},"inLanguage":"es","potentialAction":[{"@type":"ReadAction","target":["https:\/\/www.geostru.eu\/es\/shop\/plugin-es\/verificacion-del-vuelco-de-la-fundacion\/"]}]},{"@type":"ImageObject","inLanguage":"es","@id":"https:\/\/www.geostru.eu\/es\/shop\/plugin-es\/verificacion-del-vuelco-de-la-fundacion\/#primaryimage","url":"https:\/\/www.geostru.eu\/wp-content\/uploads\/2016\/12\/Overturning.png","contentUrl":"https:\/\/www.geostru.eu\/wp-content\/uploads\/2016\/12\/Overturning.png","width":1099,"height":755,"caption":"verifica a ribaltamento fondazioni geostru 1"},{"@type":"BreadcrumbList","@id":"https:\/\/www.geostru.eu\/es\/shop\/plugin-es\/verificacion-del-vuelco-de-la-fundacion\/#breadcrumb","itemListElement":[{"@type":"ListItem","position":1,"name":"Home","item":"https:\/\/www.geostru.eu\/es\/"},{"@type":"ListItem","position":2,"name":"Shop","item":"https:\/\/www.geostru.eu\/shop\/?lang=es"},{"@type":"ListItem","position":3,"name":"Verificaci\u00f3n del vuelco de la fundaci\u00f3n"}]},{"@type":"WebSite","@id":"https:\/\/www.geostru.eu\/es\/#website","url":"https:\/\/www.geostru.eu\/es\/","name":"GeoStru","description":"Professionals at your service","publisher":{"@id":"https:\/\/www.geostru.eu\/es\/#organization"},"potentialAction":[{"@type":"SearchAction","target":{"@type":"EntryPoint","urlTemplate":"https:\/\/www.geostru.eu\/es\/?s={search_term_string}"},"query-input":{"@type":"PropertyValueSpecification","valueRequired":true,"valueName":"search_term_string"}}],"inLanguage":"es"},{"@type":"Organization","@id":"https:\/\/www.geostru.eu\/es\/#organization","name":"GeoStru","url":"https:\/\/www.geostru.eu\/es\/","logo":{"@type":"ImageObject","inLanguage":"es","@id":"https:\/\/www.geostru.eu\/es\/#\/schema\/logo\/image\/","url":"https:\/\/www.geostru.eu\/wp-content\/uploads\/2023\/02\/LOGO_GEOSTRU_educational_banner.png","contentUrl":"https:\/\/www.geostru.eu\/wp-content\/uploads\/2023\/02\/LOGO_GEOSTRU_educational_banner.png","width":363,"height":115,"caption":"GeoStru"},"image":{"@id":"https:\/\/www.geostru.eu\/es\/#\/schema\/logo\/image\/"},"sameAs":["https:\/\/www.facebook.com\/GeoStruSoftware\/","https:\/\/x.com\/geostru","https:\/\/www.linkedin.com\/company\/2462488\/admin\/","https:\/\/www.instagram.com\/geostru\/"]}]},"product_brand":"Plugin","product_price_amount":"0.00","product_price_currency":"EUR","og_availability":"instock","product_availability":"instock","product_retailer_item_id":"39","product_condition":"new"},"_links":{"self":[{"href":"https:\/\/www.geostru.eu\/es\/wp-json\/wp\/v2\/product\/26599"}],"collection":[{"href":"https:\/\/www.geostru.eu\/es\/wp-json\/wp\/v2\/product"}],"about":[{"href":"https:\/\/www.geostru.eu\/es\/wp-json\/wp\/v2\/types\/product"}],"replies":[{"embeddable":true,"href":"https:\/\/www.geostru.eu\/es\/wp-json\/wp\/v2\/comments?post=26599"}],"wp:featuredmedia":[{"embeddable":true,"href":"https:\/\/www.geostru.eu\/es\/wp-json\/wp\/v2\/media\/26596"}],"wp:attachment":[{"href":"https:\/\/www.geostru.eu\/es\/wp-json\/wp\/v2\/media?parent=26599"}],"wp:term":[{"taxonomy":"product_cat","embeddable":true,"href":"https:\/\/www.geostru.eu\/es\/wp-json\/wp\/v2\/product_cat?post=26599"},{"taxonomy":"product_tag","embeddable":true,"href":"https:\/\/www.geostru.eu\/es\/wp-json\/wp\/v2\/product_tag?post=26599"}],"curies":[{"name":"wp","href":"https:\/\/api.w.org\/{rel}","templated":true}]}}