{"id":26585,"date":"2016-12-24T18:28:25","date_gmt":"2016-12-24T16:28:25","guid":{"rendered":"https:\/\/www.geostru.eu\/es\/shop\/uncategorized\/embankment-settlement\/"},"modified":"2026-02-17T08:26:36","modified_gmt":"2026-02-17T07:26:36","slug":"asentamiento-de-terraplenes","status":"publish","type":"product","link":"https:\/\/www.geostru.eu\/es\/shop\/plugin-es\/asentamiento-de-terraplenes\/","title":{"rendered":"Asentamiento de terraplenes"},"content":{"rendered":"<div class=\"wpb-content-wrapper\"><p>[vc_row][vc_column][vc_column_text]<strong>Cedimenti rilevati<\/strong><\/p>\n<ul>\n<li style=\"text-align: justify;\">Calcola cedimento rilevati\u00a0stradali o ferroviari di tipo trapezoidali in punti significativi: asse bordo e piede.<\/li>\n<li style=\"text-align: justify;\">La distribuzione delle tensioni viene determinata con la teoria dell\u2019elasticit\u00e0, \u00a0considerando la sovrapposizione di carichi di tipo rettangolare e triangolare.<\/li>\n<li style=\"text-align: justify;\">Il cedimento \u00e8 calcolato \u00a0per ogni strato suddividendo lo strato in sotto-strati per aumentare la precisione nel calcolo dei cedimenti.<\/li>\n<\/ul>\n<p>[\/vc_column_text][\/vc_column][\/vc_row]<\/p>\n<\/div>","protected":false},"excerpt":{"rendered":"<p style=\"text-align: justify;\">Calcula el fallo de terraplenes, de carretera o ferroviarios (cargas est\u00e1ticas y din\u00e1micas), de tipo trapezoidal en puntos significativos: eje de borde y zapata.\u00a0La distribuci\u00f3n de esfuerzos se determina utilizando la teor\u00eda de la elasticidad, considerando la superposici\u00f3n de cargas de tipo rectangular y triangular.\u00a0El rendimiento se calcula para cada capa subdividi\u00e9ndola en sub capas para aumentar la precisi\u00f3n del c\u00e1lculo del rendimiento.<\/p>\n<p>Este software, anteriormente disponible como aplicaci\u00f3n para Windows, ha sido completamente migrado a tecnolog\u00eda web. Actualmente est\u00e1 disponible como una Web App con todas las funcionalidades de la versi\u00f3n de escritorio, accesible en l\u00ednea sin instalaci\u00f3n a trav\u00e9s de la plataforma <strong>GeoApp de GeoStru<\/strong>.<\/p>\n","protected":false},"featured_media":25692,"comment_status":"open","ping_status":"closed","template":"","meta":[],"product_cat":[683],"product_tag":[],"class_list":{"0":"post-26585","1":"product","2":"type-product","3":"status-publish","4":"has-post-thumbnail","6":"product_cat-plugin-es","7":"description-off","9":"first","10":"instock","11":"taxable","12":"shipping-taxable","13":"product-type-external"},"yoast_head":"<!-- This site is optimized with the Yoast SEO Premium plugin v25.0 (Yoast SEO v25.0) - https:\/\/yoast.com\/wordpress\/plugins\/seo\/ -->\n<title>Asentamiento de terraplenes - GeoStru<\/title>\n<meta name=\"description\" content=\"Calcula el asentamiento de terraplenes trapezoidales de carretera o ferrocarril en puntos significativos: eje de borde y zapata.\" \/>\n<meta name=\"robots\" content=\"index, follow, max-snippet:-1, max-image-preview:large, max-video-preview:-1\" \/>\n<link rel=\"canonical\" href=\"https:\/\/www.geostru.eu\/es\/shop\/plugin-es\/asentamiento-de-terraplenes\/\" \/>\n<meta property=\"og:locale\" content=\"es_ES\" \/>\n<meta property=\"og:type\" content=\"article\" \/>\n<meta property=\"og:title\" content=\"Asentamiento de terraplenes\" \/>\n<meta property=\"og:description\" content=\"Calcula el asentamiento de terraplenes trapezoidales de carretera o ferrocarril en puntos significativos: eje de borde y zapata.\" \/>\n<meta property=\"og:url\" content=\"https:\/\/www.geostru.eu\/es\/shop\/plugin-es\/asentamiento-de-terraplenes\/\" \/>\n<meta property=\"og:site_name\" content=\"GeoStru\" \/>\n<meta property=\"article:publisher\" content=\"https:\/\/www.facebook.com\/GeoStruSoftware\/\" \/>\n<meta property=\"article:modified_time\" content=\"2026-02-17T07:26:36+00:00\" \/>\n<meta property=\"og:image\" content=\"https:\/\/www.geostru.eu\/wp-content\/uploads\/2016\/12\/embakment_geostru.jpg\" \/>\n<meta name=\"twitter:card\" content=\"summary_large_image\" \/>\n<meta name=\"twitter:site\" content=\"@geostru\" \/>\n<meta name=\"twitter:label1\" content=\"Precio\" \/>\n\t<meta name=\"twitter:data1\" content=\"\" \/>\n\t<meta name=\"twitter:label2\" content=\"Disponibilidad\" \/>\n\t<meta name=\"twitter:data2\" content=\"Disponible\" \/>\n<script type=\"application\/ld+json\" class=\"yoast-schema-graph\">{\"@context\":\"https:\/\/schema.org\",\"@graph\":[{\"@type\":\"WebPage\",\"@id\":\"https:\/\/www.geostru.eu\/es\/shop\/plugin-es\/asentamiento-de-terraplenes\/\",\"url\":\"https:\/\/www.geostru.eu\/es\/shop\/plugin-es\/asentamiento-de-terraplenes\/\",\"name\":\"Asentamiento de terraplenes - GeoStru\",\"isPartOf\":{\"@id\":\"https:\/\/www.geostru.eu\/es\/#website\"},\"primaryImageOfPage\":{\"@id\":\"https:\/\/www.geostru.eu\/es\/shop\/plugin-es\/asentamiento-de-terraplenes\/#primaryimage\"},\"image\":{\"@id\":\"https:\/\/www.geostru.eu\/es\/shop\/plugin-es\/asentamiento-de-terraplenes\/#primaryimage\"},\"thumbnailUrl\":\"https:\/\/www.geostru.eu\/wp-content\/uploads\/2016\/11\/EMBANK_EN.jpg\",\"datePublished\":\"2016-12-24T16:28:25+00:00\",\"dateModified\":\"2026-02-17T07:26:36+00:00\",\"description\":\"Calcula el asentamiento de terraplenes trapezoidales de carretera o ferrocarril en puntos significativos: eje de borde y zapata.\",\"breadcrumb\":{\"@id\":\"https:\/\/www.geostru.eu\/es\/shop\/plugin-es\/asentamiento-de-terraplenes\/#breadcrumb\"},\"inLanguage\":\"es\",\"potentialAction\":[{\"@type\":\"ReadAction\",\"target\":[\"https:\/\/www.geostru.eu\/es\/shop\/plugin-es\/asentamiento-de-terraplenes\/\"]}]},{\"@type\":\"ImageObject\",\"inLanguage\":\"es\",\"@id\":\"https:\/\/www.geostru.eu\/es\/shop\/plugin-es\/asentamiento-de-terraplenes\/#primaryimage\",\"url\":\"https:\/\/www.geostru.eu\/wp-content\/uploads\/2016\/11\/EMBANK_EN.jpg\",\"contentUrl\":\"https:\/\/www.geostru.eu\/wp-content\/uploads\/2016\/11\/EMBANK_EN.jpg\",\"width\":700,\"height\":481,\"caption\":\"Cedimenti rilevati - geostru\"},{\"@type\":\"BreadcrumbList\",\"@id\":\"https:\/\/www.geostru.eu\/es\/shop\/plugin-es\/asentamiento-de-terraplenes\/#breadcrumb\",\"itemListElement\":[{\"@type\":\"ListItem\",\"position\":1,\"name\":\"Home\",\"item\":\"https:\/\/www.geostru.eu\/es\/\"},{\"@type\":\"ListItem\",\"position\":2,\"name\":\"Shop\",\"item\":\"https:\/\/www.geostru.eu\/shop\/?lang=es\"},{\"@type\":\"ListItem\",\"position\":3,\"name\":\"Asentamiento de terraplenes\"}]},{\"@type\":\"WebSite\",\"@id\":\"https:\/\/www.geostru.eu\/es\/#website\",\"url\":\"https:\/\/www.geostru.eu\/es\/\",\"name\":\"GeoStru\",\"description\":\"Professionals at your service\",\"publisher\":{\"@id\":\"https:\/\/www.geostru.eu\/es\/#organization\"},\"potentialAction\":[{\"@type\":\"SearchAction\",\"target\":{\"@type\":\"EntryPoint\",\"urlTemplate\":\"https:\/\/www.geostru.eu\/es\/?s={search_term_string}\"},\"query-input\":{\"@type\":\"PropertyValueSpecification\",\"valueRequired\":true,\"valueName\":\"search_term_string\"}}],\"inLanguage\":\"es\"},{\"@type\":\"Organization\",\"@id\":\"https:\/\/www.geostru.eu\/es\/#organization\",\"name\":\"GeoStru\",\"url\":\"https:\/\/www.geostru.eu\/es\/\",\"logo\":{\"@type\":\"ImageObject\",\"inLanguage\":\"es\",\"@id\":\"https:\/\/www.geostru.eu\/es\/#\/schema\/logo\/image\/\",\"url\":\"https:\/\/www.geostru.eu\/wp-content\/uploads\/2023\/02\/LOGO_GEOSTRU_educational_banner.png\",\"contentUrl\":\"https:\/\/www.geostru.eu\/wp-content\/uploads\/2023\/02\/LOGO_GEOSTRU_educational_banner.png\",\"width\":363,\"height\":115,\"caption\":\"GeoStru\"},\"image\":{\"@id\":\"https:\/\/www.geostru.eu\/es\/#\/schema\/logo\/image\/\"},\"sameAs\":[\"https:\/\/www.facebook.com\/GeoStruSoftware\/\",\"https:\/\/x.com\/geostru\",\"https:\/\/www.linkedin.com\/company\/2462488\/admin\/\",\"https:\/\/www.instagram.com\/geostru\/\"]}]}<\/script>\n<meta property=\"product:brand\" content=\"Plugin\" \/>\n<meta property=\"product:price:amount\" content=\"0.00\" \/>\n<meta property=\"product:price:currency\" content=\"EUR\" \/>\n<meta property=\"og:availability\" content=\"instock\" \/>\n<meta property=\"product:availability\" content=\"instock\" \/>\n<meta property=\"product:retailer_item_id\" content=\"431\" \/>\n<meta property=\"product:condition\" content=\"new\" \/>\n<!-- \/ Yoast SEO Premium plugin. -->","yoast_head_json":{"title":"Asentamiento de terraplenes - GeoStru","description":"Calcula el asentamiento de terraplenes trapezoidales de carretera o ferrocarril en puntos significativos: eje de borde y zapata.","robots":{"index":"index","follow":"follow","max-snippet":"max-snippet:-1","max-image-preview":"max-image-preview:large","max-video-preview":"max-video-preview:-1"},"canonical":"https:\/\/www.geostru.eu\/es\/shop\/plugin-es\/asentamiento-de-terraplenes\/","og_locale":"es_ES","og_type":"article","og_title":"Asentamiento de terraplenes","og_description":"Calcula el asentamiento de terraplenes trapezoidales de carretera o ferrocarril en puntos significativos: eje de borde y zapata.","og_url":"https:\/\/www.geostru.eu\/es\/shop\/plugin-es\/asentamiento-de-terraplenes\/","og_site_name":"GeoStru","article_publisher":"https:\/\/www.facebook.com\/GeoStruSoftware\/","article_modified_time":"2026-02-17T07:26:36+00:00","og_image":[{"url":"https:\/\/www.geostru.eu\/wp-content\/uploads\/2016\/12\/embakment_geostru.jpg","type":"","width":"","height":""}],"twitter_card":"summary_large_image","twitter_site":"@geostru","twitter_misc":{"Precio":"","Disponibilidad":"Disponible"},"schema":{"@context":"https:\/\/schema.org","@graph":[{"@type":"WebPage","@id":"https:\/\/www.geostru.eu\/es\/shop\/plugin-es\/asentamiento-de-terraplenes\/","url":"https:\/\/www.geostru.eu\/es\/shop\/plugin-es\/asentamiento-de-terraplenes\/","name":"Asentamiento de terraplenes - GeoStru","isPartOf":{"@id":"https:\/\/www.geostru.eu\/es\/#website"},"primaryImageOfPage":{"@id":"https:\/\/www.geostru.eu\/es\/shop\/plugin-es\/asentamiento-de-terraplenes\/#primaryimage"},"image":{"@id":"https:\/\/www.geostru.eu\/es\/shop\/plugin-es\/asentamiento-de-terraplenes\/#primaryimage"},"thumbnailUrl":"https:\/\/www.geostru.eu\/wp-content\/uploads\/2016\/11\/EMBANK_EN.jpg","datePublished":"2016-12-24T16:28:25+00:00","dateModified":"2026-02-17T07:26:36+00:00","description":"Calcula el asentamiento de terraplenes trapezoidales de carretera o ferrocarril en puntos significativos: eje de borde y zapata.","breadcrumb":{"@id":"https:\/\/www.geostru.eu\/es\/shop\/plugin-es\/asentamiento-de-terraplenes\/#breadcrumb"},"inLanguage":"es","potentialAction":[{"@type":"ReadAction","target":["https:\/\/www.geostru.eu\/es\/shop\/plugin-es\/asentamiento-de-terraplenes\/"]}]},{"@type":"ImageObject","inLanguage":"es","@id":"https:\/\/www.geostru.eu\/es\/shop\/plugin-es\/asentamiento-de-terraplenes\/#primaryimage","url":"https:\/\/www.geostru.eu\/wp-content\/uploads\/2016\/11\/EMBANK_EN.jpg","contentUrl":"https:\/\/www.geostru.eu\/wp-content\/uploads\/2016\/11\/EMBANK_EN.jpg","width":700,"height":481,"caption":"Cedimenti rilevati - geostru"},{"@type":"BreadcrumbList","@id":"https:\/\/www.geostru.eu\/es\/shop\/plugin-es\/asentamiento-de-terraplenes\/#breadcrumb","itemListElement":[{"@type":"ListItem","position":1,"name":"Home","item":"https:\/\/www.geostru.eu\/es\/"},{"@type":"ListItem","position":2,"name":"Shop","item":"https:\/\/www.geostru.eu\/shop\/?lang=es"},{"@type":"ListItem","position":3,"name":"Asentamiento de terraplenes"}]},{"@type":"WebSite","@id":"https:\/\/www.geostru.eu\/es\/#website","url":"https:\/\/www.geostru.eu\/es\/","name":"GeoStru","description":"Professionals at your service","publisher":{"@id":"https:\/\/www.geostru.eu\/es\/#organization"},"potentialAction":[{"@type":"SearchAction","target":{"@type":"EntryPoint","urlTemplate":"https:\/\/www.geostru.eu\/es\/?s={search_term_string}"},"query-input":{"@type":"PropertyValueSpecification","valueRequired":true,"valueName":"search_term_string"}}],"inLanguage":"es"},{"@type":"Organization","@id":"https:\/\/www.geostru.eu\/es\/#organization","name":"GeoStru","url":"https:\/\/www.geostru.eu\/es\/","logo":{"@type":"ImageObject","inLanguage":"es","@id":"https:\/\/www.geostru.eu\/es\/#\/schema\/logo\/image\/","url":"https:\/\/www.geostru.eu\/wp-content\/uploads\/2023\/02\/LOGO_GEOSTRU_educational_banner.png","contentUrl":"https:\/\/www.geostru.eu\/wp-content\/uploads\/2023\/02\/LOGO_GEOSTRU_educational_banner.png","width":363,"height":115,"caption":"GeoStru"},"image":{"@id":"https:\/\/www.geostru.eu\/es\/#\/schema\/logo\/image\/"},"sameAs":["https:\/\/www.facebook.com\/GeoStruSoftware\/","https:\/\/x.com\/geostru","https:\/\/www.linkedin.com\/company\/2462488\/admin\/","https:\/\/www.instagram.com\/geostru\/"]}]},"product_brand":"Plugin","product_price_amount":"0.00","product_price_currency":"EUR","og_availability":"instock","product_availability":"instock","product_retailer_item_id":"431","product_condition":"new"},"_links":{"self":[{"href":"https:\/\/www.geostru.eu\/es\/wp-json\/wp\/v2\/product\/26585"}],"collection":[{"href":"https:\/\/www.geostru.eu\/es\/wp-json\/wp\/v2\/product"}],"about":[{"href":"https:\/\/www.geostru.eu\/es\/wp-json\/wp\/v2\/types\/product"}],"replies":[{"embeddable":true,"href":"https:\/\/www.geostru.eu\/es\/wp-json\/wp\/v2\/comments?post=26585"}],"wp:featuredmedia":[{"embeddable":true,"href":"https:\/\/www.geostru.eu\/es\/wp-json\/wp\/v2\/media\/25692"}],"wp:attachment":[{"href":"https:\/\/www.geostru.eu\/es\/wp-json\/wp\/v2\/media?parent=26585"}],"wp:term":[{"taxonomy":"product_cat","embeddable":true,"href":"https:\/\/www.geostru.eu\/es\/wp-json\/wp\/v2\/product_cat?post=26585"},{"taxonomy":"product_tag","embeddable":true,"href":"https:\/\/www.geostru.eu\/es\/wp-json\/wp\/v2\/product_tag?post=26585"}],"curies":[{"name":"wp","href":"https:\/\/api.w.org\/{rel}","templated":true}]}}