{"id":21486,"date":"2016-04-22T07:05:55","date_gmt":"2016-04-22T05:05:55","guid":{"rendered":"https:\/\/www.geostru.eu\/es\/shop\/uncategorized\/global-stability-analysis-gsa\/"},"modified":"2021-08-11T09:24:21","modified_gmt":"2021-08-11T07:24:21","slug":"global-stability-analysis-gsa","status":"publish","type":"product","link":"https:\/\/www.geostru.eu\/es\/shop\/software-es\/global-stability-analysis-gsa\/","title":{"rendered":"Global Stability Analysis &#8211; GSA"},"content":{"rendered":"<p style=\"text-align: justify\"><strong>An\u00e1lisis de estabilidad global<\/strong> <strong>GSA<\/strong> es un software de programaci\u00f3n modular capaz de obtener la informaci\u00f3n necesaria y llevar acabo aut\u00f3nomamente el c\u00e1lculo de estabilidad global de obras geot\u00e9cnicas, independientemente del software con el que se est\u00e9 trabajando.<\/p>\n<p>GSA permite efectuar la estabilidad global de cualquier tipo de obra geot\u00e9cnica: <a href=\"https:\/\/www.geostru.eu\/es\/shop\/geotecnia-y-geologia\/mdc-muri-di-sostegno\/\">muros de contenci\u00f3n<\/a>, <a href=\"https:\/\/www.geostru.eu\/es\/shop\/geotecnia-y-geologia\/spw-paratie\/\">pantallas<\/a>, <a href=\"https:\/\/www.geostru.eu\/es\/shop\/geotecnia-y-geologia\/slope-analisi-stabita-dei-pendii\/\">obras en tierra reforzada<\/a>, <a href=\"https:\/\/www.geostru.eu\/es\/shop\/geotecnia-y-geologia\/gdw-calcolo-di-gabbioni-e-briglie\/\">gaviones <\/a>y elementos de cualquier forma. Seg\u00fan el tipo de obra a analizar, GSA adapta el tipo de c\u00e1lculo: en las estructuras de contenci\u00f3n r\u00edgidas se verifican las superficies de deslizamiento global, mientras que en las obras flexibles se examinan las superficies al interno de las mismas; en caso de muros de gaviones se calculan las superficies de deslizamiento global y al interno de los mismos, comprobando as\u00ed tambi\u00e9n la ruptura de la red; con las pantallas se calculan superficies que toman en cuenta el volumen global terreno obra, y trat\u00e1ndose de anclajes las acciones del mismo se calculan en funci\u00f3n de la intersecci\u00f3n con la superficie de deslizamiento.<br \/>\nEn cuanto a tierras reforzadas con barras, geomallas, geosint\u00e9ticos, red met\u00e1lica (inclusive con doble torsi\u00f3n), etc., se llevan a cabo las comprobaciones de Tieback y Compound, adem\u00e1s de la estabilidad global.<br \/>\nPara las cimentaciones en pilotes se efect\u00faan tanto las comprobaciones de estabilidad global con varios m\u00e9todos de estabilizaci\u00f3n \u201csobre pilotes\u201d como el dimensionado al estado l\u00edmite \u00faltimo (ELU) de los mismos.<\/p>\n<p style=\"text-align: justify\">Las superficies de deslizamiento pueden ser circulares y de cualquier forma, espiral logar\u00edtmica, polinomial.<\/p>\n<p style=\"text-align: justify\">GSA importa los datos autom\u00e1ticamente desde los software Geostru\u00a0 y produce detalladas elaboraciones de c\u00e1lculo.<\/p>\n","protected":false},"excerpt":{"rendered":"<p style=\"text-align: justify\"><strong>An\u00e1lisis de estabilidad global GSA<\/strong> es un software de programaci\u00f3n modular capaz de obtener la informaci\u00f3n necesaria y llevar acabo aut\u00f3nomamente el c\u00e1lculo de estabilidad global de obras geot\u00e9cnicas, independientemente del software con el que se est\u00e9 trabajando.<\/p>\n<p><strong>GSA<\/strong> permite efectuar la estabilidad global de cualquier tipo de obra geot\u00e9cnica: muros de contenci\u00f3n, pantallas, obras en tierra reforzada, gaviones y elementos de cualquier forma.<\/p>\n<p><strong>GSA<\/strong> is free ONLY for the users of one of the following software:<strong> MDC, SPW, LOADCAP, GDW.<\/strong><\/p>\n","protected":false},"featured_media":21492,"comment_status":"open","ping_status":"closed","template":"","meta":[],"product_cat":[191,185],"product_tag":[552],"class_list":{"0":"post-21486","1":"product","2":"type-product","3":"status-publish","4":"has-post-thumbnail","6":"product_cat-software-es","7":"product_cat-geotecnia-y-geologia","8":"product_tag-global-stability-analysis-es","9":"description-off","11":"first","12":"outofstock","13":"taxable","14":"shipping-taxable","15":"product-type-simple"},"yoast_head":"<!-- This site is optimized with the Yoast SEO Premium plugin v25.0 (Yoast SEO v25.0) - https:\/\/yoast.com\/wordpress\/plugins\/seo\/ -->\n<title>Global Stability Analysis - GSA - GeoStru<\/title>\n<meta name=\"description\" content=\"Global Stability Analysis - GSA checks global stability for any type of geotechnical work, automatically importing data from Geostru software. FREE\" \/>\n<meta name=\"robots\" content=\"index, follow, max-snippet:-1, max-image-preview:large, max-video-preview:-1\" \/>\n<link rel=\"canonical\" href=\"https:\/\/www.geostru.eu\/es\/shop\/software-es\/global-stability-analysis-gsa\/\" \/>\n<meta property=\"og:locale\" content=\"es_ES\" \/>\n<meta property=\"og:type\" content=\"article\" \/>\n<meta property=\"og:title\" content=\"Global Stability Analysis - GSA\" \/>\n<meta property=\"og:description\" content=\"Global Stability Analysis - GSA checks global stability for any type of geotechnical work, automatically importing data from Geostru software. FREE\" \/>\n<meta property=\"og:url\" content=\"https:\/\/www.geostru.eu\/es\/shop\/software-es\/global-stability-analysis-gsa\/\" \/>\n<meta property=\"og:site_name\" content=\"GeoStru\" \/>\n<meta property=\"article:publisher\" content=\"https:\/\/www.facebook.com\/GeoStruSoftware\/\" \/>\n<meta property=\"article:modified_time\" content=\"2021-08-11T07:24:21+00:00\" \/>\n<meta property=\"og:image\" content=\"https:\/\/www.geostru.eu\/wp-content\/uploads\/2016\/04\/Global-Stability-Analysis.gif\" \/>\n\t<meta property=\"og:image:width\" content=\"1917\" \/>\n\t<meta property=\"og:image:height\" content=\"1027\" \/>\n\t<meta property=\"og:image:type\" content=\"image\/gif\" \/>\n<meta name=\"twitter:card\" content=\"summary_large_image\" \/>\n<meta name=\"twitter:site\" content=\"@geostru\" \/>\n<meta name=\"twitter:label1\" content=\"Precio\" \/>\n\t<meta name=\"twitter:data1\" content=\"\" \/>\n\t<meta name=\"twitter:label2\" content=\"Disponibilidad\" \/>\n\t<meta name=\"twitter:data2\" content=\"Sin existencias\" \/>\n<script type=\"application\/ld+json\" class=\"yoast-schema-graph\">{\"@context\":\"https:\/\/schema.org\",\"@graph\":[{\"@type\":\"WebPage\",\"@id\":\"https:\/\/www.geostru.eu\/es\/shop\/software-es\/global-stability-analysis-gsa\/\",\"url\":\"https:\/\/www.geostru.eu\/es\/shop\/software-es\/global-stability-analysis-gsa\/\",\"name\":\"Global Stability Analysis - GSA - GeoStru\",\"isPartOf\":{\"@id\":\"https:\/\/www.geostru.eu\/es\/#website\"},\"primaryImageOfPage\":{\"@id\":\"https:\/\/www.geostru.eu\/es\/shop\/software-es\/global-stability-analysis-gsa\/#primaryimage\"},\"image\":{\"@id\":\"https:\/\/www.geostru.eu\/es\/shop\/software-es\/global-stability-analysis-gsa\/#primaryimage\"},\"thumbnailUrl\":\"https:\/\/www.geostru.eu\/wp-content\/uploads\/2016\/04\/Global-Stability-Analysis.gif\",\"datePublished\":\"2016-04-22T05:05:55+00:00\",\"dateModified\":\"2021-08-11T07:24:21+00:00\",\"description\":\"Global Stability Analysis - GSA checks global stability for any type of geotechnical work, automatically importing data from Geostru software. FREE\",\"breadcrumb\":{\"@id\":\"https:\/\/www.geostru.eu\/es\/shop\/software-es\/global-stability-analysis-gsa\/#breadcrumb\"},\"inLanguage\":\"es\",\"potentialAction\":[{\"@type\":\"ReadAction\",\"target\":[\"https:\/\/www.geostru.eu\/es\/shop\/software-es\/global-stability-analysis-gsa\/\"]}]},{\"@type\":\"ImageObject\",\"inLanguage\":\"es\",\"@id\":\"https:\/\/www.geostru.eu\/es\/shop\/software-es\/global-stability-analysis-gsa\/#primaryimage\",\"url\":\"https:\/\/www.geostru.eu\/wp-content\/uploads\/2016\/04\/Global-Stability-Analysis.gif\",\"contentUrl\":\"https:\/\/www.geostru.eu\/wp-content\/uploads\/2016\/04\/Global-Stability-Analysis.gif\",\"width\":1917,\"height\":1027},{\"@type\":\"BreadcrumbList\",\"@id\":\"https:\/\/www.geostru.eu\/es\/shop\/software-es\/global-stability-analysis-gsa\/#breadcrumb\",\"itemListElement\":[{\"@type\":\"ListItem\",\"position\":1,\"name\":\"Home\",\"item\":\"https:\/\/www.geostru.eu\/es\/\"},{\"@type\":\"ListItem\",\"position\":2,\"name\":\"Shop\",\"item\":\"https:\/\/www.geostru.eu\/shop\/?lang=es\"},{\"@type\":\"ListItem\",\"position\":3,\"name\":\"Global Stability Analysis &#8211; GSA\"}]},{\"@type\":\"WebSite\",\"@id\":\"https:\/\/www.geostru.eu\/es\/#website\",\"url\":\"https:\/\/www.geostru.eu\/es\/\",\"name\":\"GeoStru\",\"description\":\"Professionals at your service\",\"publisher\":{\"@id\":\"https:\/\/www.geostru.eu\/es\/#organization\"},\"potentialAction\":[{\"@type\":\"SearchAction\",\"target\":{\"@type\":\"EntryPoint\",\"urlTemplate\":\"https:\/\/www.geostru.eu\/es\/?s={search_term_string}\"},\"query-input\":{\"@type\":\"PropertyValueSpecification\",\"valueRequired\":true,\"valueName\":\"search_term_string\"}}],\"inLanguage\":\"es\"},{\"@type\":\"Organization\",\"@id\":\"https:\/\/www.geostru.eu\/es\/#organization\",\"name\":\"GeoStru\",\"url\":\"https:\/\/www.geostru.eu\/es\/\",\"logo\":{\"@type\":\"ImageObject\",\"inLanguage\":\"es\",\"@id\":\"https:\/\/www.geostru.eu\/es\/#\/schema\/logo\/image\/\",\"url\":\"https:\/\/www.geostru.eu\/wp-content\/uploads\/2023\/02\/LOGO_GEOSTRU_educational_banner.png\",\"contentUrl\":\"https:\/\/www.geostru.eu\/wp-content\/uploads\/2023\/02\/LOGO_GEOSTRU_educational_banner.png\",\"width\":363,\"height\":115,\"caption\":\"GeoStru\"},\"image\":{\"@id\":\"https:\/\/www.geostru.eu\/es\/#\/schema\/logo\/image\/\"},\"sameAs\":[\"https:\/\/www.facebook.com\/GeoStruSoftware\/\",\"https:\/\/x.com\/geostru\",\"https:\/\/www.linkedin.com\/company\/2462488\/admin\/\",\"https:\/\/www.instagram.com\/geostru\/\"]}]}<\/script>\n<meta property=\"product:brand\" content=\"Software\" \/>\n<meta property=\"product:price:amount\" content=\"0.00\" \/>\n<meta property=\"product:price:currency\" content=\"EUR\" \/>\n<meta property=\"og:availability\" content=\"out of stock\" \/>\n<meta property=\"product:availability\" content=\"out of stock\" \/>\n<meta property=\"product:retailer_item_id\" content=\"38\" \/>\n<meta property=\"product:condition\" content=\"new\" \/>\n<!-- \/ Yoast SEO Premium plugin. -->","yoast_head_json":{"title":"Global Stability Analysis - GSA - GeoStru","description":"Global Stability Analysis - GSA checks global stability for any type of geotechnical work, automatically importing data from Geostru software. FREE","robots":{"index":"index","follow":"follow","max-snippet":"max-snippet:-1","max-image-preview":"max-image-preview:large","max-video-preview":"max-video-preview:-1"},"canonical":"https:\/\/www.geostru.eu\/es\/shop\/software-es\/global-stability-analysis-gsa\/","og_locale":"es_ES","og_type":"article","og_title":"Global Stability Analysis - GSA","og_description":"Global Stability Analysis - GSA checks global stability for any type of geotechnical work, automatically importing data from Geostru software. FREE","og_url":"https:\/\/www.geostru.eu\/es\/shop\/software-es\/global-stability-analysis-gsa\/","og_site_name":"GeoStru","article_publisher":"https:\/\/www.facebook.com\/GeoStruSoftware\/","article_modified_time":"2021-08-11T07:24:21+00:00","og_image":[{"width":1917,"height":1027,"url":"https:\/\/www.geostru.eu\/wp-content\/uploads\/2016\/04\/Global-Stability-Analysis.gif","type":"image\/gif"}],"twitter_card":"summary_large_image","twitter_site":"@geostru","twitter_misc":{"Precio":"","Disponibilidad":"Sin existencias"},"schema":{"@context":"https:\/\/schema.org","@graph":[{"@type":"WebPage","@id":"https:\/\/www.geostru.eu\/es\/shop\/software-es\/global-stability-analysis-gsa\/","url":"https:\/\/www.geostru.eu\/es\/shop\/software-es\/global-stability-analysis-gsa\/","name":"Global Stability Analysis - GSA - GeoStru","isPartOf":{"@id":"https:\/\/www.geostru.eu\/es\/#website"},"primaryImageOfPage":{"@id":"https:\/\/www.geostru.eu\/es\/shop\/software-es\/global-stability-analysis-gsa\/#primaryimage"},"image":{"@id":"https:\/\/www.geostru.eu\/es\/shop\/software-es\/global-stability-analysis-gsa\/#primaryimage"},"thumbnailUrl":"https:\/\/www.geostru.eu\/wp-content\/uploads\/2016\/04\/Global-Stability-Analysis.gif","datePublished":"2016-04-22T05:05:55+00:00","dateModified":"2021-08-11T07:24:21+00:00","description":"Global Stability Analysis - GSA checks global stability for any type of geotechnical work, automatically importing data from Geostru software. FREE","breadcrumb":{"@id":"https:\/\/www.geostru.eu\/es\/shop\/software-es\/global-stability-analysis-gsa\/#breadcrumb"},"inLanguage":"es","potentialAction":[{"@type":"ReadAction","target":["https:\/\/www.geostru.eu\/es\/shop\/software-es\/global-stability-analysis-gsa\/"]}]},{"@type":"ImageObject","inLanguage":"es","@id":"https:\/\/www.geostru.eu\/es\/shop\/software-es\/global-stability-analysis-gsa\/#primaryimage","url":"https:\/\/www.geostru.eu\/wp-content\/uploads\/2016\/04\/Global-Stability-Analysis.gif","contentUrl":"https:\/\/www.geostru.eu\/wp-content\/uploads\/2016\/04\/Global-Stability-Analysis.gif","width":1917,"height":1027},{"@type":"BreadcrumbList","@id":"https:\/\/www.geostru.eu\/es\/shop\/software-es\/global-stability-analysis-gsa\/#breadcrumb","itemListElement":[{"@type":"ListItem","position":1,"name":"Home","item":"https:\/\/www.geostru.eu\/es\/"},{"@type":"ListItem","position":2,"name":"Shop","item":"https:\/\/www.geostru.eu\/shop\/?lang=es"},{"@type":"ListItem","position":3,"name":"Global Stability Analysis &#8211; GSA"}]},{"@type":"WebSite","@id":"https:\/\/www.geostru.eu\/es\/#website","url":"https:\/\/www.geostru.eu\/es\/","name":"GeoStru","description":"Professionals at your service","publisher":{"@id":"https:\/\/www.geostru.eu\/es\/#organization"},"potentialAction":[{"@type":"SearchAction","target":{"@type":"EntryPoint","urlTemplate":"https:\/\/www.geostru.eu\/es\/?s={search_term_string}"},"query-input":{"@type":"PropertyValueSpecification","valueRequired":true,"valueName":"search_term_string"}}],"inLanguage":"es"},{"@type":"Organization","@id":"https:\/\/www.geostru.eu\/es\/#organization","name":"GeoStru","url":"https:\/\/www.geostru.eu\/es\/","logo":{"@type":"ImageObject","inLanguage":"es","@id":"https:\/\/www.geostru.eu\/es\/#\/schema\/logo\/image\/","url":"https:\/\/www.geostru.eu\/wp-content\/uploads\/2023\/02\/LOGO_GEOSTRU_educational_banner.png","contentUrl":"https:\/\/www.geostru.eu\/wp-content\/uploads\/2023\/02\/LOGO_GEOSTRU_educational_banner.png","width":363,"height":115,"caption":"GeoStru"},"image":{"@id":"https:\/\/www.geostru.eu\/es\/#\/schema\/logo\/image\/"},"sameAs":["https:\/\/www.facebook.com\/GeoStruSoftware\/","https:\/\/x.com\/geostru","https:\/\/www.linkedin.com\/company\/2462488\/admin\/","https:\/\/www.instagram.com\/geostru\/"]}]},"product_brand":"Software","product_price_amount":"0.00","product_price_currency":"EUR","og_availability":"out of stock","product_availability":"out of stock","product_retailer_item_id":"38","product_condition":"new"},"_links":{"self":[{"href":"https:\/\/www.geostru.eu\/es\/wp-json\/wp\/v2\/product\/21486"}],"collection":[{"href":"https:\/\/www.geostru.eu\/es\/wp-json\/wp\/v2\/product"}],"about":[{"href":"https:\/\/www.geostru.eu\/es\/wp-json\/wp\/v2\/types\/product"}],"replies":[{"embeddable":true,"href":"https:\/\/www.geostru.eu\/es\/wp-json\/wp\/v2\/comments?post=21486"}],"wp:featuredmedia":[{"embeddable":true,"href":"https:\/\/www.geostru.eu\/es\/wp-json\/wp\/v2\/media\/21492"}],"wp:attachment":[{"href":"https:\/\/www.geostru.eu\/es\/wp-json\/wp\/v2\/media?parent=21486"}],"wp:term":[{"taxonomy":"product_cat","embeddable":true,"href":"https:\/\/www.geostru.eu\/es\/wp-json\/wp\/v2\/product_cat?post=21486"},{"taxonomy":"product_tag","embeddable":true,"href":"https:\/\/www.geostru.eu\/es\/wp-json\/wp\/v2\/product_tag?post=21486"}],"curies":[{"name":"wp","href":"https:\/\/api.w.org\/{rel}","templated":true}]}}