{"id":20754,"date":"2016-03-17T17:52:18","date_gmt":"2016-03-17T15:52:18","guid":{"rendered":"https:\/\/www.geostru.eu\/es\/?post_type=product&#038;p=20754&#038;lang=es"},"modified":"2025-02-20T12:10:02","modified_gmt":"2025-02-20T11:10:02","slug":"estabilidad-y-consolidacion-de-bloques-de-roca","status":"publish","type":"product","link":"https:\/\/www.geostru.eu\/es\/shop\/software-es\/geomecanica-es\/estabilidad-y-consolidacion-de-bloques-de-roca\/","title":{"rendered":"Estabilidad y consolidaci\u00f3n de bloques de roca &#8211; RockPlane"},"content":{"rendered":"<div class=\"wpb-content-wrapper\"><p>[vc_row][vc_column][vc_column_text]<strong>Estabilidad y consolidaci\u00f3n de bloques de roca<\/strong><\/p>\n<p>Las comprobaciones se realizan bajo el supuesto de equilibrio l\u00edmite utilizando el criterio de fallo de Mohr-Coulomb o Barton-Bandis;<br \/>\nLas acciones que act\u00faan sobre el bloque son: peso, empuje hidrost\u00e1tico en tensi\u00f3n de grieta y fuerza s\u00edsmica.<\/p>\n<ul>\n<li style=\"list-style-type: none;\">\n<ul>\n<li>C\u00e1lculo del factor de seguridad de fluencia y vuelco<\/li>\n<li>C\u00e1lculo del tipo de tirante: pasivo, activo o clavado<\/li>\n<li>C\u00e1lculo de los factores de seguridad tras las obras de intervenci\u00f3n<\/li>\n<li>Forma del bloque: romboidal o triangular, gen\u00e9rico<\/li>\n<li>Todos los an\u00e1lisis pueden realizarse en condiciones est\u00e1ticas o s\u00edsmicas.<\/li>\n<\/ul>\n<\/li>\n<\/ul>\n<p><strong>Norma<\/strong><\/p>\n<ul>\n<li>NTC 2018<\/li>\n<li>EN 1997-1 Eurocode 7: Geotechnical design \u2013 Part 1: General rules, November 2004<\/li>\n<li>EN 1997-2 Eurocode 7: Geotechnical design \u2013 Part 2: Ground investigation and testing , March 2007<\/li>\n<li>EN 1998-1 Eurocode 8: Design of structures for earthquake resistance \u2013 Part 1: General rules, seismic actions and rules for buildings, December 2004<\/li>\n<li>EN 1998-5 Eurocode 8: Design of structures for earthquake resistance Part 5: Foundations, retaining structures and geotechnical aspects, November 2004<\/li>\n<li><a href=\"http:\/\/www.associazioneaicap.it\/\" target=\"_blank\" rel=\"noopener noreferrer\">Norme AICAP<\/a>, <a href=\"http:\/\/www.associazionegeotecnica.it\/pubblicazioni\/raccomandazioni\" target=\"_blank\" rel=\"noopener noreferrer\">Raccomandazione AGI<\/a><\/li>\n<\/ul>\n<p>[\/vc_column_text][\/vc_column][\/vc_row]<\/p>\n<\/div>","protected":false},"excerpt":{"rendered":"<p style=\"text-align: justify;\"><strong>RockPlane<\/strong> es una herramienta inform\u00e1tica para la evaluaci\u00f3n de la inestabilidad localizada de elementos rocosos afectados por movimientos s\u00edsmicos y\/o por la presencia de presiones de agua dentro de fracturas intersuperficiales.<br \/>\nEl software proporciona factores de seguridad de riesgo de deslizamiento y vuelco que permiten verificar la estabilidad del bloque y, en su caso, dise\u00f1ar obras de estabilizaci\u00f3n mediante anclajes y clavos activos o pasivos.<\/p>\n<p>&nbsp;<\/p>\n","protected":false},"featured_media":20093,"comment_status":"open","ping_status":"closed","template":"","meta":[],"product_cat":[3723,186],"product_tag":[],"class_list":{"0":"post-20754","1":"product","2":"type-product","3":"status-publish","4":"has-post-thumbnail","6":"product_cat-sin-categorizar","7":"product_cat-geomecanica-es","8":"pa_product-professional-en-es","9":"pa_product-subscription-1-year-en-es","10":"description-off","12":"first","13":"instock","14":"downloadable","15":"virtual","16":"sold-individually","17":"taxable","18":"purchasable","19":"product-type-licensed"},"yoast_head":"<!-- This site is optimized with the Yoast SEO Premium plugin v25.0 (Yoast SEO v25.0) - https:\/\/yoast.com\/wordpress\/plugins\/seo\/ -->\n<title>Estabilidad y consolidaci\u00f3n de bloques de roca - RockPlane - GeoStru<\/title>\n<meta name=\"robots\" content=\"index, follow, max-snippet:-1, max-image-preview:large, max-video-preview:-1\" \/>\n<link rel=\"canonical\" href=\"https:\/\/www.geostru.eu\/es\/shop\/software-es\/geomecanica-es\/estabilidad-y-consolidacion-de-bloques-de-roca\/\" \/>\n<meta property=\"og:locale\" content=\"es_ES\" \/>\n<meta property=\"og:type\" content=\"article\" \/>\n<meta property=\"og:title\" content=\"Estabilidad y consolidaci\u00f3n de bloques de roca - RockPlane\" \/>\n<meta property=\"og:description\" content=\"RockPlane es una herramienta inform\u00e1tica para la evaluaci\u00f3n de la inestabilidad localizada de elementos rocosos afectados por movimientos s\u00edsmicos y\/o por la presencia de presiones de agua dentro de fracturas intersuperficiales. El software proporciona factores de seguridad de riesgo de deslizamiento y vuelco que permiten verificar la estabilidad del bloque y, en su caso, dise\u00f1ar obras de estabilizaci\u00f3n mediante anclajes y clavos activos o pasivos. &nbsp;\" \/>\n<meta property=\"og:url\" content=\"https:\/\/www.geostru.eu\/es\/shop\/software-es\/geomecanica-es\/estabilidad-y-consolidacion-de-bloques-de-roca\/\" \/>\n<meta property=\"og:site_name\" content=\"GeoStru\" \/>\n<meta property=\"article:publisher\" content=\"https:\/\/www.facebook.com\/GeoStruSoftware\/\" \/>\n<meta property=\"article:modified_time\" content=\"2025-02-20T11:10:02+00:00\" \/>\n<meta property=\"og:image\" content=\"https:\/\/www.geostru.eu\/wp-content\/uploads\/2013\/12\/rockplane.png\" \/>\n\t<meta property=\"og:image:width\" content=\"1916\" \/>\n\t<meta property=\"og:image:height\" content=\"1040\" \/>\n\t<meta property=\"og:image:type\" content=\"image\/png\" \/>\n<meta name=\"twitter:card\" content=\"summary_large_image\" \/>\n<meta name=\"twitter:site\" content=\"@geostru\" \/>\n<meta name=\"twitter:label1\" content=\"Precio\" \/>\n\t<meta name=\"twitter:data1\" content=\"&euro;390.00 exc. IVA\" \/>\n\t<meta name=\"twitter:label2\" content=\"Disponibilidad\" \/>\n\t<meta name=\"twitter:data2\" content=\"Disponible\" \/>\n<script type=\"application\/ld+json\" class=\"yoast-schema-graph\">{\"@context\":\"https:\/\/schema.org\",\"@graph\":[{\"@type\":\"WebPage\",\"@id\":\"https:\/\/www.geostru.eu\/es\/shop\/software-es\/geomecanica-es\/estabilidad-y-consolidacion-de-bloques-de-roca\/\",\"url\":\"https:\/\/www.geostru.eu\/es\/shop\/software-es\/geomecanica-es\/estabilidad-y-consolidacion-de-bloques-de-roca\/\",\"name\":\"Estabilidad y consolidaci\u00f3n de bloques de roca - RockPlane - GeoStru\",\"isPartOf\":{\"@id\":\"https:\/\/www.geostru.eu\/es\/#website\"},\"primaryImageOfPage\":{\"@id\":\"https:\/\/www.geostru.eu\/es\/shop\/software-es\/geomecanica-es\/estabilidad-y-consolidacion-de-bloques-de-roca\/#primaryimage\"},\"image\":{\"@id\":\"https:\/\/www.geostru.eu\/es\/shop\/software-es\/geomecanica-es\/estabilidad-y-consolidacion-de-bloques-de-roca\/#primaryimage\"},\"thumbnailUrl\":\"https:\/\/www.geostru.eu\/wp-content\/uploads\/2013\/12\/rockplane.png\",\"datePublished\":\"2016-03-17T15:52:18+00:00\",\"dateModified\":\"2025-02-20T11:10:02+00:00\",\"breadcrumb\":{\"@id\":\"https:\/\/www.geostru.eu\/es\/shop\/software-es\/geomecanica-es\/estabilidad-y-consolidacion-de-bloques-de-roca\/#breadcrumb\"},\"inLanguage\":\"es\",\"potentialAction\":[{\"@type\":\"ReadAction\",\"target\":[\"https:\/\/www.geostru.eu\/es\/shop\/software-es\/geomecanica-es\/estabilidad-y-consolidacion-de-bloques-de-roca\/\"]}]},{\"@type\":\"ImageObject\",\"inLanguage\":\"es\",\"@id\":\"https:\/\/www.geostru.eu\/es\/shop\/software-es\/geomecanica-es\/estabilidad-y-consolidacion-de-bloques-de-roca\/#primaryimage\",\"url\":\"https:\/\/www.geostru.eu\/wp-content\/uploads\/2013\/12\/rockplane.png\",\"contentUrl\":\"https:\/\/www.geostru.eu\/wp-content\/uploads\/2013\/12\/rockplane.png\",\"width\":1916,\"height\":1040},{\"@type\":\"BreadcrumbList\",\"@id\":\"https:\/\/www.geostru.eu\/es\/shop\/software-es\/geomecanica-es\/estabilidad-y-consolidacion-de-bloques-de-roca\/#breadcrumb\",\"itemListElement\":[{\"@type\":\"ListItem\",\"position\":1,\"name\":\"Home\",\"item\":\"https:\/\/www.geostru.eu\/es\/\"},{\"@type\":\"ListItem\",\"position\":2,\"name\":\"Shop\",\"item\":\"https:\/\/www.geostru.eu\/shop\/?lang=es\"},{\"@type\":\"ListItem\",\"position\":3,\"name\":\"Estabilidad y consolidaci\u00f3n de bloques de roca &#8211; RockPlane\"}]},{\"@type\":\"WebSite\",\"@id\":\"https:\/\/www.geostru.eu\/es\/#website\",\"url\":\"https:\/\/www.geostru.eu\/es\/\",\"name\":\"GeoStru\",\"description\":\"Professionals at your service\",\"publisher\":{\"@id\":\"https:\/\/www.geostru.eu\/es\/#organization\"},\"potentialAction\":[{\"@type\":\"SearchAction\",\"target\":{\"@type\":\"EntryPoint\",\"urlTemplate\":\"https:\/\/www.geostru.eu\/es\/?s={search_term_string}\"},\"query-input\":{\"@type\":\"PropertyValueSpecification\",\"valueRequired\":true,\"valueName\":\"search_term_string\"}}],\"inLanguage\":\"es\"},{\"@type\":\"Organization\",\"@id\":\"https:\/\/www.geostru.eu\/es\/#organization\",\"name\":\"GeoStru\",\"url\":\"https:\/\/www.geostru.eu\/es\/\",\"logo\":{\"@type\":\"ImageObject\",\"inLanguage\":\"es\",\"@id\":\"https:\/\/www.geostru.eu\/es\/#\/schema\/logo\/image\/\",\"url\":\"https:\/\/www.geostru.eu\/wp-content\/uploads\/2023\/02\/LOGO_GEOSTRU_educational_banner.png\",\"contentUrl\":\"https:\/\/www.geostru.eu\/wp-content\/uploads\/2023\/02\/LOGO_GEOSTRU_educational_banner.png\",\"width\":363,\"height\":115,\"caption\":\"GeoStru\"},\"image\":{\"@id\":\"https:\/\/www.geostru.eu\/es\/#\/schema\/logo\/image\/\"},\"sameAs\":[\"https:\/\/www.facebook.com\/GeoStruSoftware\/\",\"https:\/\/x.com\/geostru\",\"https:\/\/www.linkedin.com\/company\/2462488\/admin\/\",\"https:\/\/www.instagram.com\/geostru\/\"]}]}<\/script>\n<meta property=\"product:brand\" content=\"Sin categorizar\" \/>\n<meta property=\"product:price:amount\" content=\"390.00\" \/>\n<meta property=\"product:price:currency\" content=\"EUR\" \/>\n<meta property=\"og:availability\" content=\"instock\" \/>\n<meta property=\"product:availability\" content=\"instock\" \/>\n<meta property=\"product:retailer_item_id\" content=\"17\" \/>\n<meta property=\"product:condition\" content=\"new\" \/>\n<!-- \/ Yoast SEO Premium plugin. -->","yoast_head_json":{"title":"Estabilidad y consolidaci\u00f3n de bloques de roca - RockPlane - GeoStru","robots":{"index":"index","follow":"follow","max-snippet":"max-snippet:-1","max-image-preview":"max-image-preview:large","max-video-preview":"max-video-preview:-1"},"canonical":"https:\/\/www.geostru.eu\/es\/shop\/software-es\/geomecanica-es\/estabilidad-y-consolidacion-de-bloques-de-roca\/","og_locale":"es_ES","og_type":"article","og_title":"Estabilidad y consolidaci\u00f3n de bloques de roca - RockPlane","og_description":"RockPlane es una herramienta inform\u00e1tica para la evaluaci\u00f3n de la inestabilidad localizada de elementos rocosos afectados por movimientos s\u00edsmicos y\/o por la presencia de presiones de agua dentro de fracturas intersuperficiales. El software proporciona factores de seguridad de riesgo de deslizamiento y vuelco que permiten verificar la estabilidad del bloque y, en su caso, dise\u00f1ar obras de estabilizaci\u00f3n mediante anclajes y clavos activos o pasivos. &nbsp;","og_url":"https:\/\/www.geostru.eu\/es\/shop\/software-es\/geomecanica-es\/estabilidad-y-consolidacion-de-bloques-de-roca\/","og_site_name":"GeoStru","article_publisher":"https:\/\/www.facebook.com\/GeoStruSoftware\/","article_modified_time":"2025-02-20T11:10:02+00:00","og_image":[{"width":1916,"height":1040,"url":"https:\/\/www.geostru.eu\/wp-content\/uploads\/2013\/12\/rockplane.png","type":"image\/png"}],"twitter_card":"summary_large_image","twitter_site":"@geostru","twitter_misc":{"Precio":"&euro;390.00 exc. IVA","Disponibilidad":"Disponible"},"schema":{"@context":"https:\/\/schema.org","@graph":[{"@type":"WebPage","@id":"https:\/\/www.geostru.eu\/es\/shop\/software-es\/geomecanica-es\/estabilidad-y-consolidacion-de-bloques-de-roca\/","url":"https:\/\/www.geostru.eu\/es\/shop\/software-es\/geomecanica-es\/estabilidad-y-consolidacion-de-bloques-de-roca\/","name":"Estabilidad y consolidaci\u00f3n de bloques de roca - RockPlane - GeoStru","isPartOf":{"@id":"https:\/\/www.geostru.eu\/es\/#website"},"primaryImageOfPage":{"@id":"https:\/\/www.geostru.eu\/es\/shop\/software-es\/geomecanica-es\/estabilidad-y-consolidacion-de-bloques-de-roca\/#primaryimage"},"image":{"@id":"https:\/\/www.geostru.eu\/es\/shop\/software-es\/geomecanica-es\/estabilidad-y-consolidacion-de-bloques-de-roca\/#primaryimage"},"thumbnailUrl":"https:\/\/www.geostru.eu\/wp-content\/uploads\/2013\/12\/rockplane.png","datePublished":"2016-03-17T15:52:18+00:00","dateModified":"2025-02-20T11:10:02+00:00","breadcrumb":{"@id":"https:\/\/www.geostru.eu\/es\/shop\/software-es\/geomecanica-es\/estabilidad-y-consolidacion-de-bloques-de-roca\/#breadcrumb"},"inLanguage":"es","potentialAction":[{"@type":"ReadAction","target":["https:\/\/www.geostru.eu\/es\/shop\/software-es\/geomecanica-es\/estabilidad-y-consolidacion-de-bloques-de-roca\/"]}]},{"@type":"ImageObject","inLanguage":"es","@id":"https:\/\/www.geostru.eu\/es\/shop\/software-es\/geomecanica-es\/estabilidad-y-consolidacion-de-bloques-de-roca\/#primaryimage","url":"https:\/\/www.geostru.eu\/wp-content\/uploads\/2013\/12\/rockplane.png","contentUrl":"https:\/\/www.geostru.eu\/wp-content\/uploads\/2013\/12\/rockplane.png","width":1916,"height":1040},{"@type":"BreadcrumbList","@id":"https:\/\/www.geostru.eu\/es\/shop\/software-es\/geomecanica-es\/estabilidad-y-consolidacion-de-bloques-de-roca\/#breadcrumb","itemListElement":[{"@type":"ListItem","position":1,"name":"Home","item":"https:\/\/www.geostru.eu\/es\/"},{"@type":"ListItem","position":2,"name":"Shop","item":"https:\/\/www.geostru.eu\/shop\/?lang=es"},{"@type":"ListItem","position":3,"name":"Estabilidad y consolidaci\u00f3n de bloques de roca &#8211; RockPlane"}]},{"@type":"WebSite","@id":"https:\/\/www.geostru.eu\/es\/#website","url":"https:\/\/www.geostru.eu\/es\/","name":"GeoStru","description":"Professionals at your service","publisher":{"@id":"https:\/\/www.geostru.eu\/es\/#organization"},"potentialAction":[{"@type":"SearchAction","target":{"@type":"EntryPoint","urlTemplate":"https:\/\/www.geostru.eu\/es\/?s={search_term_string}"},"query-input":{"@type":"PropertyValueSpecification","valueRequired":true,"valueName":"search_term_string"}}],"inLanguage":"es"},{"@type":"Organization","@id":"https:\/\/www.geostru.eu\/es\/#organization","name":"GeoStru","url":"https:\/\/www.geostru.eu\/es\/","logo":{"@type":"ImageObject","inLanguage":"es","@id":"https:\/\/www.geostru.eu\/es\/#\/schema\/logo\/image\/","url":"https:\/\/www.geostru.eu\/wp-content\/uploads\/2023\/02\/LOGO_GEOSTRU_educational_banner.png","contentUrl":"https:\/\/www.geostru.eu\/wp-content\/uploads\/2023\/02\/LOGO_GEOSTRU_educational_banner.png","width":363,"height":115,"caption":"GeoStru"},"image":{"@id":"https:\/\/www.geostru.eu\/es\/#\/schema\/logo\/image\/"},"sameAs":["https:\/\/www.facebook.com\/GeoStruSoftware\/","https:\/\/x.com\/geostru","https:\/\/www.linkedin.com\/company\/2462488\/admin\/","https:\/\/www.instagram.com\/geostru\/"]}]},"product_brand":"Sin categorizar","product_price_amount":"390.00","product_price_currency":"EUR","og_availability":"instock","product_availability":"instock","product_retailer_item_id":"17","product_condition":"new"},"_links":{"self":[{"href":"https:\/\/www.geostru.eu\/es\/wp-json\/wp\/v2\/product\/20754"}],"collection":[{"href":"https:\/\/www.geostru.eu\/es\/wp-json\/wp\/v2\/product"}],"about":[{"href":"https:\/\/www.geostru.eu\/es\/wp-json\/wp\/v2\/types\/product"}],"replies":[{"embeddable":true,"href":"https:\/\/www.geostru.eu\/es\/wp-json\/wp\/v2\/comments?post=20754"}],"wp:featuredmedia":[{"embeddable":true,"href":"https:\/\/www.geostru.eu\/es\/wp-json\/wp\/v2\/media\/20093"}],"wp:attachment":[{"href":"https:\/\/www.geostru.eu\/es\/wp-json\/wp\/v2\/media?parent=20754"}],"wp:term":[{"taxonomy":"product_cat","embeddable":true,"href":"https:\/\/www.geostru.eu\/es\/wp-json\/wp\/v2\/product_cat?post=20754"},{"taxonomy":"product_tag","embeddable":true,"href":"https:\/\/www.geostru.eu\/es\/wp-json\/wp\/v2\/product_tag?post=20754"}],"curies":[{"name":"wp","href":"https:\/\/api.w.org\/{rel}","templated":true}]}}