{"id":162735,"date":"2025-12-06T09:34:30","date_gmt":"2025-12-06T08:34:30","guid":{"rendered":"https:\/\/www.geostru.eu\/shop\/sincategorizar\/geocompositi-drenanti-in-discarica-progettazione-e-stabilita\/"},"modified":"2025-12-08T09:51:33","modified_gmt":"2025-12-08T08:51:33","slug":"geocompositi-drenanti-in-discarica-progettazione-e-stabilita","status":"publish","type":"product","link":"https:\/\/www.geostru.eu\/es\/shop\/sin-categorizar\/geocompositi-drenanti-in-discarica-progettazione-e-stabilita\/","title":{"rendered":"Geocompositi Drenanti in Discarica: Progettazione e Stabilit\u00e0"},"content":{"rendered":"<p style=\"text-align: justify;\">Questo testo tecnico offre una panoramica estesa sull&#8217;uso ingegneristico dei <strong>Geocompositi Drenanti (GCD)<\/strong>, in particolare nei sistemi di contenimento e copertura delle discariche. Vengono descritte le tipologie di GCD (come geostuoie e georeti) e le loro caratteristiche prestazionali, con enfasi sulle prove meccaniche standardizzate e sul fenomeno del\u00a0<em>creep<\/em>\u00a0a lungo termine in funzione del carico applicato. Il testo dettaglia l&#8217;analisi idraulica, definendo parametri cruciali come\u00a0<strong>trasmissivit\u00e0<\/strong>\u00a0e\u00a0<strong>permittivit\u00e0<\/strong>\u00a0e illustrando i metodi per calcolare la portata ammissibile mediante l&#8217;applicazione di rigorosi fattori di sicurezza che mitigano gli effetti di intrusione e intasamento. Inoltre, viene trattata la complessa\u00a0<strong>stabilit\u00e0 geotecnica<\/strong>\u00a0dei sistemi multistrato, esaminando i modelli di verifica per i pendii (come quelli di Giroud e Koerner) e il dimensionamento dei sistemi di ancoraggio. Una sezione importante si concentra sulla stima della portata di progetto, derivante sia dalle precipitazioni atmosferiche sia dal flusso di percolato e biogas, quest&#8217;ultimo assimilato a un moto in regime non laminare all&#8217;interno del mezzo poroso. Infine, il documento affronta il problema degli assestamenti a lungo termine dell&#8217;ammasso di rifiuti e la necessit\u00e0 di elementi di rinforzo per garantire l&#8217;integrit\u00e0 strutturale dell&#8217;impianto.<\/p>\n<ul class=\"toc\">\n<li><a href=\"#sec-1\">1. Introduzione<\/a>\n<ul>\n<li><a href=\"#sec-1-1\">1.1 I geocompositi drenanti<\/a><\/li>\n<li><a href=\"#sec-1-2\">1.2 Caratteristiche fondamentali di un GCD<\/a>\n<ul>\n<li><a href=\"#sec-1-2-1\">1.2.1 La permettivit\u00e0 e il coefficiente di apertura dei pori (AOS)<\/a><\/li>\n<li><a href=\"#sec-1-2-2\">1.2.2 Coefficiente di attrito all\u2019interfaccia<\/a><\/li>\n<li><a href=\"#sec-1-2-3\">1.2.3 Peel strenght di un geocomposito<\/a><\/li>\n<li><a href=\"#sec-1-2-4\">1.2.4 Dreni comprimibili e dreni collassabili: il comportamento a compressione di un GCD<\/a><\/li>\n<li><a href=\"#sec-1-2-5\">1.2.5 La caratteristica fondamentale di un GCD: la capacit\u00e0 drenante nel piano<\/a>\n<ul>\n<li><a href=\"#sec-1-2-5-1\">1.2.5.1 Calcolo del valore ammissibile di capacit\u00e0 drenante di un GCD<\/a><\/li>\n<\/ul>\n<\/li>\n<\/ul>\n<\/li>\n<li><a href=\"#sec-1-3\">1.3 Criteri di progettazione<\/a>\n<ul>\n<li><a href=\"#sec-1-3-1\">1.3.1 Parametri idraulici<\/a>\n<ul>\n<li><a href=\"#sec-1-3-1-1\">1.3.1.1 Gradiente idraulico<\/a><\/li>\n<li><a href=\"#sec-1-3-1-2\">1.3.1.2 Portata di progetto<\/a>\n<ul>\n<li><a href=\"#sec-1-3-1-2-1\">1.3.1.2.1 Componente idraulica relativa alle precipitazioni atmosferiche<\/a><\/li>\n<li><a href=\"#sec-1-3-1-2-2\">1.3.1.2.2 Componente idraulica relativa alla falda<\/a><\/li>\n<li><a href=\"#sec-1-3-1-2-3\">1.3.1.2.3 Portata idraulica non ricostruibile: il confronto prestazionale GCD\u2013ghiaia<\/a><\/li>\n<\/ul>\n<\/li>\n<\/ul>\n<\/li>\n<li><a href=\"#sec-1-3-2\">1.3.2 Condizioni di carico<\/a>\n<ul>\n<li><a href=\"#sec-1-3-2-1\">1.3.2.1 Applicazioni in orizzontale<\/a><\/li>\n<li><a href=\"#sec-1-3-2-2\">1.3.2.2 Applicazione in obliquo<\/a><\/li>\n<li><a href=\"#sec-1-3-2-3\">1.3.2.3 Applicazioni in verticale<\/a><\/li>\n<\/ul>\n<\/li>\n<\/ul>\n<\/li>\n<\/ul>\n<\/li>\n<li><a href=\"#sec-2\">2. Sistemi drenanti in discarica: drenaggio laterale e sul fondo<\/a>\n<ul>\n<li><a href=\"#sec-2-1\">2.1 Fattore di equivalenza tra sistemi drenanti sintetici e naturali in discarica<\/a><\/li>\n<li><a href=\"#sec-2-2\">2.2 Sistemi drenanti geosintetici sul fondo di una discarica<\/a>\n<ul>\n<li><a href=\"#sec-2-2-1\">2.2.1 Drenaggio laterale<\/a><\/li>\n<li><a href=\"#sec-2-2-2\">2.2.2 Drenaggio sul fondo<\/a><\/li>\n<li><a href=\"#sec-2-2-3\">2.2.3 Drenaggio sul fondo mediante il sistema degli strips drain<\/a><\/li>\n<li><a href=\"#sec-2-2-4\">2.2.4 Sistemi di drenaggio misti<\/a>\n<ul>\n<li><a href=\"#sec-2-2-4-1\">2.2.4.1 Stima della portata di ingresso<\/a><\/li>\n<li><a href=\"#sec-2-2-4-2\">2.2.4.2 Equazioni caratterizzanti il modello di calcolo<\/a><\/li>\n<li><a href=\"#sec-2-2-4-3\">2.2.4.3 Algoritmo di calcolo<\/a>\n<ul>\n<li><a href=\"#sec-2-2-4-3-1\">2.2.4.3.1 Flusso in corrispondenza del geocomposito drenante (strato inferiore)<\/a><\/li>\n<li><a href=\"#sec-2-2-4-3-2\">2.2.4.3.2 Flusso in corrispondenza dello strato di sabbia (strato superiore)<\/a><\/li>\n<\/ul>\n<\/li>\n<\/ul>\n<\/li>\n<\/ul>\n<\/li>\n<\/ul>\n<\/li>\n<\/ul>\n","protected":false},"excerpt":{"rendered":"<p>Questo testo tecnico offre una panoramica estesa sull&#8217;uso ingegneristico dei <strong>Geocompositi Drenanti (GCD)<\/strong>, in particolare nei sistemi di contenimento e copertura delle discariche. Vengono descritte le tipologie di GCD (come geostuoie e georeti) e le loro caratteristiche prestazionali, con enfasi sulle prove meccaniche standardizzate e sul fenomeno del\u00a0<em>creep<\/em>\u00a0a lungo termine in funzione del carico applicato. Il testo dettaglia l&#8217;analisi idraulica, definendo parametri cruciali come\u00a0<strong>trasmissivit\u00e0<\/strong>\u00a0e\u00a0<strong>permittivit\u00e0<\/strong>\u00a0e illustrando i metodi per calcolare la portata ammissibile mediante l&#8217;applicazione di rigorosi fattori di sicurezza che mitigano gli effetti di intrusione e intasamento. Inoltre, viene trattata la complessa\u00a0<strong>stabilit\u00e0 geotecnica<\/strong>\u00a0dei sistemi multistrato, esaminando i modelli di verifica per i pendii (come quelli di Giroud e Koerner) e il dimensionamento dei sistemi di ancoraggio. Una sezione importante si concentra sulla stima della portata di progetto, derivante sia dalle precipitazioni atmosferiche sia dal flusso di percolato e biogas, quest&#8217;ultimo assimilato a un moto in regime non laminare all&#8217;interno del mezzo poroso. Infine, il documento affronta il problema degli assestamenti a lungo termine dell&#8217;ammasso di rifiuti e la necessit\u00e0 di elementi di rinforzo per garantire l&#8217;integrit\u00e0 strutturale dell&#8217;impianto.<\/p>\n<div class=\"paragraph normal ng-star-inserted\" data-start-index=\"144\"><b class=\"ng-star-inserted\" data-start-index=\"144\"><span class=\"ng-star-inserted\" data-start-index=\"192\"><img loading=\"lazy\" decoding=\"async\" class=\"size-full wp-image-162729 alignleft\" src=\"https:\/\/www.geostru.eu\/wp-content\/uploads\/2025\/12\/copertina-singola-qrcode.png\" alt=\"\" width=\"96\" height=\"96\" srcset=\"https:\/\/www.geostru.eu\/wp-content\/uploads\/2025\/12\/copertina-singola-qrcode.png 96w, https:\/\/www.geostru.eu\/wp-content\/uploads\/2025\/12\/copertina-singola-qrcode-80x80.png 80w\" sizes=\"(max-width: 96px) 100vw, 96px\" \/><\/span>Li<\/b><b class=\"ng-star-inserted\" data-start-index=\"144\">ngua del testo:<\/b><span class=\"ng-star-inserted\" data-start-index=\"161\"> Italiano.<\/span><\/div>\n<div class=\"paragraph normal ng-star-inserted\" data-start-index=\"472\"><b class=\"ng-star-inserted\" data-start-index=\"472\">Argo<\/b><b class=\"ng-star-inserted\" data-start-index=\"472\">mento:<\/b><span class=\"ng-star-inserted\" data-start-index=\"482\"> Ingegneria geotecnica e ambientale applicata alla progettazione di discariche, con un focus specifico sull&#8217;utilizzo di materiali geosintetici (geocompositi drenanti, geogriglie, geomembrane).<\/span><\/div>\n<div class=\"paragraph normal ng-star-inserted\" data-start-index=\"674\"><b class=\"ng-star-inserted\" data-start-index=\"674\">Riferimenti Normativi:<\/b><span class=\"ng-star-inserted\" data-start-index=\"696\"> Il testo fa ampio riferimento al <\/span><b class=\"ng-star-inserted\" data-start-index=\"730\">D.Lgs 36\/2003<\/b><span class=\"ng-star-inserted\" data-start-index=\"743\"> (recepimento della Direttiva 1999\/31\/CE) e a standard tecnici come ASTM, ISO e GRI<\/span><\/div>\n","protected":false},"featured_media":162724,"comment_status":"closed","ping_status":"closed","template":"","meta":[],"product_cat":[3723],"product_tag":[13562],"class_list":{"0":"post-162735","1":"product","2":"type-product","3":"status-publish","4":"has-post-thumbnail","6":"product_cat-sin-categorizar","7":"product_tag-geocompositi-drenanti-in-discarica-es","8":"description-off","10":"first","11":"instock","12":"sale","13":"taxable","14":"shipping-taxable","15":"product-type-external"},"yoast_head":"<!-- This site is optimized with the Yoast SEO Premium plugin v25.0 (Yoast SEO v25.0) - https:\/\/yoast.com\/wordpress\/plugins\/seo\/ -->\n<title>Geocompositi Drenanti in Discarica: Progettazione e Stabilit\u00e0 - GeoStru<\/title>\n<meta name=\"description\" content=\"Guida tecnica ai geocompositi drenanti: criteri di progettazione, capacit\u00e0 drenante, sistemi di drenaggio in discarica, stabilit\u00e0, cedimenti e modelli di calcolo.\" \/>\n<meta name=\"robots\" content=\"index, follow, max-snippet:-1, max-image-preview:large, max-video-preview:-1\" \/>\n<link rel=\"canonical\" href=\"https:\/\/www.geostru.eu\/es\/shop\/sin-categorizar\/geocompositi-drenanti-in-discarica-progettazione-e-stabilita\/\" \/>\n<meta property=\"og:locale\" content=\"es_ES\" \/>\n<meta property=\"og:type\" content=\"article\" \/>\n<meta property=\"og:title\" content=\"Geocompositi Drenanti in Discarica: Progettazione e Stabilit\u00e0\" \/>\n<meta property=\"og:description\" content=\"Guida tecnica ai geocompositi drenanti: criteri di progettazione, capacit\u00e0 drenante, sistemi di drenaggio in discarica, stabilit\u00e0, cedimenti e modelli di calcolo.\" \/>\n<meta property=\"og:url\" content=\"https:\/\/www.geostru.eu\/es\/shop\/sin-categorizar\/geocompositi-drenanti-in-discarica-progettazione-e-stabilita\/\" \/>\n<meta property=\"og:site_name\" content=\"GeoStru\" \/>\n<meta property=\"article:publisher\" content=\"https:\/\/www.facebook.com\/GeoStruSoftware\/\" \/>\n<meta property=\"article:modified_time\" content=\"2025-12-08T08:51:33+00:00\" \/>\n<meta property=\"og:image\" content=\"https:\/\/www.geostru.eu\/wp-content\/uploads\/2025\/12\/copertina-singola.jpg\" \/>\n\t<meta property=\"og:image:width\" content=\"480\" \/>\n\t<meta property=\"og:image:height\" content=\"680\" \/>\n\t<meta property=\"og:image:type\" content=\"image\/jpeg\" \/>\n<meta name=\"twitter:card\" content=\"summary_large_image\" \/>\n<meta name=\"twitter:site\" content=\"@geostru\" \/>\n<meta name=\"twitter:label1\" content=\"Precio\" \/>\n\t<meta name=\"twitter:data1\" content=\"&euro;24.00 exc. IVA\" \/>\n\t<meta name=\"twitter:label2\" content=\"Disponibilidad\" \/>\n\t<meta name=\"twitter:data2\" content=\"Disponible\" \/>\n<script type=\"application\/ld+json\" class=\"yoast-schema-graph\">{\"@context\":\"https:\/\/schema.org\",\"@graph\":[{\"@type\":\"WebPage\",\"@id\":\"https:\/\/www.geostru.eu\/es\/shop\/sin-categorizar\/geocompositi-drenanti-in-discarica-progettazione-e-stabilita\/\",\"url\":\"https:\/\/www.geostru.eu\/es\/shop\/sin-categorizar\/geocompositi-drenanti-in-discarica-progettazione-e-stabilita\/\",\"name\":\"Geocompositi Drenanti in Discarica: Progettazione e Stabilit\u00e0 - GeoStru\",\"isPartOf\":{\"@id\":\"https:\/\/www.geostru.eu\/es\/#website\"},\"primaryImageOfPage\":{\"@id\":\"https:\/\/www.geostru.eu\/es\/shop\/sin-categorizar\/geocompositi-drenanti-in-discarica-progettazione-e-stabilita\/#primaryimage\"},\"image\":{\"@id\":\"https:\/\/www.geostru.eu\/es\/shop\/sin-categorizar\/geocompositi-drenanti-in-discarica-progettazione-e-stabilita\/#primaryimage\"},\"thumbnailUrl\":\"https:\/\/www.geostru.eu\/wp-content\/uploads\/2025\/12\/copertina-singola.jpg\",\"datePublished\":\"2025-12-06T08:34:30+00:00\",\"dateModified\":\"2025-12-08T08:51:33+00:00\",\"description\":\"Guida tecnica ai geocompositi drenanti: criteri di progettazione, capacit\u00e0 drenante, sistemi di drenaggio in discarica, stabilit\u00e0, cedimenti e modelli di calcolo.\",\"breadcrumb\":{\"@id\":\"https:\/\/www.geostru.eu\/es\/shop\/sin-categorizar\/geocompositi-drenanti-in-discarica-progettazione-e-stabilita\/#breadcrumb\"},\"inLanguage\":\"es\",\"potentialAction\":[{\"@type\":\"ReadAction\",\"target\":[\"https:\/\/www.geostru.eu\/es\/shop\/sin-categorizar\/geocompositi-drenanti-in-discarica-progettazione-e-stabilita\/\"]}]},{\"@type\":\"ImageObject\",\"inLanguage\":\"es\",\"@id\":\"https:\/\/www.geostru.eu\/es\/shop\/sin-categorizar\/geocompositi-drenanti-in-discarica-progettazione-e-stabilita\/#primaryimage\",\"url\":\"https:\/\/www.geostru.eu\/wp-content\/uploads\/2025\/12\/copertina-singola.jpg\",\"contentUrl\":\"https:\/\/www.geostru.eu\/wp-content\/uploads\/2025\/12\/copertina-singola.jpg\",\"width\":480,\"height\":680},{\"@type\":\"BreadcrumbList\",\"@id\":\"https:\/\/www.geostru.eu\/es\/shop\/sin-categorizar\/geocompositi-drenanti-in-discarica-progettazione-e-stabilita\/#breadcrumb\",\"itemListElement\":[{\"@type\":\"ListItem\",\"position\":1,\"name\":\"Home\",\"item\":\"https:\/\/www.geostru.eu\/es\/\"},{\"@type\":\"ListItem\",\"position\":2,\"name\":\"Shop\",\"item\":\"https:\/\/www.geostru.eu\/shop\/?lang=es\"},{\"@type\":\"ListItem\",\"position\":3,\"name\":\"Geocompositi Drenanti in Discarica: Progettazione e Stabilit\u00e0\"}]},{\"@type\":\"WebSite\",\"@id\":\"https:\/\/www.geostru.eu\/es\/#website\",\"url\":\"https:\/\/www.geostru.eu\/es\/\",\"name\":\"GeoStru\",\"description\":\"Professionals at your service\",\"publisher\":{\"@id\":\"https:\/\/www.geostru.eu\/es\/#organization\"},\"potentialAction\":[{\"@type\":\"SearchAction\",\"target\":{\"@type\":\"EntryPoint\",\"urlTemplate\":\"https:\/\/www.geostru.eu\/es\/?s={search_term_string}\"},\"query-input\":{\"@type\":\"PropertyValueSpecification\",\"valueRequired\":true,\"valueName\":\"search_term_string\"}}],\"inLanguage\":\"es\"},{\"@type\":\"Organization\",\"@id\":\"https:\/\/www.geostru.eu\/es\/#organization\",\"name\":\"GeoStru\",\"url\":\"https:\/\/www.geostru.eu\/es\/\",\"logo\":{\"@type\":\"ImageObject\",\"inLanguage\":\"es\",\"@id\":\"https:\/\/www.geostru.eu\/es\/#\/schema\/logo\/image\/\",\"url\":\"https:\/\/www.geostru.eu\/wp-content\/uploads\/2023\/02\/LOGO_GEOSTRU_educational_banner.png\",\"contentUrl\":\"https:\/\/www.geostru.eu\/wp-content\/uploads\/2023\/02\/LOGO_GEOSTRU_educational_banner.png\",\"width\":363,\"height\":115,\"caption\":\"GeoStru\"},\"image\":{\"@id\":\"https:\/\/www.geostru.eu\/es\/#\/schema\/logo\/image\/\"},\"sameAs\":[\"https:\/\/www.facebook.com\/GeoStruSoftware\/\",\"https:\/\/x.com\/geostru\",\"https:\/\/www.linkedin.com\/company\/2462488\/admin\/\",\"https:\/\/www.instagram.com\/geostru\/\"]}]}<\/script>\n<meta property=\"product:brand\" content=\"Sin categorizar\" \/>\n<meta property=\"product:price:amount\" content=\"24.00\" \/>\n<meta property=\"product:price:currency\" content=\"EUR\" \/>\n<meta property=\"og:availability\" content=\"instock\" \/>\n<meta property=\"product:availability\" content=\"instock\" \/>\n<meta property=\"product:condition\" content=\"new\" \/>\n<!-- \/ Yoast SEO Premium plugin. -->","yoast_head_json":{"title":"Geocompositi Drenanti in Discarica: Progettazione e Stabilit\u00e0 - GeoStru","description":"Guida tecnica ai geocompositi drenanti: criteri di progettazione, capacit\u00e0 drenante, sistemi di drenaggio in discarica, stabilit\u00e0, cedimenti e modelli di calcolo.","robots":{"index":"index","follow":"follow","max-snippet":"max-snippet:-1","max-image-preview":"max-image-preview:large","max-video-preview":"max-video-preview:-1"},"canonical":"https:\/\/www.geostru.eu\/es\/shop\/sin-categorizar\/geocompositi-drenanti-in-discarica-progettazione-e-stabilita\/","og_locale":"es_ES","og_type":"article","og_title":"Geocompositi Drenanti in Discarica: Progettazione e Stabilit\u00e0","og_description":"Guida tecnica ai geocompositi drenanti: criteri di progettazione, capacit\u00e0 drenante, sistemi di drenaggio in discarica, stabilit\u00e0, cedimenti e modelli di calcolo.","og_url":"https:\/\/www.geostru.eu\/es\/shop\/sin-categorizar\/geocompositi-drenanti-in-discarica-progettazione-e-stabilita\/","og_site_name":"GeoStru","article_publisher":"https:\/\/www.facebook.com\/GeoStruSoftware\/","article_modified_time":"2025-12-08T08:51:33+00:00","og_image":[{"width":480,"height":680,"url":"https:\/\/www.geostru.eu\/wp-content\/uploads\/2025\/12\/copertina-singola.jpg","type":"image\/jpeg"}],"twitter_card":"summary_large_image","twitter_site":"@geostru","twitter_misc":{"Precio":"&euro;24.00 exc. IVA","Disponibilidad":"Disponible"},"schema":{"@context":"https:\/\/schema.org","@graph":[{"@type":"WebPage","@id":"https:\/\/www.geostru.eu\/es\/shop\/sin-categorizar\/geocompositi-drenanti-in-discarica-progettazione-e-stabilita\/","url":"https:\/\/www.geostru.eu\/es\/shop\/sin-categorizar\/geocompositi-drenanti-in-discarica-progettazione-e-stabilita\/","name":"Geocompositi Drenanti in Discarica: Progettazione e Stabilit\u00e0 - GeoStru","isPartOf":{"@id":"https:\/\/www.geostru.eu\/es\/#website"},"primaryImageOfPage":{"@id":"https:\/\/www.geostru.eu\/es\/shop\/sin-categorizar\/geocompositi-drenanti-in-discarica-progettazione-e-stabilita\/#primaryimage"},"image":{"@id":"https:\/\/www.geostru.eu\/es\/shop\/sin-categorizar\/geocompositi-drenanti-in-discarica-progettazione-e-stabilita\/#primaryimage"},"thumbnailUrl":"https:\/\/www.geostru.eu\/wp-content\/uploads\/2025\/12\/copertina-singola.jpg","datePublished":"2025-12-06T08:34:30+00:00","dateModified":"2025-12-08T08:51:33+00:00","description":"Guida tecnica ai geocompositi drenanti: criteri di progettazione, capacit\u00e0 drenante, sistemi di drenaggio in discarica, stabilit\u00e0, cedimenti e modelli di calcolo.","breadcrumb":{"@id":"https:\/\/www.geostru.eu\/es\/shop\/sin-categorizar\/geocompositi-drenanti-in-discarica-progettazione-e-stabilita\/#breadcrumb"},"inLanguage":"es","potentialAction":[{"@type":"ReadAction","target":["https:\/\/www.geostru.eu\/es\/shop\/sin-categorizar\/geocompositi-drenanti-in-discarica-progettazione-e-stabilita\/"]}]},{"@type":"ImageObject","inLanguage":"es","@id":"https:\/\/www.geostru.eu\/es\/shop\/sin-categorizar\/geocompositi-drenanti-in-discarica-progettazione-e-stabilita\/#primaryimage","url":"https:\/\/www.geostru.eu\/wp-content\/uploads\/2025\/12\/copertina-singola.jpg","contentUrl":"https:\/\/www.geostru.eu\/wp-content\/uploads\/2025\/12\/copertina-singola.jpg","width":480,"height":680},{"@type":"BreadcrumbList","@id":"https:\/\/www.geostru.eu\/es\/shop\/sin-categorizar\/geocompositi-drenanti-in-discarica-progettazione-e-stabilita\/#breadcrumb","itemListElement":[{"@type":"ListItem","position":1,"name":"Home","item":"https:\/\/www.geostru.eu\/es\/"},{"@type":"ListItem","position":2,"name":"Shop","item":"https:\/\/www.geostru.eu\/shop\/?lang=es"},{"@type":"ListItem","position":3,"name":"Geocompositi Drenanti in Discarica: Progettazione e Stabilit\u00e0"}]},{"@type":"WebSite","@id":"https:\/\/www.geostru.eu\/es\/#website","url":"https:\/\/www.geostru.eu\/es\/","name":"GeoStru","description":"Professionals at your service","publisher":{"@id":"https:\/\/www.geostru.eu\/es\/#organization"},"potentialAction":[{"@type":"SearchAction","target":{"@type":"EntryPoint","urlTemplate":"https:\/\/www.geostru.eu\/es\/?s={search_term_string}"},"query-input":{"@type":"PropertyValueSpecification","valueRequired":true,"valueName":"search_term_string"}}],"inLanguage":"es"},{"@type":"Organization","@id":"https:\/\/www.geostru.eu\/es\/#organization","name":"GeoStru","url":"https:\/\/www.geostru.eu\/es\/","logo":{"@type":"ImageObject","inLanguage":"es","@id":"https:\/\/www.geostru.eu\/es\/#\/schema\/logo\/image\/","url":"https:\/\/www.geostru.eu\/wp-content\/uploads\/2023\/02\/LOGO_GEOSTRU_educational_banner.png","contentUrl":"https:\/\/www.geostru.eu\/wp-content\/uploads\/2023\/02\/LOGO_GEOSTRU_educational_banner.png","width":363,"height":115,"caption":"GeoStru"},"image":{"@id":"https:\/\/www.geostru.eu\/es\/#\/schema\/logo\/image\/"},"sameAs":["https:\/\/www.facebook.com\/GeoStruSoftware\/","https:\/\/x.com\/geostru","https:\/\/www.linkedin.com\/company\/2462488\/admin\/","https:\/\/www.instagram.com\/geostru\/"]}]},"product_brand":"Sin categorizar","product_price_amount":"24.00","product_price_currency":"EUR","og_availability":"instock","product_availability":"instock","product_condition":"new"},"_links":{"self":[{"href":"https:\/\/www.geostru.eu\/es\/wp-json\/wp\/v2\/product\/162735"}],"collection":[{"href":"https:\/\/www.geostru.eu\/es\/wp-json\/wp\/v2\/product"}],"about":[{"href":"https:\/\/www.geostru.eu\/es\/wp-json\/wp\/v2\/types\/product"}],"replies":[{"embeddable":true,"href":"https:\/\/www.geostru.eu\/es\/wp-json\/wp\/v2\/comments?post=162735"}],"wp:featuredmedia":[{"embeddable":true,"href":"https:\/\/www.geostru.eu\/es\/wp-json\/wp\/v2\/media\/162724"}],"wp:attachment":[{"href":"https:\/\/www.geostru.eu\/es\/wp-json\/wp\/v2\/media?parent=162735"}],"wp:term":[{"taxonomy":"product_cat","embeddable":true,"href":"https:\/\/www.geostru.eu\/es\/wp-json\/wp\/v2\/product_cat?post=162735"},{"taxonomy":"product_tag","embeddable":true,"href":"https:\/\/www.geostru.eu\/es\/wp-json\/wp\/v2\/product_tag?post=162735"}],"curies":[{"name":"wp","href":"https:\/\/api.w.org\/{rel}","templated":true}]}}