{"id":155385,"date":"2024-12-18T10:05:28","date_gmt":"2024-12-18T09:05:28","guid":{"rendered":"https:\/\/www.geostru.eu\/shop\/sincategorizar\/geostru-artificial-intelligence-gila\/"},"modified":"2025-01-27T11:12:41","modified_gmt":"2025-01-27T10:12:41","slug":"geostru-artificial-intelligence-gila","status":"publish","type":"product","link":"https:\/\/www.geostru.eu\/es\/shop\/software-es\/geostru-artificial-intelligence-gila\/","title":{"rendered":"GeoStru Artificial Intelligence &#8211; GILA"},"content":{"rendered":"<p><strong>GeoStru Artificial Intelligence &#8211; GILA<\/strong> permite el entrenamiento local de modelos de Machine Learning para la estimaci\u00f3n de par\u00e1metros geot\u00e9cnicos. El Machine Learning es un subconjunto de la Inteligencia Artificial que permite a los modelos aprender a partir de los datos.<\/p>\n<p>El programa crea un modelo para cada par\u00e1metro e intenta aprender las correlaciones m\u00e1s com\u00fanmente utilizadas en los datos de pruebas de penetraci\u00f3n que se proporcionar\u00e1n como entrada.<\/p>\n<p>El software permite entrenar modelos de Machine Learning directamente a partir de archivos .dip o .dipx, que pueden ser generados con el software Dynamic Probing. Alternativamente, es posible entrenar los modelos a partir de un archivo .csv.<\/p>\n<p>Adem\u00e1s, el programa permite:<\/p>\n<ul>\n<li>Asignar una clasificaci\u00f3n litol\u00f3gica para cada tipo de suelo presente en los archivos de entrada.<\/li>\n<li>Realizar estimaciones para cada par\u00e1metro utilizando los modelos entrenados.<\/li>\n<li>Guardar localmente los modelos ya entrenados para su reutilizaci\u00f3n.<\/li>\n<li>Llevar a cabo an\u00e1lisis cuantitativos y gr\u00e1ficos del rendimiento de los modelos entrenados.<\/li>\n<\/ul>\n","protected":false},"excerpt":{"rendered":"<p style=\"text-align: justify\"><strong>GeoStru Artificial Intelligence &#8211; GILA<\/strong> permite el entrenamiento local de modelos de Machine Learning para la estimaci\u00f3n de par\u00e1metros geot\u00e9cnicos. El Machine Learning es un subconjunto de la Inteligencia Artificial que permite a los modelos aprender a partir de los datos.<\/p>\n<p style=\"text-align: justify\">El programa crea un modelo para cada par\u00e1metro e intenta aprender las correlaciones m\u00e1s com\u00fanmente utilizadas en las pruebas de penetraci\u00f3n que se proporcionar\u00e1n como entrada.<\/p>\n<blockquote><p><span style=\"color: #008000\">El producto estar\u00e1 disponible a partir del 10 de enero y exclusivamente para los clientes de GeoStru.<\/span><\/p><\/blockquote>\n<p style=\"text-align: justify\">\n","protected":false},"featured_media":155834,"comment_status":"closed","ping_status":"closed","template":"","meta":[],"product_cat":[13323,191,529,185,203,187],"product_tag":[13537],"class_list":{"0":"post-155385","1":"product","2":"type-product","3":"status-publish","4":"has-post-thumbnail","6":"product_cat-gensmart-es","7":"product_cat-software-es","8":"product_cat-software-geologia-es","9":"product_cat-geotecnia-y-geologia","10":"product_cat-ensayos-in-situ","11":"product_cat-geofisica-es","12":"product_tag-geostru-artificial-intelligence-es","13":"description-off","15":"first","16":"outofstock","17":"downloadable","18":"virtual","19":"sold-individually","20":"taxable","21":"purchasable","22":"product-type-licensed"},"yoast_head":"<!-- This site is optimized with the Yoast SEO Premium plugin v25.0 (Yoast SEO v25.0) - https:\/\/yoast.com\/wordpress\/plugins\/seo\/ -->\n<title>GeoStru Artificial Intelligence - GILA - GeoStru<\/title>\n<meta name=\"description\" content=\"GeoStru Artificial Intelligence - GILA permite el entrenamiento local de modelos de Machine Learning para la estimaci\u00f3n de par\u00e1metros geot\u00e9cnicos.\" \/>\n<meta name=\"robots\" content=\"index, follow, max-snippet:-1, max-image-preview:large, max-video-preview:-1\" \/>\n<link rel=\"canonical\" href=\"https:\/\/www.geostru.eu\/es\/shop\/software-es\/geostru-artificial-intelligence-gila\/\" \/>\n<meta property=\"og:locale\" content=\"es_ES\" \/>\n<meta property=\"og:type\" content=\"article\" \/>\n<meta property=\"og:title\" content=\"GeoStru Artificial Intelligence - GILA\" \/>\n<meta property=\"og:description\" content=\"GeoStru Artificial Intelligence - GILA permite el entrenamiento local de modelos de Machine Learning para la estimaci\u00f3n de par\u00e1metros geot\u00e9cnicos.\" \/>\n<meta property=\"og:url\" content=\"https:\/\/www.geostru.eu\/es\/shop\/software-es\/geostru-artificial-intelligence-gila\/\" \/>\n<meta property=\"og:site_name\" content=\"GeoStru\" \/>\n<meta property=\"article:publisher\" content=\"https:\/\/www.facebook.com\/GeoStruSoftware\/\" \/>\n<meta property=\"article:modified_time\" content=\"2025-01-27T10:12:41+00:00\" \/>\n<meta property=\"og:image\" content=\"https:\/\/www.geostru.eu\/wp-content\/uploads\/2024\/12\/gila-geostru-es.jpg\" \/>\n\t<meta property=\"og:image:width\" content=\"1200\" \/>\n\t<meta property=\"og:image:height\" content=\"630\" \/>\n\t<meta property=\"og:image:type\" content=\"image\/jpeg\" \/>\n<meta name=\"twitter:card\" content=\"summary_large_image\" \/>\n<meta name=\"twitter:site\" content=\"@geostru\" \/>\n<meta name=\"twitter:label1\" content=\"Precio\" \/>\n\t<meta name=\"twitter:data1\" content=\"&euro;499.00 exc. IVA\" \/>\n\t<meta name=\"twitter:label2\" content=\"Disponibilidad\" \/>\n\t<meta name=\"twitter:data2\" content=\"Sin existencias\" \/>\n<script type=\"application\/ld+json\" class=\"yoast-schema-graph\">{\"@context\":\"https:\/\/schema.org\",\"@graph\":[{\"@type\":\"WebPage\",\"@id\":\"https:\/\/www.geostru.eu\/es\/shop\/software-es\/geostru-artificial-intelligence-gila\/\",\"url\":\"https:\/\/www.geostru.eu\/es\/shop\/software-es\/geostru-artificial-intelligence-gila\/\",\"name\":\"GeoStru Artificial Intelligence - GILA - GeoStru\",\"isPartOf\":{\"@id\":\"https:\/\/www.geostru.eu\/es\/#website\"},\"primaryImageOfPage\":{\"@id\":\"https:\/\/www.geostru.eu\/es\/shop\/software-es\/geostru-artificial-intelligence-gila\/#primaryimage\"},\"image\":{\"@id\":\"https:\/\/www.geostru.eu\/es\/shop\/software-es\/geostru-artificial-intelligence-gila\/#primaryimage\"},\"thumbnailUrl\":\"https:\/\/www.geostru.eu\/wp-content\/uploads\/2024\/12\/GILA2-2.png\",\"datePublished\":\"2024-12-18T09:05:28+00:00\",\"dateModified\":\"2025-01-27T10:12:41+00:00\",\"description\":\"GeoStru Artificial Intelligence - GILA permite el entrenamiento local de modelos de Machine Learning para la estimaci\u00f3n de par\u00e1metros geot\u00e9cnicos.\",\"breadcrumb\":{\"@id\":\"https:\/\/www.geostru.eu\/es\/shop\/software-es\/geostru-artificial-intelligence-gila\/#breadcrumb\"},\"inLanguage\":\"es\",\"potentialAction\":[{\"@type\":\"ReadAction\",\"target\":[\"https:\/\/www.geostru.eu\/es\/shop\/software-es\/geostru-artificial-intelligence-gila\/\"]}]},{\"@type\":\"ImageObject\",\"inLanguage\":\"es\",\"@id\":\"https:\/\/www.geostru.eu\/es\/shop\/software-es\/geostru-artificial-intelligence-gila\/#primaryimage\",\"url\":\"https:\/\/www.geostru.eu\/wp-content\/uploads\/2024\/12\/GILA2-2.png\",\"contentUrl\":\"https:\/\/www.geostru.eu\/wp-content\/uploads\/2024\/12\/GILA2-2.png\",\"width\":1000,\"height\":692},{\"@type\":\"BreadcrumbList\",\"@id\":\"https:\/\/www.geostru.eu\/es\/shop\/software-es\/geostru-artificial-intelligence-gila\/#breadcrumb\",\"itemListElement\":[{\"@type\":\"ListItem\",\"position\":1,\"name\":\"Home\",\"item\":\"https:\/\/www.geostru.eu\/es\/\"},{\"@type\":\"ListItem\",\"position\":2,\"name\":\"Shop\",\"item\":\"https:\/\/www.geostru.eu\/shop\/?lang=es\"},{\"@type\":\"ListItem\",\"position\":3,\"name\":\"GeoStru Artificial Intelligence &#8211; GILA\"}]},{\"@type\":\"WebSite\",\"@id\":\"https:\/\/www.geostru.eu\/es\/#website\",\"url\":\"https:\/\/www.geostru.eu\/es\/\",\"name\":\"GeoStru\",\"description\":\"Professionals at your service\",\"publisher\":{\"@id\":\"https:\/\/www.geostru.eu\/es\/#organization\"},\"potentialAction\":[{\"@type\":\"SearchAction\",\"target\":{\"@type\":\"EntryPoint\",\"urlTemplate\":\"https:\/\/www.geostru.eu\/es\/?s={search_term_string}\"},\"query-input\":{\"@type\":\"PropertyValueSpecification\",\"valueRequired\":true,\"valueName\":\"search_term_string\"}}],\"inLanguage\":\"es\"},{\"@type\":\"Organization\",\"@id\":\"https:\/\/www.geostru.eu\/es\/#organization\",\"name\":\"GeoStru\",\"url\":\"https:\/\/www.geostru.eu\/es\/\",\"logo\":{\"@type\":\"ImageObject\",\"inLanguage\":\"es\",\"@id\":\"https:\/\/www.geostru.eu\/es\/#\/schema\/logo\/image\/\",\"url\":\"https:\/\/www.geostru.eu\/wp-content\/uploads\/2023\/02\/LOGO_GEOSTRU_educational_banner.png\",\"contentUrl\":\"https:\/\/www.geostru.eu\/wp-content\/uploads\/2023\/02\/LOGO_GEOSTRU_educational_banner.png\",\"width\":363,\"height\":115,\"caption\":\"GeoStru\"},\"image\":{\"@id\":\"https:\/\/www.geostru.eu\/es\/#\/schema\/logo\/image\/\"},\"sameAs\":[\"https:\/\/www.facebook.com\/GeoStruSoftware\/\",\"https:\/\/x.com\/geostru\",\"https:\/\/www.linkedin.com\/company\/2462488\/admin\/\",\"https:\/\/www.instagram.com\/geostru\/\"]}]}<\/script>\n<meta property=\"product:brand\" content=\"Software\" \/>\n<meta property=\"product:price:amount\" content=\"499.00\" \/>\n<meta property=\"product:price:currency\" content=\"EUR\" \/>\n<meta property=\"og:availability\" content=\"out of stock\" \/>\n<meta property=\"product:availability\" content=\"out of stock\" \/>\n<meta property=\"product:retailer_item_id\" content=\"108\" \/>\n<meta property=\"product:condition\" content=\"new\" \/>\n<!-- \/ Yoast SEO Premium plugin. -->","yoast_head_json":{"title":"GeoStru Artificial Intelligence - GILA - GeoStru","description":"GeoStru Artificial Intelligence - GILA permite el entrenamiento local de modelos de Machine Learning para la estimaci\u00f3n de par\u00e1metros geot\u00e9cnicos.","robots":{"index":"index","follow":"follow","max-snippet":"max-snippet:-1","max-image-preview":"max-image-preview:large","max-video-preview":"max-video-preview:-1"},"canonical":"https:\/\/www.geostru.eu\/es\/shop\/software-es\/geostru-artificial-intelligence-gila\/","og_locale":"es_ES","og_type":"article","og_title":"GeoStru Artificial Intelligence - GILA","og_description":"GeoStru Artificial Intelligence - GILA permite el entrenamiento local de modelos de Machine Learning para la estimaci\u00f3n de par\u00e1metros geot\u00e9cnicos.","og_url":"https:\/\/www.geostru.eu\/es\/shop\/software-es\/geostru-artificial-intelligence-gila\/","og_site_name":"GeoStru","article_publisher":"https:\/\/www.facebook.com\/GeoStruSoftware\/","article_modified_time":"2025-01-27T10:12:41+00:00","og_image":[{"width":1200,"height":630,"url":"https:\/\/www.geostru.eu\/wp-content\/uploads\/2024\/12\/gila-geostru-es.jpg","type":"image\/jpeg"}],"twitter_card":"summary_large_image","twitter_site":"@geostru","twitter_misc":{"Precio":"&euro;499.00 exc. IVA","Disponibilidad":"Sin existencias"},"schema":{"@context":"https:\/\/schema.org","@graph":[{"@type":"WebPage","@id":"https:\/\/www.geostru.eu\/es\/shop\/software-es\/geostru-artificial-intelligence-gila\/","url":"https:\/\/www.geostru.eu\/es\/shop\/software-es\/geostru-artificial-intelligence-gila\/","name":"GeoStru Artificial Intelligence - GILA - GeoStru","isPartOf":{"@id":"https:\/\/www.geostru.eu\/es\/#website"},"primaryImageOfPage":{"@id":"https:\/\/www.geostru.eu\/es\/shop\/software-es\/geostru-artificial-intelligence-gila\/#primaryimage"},"image":{"@id":"https:\/\/www.geostru.eu\/es\/shop\/software-es\/geostru-artificial-intelligence-gila\/#primaryimage"},"thumbnailUrl":"https:\/\/www.geostru.eu\/wp-content\/uploads\/2024\/12\/GILA2-2.png","datePublished":"2024-12-18T09:05:28+00:00","dateModified":"2025-01-27T10:12:41+00:00","description":"GeoStru Artificial Intelligence - GILA permite el entrenamiento local de modelos de Machine Learning para la estimaci\u00f3n de par\u00e1metros geot\u00e9cnicos.","breadcrumb":{"@id":"https:\/\/www.geostru.eu\/es\/shop\/software-es\/geostru-artificial-intelligence-gila\/#breadcrumb"},"inLanguage":"es","potentialAction":[{"@type":"ReadAction","target":["https:\/\/www.geostru.eu\/es\/shop\/software-es\/geostru-artificial-intelligence-gila\/"]}]},{"@type":"ImageObject","inLanguage":"es","@id":"https:\/\/www.geostru.eu\/es\/shop\/software-es\/geostru-artificial-intelligence-gila\/#primaryimage","url":"https:\/\/www.geostru.eu\/wp-content\/uploads\/2024\/12\/GILA2-2.png","contentUrl":"https:\/\/www.geostru.eu\/wp-content\/uploads\/2024\/12\/GILA2-2.png","width":1000,"height":692},{"@type":"BreadcrumbList","@id":"https:\/\/www.geostru.eu\/es\/shop\/software-es\/geostru-artificial-intelligence-gila\/#breadcrumb","itemListElement":[{"@type":"ListItem","position":1,"name":"Home","item":"https:\/\/www.geostru.eu\/es\/"},{"@type":"ListItem","position":2,"name":"Shop","item":"https:\/\/www.geostru.eu\/shop\/?lang=es"},{"@type":"ListItem","position":3,"name":"GeoStru Artificial Intelligence &#8211; GILA"}]},{"@type":"WebSite","@id":"https:\/\/www.geostru.eu\/es\/#website","url":"https:\/\/www.geostru.eu\/es\/","name":"GeoStru","description":"Professionals at your service","publisher":{"@id":"https:\/\/www.geostru.eu\/es\/#organization"},"potentialAction":[{"@type":"SearchAction","target":{"@type":"EntryPoint","urlTemplate":"https:\/\/www.geostru.eu\/es\/?s={search_term_string}"},"query-input":{"@type":"PropertyValueSpecification","valueRequired":true,"valueName":"search_term_string"}}],"inLanguage":"es"},{"@type":"Organization","@id":"https:\/\/www.geostru.eu\/es\/#organization","name":"GeoStru","url":"https:\/\/www.geostru.eu\/es\/","logo":{"@type":"ImageObject","inLanguage":"es","@id":"https:\/\/www.geostru.eu\/es\/#\/schema\/logo\/image\/","url":"https:\/\/www.geostru.eu\/wp-content\/uploads\/2023\/02\/LOGO_GEOSTRU_educational_banner.png","contentUrl":"https:\/\/www.geostru.eu\/wp-content\/uploads\/2023\/02\/LOGO_GEOSTRU_educational_banner.png","width":363,"height":115,"caption":"GeoStru"},"image":{"@id":"https:\/\/www.geostru.eu\/es\/#\/schema\/logo\/image\/"},"sameAs":["https:\/\/www.facebook.com\/GeoStruSoftware\/","https:\/\/x.com\/geostru","https:\/\/www.linkedin.com\/company\/2462488\/admin\/","https:\/\/www.instagram.com\/geostru\/"]}]},"product_brand":"Software","product_price_amount":"499.00","product_price_currency":"EUR","og_availability":"out of stock","product_availability":"out of stock","product_retailer_item_id":"108","product_condition":"new"},"_links":{"self":[{"href":"https:\/\/www.geostru.eu\/es\/wp-json\/wp\/v2\/product\/155385"}],"collection":[{"href":"https:\/\/www.geostru.eu\/es\/wp-json\/wp\/v2\/product"}],"about":[{"href":"https:\/\/www.geostru.eu\/es\/wp-json\/wp\/v2\/types\/product"}],"replies":[{"embeddable":true,"href":"https:\/\/www.geostru.eu\/es\/wp-json\/wp\/v2\/comments?post=155385"}],"wp:featuredmedia":[{"embeddable":true,"href":"https:\/\/www.geostru.eu\/es\/wp-json\/wp\/v2\/media\/155834"}],"wp:attachment":[{"href":"https:\/\/www.geostru.eu\/es\/wp-json\/wp\/v2\/media?parent=155385"}],"wp:term":[{"taxonomy":"product_cat","embeddable":true,"href":"https:\/\/www.geostru.eu\/es\/wp-json\/wp\/v2\/product_cat?post=155385"},{"taxonomy":"product_tag","embeddable":true,"href":"https:\/\/www.geostru.eu\/es\/wp-json\/wp\/v2\/product_tag?post=155385"}],"curies":[{"name":"wp","href":"https:\/\/api.w.org\/{rel}","templated":true}]}}