{"id":148157,"date":"2024-03-07T09:03:45","date_gmt":"2024-03-07T08:03:45","guid":{"rendered":"https:\/\/www.geostru.eu\/shop\/sin%20categor\u00eda\/slope-2d-section\/"},"modified":"2024-03-12T17:01:03","modified_gmt":"2024-03-12T16:01:03","slug":"slope-2d-section","status":"publish","type":"product","link":"https:\/\/www.geostru.eu\/es\/shop\/software-es\/slope-2d-section\/","title":{"rendered":"Slope 2D Section"},"content":{"rendered":"<div class=\"wpb-content-wrapper\"><p>[vc_row][vc_column][vc_column_text]<\/p>\n<p><strong>Slope 2D Section<\/strong> se presenta como una herramienta indispensable para aquellos que operan en el sector geol\u00f3gico y geot\u00e9cnico, ofreciendo un entorno de trabajo intuitivo que se adapta a las necesidades espec\u00edficas de quienes trabajan en este campo. Su combinaci\u00f3n de funciones avanzadas y facilidad de uso lo convierte en una herramienta valiosa en la realizaci\u00f3n precisa de secciones geol\u00f3gicas y geot\u00e9cnicas en 2D.<\/p>\n<div class=\"flex flex-grow flex-col max-w-full\">\n<div class=\"min-h-[20px] text-message flex flex-col items-start gap-3 whitespace-pre-wrap break-words [.text-message+&amp;]:mt-5 overflow-x-auto\" data-message-author-role=\"assistant\" data-message-id=\"45199822-199c-47cf-a42f-8b5db41dbb91\">\n<div class=\"markdown prose w-full break-words dark:prose-invert light\">\n<div class=\"mt-1 flex justify-start gap-3 empty:hidden\">\n<div class=\"text-gray-400 flex self-end lg:self-center justify-center lg:justify-start mt-0 -ml-1 h-7 visible\"><strong>Las principales caracter\u00edsticas del m\u00f3dulo Slope 2D Section son:<\/strong><\/div>\n<\/div>\n<ul>\n<li>Dibujo con CAD interno: Slope 2D Section cuenta con un sistema CAD interno que permite el dibujo preciso de elementos geom\u00e9tricos. Las funciones del CAD han sido desarrolladas con el objetivo de facilitar las complejas operaciones de intersecci\u00f3n entre las capas, garantizando una representaci\u00f3n precisa.<\/li>\n<li>Texturas internas para las litolog\u00edas: el m\u00f3dulo est\u00e1 equipado con texturas internas para aplicar a las litolog\u00edas y tener una visualizaci\u00f3n detallada de las caracter\u00edsticas geol\u00f3gicas, mejorando la comprensi\u00f3n de la sucesi\u00f3n litoestratigr\u00e1fica.<\/li>\n<li>Importaci\u00f3n de archivos con extensiones diferentes: Slope 2D Section soporta la importaci\u00f3n de datos desde varios archivos, incluyendo DXF, AGS, GM3D, Dynamic y Static Probing. Adem\u00e1s, es posible importar columnas estratigr\u00e1ficas directamente desde Stratigrapher, simplificando el proceso de adquisici\u00f3n e integraci\u00f3n de datos.<\/li>\n<li>Reconstrucci\u00f3n autom\u00e1tica de la morfolog\u00eda del perfil topogr\u00e1fico: gracias a su potente funci\u00f3n de reconstrucci\u00f3n autom\u00e1tica, el software es capaz de generar perfiles topogr\u00e1ficos autom\u00e1ticamente a partir de los datos de sondeo, reduciendo significativamente los tiempos de dibujo.<\/li>\n<li>Dibujo de obras e inserci\u00f3n de elementos gr\u00e1ficos clave: Slope 2D Section ofrece herramientas dedicadas para el dibujo de obras, simplificando la representaci\u00f3n gr\u00e1fica de estructuras complejas. Adem\u00e1s, permite la inserci\u00f3n f\u00e1cil de acu\u00edferos y piez\u00f3metros, as\u00ed como de trincheras drenantes.<\/li>\n<li>Cotizaci\u00f3n autom\u00e1tica: el software automatiza el proceso de cotizaci\u00f3n de los elementos geom\u00e9tricos, garantizando precisi\u00f3n y coherencia en la representaci\u00f3n gr\u00e1fica de las secciones geol\u00f3gicas y geot\u00e9cnicas.<\/li>\n<li>Impresiones y exportaciones: Slope 2D Section ofrece m\u00faltiples opciones para imprimir el modelo realizado y exportar los dibujos, permitiendo compartir los archivos con colegas y clientes. Los archivos generados pueden ser f\u00e1cilmente le\u00eddos por <a href=\"https:\/\/www.geostru.eu\/es\/shop\/software-es\/geotecnia-y-geologia\/estabilidad-de-taludes-slope\/\">Slope<\/a>, para realizar verificaciones de estabilidad. <button class=\"flex items-center gap-1.5 rounded-md p-1 text-xs text-token-text-tertiary hover:text-token-text-primary md:invisible md:group-hover:visible md:group-[.final-completion]:visible\"><\/button><\/li>\n<\/ul>\n<\/div>\n<\/div>\n<\/div>\n<\/div>","protected":false},"excerpt":{"rendered":"<p><strong>Slope 2D Section<\/strong> representa una versi\u00f3n limitada del software Slope, dise\u00f1ada para facilitar la creaci\u00f3n de secciones geol\u00f3gicas y geot\u00e9cnicas 2D con precisi\u00f3n y versatilidad. Slope 2D Section ofrece una amplia gama de funciones cuidadosamente dise\u00f1adas para representar gr\u00e1ficamente secciones del subsuelo, que muestran la sucesi\u00f3n de capas presentes en un sitio espec\u00edfico con una visualizaci\u00f3n detallada de la estructura geol\u00f3gica y morfol\u00f3gica del terreno y las caracter\u00edsticas de los suelos o rocas que lo componen.<\/p>\n<blockquote><p>Requesta la activaci\u00f3n gratuita si tienes las versiones actualizadas de <a href=\"https:\/\/www.geostru.eu\/es\/shop\/software-es\/ensayos-in-situ\/dynamic-probing-ensayos-penetracion-dinamica\/\">Dynamic Probing<\/a> y\/o <a href=\"https:\/\/www.geostru.eu\/es\/shop\/software-es\/static-probing-ensayos-penetracion-estatica\/\">Static Probing<\/a>.<\/p><\/blockquote>\n","protected":false},"featured_media":148154,"comment_status":"closed","ping_status":"closed","template":"","meta":[],"product_cat":[191,529,185,203,187],"product_tag":[],"class_list":{"0":"post-148157","1":"product","2":"type-product","3":"status-publish","4":"has-post-thumbnail","6":"product_cat-software-es","7":"product_cat-software-geologia-es","8":"product_cat-geotecnia-y-geologia","9":"product_cat-ensayos-in-situ","10":"product_cat-geofisica-es","11":"description-off","13":"first","14":"instock","15":"downloadable","16":"virtual","17":"sold-individually","18":"taxable","19":"purchasable","20":"product-type-licensed"},"yoast_head":"<!-- This site is optimized with the Yoast SEO Premium plugin v25.0 (Yoast SEO v25.0) - https:\/\/yoast.com\/wordpress\/plugins\/seo\/ -->\n<title>Slope 2D Section - GeoStru<\/title>\n<meta name=\"robots\" content=\"index, follow, max-snippet:-1, max-image-preview:large, max-video-preview:-1\" \/>\n<link rel=\"canonical\" href=\"https:\/\/www.geostru.eu\/es\/shop\/software-es\/slope-2d-section\/\" \/>\n<meta property=\"og:locale\" content=\"es_ES\" \/>\n<meta property=\"og:type\" content=\"article\" \/>\n<meta property=\"og:title\" content=\"Slope 2D Section\" \/>\n<meta property=\"og:description\" content=\"Slope 2D Section representa una versi\u00f3n limitada del software Slope, dise\u00f1ada para facilitar la creaci\u00f3n de secciones geol\u00f3gicas y geot\u00e9cnicas 2D con precisi\u00f3n y versatilidad. Slope 2D Section ofrece una amplia gama de funciones cuidadosamente dise\u00f1adas para representar gr\u00e1ficamente secciones del subsuelo, que muestran la sucesi\u00f3n de capas presentes en un sitio espec\u00edfico con una visualizaci\u00f3n detallada de la estructura geol\u00f3gica y morfol\u00f3gica del terreno y las caracter\u00edsticas de los suelos o rocas que lo componen. Requesta la activaci\u00f3n gratuita si tienes las versiones actualizadas de Dynamic Probing y\/o Static Probing.\" \/>\n<meta property=\"og:url\" content=\"https:\/\/www.geostru.eu\/es\/shop\/software-es\/slope-2d-section\/\" \/>\n<meta property=\"og:site_name\" content=\"GeoStru\" \/>\n<meta property=\"article:publisher\" content=\"https:\/\/www.facebook.com\/GeoStruSoftware\/\" \/>\n<meta property=\"article:modified_time\" content=\"2024-03-12T16:01:03+00:00\" \/>\n<meta property=\"og:image\" content=\"https:\/\/www.geostru.eu\/wp-content\/uploads\/2024\/03\/slope-2D-Sec.png\" \/>\n\t<meta property=\"og:image:width\" content=\"1920\" \/>\n\t<meta property=\"og:image:height\" content=\"1040\" \/>\n\t<meta property=\"og:image:type\" content=\"image\/png\" \/>\n<meta name=\"twitter:card\" content=\"summary_large_image\" \/>\n<meta name=\"twitter:site\" content=\"@geostru\" \/>\n<meta name=\"twitter:label1\" content=\"Precio\" \/>\n\t<meta name=\"twitter:data1\" content=\"&euro;99.00 exc. IVA\" \/>\n\t<meta name=\"twitter:label2\" content=\"Disponibilidad\" \/>\n\t<meta name=\"twitter:data2\" content=\"Disponible\" \/>\n<script type=\"application\/ld+json\" class=\"yoast-schema-graph\">{\"@context\":\"https:\/\/schema.org\",\"@graph\":[{\"@type\":\"WebPage\",\"@id\":\"https:\/\/www.geostru.eu\/es\/shop\/software-es\/slope-2d-section\/\",\"url\":\"https:\/\/www.geostru.eu\/es\/shop\/software-es\/slope-2d-section\/\",\"name\":\"Slope 2D Section - GeoStru\",\"isPartOf\":{\"@id\":\"https:\/\/www.geostru.eu\/es\/#website\"},\"primaryImageOfPage\":{\"@id\":\"https:\/\/www.geostru.eu\/es\/shop\/software-es\/slope-2d-section\/#primaryimage\"},\"image\":{\"@id\":\"https:\/\/www.geostru.eu\/es\/shop\/software-es\/slope-2d-section\/#primaryimage\"},\"thumbnailUrl\":\"https:\/\/www.geostru.eu\/wp-content\/uploads\/2024\/03\/slope-2D-Sec.png\",\"datePublished\":\"2024-03-07T08:03:45+00:00\",\"dateModified\":\"2024-03-12T16:01:03+00:00\",\"breadcrumb\":{\"@id\":\"https:\/\/www.geostru.eu\/es\/shop\/software-es\/slope-2d-section\/#breadcrumb\"},\"inLanguage\":\"es\",\"potentialAction\":[{\"@type\":\"ReadAction\",\"target\":[\"https:\/\/www.geostru.eu\/es\/shop\/software-es\/slope-2d-section\/\"]}]},{\"@type\":\"ImageObject\",\"inLanguage\":\"es\",\"@id\":\"https:\/\/www.geostru.eu\/es\/shop\/software-es\/slope-2d-section\/#primaryimage\",\"url\":\"https:\/\/www.geostru.eu\/wp-content\/uploads\/2024\/03\/slope-2D-Sec.png\",\"contentUrl\":\"https:\/\/www.geostru.eu\/wp-content\/uploads\/2024\/03\/slope-2D-Sec.png\",\"width\":1920,\"height\":1040},{\"@type\":\"BreadcrumbList\",\"@id\":\"https:\/\/www.geostru.eu\/es\/shop\/software-es\/slope-2d-section\/#breadcrumb\",\"itemListElement\":[{\"@type\":\"ListItem\",\"position\":1,\"name\":\"Home\",\"item\":\"https:\/\/www.geostru.eu\/es\/\"},{\"@type\":\"ListItem\",\"position\":2,\"name\":\"Shop\",\"item\":\"https:\/\/www.geostru.eu\/shop\/?lang=es\"},{\"@type\":\"ListItem\",\"position\":3,\"name\":\"Slope 2D Section\"}]},{\"@type\":\"WebSite\",\"@id\":\"https:\/\/www.geostru.eu\/es\/#website\",\"url\":\"https:\/\/www.geostru.eu\/es\/\",\"name\":\"GeoStru\",\"description\":\"Professionals at your service\",\"publisher\":{\"@id\":\"https:\/\/www.geostru.eu\/es\/#organization\"},\"potentialAction\":[{\"@type\":\"SearchAction\",\"target\":{\"@type\":\"EntryPoint\",\"urlTemplate\":\"https:\/\/www.geostru.eu\/es\/?s={search_term_string}\"},\"query-input\":{\"@type\":\"PropertyValueSpecification\",\"valueRequired\":true,\"valueName\":\"search_term_string\"}}],\"inLanguage\":\"es\"},{\"@type\":\"Organization\",\"@id\":\"https:\/\/www.geostru.eu\/es\/#organization\",\"name\":\"GeoStru\",\"url\":\"https:\/\/www.geostru.eu\/es\/\",\"logo\":{\"@type\":\"ImageObject\",\"inLanguage\":\"es\",\"@id\":\"https:\/\/www.geostru.eu\/es\/#\/schema\/logo\/image\/\",\"url\":\"https:\/\/www.geostru.eu\/wp-content\/uploads\/2023\/02\/LOGO_GEOSTRU_educational_banner.png\",\"contentUrl\":\"https:\/\/www.geostru.eu\/wp-content\/uploads\/2023\/02\/LOGO_GEOSTRU_educational_banner.png\",\"width\":363,\"height\":115,\"caption\":\"GeoStru\"},\"image\":{\"@id\":\"https:\/\/www.geostru.eu\/es\/#\/schema\/logo\/image\/\"},\"sameAs\":[\"https:\/\/www.facebook.com\/GeoStruSoftware\/\",\"https:\/\/x.com\/geostru\",\"https:\/\/www.linkedin.com\/company\/2462488\/admin\/\",\"https:\/\/www.instagram.com\/geostru\/\"]}]}<\/script>\n<meta property=\"product:brand\" content=\"Software\" \/>\n<meta property=\"product:price:amount\" content=\"99.00\" \/>\n<meta property=\"product:price:currency\" content=\"EUR\" \/>\n<meta property=\"og:availability\" content=\"instock\" \/>\n<meta property=\"product:availability\" content=\"instock\" \/>\n<meta property=\"product:retailer_item_id\" content=\"75\" \/>\n<meta property=\"product:condition\" content=\"new\" \/>\n<!-- \/ Yoast SEO Premium plugin. -->","yoast_head_json":{"title":"Slope 2D Section - GeoStru","robots":{"index":"index","follow":"follow","max-snippet":"max-snippet:-1","max-image-preview":"max-image-preview:large","max-video-preview":"max-video-preview:-1"},"canonical":"https:\/\/www.geostru.eu\/es\/shop\/software-es\/slope-2d-section\/","og_locale":"es_ES","og_type":"article","og_title":"Slope 2D Section","og_description":"Slope 2D Section representa una versi\u00f3n limitada del software Slope, dise\u00f1ada para facilitar la creaci\u00f3n de secciones geol\u00f3gicas y geot\u00e9cnicas 2D con precisi\u00f3n y versatilidad. Slope 2D Section ofrece una amplia gama de funciones cuidadosamente dise\u00f1adas para representar gr\u00e1ficamente secciones del subsuelo, que muestran la sucesi\u00f3n de capas presentes en un sitio espec\u00edfico con una visualizaci\u00f3n detallada de la estructura geol\u00f3gica y morfol\u00f3gica del terreno y las caracter\u00edsticas de los suelos o rocas que lo componen. Requesta la activaci\u00f3n gratuita si tienes las versiones actualizadas de Dynamic Probing y\/o Static Probing.","og_url":"https:\/\/www.geostru.eu\/es\/shop\/software-es\/slope-2d-section\/","og_site_name":"GeoStru","article_publisher":"https:\/\/www.facebook.com\/GeoStruSoftware\/","article_modified_time":"2024-03-12T16:01:03+00:00","og_image":[{"width":1920,"height":1040,"url":"https:\/\/www.geostru.eu\/wp-content\/uploads\/2024\/03\/slope-2D-Sec.png","type":"image\/png"}],"twitter_card":"summary_large_image","twitter_site":"@geostru","twitter_misc":{"Precio":"&euro;99.00 exc. IVA","Disponibilidad":"Disponible"},"schema":{"@context":"https:\/\/schema.org","@graph":[{"@type":"WebPage","@id":"https:\/\/www.geostru.eu\/es\/shop\/software-es\/slope-2d-section\/","url":"https:\/\/www.geostru.eu\/es\/shop\/software-es\/slope-2d-section\/","name":"Slope 2D Section - GeoStru","isPartOf":{"@id":"https:\/\/www.geostru.eu\/es\/#website"},"primaryImageOfPage":{"@id":"https:\/\/www.geostru.eu\/es\/shop\/software-es\/slope-2d-section\/#primaryimage"},"image":{"@id":"https:\/\/www.geostru.eu\/es\/shop\/software-es\/slope-2d-section\/#primaryimage"},"thumbnailUrl":"https:\/\/www.geostru.eu\/wp-content\/uploads\/2024\/03\/slope-2D-Sec.png","datePublished":"2024-03-07T08:03:45+00:00","dateModified":"2024-03-12T16:01:03+00:00","breadcrumb":{"@id":"https:\/\/www.geostru.eu\/es\/shop\/software-es\/slope-2d-section\/#breadcrumb"},"inLanguage":"es","potentialAction":[{"@type":"ReadAction","target":["https:\/\/www.geostru.eu\/es\/shop\/software-es\/slope-2d-section\/"]}]},{"@type":"ImageObject","inLanguage":"es","@id":"https:\/\/www.geostru.eu\/es\/shop\/software-es\/slope-2d-section\/#primaryimage","url":"https:\/\/www.geostru.eu\/wp-content\/uploads\/2024\/03\/slope-2D-Sec.png","contentUrl":"https:\/\/www.geostru.eu\/wp-content\/uploads\/2024\/03\/slope-2D-Sec.png","width":1920,"height":1040},{"@type":"BreadcrumbList","@id":"https:\/\/www.geostru.eu\/es\/shop\/software-es\/slope-2d-section\/#breadcrumb","itemListElement":[{"@type":"ListItem","position":1,"name":"Home","item":"https:\/\/www.geostru.eu\/es\/"},{"@type":"ListItem","position":2,"name":"Shop","item":"https:\/\/www.geostru.eu\/shop\/?lang=es"},{"@type":"ListItem","position":3,"name":"Slope 2D Section"}]},{"@type":"WebSite","@id":"https:\/\/www.geostru.eu\/es\/#website","url":"https:\/\/www.geostru.eu\/es\/","name":"GeoStru","description":"Professionals at your service","publisher":{"@id":"https:\/\/www.geostru.eu\/es\/#organization"},"potentialAction":[{"@type":"SearchAction","target":{"@type":"EntryPoint","urlTemplate":"https:\/\/www.geostru.eu\/es\/?s={search_term_string}"},"query-input":{"@type":"PropertyValueSpecification","valueRequired":true,"valueName":"search_term_string"}}],"inLanguage":"es"},{"@type":"Organization","@id":"https:\/\/www.geostru.eu\/es\/#organization","name":"GeoStru","url":"https:\/\/www.geostru.eu\/es\/","logo":{"@type":"ImageObject","inLanguage":"es","@id":"https:\/\/www.geostru.eu\/es\/#\/schema\/logo\/image\/","url":"https:\/\/www.geostru.eu\/wp-content\/uploads\/2023\/02\/LOGO_GEOSTRU_educational_banner.png","contentUrl":"https:\/\/www.geostru.eu\/wp-content\/uploads\/2023\/02\/LOGO_GEOSTRU_educational_banner.png","width":363,"height":115,"caption":"GeoStru"},"image":{"@id":"https:\/\/www.geostru.eu\/es\/#\/schema\/logo\/image\/"},"sameAs":["https:\/\/www.facebook.com\/GeoStruSoftware\/","https:\/\/x.com\/geostru","https:\/\/www.linkedin.com\/company\/2462488\/admin\/","https:\/\/www.instagram.com\/geostru\/"]}]},"product_brand":"Software","product_price_amount":"99.00","product_price_currency":"EUR","og_availability":"instock","product_availability":"instock","product_retailer_item_id":"75","product_condition":"new"},"_links":{"self":[{"href":"https:\/\/www.geostru.eu\/es\/wp-json\/wp\/v2\/product\/148157"}],"collection":[{"href":"https:\/\/www.geostru.eu\/es\/wp-json\/wp\/v2\/product"}],"about":[{"href":"https:\/\/www.geostru.eu\/es\/wp-json\/wp\/v2\/types\/product"}],"replies":[{"embeddable":true,"href":"https:\/\/www.geostru.eu\/es\/wp-json\/wp\/v2\/comments?post=148157"}],"wp:featuredmedia":[{"embeddable":true,"href":"https:\/\/www.geostru.eu\/es\/wp-json\/wp\/v2\/media\/148154"}],"wp:attachment":[{"href":"https:\/\/www.geostru.eu\/es\/wp-json\/wp\/v2\/media?parent=148157"}],"wp:term":[{"taxonomy":"product_cat","embeddable":true,"href":"https:\/\/www.geostru.eu\/es\/wp-json\/wp\/v2\/product_cat?post=148157"},{"taxonomy":"product_tag","embeddable":true,"href":"https:\/\/www.geostru.eu\/es\/wp-json\/wp\/v2\/product_tag?post=148157"}],"curies":[{"name":"wp","href":"https:\/\/api.w.org\/{rel}","templated":true}]}}