{"id":147810,"date":"2024-02-28T11:50:00","date_gmt":"2024-02-28T10:50:00","guid":{"rendered":"https:\/\/www.geostru.eu\/shop\/sin%20categor\u00eda\/hydrogeo\/"},"modified":"2024-03-15T16:28:28","modified_gmt":"2024-03-15T15:28:28","slug":"hydrogeo","status":"publish","type":"product","link":"https:\/\/www.geostru.eu\/es\/shop\/software-es\/hidrologia-e-hidraulica\/hydrogeo\/","title":{"rendered":"HYDROGEO"},"content":{"rendered":"<p>Aplicaci\u00f3n de consulta en un mapa de datos pluviom\u00e9tricos hist\u00f3ricos de diversas estaciones en el territorio italiano. Al hacer clic en la estaci\u00f3n de inter\u00e9s, es posible visualizar qu\u00e9 serie hist\u00f3rica est\u00e1 disponible y solicitarla en formato de archivo de texto.<\/p>\n<p>Actualmente, el servicio solo est\u00e1 activo para el territorio italiano, pero si est\u00e1n interesados en expandir este servicio, por favor cont\u00e1ctenos. Nuestro sistema est\u00e1 preparado para gestionar diferentes nacionalidades.<\/p>\n","protected":false},"excerpt":{"rendered":"<p>Aplicaci\u00f3n de consulta en un mapa de datos pluviom\u00e9tricos hist\u00f3ricos de diversas estaciones en el territorio italiano. Al hacer clic en la estaci\u00f3n de inter\u00e9s, es posible visualizar qu\u00e9 serie hist\u00f3rica est\u00e1 disponible y solicitarla en formato de archivo de texto.<\/p>\n<p>Actualmente, el servicio solo est\u00e1 activo para el territorio italiano, pero si est\u00e1n interesados en expandir este servicio, por favor cont\u00e1ctenos. Nuestro sistema est\u00e1 preparado para gestionar diferentes nacionalidades.<\/p>\n","protected":false},"featured_media":147807,"comment_status":"closed","ping_status":"closed","template":"","meta":[],"product_cat":[190],"product_tag":[],"class_list":{"0":"post-147810","1":"product","2":"type-product","3":"status-publish","4":"has-post-thumbnail","6":"product_cat-hidrologia-e-hidraulica","7":"description-off","9":"first","10":"instock","11":"taxable","12":"shipping-taxable","13":"product-type-external"},"yoast_head":"<!-- This site is optimized with the Yoast SEO Premium plugin v25.0 (Yoast SEO v25.0) - https:\/\/yoast.com\/wordpress\/plugins\/seo\/ -->\n<title>HYDROGEO - GeoStru<\/title>\n<meta name=\"description\" content=\"Aplicaci\u00f3n de consulta en un mapa de datos pluviom\u00e9tricos hist\u00f3ricos de diversas estaciones en el territorio italiano. Al hacer clic en la estaci\u00f3n de inter\u00e9s, es posible visualizar qu\u00e9 serie hist\u00f3rica est\u00e1 disponible y solicitarla en formato de archivo de texto.Actualmente, el servicio solo est\u00e1 activo para el territorio italiano, pero si est\u00e1n interesados en expandir este servicio, por favor cont\u00e1ctenos. Nuestro sistema est\u00e1 preparado para gestionar diferentes nacionalidades.\" \/>\n<meta name=\"robots\" content=\"index, follow, max-snippet:-1, max-image-preview:large, max-video-preview:-1\" \/>\n<link rel=\"canonical\" href=\"https:\/\/www.geostru.eu\/es\/shop\/software-es\/hidrologia-e-hidraulica\/hydrogeo\/\" \/>\n<meta property=\"og:locale\" content=\"es_ES\" \/>\n<meta property=\"og:type\" content=\"article\" \/>\n<meta property=\"og:title\" content=\"HYDROGEO\" \/>\n<meta property=\"og:description\" content=\"Aplicaci\u00f3n de consulta en un mapa de datos pluviom\u00e9tricos hist\u00f3ricos de diversas estaciones en el territorio italiano. Al hacer clic en la estaci\u00f3n de inter\u00e9s, es posible visualizar qu\u00e9 serie hist\u00f3rica est\u00e1 disponible y solicitarla en formato de archivo de texto.Actualmente, el servicio solo est\u00e1 activo para el territorio italiano, pero si est\u00e1n interesados en expandir este servicio, por favor cont\u00e1ctenos. Nuestro sistema est\u00e1 preparado para gestionar diferentes nacionalidades.\" \/>\n<meta property=\"og:url\" content=\"https:\/\/www.geostru.eu\/es\/shop\/software-es\/hidrologia-e-hidraulica\/hydrogeo\/\" \/>\n<meta property=\"og:site_name\" content=\"GeoStru\" \/>\n<meta property=\"article:publisher\" content=\"https:\/\/www.facebook.com\/GeoStruSoftware\/\" \/>\n<meta property=\"article:modified_time\" content=\"2024-03-15T15:28:28+00:00\" \/>\n<meta property=\"og:image\" content=\"https:\/\/www.geostru.eu\/wp-content\/uploads\/2024\/02\/HYDROGEO-GEOSTRU.png\" \/>\n\t<meta property=\"og:image:width\" content=\"1198\" \/>\n\t<meta property=\"og:image:height\" content=\"814\" \/>\n\t<meta property=\"og:image:type\" content=\"image\/png\" \/>\n<meta name=\"twitter:card\" content=\"summary_large_image\" \/>\n<meta name=\"twitter:site\" content=\"@geostru\" \/>\n<meta name=\"twitter:label1\" content=\"Precio\" \/>\n\t<meta name=\"twitter:data1\" content=\"\" \/>\n\t<meta name=\"twitter:label2\" content=\"Disponibilidad\" \/>\n\t<meta name=\"twitter:data2\" content=\"Disponible\" \/>\n<script type=\"application\/ld+json\" class=\"yoast-schema-graph\">{\"@context\":\"https:\/\/schema.org\",\"@graph\":[{\"@type\":\"WebPage\",\"@id\":\"https:\/\/www.geostru.eu\/es\/shop\/software-es\/hidrologia-e-hidraulica\/hydrogeo\/\",\"url\":\"https:\/\/www.geostru.eu\/es\/shop\/software-es\/hidrologia-e-hidraulica\/hydrogeo\/\",\"name\":\"HYDROGEO - GeoStru\",\"isPartOf\":{\"@id\":\"https:\/\/www.geostru.eu\/es\/#website\"},\"primaryImageOfPage\":{\"@id\":\"https:\/\/www.geostru.eu\/es\/shop\/software-es\/hidrologia-e-hidraulica\/hydrogeo\/#primaryimage\"},\"image\":{\"@id\":\"https:\/\/www.geostru.eu\/es\/shop\/software-es\/hidrologia-e-hidraulica\/hydrogeo\/#primaryimage\"},\"thumbnailUrl\":\"https:\/\/www.geostru.eu\/wp-content\/uploads\/2024\/02\/HYDROGEO-GEOSTRU.png\",\"datePublished\":\"2024-02-28T10:50:00+00:00\",\"dateModified\":\"2024-03-15T15:28:28+00:00\",\"description\":\"Aplicaci\u00f3n de consulta en un mapa de datos pluviom\u00e9tricos hist\u00f3ricos de diversas estaciones en el territorio italiano. Al hacer clic en la estaci\u00f3n de inter\u00e9s, es posible visualizar qu\u00e9 serie hist\u00f3rica est\u00e1 disponible y solicitarla en formato de archivo de texto.Actualmente, el servicio solo est\u00e1 activo para el territorio italiano, pero si est\u00e1n interesados en expandir este servicio, por favor cont\u00e1ctenos. Nuestro sistema est\u00e1 preparado para gestionar diferentes nacionalidades.\",\"breadcrumb\":{\"@id\":\"https:\/\/www.geostru.eu\/es\/shop\/software-es\/hidrologia-e-hidraulica\/hydrogeo\/#breadcrumb\"},\"inLanguage\":\"es\",\"potentialAction\":[{\"@type\":\"ReadAction\",\"target\":[\"https:\/\/www.geostru.eu\/es\/shop\/software-es\/hidrologia-e-hidraulica\/hydrogeo\/\"]}]},{\"@type\":\"ImageObject\",\"inLanguage\":\"es\",\"@id\":\"https:\/\/www.geostru.eu\/es\/shop\/software-es\/hidrologia-e-hidraulica\/hydrogeo\/#primaryimage\",\"url\":\"https:\/\/www.geostru.eu\/wp-content\/uploads\/2024\/02\/HYDROGEO-GEOSTRU.png\",\"contentUrl\":\"https:\/\/www.geostru.eu\/wp-content\/uploads\/2024\/02\/HYDROGEO-GEOSTRU.png\",\"width\":1198,\"height\":814,\"caption\":\"HYDROGEO\"},{\"@type\":\"BreadcrumbList\",\"@id\":\"https:\/\/www.geostru.eu\/es\/shop\/software-es\/hidrologia-e-hidraulica\/hydrogeo\/#breadcrumb\",\"itemListElement\":[{\"@type\":\"ListItem\",\"position\":1,\"name\":\"Home\",\"item\":\"https:\/\/www.geostru.eu\/es\/\"},{\"@type\":\"ListItem\",\"position\":2,\"name\":\"Shop\",\"item\":\"https:\/\/www.geostru.eu\/shop\/?lang=es\"},{\"@type\":\"ListItem\",\"position\":3,\"name\":\"HYDROGEO\"}]},{\"@type\":\"WebSite\",\"@id\":\"https:\/\/www.geostru.eu\/es\/#website\",\"url\":\"https:\/\/www.geostru.eu\/es\/\",\"name\":\"GeoStru\",\"description\":\"Professionals at your service\",\"publisher\":{\"@id\":\"https:\/\/www.geostru.eu\/es\/#organization\"},\"potentialAction\":[{\"@type\":\"SearchAction\",\"target\":{\"@type\":\"EntryPoint\",\"urlTemplate\":\"https:\/\/www.geostru.eu\/es\/?s={search_term_string}\"},\"query-input\":{\"@type\":\"PropertyValueSpecification\",\"valueRequired\":true,\"valueName\":\"search_term_string\"}}],\"inLanguage\":\"es\"},{\"@type\":\"Organization\",\"@id\":\"https:\/\/www.geostru.eu\/es\/#organization\",\"name\":\"GeoStru\",\"url\":\"https:\/\/www.geostru.eu\/es\/\",\"logo\":{\"@type\":\"ImageObject\",\"inLanguage\":\"es\",\"@id\":\"https:\/\/www.geostru.eu\/es\/#\/schema\/logo\/image\/\",\"url\":\"https:\/\/www.geostru.eu\/wp-content\/uploads\/2023\/02\/LOGO_GEOSTRU_educational_banner.png\",\"contentUrl\":\"https:\/\/www.geostru.eu\/wp-content\/uploads\/2023\/02\/LOGO_GEOSTRU_educational_banner.png\",\"width\":363,\"height\":115,\"caption\":\"GeoStru\"},\"image\":{\"@id\":\"https:\/\/www.geostru.eu\/es\/#\/schema\/logo\/image\/\"},\"sameAs\":[\"https:\/\/www.facebook.com\/GeoStruSoftware\/\",\"https:\/\/x.com\/geostru\",\"https:\/\/www.linkedin.com\/company\/2462488\/admin\/\",\"https:\/\/www.instagram.com\/geostru\/\"]}]}<\/script>\n<meta property=\"product:brand\" content=\"Hidrolog\u00eda e Hidr\u00e1ulica\" \/>\n<meta property=\"product:price:amount\" content=\"0.00\" \/>\n<meta property=\"product:price:currency\" content=\"EUR\" \/>\n<meta property=\"og:availability\" content=\"instock\" \/>\n<meta property=\"product:availability\" content=\"instock\" \/>\n<meta property=\"product:retailer_item_id\" content=\"76\" \/>\n<meta property=\"product:condition\" content=\"new\" \/>\n<!-- \/ Yoast SEO Premium plugin. -->","yoast_head_json":{"title":"HYDROGEO - GeoStru","description":"Aplicaci\u00f3n de consulta en un mapa de datos pluviom\u00e9tricos hist\u00f3ricos de diversas estaciones en el territorio italiano. Al hacer clic en la estaci\u00f3n de inter\u00e9s, es posible visualizar qu\u00e9 serie hist\u00f3rica est\u00e1 disponible y solicitarla en formato de archivo de texto.Actualmente, el servicio solo est\u00e1 activo para el territorio italiano, pero si est\u00e1n interesados en expandir este servicio, por favor cont\u00e1ctenos. Nuestro sistema est\u00e1 preparado para gestionar diferentes nacionalidades.","robots":{"index":"index","follow":"follow","max-snippet":"max-snippet:-1","max-image-preview":"max-image-preview:large","max-video-preview":"max-video-preview:-1"},"canonical":"https:\/\/www.geostru.eu\/es\/shop\/software-es\/hidrologia-e-hidraulica\/hydrogeo\/","og_locale":"es_ES","og_type":"article","og_title":"HYDROGEO","og_description":"Aplicaci\u00f3n de consulta en un mapa de datos pluviom\u00e9tricos hist\u00f3ricos de diversas estaciones en el territorio italiano. Al hacer clic en la estaci\u00f3n de inter\u00e9s, es posible visualizar qu\u00e9 serie hist\u00f3rica est\u00e1 disponible y solicitarla en formato de archivo de texto.Actualmente, el servicio solo est\u00e1 activo para el territorio italiano, pero si est\u00e1n interesados en expandir este servicio, por favor cont\u00e1ctenos. Nuestro sistema est\u00e1 preparado para gestionar diferentes nacionalidades.","og_url":"https:\/\/www.geostru.eu\/es\/shop\/software-es\/hidrologia-e-hidraulica\/hydrogeo\/","og_site_name":"GeoStru","article_publisher":"https:\/\/www.facebook.com\/GeoStruSoftware\/","article_modified_time":"2024-03-15T15:28:28+00:00","og_image":[{"width":1198,"height":814,"url":"https:\/\/www.geostru.eu\/wp-content\/uploads\/2024\/02\/HYDROGEO-GEOSTRU.png","type":"image\/png"}],"twitter_card":"summary_large_image","twitter_site":"@geostru","twitter_misc":{"Precio":"","Disponibilidad":"Disponible"},"schema":{"@context":"https:\/\/schema.org","@graph":[{"@type":"WebPage","@id":"https:\/\/www.geostru.eu\/es\/shop\/software-es\/hidrologia-e-hidraulica\/hydrogeo\/","url":"https:\/\/www.geostru.eu\/es\/shop\/software-es\/hidrologia-e-hidraulica\/hydrogeo\/","name":"HYDROGEO - GeoStru","isPartOf":{"@id":"https:\/\/www.geostru.eu\/es\/#website"},"primaryImageOfPage":{"@id":"https:\/\/www.geostru.eu\/es\/shop\/software-es\/hidrologia-e-hidraulica\/hydrogeo\/#primaryimage"},"image":{"@id":"https:\/\/www.geostru.eu\/es\/shop\/software-es\/hidrologia-e-hidraulica\/hydrogeo\/#primaryimage"},"thumbnailUrl":"https:\/\/www.geostru.eu\/wp-content\/uploads\/2024\/02\/HYDROGEO-GEOSTRU.png","datePublished":"2024-02-28T10:50:00+00:00","dateModified":"2024-03-15T15:28:28+00:00","description":"Aplicaci\u00f3n de consulta en un mapa de datos pluviom\u00e9tricos hist\u00f3ricos de diversas estaciones en el territorio italiano. Al hacer clic en la estaci\u00f3n de inter\u00e9s, es posible visualizar qu\u00e9 serie hist\u00f3rica est\u00e1 disponible y solicitarla en formato de archivo de texto.Actualmente, el servicio solo est\u00e1 activo para el territorio italiano, pero si est\u00e1n interesados en expandir este servicio, por favor cont\u00e1ctenos. Nuestro sistema est\u00e1 preparado para gestionar diferentes nacionalidades.","breadcrumb":{"@id":"https:\/\/www.geostru.eu\/es\/shop\/software-es\/hidrologia-e-hidraulica\/hydrogeo\/#breadcrumb"},"inLanguage":"es","potentialAction":[{"@type":"ReadAction","target":["https:\/\/www.geostru.eu\/es\/shop\/software-es\/hidrologia-e-hidraulica\/hydrogeo\/"]}]},{"@type":"ImageObject","inLanguage":"es","@id":"https:\/\/www.geostru.eu\/es\/shop\/software-es\/hidrologia-e-hidraulica\/hydrogeo\/#primaryimage","url":"https:\/\/www.geostru.eu\/wp-content\/uploads\/2024\/02\/HYDROGEO-GEOSTRU.png","contentUrl":"https:\/\/www.geostru.eu\/wp-content\/uploads\/2024\/02\/HYDROGEO-GEOSTRU.png","width":1198,"height":814,"caption":"HYDROGEO"},{"@type":"BreadcrumbList","@id":"https:\/\/www.geostru.eu\/es\/shop\/software-es\/hidrologia-e-hidraulica\/hydrogeo\/#breadcrumb","itemListElement":[{"@type":"ListItem","position":1,"name":"Home","item":"https:\/\/www.geostru.eu\/es\/"},{"@type":"ListItem","position":2,"name":"Shop","item":"https:\/\/www.geostru.eu\/shop\/?lang=es"},{"@type":"ListItem","position":3,"name":"HYDROGEO"}]},{"@type":"WebSite","@id":"https:\/\/www.geostru.eu\/es\/#website","url":"https:\/\/www.geostru.eu\/es\/","name":"GeoStru","description":"Professionals at your service","publisher":{"@id":"https:\/\/www.geostru.eu\/es\/#organization"},"potentialAction":[{"@type":"SearchAction","target":{"@type":"EntryPoint","urlTemplate":"https:\/\/www.geostru.eu\/es\/?s={search_term_string}"},"query-input":{"@type":"PropertyValueSpecification","valueRequired":true,"valueName":"search_term_string"}}],"inLanguage":"es"},{"@type":"Organization","@id":"https:\/\/www.geostru.eu\/es\/#organization","name":"GeoStru","url":"https:\/\/www.geostru.eu\/es\/","logo":{"@type":"ImageObject","inLanguage":"es","@id":"https:\/\/www.geostru.eu\/es\/#\/schema\/logo\/image\/","url":"https:\/\/www.geostru.eu\/wp-content\/uploads\/2023\/02\/LOGO_GEOSTRU_educational_banner.png","contentUrl":"https:\/\/www.geostru.eu\/wp-content\/uploads\/2023\/02\/LOGO_GEOSTRU_educational_banner.png","width":363,"height":115,"caption":"GeoStru"},"image":{"@id":"https:\/\/www.geostru.eu\/es\/#\/schema\/logo\/image\/"},"sameAs":["https:\/\/www.facebook.com\/GeoStruSoftware\/","https:\/\/x.com\/geostru","https:\/\/www.linkedin.com\/company\/2462488\/admin\/","https:\/\/www.instagram.com\/geostru\/"]}]},"product_brand":"Hidrolog\u00eda e Hidr\u00e1ulica","product_price_amount":"0.00","product_price_currency":"EUR","og_availability":"instock","product_availability":"instock","product_retailer_item_id":"76","product_condition":"new"},"_links":{"self":[{"href":"https:\/\/www.geostru.eu\/es\/wp-json\/wp\/v2\/product\/147810"}],"collection":[{"href":"https:\/\/www.geostru.eu\/es\/wp-json\/wp\/v2\/product"}],"about":[{"href":"https:\/\/www.geostru.eu\/es\/wp-json\/wp\/v2\/types\/product"}],"replies":[{"embeddable":true,"href":"https:\/\/www.geostru.eu\/es\/wp-json\/wp\/v2\/comments?post=147810"}],"wp:featuredmedia":[{"embeddable":true,"href":"https:\/\/www.geostru.eu\/es\/wp-json\/wp\/v2\/media\/147807"}],"wp:attachment":[{"href":"https:\/\/www.geostru.eu\/es\/wp-json\/wp\/v2\/media?parent=147810"}],"wp:term":[{"taxonomy":"product_cat","embeddable":true,"href":"https:\/\/www.geostru.eu\/es\/wp-json\/wp\/v2\/product_cat?post=147810"},{"taxonomy":"product_tag","embeddable":true,"href":"https:\/\/www.geostru.eu\/es\/wp-json\/wp\/v2\/product_tag?post=147810"}],"curies":[{"name":"wp","href":"https:\/\/api.w.org\/{rel}","templated":true}]}}