{"id":147576,"date":"2021-09-09T10:19:22","date_gmt":"2021-09-09T08:19:22","guid":{"rendered":"https:\/\/www.geostru.eu\/shop\/sin%20categor\u00eda\/corsi-formazione\/"},"modified":"2024-02-20T12:26:34","modified_gmt":"2024-02-20T11:26:34","slug":"cursos-de-formacion","status":"publish","type":"product","link":"https:\/\/www.geostru.eu\/es\/shop\/cursos-de-formacion\/cursos-de-formacion\/","title":{"rendered":"cursos de formaci\u00f3n geostru"},"content":{"rendered":"<p>Los cursos de formaci\u00f3n se llevan a cabo a trav\u00e9s de la plataforma autorizada por el Ministerio Italiano de Educaci\u00f3n Profesional <a href=\"http:\/\/www.gonmeeting.eu\/\" target=\"_new\" rel=\"noopener\">www.gonmeeting.eu<\/a>. Hemos iniciado el proceso de internacionalizaci\u00f3n para poner a disposici\u00f3n el contenido de la plataforma en varios idiomas. Puedes encontrar cursos de formaci\u00f3n en muchos idiomas en YouTube<\/p>\n","protected":false},"excerpt":{"rendered":"<p style=\"text-align: justify;\">Los cursos de formaci\u00f3n se llevan a cabo a trav\u00e9s de la plataforma autorizada por el Ministerio Italiano de Educaci\u00f3n Profesional <a href=\"http:\/\/www.gonmeeting.eu\/\" target=\"_new\" rel=\"noopener\">www.gonmeeting.eu<\/a>. Hemos iniciado el proceso de internacionalizaci\u00f3n para poner a disposici\u00f3n el contenido de la plataforma en varios idiomas. Puedes encontrar cursos de formaci\u00f3n en muchos idiomas en YouTube<\/p>\n","protected":false},"featured_media":130038,"comment_status":"closed","ping_status":"closed","template":"","meta":[],"product_cat":[13377],"product_tag":[13448],"class_list":{"0":"post-147576","1":"product","2":"type-product","3":"status-publish","4":"has-post-thumbnail","6":"product_cat-cursos-de-formacion","7":"product_tag-corsi-di-formazione-es","8":"description-off","10":"first","11":"instock","12":"taxable","13":"shipping-taxable","14":"product-type-external"},"yoast_head":"<!-- This site is optimized with the Yoast SEO Premium plugin v25.0 (Yoast SEO v25.0) - https:\/\/yoast.com\/wordpress\/plugins\/seo\/ -->\n<title>cursos de formaci\u00f3n geostru - GeoStru<\/title>\n<meta name=\"description\" content=\"Los cursos de formaci\u00f3n se llevan a cabo a trav\u00e9s de la plataforma autorizada por el Ministerio Italiano de Educaci\u00f3n Profesional www.gonmeeting.eu. Hemos iniciado el proceso de internacionalizaci\u00f3n para poner a disposici\u00f3n el contenido de la plataforma en varios idiomas. Puedes encontrar cursos de formaci\u00f3n en muchos idiomas en YouTube\" \/>\n<meta name=\"robots\" content=\"index, follow, max-snippet:-1, max-image-preview:large, max-video-preview:-1\" \/>\n<link rel=\"canonical\" href=\"https:\/\/www.geostru.eu\/es\/shop\/cursos-de-formacion\/cursos-de-formacion\/\" \/>\n<meta property=\"og:locale\" content=\"es_ES\" \/>\n<meta property=\"og:type\" content=\"article\" \/>\n<meta property=\"og:title\" content=\"cursos de formaci\u00f3n geostru\" \/>\n<meta property=\"og:description\" content=\"Los cursos de formaci\u00f3n se llevan a cabo a trav\u00e9s de la plataforma autorizada por el Ministerio Italiano de Educaci\u00f3n Profesional www.gonmeeting.eu. Hemos iniciado el proceso de internacionalizaci\u00f3n para poner a disposici\u00f3n el contenido de la plataforma en varios idiomas. Puedes encontrar cursos de formaci\u00f3n en muchos idiomas en YouTube\" \/>\n<meta property=\"og:url\" content=\"https:\/\/www.geostru.eu\/es\/shop\/cursos-de-formacion\/cursos-de-formacion\/\" \/>\n<meta property=\"og:site_name\" content=\"GeoStru\" \/>\n<meta property=\"article:publisher\" content=\"https:\/\/www.facebook.com\/GeoStruSoftware\/\" \/>\n<meta property=\"article:modified_time\" content=\"2024-02-20T11:26:34+00:00\" \/>\n<meta property=\"og:image\" content=\"https:\/\/www.geostru.eu\/wp-content\/uploads\/2021\/09\/formazione_prodotto.jpg\" \/>\n\t<meta property=\"og:image:width\" content=\"1205\" \/>\n\t<meta property=\"og:image:height\" content=\"803\" \/>\n\t<meta property=\"og:image:type\" content=\"image\/jpeg\" \/>\n<meta name=\"twitter:card\" content=\"summary_large_image\" \/>\n<meta name=\"twitter:site\" content=\"@geostru\" \/>\n<meta name=\"twitter:label1\" content=\"Precio\" \/>\n\t<meta name=\"twitter:data1\" content=\"\" \/>\n\t<meta name=\"twitter:label2\" content=\"Disponibilidad\" \/>\n\t<meta name=\"twitter:data2\" content=\"Disponible\" \/>\n<script type=\"application\/ld+json\" class=\"yoast-schema-graph\">{\"@context\":\"https:\/\/schema.org\",\"@graph\":[{\"@type\":\"WebPage\",\"@id\":\"https:\/\/www.geostru.eu\/es\/shop\/cursos-de-formacion\/cursos-de-formacion\/\",\"url\":\"https:\/\/www.geostru.eu\/es\/shop\/cursos-de-formacion\/cursos-de-formacion\/\",\"name\":\"cursos de formaci\u00f3n geostru - GeoStru\",\"isPartOf\":{\"@id\":\"https:\/\/www.geostru.eu\/es\/#website\"},\"primaryImageOfPage\":{\"@id\":\"https:\/\/www.geostru.eu\/es\/shop\/cursos-de-formacion\/cursos-de-formacion\/#primaryimage\"},\"image\":{\"@id\":\"https:\/\/www.geostru.eu\/es\/shop\/cursos-de-formacion\/cursos-de-formacion\/#primaryimage\"},\"thumbnailUrl\":\"https:\/\/www.geostru.eu\/wp-content\/uploads\/2021\/09\/formazione_prodotto.jpg\",\"datePublished\":\"2021-09-09T08:19:22+00:00\",\"dateModified\":\"2024-02-20T11:26:34+00:00\",\"description\":\"Los cursos de formaci\u00f3n se llevan a cabo a trav\u00e9s de la plataforma autorizada por el Ministerio Italiano de Educaci\u00f3n Profesional www.gonmeeting.eu. Hemos iniciado el proceso de internacionalizaci\u00f3n para poner a disposici\u00f3n el contenido de la plataforma en varios idiomas. Puedes encontrar cursos de formaci\u00f3n en muchos idiomas en YouTube\",\"breadcrumb\":{\"@id\":\"https:\/\/www.geostru.eu\/es\/shop\/cursos-de-formacion\/cursos-de-formacion\/#breadcrumb\"},\"inLanguage\":\"es\",\"potentialAction\":[{\"@type\":\"ReadAction\",\"target\":[\"https:\/\/www.geostru.eu\/es\/shop\/cursos-de-formacion\/cursos-de-formacion\/\"]}]},{\"@type\":\"ImageObject\",\"inLanguage\":\"es\",\"@id\":\"https:\/\/www.geostru.eu\/es\/shop\/cursos-de-formacion\/cursos-de-formacion\/#primaryimage\",\"url\":\"https:\/\/www.geostru.eu\/wp-content\/uploads\/2021\/09\/formazione_prodotto.jpg\",\"contentUrl\":\"https:\/\/www.geostru.eu\/wp-content\/uploads\/2021\/09\/formazione_prodotto.jpg\",\"width\":1205,\"height\":803,\"caption\":\"immagine corsi\"},{\"@type\":\"BreadcrumbList\",\"@id\":\"https:\/\/www.geostru.eu\/es\/shop\/cursos-de-formacion\/cursos-de-formacion\/#breadcrumb\",\"itemListElement\":[{\"@type\":\"ListItem\",\"position\":1,\"name\":\"Home\",\"item\":\"https:\/\/www.geostru.eu\/es\/\"},{\"@type\":\"ListItem\",\"position\":2,\"name\":\"Shop\",\"item\":\"https:\/\/www.geostru.eu\/shop\/?lang=es\"},{\"@type\":\"ListItem\",\"position\":3,\"name\":\"cursos de formaci\u00f3n geostru\"}]},{\"@type\":\"WebSite\",\"@id\":\"https:\/\/www.geostru.eu\/es\/#website\",\"url\":\"https:\/\/www.geostru.eu\/es\/\",\"name\":\"GeoStru\",\"description\":\"Professionals at your service\",\"publisher\":{\"@id\":\"https:\/\/www.geostru.eu\/es\/#organization\"},\"potentialAction\":[{\"@type\":\"SearchAction\",\"target\":{\"@type\":\"EntryPoint\",\"urlTemplate\":\"https:\/\/www.geostru.eu\/es\/?s={search_term_string}\"},\"query-input\":{\"@type\":\"PropertyValueSpecification\",\"valueRequired\":true,\"valueName\":\"search_term_string\"}}],\"inLanguage\":\"es\"},{\"@type\":\"Organization\",\"@id\":\"https:\/\/www.geostru.eu\/es\/#organization\",\"name\":\"GeoStru\",\"url\":\"https:\/\/www.geostru.eu\/es\/\",\"logo\":{\"@type\":\"ImageObject\",\"inLanguage\":\"es\",\"@id\":\"https:\/\/www.geostru.eu\/es\/#\/schema\/logo\/image\/\",\"url\":\"https:\/\/www.geostru.eu\/wp-content\/uploads\/2023\/02\/LOGO_GEOSTRU_educational_banner.png\",\"contentUrl\":\"https:\/\/www.geostru.eu\/wp-content\/uploads\/2023\/02\/LOGO_GEOSTRU_educational_banner.png\",\"width\":363,\"height\":115,\"caption\":\"GeoStru\"},\"image\":{\"@id\":\"https:\/\/www.geostru.eu\/es\/#\/schema\/logo\/image\/\"},\"sameAs\":[\"https:\/\/www.facebook.com\/GeoStruSoftware\/\",\"https:\/\/x.com\/geostru\",\"https:\/\/www.linkedin.com\/company\/2462488\/admin\/\",\"https:\/\/www.instagram.com\/geostru\/\"]}]}<\/script>\n<meta property=\"product:brand\" content=\"Cursos de formaci\u00f3n\" \/>\n<meta property=\"product:price:amount\" content=\"0.00\" \/>\n<meta property=\"product:price:currency\" content=\"EUR\" \/>\n<meta property=\"og:availability\" content=\"instock\" \/>\n<meta property=\"product:availability\" content=\"instock\" \/>\n<meta property=\"product:condition\" content=\"new\" \/>\n<!-- \/ Yoast SEO Premium plugin. -->","yoast_head_json":{"title":"cursos de formaci\u00f3n geostru - GeoStru","description":"Los cursos de formaci\u00f3n se llevan a cabo a trav\u00e9s de la plataforma autorizada por el Ministerio Italiano de Educaci\u00f3n Profesional www.gonmeeting.eu. Hemos iniciado el proceso de internacionalizaci\u00f3n para poner a disposici\u00f3n el contenido de la plataforma en varios idiomas. Puedes encontrar cursos de formaci\u00f3n en muchos idiomas en YouTube","robots":{"index":"index","follow":"follow","max-snippet":"max-snippet:-1","max-image-preview":"max-image-preview:large","max-video-preview":"max-video-preview:-1"},"canonical":"https:\/\/www.geostru.eu\/es\/shop\/cursos-de-formacion\/cursos-de-formacion\/","og_locale":"es_ES","og_type":"article","og_title":"cursos de formaci\u00f3n geostru","og_description":"Los cursos de formaci\u00f3n se llevan a cabo a trav\u00e9s de la plataforma autorizada por el Ministerio Italiano de Educaci\u00f3n Profesional www.gonmeeting.eu. Hemos iniciado el proceso de internacionalizaci\u00f3n para poner a disposici\u00f3n el contenido de la plataforma en varios idiomas. Puedes encontrar cursos de formaci\u00f3n en muchos idiomas en YouTube","og_url":"https:\/\/www.geostru.eu\/es\/shop\/cursos-de-formacion\/cursos-de-formacion\/","og_site_name":"GeoStru","article_publisher":"https:\/\/www.facebook.com\/GeoStruSoftware\/","article_modified_time":"2024-02-20T11:26:34+00:00","og_image":[{"width":1205,"height":803,"url":"https:\/\/www.geostru.eu\/wp-content\/uploads\/2021\/09\/formazione_prodotto.jpg","type":"image\/jpeg"}],"twitter_card":"summary_large_image","twitter_site":"@geostru","twitter_misc":{"Precio":"","Disponibilidad":"Disponible"},"schema":{"@context":"https:\/\/schema.org","@graph":[{"@type":"WebPage","@id":"https:\/\/www.geostru.eu\/es\/shop\/cursos-de-formacion\/cursos-de-formacion\/","url":"https:\/\/www.geostru.eu\/es\/shop\/cursos-de-formacion\/cursos-de-formacion\/","name":"cursos de formaci\u00f3n geostru - GeoStru","isPartOf":{"@id":"https:\/\/www.geostru.eu\/es\/#website"},"primaryImageOfPage":{"@id":"https:\/\/www.geostru.eu\/es\/shop\/cursos-de-formacion\/cursos-de-formacion\/#primaryimage"},"image":{"@id":"https:\/\/www.geostru.eu\/es\/shop\/cursos-de-formacion\/cursos-de-formacion\/#primaryimage"},"thumbnailUrl":"https:\/\/www.geostru.eu\/wp-content\/uploads\/2021\/09\/formazione_prodotto.jpg","datePublished":"2021-09-09T08:19:22+00:00","dateModified":"2024-02-20T11:26:34+00:00","description":"Los cursos de formaci\u00f3n se llevan a cabo a trav\u00e9s de la plataforma autorizada por el Ministerio Italiano de Educaci\u00f3n Profesional www.gonmeeting.eu. Hemos iniciado el proceso de internacionalizaci\u00f3n para poner a disposici\u00f3n el contenido de la plataforma en varios idiomas. Puedes encontrar cursos de formaci\u00f3n en muchos idiomas en YouTube","breadcrumb":{"@id":"https:\/\/www.geostru.eu\/es\/shop\/cursos-de-formacion\/cursos-de-formacion\/#breadcrumb"},"inLanguage":"es","potentialAction":[{"@type":"ReadAction","target":["https:\/\/www.geostru.eu\/es\/shop\/cursos-de-formacion\/cursos-de-formacion\/"]}]},{"@type":"ImageObject","inLanguage":"es","@id":"https:\/\/www.geostru.eu\/es\/shop\/cursos-de-formacion\/cursos-de-formacion\/#primaryimage","url":"https:\/\/www.geostru.eu\/wp-content\/uploads\/2021\/09\/formazione_prodotto.jpg","contentUrl":"https:\/\/www.geostru.eu\/wp-content\/uploads\/2021\/09\/formazione_prodotto.jpg","width":1205,"height":803,"caption":"immagine corsi"},{"@type":"BreadcrumbList","@id":"https:\/\/www.geostru.eu\/es\/shop\/cursos-de-formacion\/cursos-de-formacion\/#breadcrumb","itemListElement":[{"@type":"ListItem","position":1,"name":"Home","item":"https:\/\/www.geostru.eu\/es\/"},{"@type":"ListItem","position":2,"name":"Shop","item":"https:\/\/www.geostru.eu\/shop\/?lang=es"},{"@type":"ListItem","position":3,"name":"cursos de formaci\u00f3n geostru"}]},{"@type":"WebSite","@id":"https:\/\/www.geostru.eu\/es\/#website","url":"https:\/\/www.geostru.eu\/es\/","name":"GeoStru","description":"Professionals at your service","publisher":{"@id":"https:\/\/www.geostru.eu\/es\/#organization"},"potentialAction":[{"@type":"SearchAction","target":{"@type":"EntryPoint","urlTemplate":"https:\/\/www.geostru.eu\/es\/?s={search_term_string}"},"query-input":{"@type":"PropertyValueSpecification","valueRequired":true,"valueName":"search_term_string"}}],"inLanguage":"es"},{"@type":"Organization","@id":"https:\/\/www.geostru.eu\/es\/#organization","name":"GeoStru","url":"https:\/\/www.geostru.eu\/es\/","logo":{"@type":"ImageObject","inLanguage":"es","@id":"https:\/\/www.geostru.eu\/es\/#\/schema\/logo\/image\/","url":"https:\/\/www.geostru.eu\/wp-content\/uploads\/2023\/02\/LOGO_GEOSTRU_educational_banner.png","contentUrl":"https:\/\/www.geostru.eu\/wp-content\/uploads\/2023\/02\/LOGO_GEOSTRU_educational_banner.png","width":363,"height":115,"caption":"GeoStru"},"image":{"@id":"https:\/\/www.geostru.eu\/es\/#\/schema\/logo\/image\/"},"sameAs":["https:\/\/www.facebook.com\/GeoStruSoftware\/","https:\/\/x.com\/geostru","https:\/\/www.linkedin.com\/company\/2462488\/admin\/","https:\/\/www.instagram.com\/geostru\/"]}]},"product_brand":"Cursos de formaci\u00f3n","product_price_amount":"0.00","product_price_currency":"EUR","og_availability":"instock","product_availability":"instock","product_condition":"new"},"_links":{"self":[{"href":"https:\/\/www.geostru.eu\/es\/wp-json\/wp\/v2\/product\/147576"}],"collection":[{"href":"https:\/\/www.geostru.eu\/es\/wp-json\/wp\/v2\/product"}],"about":[{"href":"https:\/\/www.geostru.eu\/es\/wp-json\/wp\/v2\/types\/product"}],"replies":[{"embeddable":true,"href":"https:\/\/www.geostru.eu\/es\/wp-json\/wp\/v2\/comments?post=147576"}],"wp:featuredmedia":[{"embeddable":true,"href":"https:\/\/www.geostru.eu\/es\/wp-json\/wp\/v2\/media\/130038"}],"wp:attachment":[{"href":"https:\/\/www.geostru.eu\/es\/wp-json\/wp\/v2\/media?parent=147576"}],"wp:term":[{"taxonomy":"product_cat","embeddable":true,"href":"https:\/\/www.geostru.eu\/es\/wp-json\/wp\/v2\/product_cat?post=147576"},{"taxonomy":"product_tag","embeddable":true,"href":"https:\/\/www.geostru.eu\/es\/wp-json\/wp\/v2\/product_tag?post=147576"}],"curies":[{"name":"wp","href":"https:\/\/api.w.org\/{rel}","templated":true}]}}