{"id":147544,"date":"2024-02-17T12:28:13","date_gmt":"2024-02-17T11:28:13","guid":{"rendered":"https:\/\/www.geostru.eu\/shop\/sin%20categor\u00eda\/stratigrapher-lt\/"},"modified":"2026-02-26T09:43:42","modified_gmt":"2026-02-26T08:43:42","slug":"stratigrapher-lt","status":"publish","type":"product","link":"https:\/\/www.geostru.eu\/es\/shop\/software-es\/stratigrapher-lt\/","title":{"rendered":"Stratigrapher LT"},"content":{"rendered":"<p><strong>Stratigrapher LT \u2013 Software para el dibujo de estratigraf\u00edas conforme a:<\/strong><\/p>\n<p><strong>EN ISO 14688:<\/strong> <em>\u201cGeotechnical investigation and testing \u2013 Identification and classification of soil \u2013 Part 1: Identification and description\u201d<\/em> \u2013 Esta norma trata la identificaci\u00f3n y la clasificaci\u00f3n de los suelos, pero no detalla espec\u00edficamente las propiedades geot\u00e9cnicas como el peso espec\u00edfico, el \u00edndice de vac\u00edos, etc.<\/p>\n<p><strong>EN ISO 17892:<\/strong> <em>\u201cGeotechnical investigation and testing \u2013 Laboratory testing of soil\u201d<\/em> \u2013 Esta serie de normas aborda los m\u00e9todos de ensayo de laboratorio para diversos par\u00e1metros geot\u00e9cnicos, incluidos aquellos utilizados para determinar el peso espec\u00edfico, el \u00edndice de vac\u00edos y el contenido de agua.<\/p>\n<p><strong>En el modelo estratigr\u00e1fico es posible introducir:<\/strong><\/p>\n<ul>\n<li><strong>Espesor del estrato:<\/strong> al asignar el espesor, las cotas se calculan autom\u00e1ticamente.<\/li>\n<li><strong>Litolog\u00eda y s\u00edmbolos personalizados:<\/strong> una litolog\u00eda espec\u00edfica para cada estrato y el uso de s\u00edmbolos personalizados para destacar caracter\u00edsticas geol\u00f3gicas particulares.<\/li>\n<li><strong>S\u00edmbolo:<\/strong> asociaci\u00f3n de un s\u00edmbolo al estrato.<\/li>\n<li><strong>Descripci\u00f3n:<\/strong> descripci\u00f3n del estrato.<\/li>\n<li><strong>Profundidad del ensayo:<\/strong> profundidad a la que se ha realizado un ensayo espec\u00edfico.<\/li>\n<li><strong>Contenido de arcilla:<\/strong> 0.002\u20130.005<\/li>\n<li><strong>Limo:<\/strong> 0.005\u20130.05<\/li>\n<li><strong>Arena:<\/strong> 0.05\u20132<\/li>\n<li><strong>Grava:<\/strong> &gt;2<\/li>\n<li><strong>Humedad natural:<\/strong> W (%)<\/li>\n<li><strong>L\u00edmite l\u00edquido:<\/strong> Wl (%)<\/li>\n<li><strong>L\u00edmite pl\u00e1stico:<\/strong> Wp (%)<\/li>\n<li><strong>\u00cdndice de plasticidad:<\/strong> Ip (%)<\/li>\n<li><strong>\u00cdndice de consistencia:<\/strong> Ic<\/li>\n<li><strong>Peso volum\u00e9trico natural<\/strong><\/li>\n<li><strong>Peso volum\u00e9trico seco<\/strong><\/li>\n<li><strong>Porosidad:<\/strong> n (%)<\/li>\n<li><strong>\u00cdndice de vac\u00edos:<\/strong> e<\/li>\n<li><strong>Grado de saturaci\u00f3n:<\/strong> Sr (%)<\/li>\n<li><strong>Deformaci\u00f3n:<\/strong> Epsilon (%)<\/li>\n<li><strong>M\u00f3dulo de compresibilidad<\/strong><\/li>\n<\/ul>\n","protected":false},"excerpt":{"rendered":"<p data-start=\"78\" data-end=\"407\"><strong data-start=\"78\" data-end=\"95\">EN ISO 14688:<\/strong> <em data-start=\"96\" data-end=\"223\">\u201cGeotechnical investigation and testing \u2013 Identification and classification of soil \u2013 Part 1: Identification and description\u201d<\/em> \u2013 Esta norma trata la identificaci\u00f3n y la clasificaci\u00f3n de los suelos, pero no detalla espec\u00edficamente las propiedades geot\u00e9cnicas como el peso espec\u00edfico, el \u00edndice de vac\u00edos, etc.<\/p>\n<p data-start=\"409\" data-end=\"724\"><strong data-start=\"409\" data-end=\"426\">EN ISO 17892:<\/strong> <em data-start=\"427\" data-end=\"498\">\u201cGeotechnical investigation and testing \u2013 Laboratory testing of soil\u201d<\/em> \u2013 Esta serie de normas aborda los m\u00e9todos de ensayo de laboratorio para diversos par\u00e1metros geot\u00e9cnicos, incluidos aquellos que pueden utilizarse para determinar el peso espec\u00edfico, el \u00edndice de vac\u00edos y el contenido de agua.<\/p>\n<p data-start=\"726\" data-end=\"963\" data-is-last-node=\"\" data-is-only-node=\"\"><strong>Stratigrapher LT<\/strong> est\u00e1 ahora disponible como aplicaci\u00f3n web en la plataforma <a class=\"decorated-link\" href=\"https:\/\/geoapp.geostru.eu\" target=\"_new\" rel=\"noopener\" data-start=\"802\" data-end=\"827\">https:\/\/geoapp.geostru.eu<\/a>, garantizando acceso inmediato desde cualquier dispositivo, sin necesidad de instalaci\u00f3n. La versi\u00f3n de escritorio ya no se distribuye.<\/p>\n","protected":false},"featured_media":147540,"comment_status":"closed","ping_status":"closed","template":"","meta":[],"product_cat":[13323,191,529,185,203,187],"product_tag":[],"class_list":{"0":"post-147544","1":"product","2":"type-product","3":"status-publish","4":"has-post-thumbnail","6":"product_cat-gensmart-es","7":"product_cat-software-es","8":"product_cat-software-geologia-es","9":"product_cat-geotecnia-y-geologia","10":"product_cat-ensayos-in-situ","11":"product_cat-geofisica-es","12":"description-off","14":"first","15":"instock","16":"taxable","17":"shipping-taxable","18":"product-type-external"},"yoast_head":"<!-- This site is optimized with the Yoast SEO Premium plugin v25.0 (Yoast SEO v25.0) - https:\/\/yoast.com\/wordpress\/plugins\/seo\/ -->\n<title>Stratigrapher LT - GeoStru<\/title>\n<meta name=\"robots\" content=\"index, follow, max-snippet:-1, max-image-preview:large, max-video-preview:-1\" \/>\n<link rel=\"canonical\" href=\"https:\/\/www.geostru.eu\/es\/shop\/software-es\/stratigrapher-lt\/\" \/>\n<meta property=\"og:locale\" content=\"es_ES\" \/>\n<meta property=\"og:type\" content=\"article\" \/>\n<meta property=\"og:title\" content=\"Stratigrapher LT\" \/>\n<meta property=\"og:description\" content=\"EN ISO 14688: \u201cGeotechnical investigation and testing \u2013 Identification and classification of soil \u2013 Part 1: Identification and description\u201d \u2013 Esta norma trata la identificaci\u00f3n y la clasificaci\u00f3n de los suelos, pero no detalla espec\u00edficamente las propiedades geot\u00e9cnicas como el peso espec\u00edfico, el \u00edndice de vac\u00edos, etc. EN ISO 17892: \u201cGeotechnical investigation and testing \u2013 Laboratory testing of soil\u201d \u2013 Esta serie de normas aborda los m\u00e9todos de ensayo de laboratorio para diversos par\u00e1metros geot\u00e9cnicos, incluidos aquellos que pueden utilizarse para determinar el peso espec\u00edfico, el \u00edndice de vac\u00edos y el contenido de agua. Stratigrapher LT est\u00e1 ahora disponible como aplicaci\u00f3n web en la plataforma https:\/\/geoapp.geostru.eu, garantizando acceso inmediato desde cualquier dispositivo, sin necesidad de instalaci\u00f3n. La versi\u00f3n de escritorio ya no se distribuye.\" \/>\n<meta property=\"og:url\" content=\"https:\/\/www.geostru.eu\/es\/shop\/software-es\/stratigrapher-lt\/\" \/>\n<meta property=\"og:site_name\" content=\"GeoStru\" \/>\n<meta property=\"article:publisher\" content=\"https:\/\/www.facebook.com\/GeoStruSoftware\/\" \/>\n<meta property=\"article:modified_time\" content=\"2026-02-26T08:43:42+00:00\" \/>\n<meta property=\"og:image\" content=\"https:\/\/www.geostru.eu\/wp-content\/uploads\/2024\/02\/STRATIGRAPHER-lt.png\" \/>\n\t<meta property=\"og:image:width\" content=\"1910\" \/>\n\t<meta property=\"og:image:height\" content=\"1020\" \/>\n\t<meta property=\"og:image:type\" content=\"image\/png\" \/>\n<meta name=\"twitter:card\" content=\"summary_large_image\" \/>\n<meta name=\"twitter:site\" content=\"@geostru\" \/>\n<meta name=\"twitter:label1\" content=\"Precio\" \/>\n\t<meta name=\"twitter:data1\" content=\"\" \/>\n\t<meta name=\"twitter:label2\" content=\"Disponibilidad\" \/>\n\t<meta name=\"twitter:data2\" content=\"Disponible\" \/>\n<script type=\"application\/ld+json\" class=\"yoast-schema-graph\">{\"@context\":\"https:\/\/schema.org\",\"@graph\":[{\"@type\":\"WebPage\",\"@id\":\"https:\/\/www.geostru.eu\/es\/shop\/software-es\/stratigrapher-lt\/\",\"url\":\"https:\/\/www.geostru.eu\/es\/shop\/software-es\/stratigrapher-lt\/\",\"name\":\"Stratigrapher LT - GeoStru\",\"isPartOf\":{\"@id\":\"https:\/\/www.geostru.eu\/es\/#website\"},\"primaryImageOfPage\":{\"@id\":\"https:\/\/www.geostru.eu\/es\/shop\/software-es\/stratigrapher-lt\/#primaryimage\"},\"image\":{\"@id\":\"https:\/\/www.geostru.eu\/es\/shop\/software-es\/stratigrapher-lt\/#primaryimage\"},\"thumbnailUrl\":\"https:\/\/www.geostru.eu\/wp-content\/uploads\/2024\/02\/STRATIGRAPHER-lt.png\",\"datePublished\":\"2024-02-17T11:28:13+00:00\",\"dateModified\":\"2026-02-26T08:43:42+00:00\",\"breadcrumb\":{\"@id\":\"https:\/\/www.geostru.eu\/es\/shop\/software-es\/stratigrapher-lt\/#breadcrumb\"},\"inLanguage\":\"es\",\"potentialAction\":[{\"@type\":\"ReadAction\",\"target\":[\"https:\/\/www.geostru.eu\/es\/shop\/software-es\/stratigrapher-lt\/\"]}]},{\"@type\":\"ImageObject\",\"inLanguage\":\"es\",\"@id\":\"https:\/\/www.geostru.eu\/es\/shop\/software-es\/stratigrapher-lt\/#primaryimage\",\"url\":\"https:\/\/www.geostru.eu\/wp-content\/uploads\/2024\/02\/STRATIGRAPHER-lt.png\",\"contentUrl\":\"https:\/\/www.geostru.eu\/wp-content\/uploads\/2024\/02\/STRATIGRAPHER-lt.png\",\"width\":1910,\"height\":1020},{\"@type\":\"BreadcrumbList\",\"@id\":\"https:\/\/www.geostru.eu\/es\/shop\/software-es\/stratigrapher-lt\/#breadcrumb\",\"itemListElement\":[{\"@type\":\"ListItem\",\"position\":1,\"name\":\"Home\",\"item\":\"https:\/\/www.geostru.eu\/es\/\"},{\"@type\":\"ListItem\",\"position\":2,\"name\":\"Shop\",\"item\":\"https:\/\/www.geostru.eu\/shop\/?lang=es\"},{\"@type\":\"ListItem\",\"position\":3,\"name\":\"Stratigrapher LT\"}]},{\"@type\":\"WebSite\",\"@id\":\"https:\/\/www.geostru.eu\/es\/#website\",\"url\":\"https:\/\/www.geostru.eu\/es\/\",\"name\":\"GeoStru\",\"description\":\"Professionals at your service\",\"publisher\":{\"@id\":\"https:\/\/www.geostru.eu\/es\/#organization\"},\"potentialAction\":[{\"@type\":\"SearchAction\",\"target\":{\"@type\":\"EntryPoint\",\"urlTemplate\":\"https:\/\/www.geostru.eu\/es\/?s={search_term_string}\"},\"query-input\":{\"@type\":\"PropertyValueSpecification\",\"valueRequired\":true,\"valueName\":\"search_term_string\"}}],\"inLanguage\":\"es\"},{\"@type\":\"Organization\",\"@id\":\"https:\/\/www.geostru.eu\/es\/#organization\",\"name\":\"GeoStru\",\"url\":\"https:\/\/www.geostru.eu\/es\/\",\"logo\":{\"@type\":\"ImageObject\",\"inLanguage\":\"es\",\"@id\":\"https:\/\/www.geostru.eu\/es\/#\/schema\/logo\/image\/\",\"url\":\"https:\/\/www.geostru.eu\/wp-content\/uploads\/2023\/02\/LOGO_GEOSTRU_educational_banner.png\",\"contentUrl\":\"https:\/\/www.geostru.eu\/wp-content\/uploads\/2023\/02\/LOGO_GEOSTRU_educational_banner.png\",\"width\":363,\"height\":115,\"caption\":\"GeoStru\"},\"image\":{\"@id\":\"https:\/\/www.geostru.eu\/es\/#\/schema\/logo\/image\/\"},\"sameAs\":[\"https:\/\/www.facebook.com\/GeoStruSoftware\/\",\"https:\/\/x.com\/geostru\",\"https:\/\/www.linkedin.com\/company\/2462488\/admin\/\",\"https:\/\/www.instagram.com\/geostru\/\"]}]}<\/script>\n<meta property=\"product:brand\" content=\"Software\" \/>\n<meta property=\"product:price:amount\" content=\"0.00\" \/>\n<meta property=\"product:price:currency\" content=\"EUR\" \/>\n<meta property=\"og:availability\" content=\"instock\" \/>\n<meta property=\"product:availability\" content=\"instock\" \/>\n<meta property=\"product:condition\" content=\"new\" \/>\n<!-- \/ Yoast SEO Premium plugin. -->","yoast_head_json":{"title":"Stratigrapher LT - GeoStru","robots":{"index":"index","follow":"follow","max-snippet":"max-snippet:-1","max-image-preview":"max-image-preview:large","max-video-preview":"max-video-preview:-1"},"canonical":"https:\/\/www.geostru.eu\/es\/shop\/software-es\/stratigrapher-lt\/","og_locale":"es_ES","og_type":"article","og_title":"Stratigrapher LT","og_description":"EN ISO 14688: \u201cGeotechnical investigation and testing \u2013 Identification and classification of soil \u2013 Part 1: Identification and description\u201d \u2013 Esta norma trata la identificaci\u00f3n y la clasificaci\u00f3n de los suelos, pero no detalla espec\u00edficamente las propiedades geot\u00e9cnicas como el peso espec\u00edfico, el \u00edndice de vac\u00edos, etc. EN ISO 17892: \u201cGeotechnical investigation and testing \u2013 Laboratory testing of soil\u201d \u2013 Esta serie de normas aborda los m\u00e9todos de ensayo de laboratorio para diversos par\u00e1metros geot\u00e9cnicos, incluidos aquellos que pueden utilizarse para determinar el peso espec\u00edfico, el \u00edndice de vac\u00edos y el contenido de agua. Stratigrapher LT est\u00e1 ahora disponible como aplicaci\u00f3n web en la plataforma https:\/\/geoapp.geostru.eu, garantizando acceso inmediato desde cualquier dispositivo, sin necesidad de instalaci\u00f3n. La versi\u00f3n de escritorio ya no se distribuye.","og_url":"https:\/\/www.geostru.eu\/es\/shop\/software-es\/stratigrapher-lt\/","og_site_name":"GeoStru","article_publisher":"https:\/\/www.facebook.com\/GeoStruSoftware\/","article_modified_time":"2026-02-26T08:43:42+00:00","og_image":[{"width":1910,"height":1020,"url":"https:\/\/www.geostru.eu\/wp-content\/uploads\/2024\/02\/STRATIGRAPHER-lt.png","type":"image\/png"}],"twitter_card":"summary_large_image","twitter_site":"@geostru","twitter_misc":{"Precio":"","Disponibilidad":"Disponible"},"schema":{"@context":"https:\/\/schema.org","@graph":[{"@type":"WebPage","@id":"https:\/\/www.geostru.eu\/es\/shop\/software-es\/stratigrapher-lt\/","url":"https:\/\/www.geostru.eu\/es\/shop\/software-es\/stratigrapher-lt\/","name":"Stratigrapher LT - GeoStru","isPartOf":{"@id":"https:\/\/www.geostru.eu\/es\/#website"},"primaryImageOfPage":{"@id":"https:\/\/www.geostru.eu\/es\/shop\/software-es\/stratigrapher-lt\/#primaryimage"},"image":{"@id":"https:\/\/www.geostru.eu\/es\/shop\/software-es\/stratigrapher-lt\/#primaryimage"},"thumbnailUrl":"https:\/\/www.geostru.eu\/wp-content\/uploads\/2024\/02\/STRATIGRAPHER-lt.png","datePublished":"2024-02-17T11:28:13+00:00","dateModified":"2026-02-26T08:43:42+00:00","breadcrumb":{"@id":"https:\/\/www.geostru.eu\/es\/shop\/software-es\/stratigrapher-lt\/#breadcrumb"},"inLanguage":"es","potentialAction":[{"@type":"ReadAction","target":["https:\/\/www.geostru.eu\/es\/shop\/software-es\/stratigrapher-lt\/"]}]},{"@type":"ImageObject","inLanguage":"es","@id":"https:\/\/www.geostru.eu\/es\/shop\/software-es\/stratigrapher-lt\/#primaryimage","url":"https:\/\/www.geostru.eu\/wp-content\/uploads\/2024\/02\/STRATIGRAPHER-lt.png","contentUrl":"https:\/\/www.geostru.eu\/wp-content\/uploads\/2024\/02\/STRATIGRAPHER-lt.png","width":1910,"height":1020},{"@type":"BreadcrumbList","@id":"https:\/\/www.geostru.eu\/es\/shop\/software-es\/stratigrapher-lt\/#breadcrumb","itemListElement":[{"@type":"ListItem","position":1,"name":"Home","item":"https:\/\/www.geostru.eu\/es\/"},{"@type":"ListItem","position":2,"name":"Shop","item":"https:\/\/www.geostru.eu\/shop\/?lang=es"},{"@type":"ListItem","position":3,"name":"Stratigrapher LT"}]},{"@type":"WebSite","@id":"https:\/\/www.geostru.eu\/es\/#website","url":"https:\/\/www.geostru.eu\/es\/","name":"GeoStru","description":"Professionals at your service","publisher":{"@id":"https:\/\/www.geostru.eu\/es\/#organization"},"potentialAction":[{"@type":"SearchAction","target":{"@type":"EntryPoint","urlTemplate":"https:\/\/www.geostru.eu\/es\/?s={search_term_string}"},"query-input":{"@type":"PropertyValueSpecification","valueRequired":true,"valueName":"search_term_string"}}],"inLanguage":"es"},{"@type":"Organization","@id":"https:\/\/www.geostru.eu\/es\/#organization","name":"GeoStru","url":"https:\/\/www.geostru.eu\/es\/","logo":{"@type":"ImageObject","inLanguage":"es","@id":"https:\/\/www.geostru.eu\/es\/#\/schema\/logo\/image\/","url":"https:\/\/www.geostru.eu\/wp-content\/uploads\/2023\/02\/LOGO_GEOSTRU_educational_banner.png","contentUrl":"https:\/\/www.geostru.eu\/wp-content\/uploads\/2023\/02\/LOGO_GEOSTRU_educational_banner.png","width":363,"height":115,"caption":"GeoStru"},"image":{"@id":"https:\/\/www.geostru.eu\/es\/#\/schema\/logo\/image\/"},"sameAs":["https:\/\/www.facebook.com\/GeoStruSoftware\/","https:\/\/x.com\/geostru","https:\/\/www.linkedin.com\/company\/2462488\/admin\/","https:\/\/www.instagram.com\/geostru\/"]}]},"product_brand":"Software","product_price_amount":"0.00","product_price_currency":"EUR","og_availability":"instock","product_availability":"instock","product_condition":"new"},"_links":{"self":[{"href":"https:\/\/www.geostru.eu\/es\/wp-json\/wp\/v2\/product\/147544"}],"collection":[{"href":"https:\/\/www.geostru.eu\/es\/wp-json\/wp\/v2\/product"}],"about":[{"href":"https:\/\/www.geostru.eu\/es\/wp-json\/wp\/v2\/types\/product"}],"replies":[{"embeddable":true,"href":"https:\/\/www.geostru.eu\/es\/wp-json\/wp\/v2\/comments?post=147544"}],"wp:featuredmedia":[{"embeddable":true,"href":"https:\/\/www.geostru.eu\/es\/wp-json\/wp\/v2\/media\/147540"}],"wp:attachment":[{"href":"https:\/\/www.geostru.eu\/es\/wp-json\/wp\/v2\/media?parent=147544"}],"wp:term":[{"taxonomy":"product_cat","embeddable":true,"href":"https:\/\/www.geostru.eu\/es\/wp-json\/wp\/v2\/product_cat?post=147544"},{"taxonomy":"product_tag","embeddable":true,"href":"https:\/\/www.geostru.eu\/es\/wp-json\/wp\/v2\/product_tag?post=147544"}],"curies":[{"name":"wp","href":"https:\/\/api.w.org\/{rel}","templated":true}]}}