{"id":147519,"date":"2017-06-16T15:14:16","date_gmt":"2017-06-16T13:14:16","guid":{"rendered":"https:\/\/www.geostru.eu\/shop\/sin%20categor\u00eda\/scatolari\/"},"modified":"2025-02-20T12:12:46","modified_gmt":"2025-02-20T11:12:46","slug":"estructuras-subterraneas-scatolari","status":"publish","type":"product","link":"https:\/\/www.geostru.eu\/es\/shop\/software-es\/estructuras\/estructuras-subterraneas-scatolari\/","title":{"rendered":"Estructuras subterr\u00e1neas \u2013 Scatolari"},"content":{"rendered":"<div class=\"wpb-content-wrapper\"><p>[vc_row][vc_column][vc_column_text]<\/p>\n<p style=\"text-align: justify;\"><span style=\"font-weight: 400;\">Para modelar la no linealidad del suelo (anulaci\u00f3n de las reacciones de Winkler para desplazamientos de la cimentaci\u00f3n y de los pedestales que resulten en separaci\u00f3n entre el suelo y la estructura), toda la estructura del caj\u00f3n se discretiza en barras de peque\u00f1a longitud.<\/span><\/p>\n<p style=\"text-align: justify;\"><span style=\"font-weight: 400;\">El suelo en el que se sumerge el caj\u00f3n se divide en tres capas:<\/span><\/p>\n<ul style=\"text-align: justify;\">\n<li style=\"font-weight: 400;\" aria-level=\"1\"><span style=\"font-weight: 400;\">Recubrimiento directamente sobre el travesero;<\/span><\/li>\n<li style=\"font-weight: 400;\" aria-level=\"1\"><span style=\"font-weight: 400;\">Relleno a la izquierda y a la derecha de los dos pedestales;<\/span><\/li>\n<li style=\"font-weight: 400;\" aria-level=\"1\"><span style=\"font-weight: 400;\">Cimentaci\u00f3n.<\/span><\/li>\n<\/ul>\n<p style=\"text-align: justify;\"><span style=\"font-weight: 400;\">Al poner tanto el espesor del recubrimiento del suelo como el del travesero como nulo, es posible analizar tipos de tanques y dep\u00f3sitos enterrados (y no) para los cuales la hip\u00f3tesis de estado plano de deformaci\u00f3n sea v\u00e1lida.<\/span><\/p>\n<p style=\"text-align: justify;\"><span style=\"font-weight: 400;\">Est\u00e1 prevista la presencia de un acu\u00edfero a profundidad variable.<\/span><\/p>\n<p style=\"text-align: justify;\"><span style=\"font-weight: 400;\">Es posible asignar un nivel de agua de cualquier altura dentro del caj\u00f3n.<\/span><\/p>\n<p style=\"text-align: justify;\"><span style=\"font-weight: 400;\">Las cargas se deben asignar para distintas condiciones de carga (hasta nueve) para combinarlas mediante factores de combinaci\u00f3n adecuados elegidos por el usuario seg\u00fan el tipo de verificaci\u00f3n asociada a cada combinaci\u00f3n individual que se desee generar:<\/span><\/p>\n<ul style=\"text-align: justify;\">\n<li style=\"font-weight: 400;\" aria-level=\"1\"><span style=\"font-weight: 400;\">combinaci\u00f3n de resistencia no s\u00edsmica seg\u00fan el m\u00e9todo de los estados l\u00edmite \u00faltimos combinaci\u00f3n de servicio<\/span><\/li>\n<li style=\"font-weight: 400;\" aria-level=\"1\"><span style=\"font-weight: 400;\">combinaciones s\u00edsmicas con verificaciones al estado l\u00edmite de primera plasticidad.<\/span><\/li>\n<\/ul>\n<p style=\"text-align: justify;\"><span style=\"font-weight: 400;\">En el c\u00e1lculo de las combinaciones de ejercicio, es necesario elegir entre los tres tipos de condiciones ambientales previstas en la Tabla 4.I.III de las NTC 2008.<\/span><\/p>\n<ol style=\"text-align: justify;\">\n<li><span style=\"font-weight: 400;\"> Ordinarias;<\/span><\/li>\n<li><span style=\"font-weight: 400;\"> Agresivas;<\/span><\/li>\n<li><span style=\"font-weight: 400;\"> Muy agresivas;<\/span><\/li>\n<\/ol>\n<p style=\"text-align: justify;\"><span style=\"font-weight: 400;\">Se prev\u00e9n los siguientes tipos de carga para asignar de forma interactiva:<\/span><\/p>\n<ul style=\"text-align: justify;\">\n<li style=\"font-weight: 400;\" aria-level=\"1\"><span style=\"font-weight: 400;\">Cargas concentradas y\/o uniformemente distribuidas;<\/span><\/li>\n<li style=\"font-weight: 400;\" aria-level=\"1\"><span style=\"font-weight: 400;\">Cargas concentradas aplicadas sobre la viga de cimentaci\u00f3n;<\/span><\/li>\n<li style=\"font-weight: 400;\" aria-level=\"1\"><span style=\"font-weight: 400;\">Cargas distribuidas y\/o variaciones t\u00e9rmicas;<\/span><\/li>\n<li style=\"font-weight: 400;\" aria-level=\"1\"><span style=\"font-weight: 400;\">Cargas y momentos concentrados;<\/span><\/li>\n<li style=\"font-weight: 400;\" aria-level=\"1\"><span style=\"font-weight: 400;\">Empuje est\u00e1tico o s\u00edsmico del terreno de relleno;<\/span><\/li>\n<li style=\"font-weight: 400;\" aria-level=\"1\"><span style=\"font-weight: 400;\">Nivel de agua<\/span><\/li>\n<\/ul>\n<p style=\"text-align: justify;\"><span style=\"font-weight: 400;\">Entre las diversas opciones de c\u00e1lculo, tambi\u00e9n se prev\u00e9 la posibilidad de modelar la reacci\u00f3n pasiva del terreno de relleno mediante la asignaci\u00f3n del coeficiente de Winkler al terreno de relleno, con valor activo solo para los desplazamientos de los pedestales dirigidos contra el terreno.<\/span><\/p>\n<p style=\"text-align: justify;\"><span style=\"font-weight: 400;\">Para modelar la no linealidad del suelo, toda la estructura del caj\u00f3n se discretiza en barras de peque\u00f1a longitud.\u00a0<\/span><\/p>\n<p style=\"text-align: justify;\"><span style=\"font-weight: 400;\">En los nodos de las barras as\u00ed generadas se concentran las reacciones unidireccionales el\u00e1sticas del suelo. Adem\u00e1s, se introducen barras r\u00edgidas en correspondencia con los nodos estructurales para hacer que el modelo resistente del caj\u00f3n sea m\u00e1s cercano a su comportamiento real y excluyendo estas barras r\u00edgidas de las verificaciones a tracci\u00f3n-compresi\u00f3n y corte realizadas en cambio para todas las dem\u00e1s barras deformables.<\/span><\/p>\n<p style=\"text-align: justify;\"><span style=\"font-weight: 400;\">Es posible obtener la impresi\u00f3n de un informe completo de c\u00e1lculo directamente en la impresora o guardarlo en un archivo en formato DOC.<\/span><\/p>\n<p style=\"text-align: justify;\"><span style=\"font-weight: 400;\">Puede ser transferido a archivos gr\u00e1ficos en formato DXF (formato de intercambio de dibujos reconocido por todos los programas CAD). Adem\u00e1s, es posible obtener una l\u00e1mina de dibujo, tambi\u00e9n en formato DXF, completa con la estructura y la armadura, con el detalle de las barras correctamente dimensionadas.<\/span><\/p>\n<p>[\/vc_column_text][\/vc_column][\/vc_row]<\/p>\n<\/div>","protected":false},"excerpt":{"rendered":"<p><span style=\"font-weight: 400;\">La aplicaci\u00f3n Scatolari est\u00e1 hecha para modelado estructural, c\u00e1lculo y dise\u00f1o de las armaduras de estructuras caj\u00f3n enterradas en hormig\u00f3n armado para la construcci\u00f3n de pasos subterr\u00e1neos de carreteras, ferrocarriles o hidr\u00e1ulicos, y tanques.<\/span><\/p>\n<p style=\"text-align: justify;\">\n<blockquote><p><b>El programa est\u00e1 disponible en italiano pero con normativas geot\u00e9cnicas y estructurales internacionales.<\/b><\/p><\/blockquote>\n<p>&nbsp;<\/p>\n<p>&nbsp;<\/p>\n<p>&nbsp;<\/p>\n<blockquote>\n<p style=\"text-align: left;\">\n<\/blockquote>\n","protected":false},"featured_media":147520,"comment_status":"open","ping_status":"closed","template":"","meta":[],"product_cat":[191,204,185],"product_tag":[13445,829],"class_list":{"0":"post-147519","1":"product","2":"type-product","3":"status-publish","4":"has-post-thumbnail","6":"product_cat-software-es","7":"product_cat-estructuras","8":"product_cat-geotecnia-y-geologia","9":"product_tag-scatolari-es","10":"product_tag-software-strutturale-es","11":"description-off","13":"first","14":"instock","15":"downloadable","16":"virtual","17":"sold-individually","18":"taxable","19":"purchasable","20":"product-type-licensed"},"yoast_head":"<!-- This site is optimized with the Yoast SEO Premium plugin v25.0 (Yoast SEO v25.0) - https:\/\/yoast.com\/wordpress\/plugins\/seo\/ -->\n<title>Estructuras subterr\u00e1neas \u2013 Scatolari - GeoStru<\/title>\n<meta name=\"description\" content=\"La aplicaci\u00f3n Scatolari est\u00e1 hecha para modelado estructural, c\u00e1lculo y dise\u00f1o de las armaduras de estructuras caj\u00f3n enterradas en hormig\u00f3n armado para la construcci\u00f3n de pasos subterr\u00e1neos de carreteras, ferrocarriles o hidr\u00e1ulicos, y tanques.\" \/>\n<meta name=\"robots\" content=\"index, follow, max-snippet:-1, max-image-preview:large, max-video-preview:-1\" \/>\n<link rel=\"canonical\" href=\"https:\/\/www.geostru.eu\/es\/shop\/software-es\/estructuras\/estructuras-subterraneas-scatolari\/\" \/>\n<meta property=\"og:locale\" content=\"es_ES\" \/>\n<meta property=\"og:type\" content=\"article\" \/>\n<meta property=\"og:title\" content=\"Estructuras subterr\u00e1neas \u2013 Scatolari\" \/>\n<meta property=\"og:description\" content=\"La aplicaci\u00f3n Scatolari est\u00e1 hecha para modelado estructural, c\u00e1lculo y dise\u00f1o de las armaduras de estructuras caj\u00f3n enterradas en hormig\u00f3n armado para la construcci\u00f3n de pasos subterr\u00e1neos de carreteras, ferrocarriles o hidr\u00e1ulicos, y tanques.\" \/>\n<meta property=\"og:url\" content=\"https:\/\/www.geostru.eu\/es\/shop\/software-es\/estructuras\/estructuras-subterraneas-scatolari\/\" \/>\n<meta property=\"og:site_name\" content=\"GeoStru\" \/>\n<meta property=\"article:publisher\" content=\"https:\/\/www.facebook.com\/GeoStruSoftware\/\" \/>\n<meta property=\"article:modified_time\" content=\"2025-02-20T11:12:46+00:00\" \/>\n<meta property=\"og:image\" content=\"https:\/\/www.geostru.eu\/wp-content\/uploads\/2014\/06\/SCATOLARI_1_800.png\" \/>\n\t<meta property=\"og:image:width\" content=\"800\" \/>\n\t<meta property=\"og:image:height\" content=\"433\" \/>\n\t<meta property=\"og:image:type\" content=\"image\/png\" \/>\n<meta name=\"twitter:card\" content=\"summary_large_image\" \/>\n<meta name=\"twitter:site\" content=\"@geostru\" \/>\n<meta name=\"twitter:label1\" content=\"Precio\" \/>\n\t<meta name=\"twitter:data1\" content=\"&euro;490.00 exc. IVA\" \/>\n\t<meta name=\"twitter:label2\" content=\"Disponibilidad\" \/>\n\t<meta name=\"twitter:data2\" content=\"Disponible\" \/>\n<script type=\"application\/ld+json\" class=\"yoast-schema-graph\">{\"@context\":\"https:\/\/schema.org\",\"@graph\":[{\"@type\":\"WebPage\",\"@id\":\"https:\/\/www.geostru.eu\/es\/shop\/software-es\/estructuras\/estructuras-subterraneas-scatolari\/\",\"url\":\"https:\/\/www.geostru.eu\/es\/shop\/software-es\/estructuras\/estructuras-subterraneas-scatolari\/\",\"name\":\"Estructuras subterr\u00e1neas \u2013 Scatolari - GeoStru\",\"isPartOf\":{\"@id\":\"https:\/\/www.geostru.eu\/es\/#website\"},\"primaryImageOfPage\":{\"@id\":\"https:\/\/www.geostru.eu\/es\/shop\/software-es\/estructuras\/estructuras-subterraneas-scatolari\/#primaryimage\"},\"image\":{\"@id\":\"https:\/\/www.geostru.eu\/es\/shop\/software-es\/estructuras\/estructuras-subterraneas-scatolari\/#primaryimage\"},\"thumbnailUrl\":\"https:\/\/www.geostru.eu\/wp-content\/uploads\/2014\/06\/SCATOLARI_1_800.png\",\"datePublished\":\"2017-06-16T13:14:16+00:00\",\"dateModified\":\"2025-02-20T11:12:46+00:00\",\"description\":\"La aplicaci\u00f3n Scatolari est\u00e1 hecha para modelado estructural, c\u00e1lculo y dise\u00f1o de las armaduras de estructuras caj\u00f3n enterradas en hormig\u00f3n armado para la construcci\u00f3n de pasos subterr\u00e1neos de carreteras, ferrocarriles o hidr\u00e1ulicos, y tanques.\",\"breadcrumb\":{\"@id\":\"https:\/\/www.geostru.eu\/es\/shop\/software-es\/estructuras\/estructuras-subterraneas-scatolari\/#breadcrumb\"},\"inLanguage\":\"es\",\"potentialAction\":[{\"@type\":\"ReadAction\",\"target\":[\"https:\/\/www.geostru.eu\/es\/shop\/software-es\/estructuras\/estructuras-subterraneas-scatolari\/\"]}]},{\"@type\":\"ImageObject\",\"inLanguage\":\"es\",\"@id\":\"https:\/\/www.geostru.eu\/es\/shop\/software-es\/estructuras\/estructuras-subterraneas-scatolari\/#primaryimage\",\"url\":\"https:\/\/www.geostru.eu\/wp-content\/uploads\/2014\/06\/SCATOLARI_1_800.png\",\"contentUrl\":\"https:\/\/www.geostru.eu\/wp-content\/uploads\/2014\/06\/SCATOLARI_1_800.png\",\"width\":800,\"height\":433},{\"@type\":\"BreadcrumbList\",\"@id\":\"https:\/\/www.geostru.eu\/es\/shop\/software-es\/estructuras\/estructuras-subterraneas-scatolari\/#breadcrumb\",\"itemListElement\":[{\"@type\":\"ListItem\",\"position\":1,\"name\":\"Home\",\"item\":\"https:\/\/www.geostru.eu\/es\/\"},{\"@type\":\"ListItem\",\"position\":2,\"name\":\"Shop\",\"item\":\"https:\/\/www.geostru.eu\/shop\/?lang=es\"},{\"@type\":\"ListItem\",\"position\":3,\"name\":\"Estructuras subterr\u00e1neas \u2013 Scatolari\"}]},{\"@type\":\"WebSite\",\"@id\":\"https:\/\/www.geostru.eu\/es\/#website\",\"url\":\"https:\/\/www.geostru.eu\/es\/\",\"name\":\"GeoStru\",\"description\":\"Professionals at your service\",\"publisher\":{\"@id\":\"https:\/\/www.geostru.eu\/es\/#organization\"},\"potentialAction\":[{\"@type\":\"SearchAction\",\"target\":{\"@type\":\"EntryPoint\",\"urlTemplate\":\"https:\/\/www.geostru.eu\/es\/?s={search_term_string}\"},\"query-input\":{\"@type\":\"PropertyValueSpecification\",\"valueRequired\":true,\"valueName\":\"search_term_string\"}}],\"inLanguage\":\"es\"},{\"@type\":\"Organization\",\"@id\":\"https:\/\/www.geostru.eu\/es\/#organization\",\"name\":\"GeoStru\",\"url\":\"https:\/\/www.geostru.eu\/es\/\",\"logo\":{\"@type\":\"ImageObject\",\"inLanguage\":\"es\",\"@id\":\"https:\/\/www.geostru.eu\/es\/#\/schema\/logo\/image\/\",\"url\":\"https:\/\/www.geostru.eu\/wp-content\/uploads\/2023\/02\/LOGO_GEOSTRU_educational_banner.png\",\"contentUrl\":\"https:\/\/www.geostru.eu\/wp-content\/uploads\/2023\/02\/LOGO_GEOSTRU_educational_banner.png\",\"width\":363,\"height\":115,\"caption\":\"GeoStru\"},\"image\":{\"@id\":\"https:\/\/www.geostru.eu\/es\/#\/schema\/logo\/image\/\"},\"sameAs\":[\"https:\/\/www.facebook.com\/GeoStruSoftware\/\",\"https:\/\/x.com\/geostru\",\"https:\/\/www.linkedin.com\/company\/2462488\/admin\/\",\"https:\/\/www.instagram.com\/geostru\/\"]}]}<\/script>\n<meta property=\"product:brand\" content=\"Estructuras\" \/>\n<meta property=\"product:price:amount\" content=\"490.00\" \/>\n<meta property=\"product:price:currency\" content=\"EUR\" \/>\n<meta property=\"og:availability\" content=\"instock\" \/>\n<meta property=\"product:availability\" content=\"instock\" \/>\n<meta property=\"product:retailer_item_id\" content=\"12\" \/>\n<meta property=\"product:condition\" content=\"new\" \/>\n<!-- \/ Yoast SEO Premium plugin. -->","yoast_head_json":{"title":"Estructuras subterr\u00e1neas \u2013 Scatolari - GeoStru","description":"La aplicaci\u00f3n Scatolari est\u00e1 hecha para modelado estructural, c\u00e1lculo y dise\u00f1o de las armaduras de estructuras caj\u00f3n enterradas en hormig\u00f3n armado para la construcci\u00f3n de pasos subterr\u00e1neos de carreteras, ferrocarriles o hidr\u00e1ulicos, y tanques.","robots":{"index":"index","follow":"follow","max-snippet":"max-snippet:-1","max-image-preview":"max-image-preview:large","max-video-preview":"max-video-preview:-1"},"canonical":"https:\/\/www.geostru.eu\/es\/shop\/software-es\/estructuras\/estructuras-subterraneas-scatolari\/","og_locale":"es_ES","og_type":"article","og_title":"Estructuras subterr\u00e1neas \u2013 Scatolari","og_description":"La aplicaci\u00f3n Scatolari est\u00e1 hecha para modelado estructural, c\u00e1lculo y dise\u00f1o de las armaduras de estructuras caj\u00f3n enterradas en hormig\u00f3n armado para la construcci\u00f3n de pasos subterr\u00e1neos de carreteras, ferrocarriles o hidr\u00e1ulicos, y tanques.","og_url":"https:\/\/www.geostru.eu\/es\/shop\/software-es\/estructuras\/estructuras-subterraneas-scatolari\/","og_site_name":"GeoStru","article_publisher":"https:\/\/www.facebook.com\/GeoStruSoftware\/","article_modified_time":"2025-02-20T11:12:46+00:00","og_image":[{"width":800,"height":433,"url":"https:\/\/www.geostru.eu\/wp-content\/uploads\/2014\/06\/SCATOLARI_1_800.png","type":"image\/png"}],"twitter_card":"summary_large_image","twitter_site":"@geostru","twitter_misc":{"Precio":"&euro;490.00 exc. IVA","Disponibilidad":"Disponible"},"schema":{"@context":"https:\/\/schema.org","@graph":[{"@type":"WebPage","@id":"https:\/\/www.geostru.eu\/es\/shop\/software-es\/estructuras\/estructuras-subterraneas-scatolari\/","url":"https:\/\/www.geostru.eu\/es\/shop\/software-es\/estructuras\/estructuras-subterraneas-scatolari\/","name":"Estructuras subterr\u00e1neas \u2013 Scatolari - GeoStru","isPartOf":{"@id":"https:\/\/www.geostru.eu\/es\/#website"},"primaryImageOfPage":{"@id":"https:\/\/www.geostru.eu\/es\/shop\/software-es\/estructuras\/estructuras-subterraneas-scatolari\/#primaryimage"},"image":{"@id":"https:\/\/www.geostru.eu\/es\/shop\/software-es\/estructuras\/estructuras-subterraneas-scatolari\/#primaryimage"},"thumbnailUrl":"https:\/\/www.geostru.eu\/wp-content\/uploads\/2014\/06\/SCATOLARI_1_800.png","datePublished":"2017-06-16T13:14:16+00:00","dateModified":"2025-02-20T11:12:46+00:00","description":"La aplicaci\u00f3n Scatolari est\u00e1 hecha para modelado estructural, c\u00e1lculo y dise\u00f1o de las armaduras de estructuras caj\u00f3n enterradas en hormig\u00f3n armado para la construcci\u00f3n de pasos subterr\u00e1neos de carreteras, ferrocarriles o hidr\u00e1ulicos, y tanques.","breadcrumb":{"@id":"https:\/\/www.geostru.eu\/es\/shop\/software-es\/estructuras\/estructuras-subterraneas-scatolari\/#breadcrumb"},"inLanguage":"es","potentialAction":[{"@type":"ReadAction","target":["https:\/\/www.geostru.eu\/es\/shop\/software-es\/estructuras\/estructuras-subterraneas-scatolari\/"]}]},{"@type":"ImageObject","inLanguage":"es","@id":"https:\/\/www.geostru.eu\/es\/shop\/software-es\/estructuras\/estructuras-subterraneas-scatolari\/#primaryimage","url":"https:\/\/www.geostru.eu\/wp-content\/uploads\/2014\/06\/SCATOLARI_1_800.png","contentUrl":"https:\/\/www.geostru.eu\/wp-content\/uploads\/2014\/06\/SCATOLARI_1_800.png","width":800,"height":433},{"@type":"BreadcrumbList","@id":"https:\/\/www.geostru.eu\/es\/shop\/software-es\/estructuras\/estructuras-subterraneas-scatolari\/#breadcrumb","itemListElement":[{"@type":"ListItem","position":1,"name":"Home","item":"https:\/\/www.geostru.eu\/es\/"},{"@type":"ListItem","position":2,"name":"Shop","item":"https:\/\/www.geostru.eu\/shop\/?lang=es"},{"@type":"ListItem","position":3,"name":"Estructuras subterr\u00e1neas \u2013 Scatolari"}]},{"@type":"WebSite","@id":"https:\/\/www.geostru.eu\/es\/#website","url":"https:\/\/www.geostru.eu\/es\/","name":"GeoStru","description":"Professionals at your service","publisher":{"@id":"https:\/\/www.geostru.eu\/es\/#organization"},"potentialAction":[{"@type":"SearchAction","target":{"@type":"EntryPoint","urlTemplate":"https:\/\/www.geostru.eu\/es\/?s={search_term_string}"},"query-input":{"@type":"PropertyValueSpecification","valueRequired":true,"valueName":"search_term_string"}}],"inLanguage":"es"},{"@type":"Organization","@id":"https:\/\/www.geostru.eu\/es\/#organization","name":"GeoStru","url":"https:\/\/www.geostru.eu\/es\/","logo":{"@type":"ImageObject","inLanguage":"es","@id":"https:\/\/www.geostru.eu\/es\/#\/schema\/logo\/image\/","url":"https:\/\/www.geostru.eu\/wp-content\/uploads\/2023\/02\/LOGO_GEOSTRU_educational_banner.png","contentUrl":"https:\/\/www.geostru.eu\/wp-content\/uploads\/2023\/02\/LOGO_GEOSTRU_educational_banner.png","width":363,"height":115,"caption":"GeoStru"},"image":{"@id":"https:\/\/www.geostru.eu\/es\/#\/schema\/logo\/image\/"},"sameAs":["https:\/\/www.facebook.com\/GeoStruSoftware\/","https:\/\/x.com\/geostru","https:\/\/www.linkedin.com\/company\/2462488\/admin\/","https:\/\/www.instagram.com\/geostru\/"]}]},"product_brand":"Estructuras","product_price_amount":"490.00","product_price_currency":"EUR","og_availability":"instock","product_availability":"instock","product_retailer_item_id":"12","product_condition":"new"},"_links":{"self":[{"href":"https:\/\/www.geostru.eu\/es\/wp-json\/wp\/v2\/product\/147519"}],"collection":[{"href":"https:\/\/www.geostru.eu\/es\/wp-json\/wp\/v2\/product"}],"about":[{"href":"https:\/\/www.geostru.eu\/es\/wp-json\/wp\/v2\/types\/product"}],"replies":[{"embeddable":true,"href":"https:\/\/www.geostru.eu\/es\/wp-json\/wp\/v2\/comments?post=147519"}],"wp:featuredmedia":[{"embeddable":true,"href":"https:\/\/www.geostru.eu\/es\/wp-json\/wp\/v2\/media\/147520"}],"wp:attachment":[{"href":"https:\/\/www.geostru.eu\/es\/wp-json\/wp\/v2\/media?parent=147519"}],"wp:term":[{"taxonomy":"product_cat","embeddable":true,"href":"https:\/\/www.geostru.eu\/es\/wp-json\/wp\/v2\/product_cat?post=147519"},{"taxonomy":"product_tag","embeddable":true,"href":"https:\/\/www.geostru.eu\/es\/wp-json\/wp\/v2\/product_tag?post=147519"}],"curies":[{"name":"wp","href":"https:\/\/api.w.org\/{rel}","templated":true}]}}