{"id":147470,"date":"2024-02-15T17:23:16","date_gmt":"2024-02-15T16:23:16","guid":{"rendered":"https:\/\/www.geostru.eu\/shop\/sin%20categor\u00eda\/geodropbox\/"},"modified":"2024-02-28T17:30:50","modified_gmt":"2024-02-28T16:30:50","slug":"geodropbox","status":"publish","type":"product","link":"https:\/\/www.geostru.eu\/es\/shop\/affiliate-es\/geodropbox\/","title":{"rendered":"Geodropbox"},"content":{"rendered":"<p translate=\"\"><a href=\"https:\/\/geodropbox.com\/home\" target=\"_blank\" rel=\"noopener\">Geodropbox<\/a> Plataforma cloud para la administraci\u00f3n y Almacenamiento de documentos que permite unir la informaci\u00f3n geogr\u00e1fica a cualquier tipo de documento en formato electr\u00f3nico. Adem\u00e1s, en Geodropbox ser\u00e1 posible dibujar columnas estratigr\u00e1ficas, gestionar pruebas de penetraci\u00f3n est\u00e1ticas y din\u00e1micas, pruebas geof\u00edsicas, pozos, an\u00e1lisis de laboratorio y pruebas. Ver y gestionar archivos BIM IFC.<\/p>\n<table style=\"border-collapse: collapse; width: 100%;\">\n<tbody>\n<tr>\n<td style=\"width: 25%;\"><img loading=\"lazy\" decoding=\"async\" class=\"bd-placeholder-img rounded-circle\" role=\"img\" src=\"https:\/\/geodropbox.com\/assets\/images\/homeImages\/icons8-mappa-con-segnaposto-100.png\" width=\"140\" height=\"140\" \/><\/td>\n<td style=\"width: 25%;\"><img loading=\"lazy\" decoding=\"async\" class=\"bd-placeholder-img rounded-circle\" role=\"img\" src=\"https:\/\/geodropbox.com\/assets\/images\/homeImages\/icons8-carica-su-cloud-100.png\" width=\"140\" height=\"140\" \/><\/td>\n<td style=\"width: 25%;\"><img loading=\"lazy\" decoding=\"async\" class=\"bd-placeholder-img\" role=\"img\" src=\"https:\/\/geodropbox.com\/assets\/images\/homeImages\/icons8-ricercaiet.png\" width=\"140\" height=\"140\" \/><\/td>\n<td style=\"width: 25%;\"><img loading=\"lazy\" decoding=\"async\" class=\"bd-placeholder-img rounded-circle\" role=\"img\" src=\"https:\/\/geodropbox.com\/assets\/images\/homeImages\/icons8-condividi-100.png\" width=\"140\" height=\"140\" \/><\/td>\n<\/tr>\n<tr>\n<td style=\"width: 25%;\">\n<h2 translate=\"\">Localizaci\u00f3n<\/h2>\n<p translate=\"\">Localiza la zona de trabajo mediante mapa satelital, incluso con dispositivos m\u00f3viles.<\/p>\n<\/td>\n<td style=\"width: 25%;\">\n<h2 translate=\"\">Cargar<\/h2>\n<p translate=\"\">Carga elaboraciones o cualquier otro archivo en formato electr\u00f3nico (doc, pdf, dxf, dwg, png, jpg, etc.)<\/p>\n<\/td>\n<td style=\"width: 25%;\">\n<h2 translate=\"\">Organizaci\u00f3n<\/h2>\n<p translate=\"\">Busca y muestra cualquier tipo de informaci\u00f3n en tus archivos organizados din\u00e1micamente<\/p>\n<\/td>\n<td style=\"width: 25%;\">\n<h2 translate=\"\">Compartir<\/h2>\n<p translate=\"\">Comparte archivos y carpetas para optimizar el trabajo entre colegas<\/p>\n<\/td>\n<\/tr>\n<\/tbody>\n<\/table>\n<div><\/div>\n<div>\n<h2 class=\"featurette-heading\" translate=\"\">\u00bfDe qu\u00e9 se trata?<\/h2>\n<p class=\"lead\" translate=\"\">Geodropbox extiende las posibilidades de la nube (ondrive, google drive, dropbox etc.) con el GIS y el almacenamiento din\u00e1mico de documentos.<\/p>\n<\/div>\n<h2 class=\"featurette-heading\" translate=\"\">Un ejemplo para aclarar\u00a0<span class=\"text-muted\" translate=\"\">de qu\u00e9 se trata.<\/span><\/h2>\n<p class=\"lead\" translate=\"\">Imagina que has almacenado en geodropbox cientos de trabajos. Podr\u00e1s: verlos en mapa geogr\u00e1fico, buscarlos gr\u00e1ficamente, acceder con un simple clic a la informaci\u00f3n de un trabajo, efectuar b\u00fasquedas de un documento o de un informe, compartir un documento con tus colegas o descargar desde dispositivos m\u00f3viles.<\/p>\n<h4 class=\"featurette-heading\" translate=\"\">El servicio no implica ning\u00fan costo de activaci\u00f3n<\/h4>\n<div><\/div>\n<div><\/div>\n","protected":false},"excerpt":{"rendered":"<p style=\"text-align: justify;\"><a href=\"https:\/\/geodropbox.com\/home\" target=\"_blank\" rel=\"noopener\">Geodropbox<\/a> Plataforma cloud para la administraci\u00f3n y Almacenamiento de documentos que permite unir la informaci\u00f3n geogr\u00e1fica a cualquier tipo de documento en formato electr\u00f3nico. Adem\u00e1s, en Geodropbox ser\u00e1 posible dibujar columnas estratigr\u00e1ficas, gestionar pruebas de penetraci\u00f3n est\u00e1ticas y din\u00e1micas, pruebas geof\u00edsicas, pozos, an\u00e1lisis de laboratorio y pruebas. Ver y gestionar archivos BIM IFC.<\/p>\n<p style=\"text-align: justify;\">\n<p style=\"text-align: justify;\"><strong>Privacidad y Seguridad de Datos:<br \/>\n<\/strong>Estamos comprometidos a garantizar la m\u00e1xima protecci\u00f3n de la privacidad y seguridad de los datos de los usuarios. En cumplimiento con las normativas internacionales de protecci\u00f3n de datos, como el Reglamento General de Protecci\u00f3n de Datos (GDPR) de la Uni\u00f3n Europea y otras leyes nacionales y sectoriales aplicables, implementamos medidas rigurosas para la gesti\u00f3n de datos almacenados en la nube. Nos adherimos a est\u00e1ndares de seguridad como ISO\/IEC 27001 y seguimos las directrices del Marco de Ciberseguridad de NIST para asegurar el m\u00e1s alto nivel de seguridad de la informaci\u00f3n. Nuestra pol\u00edtica incluye la encriptaci\u00f3n de datos, restricciones de acceso y pr\u00e1cticas de notificaci\u00f3n de violaciones, todo con el objetivo de salvaguardar la confidencialidad de sus datos. Para obtener m\u00e1s detalles sobre nuestra pol\u00edtica de privacidad y las medidas de seguridad adoptadas, le invitamos a consultar nuestra Pol\u00edtica de Privacidad.<\/p>\n","protected":false},"featured_media":147467,"comment_status":"closed","ping_status":"closed","template":"","meta":[],"product_cat":[13438],"product_tag":[13439],"class_list":{"0":"post-147470","1":"product","2":"type-product","3":"status-publish","4":"has-post-thumbnail","6":"product_cat-affiliate-es","7":"product_tag-geodropbox-es","8":"description-off","10":"first","11":"instock","12":"taxable","13":"shipping-taxable","14":"product-type-external"},"yoast_head":"<!-- This site is optimized with the Yoast SEO Premium plugin v25.0 (Yoast SEO v25.0) - https:\/\/yoast.com\/wordpress\/plugins\/seo\/ -->\n<title>Geodropbox - GeoStru<\/title>\n<meta name=\"description\" content=\"Geodropbox Plataforma cloud para la administraci\u00f3n y Almacenamiento de documentos que permite unir la informaci\u00f3n geogr\u00e1fica a cualquier tipo de documento en formato electr\u00f3nico. Adem\u00e1s, en Geodropbox ser\u00e1 posible dibujar columnas estratigr\u00e1ficas, gestionar pruebas de penetraci\u00f3n est\u00e1ticas y din\u00e1micas, pruebas geof\u00edsicas, pozos, an\u00e1lisis de laboratorio y pruebas. Ver y gestionar archivos BIM IFC.\" \/>\n<meta name=\"robots\" content=\"index, follow, max-snippet:-1, max-image-preview:large, max-video-preview:-1\" \/>\n<link rel=\"canonical\" href=\"https:\/\/www.geostru.eu\/es\/shop\/affiliate-es\/geodropbox\/\" \/>\n<meta property=\"og:locale\" content=\"es_ES\" \/>\n<meta property=\"og:type\" content=\"article\" \/>\n<meta property=\"og:title\" content=\"Geodropbox\" \/>\n<meta property=\"og:description\" content=\"Geodropbox Plataforma cloud para la administraci\u00f3n y Almacenamiento de documentos que permite unir la informaci\u00f3n geogr\u00e1fica a cualquier tipo de documento en formato electr\u00f3nico. Adem\u00e1s, en Geodropbox ser\u00e1 posible dibujar columnas estratigr\u00e1ficas, gestionar pruebas de penetraci\u00f3n est\u00e1ticas y din\u00e1micas, pruebas geof\u00edsicas, pozos, an\u00e1lisis de laboratorio y pruebas. Ver y gestionar archivos BIM IFC.\" \/>\n<meta property=\"og:url\" content=\"https:\/\/www.geostru.eu\/es\/shop\/affiliate-es\/geodropbox\/\" \/>\n<meta property=\"og:site_name\" content=\"GeoStru\" \/>\n<meta property=\"article:publisher\" content=\"https:\/\/www.facebook.com\/GeoStruSoftware\/\" \/>\n<meta property=\"article:modified_time\" content=\"2024-02-28T16:30:50+00:00\" \/>\n<meta property=\"og:image\" content=\"https:\/\/www.geostru.eu\/wp-content\/uploads\/2024\/02\/geodropbox-home.png\" \/>\n\t<meta property=\"og:image:width\" content=\"1912\" \/>\n\t<meta property=\"og:image:height\" content=\"979\" \/>\n\t<meta property=\"og:image:type\" content=\"image\/png\" \/>\n<meta name=\"twitter:card\" content=\"summary_large_image\" \/>\n<meta name=\"twitter:site\" content=\"@geostru\" \/>\n<meta name=\"twitter:label1\" content=\"Precio\" \/>\n\t<meta name=\"twitter:data1\" content=\"\" \/>\n\t<meta name=\"twitter:label2\" content=\"Disponibilidad\" \/>\n\t<meta name=\"twitter:data2\" content=\"Disponible\" \/>\n<script type=\"application\/ld+json\" class=\"yoast-schema-graph\">{\"@context\":\"https:\/\/schema.org\",\"@graph\":[{\"@type\":\"WebPage\",\"@id\":\"https:\/\/www.geostru.eu\/es\/shop\/affiliate-es\/geodropbox\/\",\"url\":\"https:\/\/www.geostru.eu\/es\/shop\/affiliate-es\/geodropbox\/\",\"name\":\"Geodropbox - GeoStru\",\"isPartOf\":{\"@id\":\"https:\/\/www.geostru.eu\/es\/#website\"},\"primaryImageOfPage\":{\"@id\":\"https:\/\/www.geostru.eu\/es\/shop\/affiliate-es\/geodropbox\/#primaryimage\"},\"image\":{\"@id\":\"https:\/\/www.geostru.eu\/es\/shop\/affiliate-es\/geodropbox\/#primaryimage\"},\"thumbnailUrl\":\"https:\/\/www.geostru.eu\/wp-content\/uploads\/2024\/02\/geodropbox-home.png\",\"datePublished\":\"2024-02-15T16:23:16+00:00\",\"dateModified\":\"2024-02-28T16:30:50+00:00\",\"description\":\"Geodropbox Plataforma cloud para la administraci\u00f3n y Almacenamiento de documentos que permite unir la informaci\u00f3n geogr\u00e1fica a cualquier tipo de documento en formato electr\u00f3nico. Adem\u00e1s, en Geodropbox ser\u00e1 posible dibujar columnas estratigr\u00e1ficas, gestionar pruebas de penetraci\u00f3n est\u00e1ticas y din\u00e1micas, pruebas geof\u00edsicas, pozos, an\u00e1lisis de laboratorio y pruebas. Ver y gestionar archivos BIM IFC.\",\"breadcrumb\":{\"@id\":\"https:\/\/www.geostru.eu\/es\/shop\/affiliate-es\/geodropbox\/#breadcrumb\"},\"inLanguage\":\"es\",\"potentialAction\":[{\"@type\":\"ReadAction\",\"target\":[\"https:\/\/www.geostru.eu\/es\/shop\/affiliate-es\/geodropbox\/\"]}]},{\"@type\":\"ImageObject\",\"inLanguage\":\"es\",\"@id\":\"https:\/\/www.geostru.eu\/es\/shop\/affiliate-es\/geodropbox\/#primaryimage\",\"url\":\"https:\/\/www.geostru.eu\/wp-content\/uploads\/2024\/02\/geodropbox-home.png\",\"contentUrl\":\"https:\/\/www.geostru.eu\/wp-content\/uploads\/2024\/02\/geodropbox-home.png\",\"width\":1912,\"height\":979},{\"@type\":\"BreadcrumbList\",\"@id\":\"https:\/\/www.geostru.eu\/es\/shop\/affiliate-es\/geodropbox\/#breadcrumb\",\"itemListElement\":[{\"@type\":\"ListItem\",\"position\":1,\"name\":\"Home\",\"item\":\"https:\/\/www.geostru.eu\/es\/\"},{\"@type\":\"ListItem\",\"position\":2,\"name\":\"Shop\",\"item\":\"https:\/\/www.geostru.eu\/shop\/?lang=es\"},{\"@type\":\"ListItem\",\"position\":3,\"name\":\"Geodropbox\"}]},{\"@type\":\"WebSite\",\"@id\":\"https:\/\/www.geostru.eu\/es\/#website\",\"url\":\"https:\/\/www.geostru.eu\/es\/\",\"name\":\"GeoStru\",\"description\":\"Professionals at your service\",\"publisher\":{\"@id\":\"https:\/\/www.geostru.eu\/es\/#organization\"},\"potentialAction\":[{\"@type\":\"SearchAction\",\"target\":{\"@type\":\"EntryPoint\",\"urlTemplate\":\"https:\/\/www.geostru.eu\/es\/?s={search_term_string}\"},\"query-input\":{\"@type\":\"PropertyValueSpecification\",\"valueRequired\":true,\"valueName\":\"search_term_string\"}}],\"inLanguage\":\"es\"},{\"@type\":\"Organization\",\"@id\":\"https:\/\/www.geostru.eu\/es\/#organization\",\"name\":\"GeoStru\",\"url\":\"https:\/\/www.geostru.eu\/es\/\",\"logo\":{\"@type\":\"ImageObject\",\"inLanguage\":\"es\",\"@id\":\"https:\/\/www.geostru.eu\/es\/#\/schema\/logo\/image\/\",\"url\":\"https:\/\/www.geostru.eu\/wp-content\/uploads\/2023\/02\/LOGO_GEOSTRU_educational_banner.png\",\"contentUrl\":\"https:\/\/www.geostru.eu\/wp-content\/uploads\/2023\/02\/LOGO_GEOSTRU_educational_banner.png\",\"width\":363,\"height\":115,\"caption\":\"GeoStru\"},\"image\":{\"@id\":\"https:\/\/www.geostru.eu\/es\/#\/schema\/logo\/image\/\"},\"sameAs\":[\"https:\/\/www.facebook.com\/GeoStruSoftware\/\",\"https:\/\/x.com\/geostru\",\"https:\/\/www.linkedin.com\/company\/2462488\/admin\/\",\"https:\/\/www.instagram.com\/geostru\/\"]}]}<\/script>\n<meta property=\"product:brand\" content=\"Affiliate\" \/>\n<meta property=\"product:price:amount\" content=\"0.00\" \/>\n<meta property=\"product:price:currency\" content=\"EUR\" \/>\n<meta property=\"og:availability\" content=\"instock\" \/>\n<meta property=\"product:availability\" content=\"instock\" \/>\n<meta property=\"product:condition\" content=\"new\" \/>\n<!-- \/ Yoast SEO Premium plugin. -->","yoast_head_json":{"title":"Geodropbox - GeoStru","description":"Geodropbox Plataforma cloud para la administraci\u00f3n y Almacenamiento de documentos que permite unir la informaci\u00f3n geogr\u00e1fica a cualquier tipo de documento en formato electr\u00f3nico. Adem\u00e1s, en Geodropbox ser\u00e1 posible dibujar columnas estratigr\u00e1ficas, gestionar pruebas de penetraci\u00f3n est\u00e1ticas y din\u00e1micas, pruebas geof\u00edsicas, pozos, an\u00e1lisis de laboratorio y pruebas. Ver y gestionar archivos BIM IFC.","robots":{"index":"index","follow":"follow","max-snippet":"max-snippet:-1","max-image-preview":"max-image-preview:large","max-video-preview":"max-video-preview:-1"},"canonical":"https:\/\/www.geostru.eu\/es\/shop\/affiliate-es\/geodropbox\/","og_locale":"es_ES","og_type":"article","og_title":"Geodropbox","og_description":"Geodropbox Plataforma cloud para la administraci\u00f3n y Almacenamiento de documentos que permite unir la informaci\u00f3n geogr\u00e1fica a cualquier tipo de documento en formato electr\u00f3nico. Adem\u00e1s, en Geodropbox ser\u00e1 posible dibujar columnas estratigr\u00e1ficas, gestionar pruebas de penetraci\u00f3n est\u00e1ticas y din\u00e1micas, pruebas geof\u00edsicas, pozos, an\u00e1lisis de laboratorio y pruebas. Ver y gestionar archivos BIM IFC.","og_url":"https:\/\/www.geostru.eu\/es\/shop\/affiliate-es\/geodropbox\/","og_site_name":"GeoStru","article_publisher":"https:\/\/www.facebook.com\/GeoStruSoftware\/","article_modified_time":"2024-02-28T16:30:50+00:00","og_image":[{"width":1912,"height":979,"url":"https:\/\/www.geostru.eu\/wp-content\/uploads\/2024\/02\/geodropbox-home.png","type":"image\/png"}],"twitter_card":"summary_large_image","twitter_site":"@geostru","twitter_misc":{"Precio":"","Disponibilidad":"Disponible"},"schema":{"@context":"https:\/\/schema.org","@graph":[{"@type":"WebPage","@id":"https:\/\/www.geostru.eu\/es\/shop\/affiliate-es\/geodropbox\/","url":"https:\/\/www.geostru.eu\/es\/shop\/affiliate-es\/geodropbox\/","name":"Geodropbox - GeoStru","isPartOf":{"@id":"https:\/\/www.geostru.eu\/es\/#website"},"primaryImageOfPage":{"@id":"https:\/\/www.geostru.eu\/es\/shop\/affiliate-es\/geodropbox\/#primaryimage"},"image":{"@id":"https:\/\/www.geostru.eu\/es\/shop\/affiliate-es\/geodropbox\/#primaryimage"},"thumbnailUrl":"https:\/\/www.geostru.eu\/wp-content\/uploads\/2024\/02\/geodropbox-home.png","datePublished":"2024-02-15T16:23:16+00:00","dateModified":"2024-02-28T16:30:50+00:00","description":"Geodropbox Plataforma cloud para la administraci\u00f3n y Almacenamiento de documentos que permite unir la informaci\u00f3n geogr\u00e1fica a cualquier tipo de documento en formato electr\u00f3nico. Adem\u00e1s, en Geodropbox ser\u00e1 posible dibujar columnas estratigr\u00e1ficas, gestionar pruebas de penetraci\u00f3n est\u00e1ticas y din\u00e1micas, pruebas geof\u00edsicas, pozos, an\u00e1lisis de laboratorio y pruebas. Ver y gestionar archivos BIM IFC.","breadcrumb":{"@id":"https:\/\/www.geostru.eu\/es\/shop\/affiliate-es\/geodropbox\/#breadcrumb"},"inLanguage":"es","potentialAction":[{"@type":"ReadAction","target":["https:\/\/www.geostru.eu\/es\/shop\/affiliate-es\/geodropbox\/"]}]},{"@type":"ImageObject","inLanguage":"es","@id":"https:\/\/www.geostru.eu\/es\/shop\/affiliate-es\/geodropbox\/#primaryimage","url":"https:\/\/www.geostru.eu\/wp-content\/uploads\/2024\/02\/geodropbox-home.png","contentUrl":"https:\/\/www.geostru.eu\/wp-content\/uploads\/2024\/02\/geodropbox-home.png","width":1912,"height":979},{"@type":"BreadcrumbList","@id":"https:\/\/www.geostru.eu\/es\/shop\/affiliate-es\/geodropbox\/#breadcrumb","itemListElement":[{"@type":"ListItem","position":1,"name":"Home","item":"https:\/\/www.geostru.eu\/es\/"},{"@type":"ListItem","position":2,"name":"Shop","item":"https:\/\/www.geostru.eu\/shop\/?lang=es"},{"@type":"ListItem","position":3,"name":"Geodropbox"}]},{"@type":"WebSite","@id":"https:\/\/www.geostru.eu\/es\/#website","url":"https:\/\/www.geostru.eu\/es\/","name":"GeoStru","description":"Professionals at your service","publisher":{"@id":"https:\/\/www.geostru.eu\/es\/#organization"},"potentialAction":[{"@type":"SearchAction","target":{"@type":"EntryPoint","urlTemplate":"https:\/\/www.geostru.eu\/es\/?s={search_term_string}"},"query-input":{"@type":"PropertyValueSpecification","valueRequired":true,"valueName":"search_term_string"}}],"inLanguage":"es"},{"@type":"Organization","@id":"https:\/\/www.geostru.eu\/es\/#organization","name":"GeoStru","url":"https:\/\/www.geostru.eu\/es\/","logo":{"@type":"ImageObject","inLanguage":"es","@id":"https:\/\/www.geostru.eu\/es\/#\/schema\/logo\/image\/","url":"https:\/\/www.geostru.eu\/wp-content\/uploads\/2023\/02\/LOGO_GEOSTRU_educational_banner.png","contentUrl":"https:\/\/www.geostru.eu\/wp-content\/uploads\/2023\/02\/LOGO_GEOSTRU_educational_banner.png","width":363,"height":115,"caption":"GeoStru"},"image":{"@id":"https:\/\/www.geostru.eu\/es\/#\/schema\/logo\/image\/"},"sameAs":["https:\/\/www.facebook.com\/GeoStruSoftware\/","https:\/\/x.com\/geostru","https:\/\/www.linkedin.com\/company\/2462488\/admin\/","https:\/\/www.instagram.com\/geostru\/"]}]},"product_brand":"Affiliate","product_price_amount":"0.00","product_price_currency":"EUR","og_availability":"instock","product_availability":"instock","product_condition":"new"},"_links":{"self":[{"href":"https:\/\/www.geostru.eu\/es\/wp-json\/wp\/v2\/product\/147470"}],"collection":[{"href":"https:\/\/www.geostru.eu\/es\/wp-json\/wp\/v2\/product"}],"about":[{"href":"https:\/\/www.geostru.eu\/es\/wp-json\/wp\/v2\/types\/product"}],"replies":[{"embeddable":true,"href":"https:\/\/www.geostru.eu\/es\/wp-json\/wp\/v2\/comments?post=147470"}],"wp:featuredmedia":[{"embeddable":true,"href":"https:\/\/www.geostru.eu\/es\/wp-json\/wp\/v2\/media\/147467"}],"wp:attachment":[{"href":"https:\/\/www.geostru.eu\/es\/wp-json\/wp\/v2\/media?parent=147470"}],"wp:term":[{"taxonomy":"product_cat","embeddable":true,"href":"https:\/\/www.geostru.eu\/es\/wp-json\/wp\/v2\/product_cat?post=147470"},{"taxonomy":"product_tag","embeddable":true,"href":"https:\/\/www.geostru.eu\/es\/wp-json\/wp\/v2\/product_tag?post=147470"}],"curies":[{"name":"wp","href":"https:\/\/api.w.org\/{rel}","templated":true}]}}