{"id":13985,"date":"2015-06-03T09:16:38","date_gmt":"2015-06-03T07:16:38","guid":{"rendered":"https:\/\/www.geostru.eu\/product\/ghp-design-3d-geotermia-2-2\/"},"modified":"2025-02-21T03:05:05","modified_gmt":"2025-02-21T02:05:05","slug":"diseno-geotermico-ghp-diseno-3d","status":"publish","type":"product","link":"https:\/\/www.geostru.eu\/es\/shop\/software-es\/energia-es\/diseno-geotermico-ghp-diseno-3d\/","title":{"rendered":"Dise\u00f1o de instalaciones geot\u00e9rmicas &#8211; GHP DESIGN 3D"},"content":{"rendered":"<div class=\"wpb-content-wrapper\"><p>[vc_row][vc_column][vc_column_text]<\/p>\n<p style=\"text-align: justify\"><strong>Dise\u00f1o de instalaciones geot\u00e9rmicas &#8211; GHP DESIGN 3D<\/strong> permite definir los datos de dise\u00f1o con entrada gr\u00e1fica directa. Las bases de datos son personalizables por el usuario: de las caracter\u00edsticas de las tuber\u00edas, del terreno, del fluido caloportador, del material de relleno, de la perforaci\u00f3n y de los combustibles. A partir de los resultados obtenidos, GHP DESIGN 3D permite elaborar el c\u00f3mputo m\u00e9trico, el an\u00e1lisis de impacto econ\u00f3mico y medioambiental y la memoria t\u00e9cnica de c\u00e1lculo. Adem\u00e1s de los contenidos geol\u00f3gicos y termot\u00e9cnicos, durante la fase de dise\u00f1o y realizaci\u00f3n tambi\u00e9n se hizo hincapi\u00e9 en la interfaz gr\u00e1fica. Mediante un editor 3D, la interfaz permite al usuario importar modelos de construcci\u00f3n tridimensionales, visualizar las sondas, controlar sus dimensiones y elegir su disposici\u00f3n, as\u00ed como imprimir el dise\u00f1o gr\u00e1fico con diagramas bidimensionales y tridimensionales.<\/p>\n<p style=\"text-align: justify\"><strong>Dise\u00f1o de instalaciones geot\u00e9rmicas &#8211; GHP DESIGN 3D<\/strong> realiza el dimensionamiento de las sondas geot\u00e9rmicas en funci\u00f3n de las necesidades energ\u00e9ticas del edificio, las caracter\u00edsticas del suelo y los intercambiadores de calor.<\/p>\n<p style=\"text-align: justify\"><strong>C\u00c1LCULO<\/strong><\/p>\n<ul style=\"text-align: justify\">\n<li>Dimensionamiento de instalaciones con intercambiadores verticales mediante el m\u00e9todo ASHRAE, que consiste en un procedimiento de c\u00e1lculo que utiliza el m\u00e9todo desarrollado por Ingersoll en 1954 y retomado e implementado por Kavanaugh y Rafferty en 1997.<\/li>\n<li>Dimensionamiento de plantas con intercambiadores horizontales tanto en zanjas como en grandes superficies. La diferencia con las sondas verticales es que se necesitan sondas m\u00e1s largas, ya que el suelo a poca profundidad tiene un gradiente t\u00e9rmico menor, pues el calor del suelo consiste casi totalmente en la radiaci\u00f3n solar de la superficie.<\/li>\n<\/ul>\n<p style=\"text-align: justify\"><strong>REFERENCIAS NORMATIVAS<\/strong><\/p>\n<p style=\"text-align: justify\"><a href=\"http:\/\/www.uni.com\/index.php?option=com_content&amp;view=article&amp;id=152&amp;Itemid=2426\" target=\"_blank\" rel=\"noopener noreferrer\">UNI 10349,\u00a0U<\/a><a href=\"https:\/\/www.geostru.eu\/wp-admin\/edit.php?post_type=product\">Products<\/a><a href=\"http:\/\/www.uni.com\/index.php?option=com_content&amp;view=article&amp;id=152&amp;Itemid=2426\" target=\"_blank\" rel=\"noopener noreferrer\">NI EN 14511,\u00a0UNI EN 12309<\/a><\/p>\n<p style=\"text-align: justify\"><strong>DATOS DE ENTRADA<\/strong><br \/>\nDatos generales, Datos clim\u00e1ticos, Datos del suelo, Datos de la sonda, Datos de los fluidos, Datos de las necesidades energ\u00e9ticas del edificio, Datos de la bomba de calor, Datos de la planta, Datos de la perforaci\u00f3n, Definici\u00f3n de las dimensiones a nivel del suelo, Definici\u00f3n de las dimensiones de la huella, Posicionamiento de la sonda.<\/p>\n<p style=\"text-align: justify\"><strong>ARCHIVOS<\/strong><\/p>\n<ul style=\"text-align: justify\">\n<li>Base de datos de propiedades termof\u00edsicas de suelos, fluidos y materiales de relleno de perforaciones;<\/li>\n<li>Base de datos de combustibles.<\/li>\n<\/ul>\n<p style=\"text-align: justify\"><strong>VISUALIZACIONES GR\u00c1FICAS<\/strong><br \/>\nEstratigraf\u00eda V3D, sondeos 3D, sondeos 2D de secciones verticales y horizontales, modelo de construcci\u00f3n de carga.<\/p>\n<p style=\"text-align: justify\"><strong>SALIDAS<\/strong><br \/>\nMemoria t\u00e9cnica de c\u00e1lculo, Gesti\u00f3n de gr\u00e1ficos, C\u00e1lculo m\u00e9trico, An\u00e1lisis de impacto econ\u00f3mico y medioambiental.<\/p>\n<p style=\"text-align: justify\"><strong>AYUDA<\/strong><br \/>\nAyuda en l\u00ednea detallada.<\/p>\n<p>[\/vc_column_text][\/vc_column][\/vc_row]<\/p>\n<\/div>","protected":false},"excerpt":{"rendered":"<p style=\"text-align: justify\"><strong>Software de c\u00e1lculo geot\u00e9rmico<\/strong> para instalaciones de baja entalp\u00eda conforme a la normativa m\u00e1s reciente.<\/p>\n<p style=\"text-align: justify\">Permite dimensionar tanto las perforaciones geot\u00e9rmicas <strong>verticales<\/strong>, seg\u00fan el m\u00e9todo <a style=\"color: #005177\" href=\"https:\/\/it.wikipedia.org\/wiki\/Geotermia_a_bassa_entalpia\" target=\"_blank\" rel=\"noopener noreferrer\"><strong>ASHRAE<\/strong><\/a> (partiendo de la demanda energ\u00e9tica del edificio a escala mensual y teniendo en cuenta los intercambiadores U simples\/dobles y coaxiales) como las perforaciones geot\u00e9rmicas <strong>horizontales<\/strong> (en funci\u00f3n del clima local, el tipo de terreno, la capacidad t\u00e9rmica y frigor\u00edfica de la instalaci\u00f3n y la evoluci\u00f3n estacional del factor de carga), para garantizar el flujo turbulento del fluido <strong>termovector.<\/strong><\/p>\n<p style=\"text-align: justify\"><strong>GHP Design 3D<\/strong> realiza un trabajo de dise\u00f1o detallado.<\/p>\n","protected":false},"featured_media":21259,"comment_status":"open","ping_status":"closed","template":"","meta":[],"product_cat":[529,188],"product_tag":[293,276],"class_list":{"0":"post-13985","1":"product","2":"type-product","3":"status-publish","4":"has-post-thumbnail","6":"product_cat-software-geologia-es","7":"product_cat-energia-es","8":"product_tag-geotermia-es","9":"product_tag-ghpdesign-3d-es","10":"description-off","12":"first","13":"instock","14":"downloadable","15":"virtual","16":"sold-individually","17":"taxable","18":"purchasable","19":"product-type-licensed"},"yoast_head":"<!-- This site is optimized with the Yoast SEO Premium plugin v25.0 (Yoast SEO v25.0) - https:\/\/yoast.com\/wordpress\/plugins\/seo\/ -->\n<title>Dise\u00f1o de instalaciones geot\u00e9rmicas - GHP DESIGN 3D - GeoStru<\/title>\n<meta name=\"description\" content=\"Software de c\u00e1lculo geot\u00e9rmico con sondas horizontales y verticales, mediante la introducci\u00f3n de objetos 3D, m\u00e9todo ASHRAE e impresiones detalladas.\" \/>\n<meta name=\"robots\" content=\"index, follow, max-snippet:-1, max-image-preview:large, max-video-preview:-1\" \/>\n<link rel=\"canonical\" href=\"https:\/\/www.geostru.eu\/es\/geotermia\/\" \/>\n<meta property=\"og:locale\" content=\"es_ES\" \/>\n<meta property=\"og:type\" content=\"article\" \/>\n<meta property=\"og:title\" content=\"Dise\u00f1o de instalaciones geot\u00e9rmicas - GHP DESIGN 3D\" \/>\n<meta property=\"og:description\" content=\"Software de c\u00e1lculo geot\u00e9rmico con sondas horizontales y verticales, mediante la introducci\u00f3n de objetos 3D, m\u00e9todo ASHRAE e impresiones detalladas.\" \/>\n<meta property=\"og:url\" content=\"https:\/\/www.geostru.eu\/geotermia\" \/>\n<meta property=\"og:site_name\" content=\"GeoStru\" \/>\n<meta property=\"article:publisher\" content=\"https:\/\/www.facebook.com\/GeoStruSoftware\/\" \/>\n<meta property=\"article:modified_time\" content=\"2025-02-21T02:05:05+00:00\" \/>\n<meta property=\"og:image\" content=\"https:\/\/www.geostru.eu\/wp-content\/uploads\/2013\/12\/GHP1_800.jpg\" \/>\n\t<meta property=\"og:image:width\" content=\"800\" \/>\n\t<meta property=\"og:image:height\" content=\"434\" \/>\n\t<meta property=\"og:image:type\" content=\"image\/jpeg\" \/>\n<meta name=\"twitter:card\" content=\"summary_large_image\" \/>\n<meta name=\"twitter:site\" content=\"@geostru\" \/>\n<meta name=\"twitter:label1\" content=\"Precio\" \/>\n\t<meta name=\"twitter:data1\" content=\"&euro;590.00 exc. IVA\" \/>\n\t<meta name=\"twitter:label2\" content=\"Disponibilidad\" \/>\n\t<meta name=\"twitter:data2\" content=\"Disponible\" \/>\n<script type=\"application\/ld+json\" class=\"yoast-schema-graph\">{\"@context\":\"https:\/\/schema.org\",\"@graph\":[{\"@type\":\"WebPage\",\"@id\":\"https:\/\/www.geostru.eu\/es\/shop\/software-es\/energia-es\/diseno-geotermico-ghp-diseno-3d\/\",\"url\":\"https:\/\/www.geostru.eu\/geotermia\",\"name\":\"Dise\u00f1o de instalaciones geot\u00e9rmicas - GHP DESIGN 3D - GeoStru\",\"isPartOf\":{\"@id\":\"https:\/\/www.geostru.eu\/es\/#website\"},\"primaryImageOfPage\":{\"@id\":\"https:\/\/www.geostru.eu\/geotermia#primaryimage\"},\"image\":{\"@id\":\"https:\/\/www.geostru.eu\/geotermia#primaryimage\"},\"thumbnailUrl\":\"https:\/\/www.geostru.eu\/wp-content\/uploads\/2013\/12\/GHP1_800.jpg\",\"datePublished\":\"2015-06-03T07:16:38+00:00\",\"dateModified\":\"2025-02-21T02:05:05+00:00\",\"description\":\"Software de c\u00e1lculo geot\u00e9rmico con sondas horizontales y verticales, mediante la introducci\u00f3n de objetos 3D, m\u00e9todo ASHRAE e impresiones detalladas.\",\"breadcrumb\":{\"@id\":\"https:\/\/www.geostru.eu\/geotermia#breadcrumb\"},\"inLanguage\":\"es\",\"potentialAction\":[{\"@type\":\"ReadAction\",\"target\":[\"https:\/\/www.geostru.eu\/geotermia\"]}]},{\"@type\":\"ImageObject\",\"inLanguage\":\"es\",\"@id\":\"https:\/\/www.geostru.eu\/geotermia#primaryimage\",\"url\":\"https:\/\/www.geostru.eu\/wp-content\/uploads\/2013\/12\/GHP1_800.jpg\",\"contentUrl\":\"https:\/\/www.geostru.eu\/wp-content\/uploads\/2013\/12\/GHP1_800.jpg\",\"width\":800,\"height\":434,\"caption\":\"geotermia\"},{\"@type\":\"BreadcrumbList\",\"@id\":\"https:\/\/www.geostru.eu\/geotermia#breadcrumb\",\"itemListElement\":[{\"@type\":\"ListItem\",\"position\":1,\"name\":\"Home\",\"item\":\"https:\/\/www.geostru.eu\/es\/\"},{\"@type\":\"ListItem\",\"position\":2,\"name\":\"Shop\",\"item\":\"https:\/\/www.geostru.eu\/shop\/?lang=es\"},{\"@type\":\"ListItem\",\"position\":3,\"name\":\"Dise\u00f1o de instalaciones geot\u00e9rmicas &#8211; GHP DESIGN 3D\"}]},{\"@type\":\"WebSite\",\"@id\":\"https:\/\/www.geostru.eu\/es\/#website\",\"url\":\"https:\/\/www.geostru.eu\/es\/\",\"name\":\"GeoStru\",\"description\":\"Professionals at your service\",\"publisher\":{\"@id\":\"https:\/\/www.geostru.eu\/es\/#organization\"},\"potentialAction\":[{\"@type\":\"SearchAction\",\"target\":{\"@type\":\"EntryPoint\",\"urlTemplate\":\"https:\/\/www.geostru.eu\/es\/?s={search_term_string}\"},\"query-input\":{\"@type\":\"PropertyValueSpecification\",\"valueRequired\":true,\"valueName\":\"search_term_string\"}}],\"inLanguage\":\"es\"},{\"@type\":\"Organization\",\"@id\":\"https:\/\/www.geostru.eu\/es\/#organization\",\"name\":\"GeoStru\",\"url\":\"https:\/\/www.geostru.eu\/es\/\",\"logo\":{\"@type\":\"ImageObject\",\"inLanguage\":\"es\",\"@id\":\"https:\/\/www.geostru.eu\/es\/#\/schema\/logo\/image\/\",\"url\":\"https:\/\/www.geostru.eu\/wp-content\/uploads\/2023\/02\/LOGO_GEOSTRU_educational_banner.png\",\"contentUrl\":\"https:\/\/www.geostru.eu\/wp-content\/uploads\/2023\/02\/LOGO_GEOSTRU_educational_banner.png\",\"width\":363,\"height\":115,\"caption\":\"GeoStru\"},\"image\":{\"@id\":\"https:\/\/www.geostru.eu\/es\/#\/schema\/logo\/image\/\"},\"sameAs\":[\"https:\/\/www.facebook.com\/GeoStruSoftware\/\",\"https:\/\/x.com\/geostru\",\"https:\/\/www.linkedin.com\/company\/2462488\/admin\/\",\"https:\/\/www.instagram.com\/geostru\/\"]}]}<\/script>\n<meta property=\"product:brand\" content=\"Software Geolog\u00eda\" \/>\n<meta property=\"product:price:amount\" content=\"590.00\" \/>\n<meta property=\"product:price:currency\" content=\"EUR\" \/>\n<meta property=\"og:availability\" content=\"instock\" \/>\n<meta property=\"product:availability\" content=\"instock\" \/>\n<meta property=\"product:retailer_item_id\" content=\"31\" \/>\n<meta property=\"product:condition\" content=\"new\" \/>\n<!-- \/ Yoast SEO Premium plugin. -->","yoast_head_json":{"title":"Dise\u00f1o de instalaciones geot\u00e9rmicas - GHP DESIGN 3D - GeoStru","description":"Software de c\u00e1lculo geot\u00e9rmico con sondas horizontales y verticales, mediante la introducci\u00f3n de objetos 3D, m\u00e9todo ASHRAE e impresiones detalladas.","robots":{"index":"index","follow":"follow","max-snippet":"max-snippet:-1","max-image-preview":"max-image-preview:large","max-video-preview":"max-video-preview:-1"},"canonical":"https:\/\/www.geostru.eu\/es\/geotermia\/","og_locale":"es_ES","og_type":"article","og_title":"Dise\u00f1o de instalaciones geot\u00e9rmicas - GHP DESIGN 3D","og_description":"Software de c\u00e1lculo geot\u00e9rmico con sondas horizontales y verticales, mediante la introducci\u00f3n de objetos 3D, m\u00e9todo ASHRAE e impresiones detalladas.","og_url":"https:\/\/www.geostru.eu\/geotermia","og_site_name":"GeoStru","article_publisher":"https:\/\/www.facebook.com\/GeoStruSoftware\/","article_modified_time":"2025-02-21T02:05:05+00:00","og_image":[{"width":800,"height":434,"url":"https:\/\/www.geostru.eu\/wp-content\/uploads\/2013\/12\/GHP1_800.jpg","type":"image\/jpeg"}],"twitter_card":"summary_large_image","twitter_site":"@geostru","twitter_misc":{"Precio":"&euro;590.00 exc. IVA","Disponibilidad":"Disponible"},"schema":{"@context":"https:\/\/schema.org","@graph":[{"@type":"WebPage","@id":"https:\/\/www.geostru.eu\/es\/shop\/software-es\/energia-es\/diseno-geotermico-ghp-diseno-3d\/","url":"https:\/\/www.geostru.eu\/geotermia","name":"Dise\u00f1o de instalaciones geot\u00e9rmicas - GHP DESIGN 3D - GeoStru","isPartOf":{"@id":"https:\/\/www.geostru.eu\/es\/#website"},"primaryImageOfPage":{"@id":"https:\/\/www.geostru.eu\/geotermia#primaryimage"},"image":{"@id":"https:\/\/www.geostru.eu\/geotermia#primaryimage"},"thumbnailUrl":"https:\/\/www.geostru.eu\/wp-content\/uploads\/2013\/12\/GHP1_800.jpg","datePublished":"2015-06-03T07:16:38+00:00","dateModified":"2025-02-21T02:05:05+00:00","description":"Software de c\u00e1lculo geot\u00e9rmico con sondas horizontales y verticales, mediante la introducci\u00f3n de objetos 3D, m\u00e9todo ASHRAE e impresiones detalladas.","breadcrumb":{"@id":"https:\/\/www.geostru.eu\/geotermia#breadcrumb"},"inLanguage":"es","potentialAction":[{"@type":"ReadAction","target":["https:\/\/www.geostru.eu\/geotermia"]}]},{"@type":"ImageObject","inLanguage":"es","@id":"https:\/\/www.geostru.eu\/geotermia#primaryimage","url":"https:\/\/www.geostru.eu\/wp-content\/uploads\/2013\/12\/GHP1_800.jpg","contentUrl":"https:\/\/www.geostru.eu\/wp-content\/uploads\/2013\/12\/GHP1_800.jpg","width":800,"height":434,"caption":"geotermia"},{"@type":"BreadcrumbList","@id":"https:\/\/www.geostru.eu\/geotermia#breadcrumb","itemListElement":[{"@type":"ListItem","position":1,"name":"Home","item":"https:\/\/www.geostru.eu\/es\/"},{"@type":"ListItem","position":2,"name":"Shop","item":"https:\/\/www.geostru.eu\/shop\/?lang=es"},{"@type":"ListItem","position":3,"name":"Dise\u00f1o de instalaciones geot\u00e9rmicas &#8211; GHP DESIGN 3D"}]},{"@type":"WebSite","@id":"https:\/\/www.geostru.eu\/es\/#website","url":"https:\/\/www.geostru.eu\/es\/","name":"GeoStru","description":"Professionals at your service","publisher":{"@id":"https:\/\/www.geostru.eu\/es\/#organization"},"potentialAction":[{"@type":"SearchAction","target":{"@type":"EntryPoint","urlTemplate":"https:\/\/www.geostru.eu\/es\/?s={search_term_string}"},"query-input":{"@type":"PropertyValueSpecification","valueRequired":true,"valueName":"search_term_string"}}],"inLanguage":"es"},{"@type":"Organization","@id":"https:\/\/www.geostru.eu\/es\/#organization","name":"GeoStru","url":"https:\/\/www.geostru.eu\/es\/","logo":{"@type":"ImageObject","inLanguage":"es","@id":"https:\/\/www.geostru.eu\/es\/#\/schema\/logo\/image\/","url":"https:\/\/www.geostru.eu\/wp-content\/uploads\/2023\/02\/LOGO_GEOSTRU_educational_banner.png","contentUrl":"https:\/\/www.geostru.eu\/wp-content\/uploads\/2023\/02\/LOGO_GEOSTRU_educational_banner.png","width":363,"height":115,"caption":"GeoStru"},"image":{"@id":"https:\/\/www.geostru.eu\/es\/#\/schema\/logo\/image\/"},"sameAs":["https:\/\/www.facebook.com\/GeoStruSoftware\/","https:\/\/x.com\/geostru","https:\/\/www.linkedin.com\/company\/2462488\/admin\/","https:\/\/www.instagram.com\/geostru\/"]}]},"product_brand":"Software Geolog\u00eda","product_price_amount":"590.00","product_price_currency":"EUR","og_availability":"instock","product_availability":"instock","product_retailer_item_id":"31","product_condition":"new"},"_links":{"self":[{"href":"https:\/\/www.geostru.eu\/es\/wp-json\/wp\/v2\/product\/13985"}],"collection":[{"href":"https:\/\/www.geostru.eu\/es\/wp-json\/wp\/v2\/product"}],"about":[{"href":"https:\/\/www.geostru.eu\/es\/wp-json\/wp\/v2\/types\/product"}],"replies":[{"embeddable":true,"href":"https:\/\/www.geostru.eu\/es\/wp-json\/wp\/v2\/comments?post=13985"}],"wp:featuredmedia":[{"embeddable":true,"href":"https:\/\/www.geostru.eu\/es\/wp-json\/wp\/v2\/media\/21259"}],"wp:attachment":[{"href":"https:\/\/www.geostru.eu\/es\/wp-json\/wp\/v2\/media?parent=13985"}],"wp:term":[{"taxonomy":"product_cat","embeddable":true,"href":"https:\/\/www.geostru.eu\/es\/wp-json\/wp\/v2\/product_cat?post=13985"},{"taxonomy":"product_tag","embeddable":true,"href":"https:\/\/www.geostru.eu\/es\/wp-json\/wp\/v2\/product_tag?post=13985"}],"curies":[{"name":"wp","href":"https:\/\/api.w.org\/{rel}","templated":true}]}}