{"id":139287,"date":"2017-07-03T10:00:48","date_gmt":"2017-07-03T08:00:48","guid":{"rendered":"https:\/\/www.geostru.eu\/shop\/sin%20categor\u00eda\/risposta-sismica-locale-2d-rsl-iii-2d\/"},"modified":"2026-01-25T17:21:07","modified_gmt":"2026-01-25T16:21:07","slug":"respuesta-sismica-local-2d-rsl-iii-2d","status":"publish","type":"product","link":"https:\/\/www.geostru.eu\/es\/shop\/software-es\/software-geologia-es\/respuesta-sismica-local-2d-rsl-iii-2d\/","title":{"rendered":"Respuesta s\u00edsmica local 2D &#8211; RSL III 2D"},"content":{"rendered":"<div class=\"wpb-content-wrapper\"><p>[vc_row][vc_column][vc_column_text]<\/p>\n<p style=\"text-align: justify\">Software para la evaluaci\u00f3n de la <strong>respuesta s\u00edsmica local bidimensional de nivel III<\/strong>.<\/p>\n<p style=\"text-align: justify\">Numerosos estudios te\u00f3ricos y la observaci\u00f3n de casos reales han demostrado ampliamente que la respuesta s\u00edsmica local est\u00e1 fuertemente influenciada por la morfolog\u00eda superficial y enterrada. En estudios de microzonaci\u00f3n m\u00e1s recientes, se han utilizado con frecuencia m\u00e9todos num\u00e9ricos sobre modelos bidimensionales para considerar los efectos de la geometr\u00eda real del subsuelo.<\/p>\n<p style=\"text-align: justify\">La evaluaci\u00f3n de la <strong>respuesta s\u00edsmica 2D local<\/strong> no puede prescindir de una reconstrucci\u00f3n precisa del modelo geol\u00f3gico del subsuelo mediante el uso de informaci\u00f3n geol\u00f3gica de superficie y estudios geogn\u00f3sticos y geof\u00edsicos. La adquisici\u00f3n de numerosos par\u00e1metros, incluidos espesores, velocidades y densidades de los litotipos investigados, obtenidos mediante el uso de estudios geogn\u00f3sticos y geof\u00edsicos, constituye el primer paso para los estudios de microzonaci\u00f3n s\u00edsmica bidimensional, que constituyen la entrada para la modelizaci\u00f3n 2D.<\/p>\n<p style=\"text-align: justify\">El software<strong> RSL III 2D<\/strong> es una herramienta de c\u00e1lculo que permite la modelizaci\u00f3n bidimensional de la respuesta s\u00edsmica local mediante un enfoque de elementos finitos, en el dominio del tiempo, que elimina la suposici\u00f3n de un lecho rocoso completamente r\u00edgido utilizada en el modelo unidimensional de propagaci\u00f3n de ondas en un suelo Kelvin-Voigt.\u00a0El c\u00f3digo de c\u00e1lculo RSL IIII 2D permite modelizar geometr\u00edas complejas y condiciones de contorno tanto del sustrato como de la superficie topogr\u00e1fica, as\u00ed como dentro del propio dep\u00f3sito (cavidades, inclusiones). Realiza un an\u00e1lisis por elementos finitos (FEM) discretizando la secci\u00f3n mediante una malla de elementos triangulares, seg\u00fan un esquema de masas, muelles y amortiguadores viscosos concentrados en los nodos, resolviendo en el dominio del tiempo las ecuaciones de movimiento escritas para cada nodo.<\/p>\n<p style=\"text-align: justify\">La entrada s\u00edsmica, representada por uno o varios acelerogramas (REXEL permite buscar combinaciones de acelerogramas naturales compatibles con los espectros normativos), se aplica a la roca madre, con comportamiento el\u00e1stico lineal, y la respuesta del sistema en el instante t se eval\u00faa en el dominio del tiempo en funci\u00f3n de la respuesta en el instante t -\u0394t mediante una secuencia de an\u00e1lisis lineales equivalentes en los que los par\u00e1metros de rigidez y amortiguamiento se actualizan siguiendo un procedimiento iterativo y de acuerdo con un criterio de convergencia predefinido.<\/p>\n<p style=\"text-align: justify\">Los valores finales proporcionados por el an\u00e1lisis 2D de nivel III son los acelerogramas y sus espectros de respuesta, el espectro medio y medio normalizado, que se comparar\u00e1 con el espectro normativo, y varios factores de amplificaci\u00f3n para diferentes intervalos de periodo.<\/p>\n<p style=\"text-align: justify\"><strong>RSL III 2D<\/strong> tiene una interfaz de usuario especialmente intuitiva y permite<\/p>\n<ul>\n<li style=\"list-style-type: none\">\n<ul>\n<li style=\"text-align: justify\">la importaci\u00f3n de acelerogramas compatibles con el espectro<\/li>\n<li style=\"text-align: justify\">la importaci\u00f3n del modelo geom\u00e9trico bidimensional a partir de DXF;<\/li>\n<li style=\"text-align: justify\">la generaci\u00f3n autom\u00e1tica de la malla para la discretizaci\u00f3n del modelo geot\u00e9cnico teniendo en cuenta las interfaces o huecos presentes en la geometr\u00eda asignada;<\/li>\n<li style=\"text-align: justify\">la determinaci\u00f3n de la respuesta s\u00edsmica en t\u00e9rminos de acelerogramas y espectros de respuesta de aceleraci\u00f3n en cada nodo del modelo;<\/li>\n<li style=\"text-align: justify\">la exportaci\u00f3n de los espectros en formato .txt o .csv para permitir su importaci\u00f3n en\u00a0 el software Edificios de hormig\u00f3n armado y\/o cualquier software estructural;<\/li>\n<li style=\"text-align: justify\">la normalizaci\u00f3n de los espectros seg\u00fan NTC 2008 y EUROCODES;<\/li>\n<li style=\"text-align: justify\">la determinaci\u00f3n de los par\u00e1metros s\u00edsmicos y las magnitudes necesarias para llevar a cabo una caracterizaci\u00f3n completa del movimiento s\u00edsmico en superficie (PGA, PGV, factores de amplificaci\u00f3n en diferentes periodos, intensidad de Housner).<\/li>\n<\/ul>\n<\/li>\n<\/ul>\n<p>[\/vc_column_text][\/vc_column][\/vc_row]<\/p>\n<\/div>","protected":false},"excerpt":{"rendered":"<p style=\"text-align: justify\">Software para evaluar la respuesta s\u00edsmica local de Nivel III utilizando un enfoque de elementos finitos, en el dominio del tiempo, en t\u00e9rminos de tensiones totales.<\/p>\n<p style=\"text-align: justify\">La entrada s\u00edsmica, representada por uno o m\u00e1s acelerogramas, se aplica al lecho rocoso y el movimiento de propagaci\u00f3n de ondas se eval\u00faa para cualquier nodo del modelo de malla triangular discretizada.<\/p>\n<p style=\"text-align: justify\">RSL III 2D produce salidas gr\u00e1ficas y de texto detalladas compatibles con NTC.<\/p>\n<blockquote>\n<h5 style=\"text-align: justify\"><strong>EL PROGRAMA EST\u00c1 DISPONIBLE EN ITALIANO, PERO SE PUEDE UTILIZAR INDEPENDIENTEMENTE DE LA ZONA<\/strong><\/h5>\n<\/blockquote>\n","protected":false},"featured_media":147631,"comment_status":"open","ping_status":"closed","template":"","meta":[],"product_cat":[529,204,185],"product_tag":[403],"class_list":{"0":"post-139287","1":"product","2":"type-product","3":"status-publish","4":"has-post-thumbnail","6":"product_cat-software-geologia-es","7":"product_cat-estructuras","8":"product_cat-geotecnia-y-geologia","9":"product_tag-gfas-es","10":"description-off","12":"first","13":"instock","14":"downloadable","15":"virtual","16":"sold-individually","17":"taxable","18":"purchasable","19":"product-type-licensed"},"yoast_head":"<!-- This site is optimized with the Yoast SEO Premium plugin v25.0 (Yoast SEO v25.0) - https:\/\/yoast.com\/wordpress\/plugins\/seo\/ -->\n<title>Respuesta s\u00edsmica local 2D - RSL III 2D - GeoStru<\/title>\n<meta name=\"description\" content=\"Respuesta s\u00edsmica local 2D permite evaluar la respuesta s\u00edsmica local 2D considerando la variabilidad de los par\u00e1metros de entrada y calcular\" \/>\n<meta name=\"robots\" content=\"index, follow, max-snippet:-1, max-image-preview:large, max-video-preview:-1\" \/>\n<link rel=\"canonical\" href=\"https:\/\/www.geostru.eu\/es\/shop\/software-es\/software-geologia-es\/respuesta-sismica-local-2d-rsl-iii-2d\/\" \/>\n<meta property=\"og:locale\" content=\"es_ES\" \/>\n<meta property=\"og:type\" content=\"article\" \/>\n<meta property=\"og:title\" content=\"Respuesta s\u00edsmica local 2D - RSL III 2D\" \/>\n<meta property=\"og:description\" content=\"Respuesta s\u00edsmica local 2D permite evaluar la respuesta s\u00edsmica local 2D considerando la variabilidad de los par\u00e1metros de entrada y calcular\" \/>\n<meta property=\"og:url\" content=\"https:\/\/www.geostru.eu\/es\/shop\/software-es\/software-geologia-es\/respuesta-sismica-local-2d-rsl-iii-2d\/\" \/>\n<meta property=\"og:site_name\" content=\"GeoStru\" \/>\n<meta property=\"article:publisher\" content=\"https:\/\/www.facebook.com\/GeoStruSoftware\/\" \/>\n<meta property=\"article:modified_time\" content=\"2026-01-25T16:21:07+00:00\" \/>\n<meta property=\"og:image\" content=\"https:\/\/www.geostru.eu\/wp-content\/uploads\/2017\/07\/rsl-2d-geostru.png\" \/>\n\t<meta property=\"og:image:width\" content=\"1200\" \/>\n\t<meta property=\"og:image:height\" content=\"900\" \/>\n\t<meta property=\"og:image:type\" content=\"image\/png\" \/>\n<meta name=\"twitter:card\" content=\"summary_large_image\" \/>\n<meta name=\"twitter:site\" content=\"@geostru\" \/>\n<meta name=\"twitter:label1\" content=\"Precio\" \/>\n\t<meta name=\"twitter:data1\" content=\"&euro;990.00 exc. IVA\" \/>\n\t<meta name=\"twitter:label2\" content=\"Disponibilidad\" \/>\n\t<meta name=\"twitter:data2\" content=\"Disponible\" \/>\n<script type=\"application\/ld+json\" class=\"yoast-schema-graph\">{\"@context\":\"https:\/\/schema.org\",\"@graph\":[{\"@type\":\"WebPage\",\"@id\":\"https:\/\/www.geostru.eu\/es\/shop\/software-es\/software-geologia-es\/respuesta-sismica-local-2d-rsl-iii-2d\/\",\"url\":\"https:\/\/www.geostru.eu\/es\/shop\/software-es\/software-geologia-es\/respuesta-sismica-local-2d-rsl-iii-2d\/\",\"name\":\"Respuesta s\u00edsmica local 2D - RSL III 2D - GeoStru\",\"isPartOf\":{\"@id\":\"https:\/\/www.geostru.eu\/es\/#website\"},\"primaryImageOfPage\":{\"@id\":\"https:\/\/www.geostru.eu\/es\/shop\/software-es\/software-geologia-es\/respuesta-sismica-local-2d-rsl-iii-2d\/#primaryimage\"},\"image\":{\"@id\":\"https:\/\/www.geostru.eu\/es\/shop\/software-es\/software-geologia-es\/respuesta-sismica-local-2d-rsl-iii-2d\/#primaryimage\"},\"thumbnailUrl\":\"https:\/\/www.geostru.eu\/wp-content\/uploads\/2017\/07\/rsl-2d-geostru.png\",\"datePublished\":\"2017-07-03T08:00:48+00:00\",\"dateModified\":\"2026-01-25T16:21:07+00:00\",\"description\":\"Respuesta s\u00edsmica local 2D permite evaluar la respuesta s\u00edsmica local 2D considerando la variabilidad de los par\u00e1metros de entrada y calcular\",\"breadcrumb\":{\"@id\":\"https:\/\/www.geostru.eu\/es\/shop\/software-es\/software-geologia-es\/respuesta-sismica-local-2d-rsl-iii-2d\/#breadcrumb\"},\"inLanguage\":\"es\",\"potentialAction\":[{\"@type\":\"ReadAction\",\"target\":[\"https:\/\/www.geostru.eu\/es\/shop\/software-es\/software-geologia-es\/respuesta-sismica-local-2d-rsl-iii-2d\/\"]}]},{\"@type\":\"ImageObject\",\"inLanguage\":\"es\",\"@id\":\"https:\/\/www.geostru.eu\/es\/shop\/software-es\/software-geologia-es\/respuesta-sismica-local-2d-rsl-iii-2d\/#primaryimage\",\"url\":\"https:\/\/www.geostru.eu\/wp-content\/uploads\/2017\/07\/rsl-2d-geostru.png\",\"contentUrl\":\"https:\/\/www.geostru.eu\/wp-content\/uploads\/2017\/07\/rsl-2d-geostru.png\",\"width\":1200,\"height\":900},{\"@type\":\"BreadcrumbList\",\"@id\":\"https:\/\/www.geostru.eu\/es\/shop\/software-es\/software-geologia-es\/respuesta-sismica-local-2d-rsl-iii-2d\/#breadcrumb\",\"itemListElement\":[{\"@type\":\"ListItem\",\"position\":1,\"name\":\"Home\",\"item\":\"https:\/\/www.geostru.eu\/es\/\"},{\"@type\":\"ListItem\",\"position\":2,\"name\":\"Shop\",\"item\":\"https:\/\/www.geostru.eu\/shop\/?lang=es\"},{\"@type\":\"ListItem\",\"position\":3,\"name\":\"Respuesta s\u00edsmica local 2D &#8211; RSL III 2D\"}]},{\"@type\":\"WebSite\",\"@id\":\"https:\/\/www.geostru.eu\/es\/#website\",\"url\":\"https:\/\/www.geostru.eu\/es\/\",\"name\":\"GeoStru\",\"description\":\"Professionals at your service\",\"publisher\":{\"@id\":\"https:\/\/www.geostru.eu\/es\/#organization\"},\"potentialAction\":[{\"@type\":\"SearchAction\",\"target\":{\"@type\":\"EntryPoint\",\"urlTemplate\":\"https:\/\/www.geostru.eu\/es\/?s={search_term_string}\"},\"query-input\":{\"@type\":\"PropertyValueSpecification\",\"valueRequired\":true,\"valueName\":\"search_term_string\"}}],\"inLanguage\":\"es\"},{\"@type\":\"Organization\",\"@id\":\"https:\/\/www.geostru.eu\/es\/#organization\",\"name\":\"GeoStru\",\"url\":\"https:\/\/www.geostru.eu\/es\/\",\"logo\":{\"@type\":\"ImageObject\",\"inLanguage\":\"es\",\"@id\":\"https:\/\/www.geostru.eu\/es\/#\/schema\/logo\/image\/\",\"url\":\"https:\/\/www.geostru.eu\/wp-content\/uploads\/2023\/02\/LOGO_GEOSTRU_educational_banner.png\",\"contentUrl\":\"https:\/\/www.geostru.eu\/wp-content\/uploads\/2023\/02\/LOGO_GEOSTRU_educational_banner.png\",\"width\":363,\"height\":115,\"caption\":\"GeoStru\"},\"image\":{\"@id\":\"https:\/\/www.geostru.eu\/es\/#\/schema\/logo\/image\/\"},\"sameAs\":[\"https:\/\/www.facebook.com\/GeoStruSoftware\/\",\"https:\/\/x.com\/geostru\",\"https:\/\/www.linkedin.com\/company\/2462488\/admin\/\",\"https:\/\/www.instagram.com\/geostru\/\"]}]}<\/script>\n<meta property=\"product:brand\" content=\"Software Geolog\u00eda\" \/>\n<meta property=\"product:price:amount\" content=\"990.00\" \/>\n<meta property=\"product:price:currency\" content=\"EUR\" \/>\n<meta property=\"og:availability\" content=\"instock\" \/>\n<meta property=\"product:availability\" content=\"instock\" \/>\n<meta property=\"product:retailer_item_id\" content=\"78\" \/>\n<meta property=\"product:condition\" content=\"new\" \/>\n<!-- \/ Yoast SEO Premium plugin. -->","yoast_head_json":{"title":"Respuesta s\u00edsmica local 2D - RSL III 2D - GeoStru","description":"Respuesta s\u00edsmica local 2D permite evaluar la respuesta s\u00edsmica local 2D considerando la variabilidad de los par\u00e1metros de entrada y calcular","robots":{"index":"index","follow":"follow","max-snippet":"max-snippet:-1","max-image-preview":"max-image-preview:large","max-video-preview":"max-video-preview:-1"},"canonical":"https:\/\/www.geostru.eu\/es\/shop\/software-es\/software-geologia-es\/respuesta-sismica-local-2d-rsl-iii-2d\/","og_locale":"es_ES","og_type":"article","og_title":"Respuesta s\u00edsmica local 2D - RSL III 2D","og_description":"Respuesta s\u00edsmica local 2D permite evaluar la respuesta s\u00edsmica local 2D considerando la variabilidad de los par\u00e1metros de entrada y calcular","og_url":"https:\/\/www.geostru.eu\/es\/shop\/software-es\/software-geologia-es\/respuesta-sismica-local-2d-rsl-iii-2d\/","og_site_name":"GeoStru","article_publisher":"https:\/\/www.facebook.com\/GeoStruSoftware\/","article_modified_time":"2026-01-25T16:21:07+00:00","og_image":[{"width":1200,"height":900,"url":"https:\/\/www.geostru.eu\/wp-content\/uploads\/2017\/07\/rsl-2d-geostru.png","type":"image\/png"}],"twitter_card":"summary_large_image","twitter_site":"@geostru","twitter_misc":{"Precio":"&euro;990.00 exc. IVA","Disponibilidad":"Disponible"},"schema":{"@context":"https:\/\/schema.org","@graph":[{"@type":"WebPage","@id":"https:\/\/www.geostru.eu\/es\/shop\/software-es\/software-geologia-es\/respuesta-sismica-local-2d-rsl-iii-2d\/","url":"https:\/\/www.geostru.eu\/es\/shop\/software-es\/software-geologia-es\/respuesta-sismica-local-2d-rsl-iii-2d\/","name":"Respuesta s\u00edsmica local 2D - RSL III 2D - GeoStru","isPartOf":{"@id":"https:\/\/www.geostru.eu\/es\/#website"},"primaryImageOfPage":{"@id":"https:\/\/www.geostru.eu\/es\/shop\/software-es\/software-geologia-es\/respuesta-sismica-local-2d-rsl-iii-2d\/#primaryimage"},"image":{"@id":"https:\/\/www.geostru.eu\/es\/shop\/software-es\/software-geologia-es\/respuesta-sismica-local-2d-rsl-iii-2d\/#primaryimage"},"thumbnailUrl":"https:\/\/www.geostru.eu\/wp-content\/uploads\/2017\/07\/rsl-2d-geostru.png","datePublished":"2017-07-03T08:00:48+00:00","dateModified":"2026-01-25T16:21:07+00:00","description":"Respuesta s\u00edsmica local 2D permite evaluar la respuesta s\u00edsmica local 2D considerando la variabilidad de los par\u00e1metros de entrada y calcular","breadcrumb":{"@id":"https:\/\/www.geostru.eu\/es\/shop\/software-es\/software-geologia-es\/respuesta-sismica-local-2d-rsl-iii-2d\/#breadcrumb"},"inLanguage":"es","potentialAction":[{"@type":"ReadAction","target":["https:\/\/www.geostru.eu\/es\/shop\/software-es\/software-geologia-es\/respuesta-sismica-local-2d-rsl-iii-2d\/"]}]},{"@type":"ImageObject","inLanguage":"es","@id":"https:\/\/www.geostru.eu\/es\/shop\/software-es\/software-geologia-es\/respuesta-sismica-local-2d-rsl-iii-2d\/#primaryimage","url":"https:\/\/www.geostru.eu\/wp-content\/uploads\/2017\/07\/rsl-2d-geostru.png","contentUrl":"https:\/\/www.geostru.eu\/wp-content\/uploads\/2017\/07\/rsl-2d-geostru.png","width":1200,"height":900},{"@type":"BreadcrumbList","@id":"https:\/\/www.geostru.eu\/es\/shop\/software-es\/software-geologia-es\/respuesta-sismica-local-2d-rsl-iii-2d\/#breadcrumb","itemListElement":[{"@type":"ListItem","position":1,"name":"Home","item":"https:\/\/www.geostru.eu\/es\/"},{"@type":"ListItem","position":2,"name":"Shop","item":"https:\/\/www.geostru.eu\/shop\/?lang=es"},{"@type":"ListItem","position":3,"name":"Respuesta s\u00edsmica local 2D &#8211; RSL III 2D"}]},{"@type":"WebSite","@id":"https:\/\/www.geostru.eu\/es\/#website","url":"https:\/\/www.geostru.eu\/es\/","name":"GeoStru","description":"Professionals at your service","publisher":{"@id":"https:\/\/www.geostru.eu\/es\/#organization"},"potentialAction":[{"@type":"SearchAction","target":{"@type":"EntryPoint","urlTemplate":"https:\/\/www.geostru.eu\/es\/?s={search_term_string}"},"query-input":{"@type":"PropertyValueSpecification","valueRequired":true,"valueName":"search_term_string"}}],"inLanguage":"es"},{"@type":"Organization","@id":"https:\/\/www.geostru.eu\/es\/#organization","name":"GeoStru","url":"https:\/\/www.geostru.eu\/es\/","logo":{"@type":"ImageObject","inLanguage":"es","@id":"https:\/\/www.geostru.eu\/es\/#\/schema\/logo\/image\/","url":"https:\/\/www.geostru.eu\/wp-content\/uploads\/2023\/02\/LOGO_GEOSTRU_educational_banner.png","contentUrl":"https:\/\/www.geostru.eu\/wp-content\/uploads\/2023\/02\/LOGO_GEOSTRU_educational_banner.png","width":363,"height":115,"caption":"GeoStru"},"image":{"@id":"https:\/\/www.geostru.eu\/es\/#\/schema\/logo\/image\/"},"sameAs":["https:\/\/www.facebook.com\/GeoStruSoftware\/","https:\/\/x.com\/geostru","https:\/\/www.linkedin.com\/company\/2462488\/admin\/","https:\/\/www.instagram.com\/geostru\/"]}]},"product_brand":"Software Geolog\u00eda","product_price_amount":"990.00","product_price_currency":"EUR","og_availability":"instock","product_availability":"instock","product_retailer_item_id":"78","product_condition":"new"},"_links":{"self":[{"href":"https:\/\/www.geostru.eu\/es\/wp-json\/wp\/v2\/product\/139287"}],"collection":[{"href":"https:\/\/www.geostru.eu\/es\/wp-json\/wp\/v2\/product"}],"about":[{"href":"https:\/\/www.geostru.eu\/es\/wp-json\/wp\/v2\/types\/product"}],"replies":[{"embeddable":true,"href":"https:\/\/www.geostru.eu\/es\/wp-json\/wp\/v2\/comments?post=139287"}],"wp:featuredmedia":[{"embeddable":true,"href":"https:\/\/www.geostru.eu\/es\/wp-json\/wp\/v2\/media\/147631"}],"wp:attachment":[{"href":"https:\/\/www.geostru.eu\/es\/wp-json\/wp\/v2\/media?parent=139287"}],"wp:term":[{"taxonomy":"product_cat","embeddable":true,"href":"https:\/\/www.geostru.eu\/es\/wp-json\/wp\/v2\/product_cat?post=139287"},{"taxonomy":"product_tag","embeddable":true,"href":"https:\/\/www.geostru.eu\/es\/wp-json\/wp\/v2\/product_tag?post=139287"}],"curies":[{"name":"wp","href":"https:\/\/api.w.org\/{rel}","templated":true}]}}