{"id":13753,"date":"2022-06-18T16:51:22","date_gmt":"2022-06-18T14:51:22","guid":{"rendered":"https:\/\/www.geostru.eu\/product\/slope-analisi-stabita-dei-pendii-2\/"},"modified":"2026-05-12T12:09:55","modified_gmt":"2026-05-12T10:09:55","slug":"estabilidad-de-taludes-slope","status":"publish","type":"product","link":"https:\/\/www.geostru.eu\/es\/shop\/software-es\/geotecnia-y-geologia\/estabilidad-de-taludes-slope\/","title":{"rendered":"Estabilidad de taludes &#8211; Slope"},"content":{"rendered":"<p><strong>NORMATIVAS PARA EL CALCULO<\/strong><\/p>\n<ul>\n<li>The general limit equilibrium method (GLE)<\/li>\n<li>Norme tecniche costruzioni (NTC)<\/li>\n<li>Eurocodice 7\/8<\/li>\n<li>British Codes BS8004<\/li>\n<li>GP 129-2014: SR EN 1997-1 (RO): A1+M1+R1 [GEO\/STR], A2+M2+R3 [GEO];<\/li>\n<li>AASHTO LRFD Bridge Design Specifications;<\/li>\n<li>El software permite el uso de normativas cargadas por el usuario.<\/li>\n<\/ul>\n<p><strong>INPUT DATOS<\/strong><\/p>\n<ul>\n<li>Input gr\u00e1fico con el mouse<\/li>\n<li>Input num\u00e9rico en forma tabular<\/li>\n<li>Lectura de datos de EXCEL<\/li>\n<li>Lectura de archivos DXF<\/li>\n<li>Lectura del perfil topogr\u00e1fico de TRISPACE<\/li>\n<li>Importaci\u00f3n de im\u00e1genes raster<\/li>\n<li>Lectura de archivos ASCII<\/li>\n<\/ul>\n<p><strong>TIPOS DE CARGAS SOBRE EL RELLENO<\/strong><\/p>\n<ul>\n<li>Cargas puntuales (inclinadas)<\/li>\n<li>Franjas de carga<\/li>\n<\/ul>\n<p><b>OBRAS DE REFUERZO<\/b><\/p>\n<ul>\n<li>Muros de contenci\u00f3n<\/li>\n<li>M\u00e9todo de estabilizaci\u00f3n: Carga \u00faltima de Broms con c\u00e1lculo autom\u00e1tico del \u00a0 \u00a0 momento de rotura de la secci\u00f3n, M\u00e9todo de la tensi\u00f3n tangencial, M\u00e9todo de \u00a0Zeng Liang<\/li>\n<li>Gaviones<\/li>\n<li>Anclajes activos y pasivos<\/li>\n<li>Escalonados<\/li>\n<li>Terrenos reforzados: barras, tiras y geotextiles<\/li>\n<li>Database de georedes ampliable por el usuario<\/li>\n<li>Trincheras drenantes<\/li>\n<li>Inserci\u00f3n de obras gen\u00e9ricas<\/li>\n<li>Template integrado para la generaci\u00f3n autom\u00e1tica de: Torres e\u00f3licas y telef\u00f3nicas<\/li>\n<li>Refuerzos de suelo clavado con la t\u00e9cnica Soil Nailing<\/li>\n<li>Obras de ingenier\u00eda naturalista<\/li>\n<\/ul>\n<p><strong><b>M\u00c9TODOS DE C\u00c1LCULO<\/b><\/strong><\/p>\n<ul>\n<li>FELLENIUS (1936)<\/li>\n<li>BISHOP (1955)<\/li>\n<li>JANBU (1956)<\/li>\n<li>MORGENSTERN &amp; PRICE (1965)<\/li>\n<li>SPENCER (1967)<\/li>\n<li>BELL (1968)<\/li>\n<li>SARMA (1973)<\/li>\n<li>D.E.M (1992)<\/li>\n<li>ZENG LIANG (2002)<\/li>\n<li>Back Analysis<\/li>\n<li>Analisi dei pendii in roccia con Hoek e\u00a0Bray<\/li>\n<\/ul>\n<p><b>OPCIONES DE C\u00c1LCULO<\/b><\/p>\n<ul>\n<li>Funci\u00f3n &lt;Recalcular&gt; para evaluar el Factor de seguridad de una superficie con centro X0, Y0 y radio R<\/li>\n<li>B\u00fasqueda de la superficie de deslizamiento cr\u00edtica por medio de c\u00e1lculo autom\u00e1tico<\/li>\n<li>C\u00e1lculo de Fs para superficies pasantes por dos puntos asignados y tangentes a una recta con pendiente de variaci\u00f3n autom\u00e1tica<\/li>\n<li>C\u00e1lculo autom\u00e1tico de Fs para superficies tangentes a una recta<\/li>\n<li>C\u00e1lculo de Fs de a una superficie asignada pasante por tres o por un punto<\/li>\n<li>Posibilidad de efectuar el an\u00e1lisis de estabilidad de taludes sumergidos (por ej. lagos en colina)<\/li>\n<li>An\u00e1lisis de superficies de cualquier forma<\/li>\n<li>Presencia de sismo y de acu\u00edferos, inclusive confinados<\/li>\n<li>Terrenos estratificados<\/li>\n<li>ANISOTROPIC ANALYSIS<\/li>\n<\/ul>\n<p><b>OPCIONES GR\u00c1FICAS<\/b><\/p>\n<ul>\n<li>Visualizaci\u00f3n de las isol\u00edneas del factor de seguridad<\/li>\n<li>Visualizaci\u00f3n a color de todas las superficies de deslizamiento examinadas subdivididas por factor de seguridad (a color corresponden factores de deslizamiento comprendidos en un intervalo prefijado)<\/li>\n<li>Selecci\u00f3n del grupo de superficies a imprimir<\/li>\n<li>Opciones , y asignaci\u00f3n num\u00e9rica de la malla centros<\/li>\n<li>Opci\u00f3n &lt; Mover Nivel Fre\u00e1tico &gt; que permite subir o bajar el nivel fre\u00e1tico (comando muy \u00fatil en el an\u00e1lisis de sensibilidad del Fs al variar el nivel fre\u00e1tico)<\/li>\n<li>Tramado de los estratos con colores y\/o texturas (el usuario puede definir las texturas)<\/li>\n<li>Input gr\u00e1fico y num\u00e9rico para superficies de deslizamiento no circulares<\/li>\n<li>Herramientas para introducir texto, l\u00edneas y pol\u00edgonos en la hoja del gr\u00e1fico<\/li>\n<\/ul>\n<p><strong>M.R.E. (Mechanically Reinforced Earth)<\/strong><br \/>\nSoftware para el dimensionado y la comprobaci\u00f3n de tierras reforzadas con elementos met\u00e1licos o con geosint\u00e9ticos. Es posible definir varios tipos de tierra reforzada en el mismo archivo y efectuar al mismo tiempo todos los an\u00e1lisis de verificaci\u00f3n y de proyecto con diferentes combinaciones de carga. El software permite realizar el input en manera simple con una serie de herramientas como por ejemplo la generaci\u00f3n autom\u00e1tica de la posici\u00f3n de los refuerzos, o el perfil de la tierra reforzada con la opci\u00f3n de selecci\u00f3n por parte del usuario del perfil con pendiente constante o en terrazas, adem\u00e1s de un database de geosint\u00e9ticos. Permite tambi\u00e9n dimensionar y comprobar una tierra reforzada con el sistema de bloques convencionales.<br \/>\n\u2013 Normativa: The general limit equilibrium method (GLE); Euroc\u00f3digo 7\/8; British Codes BS8006; Norme tecniche costruzioni (NTC 2008).<\/p>\n<p><strong>Dynamic Analysis<\/strong><br \/>\nM\u00e9todo num\u00e9rico para analizar la estabilidad de taludes en condiciones s\u00edsmicas por integraci\u00f3n directa y superposici\u00f3n modal con el m\u00e9todo de Newmark (1965). C\u00e1lculo de los deslizamientos permanentes por integraci\u00f3n de la aceleraci\u00f3n relativa. Adem\u00e1s es posible generar acelerogramas artificiales espectro compatibles con los algoritmos: SIMQKE, Sabetta F., Pugliese A.: Estimation of Response Spectra and Simulation of Nonstationary Earthquake Ground Motions.<\/p>\n<p><strong>Slope 3D<\/strong><br \/>\nCreaci\u00f3n de modelos digitales en 3D a partir de archivos GIS, DXF o Texto. Importaci\u00f3n de archivos desde GeoStru Maps y SRTM (SRTM es un software GEOSTRU aplicativo de GEOAPP que permite generar un modelo 3D con solo seleccionar una \u00e1rea en google maps). Las secciones a analizar con SLOPE se crean autom\u00e1ticamente y en modo din\u00e1mico movi\u00e9ndose sobre el modelo tridimensional.<\/p>\n<p><strong>DEM \u2013 Discrete Element Method<\/strong><br \/>\nModelo num\u00e9rico avanzado para el an\u00e1lisis de estabilidad de taludes en condiciones est\u00e1ticas y din\u00e1micas. Modelo de c\u00e1lculo sumamente sofisticado con an\u00e1lisis lineal y no lineal, con distribuci\u00f3n de los estados tensionales con base en el comportamiento del terreno d\u00factil o fr\u00e1gil.<\/p>\n<p><strong>Geotechnical Section<\/strong><br \/>\nM\u00f3dulo para la creaci\u00f3n de secciones geot\u00e9cnicas mediante el cual es posible administrar ensayos penetrom\u00e9tricos est\u00e1ticos y din\u00e1micos, adem\u00e1s de efectuar correlaciones entre ensayos.<\/p>\n<p><strong>MRE<br \/>\n<\/strong>Software para el dise\u00f1o y c\u00e1lculo de tierras reforzadas, incluyendo obras de ingenier\u00eda naturalista<\/p>\n<p>&nbsp;<\/p>\n","protected":false},"excerpt":{"rendered":"<p style=\"text-align: justify\">Programa para el <strong>an\u00e1lisis de la estabilidad de taludes<\/strong> en suelos con y sin cohesi\u00f3n con m\u00e9todos tradicionales en geot\u00e9cnica <strong>(Equilibrio l\u00edmite)<\/strong> y adem\u00e1s con el m\u00e9todo de los <strong>Elementos Discretos<\/strong>. Con este \u00faltimo es posible conocer los deslizamientos del talud y examinar la rotura progresiva. En condiciones s\u00edsmicas lleva a cabo tanto el an\u00e1lisis est\u00e1tico como el din\u00e1mico.<\/p>\n<table style=\"border-collapse: collapse;width: 100%\">\n<tbody>\n<tr>\n<td style=\"width: 50%\"><a href=\"https:\/\/youtu.be\/YmlFjsJgi_I\" target=\"_blank\" rel=\"noopener\"><strong>Video Tutorial 1<\/strong><\/a><\/td>\n<td style=\"width: 50%\"><strong><a href=\"https:\/\/youtu.be\/1z4_yJ2FJZw\" target=\"_blank\" rel=\"noopener\">Video Tutorial 2<\/a><\/strong><\/td>\n<\/tr>\n<\/tbody>\n<\/table>\n<p>&nbsp;<\/p>\n","protected":false},"featured_media":15230,"comment_status":"open","ping_status":"closed","template":"","meta":[],"product_cat":[529,185],"product_tag":[435,432],"class_list":{"0":"post-13753","1":"product","2":"type-product","3":"status-publish","4":"has-post-thumbnail","6":"product_cat-software-geologia-es","7":"product_cat-geotecnia-y-geologia","8":"product_tag-consolidacion","9":"product_tag-estabilidad-de-taludes","10":"pa_product-professional-en-es","11":"pa_product-subscription-1-year-en-es","12":"description-off","14":"first","15":"instock","16":"downloadable","17":"virtual","18":"sold-individually","19":"taxable","20":"purchasable","21":"product-type-licensed"},"yoast_head":"<!-- This site is optimized with the Yoast SEO Premium plugin v25.0 (Yoast SEO v25.0) - https:\/\/yoast.com\/wordpress\/plugins\/seo\/ -->\n<title>Estabilidad de taludes - Slope<\/title>\n<meta name=\"description\" content=\"Programa para el an\u00e1lisis de la estabilidad de taludes en suelos con y sin cohesi\u00f3n con m\u00e9todos tradicionales en geot\u00e9cnica (Equilibrio l\u00edmite)\" \/>\n<meta name=\"robots\" content=\"index, follow, max-snippet:-1, max-image-preview:large, max-video-preview:-1\" \/>\n<link rel=\"canonical\" href=\"https:\/\/www.geostru.eu\/es\/shop\/software-es\/geotecnia-y-geologia\/estabilidad-de-taludes-slope\/\" \/>\n<meta property=\"og:locale\" content=\"es_ES\" \/>\n<meta property=\"og:type\" content=\"article\" \/>\n<meta property=\"og:title\" content=\"Estabilidad de taludes - Slope\" \/>\n<meta property=\"og:description\" content=\"Programa para el an\u00e1lisis de la estabilidad de taludes en suelos con y sin cohesi\u00f3n con m\u00e9todos tradicionales en geot\u00e9cnica (Equilibrio l\u00edmite)\" \/>\n<meta property=\"og:url\" content=\"https:\/\/www.geostru.eu\/es\/shop\/software-es\/geotecnia-y-geologia\/estabilidad-de-taludes-slope\/\" \/>\n<meta property=\"og:site_name\" content=\"GeoStru\" \/>\n<meta property=\"article:publisher\" content=\"https:\/\/www.facebook.com\/GeoStruSoftware\/\" \/>\n<meta property=\"article:modified_time\" content=\"2026-05-12T10:09:55+00:00\" \/>\n<meta property=\"og:image\" content=\"https:\/\/www.geostru.eu\/wp-content\/uploads\/2013\/12\/Risorsa-14.jpg\" \/>\n\t<meta property=\"og:image:width\" content=\"1200\" \/>\n\t<meta property=\"og:image:height\" content=\"630\" \/>\n\t<meta property=\"og:image:type\" content=\"image\/jpeg\" \/>\n<meta name=\"twitter:card\" content=\"summary_large_image\" \/>\n<meta name=\"twitter:site\" content=\"@geostru\" \/>\n<meta name=\"twitter:label1\" content=\"Precio\" \/>\n\t<meta name=\"twitter:data1\" content=\"&euro;490.00 exc. IVA\" \/>\n\t<meta name=\"twitter:label2\" content=\"Disponibilidad\" \/>\n\t<meta name=\"twitter:data2\" content=\"Disponible\" \/>\n<script type=\"application\/ld+json\" class=\"yoast-schema-graph\">{\"@context\":\"https:\/\/schema.org\",\"@graph\":[{\"@type\":\"WebPage\",\"@id\":\"https:\/\/www.geostru.eu\/es\/shop\/software-es\/geotecnia-y-geologia\/estabilidad-de-taludes-slope\/\",\"url\":\"https:\/\/www.geostru.eu\/es\/shop\/software-es\/geotecnia-y-geologia\/estabilidad-de-taludes-slope\/\",\"name\":\"Estabilidad de taludes - Slope\",\"isPartOf\":{\"@id\":\"https:\/\/www.geostru.eu\/es\/#website\"},\"primaryImageOfPage\":{\"@id\":\"https:\/\/www.geostru.eu\/es\/shop\/software-es\/geotecnia-y-geologia\/estabilidad-de-taludes-slope\/#primaryimage\"},\"image\":{\"@id\":\"https:\/\/www.geostru.eu\/es\/shop\/software-es\/geotecnia-y-geologia\/estabilidad-de-taludes-slope\/#primaryimage\"},\"thumbnailUrl\":\"https:\/\/www.geostru.eu\/wp-content\/uploads\/2013\/12\/SLOPE.png\",\"datePublished\":\"2022-06-18T14:51:22+00:00\",\"dateModified\":\"2026-05-12T10:09:55+00:00\",\"description\":\"Programa para el an\u00e1lisis de la estabilidad de taludes en suelos con y sin cohesi\u00f3n con m\u00e9todos tradicionales en geot\u00e9cnica (Equilibrio l\u00edmite)\",\"breadcrumb\":{\"@id\":\"https:\/\/www.geostru.eu\/es\/shop\/software-es\/geotecnia-y-geologia\/estabilidad-de-taludes-slope\/#breadcrumb\"},\"inLanguage\":\"es\",\"potentialAction\":[{\"@type\":\"ReadAction\",\"target\":[\"https:\/\/www.geostru.eu\/es\/shop\/software-es\/geotecnia-y-geologia\/estabilidad-de-taludes-slope\/\"]}]},{\"@type\":\"ImageObject\",\"inLanguage\":\"es\",\"@id\":\"https:\/\/www.geostru.eu\/es\/shop\/software-es\/geotecnia-y-geologia\/estabilidad-de-taludes-slope\/#primaryimage\",\"url\":\"https:\/\/www.geostru.eu\/wp-content\/uploads\/2013\/12\/SLOPE.png\",\"contentUrl\":\"https:\/\/www.geostru.eu\/wp-content\/uploads\/2013\/12\/SLOPE.png\",\"width\":1936,\"height\":1040,\"caption\":\"Verificaci\u00f3n y an\u00e1lisis de la estabilidad de taludes suite software geobuild - geostru\"},{\"@type\":\"BreadcrumbList\",\"@id\":\"https:\/\/www.geostru.eu\/es\/shop\/software-es\/geotecnia-y-geologia\/estabilidad-de-taludes-slope\/#breadcrumb\",\"itemListElement\":[{\"@type\":\"ListItem\",\"position\":1,\"name\":\"Home\",\"item\":\"https:\/\/www.geostru.eu\/es\/\"},{\"@type\":\"ListItem\",\"position\":2,\"name\":\"Shop\",\"item\":\"https:\/\/www.geostru.eu\/shop\/?lang=es\"},{\"@type\":\"ListItem\",\"position\":3,\"name\":\"Estabilidad de taludes &#8211; Slope\"}]},{\"@type\":\"WebSite\",\"@id\":\"https:\/\/www.geostru.eu\/es\/#website\",\"url\":\"https:\/\/www.geostru.eu\/es\/\",\"name\":\"GeoStru\",\"description\":\"Professionals at your service\",\"publisher\":{\"@id\":\"https:\/\/www.geostru.eu\/es\/#organization\"},\"potentialAction\":[{\"@type\":\"SearchAction\",\"target\":{\"@type\":\"EntryPoint\",\"urlTemplate\":\"https:\/\/www.geostru.eu\/es\/?s={search_term_string}\"},\"query-input\":{\"@type\":\"PropertyValueSpecification\",\"valueRequired\":true,\"valueName\":\"search_term_string\"}}],\"inLanguage\":\"es\"},{\"@type\":\"Organization\",\"@id\":\"https:\/\/www.geostru.eu\/es\/#organization\",\"name\":\"GeoStru\",\"url\":\"https:\/\/www.geostru.eu\/es\/\",\"logo\":{\"@type\":\"ImageObject\",\"inLanguage\":\"es\",\"@id\":\"https:\/\/www.geostru.eu\/es\/#\/schema\/logo\/image\/\",\"url\":\"https:\/\/www.geostru.eu\/wp-content\/uploads\/2023\/02\/LOGO_GEOSTRU_educational_banner.png\",\"contentUrl\":\"https:\/\/www.geostru.eu\/wp-content\/uploads\/2023\/02\/LOGO_GEOSTRU_educational_banner.png\",\"width\":363,\"height\":115,\"caption\":\"GeoStru\"},\"image\":{\"@id\":\"https:\/\/www.geostru.eu\/es\/#\/schema\/logo\/image\/\"},\"sameAs\":[\"https:\/\/www.facebook.com\/GeoStruSoftware\/\",\"https:\/\/x.com\/geostru\",\"https:\/\/www.linkedin.com\/company\/2462488\/admin\/\",\"https:\/\/www.instagram.com\/geostru\/\"]}]}<\/script>\n<meta property=\"product:brand\" content=\"Software Geolog\u00eda\" \/>\n<meta property=\"product:price:amount\" content=\"490.00\" \/>\n<meta property=\"product:price:currency\" content=\"EUR\" \/>\n<meta property=\"og:availability\" content=\"instock\" \/>\n<meta property=\"product:availability\" content=\"instock\" \/>\n<meta property=\"product:retailer_item_id\" content=\"9\" \/>\n<meta property=\"product:condition\" content=\"new\" \/>\n<!-- \/ Yoast SEO Premium plugin. -->","yoast_head_json":{"title":"Estabilidad de taludes - Slope","description":"Programa para el an\u00e1lisis de la estabilidad de taludes en suelos con y sin cohesi\u00f3n con m\u00e9todos tradicionales en geot\u00e9cnica (Equilibrio l\u00edmite)","robots":{"index":"index","follow":"follow","max-snippet":"max-snippet:-1","max-image-preview":"max-image-preview:large","max-video-preview":"max-video-preview:-1"},"canonical":"https:\/\/www.geostru.eu\/es\/shop\/software-es\/geotecnia-y-geologia\/estabilidad-de-taludes-slope\/","og_locale":"es_ES","og_type":"article","og_title":"Estabilidad de taludes - Slope","og_description":"Programa para el an\u00e1lisis de la estabilidad de taludes en suelos con y sin cohesi\u00f3n con m\u00e9todos tradicionales en geot\u00e9cnica (Equilibrio l\u00edmite)","og_url":"https:\/\/www.geostru.eu\/es\/shop\/software-es\/geotecnia-y-geologia\/estabilidad-de-taludes-slope\/","og_site_name":"GeoStru","article_publisher":"https:\/\/www.facebook.com\/GeoStruSoftware\/","article_modified_time":"2026-05-12T10:09:55+00:00","og_image":[{"width":1200,"height":630,"url":"https:\/\/www.geostru.eu\/wp-content\/uploads\/2013\/12\/Risorsa-14.jpg","type":"image\/jpeg"}],"twitter_card":"summary_large_image","twitter_site":"@geostru","twitter_misc":{"Precio":"&euro;490.00 exc. IVA","Disponibilidad":"Disponible"},"schema":{"@context":"https:\/\/schema.org","@graph":[{"@type":"WebPage","@id":"https:\/\/www.geostru.eu\/es\/shop\/software-es\/geotecnia-y-geologia\/estabilidad-de-taludes-slope\/","url":"https:\/\/www.geostru.eu\/es\/shop\/software-es\/geotecnia-y-geologia\/estabilidad-de-taludes-slope\/","name":"Estabilidad de taludes - Slope","isPartOf":{"@id":"https:\/\/www.geostru.eu\/es\/#website"},"primaryImageOfPage":{"@id":"https:\/\/www.geostru.eu\/es\/shop\/software-es\/geotecnia-y-geologia\/estabilidad-de-taludes-slope\/#primaryimage"},"image":{"@id":"https:\/\/www.geostru.eu\/es\/shop\/software-es\/geotecnia-y-geologia\/estabilidad-de-taludes-slope\/#primaryimage"},"thumbnailUrl":"https:\/\/www.geostru.eu\/wp-content\/uploads\/2013\/12\/SLOPE.png","datePublished":"2022-06-18T14:51:22+00:00","dateModified":"2026-05-12T10:09:55+00:00","description":"Programa para el an\u00e1lisis de la estabilidad de taludes en suelos con y sin cohesi\u00f3n con m\u00e9todos tradicionales en geot\u00e9cnica (Equilibrio l\u00edmite)","breadcrumb":{"@id":"https:\/\/www.geostru.eu\/es\/shop\/software-es\/geotecnia-y-geologia\/estabilidad-de-taludes-slope\/#breadcrumb"},"inLanguage":"es","potentialAction":[{"@type":"ReadAction","target":["https:\/\/www.geostru.eu\/es\/shop\/software-es\/geotecnia-y-geologia\/estabilidad-de-taludes-slope\/"]}]},{"@type":"ImageObject","inLanguage":"es","@id":"https:\/\/www.geostru.eu\/es\/shop\/software-es\/geotecnia-y-geologia\/estabilidad-de-taludes-slope\/#primaryimage","url":"https:\/\/www.geostru.eu\/wp-content\/uploads\/2013\/12\/SLOPE.png","contentUrl":"https:\/\/www.geostru.eu\/wp-content\/uploads\/2013\/12\/SLOPE.png","width":1936,"height":1040,"caption":"Verificaci\u00f3n y an\u00e1lisis de la estabilidad de taludes suite software geobuild - geostru"},{"@type":"BreadcrumbList","@id":"https:\/\/www.geostru.eu\/es\/shop\/software-es\/geotecnia-y-geologia\/estabilidad-de-taludes-slope\/#breadcrumb","itemListElement":[{"@type":"ListItem","position":1,"name":"Home","item":"https:\/\/www.geostru.eu\/es\/"},{"@type":"ListItem","position":2,"name":"Shop","item":"https:\/\/www.geostru.eu\/shop\/?lang=es"},{"@type":"ListItem","position":3,"name":"Estabilidad de taludes &#8211; Slope"}]},{"@type":"WebSite","@id":"https:\/\/www.geostru.eu\/es\/#website","url":"https:\/\/www.geostru.eu\/es\/","name":"GeoStru","description":"Professionals at your service","publisher":{"@id":"https:\/\/www.geostru.eu\/es\/#organization"},"potentialAction":[{"@type":"SearchAction","target":{"@type":"EntryPoint","urlTemplate":"https:\/\/www.geostru.eu\/es\/?s={search_term_string}"},"query-input":{"@type":"PropertyValueSpecification","valueRequired":true,"valueName":"search_term_string"}}],"inLanguage":"es"},{"@type":"Organization","@id":"https:\/\/www.geostru.eu\/es\/#organization","name":"GeoStru","url":"https:\/\/www.geostru.eu\/es\/","logo":{"@type":"ImageObject","inLanguage":"es","@id":"https:\/\/www.geostru.eu\/es\/#\/schema\/logo\/image\/","url":"https:\/\/www.geostru.eu\/wp-content\/uploads\/2023\/02\/LOGO_GEOSTRU_educational_banner.png","contentUrl":"https:\/\/www.geostru.eu\/wp-content\/uploads\/2023\/02\/LOGO_GEOSTRU_educational_banner.png","width":363,"height":115,"caption":"GeoStru"},"image":{"@id":"https:\/\/www.geostru.eu\/es\/#\/schema\/logo\/image\/"},"sameAs":["https:\/\/www.facebook.com\/GeoStruSoftware\/","https:\/\/x.com\/geostru","https:\/\/www.linkedin.com\/company\/2462488\/admin\/","https:\/\/www.instagram.com\/geostru\/"]}]},"product_brand":"Software Geolog\u00eda","product_price_amount":"490.00","product_price_currency":"EUR","og_availability":"instock","product_availability":"instock","product_retailer_item_id":"9","product_condition":"new"},"_links":{"self":[{"href":"https:\/\/www.geostru.eu\/es\/wp-json\/wp\/v2\/product\/13753"}],"collection":[{"href":"https:\/\/www.geostru.eu\/es\/wp-json\/wp\/v2\/product"}],"about":[{"href":"https:\/\/www.geostru.eu\/es\/wp-json\/wp\/v2\/types\/product"}],"replies":[{"embeddable":true,"href":"https:\/\/www.geostru.eu\/es\/wp-json\/wp\/v2\/comments?post=13753"}],"wp:featuredmedia":[{"embeddable":true,"href":"https:\/\/www.geostru.eu\/es\/wp-json\/wp\/v2\/media\/15230"}],"wp:attachment":[{"href":"https:\/\/www.geostru.eu\/es\/wp-json\/wp\/v2\/media?parent=13753"}],"wp:term":[{"taxonomy":"product_cat","embeddable":true,"href":"https:\/\/www.geostru.eu\/es\/wp-json\/wp\/v2\/product_cat?post=13753"},{"taxonomy":"product_tag","embeddable":true,"href":"https:\/\/www.geostru.eu\/es\/wp-json\/wp\/v2\/product_tag?post=13753"}],"curies":[{"name":"wp","href":"https:\/\/api.w.org\/{rel}","templated":true}]}}