{"id":13743,"date":"2022-06-18T18:05:01","date_gmt":"2022-06-18T16:05:01","guid":{"rendered":"https:\/\/www.geostru.eu\/product\/mdc-muri-di-sostegno-2\/"},"modified":"2026-04-11T07:24:05","modified_gmt":"2026-04-11T05:24:05","slug":"mdc-muros-de-contencion","status":"publish","type":"product","link":"https:\/\/www.geostru.eu\/es\/shop\/software-es\/geotecnia-y-geologia\/mdc-muros-de-contencion\/","title":{"rendered":"Muros de contenci\u00f3n &#8211; MDC"},"content":{"rendered":"<p style=\"text-align: justify;\">MDC permite, gracias a sus numerosas opciones, realizar el an\u00e1lisis de muros de contenci\u00f3n con una amplia casu\u00edstica.<br \/>\nMuros en CA; Muros a gravedad; Muros de gaviones, Muros de bloque, Muros sobre pilotes y micropilotes; Muros con anclajes; Muros en m\u00e9nsula lado monte; Tac\u00f3n de cimentaci\u00f3n; Muro a escalones lato monta\u00f1a; Muro svasato lado valle y lado monte; Acciones agentes en el muro: FX, FY, MZ en n puntos; Muros de s\u00f3tano.<br \/>\nTerreno estratificado; Con terrapl\u00e9no; Cargas sobre terrapl\u00e9n; Terreno con tramos inclinados lado monte y valle; Presencia de nivel fre\u00e1tico, incluso suspendido; Posibilidad de incluir el relleno (drenaje) lado monte.<br \/>\nDiagramas de las tensiones; Editor de las armaduras<br \/>\nAn\u00e1lisis de estabilidad global con: FELLENIUS, BISHOP, JANBU, BELL, SARMA, SPENCER, MORGENSTERN e PRICE, DEM.<\/p>\n","protected":false},"excerpt":{"rendered":"<p style=\"text-align: justify;\">Programa para el an\u00e1lisis de muros de: contenci\u00f3n en hormig\u00f3n armado, muros de gaviones, muros de bloque con cimentaciones directas o sobre pilotes y con anclajes. El software efect\u00faa un c\u00e1lculo geot\u00e9cnico utilizando, a elecci\u00f3n del usuario, las teor\u00edas adoptadas normalmente en geotecnia y efect\u00faa todas las verificaciones prescritas por la normativa actual, entre ellas la de <a href=\"https:\/\/www.geostru.eu\/es\/shop\/software-extesions\/global-stability-analysis-gsa\/\">estabilidad global<\/a>, incluso en condiciones s\u00edsmicas.<\/p>\n<p><a href=\"https:\/\/www.youtube.com\/watch?v=AxPHO4NYcZw&amp;feature=youtu.be\">Video Tutorial<\/a><\/p>\n<p style=\"text-align: justify;\" align=\"justify\">\n","protected":false},"featured_media":15195,"comment_status":"open","ping_status":"closed","template":"","meta":[],"product_cat":[529,204,185],"product_tag":[431],"class_list":{"0":"post-13743","1":"product","2":"type-product","3":"status-publish","4":"has-post-thumbnail","6":"product_cat-software-geologia-es","7":"product_cat-estructuras","8":"product_cat-geotecnia-y-geologia","9":"product_tag-muros-de-contencion","10":"description-off","12":"first","13":"instock","14":"sale","15":"downloadable","16":"virtual","17":"sold-individually","18":"taxable","19":"purchasable","20":"product-type-licensed"},"yoast_head":"<!-- This site is optimized with the Yoast SEO Premium plugin v25.0 (Yoast SEO v25.0) - https:\/\/yoast.com\/wordpress\/plugins\/seo\/ -->\n<title>Muros de contenci\u00f3n - MDC - GeoStru<\/title>\n<meta name=\"description\" content=\"Programa para el an\u00e1lisis de muros de contenci\u00f3n en hormig\u00f3n armado con cimentaciones directas o sobre pilotes y con anclajes.\" \/>\n<meta name=\"robots\" content=\"index, follow, max-snippet:-1, max-image-preview:large, max-video-preview:-1\" \/>\n<link rel=\"canonical\" href=\"https:\/\/www.geostru.eu\/es\/shop\/software-es\/geotecnia-y-geologia\/mdc-muros-de-contencion\/\" \/>\n<meta property=\"og:locale\" content=\"es_ES\" \/>\n<meta property=\"og:type\" content=\"article\" \/>\n<meta property=\"og:title\" content=\"Muros de contenci\u00f3n - MDC\" \/>\n<meta property=\"og:description\" content=\"Programa para el an\u00e1lisis de muros de contenci\u00f3n en hormig\u00f3n armado con cimentaciones directas o sobre pilotes y con anclajes.\" \/>\n<meta property=\"og:url\" content=\"https:\/\/www.geostru.eu\/es\/shop\/software-es\/geotecnia-y-geologia\/mdc-muros-de-contencion\/\" \/>\n<meta property=\"og:site_name\" content=\"GeoStru\" \/>\n<meta property=\"article:publisher\" content=\"https:\/\/www.facebook.com\/GeoStruSoftware\/\" \/>\n<meta property=\"article:modified_time\" content=\"2026-04-11T05:24:05+00:00\" \/>\n<meta property=\"og:image\" content=\"https:\/\/www.geostru.eu\/wp-content\/uploads\/2022\/06\/mdc_es.jpg\" \/>\n\t<meta property=\"og:image:width\" content=\"1200\" \/>\n\t<meta property=\"og:image:height\" content=\"630\" \/>\n\t<meta property=\"og:image:type\" content=\"image\/jpeg\" \/>\n<meta name=\"twitter:card\" content=\"summary_large_image\" \/>\n<meta name=\"twitter:site\" content=\"@geostru\" \/>\n<meta name=\"twitter:label1\" content=\"Precio\" \/>\n\t<meta name=\"twitter:data1\" content=\"&euro;390.00 exc. IVA\" \/>\n\t<meta name=\"twitter:label2\" content=\"Disponibilidad\" \/>\n\t<meta name=\"twitter:data2\" content=\"Disponible\" \/>\n<script type=\"application\/ld+json\" class=\"yoast-schema-graph\">{\"@context\":\"https:\/\/schema.org\",\"@graph\":[{\"@type\":\"WebPage\",\"@id\":\"https:\/\/www.geostru.eu\/es\/shop\/software-es\/geotecnia-y-geologia\/mdc-muros-de-contencion\/\",\"url\":\"https:\/\/www.geostru.eu\/es\/shop\/software-es\/geotecnia-y-geologia\/mdc-muros-de-contencion\/\",\"name\":\"Muros de contenci\u00f3n - MDC - GeoStru\",\"isPartOf\":{\"@id\":\"https:\/\/www.geostru.eu\/es\/#website\"},\"primaryImageOfPage\":{\"@id\":\"https:\/\/www.geostru.eu\/es\/shop\/software-es\/geotecnia-y-geologia\/mdc-muros-de-contencion\/#primaryimage\"},\"image\":{\"@id\":\"https:\/\/www.geostru.eu\/es\/shop\/software-es\/geotecnia-y-geologia\/mdc-muros-de-contencion\/#primaryimage\"},\"thumbnailUrl\":\"https:\/\/www.geostru.eu\/wp-content\/uploads\/2013\/12\/MDC.png\",\"datePublished\":\"2022-06-18T16:05:01+00:00\",\"dateModified\":\"2026-04-11T05:24:05+00:00\",\"description\":\"Programa para el an\u00e1lisis de muros de contenci\u00f3n en hormig\u00f3n armado con cimentaciones directas o sobre pilotes y con anclajes.\",\"breadcrumb\":{\"@id\":\"https:\/\/www.geostru.eu\/es\/shop\/software-es\/geotecnia-y-geologia\/mdc-muros-de-contencion\/#breadcrumb\"},\"inLanguage\":\"es\",\"potentialAction\":[{\"@type\":\"ReadAction\",\"target\":[\"https:\/\/www.geostru.eu\/es\/shop\/software-es\/geotecnia-y-geologia\/mdc-muros-de-contencion\/\"]}]},{\"@type\":\"ImageObject\",\"inLanguage\":\"es\",\"@id\":\"https:\/\/www.geostru.eu\/es\/shop\/software-es\/geotecnia-y-geologia\/mdc-muros-de-contencion\/#primaryimage\",\"url\":\"https:\/\/www.geostru.eu\/wp-content\/uploads\/2013\/12\/MDC.png\",\"contentUrl\":\"https:\/\/www.geostru.eu\/wp-content\/uploads\/2013\/12\/MDC.png\",\"width\":1936,\"height\":1040,\"caption\":\"muri di sostegno - mdc geostru\"},{\"@type\":\"BreadcrumbList\",\"@id\":\"https:\/\/www.geostru.eu\/es\/shop\/software-es\/geotecnia-y-geologia\/mdc-muros-de-contencion\/#breadcrumb\",\"itemListElement\":[{\"@type\":\"ListItem\",\"position\":1,\"name\":\"Home\",\"item\":\"https:\/\/www.geostru.eu\/es\/\"},{\"@type\":\"ListItem\",\"position\":2,\"name\":\"Shop\",\"item\":\"https:\/\/www.geostru.eu\/shop\/?lang=es\"},{\"@type\":\"ListItem\",\"position\":3,\"name\":\"Muros de contenci\u00f3n &#8211; MDC\"}]},{\"@type\":\"WebSite\",\"@id\":\"https:\/\/www.geostru.eu\/es\/#website\",\"url\":\"https:\/\/www.geostru.eu\/es\/\",\"name\":\"GeoStru\",\"description\":\"Professionals at your service\",\"publisher\":{\"@id\":\"https:\/\/www.geostru.eu\/es\/#organization\"},\"potentialAction\":[{\"@type\":\"SearchAction\",\"target\":{\"@type\":\"EntryPoint\",\"urlTemplate\":\"https:\/\/www.geostru.eu\/es\/?s={search_term_string}\"},\"query-input\":{\"@type\":\"PropertyValueSpecification\",\"valueRequired\":true,\"valueName\":\"search_term_string\"}}],\"inLanguage\":\"es\"},{\"@type\":\"Organization\",\"@id\":\"https:\/\/www.geostru.eu\/es\/#organization\",\"name\":\"GeoStru\",\"url\":\"https:\/\/www.geostru.eu\/es\/\",\"logo\":{\"@type\":\"ImageObject\",\"inLanguage\":\"es\",\"@id\":\"https:\/\/www.geostru.eu\/es\/#\/schema\/logo\/image\/\",\"url\":\"https:\/\/www.geostru.eu\/wp-content\/uploads\/2023\/02\/LOGO_GEOSTRU_educational_banner.png\",\"contentUrl\":\"https:\/\/www.geostru.eu\/wp-content\/uploads\/2023\/02\/LOGO_GEOSTRU_educational_banner.png\",\"width\":363,\"height\":115,\"caption\":\"GeoStru\"},\"image\":{\"@id\":\"https:\/\/www.geostru.eu\/es\/#\/schema\/logo\/image\/\"},\"sameAs\":[\"https:\/\/www.facebook.com\/GeoStruSoftware\/\",\"https:\/\/x.com\/geostru\",\"https:\/\/www.linkedin.com\/company\/2462488\/admin\/\",\"https:\/\/www.instagram.com\/geostru\/\"]}]}<\/script>\n<meta property=\"product:brand\" content=\"Software Geolog\u00eda\" \/>\n<meta property=\"product:price:amount\" content=\"390.00\" \/>\n<meta property=\"product:price:currency\" content=\"EUR\" \/>\n<meta property=\"og:availability\" content=\"instock\" \/>\n<meta property=\"product:availability\" content=\"instock\" \/>\n<meta property=\"product:retailer_item_id\" content=\"6\" \/>\n<meta property=\"product:condition\" content=\"new\" \/>\n<!-- \/ Yoast SEO Premium plugin. -->","yoast_head_json":{"title":"Muros de contenci\u00f3n - MDC - GeoStru","description":"Programa para el an\u00e1lisis de muros de contenci\u00f3n en hormig\u00f3n armado con cimentaciones directas o sobre pilotes y con anclajes.","robots":{"index":"index","follow":"follow","max-snippet":"max-snippet:-1","max-image-preview":"max-image-preview:large","max-video-preview":"max-video-preview:-1"},"canonical":"https:\/\/www.geostru.eu\/es\/shop\/software-es\/geotecnia-y-geologia\/mdc-muros-de-contencion\/","og_locale":"es_ES","og_type":"article","og_title":"Muros de contenci\u00f3n - MDC","og_description":"Programa para el an\u00e1lisis de muros de contenci\u00f3n en hormig\u00f3n armado con cimentaciones directas o sobre pilotes y con anclajes.","og_url":"https:\/\/www.geostru.eu\/es\/shop\/software-es\/geotecnia-y-geologia\/mdc-muros-de-contencion\/","og_site_name":"GeoStru","article_publisher":"https:\/\/www.facebook.com\/GeoStruSoftware\/","article_modified_time":"2026-04-11T05:24:05+00:00","og_image":[{"width":1200,"height":630,"url":"https:\/\/www.geostru.eu\/wp-content\/uploads\/2022\/06\/mdc_es.jpg","type":"image\/jpeg"}],"twitter_card":"summary_large_image","twitter_site":"@geostru","twitter_misc":{"Precio":"&euro;390.00 exc. IVA","Disponibilidad":"Disponible"},"schema":{"@context":"https:\/\/schema.org","@graph":[{"@type":"WebPage","@id":"https:\/\/www.geostru.eu\/es\/shop\/software-es\/geotecnia-y-geologia\/mdc-muros-de-contencion\/","url":"https:\/\/www.geostru.eu\/es\/shop\/software-es\/geotecnia-y-geologia\/mdc-muros-de-contencion\/","name":"Muros de contenci\u00f3n - MDC - GeoStru","isPartOf":{"@id":"https:\/\/www.geostru.eu\/es\/#website"},"primaryImageOfPage":{"@id":"https:\/\/www.geostru.eu\/es\/shop\/software-es\/geotecnia-y-geologia\/mdc-muros-de-contencion\/#primaryimage"},"image":{"@id":"https:\/\/www.geostru.eu\/es\/shop\/software-es\/geotecnia-y-geologia\/mdc-muros-de-contencion\/#primaryimage"},"thumbnailUrl":"https:\/\/www.geostru.eu\/wp-content\/uploads\/2013\/12\/MDC.png","datePublished":"2022-06-18T16:05:01+00:00","dateModified":"2026-04-11T05:24:05+00:00","description":"Programa para el an\u00e1lisis de muros de contenci\u00f3n en hormig\u00f3n armado con cimentaciones directas o sobre pilotes y con anclajes.","breadcrumb":{"@id":"https:\/\/www.geostru.eu\/es\/shop\/software-es\/geotecnia-y-geologia\/mdc-muros-de-contencion\/#breadcrumb"},"inLanguage":"es","potentialAction":[{"@type":"ReadAction","target":["https:\/\/www.geostru.eu\/es\/shop\/software-es\/geotecnia-y-geologia\/mdc-muros-de-contencion\/"]}]},{"@type":"ImageObject","inLanguage":"es","@id":"https:\/\/www.geostru.eu\/es\/shop\/software-es\/geotecnia-y-geologia\/mdc-muros-de-contencion\/#primaryimage","url":"https:\/\/www.geostru.eu\/wp-content\/uploads\/2013\/12\/MDC.png","contentUrl":"https:\/\/www.geostru.eu\/wp-content\/uploads\/2013\/12\/MDC.png","width":1936,"height":1040,"caption":"muri di sostegno - mdc geostru"},{"@type":"BreadcrumbList","@id":"https:\/\/www.geostru.eu\/es\/shop\/software-es\/geotecnia-y-geologia\/mdc-muros-de-contencion\/#breadcrumb","itemListElement":[{"@type":"ListItem","position":1,"name":"Home","item":"https:\/\/www.geostru.eu\/es\/"},{"@type":"ListItem","position":2,"name":"Shop","item":"https:\/\/www.geostru.eu\/shop\/?lang=es"},{"@type":"ListItem","position":3,"name":"Muros de contenci\u00f3n &#8211; MDC"}]},{"@type":"WebSite","@id":"https:\/\/www.geostru.eu\/es\/#website","url":"https:\/\/www.geostru.eu\/es\/","name":"GeoStru","description":"Professionals at your service","publisher":{"@id":"https:\/\/www.geostru.eu\/es\/#organization"},"potentialAction":[{"@type":"SearchAction","target":{"@type":"EntryPoint","urlTemplate":"https:\/\/www.geostru.eu\/es\/?s={search_term_string}"},"query-input":{"@type":"PropertyValueSpecification","valueRequired":true,"valueName":"search_term_string"}}],"inLanguage":"es"},{"@type":"Organization","@id":"https:\/\/www.geostru.eu\/es\/#organization","name":"GeoStru","url":"https:\/\/www.geostru.eu\/es\/","logo":{"@type":"ImageObject","inLanguage":"es","@id":"https:\/\/www.geostru.eu\/es\/#\/schema\/logo\/image\/","url":"https:\/\/www.geostru.eu\/wp-content\/uploads\/2023\/02\/LOGO_GEOSTRU_educational_banner.png","contentUrl":"https:\/\/www.geostru.eu\/wp-content\/uploads\/2023\/02\/LOGO_GEOSTRU_educational_banner.png","width":363,"height":115,"caption":"GeoStru"},"image":{"@id":"https:\/\/www.geostru.eu\/es\/#\/schema\/logo\/image\/"},"sameAs":["https:\/\/www.facebook.com\/GeoStruSoftware\/","https:\/\/x.com\/geostru","https:\/\/www.linkedin.com\/company\/2462488\/admin\/","https:\/\/www.instagram.com\/geostru\/"]}]},"product_brand":"Software Geolog\u00eda","product_price_amount":"390.00","product_price_currency":"EUR","og_availability":"instock","product_availability":"instock","product_retailer_item_id":"6","product_condition":"new"},"_links":{"self":[{"href":"https:\/\/www.geostru.eu\/es\/wp-json\/wp\/v2\/product\/13743"}],"collection":[{"href":"https:\/\/www.geostru.eu\/es\/wp-json\/wp\/v2\/product"}],"about":[{"href":"https:\/\/www.geostru.eu\/es\/wp-json\/wp\/v2\/types\/product"}],"replies":[{"embeddable":true,"href":"https:\/\/www.geostru.eu\/es\/wp-json\/wp\/v2\/comments?post=13743"}],"wp:featuredmedia":[{"embeddable":true,"href":"https:\/\/www.geostru.eu\/es\/wp-json\/wp\/v2\/media\/15195"}],"wp:attachment":[{"href":"https:\/\/www.geostru.eu\/es\/wp-json\/wp\/v2\/media?parent=13743"}],"wp:term":[{"taxonomy":"product_cat","embeddable":true,"href":"https:\/\/www.geostru.eu\/es\/wp-json\/wp\/v2\/product_cat?post=13743"},{"taxonomy":"product_tag","embeddable":true,"href":"https:\/\/www.geostru.eu\/es\/wp-json\/wp\/v2\/product_tag?post=13743"}],"curies":[{"name":"wp","href":"https:\/\/api.w.org\/{rel}","templated":true}]}}