{"id":13737,"date":"2013-12-18T18:06:18","date_gmt":"2013-12-18T16:06:18","guid":{"rendered":"https:\/\/www.geostru.eu\/product\/spw-paratie-2\/"},"modified":"2026-04-23T17:58:46","modified_gmt":"2026-04-23T15:58:46","slug":"spw-diseno-y-calculo-de-pantallas","status":"publish","type":"product","link":"https:\/\/www.geostru.eu\/es\/shop\/software-es\/geotecnia-y-geologia\/spw-diseno-y-calculo-de-pantallas\/","title":{"rendered":"SPW \u2013 Dise\u00f1o y c\u00e1lculo de pantallas"},"content":{"rendered":"<p style=\"text-align: justify;\"><b>CARATTERISTICHE<\/b><\/p>\n<ul>\n<li style=\"text-align: justify;\">M\u00e9todo de c\u00e1lculo: elementos finitos y Equilibrio l\u00edmite<\/li>\n<li style=\"text-align: justify;\">Terreno estratificado<\/li>\n<li style=\"text-align: justify;\">Presencia de sismo y nivel fre\u00e1tico<\/li>\n<li style=\"text-align: justify;\">Pilotes en fila<\/li>\n<li style=\"text-align: justify;\">Pilotes al tresbolillo<\/li>\n<li style=\"text-align: justify;\">Micropilotes en fila<\/li>\n<li style=\"text-align: justify;\">Micropilotes al tresbolillo<\/li>\n<li style=\"text-align: justify;\">Pantallas continuas con doble fila de armadura<\/li>\n<li style=\"text-align: justify;\">Secci\u00f3n gen\u00e9rica<\/li>\n<li style=\"text-align: justify;\">Anclajes en varias filas<\/li>\n<li style=\"text-align: justify;\">Cargas de varios tipos sobre el relleno: franjas de carga, l\u00edneas de carga, cargas uniformemente distribuidas<\/li>\n<li style=\"text-align: justify;\">Trazado del ret\u00edculo de flujo con diferenciase finitas<\/li>\n<\/ul>\n<p style=\"text-align: justify;\" align=\"justify\"><b>C\u00c1LCULO<\/b><\/p>\n<ul>\n<li style=\"text-align: justify;\">C\u00e1lculo con equilibrio l\u00edmite (LEM) y con elementos finitos (FEM) incluso an\u00e1lisis no lineal<\/li>\n<li style=\"text-align: justify;\">C\u00e1lculo de la profundidad de hinca<\/li>\n<li style=\"text-align: justify;\">Verificaci\u00f3n de la profundidad de hinca asignada<\/li>\n<li style=\"text-align: justify;\">Visualizaci\u00f3n de los diagramas de las solicitaciones para cada fase y combinaci\u00f3n<\/li>\n<li style=\"text-align: justify;\">C\u00e1lculo autom\u00e1tico del coeficiente de reacci\u00f3n horizontal<\/li>\n<li style=\"text-align: justify;\">C\u00e1lculo de los empujes con los m\u00e9todos de Coulomb, Rankine, Mononobe &amp; Okabe, Caquot y Kerisel<\/li>\n<li style=\"text-align: justify;\">C\u00e1lculo de las tensiones en el subsuelo inducidas por cargas externas con el m\u00e9todo de Boussinesq<\/li>\n<li style=\"text-align: justify;\">An\u00e1lisis de la pantalla durante las fases de excavaci\u00f3n<\/li>\n<li style=\"text-align: justify;\">Ante proyecto de las secciones con estado l\u00edmite \u00faltimo incluyendo secciones mixtas<\/li>\n<li style=\"text-align: justify;\">An\u00e1lisis de estabilidad global<\/li>\n<li style=\"text-align: justify;\">Trazado del ret\u00edculo de flujo con diferencias finitas<\/li>\n<li style=\"text-align: justify;\">AN\u00c1LISIS DE ESTABILIDAD GLOBAL,\u00a0M\u00e9todos: <strong>FELLENIUS, BISHOP, JANBU, BELL, SARMA, \u00a0D.E.M.<\/strong><\/li>\n<\/ul>\n<p style=\"text-align: justify;\" align=\"justify\">El programa est\u00e1 en interfazcon <strong>G.F.A.S.<\/strong><em> (Geotechnical and F.E.M. analysis System)<\/em>.<\/p>\n<p style=\"text-align: justify;\">\n","protected":false},"excerpt":{"rendered":"<p style=\"text-align: justify;\" align=\"justify\">Software para proyectar y calcular<strong> PANTALLAS.\u00a0<\/strong>Los m\u00e9todos de c\u00e1lculo utilizados son: Equilibrio l\u00edmite y Elementos finitos.<br \/>\nDichos m\u00e9todos son complejos ya sea desde el punto de vista num\u00e9rico que de la cantidad de par\u00e1metros geot\u00e9cnicos necesarios para el c\u00e1lculo. El programa <strong>SPW\u00a0<\/strong>permite efectuar el an\u00e1lisis de entibaciones en voladizo o con anclajes.<\/p>\n<p>Tambi\u00e9n recibir\u00e1s:<\/p>\n<ul>\n<li>Verificaci\u00f3n de la estabilidad global con el software <a href=\"https:\/\/www.geostru.eu\/es\/shop\/software-es\/global-stability-analysis-gsa\/\">GSA<\/a><\/li>\n<li>Rejilla de flujo para el an\u00e1lisis y dise\u00f1o del flujo de agua en estado estacionario mediante diferencias finitas.<\/li>\n<li>C\u00e1lculo m\u00e9trico estimativo, <a href=\"http:\/\/www.geodropbox.com\">acceso a la plataforma BIM geodropbox<\/a><\/li>\n<\/ul>\n<p>Para el c\u00e1lculo de desplazamientos permanentes en condiciones s\u00edsmicas, consulta el software <a href=\"https:\/\/www.geostru.eu\/es\/shop\/software-es\/displacement-of-retaining-walls-due-to-earthquakes-drew-seismic\/\">Drewseismic<\/a><\/p>\n<p><a href=\"https:\/\/www.youtube.com\/watch?v=8oXtAQqINyY&amp;feature=youtu.be\">Video tutorial<\/a><\/p>\n","protected":false},"featured_media":15426,"comment_status":"open","ping_status":"closed","template":"","meta":[],"product_cat":[529,204,185],"product_tag":[438,439],"class_list":{"0":"post-13737","1":"product","2":"type-product","3":"status-publish","4":"has-post-thumbnail","6":"product_cat-software-geologia-es","7":"product_cat-estructuras","8":"product_cat-geotecnia-y-geologia","9":"product_tag-pantallas","10":"product_tag-pantallas-es","11":"pa_product-professional-en-es","12":"pa_product-subscription-1-year-en-es","13":"description-off","15":"first","16":"instock","17":"downloadable","18":"virtual","19":"sold-individually","20":"taxable","21":"purchasable","22":"product-type-licensed"},"yoast_head":"<!-- This site is optimized with the Yoast SEO Premium plugin v25.0 (Yoast SEO v25.0) - https:\/\/yoast.com\/wordpress\/plugins\/seo\/ -->\n<title>SPW \u2013 Dise\u00f1o y c\u00e1lculo de pantallas - GeoStru<\/title>\n<meta name=\"description\" content=\"Software para proyectar y calcular PANTALLAS. Los m\u00e9todos de c\u00e1lculo utilizados son: Equilibrio l\u00edmite y Elementos finitos.\" \/>\n<meta name=\"robots\" content=\"index, follow, max-snippet:-1, max-image-preview:large, max-video-preview:-1\" \/>\n<link rel=\"canonical\" href=\"https:\/\/www.geostru.eu\/es\/shop\/software-es\/geotecnia-y-geologia\/spw-diseno-y-calculo-de-pantallas\/\" \/>\n<meta property=\"og:locale\" content=\"es_ES\" \/>\n<meta property=\"og:type\" content=\"article\" \/>\n<meta property=\"og:title\" content=\"SPW \u2013 Dise\u00f1o y c\u00e1lculo de pantallas\" \/>\n<meta property=\"og:description\" content=\"Software para proyectar y calcular PANTALLAS. Los m\u00e9todos de c\u00e1lculo utilizados son: Equilibrio l\u00edmite y Elementos finitos.\" \/>\n<meta property=\"og:url\" content=\"https:\/\/www.geostru.eu\/es\/shop\/software-es\/geotecnia-y-geologia\/spw-diseno-y-calculo-de-pantallas\/\" \/>\n<meta property=\"og:site_name\" content=\"GeoStru\" \/>\n<meta property=\"article:publisher\" content=\"https:\/\/www.facebook.com\/GeoStruSoftware\/\" \/>\n<meta property=\"article:modified_time\" content=\"2026-04-23T15:58:46+00:00\" \/>\n<meta property=\"og:image\" content=\"https:\/\/www.geostru.eu\/wp-content\/uploads\/2013\/12\/SPW_ES_.jpg\" \/>\n\t<meta property=\"og:image:width\" content=\"1200\" \/>\n\t<meta property=\"og:image:height\" content=\"630\" \/>\n\t<meta property=\"og:image:type\" content=\"image\/jpeg\" \/>\n<meta name=\"twitter:card\" content=\"summary_large_image\" \/>\n<meta name=\"twitter:site\" content=\"@geostru\" \/>\n<meta name=\"twitter:label1\" content=\"Precio\" \/>\n\t<meta name=\"twitter:data1\" content=\"&euro;490.00 exc. IVA\" \/>\n\t<meta name=\"twitter:label2\" content=\"Disponibilidad\" \/>\n\t<meta name=\"twitter:data2\" content=\"Disponible\" \/>\n<script type=\"application\/ld+json\" class=\"yoast-schema-graph\">{\"@context\":\"https:\/\/schema.org\",\"@graph\":[{\"@type\":\"WebPage\",\"@id\":\"https:\/\/www.geostru.eu\/es\/shop\/software-es\/geotecnia-y-geologia\/spw-diseno-y-calculo-de-pantallas\/\",\"url\":\"https:\/\/www.geostru.eu\/es\/shop\/software-es\/geotecnia-y-geologia\/spw-diseno-y-calculo-de-pantallas\/\",\"name\":\"SPW \u2013 Dise\u00f1o y c\u00e1lculo de pantallas - GeoStru\",\"isPartOf\":{\"@id\":\"https:\/\/www.geostru.eu\/es\/#website\"},\"primaryImageOfPage\":{\"@id\":\"https:\/\/www.geostru.eu\/es\/shop\/software-es\/geotecnia-y-geologia\/spw-diseno-y-calculo-de-pantallas\/#primaryimage\"},\"image\":{\"@id\":\"https:\/\/www.geostru.eu\/es\/shop\/software-es\/geotecnia-y-geologia\/spw-diseno-y-calculo-de-pantallas\/#primaryimage\"},\"thumbnailUrl\":\"https:\/\/www.geostru.eu\/wp-content\/uploads\/2015\/08\/spw_water_flow.png\",\"datePublished\":\"2013-12-18T16:06:18+00:00\",\"dateModified\":\"2026-04-23T15:58:46+00:00\",\"description\":\"Software para proyectar y calcular PANTALLAS. Los m\u00e9todos de c\u00e1lculo utilizados son: Equilibrio l\u00edmite y Elementos finitos.\",\"breadcrumb\":{\"@id\":\"https:\/\/www.geostru.eu\/es\/shop\/software-es\/geotecnia-y-geologia\/spw-diseno-y-calculo-de-pantallas\/#breadcrumb\"},\"inLanguage\":\"es\",\"potentialAction\":[{\"@type\":\"ReadAction\",\"target\":[\"https:\/\/www.geostru.eu\/es\/shop\/software-es\/geotecnia-y-geologia\/spw-diseno-y-calculo-de-pantallas\/\"]}]},{\"@type\":\"ImageObject\",\"inLanguage\":\"es\",\"@id\":\"https:\/\/www.geostru.eu\/es\/shop\/software-es\/geotecnia-y-geologia\/spw-diseno-y-calculo-de-pantallas\/#primaryimage\",\"url\":\"https:\/\/www.geostru.eu\/wp-content\/uploads\/2015\/08\/spw_water_flow.png\",\"contentUrl\":\"https:\/\/www.geostru.eu\/wp-content\/uploads\/2015\/08\/spw_water_flow.png\",\"width\":1920,\"height\":1040,\"caption\":\"spw geostru\"},{\"@type\":\"BreadcrumbList\",\"@id\":\"https:\/\/www.geostru.eu\/es\/shop\/software-es\/geotecnia-y-geologia\/spw-diseno-y-calculo-de-pantallas\/#breadcrumb\",\"itemListElement\":[{\"@type\":\"ListItem\",\"position\":1,\"name\":\"Home\",\"item\":\"https:\/\/www.geostru.eu\/es\/\"},{\"@type\":\"ListItem\",\"position\":2,\"name\":\"Shop\",\"item\":\"https:\/\/www.geostru.eu\/shop\/?lang=es\"},{\"@type\":\"ListItem\",\"position\":3,\"name\":\"SPW \u2013 Dise\u00f1o y c\u00e1lculo de pantallas\"}]},{\"@type\":\"WebSite\",\"@id\":\"https:\/\/www.geostru.eu\/es\/#website\",\"url\":\"https:\/\/www.geostru.eu\/es\/\",\"name\":\"GeoStru\",\"description\":\"Professionals at your service\",\"publisher\":{\"@id\":\"https:\/\/www.geostru.eu\/es\/#organization\"},\"potentialAction\":[{\"@type\":\"SearchAction\",\"target\":{\"@type\":\"EntryPoint\",\"urlTemplate\":\"https:\/\/www.geostru.eu\/es\/?s={search_term_string}\"},\"query-input\":{\"@type\":\"PropertyValueSpecification\",\"valueRequired\":true,\"valueName\":\"search_term_string\"}}],\"inLanguage\":\"es\"},{\"@type\":\"Organization\",\"@id\":\"https:\/\/www.geostru.eu\/es\/#organization\",\"name\":\"GeoStru\",\"url\":\"https:\/\/www.geostru.eu\/es\/\",\"logo\":{\"@type\":\"ImageObject\",\"inLanguage\":\"es\",\"@id\":\"https:\/\/www.geostru.eu\/es\/#\/schema\/logo\/image\/\",\"url\":\"https:\/\/www.geostru.eu\/wp-content\/uploads\/2023\/02\/LOGO_GEOSTRU_educational_banner.png\",\"contentUrl\":\"https:\/\/www.geostru.eu\/wp-content\/uploads\/2023\/02\/LOGO_GEOSTRU_educational_banner.png\",\"width\":363,\"height\":115,\"caption\":\"GeoStru\"},\"image\":{\"@id\":\"https:\/\/www.geostru.eu\/es\/#\/schema\/logo\/image\/\"},\"sameAs\":[\"https:\/\/www.facebook.com\/GeoStruSoftware\/\",\"https:\/\/x.com\/geostru\",\"https:\/\/www.linkedin.com\/company\/2462488\/admin\/\",\"https:\/\/www.instagram.com\/geostru\/\"]}]}<\/script>\n<meta property=\"product:brand\" content=\"Software Geolog\u00eda\" \/>\n<meta property=\"product:price:amount\" content=\"490.00\" \/>\n<meta property=\"product:price:currency\" content=\"EUR\" \/>\n<meta property=\"og:availability\" content=\"instock\" \/>\n<meta property=\"product:availability\" content=\"instock\" \/>\n<meta property=\"product:retailer_item_id\" content=\"5\" \/>\n<meta property=\"product:condition\" content=\"new\" \/>\n<!-- \/ Yoast SEO Premium plugin. -->","yoast_head_json":{"title":"SPW \u2013 Dise\u00f1o y c\u00e1lculo de pantallas - GeoStru","description":"Software para proyectar y calcular PANTALLAS. Los m\u00e9todos de c\u00e1lculo utilizados son: Equilibrio l\u00edmite y Elementos finitos.","robots":{"index":"index","follow":"follow","max-snippet":"max-snippet:-1","max-image-preview":"max-image-preview:large","max-video-preview":"max-video-preview:-1"},"canonical":"https:\/\/www.geostru.eu\/es\/shop\/software-es\/geotecnia-y-geologia\/spw-diseno-y-calculo-de-pantallas\/","og_locale":"es_ES","og_type":"article","og_title":"SPW \u2013 Dise\u00f1o y c\u00e1lculo de pantallas","og_description":"Software para proyectar y calcular PANTALLAS. Los m\u00e9todos de c\u00e1lculo utilizados son: Equilibrio l\u00edmite y Elementos finitos.","og_url":"https:\/\/www.geostru.eu\/es\/shop\/software-es\/geotecnia-y-geologia\/spw-diseno-y-calculo-de-pantallas\/","og_site_name":"GeoStru","article_publisher":"https:\/\/www.facebook.com\/GeoStruSoftware\/","article_modified_time":"2026-04-23T15:58:46+00:00","og_image":[{"width":1200,"height":630,"url":"https:\/\/www.geostru.eu\/wp-content\/uploads\/2013\/12\/SPW_ES_.jpg","type":"image\/jpeg"}],"twitter_card":"summary_large_image","twitter_site":"@geostru","twitter_misc":{"Precio":"&euro;490.00 exc. IVA","Disponibilidad":"Disponible"},"schema":{"@context":"https:\/\/schema.org","@graph":[{"@type":"WebPage","@id":"https:\/\/www.geostru.eu\/es\/shop\/software-es\/geotecnia-y-geologia\/spw-diseno-y-calculo-de-pantallas\/","url":"https:\/\/www.geostru.eu\/es\/shop\/software-es\/geotecnia-y-geologia\/spw-diseno-y-calculo-de-pantallas\/","name":"SPW \u2013 Dise\u00f1o y c\u00e1lculo de pantallas - GeoStru","isPartOf":{"@id":"https:\/\/www.geostru.eu\/es\/#website"},"primaryImageOfPage":{"@id":"https:\/\/www.geostru.eu\/es\/shop\/software-es\/geotecnia-y-geologia\/spw-diseno-y-calculo-de-pantallas\/#primaryimage"},"image":{"@id":"https:\/\/www.geostru.eu\/es\/shop\/software-es\/geotecnia-y-geologia\/spw-diseno-y-calculo-de-pantallas\/#primaryimage"},"thumbnailUrl":"https:\/\/www.geostru.eu\/wp-content\/uploads\/2015\/08\/spw_water_flow.png","datePublished":"2013-12-18T16:06:18+00:00","dateModified":"2026-04-23T15:58:46+00:00","description":"Software para proyectar y calcular PANTALLAS. Los m\u00e9todos de c\u00e1lculo utilizados son: Equilibrio l\u00edmite y Elementos finitos.","breadcrumb":{"@id":"https:\/\/www.geostru.eu\/es\/shop\/software-es\/geotecnia-y-geologia\/spw-diseno-y-calculo-de-pantallas\/#breadcrumb"},"inLanguage":"es","potentialAction":[{"@type":"ReadAction","target":["https:\/\/www.geostru.eu\/es\/shop\/software-es\/geotecnia-y-geologia\/spw-diseno-y-calculo-de-pantallas\/"]}]},{"@type":"ImageObject","inLanguage":"es","@id":"https:\/\/www.geostru.eu\/es\/shop\/software-es\/geotecnia-y-geologia\/spw-diseno-y-calculo-de-pantallas\/#primaryimage","url":"https:\/\/www.geostru.eu\/wp-content\/uploads\/2015\/08\/spw_water_flow.png","contentUrl":"https:\/\/www.geostru.eu\/wp-content\/uploads\/2015\/08\/spw_water_flow.png","width":1920,"height":1040,"caption":"spw geostru"},{"@type":"BreadcrumbList","@id":"https:\/\/www.geostru.eu\/es\/shop\/software-es\/geotecnia-y-geologia\/spw-diseno-y-calculo-de-pantallas\/#breadcrumb","itemListElement":[{"@type":"ListItem","position":1,"name":"Home","item":"https:\/\/www.geostru.eu\/es\/"},{"@type":"ListItem","position":2,"name":"Shop","item":"https:\/\/www.geostru.eu\/shop\/?lang=es"},{"@type":"ListItem","position":3,"name":"SPW \u2013 Dise\u00f1o y c\u00e1lculo de pantallas"}]},{"@type":"WebSite","@id":"https:\/\/www.geostru.eu\/es\/#website","url":"https:\/\/www.geostru.eu\/es\/","name":"GeoStru","description":"Professionals at your service","publisher":{"@id":"https:\/\/www.geostru.eu\/es\/#organization"},"potentialAction":[{"@type":"SearchAction","target":{"@type":"EntryPoint","urlTemplate":"https:\/\/www.geostru.eu\/es\/?s={search_term_string}"},"query-input":{"@type":"PropertyValueSpecification","valueRequired":true,"valueName":"search_term_string"}}],"inLanguage":"es"},{"@type":"Organization","@id":"https:\/\/www.geostru.eu\/es\/#organization","name":"GeoStru","url":"https:\/\/www.geostru.eu\/es\/","logo":{"@type":"ImageObject","inLanguage":"es","@id":"https:\/\/www.geostru.eu\/es\/#\/schema\/logo\/image\/","url":"https:\/\/www.geostru.eu\/wp-content\/uploads\/2023\/02\/LOGO_GEOSTRU_educational_banner.png","contentUrl":"https:\/\/www.geostru.eu\/wp-content\/uploads\/2023\/02\/LOGO_GEOSTRU_educational_banner.png","width":363,"height":115,"caption":"GeoStru"},"image":{"@id":"https:\/\/www.geostru.eu\/es\/#\/schema\/logo\/image\/"},"sameAs":["https:\/\/www.facebook.com\/GeoStruSoftware\/","https:\/\/x.com\/geostru","https:\/\/www.linkedin.com\/company\/2462488\/admin\/","https:\/\/www.instagram.com\/geostru\/"]}]},"product_brand":"Software Geolog\u00eda","product_price_amount":"490.00","product_price_currency":"EUR","og_availability":"instock","product_availability":"instock","product_retailer_item_id":"5","product_condition":"new"},"_links":{"self":[{"href":"https:\/\/www.geostru.eu\/es\/wp-json\/wp\/v2\/product\/13737"}],"collection":[{"href":"https:\/\/www.geostru.eu\/es\/wp-json\/wp\/v2\/product"}],"about":[{"href":"https:\/\/www.geostru.eu\/es\/wp-json\/wp\/v2\/types\/product"}],"replies":[{"embeddable":true,"href":"https:\/\/www.geostru.eu\/es\/wp-json\/wp\/v2\/comments?post=13737"}],"wp:featuredmedia":[{"embeddable":true,"href":"https:\/\/www.geostru.eu\/es\/wp-json\/wp\/v2\/media\/15426"}],"wp:attachment":[{"href":"https:\/\/www.geostru.eu\/es\/wp-json\/wp\/v2\/media?parent=13737"}],"wp:term":[{"taxonomy":"product_cat","embeddable":true,"href":"https:\/\/www.geostru.eu\/es\/wp-json\/wp\/v2\/product_cat?post=13737"},{"taxonomy":"product_tag","embeddable":true,"href":"https:\/\/www.geostru.eu\/es\/wp-json\/wp\/v2\/product_tag?post=13737"}],"curies":[{"name":"wp","href":"https:\/\/api.w.org\/{rel}","templated":true}]}}