{"id":13735,"date":"2013-12-18T18:06:39","date_gmt":"2013-12-18T16:06:39","guid":{"rendered":"https:\/\/www.geostru.eu\/product\/stratigrapher-disegno-ed-archiviazione-di-colonne-stratigrafiche-2\/"},"modified":"2026-04-11T16:42:08","modified_gmt":"2026-04-11T14:42:08","slug":"columnas-estratigraficas","status":"publish","type":"product","link":"https:\/\/www.geostru.eu\/es\/shop\/software-es\/columnas-estratigraficas\/","title":{"rendered":"Columnas estratigr\u00e1ficas-STRATIGRAPHER"},"content":{"rendered":"<p style=\"text-align: justify;\" align=\"justify\">Columnas estratigr\u00e1ficas:\u00a0El programa permite construir las columnas estratigr\u00e1ficas tanto para la representaci\u00f3n de las sucesiones litol\u00f3gicas con detalles de ensayos <strong>SPT<\/strong>, <strong>CRT<\/strong>, <strong>MASW<\/strong>, como para la representaci\u00f3n de pozos; basta arrastrar con el mouse . Las columnas del modelo se rellenan autom\u00e1ticamente con solo arrastrar, mediante el mouse, el tipo de suelo hacia el interior del \u00e1rea elegida. La funci\u00f3n multip\u00e1gina permite representar en un solo archivo los sondeos de gran profundidad en un \u00fanico archivo.<\/p>\n<ul>\n<li>El programa cuenta con una librer\u00eda de texturas litol\u00f3gicas subdivididas en: <em>Terrenos incoherentes<\/em>, <em>Terrenos con cohesi\u00f3n<\/em>, <em>Rocas<\/em> <em>y Otros<\/em>, adem\u00e1s de <em>Texturas Vectoriales<\/em>. El usuario puede, gracias a un Editor de Texturas raster y otro de vectoriales, agregar nuevas tramas y personalizar las ya existentes y tambi\u00e9n puede descargar la texturas disponibles online.<\/li>\n<li>El Editor de Estilos que permite al usuario agregar o eliminar columnas, modificar las etiquetas y el encabezado de los modelos predefinidos y tambi\u00e9n crear otros personalizados.<\/li>\n<li>Cada uno de los modelos creados por el usuario se puede guardar, creando as\u00ed un database de estilos \u00fatil, flexible y f\u00e1cil de administrar.<\/li>\n<li>Tanto localmente como online est\u00e1n disponibles templates atinentes a los estudios geogn\u00f3sticos m\u00e1s comunes: <strong>SPT<\/strong>, <strong>CPT<\/strong>, <strong>MASW<\/strong> y a la representaci\u00f3n del detalle de pozos.<\/li>\n<li>La gesti\u00f3n de las sucesiones litol\u00f3gicas permite integrar una descripci\u00f3n completa y detallada, incluso para los estratos m\u00e1s sutiles.<\/li>\n<li>Templates para <strong>POZOS<\/strong>, <strong>SPT<\/strong>,<strong> CPT<\/strong>, <strong>MASW<\/strong> y <strong>LICUEFACCI\u00d3N<\/strong>.<\/li>\n<li>Administraci\u00f3n de cajas catalogadoras.<\/li>\n<\/ul>\n<p>El programa cuenta con un editor vectorial para crear texturas personalizadas y con un editor raster para la edici\u00f3n de texturas raster.<\/p>\n","protected":false},"excerpt":{"rendered":"<p style=\"text-align: justify;\" align=\"justify\">La nueva versi\u00f3n de <strong>STRATIGRAPHER<\/strong> es ideal para representar columnas estratigr\u00e1ficas de uso geol\u00f3gico y t\u00e9cnico, a\u00f1adiendo adem\u00e1s <strong>POZOS<\/strong>, <strong>SPT<\/strong>, <strong>CPT<\/strong>,<strong>MASW<\/strong> y <strong>LICUEFACCI\u00d3N<\/strong>.<br \/>\nSe representan las verticales litol\u00f3gicas y de caracterizaci\u00f3n de los sondeos geogn\u00f3sticos.\u00a0 <strong>BIM COMPATIBLE<\/p>\n<p><\/strong><\/p>\n<p>\ud83d\ude80 Tambi\u00e9n disponible en versi\u00f3n AI por solo 59 \u20ac en GeoStru AI (<a href=\"http:\/\/www.geostru.ai\/\">www.geostru.ai<\/a>), con funcionalidades avanzadas y soporte inteligente.<\/p>\n","protected":false},"featured_media":15226,"comment_status":"open","ping_status":"closed","template":"","meta":[],"product_cat":[13323,191,529,185,203,187],"product_tag":[],"class_list":{"0":"post-13735","1":"product","2":"type-product","3":"status-publish","4":"has-post-thumbnail","6":"product_cat-gensmart-es","7":"product_cat-software-es","8":"product_cat-software-geologia-es","9":"product_cat-geotecnia-y-geologia","10":"product_cat-ensayos-in-situ","11":"product_cat-geofisica-es","12":"pa_product-professional-en-es","13":"pa_product-subscription-1-year-en-es","14":"description-off","16":"first","17":"instock","18":"downloadable","19":"virtual","20":"sold-individually","21":"taxable","22":"purchasable","23":"product-type-licensed"},"yoast_head":"<!-- This site is optimized with the Yoast SEO Premium plugin v25.0 (Yoast SEO v25.0) - https:\/\/yoast.com\/wordpress\/plugins\/seo\/ -->\n<title>Columnas estratigr\u00e1ficas-STRATIGRAPHER - GeoStru<\/title>\n<meta name=\"description\" content=\"Columnas estratigr\u00e1ficas-STRATIGRAPHER es ideal para representar columnas estratigr\u00e1ficas de uso geol\u00f3gico y t\u00e9cnico, a\u00f1adiendo adem\u00e1s POZOS, SPT, CPT,MASW\" \/>\n<meta name=\"robots\" content=\"index, follow, max-snippet:-1, max-image-preview:large, max-video-preview:-1\" \/>\n<link rel=\"canonical\" href=\"https:\/\/www.geostru.eu\/es\/shop\/software-es\/columnas-estratigraficas\/\" \/>\n<meta property=\"og:locale\" content=\"es_ES\" \/>\n<meta property=\"og:type\" content=\"article\" \/>\n<meta property=\"og:title\" content=\"Columnas estratigr\u00e1ficas-STRATIGRAPHER\" \/>\n<meta property=\"og:description\" content=\"Columnas estratigr\u00e1ficas-STRATIGRAPHER es ideal para representar columnas estratigr\u00e1ficas de uso geol\u00f3gico y t\u00e9cnico, a\u00f1adiendo adem\u00e1s POZOS, SPT, CPT,MASW\" \/>\n<meta property=\"og:url\" content=\"https:\/\/www.geostru.eu\/es\/shop\/software-es\/columnas-estratigraficas\/\" \/>\n<meta property=\"og:site_name\" content=\"GeoStru\" \/>\n<meta property=\"article:publisher\" content=\"https:\/\/www.facebook.com\/GeoStruSoftware\/\" \/>\n<meta property=\"article:modified_time\" content=\"2026-04-11T14:42:08+00:00\" \/>\n<meta property=\"og:image\" content=\"https:\/\/www.geostru.eu\/wp-content\/uploads\/2013\/12\/Risorsa-61.jpg\" \/>\n\t<meta property=\"og:image:width\" content=\"1200\" \/>\n\t<meta property=\"og:image:height\" content=\"630\" \/>\n\t<meta property=\"og:image:type\" content=\"image\/jpeg\" \/>\n<meta name=\"twitter:card\" content=\"summary_large_image\" \/>\n<meta name=\"twitter:site\" content=\"@geostru\" \/>\n<meta name=\"twitter:label1\" content=\"Precio\" \/>\n\t<meta name=\"twitter:data1\" content=\"&euro;390.00 exc. IVA\" \/>\n\t<meta name=\"twitter:label2\" content=\"Disponibilidad\" \/>\n\t<meta name=\"twitter:data2\" content=\"Disponible\" \/>\n<script type=\"application\/ld+json\" class=\"yoast-schema-graph\">{\"@context\":\"https:\/\/schema.org\",\"@graph\":[{\"@type\":\"WebPage\",\"@id\":\"https:\/\/www.geostru.eu\/es\/shop\/software-es\/columnas-estratigraficas\/\",\"url\":\"https:\/\/www.geostru.eu\/es\/shop\/software-es\/columnas-estratigraficas\/\",\"name\":\"Columnas estratigr\u00e1ficas-STRATIGRAPHER - GeoStru\",\"isPartOf\":{\"@id\":\"https:\/\/www.geostru.eu\/es\/#website\"},\"primaryImageOfPage\":{\"@id\":\"https:\/\/www.geostru.eu\/es\/shop\/software-es\/columnas-estratigraficas\/#primaryimage\"},\"image\":{\"@id\":\"https:\/\/www.geostru.eu\/es\/shop\/software-es\/columnas-estratigraficas\/#primaryimage\"},\"thumbnailUrl\":\"https:\/\/www.geostru.eu\/wp-content\/uploads\/2013\/12\/Stratigrapher.png\",\"datePublished\":\"2013-12-18T16:06:39+00:00\",\"dateModified\":\"2026-04-11T14:42:08+00:00\",\"description\":\"Columnas estratigr\u00e1ficas-STRATIGRAPHER es ideal para representar columnas estratigr\u00e1ficas de uso geol\u00f3gico y t\u00e9cnico, a\u00f1adiendo adem\u00e1s POZOS, SPT, CPT,MASW\",\"breadcrumb\":{\"@id\":\"https:\/\/www.geostru.eu\/es\/shop\/software-es\/columnas-estratigraficas\/#breadcrumb\"},\"inLanguage\":\"es\",\"potentialAction\":[{\"@type\":\"ReadAction\",\"target\":[\"https:\/\/www.geostru.eu\/es\/shop\/software-es\/columnas-estratigraficas\/\"]}]},{\"@type\":\"ImageObject\",\"inLanguage\":\"es\",\"@id\":\"https:\/\/www.geostru.eu\/es\/shop\/software-es\/columnas-estratigraficas\/#primaryimage\",\"url\":\"https:\/\/www.geostru.eu\/wp-content\/uploads\/2013\/12\/Stratigrapher.png\",\"contentUrl\":\"https:\/\/www.geostru.eu\/wp-content\/uploads\/2013\/12\/Stratigrapher.png\",\"width\":1936,\"height\":1040},{\"@type\":\"BreadcrumbList\",\"@id\":\"https:\/\/www.geostru.eu\/es\/shop\/software-es\/columnas-estratigraficas\/#breadcrumb\",\"itemListElement\":[{\"@type\":\"ListItem\",\"position\":1,\"name\":\"Home\",\"item\":\"https:\/\/www.geostru.eu\/es\/\"},{\"@type\":\"ListItem\",\"position\":2,\"name\":\"Shop\",\"item\":\"https:\/\/www.geostru.eu\/shop\/?lang=es\"},{\"@type\":\"ListItem\",\"position\":3,\"name\":\"Columnas estratigr\u00e1ficas-STRATIGRAPHER\"}]},{\"@type\":\"WebSite\",\"@id\":\"https:\/\/www.geostru.eu\/es\/#website\",\"url\":\"https:\/\/www.geostru.eu\/es\/\",\"name\":\"GeoStru\",\"description\":\"Professionals at your service\",\"publisher\":{\"@id\":\"https:\/\/www.geostru.eu\/es\/#organization\"},\"potentialAction\":[{\"@type\":\"SearchAction\",\"target\":{\"@type\":\"EntryPoint\",\"urlTemplate\":\"https:\/\/www.geostru.eu\/es\/?s={search_term_string}\"},\"query-input\":{\"@type\":\"PropertyValueSpecification\",\"valueRequired\":true,\"valueName\":\"search_term_string\"}}],\"inLanguage\":\"es\"},{\"@type\":\"Organization\",\"@id\":\"https:\/\/www.geostru.eu\/es\/#organization\",\"name\":\"GeoStru\",\"url\":\"https:\/\/www.geostru.eu\/es\/\",\"logo\":{\"@type\":\"ImageObject\",\"inLanguage\":\"es\",\"@id\":\"https:\/\/www.geostru.eu\/es\/#\/schema\/logo\/image\/\",\"url\":\"https:\/\/www.geostru.eu\/wp-content\/uploads\/2023\/02\/LOGO_GEOSTRU_educational_banner.png\",\"contentUrl\":\"https:\/\/www.geostru.eu\/wp-content\/uploads\/2023\/02\/LOGO_GEOSTRU_educational_banner.png\",\"width\":363,\"height\":115,\"caption\":\"GeoStru\"},\"image\":{\"@id\":\"https:\/\/www.geostru.eu\/es\/#\/schema\/logo\/image\/\"},\"sameAs\":[\"https:\/\/www.facebook.com\/GeoStruSoftware\/\",\"https:\/\/x.com\/geostru\",\"https:\/\/www.linkedin.com\/company\/2462488\/admin\/\",\"https:\/\/www.instagram.com\/geostru\/\"]}]}<\/script>\n<meta property=\"product:brand\" content=\"Software\" \/>\n<meta property=\"product:price:amount\" content=\"390.00\" \/>\n<meta property=\"product:price:currency\" content=\"EUR\" \/>\n<meta property=\"og:availability\" content=\"instock\" \/>\n<meta property=\"product:availability\" content=\"instock\" \/>\n<meta property=\"product:retailer_item_id\" content=\"14\" \/>\n<meta property=\"product:condition\" content=\"new\" \/>\n<!-- \/ Yoast SEO Premium plugin. -->","yoast_head_json":{"title":"Columnas estratigr\u00e1ficas-STRATIGRAPHER - GeoStru","description":"Columnas estratigr\u00e1ficas-STRATIGRAPHER es ideal para representar columnas estratigr\u00e1ficas de uso geol\u00f3gico y t\u00e9cnico, a\u00f1adiendo adem\u00e1s POZOS, SPT, CPT,MASW","robots":{"index":"index","follow":"follow","max-snippet":"max-snippet:-1","max-image-preview":"max-image-preview:large","max-video-preview":"max-video-preview:-1"},"canonical":"https:\/\/www.geostru.eu\/es\/shop\/software-es\/columnas-estratigraficas\/","og_locale":"es_ES","og_type":"article","og_title":"Columnas estratigr\u00e1ficas-STRATIGRAPHER","og_description":"Columnas estratigr\u00e1ficas-STRATIGRAPHER es ideal para representar columnas estratigr\u00e1ficas de uso geol\u00f3gico y t\u00e9cnico, a\u00f1adiendo adem\u00e1s POZOS, SPT, CPT,MASW","og_url":"https:\/\/www.geostru.eu\/es\/shop\/software-es\/columnas-estratigraficas\/","og_site_name":"GeoStru","article_publisher":"https:\/\/www.facebook.com\/GeoStruSoftware\/","article_modified_time":"2026-04-11T14:42:08+00:00","og_image":[{"width":1200,"height":630,"url":"https:\/\/www.geostru.eu\/wp-content\/uploads\/2013\/12\/Risorsa-61.jpg","type":"image\/jpeg"}],"twitter_card":"summary_large_image","twitter_site":"@geostru","twitter_misc":{"Precio":"&euro;390.00 exc. IVA","Disponibilidad":"Disponible"},"schema":{"@context":"https:\/\/schema.org","@graph":[{"@type":"WebPage","@id":"https:\/\/www.geostru.eu\/es\/shop\/software-es\/columnas-estratigraficas\/","url":"https:\/\/www.geostru.eu\/es\/shop\/software-es\/columnas-estratigraficas\/","name":"Columnas estratigr\u00e1ficas-STRATIGRAPHER - GeoStru","isPartOf":{"@id":"https:\/\/www.geostru.eu\/es\/#website"},"primaryImageOfPage":{"@id":"https:\/\/www.geostru.eu\/es\/shop\/software-es\/columnas-estratigraficas\/#primaryimage"},"image":{"@id":"https:\/\/www.geostru.eu\/es\/shop\/software-es\/columnas-estratigraficas\/#primaryimage"},"thumbnailUrl":"https:\/\/www.geostru.eu\/wp-content\/uploads\/2013\/12\/Stratigrapher.png","datePublished":"2013-12-18T16:06:39+00:00","dateModified":"2026-04-11T14:42:08+00:00","description":"Columnas estratigr\u00e1ficas-STRATIGRAPHER es ideal para representar columnas estratigr\u00e1ficas de uso geol\u00f3gico y t\u00e9cnico, a\u00f1adiendo adem\u00e1s POZOS, SPT, CPT,MASW","breadcrumb":{"@id":"https:\/\/www.geostru.eu\/es\/shop\/software-es\/columnas-estratigraficas\/#breadcrumb"},"inLanguage":"es","potentialAction":[{"@type":"ReadAction","target":["https:\/\/www.geostru.eu\/es\/shop\/software-es\/columnas-estratigraficas\/"]}]},{"@type":"ImageObject","inLanguage":"es","@id":"https:\/\/www.geostru.eu\/es\/shop\/software-es\/columnas-estratigraficas\/#primaryimage","url":"https:\/\/www.geostru.eu\/wp-content\/uploads\/2013\/12\/Stratigrapher.png","contentUrl":"https:\/\/www.geostru.eu\/wp-content\/uploads\/2013\/12\/Stratigrapher.png","width":1936,"height":1040},{"@type":"BreadcrumbList","@id":"https:\/\/www.geostru.eu\/es\/shop\/software-es\/columnas-estratigraficas\/#breadcrumb","itemListElement":[{"@type":"ListItem","position":1,"name":"Home","item":"https:\/\/www.geostru.eu\/es\/"},{"@type":"ListItem","position":2,"name":"Shop","item":"https:\/\/www.geostru.eu\/shop\/?lang=es"},{"@type":"ListItem","position":3,"name":"Columnas estratigr\u00e1ficas-STRATIGRAPHER"}]},{"@type":"WebSite","@id":"https:\/\/www.geostru.eu\/es\/#website","url":"https:\/\/www.geostru.eu\/es\/","name":"GeoStru","description":"Professionals at your service","publisher":{"@id":"https:\/\/www.geostru.eu\/es\/#organization"},"potentialAction":[{"@type":"SearchAction","target":{"@type":"EntryPoint","urlTemplate":"https:\/\/www.geostru.eu\/es\/?s={search_term_string}"},"query-input":{"@type":"PropertyValueSpecification","valueRequired":true,"valueName":"search_term_string"}}],"inLanguage":"es"},{"@type":"Organization","@id":"https:\/\/www.geostru.eu\/es\/#organization","name":"GeoStru","url":"https:\/\/www.geostru.eu\/es\/","logo":{"@type":"ImageObject","inLanguage":"es","@id":"https:\/\/www.geostru.eu\/es\/#\/schema\/logo\/image\/","url":"https:\/\/www.geostru.eu\/wp-content\/uploads\/2023\/02\/LOGO_GEOSTRU_educational_banner.png","contentUrl":"https:\/\/www.geostru.eu\/wp-content\/uploads\/2023\/02\/LOGO_GEOSTRU_educational_banner.png","width":363,"height":115,"caption":"GeoStru"},"image":{"@id":"https:\/\/www.geostru.eu\/es\/#\/schema\/logo\/image\/"},"sameAs":["https:\/\/www.facebook.com\/GeoStruSoftware\/","https:\/\/x.com\/geostru","https:\/\/www.linkedin.com\/company\/2462488\/admin\/","https:\/\/www.instagram.com\/geostru\/"]}]},"product_brand":"Software","product_price_amount":"390.00","product_price_currency":"EUR","og_availability":"instock","product_availability":"instock","product_retailer_item_id":"14","product_condition":"new"},"_links":{"self":[{"href":"https:\/\/www.geostru.eu\/es\/wp-json\/wp\/v2\/product\/13735"}],"collection":[{"href":"https:\/\/www.geostru.eu\/es\/wp-json\/wp\/v2\/product"}],"about":[{"href":"https:\/\/www.geostru.eu\/es\/wp-json\/wp\/v2\/types\/product"}],"replies":[{"embeddable":true,"href":"https:\/\/www.geostru.eu\/es\/wp-json\/wp\/v2\/comments?post=13735"}],"wp:featuredmedia":[{"embeddable":true,"href":"https:\/\/www.geostru.eu\/es\/wp-json\/wp\/v2\/media\/15226"}],"wp:attachment":[{"href":"https:\/\/www.geostru.eu\/es\/wp-json\/wp\/v2\/media?parent=13735"}],"wp:term":[{"taxonomy":"product_cat","embeddable":true,"href":"https:\/\/www.geostru.eu\/es\/wp-json\/wp\/v2\/product_cat?post=13735"},{"taxonomy":"product_tag","embeddable":true,"href":"https:\/\/www.geostru.eu\/es\/wp-json\/wp\/v2\/product_tag?post=13735"}],"curies":[{"name":"wp","href":"https:\/\/api.w.org\/{rel}","templated":true}]}}