{"id":13732,"date":"2013-12-18T18:06:59","date_gmt":"2013-12-18T16:06:59","guid":{"rendered":"https:\/\/www.geostru.eu\/product\/georock-2d-caduta-massi-2d-2\/"},"modified":"2025-09-19T15:49:33","modified_gmt":"2025-09-19T13:49:33","slug":"georock-2d-caida-de-rocas-2d","status":"publish","type":"product","link":"https:\/\/www.geostru.eu\/es\/shop\/software-es\/geomecanica-es\/georock-2d-caida-de-rocas-2d\/","title":{"rendered":"GeoRock 2D \u2013 Ca\u00edda de rocas 2D"},"content":{"rendered":"<p style=\"text-align: justify;\" align=\"justify\"><b>INPUT DE DATOS<\/b><\/p>\n<ul>\n<li style=\"text-align: justify;\">Input gr\u00e1fico por medio del mouse<\/li>\n<li style=\"text-align: justify;\">Input num\u00e9rico en forma tabular<\/li>\n<li style=\"text-align: justify;\">Lectura datos de EXCEL<\/li>\n<li style=\"text-align: justify;\">Lectura de files DXF<\/li>\n<li style=\"text-align: justify;\">El software permite generar autom\u00e1ticamente las secciones topogr\u00e1ficas a analizar con <strong>Geostru MAPS<\/strong><\/li>\n<\/ul>\n<p style=\"text-align: justify;\">Para el modelo <strong>Lumped Mass<\/strong> las hip\u00f3tesis de c\u00e1lculo son: esquema plano, perfil del talud semejante a una fracci\u00f3n constituida por segmentos rectil\u00edneos, bloque puntiforme e insignificante resistencia del aire.<\/p>\n<p style=\"text-align: justify;\">El Modelo <strong>C.R.S.P.<\/strong> <em>(Colorado Rockfall Simulation Program)<\/em> ha sido desarrollado por <strong>Pfeiffer y Bowen (1989)<\/strong> con el objetivo de modelar el movimiento de la ca\u00edda de bloques de roca con forma esf\u00e9rica, cil\u00edndrica o de disco, con secci\u00f3n circular en el plano vertical del movimiento. La confiabilidad del modelo ha sido verificada por medio de comparaciones entre los resultados num\u00e9ricos y los obtenidos en pruebas in situ.<\/p>\n<p style=\"text-align: justify;\">El software est\u00e1 en interfaz con los programas: TRISPACE para la elaboraci\u00f3n autom\u00e1tica de secciones a partir de un plano acotado o de im\u00e1genes raster y con Geostru MAPS para la elaboraci\u00f3n autom\u00e1tica de las secciones topogr\u00e1ficas con google maps.<\/p>\n<p style=\"text-align: justify;\">Se pueden dividir las trayectorias de ca\u00edda, subdividi\u00e9ndolas en las siguientes zonas:<\/p>\n<ul>\n<li style=\"text-align: justify;\">de tr\u00e1nsito y de parada del <strong>70%<\/strong> de los bloques<\/li>\n<li style=\"text-align: justify;\">de parada del <strong>95%<\/strong> de los bloques<\/li>\n<li style=\"text-align: justify;\">de parada del <strong>100%<\/strong> de los bloques<\/li>\n<\/ul>\n<p style=\"text-align: justify;\">A estas zonas se le asignan despu\u00e9s las clases de peligrosidad relativa.<\/p>\n<p style=\"text-align: justify;\"><b>M\u00c9TODOS DE C\u00c1LCULO<\/b><\/p>\n<ul>\n<li style=\"text-align: justify;\">M\u00e9todo de <strong>C.R.S.P.<\/strong> <em>(Colorado Rockfall Simulation Program)<\/em><\/li>\n<li style=\"text-align: justify;\">M\u00e9todo\u00a0<strong>LUMPED MASS<\/strong><\/li>\n<\/ul>\n<p style=\"text-align: justify;\"><b>OBRAS DE INTERVENCI\u00d3N<\/b><\/p>\n<ul>\n<li style=\"text-align: justify;\">Barreras de cualquier forma<\/li>\n<li style=\"text-align: justify;\">Dise\u00f1o y c\u00e1lculo de barreras: r\u00edgidas y el\u00e1sticas, terraplenes y trincheras<\/li>\n<\/ul>\n","protected":false},"excerpt":{"rendered":"<div class=\"excerpt\">\n<p align=\"justify\">Software para la simulaci\u00f3n de ca\u00edda de rocas con el m\u00e9todo llamado <strong>Lumped Mass y C.R.S.P.<\/strong><\/p>\n<\/div>\n<p style=\"text-align: justify;\" align=\"justify\">\n","protected":false},"featured_media":15114,"comment_status":"open","ping_status":"closed","template":"","meta":[],"product_cat":[191,186],"product_tag":[],"class_list":{"0":"post-13732","1":"product","2":"type-product","3":"status-publish","4":"has-post-thumbnail","6":"product_cat-software-es","7":"product_cat-geomecanica-es","8":"pa_product-professional-en-es","9":"pa_product-subscription-1-year-en-es","10":"description-off","12":"first","13":"instock","14":"downloadable","15":"virtual","16":"sold-individually","17":"taxable","18":"purchasable","19":"product-type-licensed"},"yoast_head":"<!-- This site is optimized with the Yoast SEO Premium plugin v25.0 (Yoast SEO v25.0) - https:\/\/yoast.com\/wordpress\/plugins\/seo\/ -->\n<title>GeoRock 2D \u2013 Ca\u00edda de rocas 2D - GeoStru<\/title>\n<meta name=\"description\" content=\"Software para la simulaci\u00f3n de ca\u00edda de rocas con el m\u00e9todo llamado Lumped Mass y C.R.S.P.\" \/>\n<meta name=\"robots\" content=\"index, follow, max-snippet:-1, max-image-preview:large, max-video-preview:-1\" \/>\n<link rel=\"canonical\" href=\"https:\/\/www.geostru.eu\/es\/shop\/software-es\/geomecanica-es\/georock-2d-caida-de-rocas-2d\/\" \/>\n<meta property=\"og:locale\" content=\"es_ES\" \/>\n<meta property=\"og:type\" content=\"article\" \/>\n<meta property=\"og:title\" content=\"GeoRock 2D \u2013 Ca\u00edda de rocas 2D\" \/>\n<meta property=\"og:description\" content=\"Software para la simulaci\u00f3n de ca\u00edda de rocas con el m\u00e9todo llamado Lumped Mass y C.R.S.P.\" \/>\n<meta property=\"og:url\" content=\"https:\/\/www.geostru.eu\/es\/shop\/software-es\/geomecanica-es\/georock-2d-caida-de-rocas-2d\/\" \/>\n<meta property=\"og:site_name\" content=\"GeoStru\" \/>\n<meta property=\"article:publisher\" content=\"https:\/\/www.facebook.com\/GeoStruSoftware\/\" \/>\n<meta property=\"article:modified_time\" content=\"2025-09-19T13:49:33+00:00\" \/>\n<meta property=\"og:image\" content=\"https:\/\/www.geostru.eu\/wp-content\/uploads\/2013\/12\/Risorsa-96.jpg\" \/>\n\t<meta property=\"og:image:width\" content=\"1200\" \/>\n\t<meta property=\"og:image:height\" content=\"630\" \/>\n\t<meta property=\"og:image:type\" content=\"image\/jpeg\" \/>\n<meta name=\"twitter:card\" content=\"summary_large_image\" \/>\n<meta name=\"twitter:site\" content=\"@geostru\" \/>\n<meta name=\"twitter:label1\" content=\"Precio\" \/>\n\t<meta name=\"twitter:data1\" content=\"&euro;480.00 exc. IVA\" \/>\n\t<meta name=\"twitter:label2\" content=\"Disponibilidad\" \/>\n\t<meta name=\"twitter:data2\" content=\"Disponible\" \/>\n<script type=\"application\/ld+json\" class=\"yoast-schema-graph\">{\"@context\":\"https:\/\/schema.org\",\"@graph\":[{\"@type\":\"WebPage\",\"@id\":\"https:\/\/www.geostru.eu\/es\/shop\/software-es\/geomecanica-es\/georock-2d-caida-de-rocas-2d\/\",\"url\":\"https:\/\/www.geostru.eu\/es\/shop\/software-es\/geomecanica-es\/georock-2d-caida-de-rocas-2d\/\",\"name\":\"GeoRock 2D \u2013 Ca\u00edda de rocas 2D - GeoStru\",\"isPartOf\":{\"@id\":\"https:\/\/www.geostru.eu\/es\/#website\"},\"primaryImageOfPage\":{\"@id\":\"https:\/\/www.geostru.eu\/es\/shop\/software-es\/geomecanica-es\/georock-2d-caida-de-rocas-2d\/#primaryimage\"},\"image\":{\"@id\":\"https:\/\/www.geostru.eu\/es\/shop\/software-es\/geomecanica-es\/georock-2d-caida-de-rocas-2d\/#primaryimage\"},\"thumbnailUrl\":\"https:\/\/www.geostru.eu\/wp-content\/uploads\/2013\/12\/georock_2d_1_1800.png\",\"datePublished\":\"2013-12-18T16:06:59+00:00\",\"dateModified\":\"2025-09-19T13:49:33+00:00\",\"description\":\"Software para la simulaci\u00f3n de ca\u00edda de rocas con el m\u00e9todo llamado Lumped Mass y C.R.S.P.\",\"breadcrumb\":{\"@id\":\"https:\/\/www.geostru.eu\/es\/shop\/software-es\/geomecanica-es\/georock-2d-caida-de-rocas-2d\/#breadcrumb\"},\"inLanguage\":\"es\",\"potentialAction\":[{\"@type\":\"ReadAction\",\"target\":[\"https:\/\/www.geostru.eu\/es\/shop\/software-es\/geomecanica-es\/georock-2d-caida-de-rocas-2d\/\"]}]},{\"@type\":\"ImageObject\",\"inLanguage\":\"es\",\"@id\":\"https:\/\/www.geostru.eu\/es\/shop\/software-es\/geomecanica-es\/georock-2d-caida-de-rocas-2d\/#primaryimage\",\"url\":\"https:\/\/www.geostru.eu\/wp-content\/uploads\/2013\/12\/georock_2d_1_1800.png\",\"contentUrl\":\"https:\/\/www.geostru.eu\/wp-content\/uploads\/2013\/12\/georock_2d_1_1800.png\",\"width\":800,\"height\":433,\"caption\":\"Rock falls 2D\"},{\"@type\":\"BreadcrumbList\",\"@id\":\"https:\/\/www.geostru.eu\/es\/shop\/software-es\/geomecanica-es\/georock-2d-caida-de-rocas-2d\/#breadcrumb\",\"itemListElement\":[{\"@type\":\"ListItem\",\"position\":1,\"name\":\"Home\",\"item\":\"https:\/\/www.geostru.eu\/es\/\"},{\"@type\":\"ListItem\",\"position\":2,\"name\":\"Shop\",\"item\":\"https:\/\/www.geostru.eu\/shop\/?lang=es\"},{\"@type\":\"ListItem\",\"position\":3,\"name\":\"GeoRock 2D \u2013 Ca\u00edda de rocas 2D\"}]},{\"@type\":\"WebSite\",\"@id\":\"https:\/\/www.geostru.eu\/es\/#website\",\"url\":\"https:\/\/www.geostru.eu\/es\/\",\"name\":\"GeoStru\",\"description\":\"Professionals at your service\",\"publisher\":{\"@id\":\"https:\/\/www.geostru.eu\/es\/#organization\"},\"potentialAction\":[{\"@type\":\"SearchAction\",\"target\":{\"@type\":\"EntryPoint\",\"urlTemplate\":\"https:\/\/www.geostru.eu\/es\/?s={search_term_string}\"},\"query-input\":{\"@type\":\"PropertyValueSpecification\",\"valueRequired\":true,\"valueName\":\"search_term_string\"}}],\"inLanguage\":\"es\"},{\"@type\":\"Organization\",\"@id\":\"https:\/\/www.geostru.eu\/es\/#organization\",\"name\":\"GeoStru\",\"url\":\"https:\/\/www.geostru.eu\/es\/\",\"logo\":{\"@type\":\"ImageObject\",\"inLanguage\":\"es\",\"@id\":\"https:\/\/www.geostru.eu\/es\/#\/schema\/logo\/image\/\",\"url\":\"https:\/\/www.geostru.eu\/wp-content\/uploads\/2023\/02\/LOGO_GEOSTRU_educational_banner.png\",\"contentUrl\":\"https:\/\/www.geostru.eu\/wp-content\/uploads\/2023\/02\/LOGO_GEOSTRU_educational_banner.png\",\"width\":363,\"height\":115,\"caption\":\"GeoStru\"},\"image\":{\"@id\":\"https:\/\/www.geostru.eu\/es\/#\/schema\/logo\/image\/\"},\"sameAs\":[\"https:\/\/www.facebook.com\/GeoStruSoftware\/\",\"https:\/\/x.com\/geostru\",\"https:\/\/www.linkedin.com\/company\/2462488\/admin\/\",\"https:\/\/www.instagram.com\/geostru\/\"]}]}<\/script>\n<meta property=\"product:brand\" content=\"Geomec\u00e1nica\" \/>\n<meta property=\"product:price:amount\" content=\"480.00\" \/>\n<meta property=\"product:price:currency\" content=\"EUR\" \/>\n<meta property=\"og:availability\" content=\"instock\" \/>\n<meta property=\"product:availability\" content=\"instock\" \/>\n<meta property=\"product:retailer_item_id\" content=\"15\" \/>\n<meta property=\"product:condition\" content=\"new\" \/>\n<!-- \/ Yoast SEO Premium plugin. -->","yoast_head_json":{"title":"GeoRock 2D \u2013 Ca\u00edda de rocas 2D - GeoStru","description":"Software para la simulaci\u00f3n de ca\u00edda de rocas con el m\u00e9todo llamado Lumped Mass y C.R.S.P.","robots":{"index":"index","follow":"follow","max-snippet":"max-snippet:-1","max-image-preview":"max-image-preview:large","max-video-preview":"max-video-preview:-1"},"canonical":"https:\/\/www.geostru.eu\/es\/shop\/software-es\/geomecanica-es\/georock-2d-caida-de-rocas-2d\/","og_locale":"es_ES","og_type":"article","og_title":"GeoRock 2D \u2013 Ca\u00edda de rocas 2D","og_description":"Software para la simulaci\u00f3n de ca\u00edda de rocas con el m\u00e9todo llamado Lumped Mass y C.R.S.P.","og_url":"https:\/\/www.geostru.eu\/es\/shop\/software-es\/geomecanica-es\/georock-2d-caida-de-rocas-2d\/","og_site_name":"GeoStru","article_publisher":"https:\/\/www.facebook.com\/GeoStruSoftware\/","article_modified_time":"2025-09-19T13:49:33+00:00","og_image":[{"width":1200,"height":630,"url":"https:\/\/www.geostru.eu\/wp-content\/uploads\/2013\/12\/Risorsa-96.jpg","type":"image\/jpeg"}],"twitter_card":"summary_large_image","twitter_site":"@geostru","twitter_misc":{"Precio":"&euro;480.00 exc. IVA","Disponibilidad":"Disponible"},"schema":{"@context":"https:\/\/schema.org","@graph":[{"@type":"WebPage","@id":"https:\/\/www.geostru.eu\/es\/shop\/software-es\/geomecanica-es\/georock-2d-caida-de-rocas-2d\/","url":"https:\/\/www.geostru.eu\/es\/shop\/software-es\/geomecanica-es\/georock-2d-caida-de-rocas-2d\/","name":"GeoRock 2D \u2013 Ca\u00edda de rocas 2D - GeoStru","isPartOf":{"@id":"https:\/\/www.geostru.eu\/es\/#website"},"primaryImageOfPage":{"@id":"https:\/\/www.geostru.eu\/es\/shop\/software-es\/geomecanica-es\/georock-2d-caida-de-rocas-2d\/#primaryimage"},"image":{"@id":"https:\/\/www.geostru.eu\/es\/shop\/software-es\/geomecanica-es\/georock-2d-caida-de-rocas-2d\/#primaryimage"},"thumbnailUrl":"https:\/\/www.geostru.eu\/wp-content\/uploads\/2013\/12\/georock_2d_1_1800.png","datePublished":"2013-12-18T16:06:59+00:00","dateModified":"2025-09-19T13:49:33+00:00","description":"Software para la simulaci\u00f3n de ca\u00edda de rocas con el m\u00e9todo llamado Lumped Mass y C.R.S.P.","breadcrumb":{"@id":"https:\/\/www.geostru.eu\/es\/shop\/software-es\/geomecanica-es\/georock-2d-caida-de-rocas-2d\/#breadcrumb"},"inLanguage":"es","potentialAction":[{"@type":"ReadAction","target":["https:\/\/www.geostru.eu\/es\/shop\/software-es\/geomecanica-es\/georock-2d-caida-de-rocas-2d\/"]}]},{"@type":"ImageObject","inLanguage":"es","@id":"https:\/\/www.geostru.eu\/es\/shop\/software-es\/geomecanica-es\/georock-2d-caida-de-rocas-2d\/#primaryimage","url":"https:\/\/www.geostru.eu\/wp-content\/uploads\/2013\/12\/georock_2d_1_1800.png","contentUrl":"https:\/\/www.geostru.eu\/wp-content\/uploads\/2013\/12\/georock_2d_1_1800.png","width":800,"height":433,"caption":"Rock falls 2D"},{"@type":"BreadcrumbList","@id":"https:\/\/www.geostru.eu\/es\/shop\/software-es\/geomecanica-es\/georock-2d-caida-de-rocas-2d\/#breadcrumb","itemListElement":[{"@type":"ListItem","position":1,"name":"Home","item":"https:\/\/www.geostru.eu\/es\/"},{"@type":"ListItem","position":2,"name":"Shop","item":"https:\/\/www.geostru.eu\/shop\/?lang=es"},{"@type":"ListItem","position":3,"name":"GeoRock 2D \u2013 Ca\u00edda de rocas 2D"}]},{"@type":"WebSite","@id":"https:\/\/www.geostru.eu\/es\/#website","url":"https:\/\/www.geostru.eu\/es\/","name":"GeoStru","description":"Professionals at your service","publisher":{"@id":"https:\/\/www.geostru.eu\/es\/#organization"},"potentialAction":[{"@type":"SearchAction","target":{"@type":"EntryPoint","urlTemplate":"https:\/\/www.geostru.eu\/es\/?s={search_term_string}"},"query-input":{"@type":"PropertyValueSpecification","valueRequired":true,"valueName":"search_term_string"}}],"inLanguage":"es"},{"@type":"Organization","@id":"https:\/\/www.geostru.eu\/es\/#organization","name":"GeoStru","url":"https:\/\/www.geostru.eu\/es\/","logo":{"@type":"ImageObject","inLanguage":"es","@id":"https:\/\/www.geostru.eu\/es\/#\/schema\/logo\/image\/","url":"https:\/\/www.geostru.eu\/wp-content\/uploads\/2023\/02\/LOGO_GEOSTRU_educational_banner.png","contentUrl":"https:\/\/www.geostru.eu\/wp-content\/uploads\/2023\/02\/LOGO_GEOSTRU_educational_banner.png","width":363,"height":115,"caption":"GeoStru"},"image":{"@id":"https:\/\/www.geostru.eu\/es\/#\/schema\/logo\/image\/"},"sameAs":["https:\/\/www.facebook.com\/GeoStruSoftware\/","https:\/\/x.com\/geostru","https:\/\/www.linkedin.com\/company\/2462488\/admin\/","https:\/\/www.instagram.com\/geostru\/"]}]},"product_brand":"Geomec\u00e1nica","product_price_amount":"480.00","product_price_currency":"EUR","og_availability":"instock","product_availability":"instock","product_retailer_item_id":"15","product_condition":"new"},"_links":{"self":[{"href":"https:\/\/www.geostru.eu\/es\/wp-json\/wp\/v2\/product\/13732"}],"collection":[{"href":"https:\/\/www.geostru.eu\/es\/wp-json\/wp\/v2\/product"}],"about":[{"href":"https:\/\/www.geostru.eu\/es\/wp-json\/wp\/v2\/types\/product"}],"replies":[{"embeddable":true,"href":"https:\/\/www.geostru.eu\/es\/wp-json\/wp\/v2\/comments?post=13732"}],"wp:featuredmedia":[{"embeddable":true,"href":"https:\/\/www.geostru.eu\/es\/wp-json\/wp\/v2\/media\/15114"}],"wp:attachment":[{"href":"https:\/\/www.geostru.eu\/es\/wp-json\/wp\/v2\/media?parent=13732"}],"wp:term":[{"taxonomy":"product_cat","embeddable":true,"href":"https:\/\/www.geostru.eu\/es\/wp-json\/wp\/v2\/product_cat?post=13732"},{"taxonomy":"product_tag","embeddable":true,"href":"https:\/\/www.geostru.eu\/es\/wp-json\/wp\/v2\/product_tag?post=13732"}],"curies":[{"name":"wp","href":"https:\/\/api.w.org\/{rel}","templated":true}]}}