{"id":13729,"date":"2022-06-18T18:07:24","date_gmt":"2022-06-18T16:07:24","guid":{"rendered":"https:\/\/www.geostru.eu\/product\/georock-3d-caduta-massi-3d-2\/"},"modified":"2026-03-22T17:21:10","modified_gmt":"2026-03-22T16:21:10","slug":"georock-3d-caida-de-rocas-3d","status":"publish","type":"product","link":"https:\/\/www.geostru.eu\/es\/shop\/software-es\/geotecnia-y-geologia\/georock-3d-caida-de-rocas-3d\/","title":{"rendered":"GeoRock 3D \u2013 Ca\u00edda de rocas 3D"},"content":{"rendered":"<p align=\"justify\"><strong>Geometr\u00eda talud<br \/>\n<\/strong>La modelaci\u00f3n del talud se realiza con un plano acotado que se puede importar de diversos formatos o software externos.<br \/>\nLa triangulaci\u00f3n es un dato primordial para el an\u00e1lisis tridimensional: se aconseja utilizar t\u00e9cnicas de triangulaci\u00f3n del tipo <strong>Delaunay Incremental<\/strong> o bien una<strong>triangulaci\u00f3n anisotr\u00f3pica<\/strong>.<br \/>\nPara tales fines recomendamos el programa Trispace, desarrollado con especificaciones topogr\u00e1ficas orientadas al modelo tridimensional, el cual se puede ser importar directamente de las cartograf\u00edas mediante (G.A.A.) Geostru Autocad Application.<\/p>\n<p><strong>Propriedad del material<br \/>\n<\/strong>El talud es discretizado en zonas homog\u00e9neas con las mismas caracter\u00edsticas mec\u00e1nicas definidas a trav\u00e9s de los coeficientes de restituci\u00f3n normal y tangencial.<\/p>\n<p><strong>Geometr\u00eda y propiedad de la roca<\/strong><br \/>\nLa roca es caracterizada desde el punto de vista geom\u00e9trico, de forma esf\u00e9rica con movimiento de rotaci\u00f3n en torno al baricentro y mec\u00e1nicamente por su dureza y masa.<\/p>\n<p><strong>Zona de lanzamiento<\/strong><br \/>\nEl input de la zona de los posibles desprendimientos puede ser efectuado <strong>directamente en el 3D<\/strong> definiendo por cada posible desprendimiento las velocidades de partida.<\/p>\n<p><strong>C\u00e1lculo<\/strong><br \/>\nEl c\u00e1lculo provee las siguientes informaciones: visualizaci\u00f3n gr\u00e1fica de las trayectorias tridimensionales, velocidad y energ\u00eda.<\/p>\n<p><strong>Obras de protecci\u00f3n<\/strong><br \/>\nLas obras de protecci\u00f3n pueden ser introducidas directamente en 3D, la posici\u00f3n puede ser optimizada con la visualizaci\u00f3n gr\u00e1fica de las trayectorias 3D.<\/p>\n<p><strong>Barreras contra desprendimiento de rocas<\/strong><br \/>\nEs posible crear un archivo de barreras e introducirlas directamente en el tridimensional.<\/p>\n<p><strong>Dimensionado de obras<\/strong><br \/>\nEl dimensionamiento de las obras de defensa se puede realizar con B.D. (BARRIER DESIGN), software para proyectar y la verificar barreras r\u00edgidas y el\u00e1sticas, desarrollado por GeoStru Software.<\/p>\n<p><strong>Enlaces<\/strong><br \/>\nGeoRock 3D interact\u00faa con los software <strong>Trispace<\/strong> y <strong>Georock 2D<\/strong>.<\/p>\n","protected":false},"excerpt":{"rendered":"<p style=\"text-align: justify;\" align=\"justify\"><strong>GeoRock 3D\u00a0<\/strong> permite realizar el an\u00e1lisis espacial de la ca\u00edda de rocas y proyectar obras de protecci\u00f3n optimizadas. Est\u00e1 provisto de un sofisticado algoritmo para el an\u00e1lisis espacial.<\/p>\n","protected":false},"featured_media":15215,"comment_status":"open","ping_status":"closed","template":"","meta":[],"product_cat":[191,185,186],"product_tag":[],"class_list":{"0":"post-13729","1":"product","2":"type-product","3":"status-publish","4":"has-post-thumbnail","6":"product_cat-software-es","7":"product_cat-geotecnia-y-geologia","8":"product_cat-geomecanica-es","9":"pa_product-professional-en-es","10":"pa_product-subscription-1-year-en-es","11":"description-off","13":"first","14":"instock","15":"downloadable","16":"virtual","17":"sold-individually","18":"taxable","19":"purchasable","20":"product-type-licensed"},"yoast_head":"<!-- This site is optimized with the Yoast SEO Premium plugin v25.0 (Yoast SEO v25.0) - https:\/\/yoast.com\/wordpress\/plugins\/seo\/ -->\n<title>GeoRock 3D \u2013 Ca\u00edda de rocas 3D - GeoStru<\/title>\n<meta name=\"description\" content=\"GeoRock 3D permite realizar el an\u00e1lisis espacial de la ca\u00edda de rocas y proyectar obras de protecci\u00f3n optimizadas. Est\u00e1 provisto de un sofisticado algoritmo para el an\u00e1lisis espacial.\" \/>\n<meta name=\"robots\" content=\"index, follow, max-snippet:-1, max-image-preview:large, max-video-preview:-1\" \/>\n<link rel=\"canonical\" href=\"https:\/\/www.geostru.eu\/es\/shop\/software-es\/geotecnia-y-geologia\/georock-3d-caida-de-rocas-3d\/\" \/>\n<meta property=\"og:locale\" content=\"es_ES\" \/>\n<meta property=\"og:type\" content=\"article\" \/>\n<meta property=\"og:title\" content=\"GeoRock 3D \u2013 Ca\u00edda de rocas 3D\" \/>\n<meta property=\"og:description\" content=\"GeoRock 3D permite realizar el an\u00e1lisis espacial de la ca\u00edda de rocas y proyectar obras de protecci\u00f3n optimizadas. Est\u00e1 provisto de un sofisticado algoritmo para el an\u00e1lisis espacial.\" \/>\n<meta property=\"og:url\" content=\"https:\/\/www.geostru.eu\/es\/shop\/software-es\/geotecnia-y-geologia\/georock-3d-caida-de-rocas-3d\/\" \/>\n<meta property=\"og:site_name\" content=\"GeoStru\" \/>\n<meta property=\"article:publisher\" content=\"https:\/\/www.facebook.com\/GeoStruSoftware\/\" \/>\n<meta property=\"article:modified_time\" content=\"2026-03-22T16:21:10+00:00\" \/>\n<meta property=\"og:image\" content=\"https:\/\/www.geostru.eu\/wp-content\/uploads\/2013\/12\/Risorsa-100.jpg\" \/>\n\t<meta property=\"og:image:width\" content=\"1200\" \/>\n\t<meta property=\"og:image:height\" content=\"630\" \/>\n\t<meta property=\"og:image:type\" content=\"image\/jpeg\" \/>\n<meta name=\"twitter:card\" content=\"summary_large_image\" \/>\n<meta name=\"twitter:site\" content=\"@geostru\" \/>\n<meta name=\"twitter:label1\" content=\"Precio\" \/>\n\t<meta name=\"twitter:data1\" content=\"&euro;480.00 exc. IVA\" \/>\n\t<meta name=\"twitter:label2\" content=\"Disponibilidad\" \/>\n\t<meta name=\"twitter:data2\" content=\"Disponible\" \/>\n<script type=\"application\/ld+json\" class=\"yoast-schema-graph\">{\"@context\":\"https:\/\/schema.org\",\"@graph\":[{\"@type\":\"WebPage\",\"@id\":\"https:\/\/www.geostru.eu\/es\/shop\/software-es\/geotecnia-y-geologia\/georock-3d-caida-de-rocas-3d\/\",\"url\":\"https:\/\/www.geostru.eu\/es\/shop\/software-es\/geotecnia-y-geologia\/georock-3d-caida-de-rocas-3d\/\",\"name\":\"GeoRock 3D \u2013 Ca\u00edda de rocas 3D - GeoStru\",\"isPartOf\":{\"@id\":\"https:\/\/www.geostru.eu\/es\/#website\"},\"primaryImageOfPage\":{\"@id\":\"https:\/\/www.geostru.eu\/es\/shop\/software-es\/geotecnia-y-geologia\/georock-3d-caida-de-rocas-3d\/#primaryimage\"},\"image\":{\"@id\":\"https:\/\/www.geostru.eu\/es\/shop\/software-es\/geotecnia-y-geologia\/georock-3d-caida-de-rocas-3d\/#primaryimage\"},\"thumbnailUrl\":\"https:\/\/www.geostru.eu\/wp-content\/uploads\/2013\/12\/Georock_3D.png\",\"datePublished\":\"2022-06-18T16:07:24+00:00\",\"dateModified\":\"2026-03-22T16:21:10+00:00\",\"description\":\"GeoRock 3D permite realizar el an\u00e1lisis espacial de la ca\u00edda de rocas y proyectar obras de protecci\u00f3n optimizadas. Est\u00e1 provisto de un sofisticado algoritmo para el an\u00e1lisis espacial.\",\"breadcrumb\":{\"@id\":\"https:\/\/www.geostru.eu\/es\/shop\/software-es\/geotecnia-y-geologia\/georock-3d-caida-de-rocas-3d\/#breadcrumb\"},\"inLanguage\":\"es\",\"potentialAction\":[{\"@type\":\"ReadAction\",\"target\":[\"https:\/\/www.geostru.eu\/es\/shop\/software-es\/geotecnia-y-geologia\/georock-3d-caida-de-rocas-3d\/\"]}]},{\"@type\":\"ImageObject\",\"inLanguage\":\"es\",\"@id\":\"https:\/\/www.geostru.eu\/es\/shop\/software-es\/geotecnia-y-geologia\/georock-3d-caida-de-rocas-3d\/#primaryimage\",\"url\":\"https:\/\/www.geostru.eu\/wp-content\/uploads\/2013\/12\/Georock_3D.png\",\"contentUrl\":\"https:\/\/www.geostru.eu\/wp-content\/uploads\/2013\/12\/Georock_3D.png\",\"width\":1936,\"height\":1040,\"caption\":\"caduta massi 3D georock 3D geostru\"},{\"@type\":\"BreadcrumbList\",\"@id\":\"https:\/\/www.geostru.eu\/es\/shop\/software-es\/geotecnia-y-geologia\/georock-3d-caida-de-rocas-3d\/#breadcrumb\",\"itemListElement\":[{\"@type\":\"ListItem\",\"position\":1,\"name\":\"Home\",\"item\":\"https:\/\/www.geostru.eu\/es\/\"},{\"@type\":\"ListItem\",\"position\":2,\"name\":\"Shop\",\"item\":\"https:\/\/www.geostru.eu\/shop\/?lang=es\"},{\"@type\":\"ListItem\",\"position\":3,\"name\":\"GeoRock 3D \u2013 Ca\u00edda de rocas 3D\"}]},{\"@type\":\"WebSite\",\"@id\":\"https:\/\/www.geostru.eu\/es\/#website\",\"url\":\"https:\/\/www.geostru.eu\/es\/\",\"name\":\"GeoStru\",\"description\":\"Professionals at your service\",\"publisher\":{\"@id\":\"https:\/\/www.geostru.eu\/es\/#organization\"},\"potentialAction\":[{\"@type\":\"SearchAction\",\"target\":{\"@type\":\"EntryPoint\",\"urlTemplate\":\"https:\/\/www.geostru.eu\/es\/?s={search_term_string}\"},\"query-input\":{\"@type\":\"PropertyValueSpecification\",\"valueRequired\":true,\"valueName\":\"search_term_string\"}}],\"inLanguage\":\"es\"},{\"@type\":\"Organization\",\"@id\":\"https:\/\/www.geostru.eu\/es\/#organization\",\"name\":\"GeoStru\",\"url\":\"https:\/\/www.geostru.eu\/es\/\",\"logo\":{\"@type\":\"ImageObject\",\"inLanguage\":\"es\",\"@id\":\"https:\/\/www.geostru.eu\/es\/#\/schema\/logo\/image\/\",\"url\":\"https:\/\/www.geostru.eu\/wp-content\/uploads\/2023\/02\/LOGO_GEOSTRU_educational_banner.png\",\"contentUrl\":\"https:\/\/www.geostru.eu\/wp-content\/uploads\/2023\/02\/LOGO_GEOSTRU_educational_banner.png\",\"width\":363,\"height\":115,\"caption\":\"GeoStru\"},\"image\":{\"@id\":\"https:\/\/www.geostru.eu\/es\/#\/schema\/logo\/image\/\"},\"sameAs\":[\"https:\/\/www.facebook.com\/GeoStruSoftware\/\",\"https:\/\/x.com\/geostru\",\"https:\/\/www.linkedin.com\/company\/2462488\/admin\/\",\"https:\/\/www.instagram.com\/geostru\/\"]}]}<\/script>\n<meta property=\"product:brand\" content=\"Geotecnia Y Geolog\u00eda\" \/>\n<meta property=\"product:price:amount\" content=\"480.00\" \/>\n<meta property=\"product:price:currency\" content=\"EUR\" \/>\n<meta property=\"og:availability\" content=\"instock\" \/>\n<meta property=\"product:availability\" content=\"instock\" \/>\n<meta property=\"product:retailer_item_id\" content=\"16\" \/>\n<meta property=\"product:condition\" content=\"new\" \/>\n<!-- \/ Yoast SEO Premium plugin. -->","yoast_head_json":{"title":"GeoRock 3D \u2013 Ca\u00edda de rocas 3D - GeoStru","description":"GeoRock 3D permite realizar el an\u00e1lisis espacial de la ca\u00edda de rocas y proyectar obras de protecci\u00f3n optimizadas. Est\u00e1 provisto de un sofisticado algoritmo para el an\u00e1lisis espacial.","robots":{"index":"index","follow":"follow","max-snippet":"max-snippet:-1","max-image-preview":"max-image-preview:large","max-video-preview":"max-video-preview:-1"},"canonical":"https:\/\/www.geostru.eu\/es\/shop\/software-es\/geotecnia-y-geologia\/georock-3d-caida-de-rocas-3d\/","og_locale":"es_ES","og_type":"article","og_title":"GeoRock 3D \u2013 Ca\u00edda de rocas 3D","og_description":"GeoRock 3D permite realizar el an\u00e1lisis espacial de la ca\u00edda de rocas y proyectar obras de protecci\u00f3n optimizadas. Est\u00e1 provisto de un sofisticado algoritmo para el an\u00e1lisis espacial.","og_url":"https:\/\/www.geostru.eu\/es\/shop\/software-es\/geotecnia-y-geologia\/georock-3d-caida-de-rocas-3d\/","og_site_name":"GeoStru","article_publisher":"https:\/\/www.facebook.com\/GeoStruSoftware\/","article_modified_time":"2026-03-22T16:21:10+00:00","og_image":[{"width":1200,"height":630,"url":"https:\/\/www.geostru.eu\/wp-content\/uploads\/2013\/12\/Risorsa-100.jpg","type":"image\/jpeg"}],"twitter_card":"summary_large_image","twitter_site":"@geostru","twitter_misc":{"Precio":"&euro;480.00 exc. IVA","Disponibilidad":"Disponible"},"schema":{"@context":"https:\/\/schema.org","@graph":[{"@type":"WebPage","@id":"https:\/\/www.geostru.eu\/es\/shop\/software-es\/geotecnia-y-geologia\/georock-3d-caida-de-rocas-3d\/","url":"https:\/\/www.geostru.eu\/es\/shop\/software-es\/geotecnia-y-geologia\/georock-3d-caida-de-rocas-3d\/","name":"GeoRock 3D \u2013 Ca\u00edda de rocas 3D - GeoStru","isPartOf":{"@id":"https:\/\/www.geostru.eu\/es\/#website"},"primaryImageOfPage":{"@id":"https:\/\/www.geostru.eu\/es\/shop\/software-es\/geotecnia-y-geologia\/georock-3d-caida-de-rocas-3d\/#primaryimage"},"image":{"@id":"https:\/\/www.geostru.eu\/es\/shop\/software-es\/geotecnia-y-geologia\/georock-3d-caida-de-rocas-3d\/#primaryimage"},"thumbnailUrl":"https:\/\/www.geostru.eu\/wp-content\/uploads\/2013\/12\/Georock_3D.png","datePublished":"2022-06-18T16:07:24+00:00","dateModified":"2026-03-22T16:21:10+00:00","description":"GeoRock 3D permite realizar el an\u00e1lisis espacial de la ca\u00edda de rocas y proyectar obras de protecci\u00f3n optimizadas. Est\u00e1 provisto de un sofisticado algoritmo para el an\u00e1lisis espacial.","breadcrumb":{"@id":"https:\/\/www.geostru.eu\/es\/shop\/software-es\/geotecnia-y-geologia\/georock-3d-caida-de-rocas-3d\/#breadcrumb"},"inLanguage":"es","potentialAction":[{"@type":"ReadAction","target":["https:\/\/www.geostru.eu\/es\/shop\/software-es\/geotecnia-y-geologia\/georock-3d-caida-de-rocas-3d\/"]}]},{"@type":"ImageObject","inLanguage":"es","@id":"https:\/\/www.geostru.eu\/es\/shop\/software-es\/geotecnia-y-geologia\/georock-3d-caida-de-rocas-3d\/#primaryimage","url":"https:\/\/www.geostru.eu\/wp-content\/uploads\/2013\/12\/Georock_3D.png","contentUrl":"https:\/\/www.geostru.eu\/wp-content\/uploads\/2013\/12\/Georock_3D.png","width":1936,"height":1040,"caption":"caduta massi 3D georock 3D geostru"},{"@type":"BreadcrumbList","@id":"https:\/\/www.geostru.eu\/es\/shop\/software-es\/geotecnia-y-geologia\/georock-3d-caida-de-rocas-3d\/#breadcrumb","itemListElement":[{"@type":"ListItem","position":1,"name":"Home","item":"https:\/\/www.geostru.eu\/es\/"},{"@type":"ListItem","position":2,"name":"Shop","item":"https:\/\/www.geostru.eu\/shop\/?lang=es"},{"@type":"ListItem","position":3,"name":"GeoRock 3D \u2013 Ca\u00edda de rocas 3D"}]},{"@type":"WebSite","@id":"https:\/\/www.geostru.eu\/es\/#website","url":"https:\/\/www.geostru.eu\/es\/","name":"GeoStru","description":"Professionals at your service","publisher":{"@id":"https:\/\/www.geostru.eu\/es\/#organization"},"potentialAction":[{"@type":"SearchAction","target":{"@type":"EntryPoint","urlTemplate":"https:\/\/www.geostru.eu\/es\/?s={search_term_string}"},"query-input":{"@type":"PropertyValueSpecification","valueRequired":true,"valueName":"search_term_string"}}],"inLanguage":"es"},{"@type":"Organization","@id":"https:\/\/www.geostru.eu\/es\/#organization","name":"GeoStru","url":"https:\/\/www.geostru.eu\/es\/","logo":{"@type":"ImageObject","inLanguage":"es","@id":"https:\/\/www.geostru.eu\/es\/#\/schema\/logo\/image\/","url":"https:\/\/www.geostru.eu\/wp-content\/uploads\/2023\/02\/LOGO_GEOSTRU_educational_banner.png","contentUrl":"https:\/\/www.geostru.eu\/wp-content\/uploads\/2023\/02\/LOGO_GEOSTRU_educational_banner.png","width":363,"height":115,"caption":"GeoStru"},"image":{"@id":"https:\/\/www.geostru.eu\/es\/#\/schema\/logo\/image\/"},"sameAs":["https:\/\/www.facebook.com\/GeoStruSoftware\/","https:\/\/x.com\/geostru","https:\/\/www.linkedin.com\/company\/2462488\/admin\/","https:\/\/www.instagram.com\/geostru\/"]}]},"product_brand":"Geotecnia Y Geolog\u00eda","product_price_amount":"480.00","product_price_currency":"EUR","og_availability":"instock","product_availability":"instock","product_retailer_item_id":"16","product_condition":"new"},"_links":{"self":[{"href":"https:\/\/www.geostru.eu\/es\/wp-json\/wp\/v2\/product\/13729"}],"collection":[{"href":"https:\/\/www.geostru.eu\/es\/wp-json\/wp\/v2\/product"}],"about":[{"href":"https:\/\/www.geostru.eu\/es\/wp-json\/wp\/v2\/types\/product"}],"replies":[{"embeddable":true,"href":"https:\/\/www.geostru.eu\/es\/wp-json\/wp\/v2\/comments?post=13729"}],"wp:featuredmedia":[{"embeddable":true,"href":"https:\/\/www.geostru.eu\/es\/wp-json\/wp\/v2\/media\/15215"}],"wp:attachment":[{"href":"https:\/\/www.geostru.eu\/es\/wp-json\/wp\/v2\/media?parent=13729"}],"wp:term":[{"taxonomy":"product_cat","embeddable":true,"href":"https:\/\/www.geostru.eu\/es\/wp-json\/wp\/v2\/product_cat?post=13729"},{"taxonomy":"product_tag","embeddable":true,"href":"https:\/\/www.geostru.eu\/es\/wp-json\/wp\/v2\/product_tag?post=13729"}],"curies":[{"name":"wp","href":"https:\/\/api.w.org\/{rel}","templated":true}]}}