{"id":13727,"date":"2013-12-18T18:07:57","date_gmt":"2013-12-18T16:07:57","guid":{"rendered":"https:\/\/www.geostru.eu\/product\/g-m-s-meccanica-delle-rocce-2\/"},"modified":"2026-04-11T07:24:20","modified_gmt":"2026-04-11T05:24:20","slug":"proyecciones-estereograficas-de-mecanica-de-rocas","status":"publish","type":"product","link":"https:\/\/www.geostru.eu\/es\/shop\/software-es\/geomecanica-es\/proyecciones-estereograficas-de-mecanica-de-rocas\/","title":{"rendered":"Proyecciones estereogr\u00e1ficas de mec\u00e1nica de rocas &#8211; GMS"},"content":{"rendered":"<div class=\"wpb-content-wrapper\"><p>[vc_row][vc_column][vc_column_text]<\/p>\n<p style=\"text-align: justify;\">Para la determinaci\u00f3n del modelo geot\u00e9cnico de la roca, se ilustrar\u00e1n a continuaci\u00f3n las etapas de prospecci\u00f3n de las juntas, referidas a las condiciones geoestructurales (espaciamiento, apertura, persistencia) y a las condiciones hidr\u00e1ulicas y de resistencia de las juntas (rugosidad, resistencia de la pared, grado de alteraci\u00f3n, materiales de relleno).<br \/>\nEl procedimiento utilizado para llevar a cabo el estudio se describe en las recomendaciones del ISRM, \u00abM\u00e9todos sugeridos para la descripci\u00f3n cuantitativa de discontinuidades en macizos rocosos\u00bb.<\/p>\n<p style=\"text-align: justify;\"><strong>PROYECCIONES Y CALCOS<\/strong><\/p>\n<p style=\"text-align: justify;\">WULFF GRID. Representa la proyecci\u00f3n estereogr\u00e1fica de los meridianos y paralelos de la Tierra sobre un plano que pasa por el centro y los dos polos. Se trata de una proyecci\u00f3n isogonal, en la que los \u00e1ngulos entre los planos individuales se mantienen en las proyecciones relativas, de modo que las zonas definidas por la intersecci\u00f3n de dos paralelos y dos meridianos est\u00e1n fuertemente distorsionadas procediendo del centro de la ret\u00edcula hacia los bordes.<br \/>\nGRAT\u00cdCULA SCHMIDT-LAMBERT. Se utiliza para evitar las distorsiones areales de la rejilla de Wulff y, por tanto, es adecuada para interpretaciones estad\u00edsticas Los c\u00edclicos se representan mediante arcos de elipse.<br \/>\nRET\u00cdCULA ESTEREOGR\u00c1FICA POLAR EQUIANGULAR Y EQUIAREAL. Se trata de representaciones similares a las anteriores, en las que se representan los polos de discontinuidad.<br \/>\nDIAGRAMA ESTRELLA. Representa datos de posici\u00f3n: las observaciones se presentan en una referencia circular marcada de 0\u00b0 a 360\u00b0, con l\u00edneas radiales a intervalos de 10\u00b0. Las observaciones se agrupan en el sector de 10\u00b0 al que pertenecen. El n\u00famero de observaciones se representa en sentido radial, con c\u00edrculos conc\u00e9ntricos numerados, cada uno de los cuales corresponde a 5, 10 y 15 observaciones.<br \/>\nDIAGRAMA DE ISODENSIDAD. A partir de la distribuci\u00f3n en la malla de los polos correspondientes a un conjunto significativo de datos, es posible reconocer una serie de familias de discontinuidades. Para ello, se trazan diagramas de isodensidad en los que los centros de las \u00e1reas unitarias contienen el mismo n\u00famero de polos. El m\u00e9todo utilizado para hallar la distribuci\u00f3n de la densidad de los polos es el desarrollado por Denness, que dividi\u00f3 la esfera de referencia en 100 celdas elementales.<\/p>\n<p style=\"text-align: justify;\"><strong>RESULTADOS GR\u00c1FICOS<\/strong><\/p>\n<p style=\"text-align: justify;\">GR\u00c1FICOS PORCENTUALES Tipo de gr\u00e1fico (histograma) en el que todas las apariciones de la discontinuidad que se desea representar (apertura, espaciado o persistencia) se representan en forma de porcentaje.<br \/>\nVALOR MODAL. En un diagrama (histograma), se representa la distribuci\u00f3n de la caracter\u00edstica (apertura, espaciado y persistencia) para cada familia de discontinuidades: las familias medidas pueden diagramarse secuencialmente.<\/p>\n<p>[\/vc_column_text][\/vc_column][\/vc_row]<\/p>\n<\/div>","protected":false},"excerpt":{"rendered":"<p style=\"text-align: justify;\">El software GMS (GeoMechanical Survey) tiene por objeto representar y procesar el levantamiento geoestructural de juntas de macizos rocosos realizado in situ mediante el m\u00e9todo de br\u00fajula y clin\u00f3metro, de acuerdo con las recomendaciones del ISRM.<\/p>\n<p style=\"text-align: justify;\">Las juntas de un macizo rocoso influyen, en mayor o menor medida, en el comportamiento mec\u00e1nico de la roca y en el modelo geot\u00e9cnico subyacente a cualquier c\u00e1lculo.<\/p>\n<p style=\"text-align: justify;\">Es importante evaluar correctamente el estado de estabilidad y describir con precisi\u00f3n la estructura de la roca y las juntas, tanto cualitativa como cuantitativamente.<\/p>\n<p style=\"text-align: justify;\">GMS interact\u00faa con la aplicaci\u00f3n gratuita para smartphone eGeoCompass generando un archivo con una extensi\u00f3n compatible con GMS.<\/p>\n","protected":false},"featured_media":15219,"comment_status":"open","ping_status":"closed","template":"","meta":[],"product_cat":[529,186],"product_tag":[],"class_list":{"0":"post-13727","1":"product","2":"type-product","3":"status-publish","4":"has-post-thumbnail","6":"product_cat-software-geologia-es","7":"product_cat-geomecanica-es","8":"pa_product-professional-en-es","9":"pa_product-subscription-1-year-en-es","10":"description-off","12":"first","13":"instock","14":"downloadable","15":"virtual","16":"sold-individually","17":"taxable","18":"purchasable","19":"product-type-licensed"},"yoast_head":"<!-- This site is optimized with the Yoast SEO Premium plugin v25.0 (Yoast SEO v25.0) - https:\/\/yoast.com\/wordpress\/plugins\/seo\/ -->\n<title>Proyecciones estereogr\u00e1ficas de mec\u00e1nica de rocas - GMS - GeoStru<\/title>\n<meta name=\"description\" content=\"GeoMechanical Survey representa y procesa el estudio geoestructural de juntas de macizos rocosos realizado in situ de acuerdo con las recomendaciones ISRM.\" \/>\n<meta name=\"robots\" content=\"index, follow, max-snippet:-1, max-image-preview:large, max-video-preview:-1\" \/>\n<link rel=\"canonical\" href=\"https:\/\/www.geostru.eu\/es\/shop\/software-es\/geomecanica-es\/proyecciones-estereograficas-de-mecanica-de-rocas\/\" \/>\n<meta property=\"og:locale\" content=\"es_ES\" \/>\n<meta property=\"og:type\" content=\"article\" \/>\n<meta property=\"og:title\" content=\"Proyecciones estereogr\u00e1ficas de mec\u00e1nica de rocas - GMS\" \/>\n<meta property=\"og:description\" content=\"GeoMechanical Survey representa y procesa el estudio geoestructural de juntas de macizos rocosos realizado in situ de acuerdo con las recomendaciones ISRM.\" \/>\n<meta property=\"og:url\" content=\"https:\/\/www.geostru.eu\/es\/shop\/software-es\/geomecanica-es\/proyecciones-estereograficas-de-mecanica-de-rocas\/\" \/>\n<meta property=\"og:site_name\" content=\"GeoStru\" \/>\n<meta property=\"article:publisher\" content=\"https:\/\/www.facebook.com\/GeoStruSoftware\/\" \/>\n<meta property=\"article:modified_time\" content=\"2026-04-11T05:24:20+00:00\" \/>\n<meta property=\"og:image\" content=\"https:\/\/www.geostru.eu\/wp-content\/uploads\/2013\/12\/GMS.png\" \/>\n\t<meta property=\"og:image:width\" content=\"1936\" \/>\n\t<meta property=\"og:image:height\" content=\"1040\" \/>\n\t<meta property=\"og:image:type\" content=\"image\/png\" \/>\n<meta name=\"twitter:card\" content=\"summary_large_image\" \/>\n<meta name=\"twitter:site\" content=\"@geostru\" \/>\n<meta name=\"twitter:label1\" content=\"Precio\" \/>\n\t<meta name=\"twitter:data1\" content=\"&euro;290.00 exc. IVA\" \/>\n\t<meta name=\"twitter:label2\" content=\"Disponibilidad\" \/>\n\t<meta name=\"twitter:data2\" content=\"Disponible\" \/>\n<script type=\"application\/ld+json\" class=\"yoast-schema-graph\">{\"@context\":\"https:\/\/schema.org\",\"@graph\":[{\"@type\":\"WebPage\",\"@id\":\"https:\/\/www.geostru.eu\/es\/shop\/software-es\/geomecanica-es\/proyecciones-estereograficas-de-mecanica-de-rocas\/\",\"url\":\"https:\/\/www.geostru.eu\/es\/shop\/software-es\/geomecanica-es\/proyecciones-estereograficas-de-mecanica-de-rocas\/\",\"name\":\"Proyecciones estereogr\u00e1ficas de mec\u00e1nica de rocas - GMS - GeoStru\",\"isPartOf\":{\"@id\":\"https:\/\/www.geostru.eu\/es\/#website\"},\"primaryImageOfPage\":{\"@id\":\"https:\/\/www.geostru.eu\/es\/shop\/software-es\/geomecanica-es\/proyecciones-estereograficas-de-mecanica-de-rocas\/#primaryimage\"},\"image\":{\"@id\":\"https:\/\/www.geostru.eu\/es\/shop\/software-es\/geomecanica-es\/proyecciones-estereograficas-de-mecanica-de-rocas\/#primaryimage\"},\"thumbnailUrl\":\"https:\/\/www.geostru.eu\/wp-content\/uploads\/2013\/12\/GMS.png\",\"datePublished\":\"2013-12-18T16:07:57+00:00\",\"dateModified\":\"2026-04-11T05:24:20+00:00\",\"description\":\"GeoMechanical Survey representa y procesa el estudio geoestructural de juntas de macizos rocosos realizado in situ de acuerdo con las recomendaciones ISRM.\",\"breadcrumb\":{\"@id\":\"https:\/\/www.geostru.eu\/es\/shop\/software-es\/geomecanica-es\/proyecciones-estereograficas-de-mecanica-de-rocas\/#breadcrumb\"},\"inLanguage\":\"es\",\"potentialAction\":[{\"@type\":\"ReadAction\",\"target\":[\"https:\/\/www.geostru.eu\/es\/shop\/software-es\/geomecanica-es\/proyecciones-estereograficas-de-mecanica-de-rocas\/\"]}]},{\"@type\":\"ImageObject\",\"inLanguage\":\"es\",\"@id\":\"https:\/\/www.geostru.eu\/es\/shop\/software-es\/geomecanica-es\/proyecciones-estereograficas-de-mecanica-de-rocas\/#primaryimage\",\"url\":\"https:\/\/www.geostru.eu\/wp-content\/uploads\/2013\/12\/GMS.png\",\"contentUrl\":\"https:\/\/www.geostru.eu\/wp-content\/uploads\/2013\/12\/GMS.png\",\"width\":1936,\"height\":1040},{\"@type\":\"BreadcrumbList\",\"@id\":\"https:\/\/www.geostru.eu\/es\/shop\/software-es\/geomecanica-es\/proyecciones-estereograficas-de-mecanica-de-rocas\/#breadcrumb\",\"itemListElement\":[{\"@type\":\"ListItem\",\"position\":1,\"name\":\"Home\",\"item\":\"https:\/\/www.geostru.eu\/es\/\"},{\"@type\":\"ListItem\",\"position\":2,\"name\":\"Shop\",\"item\":\"https:\/\/www.geostru.eu\/shop\/?lang=es\"},{\"@type\":\"ListItem\",\"position\":3,\"name\":\"Proyecciones estereogr\u00e1ficas de mec\u00e1nica de rocas &#8211; GMS\"}]},{\"@type\":\"WebSite\",\"@id\":\"https:\/\/www.geostru.eu\/es\/#website\",\"url\":\"https:\/\/www.geostru.eu\/es\/\",\"name\":\"GeoStru\",\"description\":\"Professionals at your service\",\"publisher\":{\"@id\":\"https:\/\/www.geostru.eu\/es\/#organization\"},\"potentialAction\":[{\"@type\":\"SearchAction\",\"target\":{\"@type\":\"EntryPoint\",\"urlTemplate\":\"https:\/\/www.geostru.eu\/es\/?s={search_term_string}\"},\"query-input\":{\"@type\":\"PropertyValueSpecification\",\"valueRequired\":true,\"valueName\":\"search_term_string\"}}],\"inLanguage\":\"es\"},{\"@type\":\"Organization\",\"@id\":\"https:\/\/www.geostru.eu\/es\/#organization\",\"name\":\"GeoStru\",\"url\":\"https:\/\/www.geostru.eu\/es\/\",\"logo\":{\"@type\":\"ImageObject\",\"inLanguage\":\"es\",\"@id\":\"https:\/\/www.geostru.eu\/es\/#\/schema\/logo\/image\/\",\"url\":\"https:\/\/www.geostru.eu\/wp-content\/uploads\/2023\/02\/LOGO_GEOSTRU_educational_banner.png\",\"contentUrl\":\"https:\/\/www.geostru.eu\/wp-content\/uploads\/2023\/02\/LOGO_GEOSTRU_educational_banner.png\",\"width\":363,\"height\":115,\"caption\":\"GeoStru\"},\"image\":{\"@id\":\"https:\/\/www.geostru.eu\/es\/#\/schema\/logo\/image\/\"},\"sameAs\":[\"https:\/\/www.facebook.com\/GeoStruSoftware\/\",\"https:\/\/x.com\/geostru\",\"https:\/\/www.linkedin.com\/company\/2462488\/admin\/\",\"https:\/\/www.instagram.com\/geostru\/\"]}]}<\/script>\n<meta property=\"product:brand\" content=\"Software Geolog\u00eda\" \/>\n<meta property=\"product:price:amount\" content=\"290.00\" \/>\n<meta property=\"product:price:currency\" content=\"EUR\" \/>\n<meta property=\"og:availability\" content=\"instock\" \/>\n<meta property=\"product:availability\" content=\"instock\" \/>\n<meta property=\"product:retailer_item_id\" content=\"52\" \/>\n<meta property=\"product:condition\" content=\"new\" \/>\n<!-- \/ Yoast SEO Premium plugin. -->","yoast_head_json":{"title":"Proyecciones estereogr\u00e1ficas de mec\u00e1nica de rocas - GMS - GeoStru","description":"GeoMechanical Survey representa y procesa el estudio geoestructural de juntas de macizos rocosos realizado in situ de acuerdo con las recomendaciones ISRM.","robots":{"index":"index","follow":"follow","max-snippet":"max-snippet:-1","max-image-preview":"max-image-preview:large","max-video-preview":"max-video-preview:-1"},"canonical":"https:\/\/www.geostru.eu\/es\/shop\/software-es\/geomecanica-es\/proyecciones-estereograficas-de-mecanica-de-rocas\/","og_locale":"es_ES","og_type":"article","og_title":"Proyecciones estereogr\u00e1ficas de mec\u00e1nica de rocas - GMS","og_description":"GeoMechanical Survey representa y procesa el estudio geoestructural de juntas de macizos rocosos realizado in situ de acuerdo con las recomendaciones ISRM.","og_url":"https:\/\/www.geostru.eu\/es\/shop\/software-es\/geomecanica-es\/proyecciones-estereograficas-de-mecanica-de-rocas\/","og_site_name":"GeoStru","article_publisher":"https:\/\/www.facebook.com\/GeoStruSoftware\/","article_modified_time":"2026-04-11T05:24:20+00:00","og_image":[{"width":1936,"height":1040,"url":"https:\/\/www.geostru.eu\/wp-content\/uploads\/2013\/12\/GMS.png","type":"image\/png"}],"twitter_card":"summary_large_image","twitter_site":"@geostru","twitter_misc":{"Precio":"&euro;290.00 exc. IVA","Disponibilidad":"Disponible"},"schema":{"@context":"https:\/\/schema.org","@graph":[{"@type":"WebPage","@id":"https:\/\/www.geostru.eu\/es\/shop\/software-es\/geomecanica-es\/proyecciones-estereograficas-de-mecanica-de-rocas\/","url":"https:\/\/www.geostru.eu\/es\/shop\/software-es\/geomecanica-es\/proyecciones-estereograficas-de-mecanica-de-rocas\/","name":"Proyecciones estereogr\u00e1ficas de mec\u00e1nica de rocas - GMS - GeoStru","isPartOf":{"@id":"https:\/\/www.geostru.eu\/es\/#website"},"primaryImageOfPage":{"@id":"https:\/\/www.geostru.eu\/es\/shop\/software-es\/geomecanica-es\/proyecciones-estereograficas-de-mecanica-de-rocas\/#primaryimage"},"image":{"@id":"https:\/\/www.geostru.eu\/es\/shop\/software-es\/geomecanica-es\/proyecciones-estereograficas-de-mecanica-de-rocas\/#primaryimage"},"thumbnailUrl":"https:\/\/www.geostru.eu\/wp-content\/uploads\/2013\/12\/GMS.png","datePublished":"2013-12-18T16:07:57+00:00","dateModified":"2026-04-11T05:24:20+00:00","description":"GeoMechanical Survey representa y procesa el estudio geoestructural de juntas de macizos rocosos realizado in situ de acuerdo con las recomendaciones ISRM.","breadcrumb":{"@id":"https:\/\/www.geostru.eu\/es\/shop\/software-es\/geomecanica-es\/proyecciones-estereograficas-de-mecanica-de-rocas\/#breadcrumb"},"inLanguage":"es","potentialAction":[{"@type":"ReadAction","target":["https:\/\/www.geostru.eu\/es\/shop\/software-es\/geomecanica-es\/proyecciones-estereograficas-de-mecanica-de-rocas\/"]}]},{"@type":"ImageObject","inLanguage":"es","@id":"https:\/\/www.geostru.eu\/es\/shop\/software-es\/geomecanica-es\/proyecciones-estereograficas-de-mecanica-de-rocas\/#primaryimage","url":"https:\/\/www.geostru.eu\/wp-content\/uploads\/2013\/12\/GMS.png","contentUrl":"https:\/\/www.geostru.eu\/wp-content\/uploads\/2013\/12\/GMS.png","width":1936,"height":1040},{"@type":"BreadcrumbList","@id":"https:\/\/www.geostru.eu\/es\/shop\/software-es\/geomecanica-es\/proyecciones-estereograficas-de-mecanica-de-rocas\/#breadcrumb","itemListElement":[{"@type":"ListItem","position":1,"name":"Home","item":"https:\/\/www.geostru.eu\/es\/"},{"@type":"ListItem","position":2,"name":"Shop","item":"https:\/\/www.geostru.eu\/shop\/?lang=es"},{"@type":"ListItem","position":3,"name":"Proyecciones estereogr\u00e1ficas de mec\u00e1nica de rocas &#8211; GMS"}]},{"@type":"WebSite","@id":"https:\/\/www.geostru.eu\/es\/#website","url":"https:\/\/www.geostru.eu\/es\/","name":"GeoStru","description":"Professionals at your service","publisher":{"@id":"https:\/\/www.geostru.eu\/es\/#organization"},"potentialAction":[{"@type":"SearchAction","target":{"@type":"EntryPoint","urlTemplate":"https:\/\/www.geostru.eu\/es\/?s={search_term_string}"},"query-input":{"@type":"PropertyValueSpecification","valueRequired":true,"valueName":"search_term_string"}}],"inLanguage":"es"},{"@type":"Organization","@id":"https:\/\/www.geostru.eu\/es\/#organization","name":"GeoStru","url":"https:\/\/www.geostru.eu\/es\/","logo":{"@type":"ImageObject","inLanguage":"es","@id":"https:\/\/www.geostru.eu\/es\/#\/schema\/logo\/image\/","url":"https:\/\/www.geostru.eu\/wp-content\/uploads\/2023\/02\/LOGO_GEOSTRU_educational_banner.png","contentUrl":"https:\/\/www.geostru.eu\/wp-content\/uploads\/2023\/02\/LOGO_GEOSTRU_educational_banner.png","width":363,"height":115,"caption":"GeoStru"},"image":{"@id":"https:\/\/www.geostru.eu\/es\/#\/schema\/logo\/image\/"},"sameAs":["https:\/\/www.facebook.com\/GeoStruSoftware\/","https:\/\/x.com\/geostru","https:\/\/www.linkedin.com\/company\/2462488\/admin\/","https:\/\/www.instagram.com\/geostru\/"]}]},"product_brand":"Software Geolog\u00eda","product_price_amount":"290.00","product_price_currency":"EUR","og_availability":"instock","product_availability":"instock","product_retailer_item_id":"52","product_condition":"new"},"_links":{"self":[{"href":"https:\/\/www.geostru.eu\/es\/wp-json\/wp\/v2\/product\/13727"}],"collection":[{"href":"https:\/\/www.geostru.eu\/es\/wp-json\/wp\/v2\/product"}],"about":[{"href":"https:\/\/www.geostru.eu\/es\/wp-json\/wp\/v2\/types\/product"}],"replies":[{"embeddable":true,"href":"https:\/\/www.geostru.eu\/es\/wp-json\/wp\/v2\/comments?post=13727"}],"wp:featuredmedia":[{"embeddable":true,"href":"https:\/\/www.geostru.eu\/es\/wp-json\/wp\/v2\/media\/15219"}],"wp:attachment":[{"href":"https:\/\/www.geostru.eu\/es\/wp-json\/wp\/v2\/media?parent=13727"}],"wp:term":[{"taxonomy":"product_cat","embeddable":true,"href":"https:\/\/www.geostru.eu\/es\/wp-json\/wp\/v2\/product_cat?post=13727"},{"taxonomy":"product_tag","embeddable":true,"href":"https:\/\/www.geostru.eu\/es\/wp-json\/wp\/v2\/product_tag?post=13727"}],"curies":[{"name":"wp","href":"https:\/\/api.w.org\/{rel}","templated":true}]}}