{"id":13682,"date":"2013-12-18T18:09:52","date_gmt":"2013-12-18T16:09:52","guid":{"rendered":"https:\/\/www.geostru.eu\/product\/static-probing-prove-penetrometriche-statiche-2\/"},"modified":"2026-03-03T12:37:41","modified_gmt":"2026-03-03T11:37:41","slug":"static-probing-ensayos-penetracion-estatica","status":"publish","type":"product","link":"https:\/\/www.geostru.eu\/es\/shop\/software-es\/static-probing-ensayos-penetracion-estatica\/","title":{"rendered":"Static Probing \u2013 Ensayos penetraci\u00f3n est\u00e1tica"},"content":{"rendered":"<p style=\"text-align: justify;\" align=\"justify\">La adquisici\u00f3n de los datos se puede realizar en forma autom\u00e1tica por medio de una central electr\u00f3nica y la exportaci\u00f3n de las columnas estratigr\u00e1ficas es compatible con otros programas GeoStru.<br \/>\nLa interpretaci\u00f3n estratigr\u00e1fica se puede efectuar, a elecci\u00f3n del usuario, en forma autom\u00e1tica o personalizada, seg\u00fan la experiencia adquirida, incorporando estratos con el mouse y con columna estratigr\u00e1fica lateral en donde es posible a\u00f1adir bitmaps personales o standard de los software GeoStru.<br \/>\nLa aplicaci\u00f3n permite insertar niveles fre\u00e1ticos, adem\u00e1s de verificaciones de la liquefacci\u00f3n del suelo y el c\u00e1lculo de par\u00e1metros de cimentaciones superficiales y profundas (capacidad portante).<\/p>\n<p style=\"text-align: justify;\"><strong>Implementaciones nueva versi\u00f3n\u00a0<\/strong><br \/>\nElaboraci\u00f3n de los par\u00e1metros geot\u00e9cnicos caracter\u00edsticos con dos sistemas:<br \/>\n1) Lectura datos del equipo con distribuci\u00f3n estad\u00edstica normal;<br \/>\n2) Par\u00e1metros geot\u00e9cnicos mediante el nuevo software CVSOILS.<\/p>\n<p style=\"text-align: justify;\">Los ensayos realizados se pueden ver en el mapa geogr\u00e1fico.<\/p>\n<p style=\"text-align: justify;\"><strong>EQUIPOS<br \/>\n<\/strong>El software dispone de un database de equipos de uso com\u00fan:<\/p>\n<p style=\"text-align: justify;\"><a href=\"http:\/\/www.geodeepdrill.it\/\" target=\"_blank\" rel=\"noopener noreferrer\">DEEP DRILL<\/a>, CPT SUNDA DOLMEN ELECTRONIC, GOUDA, <a href=\"http:\/\/www.pagani-geotechnical.com\/\" target=\"_blank\" rel=\"noopener noreferrer\">PAGANI<\/a>, Dynastar Tecnotest, WISSA, <a href=\"http:\/\/www.onshorecptequipment.com\/\" target=\"_blank\" rel=\"noopener noreferrer\">V.D. BERG<\/a>\u00a0(CPT HYSON 200 kn VAN DEN BERG, CPT HYSON 100 kN VAN DEN BERG, CPT HYSON 100 kN VAN DEN BERG, CPT MINI CRAWLER 100 kN VAN DEN BERG, CPT MIDI CRAWLER VAN DEN BERG), <a href=\"https:\/\/www.fugro.com\/\" target=\"_blank\" rel=\"noopener noreferrer\">FUGRO <\/a>F5CW\/V, <a href=\"http:\/\/tecnopenta.com\/en\/\" target=\"_blank\" rel=\"noopener noreferrer\">TECNO PENTA<\/a>\u00a0,\u00a0Piezocones, Seismic module for S-CPTu tests.<\/p>\n<p style=\"text-align: justify;\">y se pueden incluir tambi\u00e9n nuevos equipos y\/o eliminar los ya existentes.<\/p>\n<p style=\"text-align: justify;\"><strong>Como equipo es posible usar tambi\u00e9n el penetr\u00f3metro est\u00e1tico-din\u00e1mico Dynastar Tecnotest<\/strong><\/p>\n<p style=\"text-align: justify;\"><strong>GESTI\u00d3N DE ENSAYOS<\/strong><br \/>\nStatic Probing permite una administraci\u00f3n simple e inmediata de los ensayos efectuados en la obra: es posible incluir nuevos ensayos en cualquier punto, asignando la fecha del ensayo, la posici\u00f3n X y Y, la cota Z y la profundidad indagada, incluida aquella en la cual se halla el nivel fre\u00e1tico. Se da la posibilidad, para cada obra, de archivar un n\u00famero indefinido de ensayos y para cada uno efectuar la elaboraci\u00f3n con las diferentes propuestas. Cada ensayo se identifica f\u00e1cilmente en pantalla gracias a la leyenda y a la vista de los gr\u00e1ficos de la resistencia a la punta y lateral.<\/p>\n<p style=\"text-align: justify;\"><strong>INPUT DATOS Y GESTI\u00d3N ESTRATOS<\/strong><br \/>\n<strong>Inserci\u00f3n datos<\/strong><br \/>\nA medida que el usuario introduce las lecturas de la resistencia a la punta y lateral en cada intervalo se ven los diagramas de la resistencia a la punta y lateral; est\u00e1 prevista adem\u00e1s la <strong>adquisici\u00f3n autom\u00e1tica de los datos desde central electr\u00f3nica.<\/strong><\/p>\n<p style=\"text-align: justify;\"><strong>Administraci\u00f3n estratos<\/strong><br \/>\nLa definici\u00f3n de la estratigraf\u00eda se obtiene en forma autom\u00e1tica, seg\u00fan las interpretaciones litol\u00f3gicas de las m\u00e1s acreditadas teor\u00edas de autores hist\u00f3ricos (Begemann (1965) \u2013 Schmertmann (1969-1978) etc.) y seg\u00fan las m\u00e1s recientes y afirmadas en el mundo de la investigaci\u00f3n; adem\u00e1s seg\u00fan criterios personales provenientes de la experiencia del usuario.<\/p>\n<p style=\"text-align: justify;\"><strong>EXPORT RESULTADOS<br \/>\n<\/strong>Los resultados de las elaboraciones se exportan en forma tabular y gr\u00e1fica. Para cada ensayo se construyen informes en donde se presenta el producto de las elaboraciones seleccionadas por el usuario con tanto de datos de identificaci\u00f3n del ensayo (n\u00famero, fecha, etc.) y de las caracter\u00edsticas del equipo utilizado, as\u00ed como los datos de la obra (t\u00edtulo proyecto, localidad, t\u00e9cnico, etc.). A los tabulados se les puede agregar gr\u00e1ficos y adem\u00e1s, para mejorar la presentaci\u00f3n, se da la posibilidad de construir la columna estratigr\u00e1fica correspondiente a cada ensayo.<\/p>\n<p>&nbsp;<\/p>\n<p><a href=\"https:\/\/blog.geostru.eu\/es\/pruebas-de-penetracion-estatica\/\">Interesante este art\u00edculo <\/a><\/p>\n<p>&nbsp;<\/p>\n","protected":false},"excerpt":{"rendered":"<p style=\"text-align: justify;\" align=\"justify\">Programa para archivar y elaborar Ensayos de Penetraci\u00f3n Est\u00e1tica con punta mec\u00e1nica CPT, punta el\u00e9ctrica CPTE y piezocono CPTU. Los m\u00e9todos de interpretaci\u00f3n litol\u00f3gica y estratigr\u00e1fica se elaboran para el intervalo seleccionado por el usuario, inclusive en cent\u00edmetros, con las metodolog\u00edas m\u00e1s renombradas y recientes en campo internacional (Robertson, Douglas-Olsen, Koester etc. con datos standard o \u201cnormalizados\u201d de qc y fs); y con metodolog\u00edas hist\u00f3ricas como la de Begemann y Schmertmann).<\/p>\n<p>Implementada la importaci\u00f3n de archivos de datos <strong data-start=\"847\" data-end=\"855\">.xml<\/strong> para los nuevos dataloggers de ensayos de penetraci\u00f3n est\u00e1tica <strong data-start=\"919\" data-end=\"932\">CPTe\/CPTU<\/strong> (p. ej. <em data-start=\"941\" data-end=\"993\">CPTU-ACQ for TGAS \u2013 Pagani G.E. acquisition system<\/em>). A\u00f1adida una nueva lista de instrumentos; se recuerda que en <strong data-start=\"1058\" data-end=\"1076\">Static Probing<\/strong> es posible a\u00f1adir y personalizar cualquier instrumento de ensayo.<\/p>\n","protected":false},"featured_media":15084,"comment_status":"open","ping_status":"closed","template":"","meta":[],"product_cat":[191,203],"product_tag":[433],"class_list":{"0":"post-13682","1":"product","2":"type-product","3":"status-publish","4":"has-post-thumbnail","6":"product_cat-software-es","7":"product_cat-ensayos-in-situ","8":"product_tag-pruebas-de-penetracion","9":"pa_product-professional-en-es","10":"pa_product-subscription-1-year-en-es","11":"description-off","13":"first","14":"instock","15":"downloadable","16":"virtual","17":"sold-individually","18":"taxable","19":"purchasable","20":"product-type-licensed"},"yoast_head":"<!-- This site is optimized with the Yoast SEO Premium plugin v25.0 (Yoast SEO v25.0) - https:\/\/yoast.com\/wordpress\/plugins\/seo\/ -->\n<title>Static Probing \u2013 Ensayos penetraci\u00f3n est\u00e1tica - GeoStru<\/title>\n<meta name=\"description\" content=\"Programa para archivar y elaborar Ensayos de Penetraci\u00f3n Est\u00e1tica con punta mec\u00e1nica CPT, punta el\u00e9ctrica CPTE y piezocono CPTU.\" \/>\n<meta name=\"robots\" content=\"index, follow, max-snippet:-1, max-image-preview:large, max-video-preview:-1\" \/>\n<link rel=\"canonical\" href=\"https:\/\/www.geostru.eu\/es\/shop\/software-es\/static-probing-ensayos-penetracion-estatica\/\" \/>\n<meta property=\"og:locale\" content=\"es_ES\" \/>\n<meta property=\"og:type\" content=\"article\" \/>\n<meta property=\"og:title\" content=\"Static Probing \u2013 Ensayos penetraci\u00f3n est\u00e1tica\" \/>\n<meta property=\"og:description\" content=\"Programa para archivar y elaborar Ensayos de Penetraci\u00f3n Est\u00e1tica con punta mec\u00e1nica CPT, punta el\u00e9ctrica CPTE y piezocono CPTU.\" \/>\n<meta property=\"og:url\" content=\"https:\/\/www.geostru.eu\/es\/shop\/software-es\/static-probing-ensayos-penetracion-estatica\/\" \/>\n<meta property=\"og:site_name\" content=\"GeoStru\" \/>\n<meta property=\"article:publisher\" content=\"https:\/\/www.facebook.com\/GeoStruSoftware\/\" \/>\n<meta property=\"article:modified_time\" content=\"2026-03-03T11:37:41+00:00\" \/>\n<meta property=\"og:image\" content=\"https:\/\/www.geostru.eu\/wp-content\/uploads\/2013\/12\/static_1.png\" \/>\n\t<meta property=\"og:image:width\" content=\"1920\" \/>\n\t<meta property=\"og:image:height\" content=\"1040\" \/>\n\t<meta property=\"og:image:type\" content=\"image\/png\" \/>\n<meta name=\"twitter:card\" content=\"summary_large_image\" \/>\n<meta name=\"twitter:site\" content=\"@geostru\" \/>\n<meta name=\"twitter:label1\" content=\"Precio\" \/>\n\t<meta name=\"twitter:data1\" content=\"&euro;490.00 exc. IVA\" \/>\n\t<meta name=\"twitter:label2\" content=\"Disponibilidad\" \/>\n\t<meta name=\"twitter:data2\" content=\"Disponible\" \/>\n<script type=\"application\/ld+json\" class=\"yoast-schema-graph\">{\"@context\":\"https:\/\/schema.org\",\"@graph\":[{\"@type\":\"WebPage\",\"@id\":\"https:\/\/www.geostru.eu\/es\/shop\/software-es\/static-probing-ensayos-penetracion-estatica\/\",\"url\":\"https:\/\/www.geostru.eu\/es\/shop\/software-es\/static-probing-ensayos-penetracion-estatica\/\",\"name\":\"Static Probing \u2013 Ensayos penetraci\u00f3n est\u00e1tica - GeoStru\",\"isPartOf\":{\"@id\":\"https:\/\/www.geostru.eu\/es\/#website\"},\"primaryImageOfPage\":{\"@id\":\"https:\/\/www.geostru.eu\/es\/shop\/software-es\/static-probing-ensayos-penetracion-estatica\/#primaryimage\"},\"image\":{\"@id\":\"https:\/\/www.geostru.eu\/es\/shop\/software-es\/static-probing-ensayos-penetracion-estatica\/#primaryimage\"},\"thumbnailUrl\":\"https:\/\/www.geostru.eu\/wp-content\/uploads\/2013\/12\/static_1.png\",\"datePublished\":\"2013-12-18T16:09:52+00:00\",\"dateModified\":\"2026-03-03T11:37:41+00:00\",\"description\":\"Programa para archivar y elaborar Ensayos de Penetraci\u00f3n Est\u00e1tica con punta mec\u00e1nica CPT, punta el\u00e9ctrica CPTE y piezocono CPTU.\",\"breadcrumb\":{\"@id\":\"https:\/\/www.geostru.eu\/es\/shop\/software-es\/static-probing-ensayos-penetracion-estatica\/#breadcrumb\"},\"inLanguage\":\"es\",\"potentialAction\":[{\"@type\":\"ReadAction\",\"target\":[\"https:\/\/www.geostru.eu\/es\/shop\/software-es\/static-probing-ensayos-penetracion-estatica\/\"]}]},{\"@type\":\"ImageObject\",\"inLanguage\":\"es\",\"@id\":\"https:\/\/www.geostru.eu\/es\/shop\/software-es\/static-probing-ensayos-penetracion-estatica\/#primaryimage\",\"url\":\"https:\/\/www.geostru.eu\/wp-content\/uploads\/2013\/12\/static_1.png\",\"contentUrl\":\"https:\/\/www.geostru.eu\/wp-content\/uploads\/2013\/12\/static_1.png\",\"width\":1920,\"height\":1040},{\"@type\":\"BreadcrumbList\",\"@id\":\"https:\/\/www.geostru.eu\/es\/shop\/software-es\/static-probing-ensayos-penetracion-estatica\/#breadcrumb\",\"itemListElement\":[{\"@type\":\"ListItem\",\"position\":1,\"name\":\"Home\",\"item\":\"https:\/\/www.geostru.eu\/es\/\"},{\"@type\":\"ListItem\",\"position\":2,\"name\":\"Shop\",\"item\":\"https:\/\/www.geostru.eu\/shop\/?lang=es\"},{\"@type\":\"ListItem\",\"position\":3,\"name\":\"Static Probing \u2013 Ensayos penetraci\u00f3n est\u00e1tica\"}]},{\"@type\":\"WebSite\",\"@id\":\"https:\/\/www.geostru.eu\/es\/#website\",\"url\":\"https:\/\/www.geostru.eu\/es\/\",\"name\":\"GeoStru\",\"description\":\"Professionals at your service\",\"publisher\":{\"@id\":\"https:\/\/www.geostru.eu\/es\/#organization\"},\"potentialAction\":[{\"@type\":\"SearchAction\",\"target\":{\"@type\":\"EntryPoint\",\"urlTemplate\":\"https:\/\/www.geostru.eu\/es\/?s={search_term_string}\"},\"query-input\":{\"@type\":\"PropertyValueSpecification\",\"valueRequired\":true,\"valueName\":\"search_term_string\"}}],\"inLanguage\":\"es\"},{\"@type\":\"Organization\",\"@id\":\"https:\/\/www.geostru.eu\/es\/#organization\",\"name\":\"GeoStru\",\"url\":\"https:\/\/www.geostru.eu\/es\/\",\"logo\":{\"@type\":\"ImageObject\",\"inLanguage\":\"es\",\"@id\":\"https:\/\/www.geostru.eu\/es\/#\/schema\/logo\/image\/\",\"url\":\"https:\/\/www.geostru.eu\/wp-content\/uploads\/2023\/02\/LOGO_GEOSTRU_educational_banner.png\",\"contentUrl\":\"https:\/\/www.geostru.eu\/wp-content\/uploads\/2023\/02\/LOGO_GEOSTRU_educational_banner.png\",\"width\":363,\"height\":115,\"caption\":\"GeoStru\"},\"image\":{\"@id\":\"https:\/\/www.geostru.eu\/es\/#\/schema\/logo\/image\/\"},\"sameAs\":[\"https:\/\/www.facebook.com\/GeoStruSoftware\/\",\"https:\/\/x.com\/geostru\",\"https:\/\/www.linkedin.com\/company\/2462488\/admin\/\",\"https:\/\/www.instagram.com\/geostru\/\"]}]}<\/script>\n<meta property=\"product:brand\" content=\"Software\" \/>\n<meta property=\"product:price:amount\" content=\"490.00\" \/>\n<meta property=\"product:price:currency\" content=\"EUR\" \/>\n<meta property=\"og:availability\" content=\"instock\" \/>\n<meta property=\"product:availability\" content=\"instock\" \/>\n<meta property=\"product:retailer_item_id\" content=\"20\" \/>\n<meta property=\"product:condition\" content=\"new\" \/>\n<!-- \/ Yoast SEO Premium plugin. -->","yoast_head_json":{"title":"Static Probing \u2013 Ensayos penetraci\u00f3n est\u00e1tica - GeoStru","description":"Programa para archivar y elaborar Ensayos de Penetraci\u00f3n Est\u00e1tica con punta mec\u00e1nica CPT, punta el\u00e9ctrica CPTE y piezocono CPTU.","robots":{"index":"index","follow":"follow","max-snippet":"max-snippet:-1","max-image-preview":"max-image-preview:large","max-video-preview":"max-video-preview:-1"},"canonical":"https:\/\/www.geostru.eu\/es\/shop\/software-es\/static-probing-ensayos-penetracion-estatica\/","og_locale":"es_ES","og_type":"article","og_title":"Static Probing \u2013 Ensayos penetraci\u00f3n est\u00e1tica","og_description":"Programa para archivar y elaborar Ensayos de Penetraci\u00f3n Est\u00e1tica con punta mec\u00e1nica CPT, punta el\u00e9ctrica CPTE y piezocono CPTU.","og_url":"https:\/\/www.geostru.eu\/es\/shop\/software-es\/static-probing-ensayos-penetracion-estatica\/","og_site_name":"GeoStru","article_publisher":"https:\/\/www.facebook.com\/GeoStruSoftware\/","article_modified_time":"2026-03-03T11:37:41+00:00","og_image":[{"width":1920,"height":1040,"url":"https:\/\/www.geostru.eu\/wp-content\/uploads\/2013\/12\/static_1.png","type":"image\/png"}],"twitter_card":"summary_large_image","twitter_site":"@geostru","twitter_misc":{"Precio":"&euro;490.00 exc. IVA","Disponibilidad":"Disponible"},"schema":{"@context":"https:\/\/schema.org","@graph":[{"@type":"WebPage","@id":"https:\/\/www.geostru.eu\/es\/shop\/software-es\/static-probing-ensayos-penetracion-estatica\/","url":"https:\/\/www.geostru.eu\/es\/shop\/software-es\/static-probing-ensayos-penetracion-estatica\/","name":"Static Probing \u2013 Ensayos penetraci\u00f3n est\u00e1tica - GeoStru","isPartOf":{"@id":"https:\/\/www.geostru.eu\/es\/#website"},"primaryImageOfPage":{"@id":"https:\/\/www.geostru.eu\/es\/shop\/software-es\/static-probing-ensayos-penetracion-estatica\/#primaryimage"},"image":{"@id":"https:\/\/www.geostru.eu\/es\/shop\/software-es\/static-probing-ensayos-penetracion-estatica\/#primaryimage"},"thumbnailUrl":"https:\/\/www.geostru.eu\/wp-content\/uploads\/2013\/12\/static_1.png","datePublished":"2013-12-18T16:09:52+00:00","dateModified":"2026-03-03T11:37:41+00:00","description":"Programa para archivar y elaborar Ensayos de Penetraci\u00f3n Est\u00e1tica con punta mec\u00e1nica CPT, punta el\u00e9ctrica CPTE y piezocono CPTU.","breadcrumb":{"@id":"https:\/\/www.geostru.eu\/es\/shop\/software-es\/static-probing-ensayos-penetracion-estatica\/#breadcrumb"},"inLanguage":"es","potentialAction":[{"@type":"ReadAction","target":["https:\/\/www.geostru.eu\/es\/shop\/software-es\/static-probing-ensayos-penetracion-estatica\/"]}]},{"@type":"ImageObject","inLanguage":"es","@id":"https:\/\/www.geostru.eu\/es\/shop\/software-es\/static-probing-ensayos-penetracion-estatica\/#primaryimage","url":"https:\/\/www.geostru.eu\/wp-content\/uploads\/2013\/12\/static_1.png","contentUrl":"https:\/\/www.geostru.eu\/wp-content\/uploads\/2013\/12\/static_1.png","width":1920,"height":1040},{"@type":"BreadcrumbList","@id":"https:\/\/www.geostru.eu\/es\/shop\/software-es\/static-probing-ensayos-penetracion-estatica\/#breadcrumb","itemListElement":[{"@type":"ListItem","position":1,"name":"Home","item":"https:\/\/www.geostru.eu\/es\/"},{"@type":"ListItem","position":2,"name":"Shop","item":"https:\/\/www.geostru.eu\/shop\/?lang=es"},{"@type":"ListItem","position":3,"name":"Static Probing \u2013 Ensayos penetraci\u00f3n est\u00e1tica"}]},{"@type":"WebSite","@id":"https:\/\/www.geostru.eu\/es\/#website","url":"https:\/\/www.geostru.eu\/es\/","name":"GeoStru","description":"Professionals at your service","publisher":{"@id":"https:\/\/www.geostru.eu\/es\/#organization"},"potentialAction":[{"@type":"SearchAction","target":{"@type":"EntryPoint","urlTemplate":"https:\/\/www.geostru.eu\/es\/?s={search_term_string}"},"query-input":{"@type":"PropertyValueSpecification","valueRequired":true,"valueName":"search_term_string"}}],"inLanguage":"es"},{"@type":"Organization","@id":"https:\/\/www.geostru.eu\/es\/#organization","name":"GeoStru","url":"https:\/\/www.geostru.eu\/es\/","logo":{"@type":"ImageObject","inLanguage":"es","@id":"https:\/\/www.geostru.eu\/es\/#\/schema\/logo\/image\/","url":"https:\/\/www.geostru.eu\/wp-content\/uploads\/2023\/02\/LOGO_GEOSTRU_educational_banner.png","contentUrl":"https:\/\/www.geostru.eu\/wp-content\/uploads\/2023\/02\/LOGO_GEOSTRU_educational_banner.png","width":363,"height":115,"caption":"GeoStru"},"image":{"@id":"https:\/\/www.geostru.eu\/es\/#\/schema\/logo\/image\/"},"sameAs":["https:\/\/www.facebook.com\/GeoStruSoftware\/","https:\/\/x.com\/geostru","https:\/\/www.linkedin.com\/company\/2462488\/admin\/","https:\/\/www.instagram.com\/geostru\/"]}]},"product_brand":"Software","product_price_amount":"490.00","product_price_currency":"EUR","og_availability":"instock","product_availability":"instock","product_retailer_item_id":"20","product_condition":"new"},"_links":{"self":[{"href":"https:\/\/www.geostru.eu\/es\/wp-json\/wp\/v2\/product\/13682"}],"collection":[{"href":"https:\/\/www.geostru.eu\/es\/wp-json\/wp\/v2\/product"}],"about":[{"href":"https:\/\/www.geostru.eu\/es\/wp-json\/wp\/v2\/types\/product"}],"replies":[{"embeddable":true,"href":"https:\/\/www.geostru.eu\/es\/wp-json\/wp\/v2\/comments?post=13682"}],"wp:featuredmedia":[{"embeddable":true,"href":"https:\/\/www.geostru.eu\/es\/wp-json\/wp\/v2\/media\/15084"}],"wp:attachment":[{"href":"https:\/\/www.geostru.eu\/es\/wp-json\/wp\/v2\/media?parent=13682"}],"wp:term":[{"taxonomy":"product_cat","embeddable":true,"href":"https:\/\/www.geostru.eu\/es\/wp-json\/wp\/v2\/product_cat?post=13682"},{"taxonomy":"product_tag","embeddable":true,"href":"https:\/\/www.geostru.eu\/es\/wp-json\/wp\/v2\/product_tag?post=13682"}],"curies":[{"name":"wp","href":"https:\/\/api.w.org\/{rel}","templated":true}]}}