{"id":13653,"date":"2013-12-18T18:10:29","date_gmt":"2013-12-18T16:10:29","guid":{"rendered":"https:\/\/www.geostru.eu\/product\/downhole-2-2\/"},"modified":"2026-01-21T15:28:38","modified_gmt":"2026-01-21T14:28:38","slug":"downhole-ensayos-downhole-dh","status":"publish","type":"product","link":"https:\/\/www.geostru.eu\/es\/shop\/gensmart-es\/downhole-ensayos-downhole-dh\/","title":{"rendered":"Downhole &#8211;  Ensayos Downhole (DH)"},"content":{"rendered":"<p>Introduciendo los datos relativos al proyecto, a las profundidades obtenidas y los tiempos de trayecto medidos, es posible obtener:<\/p>\n<ul>\n<li>las distancias entre la fuente y el receptor;<\/li>\n<li>los tiempos de trayectoria correctos;<\/li>\n<li>las velocidades de las ondas P y S;<\/li>\n<li>algunos par\u00e1metros geot\u00e9cnicos importantes;<\/li>\n<li>el gr\u00e1fico de las dromocromas y los estratos s\u00edsmicos, de los cuales es posible deducir la velocidad promedio de cada estrato s\u00edsmico, algunos par\u00e1metros geot\u00e9cnicos promedios y el VS30;<\/li>\n<li>el gr\u00e1fico de las velocidades de intervalo P e S con definici\u00f3n de los estratos s\u00edsmicos;<\/li>\n<li>los gr\u00e1ficos relativos a los par\u00e1metros geot\u00e9cnicos derivados para cada intervalo;<\/li>\n<li>la estratigraf\u00eda proveniente del orificio de sondeo;<\/li>\n<li>la relaci\u00f3n final.<\/li>\n<\/ul>\n<p style=\"text-align: justify;\"><strong>La importaci\u00f3n de archivos SEG2<\/strong> garantiza una gran compatibilidad del programa con los instrumentos de trabajo.<\/p>\n<p style=\"text-align: justify;\"><strong>Interpretaci\u00f3n con el m\u00e9todo directo<\/strong><br \/>\nCon el m\u00e9todo directo, al inicio es importante corregir los tiempos de trayectoria (<strong>t<\/strong>) medidos a lo largo de los recorridos fuente-receptor para as\u00ed tener en cuenta la inclinaci\u00f3n del recorrido de las ondas y, sucesivamente, se realiza el gr\u00e1fico <strong>tcorr-z<\/strong>, ya sea para las ondas<strong> P<\/strong> que para las ondas <strong>S<\/strong>. De esta manera la velocidad promedio de las ondas s\u00edsmicas en estratos homog\u00e9neos de terreno est\u00e1 representada por la inclinaci\u00f3n de los segmentos rectos a trav\u00e9s de los cuales se alinean los datos experimentales.<br \/>\nObtenidos gr\u00e1ficamente los estratos s\u00edsmicos, se obtiene la densidad promedio en funci\u00f3n de la velocidad y de la profundidad, el<strong>coeficiente de Poisson<\/strong>, el <strong>m\u00f3dulo de compresibilidad edom\u00e9trica<\/strong>, el <strong>m\u00f3dulo de Young<\/strong>, el <strong>m\u00f3dulo de compresibilidad volum\u00e9trica<\/strong>, el <strong>VS30<\/strong>.<\/p>\n<p style=\"text-align: justify;\"><strong>Interpretaci\u00f3n en Downhole con el m\u00e9todo intervalo<\/strong><br \/>\nCon el m\u00e9todo Intervalo los tiempos de trayectoria de la onda s\u00edsmica se miden entre dos receptores consecutivos ubicados en profundidades diferentes, permitiendo as\u00ed mejorar la calidad de las medidas (velocidad de intervalo). Cuando se dispone de un solo receptor, es decir en la hip\u00f3tesis en la cual las parejas no correspondan a un \u00fanico impulso, los valores de velocidad determinados, definidos pseudo-intervalo, permiten solo una aparente mejora de la definici\u00f3n del perfil de velocidad.<br \/>\nUna vez obtenidas las medidas es posible calcular los tiempos correctos y la velocidad intervalo de las ondas P e S, con el respectivo gr\u00e1fico<br \/>\nSeguidamente se calculan la densidad, el coeficiente de Poisson, el m\u00f3dulo de deformaci\u00f3n al corte, m\u00f3dulo de compresibilidad edom\u00e9trica, el m\u00f3dulo de Young, el m\u00f3dulo de compresibilidad volum\u00e9trica por cada intervalo y el VS30.<\/p>\n","protected":false},"excerpt":{"rendered":"<p style=\"text-align: justify;\" align=\"justify\"><b>Downhole \u2013 Ensayos Downhole\u00a0(DH)<\/b><br \/>\nCon el m\u00e9todo s\u00edsmico downhole (DH) se mide el tiempo que necesitan las ondas <strong>P<\/strong> y<strong>S<\/strong> para propagarse desde una fuente s\u00edsmica puesta en superficie hasta los receptores ubicados en el interior de un orificio de sondeo.<\/p>\n","protected":false},"featured_media":17619,"comment_status":"open","ping_status":"closed","template":"","meta":[],"product_cat":[13323,191,203,187],"product_tag":[400],"class_list":{"0":"post-13653","1":"product","2":"type-product","3":"status-publish","4":"has-post-thumbnail","6":"product_cat-gensmart-es","7":"product_cat-software-es","8":"product_cat-ensayos-in-situ","9":"product_cat-geofisica-es","10":"product_tag-downhole-es","11":"pa_product-professional-en-es","12":"pa_product-subscription-1-year-en-es","13":"description-off","15":"first","16":"instock","17":"downloadable","18":"virtual","19":"sold-individually","20":"taxable","21":"purchasable","22":"product-type-licensed"},"yoast_head":"<!-- This site is optimized with the Yoast SEO Premium plugin v25.0 (Yoast SEO v25.0) - https:\/\/yoast.com\/wordpress\/plugins\/seo\/ -->\n<title>Downhole - Ensayos Downhole (DH) - GeoStru<\/title>\n<meta name=\"description\" content=\"Ensayos Downhole\" \/>\n<meta name=\"robots\" content=\"index, follow, max-snippet:-1, max-image-preview:large, max-video-preview:-1\" \/>\n<link rel=\"canonical\" href=\"https:\/\/www.geostru.eu\/es\/shop\/gensmart-es\/downhole-ensayos-downhole-dh\/\" \/>\n<meta property=\"og:locale\" content=\"es_ES\" \/>\n<meta property=\"og:type\" content=\"article\" \/>\n<meta property=\"og:title\" content=\"Downhole - Ensayos Downhole (DH)\" \/>\n<meta property=\"og:description\" content=\"Ensayos Downhole\" \/>\n<meta property=\"og:url\" content=\"https:\/\/www.geostru.eu\/es\/shop\/gensmart-es\/downhole-ensayos-downhole-dh\/\" \/>\n<meta property=\"og:site_name\" content=\"GeoStru\" \/>\n<meta property=\"article:publisher\" content=\"https:\/\/www.facebook.com\/GeoStruSoftware\/\" \/>\n<meta property=\"article:modified_time\" content=\"2026-01-21T14:28:38+00:00\" \/>\n<meta property=\"og:image\" content=\"https:\/\/www.geostru.eu\/wp-content\/uploads\/2013\/12\/Risorsa-63.jpg\" \/>\n\t<meta property=\"og:image:width\" content=\"1200\" \/>\n\t<meta property=\"og:image:height\" content=\"630\" \/>\n\t<meta property=\"og:image:type\" content=\"image\/jpeg\" \/>\n<meta name=\"twitter:card\" content=\"summary_large_image\" \/>\n<meta name=\"twitter:site\" content=\"@geostru\" \/>\n<meta name=\"twitter:label1\" content=\"Precio\" \/>\n\t<meta name=\"twitter:data1\" content=\"&euro;490.00 exc. IVA\" \/>\n\t<meta name=\"twitter:label2\" content=\"Disponibilidad\" \/>\n\t<meta name=\"twitter:data2\" content=\"Disponible\" \/>\n<script type=\"application\/ld+json\" class=\"yoast-schema-graph\">{\"@context\":\"https:\/\/schema.org\",\"@graph\":[{\"@type\":\"WebPage\",\"@id\":\"https:\/\/www.geostru.eu\/es\/shop\/gensmart-es\/downhole-ensayos-downhole-dh\/\",\"url\":\"https:\/\/www.geostru.eu\/es\/shop\/gensmart-es\/downhole-ensayos-downhole-dh\/\",\"name\":\"Downhole - Ensayos Downhole (DH) - GeoStru\",\"isPartOf\":{\"@id\":\"https:\/\/www.geostru.eu\/es\/#website\"},\"primaryImageOfPage\":{\"@id\":\"https:\/\/www.geostru.eu\/es\/shop\/gensmart-es\/downhole-ensayos-downhole-dh\/#primaryimage\"},\"image\":{\"@id\":\"https:\/\/www.geostru.eu\/es\/shop\/gensmart-es\/downhole-ensayos-downhole-dh\/#primaryimage\"},\"thumbnailUrl\":\"https:\/\/www.geostru.eu\/wp-content\/uploads\/2013\/12\/DOWNHOLE1.jpg\",\"datePublished\":\"2013-12-18T16:10:29+00:00\",\"dateModified\":\"2026-01-21T14:28:38+00:00\",\"description\":\"Ensayos Downhole\",\"breadcrumb\":{\"@id\":\"https:\/\/www.geostru.eu\/es\/shop\/gensmart-es\/downhole-ensayos-downhole-dh\/#breadcrumb\"},\"inLanguage\":\"es\",\"potentialAction\":[{\"@type\":\"ReadAction\",\"target\":[\"https:\/\/www.geostru.eu\/es\/shop\/gensmart-es\/downhole-ensayos-downhole-dh\/\"]}]},{\"@type\":\"ImageObject\",\"inLanguage\":\"es\",\"@id\":\"https:\/\/www.geostru.eu\/es\/shop\/gensmart-es\/downhole-ensayos-downhole-dh\/#primaryimage\",\"url\":\"https:\/\/www.geostru.eu\/wp-content\/uploads\/2013\/12\/DOWNHOLE1.jpg\",\"contentUrl\":\"https:\/\/www.geostru.eu\/wp-content\/uploads\/2013\/12\/DOWNHOLE1.jpg\",\"width\":488,\"height\":265,\"caption\":\"interpretazione delle prove downhole - geostru\"},{\"@type\":\"BreadcrumbList\",\"@id\":\"https:\/\/www.geostru.eu\/es\/shop\/gensmart-es\/downhole-ensayos-downhole-dh\/#breadcrumb\",\"itemListElement\":[{\"@type\":\"ListItem\",\"position\":1,\"name\":\"Home\",\"item\":\"https:\/\/www.geostru.eu\/es\/\"},{\"@type\":\"ListItem\",\"position\":2,\"name\":\"Shop\",\"item\":\"https:\/\/www.geostru.eu\/shop\/?lang=es\"},{\"@type\":\"ListItem\",\"position\":3,\"name\":\"Downhole &#8211; Ensayos Downhole (DH)\"}]},{\"@type\":\"WebSite\",\"@id\":\"https:\/\/www.geostru.eu\/es\/#website\",\"url\":\"https:\/\/www.geostru.eu\/es\/\",\"name\":\"GeoStru\",\"description\":\"Professionals at your service\",\"publisher\":{\"@id\":\"https:\/\/www.geostru.eu\/es\/#organization\"},\"potentialAction\":[{\"@type\":\"SearchAction\",\"target\":{\"@type\":\"EntryPoint\",\"urlTemplate\":\"https:\/\/www.geostru.eu\/es\/?s={search_term_string}\"},\"query-input\":{\"@type\":\"PropertyValueSpecification\",\"valueRequired\":true,\"valueName\":\"search_term_string\"}}],\"inLanguage\":\"es\"},{\"@type\":\"Organization\",\"@id\":\"https:\/\/www.geostru.eu\/es\/#organization\",\"name\":\"GeoStru\",\"url\":\"https:\/\/www.geostru.eu\/es\/\",\"logo\":{\"@type\":\"ImageObject\",\"inLanguage\":\"es\",\"@id\":\"https:\/\/www.geostru.eu\/es\/#\/schema\/logo\/image\/\",\"url\":\"https:\/\/www.geostru.eu\/wp-content\/uploads\/2023\/02\/LOGO_GEOSTRU_educational_banner.png\",\"contentUrl\":\"https:\/\/www.geostru.eu\/wp-content\/uploads\/2023\/02\/LOGO_GEOSTRU_educational_banner.png\",\"width\":363,\"height\":115,\"caption\":\"GeoStru\"},\"image\":{\"@id\":\"https:\/\/www.geostru.eu\/es\/#\/schema\/logo\/image\/\"},\"sameAs\":[\"https:\/\/www.facebook.com\/GeoStruSoftware\/\",\"https:\/\/x.com\/geostru\",\"https:\/\/www.linkedin.com\/company\/2462488\/admin\/\",\"https:\/\/www.instagram.com\/geostru\/\"]}]}<\/script>\n<meta property=\"product:brand\" content=\"Paquetes\" \/>\n<meta property=\"product:price:amount\" content=\"490.00\" \/>\n<meta property=\"product:price:currency\" content=\"EUR\" \/>\n<meta property=\"og:availability\" content=\"instock\" \/>\n<meta property=\"product:availability\" content=\"instock\" \/>\n<meta property=\"product:retailer_item_id\" content=\"21\" \/>\n<meta property=\"product:condition\" content=\"new\" \/>\n<!-- \/ Yoast SEO Premium plugin. -->","yoast_head_json":{"title":"Downhole - Ensayos Downhole (DH) - GeoStru","description":"Ensayos Downhole","robots":{"index":"index","follow":"follow","max-snippet":"max-snippet:-1","max-image-preview":"max-image-preview:large","max-video-preview":"max-video-preview:-1"},"canonical":"https:\/\/www.geostru.eu\/es\/shop\/gensmart-es\/downhole-ensayos-downhole-dh\/","og_locale":"es_ES","og_type":"article","og_title":"Downhole - Ensayos Downhole (DH)","og_description":"Ensayos Downhole","og_url":"https:\/\/www.geostru.eu\/es\/shop\/gensmart-es\/downhole-ensayos-downhole-dh\/","og_site_name":"GeoStru","article_publisher":"https:\/\/www.facebook.com\/GeoStruSoftware\/","article_modified_time":"2026-01-21T14:28:38+00:00","og_image":[{"width":1200,"height":630,"url":"https:\/\/www.geostru.eu\/wp-content\/uploads\/2013\/12\/Risorsa-63.jpg","type":"image\/jpeg"}],"twitter_card":"summary_large_image","twitter_site":"@geostru","twitter_misc":{"Precio":"&euro;490.00 exc. IVA","Disponibilidad":"Disponible"},"schema":{"@context":"https:\/\/schema.org","@graph":[{"@type":"WebPage","@id":"https:\/\/www.geostru.eu\/es\/shop\/gensmart-es\/downhole-ensayos-downhole-dh\/","url":"https:\/\/www.geostru.eu\/es\/shop\/gensmart-es\/downhole-ensayos-downhole-dh\/","name":"Downhole - Ensayos Downhole (DH) - GeoStru","isPartOf":{"@id":"https:\/\/www.geostru.eu\/es\/#website"},"primaryImageOfPage":{"@id":"https:\/\/www.geostru.eu\/es\/shop\/gensmart-es\/downhole-ensayos-downhole-dh\/#primaryimage"},"image":{"@id":"https:\/\/www.geostru.eu\/es\/shop\/gensmart-es\/downhole-ensayos-downhole-dh\/#primaryimage"},"thumbnailUrl":"https:\/\/www.geostru.eu\/wp-content\/uploads\/2013\/12\/DOWNHOLE1.jpg","datePublished":"2013-12-18T16:10:29+00:00","dateModified":"2026-01-21T14:28:38+00:00","description":"Ensayos Downhole","breadcrumb":{"@id":"https:\/\/www.geostru.eu\/es\/shop\/gensmart-es\/downhole-ensayos-downhole-dh\/#breadcrumb"},"inLanguage":"es","potentialAction":[{"@type":"ReadAction","target":["https:\/\/www.geostru.eu\/es\/shop\/gensmart-es\/downhole-ensayos-downhole-dh\/"]}]},{"@type":"ImageObject","inLanguage":"es","@id":"https:\/\/www.geostru.eu\/es\/shop\/gensmart-es\/downhole-ensayos-downhole-dh\/#primaryimage","url":"https:\/\/www.geostru.eu\/wp-content\/uploads\/2013\/12\/DOWNHOLE1.jpg","contentUrl":"https:\/\/www.geostru.eu\/wp-content\/uploads\/2013\/12\/DOWNHOLE1.jpg","width":488,"height":265,"caption":"interpretazione delle prove downhole - geostru"},{"@type":"BreadcrumbList","@id":"https:\/\/www.geostru.eu\/es\/shop\/gensmart-es\/downhole-ensayos-downhole-dh\/#breadcrumb","itemListElement":[{"@type":"ListItem","position":1,"name":"Home","item":"https:\/\/www.geostru.eu\/es\/"},{"@type":"ListItem","position":2,"name":"Shop","item":"https:\/\/www.geostru.eu\/shop\/?lang=es"},{"@type":"ListItem","position":3,"name":"Downhole &#8211; Ensayos Downhole (DH)"}]},{"@type":"WebSite","@id":"https:\/\/www.geostru.eu\/es\/#website","url":"https:\/\/www.geostru.eu\/es\/","name":"GeoStru","description":"Professionals at your service","publisher":{"@id":"https:\/\/www.geostru.eu\/es\/#organization"},"potentialAction":[{"@type":"SearchAction","target":{"@type":"EntryPoint","urlTemplate":"https:\/\/www.geostru.eu\/es\/?s={search_term_string}"},"query-input":{"@type":"PropertyValueSpecification","valueRequired":true,"valueName":"search_term_string"}}],"inLanguage":"es"},{"@type":"Organization","@id":"https:\/\/www.geostru.eu\/es\/#organization","name":"GeoStru","url":"https:\/\/www.geostru.eu\/es\/","logo":{"@type":"ImageObject","inLanguage":"es","@id":"https:\/\/www.geostru.eu\/es\/#\/schema\/logo\/image\/","url":"https:\/\/www.geostru.eu\/wp-content\/uploads\/2023\/02\/LOGO_GEOSTRU_educational_banner.png","contentUrl":"https:\/\/www.geostru.eu\/wp-content\/uploads\/2023\/02\/LOGO_GEOSTRU_educational_banner.png","width":363,"height":115,"caption":"GeoStru"},"image":{"@id":"https:\/\/www.geostru.eu\/es\/#\/schema\/logo\/image\/"},"sameAs":["https:\/\/www.facebook.com\/GeoStruSoftware\/","https:\/\/x.com\/geostru","https:\/\/www.linkedin.com\/company\/2462488\/admin\/","https:\/\/www.instagram.com\/geostru\/"]}]},"product_brand":"Paquetes","product_price_amount":"490.00","product_price_currency":"EUR","og_availability":"instock","product_availability":"instock","product_retailer_item_id":"21","product_condition":"new"},"_links":{"self":[{"href":"https:\/\/www.geostru.eu\/es\/wp-json\/wp\/v2\/product\/13653"}],"collection":[{"href":"https:\/\/www.geostru.eu\/es\/wp-json\/wp\/v2\/product"}],"about":[{"href":"https:\/\/www.geostru.eu\/es\/wp-json\/wp\/v2\/types\/product"}],"replies":[{"embeddable":true,"href":"https:\/\/www.geostru.eu\/es\/wp-json\/wp\/v2\/comments?post=13653"}],"wp:featuredmedia":[{"embeddable":true,"href":"https:\/\/www.geostru.eu\/es\/wp-json\/wp\/v2\/media\/17619"}],"wp:attachment":[{"href":"https:\/\/www.geostru.eu\/es\/wp-json\/wp\/v2\/media?parent=13653"}],"wp:term":[{"taxonomy":"product_cat","embeddable":true,"href":"https:\/\/www.geostru.eu\/es\/wp-json\/wp\/v2\/product_cat?post=13653"},{"taxonomy":"product_tag","embeddable":true,"href":"https:\/\/www.geostru.eu\/es\/wp-json\/wp\/v2\/product_tag?post=13653"}],"curies":[{"name":"wp","href":"https:\/\/api.w.org\/{rel}","templated":true}]}}