{"id":13643,"date":"2013-12-18T18:10:51","date_gmt":"2013-12-18T16:10:51","guid":{"rendered":"https:\/\/www.geostru.eu\/product\/easy-hvsr-2\/"},"modified":"2026-01-21T09:45:16","modified_gmt":"2026-01-21T08:45:16","slug":"easy-hvsr","status":"publish","type":"product","link":"https:\/\/www.geostru.eu\/es\/shop\/software-es\/geofisica-es\/easy-hvsr\/","title":{"rendered":"Relaci\u00f3n espectral de microtemblores &#8211; EASY HVSR"},"content":{"rendered":"<p style=\"text-align: justify;\"><strong>Personalizaci\u00f3n del an\u00e1lisis<\/strong><br \/>\nEs posible elegir las diversas formas de tratar los datos, eligiendo los m\u00e9todos m\u00e1s adecuados para la suma direccional de las trazas en las direcciones horizontales, para el suavizado de datos y para la banda de frecuencia a analizar.<br \/>\nEntre las sumas direccionales disponibles, de hecho, es posible elegir desde la media aritm\u00e9tica m\u00e1s simple hasta la media cuadr\u00e1tica o geom\u00e9trica. Entre los m\u00e9todos para suavizar datos, sugeridos por el proyecto SESAME , podemos elegir: Konno &amp; Ohmachi, Triangular constante y Triangular proporcional. Puede elegir las ventanas de tiempo para incluir y excluir simplemente con una marca de verificaci\u00f3n, viendo los cambios en los cambios realizados en tiempo real. Todo respaldado por la capacidad de filtrar los datos de entrada autom\u00e1ticamente.<\/p>\n<p><strong>Visualizaci\u00f3n de datos<\/strong><br \/>\nTodos los resultados se representan en gr\u00e1ficos personalizables. Los gr\u00e1ficos disponibles son: las trazas en las tres direcciones bajo an\u00e1lisis con la representaci\u00f3n de las ventanas de tiempo elegidas; el espectro medio de las trazas;<br \/>\nel mapa para verificar la estacionalidad de la grabaci\u00f3n; el mapa para verificar la isotrop\u00eda direccional de la grabaci\u00f3n; la relaci\u00f3n espectral H\/V con su intervalo de confianza con la posible superposici\u00f3n<br \/>\nde la curva el\u00edptica de varios modelos estratigr\u00e1ficos no \u00fanicamente del modo fundamental sino tambi\u00e9n de los superiores; la representaci\u00f3n gr\u00e1fica del perfil estratigr\u00e1fico; el perfil de velocidad asociado con la estratigraf\u00eda.<\/p>\n<p style=\"text-align: justify;\"><strong>Result\u00f3<\/strong><br \/>\nLe permite evaluar autom\u00e1ticamente una estimaci\u00f3n inicial del modelo estratigr\u00e1fico que mejor se aproxima al comportamiento espectral H\/V registrado in situ y analizado para luego &#8216;ajustarlo&#8217; y refinarlo m\u00e1s r\u00e1pidamente. As\u00ed, adem\u00e1s de la frecuencia natural de vibraci\u00f3n de la estratigraf\u00eda propia de la t\u00e9cnica HVSR, se obtiene la evaluaci\u00f3n inmediata de la Vs, eq y el perfil de velocidad de onda de corte del modelo estratigr\u00e1fico hipot\u00e9tico. Adem\u00e1s de la propia curva H\/V con su intervalo de confianza, en el gr\u00e1fico de relaci\u00f3n espectral H\/V son visibles, por tanto, todas las curvas el\u00edpticas de los distintos modos de cada modelo estratigr\u00e1fico que el usuario puede decidir a\u00f1adir. De esta manera es posible comparar las diferencias desde un punto de vista cualitativo, y se a\u00f1ade tambi\u00e9n una comparaci\u00f3n cuantitativa con la estimaci\u00f3n de la funci\u00f3n de desajuste entre la curva el\u00edptica fundamental y la de la relaci\u00f3n espectral H\/V. Todo ello acompa\u00f1ado de las comprobaciones de la fiabilidad de la curva H\/V y su pico sugerido por el proyecto S\u00c9SAMO.<\/p>\n","protected":false},"excerpt":{"rendered":"<p style=\"text-align: justify;\"><strong>Easy HVSR<\/strong>\u00a0permite el an\u00e1lisis de la relaci\u00f3n espectral de microtemblores con grabaciones de una sola estaci\u00f3n.<br \/>\nLa sencillez de uso y la rapidez de ejecuci\u00f3n de los c\u00e1lculos, permite obtener resultados inmediatos en la estimaci\u00f3n de: frecuencia de resonancia, perfil estratigr\u00e1fico y velocidad de onda de corte equivalente Vs,eq.<br \/>\nTodo de acuerdo a las directrices sugeridas por el proyecto <a href=\"https:\/\/cordis.europa.eu\/project\/id\/EVG1-CT-2000-00026\">SESAME<\/a>.<br \/>\nEl software importa archivos SEG2, SAF y ASCII.<\/p>\n","protected":false},"featured_media":15313,"comment_status":"open","ping_status":"closed","template":"","meta":[],"product_cat":[187],"product_tag":[430],"class_list":{"0":"post-13643","1":"product","2":"type-product","3":"status-publish","4":"has-post-thumbnail","6":"product_cat-geofisica-es","7":"product_tag-frecuencia-de-resonancia-de-del-suelo","8":"pa_product-professional-en-es","9":"pa_product-subscription-1-year-en-es","10":"description-off","12":"first","13":"instock","14":"downloadable","15":"virtual","16":"sold-individually","17":"taxable","18":"purchasable","19":"product-type-licensed"},"yoast_head":"<!-- This site is optimized with the Yoast SEO Premium plugin v25.0 (Yoast SEO v25.0) - https:\/\/yoast.com\/wordpress\/plugins\/seo\/ -->\n<title>Relaci\u00f3n espectral de microtemblores - EASY HVSR - GeoStru<\/title>\n<meta name=\"description\" content=\"HVSR an\u00e1lisis de la relaci\u00f3n espectral de microtemblores con grabaciones de una sola estaci\u00f3n\" \/>\n<meta name=\"robots\" content=\"index, follow, max-snippet:-1, max-image-preview:large, max-video-preview:-1\" \/>\n<link rel=\"canonical\" href=\"https:\/\/www.geostru.eu\/es\/shop\/software-es\/geofisica-es\/easy-hvsr\/\" \/>\n<meta property=\"og:locale\" content=\"es_ES\" \/>\n<meta property=\"og:type\" content=\"article\" \/>\n<meta property=\"og:title\" content=\"Relaci\u00f3n espectral de microtemblores - EASY HVSR\" \/>\n<meta property=\"og:description\" content=\"HVSR an\u00e1lisis de la relaci\u00f3n espectral de microtemblores con grabaciones de una sola estaci\u00f3n\" \/>\n<meta property=\"og:url\" content=\"https:\/\/www.geostru.eu\/es\/shop\/software-es\/geofisica-es\/easy-hvsr\/\" \/>\n<meta property=\"og:site_name\" content=\"GeoStru\" \/>\n<meta property=\"article:publisher\" content=\"https:\/\/www.facebook.com\/GeoStruSoftware\/\" \/>\n<meta property=\"article:modified_time\" content=\"2026-01-21T08:45:16+00:00\" \/>\n<meta property=\"og:image\" content=\"https:\/\/www.geostru.eu\/wp-content\/uploads\/2013\/12\/Risorsa-67.jpg\" \/>\n\t<meta property=\"og:image:width\" content=\"1200\" \/>\n\t<meta property=\"og:image:height\" content=\"630\" \/>\n\t<meta property=\"og:image:type\" content=\"image\/jpeg\" \/>\n<meta name=\"twitter:card\" content=\"summary_large_image\" \/>\n<meta name=\"twitter:site\" content=\"@geostru\" \/>\n<meta name=\"twitter:label1\" content=\"Precio\" \/>\n\t<meta name=\"twitter:data1\" content=\"&euro;590.00 exc. IVA\" \/>\n\t<meta name=\"twitter:label2\" content=\"Disponibilidad\" \/>\n\t<meta name=\"twitter:data2\" content=\"Disponible\" \/>\n<script type=\"application\/ld+json\" class=\"yoast-schema-graph\">{\"@context\":\"https:\/\/schema.org\",\"@graph\":[{\"@type\":\"WebPage\",\"@id\":\"https:\/\/www.geostru.eu\/es\/shop\/software-es\/geofisica-es\/easy-hvsr\/\",\"url\":\"https:\/\/www.geostru.eu\/es\/shop\/software-es\/geofisica-es\/easy-hvsr\/\",\"name\":\"Relaci\u00f3n espectral de microtemblores - EASY HVSR - GeoStru\",\"isPartOf\":{\"@id\":\"https:\/\/www.geostru.eu\/es\/#website\"},\"primaryImageOfPage\":{\"@id\":\"https:\/\/www.geostru.eu\/es\/shop\/software-es\/geofisica-es\/easy-hvsr\/#primaryimage\"},\"image\":{\"@id\":\"https:\/\/www.geostru.eu\/es\/shop\/software-es\/geofisica-es\/easy-hvsr\/#primaryimage\"},\"thumbnailUrl\":\"https:\/\/www.geostru.eu\/wp-content\/uploads\/2013\/12\/HVSR.png\",\"datePublished\":\"2013-12-18T16:10:51+00:00\",\"dateModified\":\"2026-01-21T08:45:16+00:00\",\"description\":\"HVSR an\u00e1lisis de la relaci\u00f3n espectral de microtemblores con grabaciones de una sola estaci\u00f3n\",\"breadcrumb\":{\"@id\":\"https:\/\/www.geostru.eu\/es\/shop\/software-es\/geofisica-es\/easy-hvsr\/#breadcrumb\"},\"inLanguage\":\"es\",\"potentialAction\":[{\"@type\":\"ReadAction\",\"target\":[\"https:\/\/www.geostru.eu\/es\/shop\/software-es\/geofisica-es\/easy-hvsr\/\"]}]},{\"@type\":\"ImageObject\",\"inLanguage\":\"es\",\"@id\":\"https:\/\/www.geostru.eu\/es\/shop\/software-es\/geofisica-es\/easy-hvsr\/#primaryimage\",\"url\":\"https:\/\/www.geostru.eu\/wp-content\/uploads\/2013\/12\/HVSR.png\",\"contentUrl\":\"https:\/\/www.geostru.eu\/wp-content\/uploads\/2013\/12\/HVSR.png\",\"width\":1920,\"height\":1040},{\"@type\":\"BreadcrumbList\",\"@id\":\"https:\/\/www.geostru.eu\/es\/shop\/software-es\/geofisica-es\/easy-hvsr\/#breadcrumb\",\"itemListElement\":[{\"@type\":\"ListItem\",\"position\":1,\"name\":\"Home\",\"item\":\"https:\/\/www.geostru.eu\/es\/\"},{\"@type\":\"ListItem\",\"position\":2,\"name\":\"Shop\",\"item\":\"https:\/\/www.geostru.eu\/shop\/?lang=es\"},{\"@type\":\"ListItem\",\"position\":3,\"name\":\"Relaci\u00f3n espectral de microtemblores &#8211; EASY HVSR\"}]},{\"@type\":\"WebSite\",\"@id\":\"https:\/\/www.geostru.eu\/es\/#website\",\"url\":\"https:\/\/www.geostru.eu\/es\/\",\"name\":\"GeoStru\",\"description\":\"Professionals at your service\",\"publisher\":{\"@id\":\"https:\/\/www.geostru.eu\/es\/#organization\"},\"potentialAction\":[{\"@type\":\"SearchAction\",\"target\":{\"@type\":\"EntryPoint\",\"urlTemplate\":\"https:\/\/www.geostru.eu\/es\/?s={search_term_string}\"},\"query-input\":{\"@type\":\"PropertyValueSpecification\",\"valueRequired\":true,\"valueName\":\"search_term_string\"}}],\"inLanguage\":\"es\"},{\"@type\":\"Organization\",\"@id\":\"https:\/\/www.geostru.eu\/es\/#organization\",\"name\":\"GeoStru\",\"url\":\"https:\/\/www.geostru.eu\/es\/\",\"logo\":{\"@type\":\"ImageObject\",\"inLanguage\":\"es\",\"@id\":\"https:\/\/www.geostru.eu\/es\/#\/schema\/logo\/image\/\",\"url\":\"https:\/\/www.geostru.eu\/wp-content\/uploads\/2023\/02\/LOGO_GEOSTRU_educational_banner.png\",\"contentUrl\":\"https:\/\/www.geostru.eu\/wp-content\/uploads\/2023\/02\/LOGO_GEOSTRU_educational_banner.png\",\"width\":363,\"height\":115,\"caption\":\"GeoStru\"},\"image\":{\"@id\":\"https:\/\/www.geostru.eu\/es\/#\/schema\/logo\/image\/\"},\"sameAs\":[\"https:\/\/www.facebook.com\/GeoStruSoftware\/\",\"https:\/\/x.com\/geostru\",\"https:\/\/www.linkedin.com\/company\/2462488\/admin\/\",\"https:\/\/www.instagram.com\/geostru\/\"]}]}<\/script>\n<meta property=\"product:brand\" content=\"Geof\u00edsica\" \/>\n<meta property=\"product:price:amount\" content=\"590.00\" \/>\n<meta property=\"product:price:currency\" content=\"EUR\" \/>\n<meta property=\"og:availability\" content=\"instock\" \/>\n<meta property=\"product:availability\" content=\"instock\" \/>\n<meta property=\"product:retailer_item_id\" content=\"36\" \/>\n<meta property=\"product:condition\" content=\"new\" \/>\n<!-- \/ Yoast SEO Premium plugin. -->","yoast_head_json":{"title":"Relaci\u00f3n espectral de microtemblores - EASY HVSR - GeoStru","description":"HVSR an\u00e1lisis de la relaci\u00f3n espectral de microtemblores con grabaciones de una sola estaci\u00f3n","robots":{"index":"index","follow":"follow","max-snippet":"max-snippet:-1","max-image-preview":"max-image-preview:large","max-video-preview":"max-video-preview:-1"},"canonical":"https:\/\/www.geostru.eu\/es\/shop\/software-es\/geofisica-es\/easy-hvsr\/","og_locale":"es_ES","og_type":"article","og_title":"Relaci\u00f3n espectral de microtemblores - EASY HVSR","og_description":"HVSR an\u00e1lisis de la relaci\u00f3n espectral de microtemblores con grabaciones de una sola estaci\u00f3n","og_url":"https:\/\/www.geostru.eu\/es\/shop\/software-es\/geofisica-es\/easy-hvsr\/","og_site_name":"GeoStru","article_publisher":"https:\/\/www.facebook.com\/GeoStruSoftware\/","article_modified_time":"2026-01-21T08:45:16+00:00","og_image":[{"width":1200,"height":630,"url":"https:\/\/www.geostru.eu\/wp-content\/uploads\/2013\/12\/Risorsa-67.jpg","type":"image\/jpeg"}],"twitter_card":"summary_large_image","twitter_site":"@geostru","twitter_misc":{"Precio":"&euro;590.00 exc. IVA","Disponibilidad":"Disponible"},"schema":{"@context":"https:\/\/schema.org","@graph":[{"@type":"WebPage","@id":"https:\/\/www.geostru.eu\/es\/shop\/software-es\/geofisica-es\/easy-hvsr\/","url":"https:\/\/www.geostru.eu\/es\/shop\/software-es\/geofisica-es\/easy-hvsr\/","name":"Relaci\u00f3n espectral de microtemblores - EASY HVSR - GeoStru","isPartOf":{"@id":"https:\/\/www.geostru.eu\/es\/#website"},"primaryImageOfPage":{"@id":"https:\/\/www.geostru.eu\/es\/shop\/software-es\/geofisica-es\/easy-hvsr\/#primaryimage"},"image":{"@id":"https:\/\/www.geostru.eu\/es\/shop\/software-es\/geofisica-es\/easy-hvsr\/#primaryimage"},"thumbnailUrl":"https:\/\/www.geostru.eu\/wp-content\/uploads\/2013\/12\/HVSR.png","datePublished":"2013-12-18T16:10:51+00:00","dateModified":"2026-01-21T08:45:16+00:00","description":"HVSR an\u00e1lisis de la relaci\u00f3n espectral de microtemblores con grabaciones de una sola estaci\u00f3n","breadcrumb":{"@id":"https:\/\/www.geostru.eu\/es\/shop\/software-es\/geofisica-es\/easy-hvsr\/#breadcrumb"},"inLanguage":"es","potentialAction":[{"@type":"ReadAction","target":["https:\/\/www.geostru.eu\/es\/shop\/software-es\/geofisica-es\/easy-hvsr\/"]}]},{"@type":"ImageObject","inLanguage":"es","@id":"https:\/\/www.geostru.eu\/es\/shop\/software-es\/geofisica-es\/easy-hvsr\/#primaryimage","url":"https:\/\/www.geostru.eu\/wp-content\/uploads\/2013\/12\/HVSR.png","contentUrl":"https:\/\/www.geostru.eu\/wp-content\/uploads\/2013\/12\/HVSR.png","width":1920,"height":1040},{"@type":"BreadcrumbList","@id":"https:\/\/www.geostru.eu\/es\/shop\/software-es\/geofisica-es\/easy-hvsr\/#breadcrumb","itemListElement":[{"@type":"ListItem","position":1,"name":"Home","item":"https:\/\/www.geostru.eu\/es\/"},{"@type":"ListItem","position":2,"name":"Shop","item":"https:\/\/www.geostru.eu\/shop\/?lang=es"},{"@type":"ListItem","position":3,"name":"Relaci\u00f3n espectral de microtemblores &#8211; EASY HVSR"}]},{"@type":"WebSite","@id":"https:\/\/www.geostru.eu\/es\/#website","url":"https:\/\/www.geostru.eu\/es\/","name":"GeoStru","description":"Professionals at your service","publisher":{"@id":"https:\/\/www.geostru.eu\/es\/#organization"},"potentialAction":[{"@type":"SearchAction","target":{"@type":"EntryPoint","urlTemplate":"https:\/\/www.geostru.eu\/es\/?s={search_term_string}"},"query-input":{"@type":"PropertyValueSpecification","valueRequired":true,"valueName":"search_term_string"}}],"inLanguage":"es"},{"@type":"Organization","@id":"https:\/\/www.geostru.eu\/es\/#organization","name":"GeoStru","url":"https:\/\/www.geostru.eu\/es\/","logo":{"@type":"ImageObject","inLanguage":"es","@id":"https:\/\/www.geostru.eu\/es\/#\/schema\/logo\/image\/","url":"https:\/\/www.geostru.eu\/wp-content\/uploads\/2023\/02\/LOGO_GEOSTRU_educational_banner.png","contentUrl":"https:\/\/www.geostru.eu\/wp-content\/uploads\/2023\/02\/LOGO_GEOSTRU_educational_banner.png","width":363,"height":115,"caption":"GeoStru"},"image":{"@id":"https:\/\/www.geostru.eu\/es\/#\/schema\/logo\/image\/"},"sameAs":["https:\/\/www.facebook.com\/GeoStruSoftware\/","https:\/\/x.com\/geostru","https:\/\/www.linkedin.com\/company\/2462488\/admin\/","https:\/\/www.instagram.com\/geostru\/"]}]},"product_brand":"Geof\u00edsica","product_price_amount":"590.00","product_price_currency":"EUR","og_availability":"instock","product_availability":"instock","product_retailer_item_id":"36","product_condition":"new"},"_links":{"self":[{"href":"https:\/\/www.geostru.eu\/es\/wp-json\/wp\/v2\/product\/13643"}],"collection":[{"href":"https:\/\/www.geostru.eu\/es\/wp-json\/wp\/v2\/product"}],"about":[{"href":"https:\/\/www.geostru.eu\/es\/wp-json\/wp\/v2\/types\/product"}],"replies":[{"embeddable":true,"href":"https:\/\/www.geostru.eu\/es\/wp-json\/wp\/v2\/comments?post=13643"}],"wp:featuredmedia":[{"embeddable":true,"href":"https:\/\/www.geostru.eu\/es\/wp-json\/wp\/v2\/media\/15313"}],"wp:attachment":[{"href":"https:\/\/www.geostru.eu\/es\/wp-json\/wp\/v2\/media?parent=13643"}],"wp:term":[{"taxonomy":"product_cat","embeddable":true,"href":"https:\/\/www.geostru.eu\/es\/wp-json\/wp\/v2\/product_cat?post=13643"},{"taxonomy":"product_tag","embeddable":true,"href":"https:\/\/www.geostru.eu\/es\/wp-json\/wp\/v2\/product_tag?post=13643"}],"curies":[{"name":"wp","href":"https:\/\/api.w.org\/{rel}","templated":true}]}}