{"id":13628,"date":"2013-12-18T18:13:21","date_gmt":"2013-12-18T16:13:21","guid":{"rendered":"https:\/\/www.geostru.eu\/prodotti\/senza-categoria\/easy-refract-2\/"},"modified":"2026-02-14T17:21:09","modified_gmt":"2026-02-14T16:21:09","slug":"easy-refract","status":"publish","type":"product","link":"https:\/\/www.geostru.eu\/es\/shop\/software-es\/easy-refract\/","title":{"rendered":"EASY REFRACT"},"content":{"rendered":"<p style=\"text-align: justify;\">EasyRefract es el software que <strong>GeoStru<\/strong> ha dedicado a la interpretaci\u00f3n de ensayos de refracci\u00f3n s\u00edsmica.<\/p>\n<p style=\"text-align: justify;\">La definici\u00f3n del perfil del tendido es sumamente flexible y no impone restricciones al n\u00famero de impactos.<\/p>\n<p style=\"text-align: justify;\">El software gu\u00eda al operador a trav\u00e9s de las fases de an\u00e1lisis permiti\u00e9ndole el control completo del proceso operativo. En el programa se ha implementado un eficiente sistema de localizaci\u00f3n que permite tambi\u00e9n editar la foto a\u00e9rea de la zona analizada.<\/p>\n<p style=\"text-align: justify;\">Los datos obtenidos en campo se extraen directamente de los archivos digitales que generan los equipos (archivos en formato SEG2, SEGY, SU, etc.) y se representan en diagramas para permitirle al usuario identificar las primeras llegadas, las cuales se pueden insertar tambi\u00e9n manualmente o con un simple copiar y pegar.<\/p>\n<p style=\"text-align: justify;\">Al determinar las primeras llegadas, el software podr\u00e1 ya efectuar el an\u00e1lisis de regresi\u00f3n y establecer las dromocr\u00f3nicas, dando al usuario amplia posibilidad de intervenir para definir y modificar los puntos de codo. Durante esta fase de an\u00e1lisis los tiempos de llegada se asignan a los refractores corregidos.<\/p>\n<p style=\"text-align: justify;\">Despu\u00e9s de haber construido las dromocr\u00f3nicas e identificado la velocidad de propagaci\u00f3n de la se\u00f1al s\u00edsmica en los diferentes estratos de suelo, se llega a la fase de interpretaci\u00f3n.<\/p>\n<p style=\"text-align: justify;\">El software utiliza el m\u00e9todo de los tiempos de intercepto para elaboraciones con un solo impacto, el m\u00e9todo rec\u00edproco para estudios con dos impactos y el m\u00e9todo rec\u00edproco generalizado (G.R.M.) cuando se trata de identificar configuraciones morfol\u00f3gicas complejas. Este \u00faltimo m\u00e9todo se basa en la b\u00fasqueda, en el gr\u00e1fico tiempo-distancia, de la distancia XY \u00f3ptima entre ge\u00f3fonos tal que los rayos s\u00edsmicos provenientes de puntos de energ\u00eda opuestos, colocados sim\u00e9tricamente en las extremidades de la implantaci\u00f3n, lleguen desde un mismo punto del refractor a los ge\u00f3fonos puestos en X y en Y.<\/p>\n<p style=\"text-align: justify;\">Adem\u00e1s de la b\u00fasqueda autom\u00e1tica de XY \u00f3ptima, EasyRefract proporciona, para los valores admisibles de XY, el gr\u00e1fico de la funci\u00f3n velocidad con la desviaci\u00f3n cuadr\u00e1tica media para cada regresi\u00f3n asociada y el gr\u00e1fico de la funci\u00f3n tiempo-profundidad con el valor de rugosidad.<\/p>\n<p style=\"text-align: justify;\">Otras caracter\u00edsticas son:<\/p>\n<ul>\n<li style=\"text-align: justify;\">Identificaci\u00f3n de la zona con mapas del sat\u00e9lite.<\/li>\n<li style=\"text-align: justify;\">Ninguna restricci\u00f3n al n\u00famero de ge\u00f3fonos o fuentes.<\/li>\n<li style=\"text-align: justify;\">Importaci\u00f3n de los datos s\u00edsmicos de archivos SEG2, SEGY, SU, etc.<\/li>\n<li style=\"text-align: justify;\">Aplicaci\u00f3n del filtro a las trazas datos.<\/li>\n<li style=\"text-align: justify;\">Selecci\u00f3n del factor de amplificaci\u00f3n visual para aplicarlo a las trazas en los archivos.<\/li>\n<li style=\"text-align: justify;\">Definici\u00f3n de las primeras llegadas en sismograma con la posibilidad de elegir el nivel de zoom o de visualizar en ventana separada la porci\u00f3n de se\u00f1al \u00fatil para el estudio de las primeras llegadas.<\/li>\n<li style=\"text-align: justify;\">Definici\u00f3n manual de las primeras llegadas por medio de inserci\u00f3n directa o con los comandos de copiar y pegar.<\/li>\n<li style=\"text-align: justify;\">Definici\u00f3n personalizada de las dromocr\u00f3nicas.<\/li>\n<li style=\"text-align: justify;\">Estimaci\u00f3n autom\u00e1tica de los puntos de codo.<\/li>\n<li style=\"text-align: justify;\">Selecci\u00f3n del XY \u00f3ptimo en el gr\u00e1fico de la funci\u00f3n velocidad o en el gr\u00e1fico de la funci\u00f3n tempo-profundidad (m\u00e9todo G.R.M.).<\/li>\n<li style=\"text-align: justify;\">Personalizaci\u00f3n de la estratigraf\u00eda por medio de las texture o de la inserci\u00f3n de textos.<\/li>\n<li style=\"text-align: justify;\">Exportaci\u00f3n de la relaci\u00f3n de c\u00e1lculo en formato doc, docx, pdf, etc.<\/li>\n<li style=\"text-align: justify;\">Exportaci\u00f3n de todos los gr\u00e1ficos en forma de archivo.<\/li>\n<li style=\"text-align: justify;\">Exportaci\u00f3n de la estratigraf\u00eda en formato dxf.<\/li>\n<\/ul>\n","protected":false},"excerpt":{"rendered":"<p style=\"text-align: justify;\" align=\"justify\">El software ha sido implementado para garantizar los est\u00e1ndares de calidad de GeoStru, incluyendo la facilidad de uso, el control de las fases operativas, la redacci\u00f3n autom\u00e1tica del informe de impresi\u00f3n y la posibilidad de exportar todos los gr\u00e1ficos.<\/p>\n","protected":false},"featured_media":15404,"comment_status":"open","ping_status":"closed","template":"","meta":[],"product_cat":[13323,191,187],"product_tag":[414],"class_list":{"0":"post-13628","1":"product","2":"type-product","3":"status-publish","4":"has-post-thumbnail","6":"product_cat-gensmart-es","7":"product_cat-software-es","8":"product_cat-geofisica-es","9":"product_tag-refract-es","10":"pa_product-professional-en-es","11":"pa_product-subscription-1-year-en-es","12":"description-off","14":"first","15":"instock","16":"downloadable","17":"virtual","18":"sold-individually","19":"taxable","20":"purchasable","21":"product-type-licensed"},"yoast_head":"<!-- This site is optimized with the Yoast SEO Premium plugin v25.0 (Yoast SEO v25.0) - https:\/\/yoast.com\/wordpress\/plugins\/seo\/ -->\n<title>EASY REFRACT - GeoStru<\/title>\n<meta name=\"description\" content=\"EasyRefract \u00e8 il software GeoStru dedicato all&#039;interpretazione delle prove di sismica a rifrazione.\" \/>\n<meta name=\"robots\" content=\"index, follow, max-snippet:-1, max-image-preview:large, max-video-preview:-1\" \/>\n<link rel=\"canonical\" href=\"https:\/\/www.geostru.eu\/es\/shop\/software-es\/easy-refract\/\" \/>\n<meta property=\"og:locale\" content=\"es_ES\" \/>\n<meta property=\"og:type\" content=\"article\" \/>\n<meta property=\"og:title\" content=\"EASY REFRACT\" \/>\n<meta property=\"og:description\" content=\"EasyRefract \u00e8 il software GeoStru dedicato all&#039;interpretazione delle prove di sismica a rifrazione.\" \/>\n<meta property=\"og:url\" content=\"https:\/\/www.geostru.eu\/es\/shop\/software-es\/easy-refract\/\" \/>\n<meta property=\"og:site_name\" content=\"GeoStru\" \/>\n<meta property=\"article:publisher\" content=\"https:\/\/www.facebook.com\/GeoStruSoftware\/\" \/>\n<meta property=\"article:modified_time\" content=\"2026-02-14T16:21:09+00:00\" \/>\n<meta property=\"og:image\" content=\"https:\/\/www.geostru.eu\/wp-content\/uploads\/2013\/12\/Risorsa-65.jpg\" \/>\n\t<meta property=\"og:image:width\" content=\"1200\" \/>\n\t<meta property=\"og:image:height\" content=\"630\" \/>\n\t<meta property=\"og:image:type\" content=\"image\/jpeg\" \/>\n<meta name=\"twitter:card\" content=\"summary_large_image\" \/>\n<meta name=\"twitter:site\" content=\"@geostru\" \/>\n<meta name=\"twitter:label1\" content=\"Precio\" \/>\n\t<meta name=\"twitter:data1\" content=\"&euro;590.00 exc. IVA\" \/>\n\t<meta name=\"twitter:label2\" content=\"Disponibilidad\" \/>\n\t<meta name=\"twitter:data2\" content=\"Disponible\" \/>\n<script type=\"application\/ld+json\" class=\"yoast-schema-graph\">{\"@context\":\"https:\/\/schema.org\",\"@graph\":[{\"@type\":\"WebPage\",\"@id\":\"https:\/\/www.geostru.eu\/es\/shop\/software-es\/easy-refract\/\",\"url\":\"https:\/\/www.geostru.eu\/es\/shop\/software-es\/easy-refract\/\",\"name\":\"EASY REFRACT - GeoStru\",\"isPartOf\":{\"@id\":\"https:\/\/www.geostru.eu\/es\/#website\"},\"primaryImageOfPage\":{\"@id\":\"https:\/\/www.geostru.eu\/es\/shop\/software-es\/easy-refract\/#primaryimage\"},\"image\":{\"@id\":\"https:\/\/www.geostru.eu\/es\/shop\/software-es\/easy-refract\/#primaryimage\"},\"thumbnailUrl\":\"https:\/\/www.geostru.eu\/wp-content\/uploads\/2013\/12\/ref_a.png\",\"datePublished\":\"2013-12-18T16:13:21+00:00\",\"dateModified\":\"2026-02-14T16:21:09+00:00\",\"description\":\"EasyRefract \u00e8 il software GeoStru dedicato all'interpretazione delle prove di sismica a rifrazione.\",\"breadcrumb\":{\"@id\":\"https:\/\/www.geostru.eu\/es\/shop\/software-es\/easy-refract\/#breadcrumb\"},\"inLanguage\":\"es\",\"potentialAction\":[{\"@type\":\"ReadAction\",\"target\":[\"https:\/\/www.geostru.eu\/es\/shop\/software-es\/easy-refract\/\"]}]},{\"@type\":\"ImageObject\",\"inLanguage\":\"es\",\"@id\":\"https:\/\/www.geostru.eu\/es\/shop\/software-es\/easy-refract\/#primaryimage\",\"url\":\"https:\/\/www.geostru.eu\/wp-content\/uploads\/2013\/12\/ref_a.png\",\"contentUrl\":\"https:\/\/www.geostru.eu\/wp-content\/uploads\/2013\/12\/ref_a.png\",\"width\":1920,\"height\":1038},{\"@type\":\"BreadcrumbList\",\"@id\":\"https:\/\/www.geostru.eu\/es\/shop\/software-es\/easy-refract\/#breadcrumb\",\"itemListElement\":[{\"@type\":\"ListItem\",\"position\":1,\"name\":\"Home\",\"item\":\"https:\/\/www.geostru.eu\/es\/\"},{\"@type\":\"ListItem\",\"position\":2,\"name\":\"Shop\",\"item\":\"https:\/\/www.geostru.eu\/shop\/?lang=es\"},{\"@type\":\"ListItem\",\"position\":3,\"name\":\"EASY REFRACT\"}]},{\"@type\":\"WebSite\",\"@id\":\"https:\/\/www.geostru.eu\/es\/#website\",\"url\":\"https:\/\/www.geostru.eu\/es\/\",\"name\":\"GeoStru\",\"description\":\"Professionals at your service\",\"publisher\":{\"@id\":\"https:\/\/www.geostru.eu\/es\/#organization\"},\"potentialAction\":[{\"@type\":\"SearchAction\",\"target\":{\"@type\":\"EntryPoint\",\"urlTemplate\":\"https:\/\/www.geostru.eu\/es\/?s={search_term_string}\"},\"query-input\":{\"@type\":\"PropertyValueSpecification\",\"valueRequired\":true,\"valueName\":\"search_term_string\"}}],\"inLanguage\":\"es\"},{\"@type\":\"Organization\",\"@id\":\"https:\/\/www.geostru.eu\/es\/#organization\",\"name\":\"GeoStru\",\"url\":\"https:\/\/www.geostru.eu\/es\/\",\"logo\":{\"@type\":\"ImageObject\",\"inLanguage\":\"es\",\"@id\":\"https:\/\/www.geostru.eu\/es\/#\/schema\/logo\/image\/\",\"url\":\"https:\/\/www.geostru.eu\/wp-content\/uploads\/2023\/02\/LOGO_GEOSTRU_educational_banner.png\",\"contentUrl\":\"https:\/\/www.geostru.eu\/wp-content\/uploads\/2023\/02\/LOGO_GEOSTRU_educational_banner.png\",\"width\":363,\"height\":115,\"caption\":\"GeoStru\"},\"image\":{\"@id\":\"https:\/\/www.geostru.eu\/es\/#\/schema\/logo\/image\/\"},\"sameAs\":[\"https:\/\/www.facebook.com\/GeoStruSoftware\/\",\"https:\/\/x.com\/geostru\",\"https:\/\/www.linkedin.com\/company\/2462488\/admin\/\",\"https:\/\/www.instagram.com\/geostru\/\"]}]}<\/script>\n<meta property=\"product:brand\" content=\"Software\" \/>\n<meta property=\"product:price:amount\" content=\"590.00\" \/>\n<meta property=\"product:price:currency\" content=\"EUR\" \/>\n<meta property=\"og:availability\" content=\"instock\" \/>\n<meta property=\"product:availability\" content=\"instock\" \/>\n<meta property=\"product:retailer_item_id\" content=\"42\" \/>\n<meta property=\"product:condition\" content=\"new\" \/>\n<!-- \/ Yoast SEO Premium plugin. -->","yoast_head_json":{"title":"EASY REFRACT - GeoStru","description":"EasyRefract \u00e8 il software GeoStru dedicato all'interpretazione delle prove di sismica a rifrazione.","robots":{"index":"index","follow":"follow","max-snippet":"max-snippet:-1","max-image-preview":"max-image-preview:large","max-video-preview":"max-video-preview:-1"},"canonical":"https:\/\/www.geostru.eu\/es\/shop\/software-es\/easy-refract\/","og_locale":"es_ES","og_type":"article","og_title":"EASY REFRACT","og_description":"EasyRefract \u00e8 il software GeoStru dedicato all'interpretazione delle prove di sismica a rifrazione.","og_url":"https:\/\/www.geostru.eu\/es\/shop\/software-es\/easy-refract\/","og_site_name":"GeoStru","article_publisher":"https:\/\/www.facebook.com\/GeoStruSoftware\/","article_modified_time":"2026-02-14T16:21:09+00:00","og_image":[{"width":1200,"height":630,"url":"https:\/\/www.geostru.eu\/wp-content\/uploads\/2013\/12\/Risorsa-65.jpg","type":"image\/jpeg"}],"twitter_card":"summary_large_image","twitter_site":"@geostru","twitter_misc":{"Precio":"&euro;590.00 exc. IVA","Disponibilidad":"Disponible"},"schema":{"@context":"https:\/\/schema.org","@graph":[{"@type":"WebPage","@id":"https:\/\/www.geostru.eu\/es\/shop\/software-es\/easy-refract\/","url":"https:\/\/www.geostru.eu\/es\/shop\/software-es\/easy-refract\/","name":"EASY REFRACT - GeoStru","isPartOf":{"@id":"https:\/\/www.geostru.eu\/es\/#website"},"primaryImageOfPage":{"@id":"https:\/\/www.geostru.eu\/es\/shop\/software-es\/easy-refract\/#primaryimage"},"image":{"@id":"https:\/\/www.geostru.eu\/es\/shop\/software-es\/easy-refract\/#primaryimage"},"thumbnailUrl":"https:\/\/www.geostru.eu\/wp-content\/uploads\/2013\/12\/ref_a.png","datePublished":"2013-12-18T16:13:21+00:00","dateModified":"2026-02-14T16:21:09+00:00","description":"EasyRefract \u00e8 il software GeoStru dedicato all'interpretazione delle prove di sismica a rifrazione.","breadcrumb":{"@id":"https:\/\/www.geostru.eu\/es\/shop\/software-es\/easy-refract\/#breadcrumb"},"inLanguage":"es","potentialAction":[{"@type":"ReadAction","target":["https:\/\/www.geostru.eu\/es\/shop\/software-es\/easy-refract\/"]}]},{"@type":"ImageObject","inLanguage":"es","@id":"https:\/\/www.geostru.eu\/es\/shop\/software-es\/easy-refract\/#primaryimage","url":"https:\/\/www.geostru.eu\/wp-content\/uploads\/2013\/12\/ref_a.png","contentUrl":"https:\/\/www.geostru.eu\/wp-content\/uploads\/2013\/12\/ref_a.png","width":1920,"height":1038},{"@type":"BreadcrumbList","@id":"https:\/\/www.geostru.eu\/es\/shop\/software-es\/easy-refract\/#breadcrumb","itemListElement":[{"@type":"ListItem","position":1,"name":"Home","item":"https:\/\/www.geostru.eu\/es\/"},{"@type":"ListItem","position":2,"name":"Shop","item":"https:\/\/www.geostru.eu\/shop\/?lang=es"},{"@type":"ListItem","position":3,"name":"EASY REFRACT"}]},{"@type":"WebSite","@id":"https:\/\/www.geostru.eu\/es\/#website","url":"https:\/\/www.geostru.eu\/es\/","name":"GeoStru","description":"Professionals at your service","publisher":{"@id":"https:\/\/www.geostru.eu\/es\/#organization"},"potentialAction":[{"@type":"SearchAction","target":{"@type":"EntryPoint","urlTemplate":"https:\/\/www.geostru.eu\/es\/?s={search_term_string}"},"query-input":{"@type":"PropertyValueSpecification","valueRequired":true,"valueName":"search_term_string"}}],"inLanguage":"es"},{"@type":"Organization","@id":"https:\/\/www.geostru.eu\/es\/#organization","name":"GeoStru","url":"https:\/\/www.geostru.eu\/es\/","logo":{"@type":"ImageObject","inLanguage":"es","@id":"https:\/\/www.geostru.eu\/es\/#\/schema\/logo\/image\/","url":"https:\/\/www.geostru.eu\/wp-content\/uploads\/2023\/02\/LOGO_GEOSTRU_educational_banner.png","contentUrl":"https:\/\/www.geostru.eu\/wp-content\/uploads\/2023\/02\/LOGO_GEOSTRU_educational_banner.png","width":363,"height":115,"caption":"GeoStru"},"image":{"@id":"https:\/\/www.geostru.eu\/es\/#\/schema\/logo\/image\/"},"sameAs":["https:\/\/www.facebook.com\/GeoStruSoftware\/","https:\/\/x.com\/geostru","https:\/\/www.linkedin.com\/company\/2462488\/admin\/","https:\/\/www.instagram.com\/geostru\/"]}]},"product_brand":"Software","product_price_amount":"590.00","product_price_currency":"EUR","og_availability":"instock","product_availability":"instock","product_retailer_item_id":"42","product_condition":"new"},"_links":{"self":[{"href":"https:\/\/www.geostru.eu\/es\/wp-json\/wp\/v2\/product\/13628"}],"collection":[{"href":"https:\/\/www.geostru.eu\/es\/wp-json\/wp\/v2\/product"}],"about":[{"href":"https:\/\/www.geostru.eu\/es\/wp-json\/wp\/v2\/types\/product"}],"replies":[{"embeddable":true,"href":"https:\/\/www.geostru.eu\/es\/wp-json\/wp\/v2\/comments?post=13628"}],"wp:featuredmedia":[{"embeddable":true,"href":"https:\/\/www.geostru.eu\/es\/wp-json\/wp\/v2\/media\/15404"}],"wp:attachment":[{"href":"https:\/\/www.geostru.eu\/es\/wp-json\/wp\/v2\/media?parent=13628"}],"wp:term":[{"taxonomy":"product_cat","embeddable":true,"href":"https:\/\/www.geostru.eu\/es\/wp-json\/wp\/v2\/product_cat?post=13628"},{"taxonomy":"product_tag","embeddable":true,"href":"https:\/\/www.geostru.eu\/es\/wp-json\/wp\/v2\/product_tag?post=13628"}],"curies":[{"name":"wp","href":"https:\/\/api.w.org\/{rel}","templated":true}]}}