{"id":13624,"date":"2013-12-20T12:03:58","date_gmt":"2013-12-20T10:03:58","guid":{"rendered":"https:\/\/www.geostru.eu\/prodotti\/senza-categoria\/wta-pozzi-2\/"},"modified":"2025-11-18T18:33:06","modified_gmt":"2025-11-18T17:33:06","slug":"wta-pruebas-de-bombeo","status":"publish","type":"product","link":"https:\/\/www.geostru.eu\/es\/shop\/software-es\/wta-pruebas-de-bombeo\/","title":{"rendered":"WTA \u2013 Pruebas de bombeo"},"content":{"rendered":"<p><strong>Wells T.A.<\/strong> permite considerar el flujo del agua ya sea en r\u00e9gimen estacionario que transitorio.<\/p>\n<p><strong>R\u00e9gimen de equilibrio<br \/>\n<\/strong>Se basa en una teor\u00eda<strong> (Dupuit, 1863)<\/strong> basada en la hip\u00f3tesis que tiende a simplificar la fenomenolog\u00eda. El deflujo en r\u00e9gimen de equilibrio o permanente (las variaciones de r\u00e9gimen se verifican exclusivamente en el espacio y no en el tiempo) se obtiene cuando la alimentaci\u00f3n compensa exactamente el bombeo.<\/p>\n<p><strong>R\u00e9gimen de no equilibrio<\/strong><br \/>\nEl deflujo en r\u00e9gimen de no equilibrio o en regime transitorio es una teor\u00eda propuesta por <em><strong>Theis en el 1935<\/strong><\/em> que considera las verificaciones de las variaciones de r\u00e9gimen ya sea en el espacio que en el tiempo. Seg\u00fan esta teor\u00eda al entorno de un pozo a caudal constante la superficie de depresi\u00f3n piezom\u00e9trica no tiende a una forma estable pero el pozo se propaga indefinidamente con velocidad descendente<\/p>\n<p align=\"justify\"><strong>Prueba con abatimiento escalonado<br \/>\n<\/strong>Elaboraci\u00f3n anal\u00edtica <strong>(M\u00e9todo de Dupuit \u2013 Jacob).<\/strong><br \/>\nCurva caracter\u00edstica, Coeficiente de p\u00e9rdida del pozo C, Coeficiente de p\u00e9rdida de la carga B, Eficiencia del pozo, Caudal cr\u00edtico , Caudal optimal, Descesno cr\u00edtico, Caudal espec\u00edfico, Condiciones del pozo.<\/p>\n<p><strong>Elaboraci\u00f3n gr\u00e1fica <em>(Dupuit)<\/em><br \/>\n<\/strong>Radio de acci\u00f3n del pozo, coeficiente de permeabilidad y transmisividad trasmissivit\u00e0.<\/p>\n<p><strong>Elaboraci\u00f3n en pozos de control<br \/>\n<\/strong>Transmisividad, permeabilidad.<\/p>\n<p><strong>Elaboraci\u00f3n en pozos de observaci\u00f3n <em>(Dupuit-Thiem, propuesto en el 1906 por Thiem)<\/em><\/strong><br \/>\nPermeabilidad, transmisividad, almacenamiento.<\/p>\n<p><strong>Prueba con caudal constante<br \/>\n<\/strong>Permeabilidad, transmisividad, almacenamiento, radio de acci\u00f3n.<\/p>\n<p><strong>Elaboraci\u00f3n con Jacob<br \/>\n<\/strong>Permeabilidad, transmisividad, almacenamiento.<strong><br \/>\n<\/strong><br \/>\n<strong>Elaboraci\u00f3n con Theis<br \/>\n<\/strong>Permeabilidad, transmisividad, almacenamiento.<\/p>\n<p><strong>Elaboraci\u00f3n con Hantush<\/strong><br \/>\nPermeabilidad, transmisividad, almacenamiento.<\/p>\n","protected":false},"excerpt":{"rendered":"<p style=\"text-align: justify\" align=\"justify\">Well Test Analysis es un software dedicado a la interpretaci\u00f3n de datos de las pruebas de bombeo.<br \/>\nA trav\u00e9s de dichas pruebas se pueden calcular los principales par\u00e1metros hidrodin\u00e1micos del acu\u00edfero, tales como: <strong>caudal espec\u00edfico<\/strong>, <strong>coeficiente de permeabilidad<\/strong>, <strong>transmisividad<\/strong> y <strong>coeficiente de almacenamiento<\/strong>.\u00a0Las pruebas se pueden realizar en <strong>pozos de control<\/strong> o en<strong> pozos de observaci\u00f3n<\/strong>. En el segundo caso se considera un pozo llamado piloto y uno o m\u00e1s piez\u00f3metros ubicados en el interior del radio de acci\u00f3n del pozo<\/p>\n","protected":false},"featured_media":19935,"comment_status":"open","ping_status":"closed","template":"","meta":[],"product_cat":[13323,191,190],"product_tag":[],"class_list":{"0":"post-13624","1":"product","2":"type-product","3":"status-publish","4":"has-post-thumbnail","6":"product_cat-gensmart-es","7":"product_cat-software-es","8":"product_cat-hidrologia-e-hidraulica","9":"pa_product-professional-en-es","10":"pa_product-subscription-1-year-en-es","11":"description-off","13":"first","14":"instock","15":"downloadable","16":"virtual","17":"sold-individually","18":"taxable","19":"purchasable","20":"product-type-licensed"},"yoast_head":"<!-- This site is optimized with the Yoast SEO Premium plugin v25.0 (Yoast SEO v25.0) - https:\/\/yoast.com\/wordpress\/plugins\/seo\/ -->\n<title>WTA \u2013 Pruebas de bombeo - GeoStru<\/title>\n<meta name=\"description\" content=\"Well Test Analysis es un software dedicado a la interpretaci\u00f3n de datos de las pruebas de bombeo.\" \/>\n<meta name=\"robots\" content=\"index, follow, max-snippet:-1, max-image-preview:large, max-video-preview:-1\" \/>\n<link rel=\"canonical\" href=\"https:\/\/www.geostru.eu\/es\/shop\/software-es\/wta-pruebas-de-bombeo\/\" \/>\n<meta property=\"og:locale\" content=\"es_ES\" \/>\n<meta property=\"og:type\" content=\"article\" \/>\n<meta property=\"og:title\" content=\"WTA \u2013 Pruebas de bombeo\" \/>\n<meta property=\"og:description\" content=\"Well Test Analysis es un software dedicado a la interpretaci\u00f3n de datos de las pruebas de bombeo.\" \/>\n<meta property=\"og:url\" content=\"https:\/\/www.geostru.eu\/es\/shop\/software-es\/wta-pruebas-de-bombeo\/\" \/>\n<meta property=\"og:site_name\" content=\"GeoStru\" \/>\n<meta property=\"article:publisher\" content=\"https:\/\/www.facebook.com\/GeoStruSoftware\/\" \/>\n<meta property=\"article:modified_time\" content=\"2025-11-18T17:33:06+00:00\" \/>\n<meta property=\"og:image\" content=\"https:\/\/www.geostru.eu\/wp-content\/uploads\/2013\/12\/Pumping-Test-WTA.png\" \/>\n\t<meta property=\"og:image:width\" content=\"1920\" \/>\n\t<meta property=\"og:image:height\" content=\"1040\" \/>\n\t<meta property=\"og:image:type\" content=\"image\/png\" \/>\n<meta name=\"twitter:card\" content=\"summary_large_image\" \/>\n<meta name=\"twitter:site\" content=\"@geostru\" \/>\n<meta name=\"twitter:label1\" content=\"Precio\" \/>\n\t<meta name=\"twitter:data1\" content=\"&euro;490.00 exc. IVA\" \/>\n\t<meta name=\"twitter:label2\" content=\"Disponibilidad\" \/>\n\t<meta name=\"twitter:data2\" content=\"Disponible\" \/>\n<script type=\"application\/ld+json\" class=\"yoast-schema-graph\">{\"@context\":\"https:\/\/schema.org\",\"@graph\":[{\"@type\":\"WebPage\",\"@id\":\"https:\/\/www.geostru.eu\/es\/shop\/software-es\/wta-pruebas-de-bombeo\/\",\"url\":\"https:\/\/www.geostru.eu\/es\/shop\/software-es\/wta-pruebas-de-bombeo\/\",\"name\":\"WTA \u2013 Pruebas de bombeo - GeoStru\",\"isPartOf\":{\"@id\":\"https:\/\/www.geostru.eu\/es\/#website\"},\"primaryImageOfPage\":{\"@id\":\"https:\/\/www.geostru.eu\/es\/shop\/software-es\/wta-pruebas-de-bombeo\/#primaryimage\"},\"image\":{\"@id\":\"https:\/\/www.geostru.eu\/es\/shop\/software-es\/wta-pruebas-de-bombeo\/#primaryimage\"},\"thumbnailUrl\":\"https:\/\/www.geostru.eu\/wp-content\/uploads\/2013\/12\/Pumping-Test-WTA.png\",\"datePublished\":\"2013-12-20T10:03:58+00:00\",\"dateModified\":\"2025-11-18T17:33:06+00:00\",\"description\":\"Well Test Analysis es un software dedicado a la interpretaci\u00f3n de datos de las pruebas de bombeo.\",\"breadcrumb\":{\"@id\":\"https:\/\/www.geostru.eu\/es\/shop\/software-es\/wta-pruebas-de-bombeo\/#breadcrumb\"},\"inLanguage\":\"es\",\"potentialAction\":[{\"@type\":\"ReadAction\",\"target\":[\"https:\/\/www.geostru.eu\/es\/shop\/software-es\/wta-pruebas-de-bombeo\/\"]}]},{\"@type\":\"ImageObject\",\"inLanguage\":\"es\",\"@id\":\"https:\/\/www.geostru.eu\/es\/shop\/software-es\/wta-pruebas-de-bombeo\/#primaryimage\",\"url\":\"https:\/\/www.geostru.eu\/wp-content\/uploads\/2013\/12\/Pumping-Test-WTA.png\",\"contentUrl\":\"https:\/\/www.geostru.eu\/wp-content\/uploads\/2013\/12\/Pumping-Test-WTA.png\",\"width\":1920,\"height\":1040},{\"@type\":\"BreadcrumbList\",\"@id\":\"https:\/\/www.geostru.eu\/es\/shop\/software-es\/wta-pruebas-de-bombeo\/#breadcrumb\",\"itemListElement\":[{\"@type\":\"ListItem\",\"position\":1,\"name\":\"Home\",\"item\":\"https:\/\/www.geostru.eu\/es\/\"},{\"@type\":\"ListItem\",\"position\":2,\"name\":\"Shop\",\"item\":\"https:\/\/www.geostru.eu\/shop\/?lang=es\"},{\"@type\":\"ListItem\",\"position\":3,\"name\":\"WTA \u2013 Pruebas de bombeo\"}]},{\"@type\":\"WebSite\",\"@id\":\"https:\/\/www.geostru.eu\/es\/#website\",\"url\":\"https:\/\/www.geostru.eu\/es\/\",\"name\":\"GeoStru\",\"description\":\"Professionals at your service\",\"publisher\":{\"@id\":\"https:\/\/www.geostru.eu\/es\/#organization\"},\"potentialAction\":[{\"@type\":\"SearchAction\",\"target\":{\"@type\":\"EntryPoint\",\"urlTemplate\":\"https:\/\/www.geostru.eu\/es\/?s={search_term_string}\"},\"query-input\":{\"@type\":\"PropertyValueSpecification\",\"valueRequired\":true,\"valueName\":\"search_term_string\"}}],\"inLanguage\":\"es\"},{\"@type\":\"Organization\",\"@id\":\"https:\/\/www.geostru.eu\/es\/#organization\",\"name\":\"GeoStru\",\"url\":\"https:\/\/www.geostru.eu\/es\/\",\"logo\":{\"@type\":\"ImageObject\",\"inLanguage\":\"es\",\"@id\":\"https:\/\/www.geostru.eu\/es\/#\/schema\/logo\/image\/\",\"url\":\"https:\/\/www.geostru.eu\/wp-content\/uploads\/2023\/02\/LOGO_GEOSTRU_educational_banner.png\",\"contentUrl\":\"https:\/\/www.geostru.eu\/wp-content\/uploads\/2023\/02\/LOGO_GEOSTRU_educational_banner.png\",\"width\":363,\"height\":115,\"caption\":\"GeoStru\"},\"image\":{\"@id\":\"https:\/\/www.geostru.eu\/es\/#\/schema\/logo\/image\/\"},\"sameAs\":[\"https:\/\/www.facebook.com\/GeoStruSoftware\/\",\"https:\/\/x.com\/geostru\",\"https:\/\/www.linkedin.com\/company\/2462488\/admin\/\",\"https:\/\/www.instagram.com\/geostru\/\"]}]}<\/script>\n<meta property=\"product:brand\" content=\"Software\" \/>\n<meta property=\"product:price:amount\" content=\"490.00\" \/>\n<meta property=\"product:price:currency\" content=\"EUR\" \/>\n<meta property=\"og:availability\" content=\"instock\" \/>\n<meta property=\"product:availability\" content=\"instock\" \/>\n<meta property=\"product:retailer_item_id\" content=\"25\" \/>\n<meta property=\"product:condition\" content=\"new\" \/>\n<!-- \/ Yoast SEO Premium plugin. -->","yoast_head_json":{"title":"WTA \u2013 Pruebas de bombeo - GeoStru","description":"Well Test Analysis es un software dedicado a la interpretaci\u00f3n de datos de las pruebas de bombeo.","robots":{"index":"index","follow":"follow","max-snippet":"max-snippet:-1","max-image-preview":"max-image-preview:large","max-video-preview":"max-video-preview:-1"},"canonical":"https:\/\/www.geostru.eu\/es\/shop\/software-es\/wta-pruebas-de-bombeo\/","og_locale":"es_ES","og_type":"article","og_title":"WTA \u2013 Pruebas de bombeo","og_description":"Well Test Analysis es un software dedicado a la interpretaci\u00f3n de datos de las pruebas de bombeo.","og_url":"https:\/\/www.geostru.eu\/es\/shop\/software-es\/wta-pruebas-de-bombeo\/","og_site_name":"GeoStru","article_publisher":"https:\/\/www.facebook.com\/GeoStruSoftware\/","article_modified_time":"2025-11-18T17:33:06+00:00","og_image":[{"width":1920,"height":1040,"url":"https:\/\/www.geostru.eu\/wp-content\/uploads\/2013\/12\/Pumping-Test-WTA.png","type":"image\/png"}],"twitter_card":"summary_large_image","twitter_site":"@geostru","twitter_misc":{"Precio":"&euro;490.00 exc. IVA","Disponibilidad":"Disponible"},"schema":{"@context":"https:\/\/schema.org","@graph":[{"@type":"WebPage","@id":"https:\/\/www.geostru.eu\/es\/shop\/software-es\/wta-pruebas-de-bombeo\/","url":"https:\/\/www.geostru.eu\/es\/shop\/software-es\/wta-pruebas-de-bombeo\/","name":"WTA \u2013 Pruebas de bombeo - GeoStru","isPartOf":{"@id":"https:\/\/www.geostru.eu\/es\/#website"},"primaryImageOfPage":{"@id":"https:\/\/www.geostru.eu\/es\/shop\/software-es\/wta-pruebas-de-bombeo\/#primaryimage"},"image":{"@id":"https:\/\/www.geostru.eu\/es\/shop\/software-es\/wta-pruebas-de-bombeo\/#primaryimage"},"thumbnailUrl":"https:\/\/www.geostru.eu\/wp-content\/uploads\/2013\/12\/Pumping-Test-WTA.png","datePublished":"2013-12-20T10:03:58+00:00","dateModified":"2025-11-18T17:33:06+00:00","description":"Well Test Analysis es un software dedicado a la interpretaci\u00f3n de datos de las pruebas de bombeo.","breadcrumb":{"@id":"https:\/\/www.geostru.eu\/es\/shop\/software-es\/wta-pruebas-de-bombeo\/#breadcrumb"},"inLanguage":"es","potentialAction":[{"@type":"ReadAction","target":["https:\/\/www.geostru.eu\/es\/shop\/software-es\/wta-pruebas-de-bombeo\/"]}]},{"@type":"ImageObject","inLanguage":"es","@id":"https:\/\/www.geostru.eu\/es\/shop\/software-es\/wta-pruebas-de-bombeo\/#primaryimage","url":"https:\/\/www.geostru.eu\/wp-content\/uploads\/2013\/12\/Pumping-Test-WTA.png","contentUrl":"https:\/\/www.geostru.eu\/wp-content\/uploads\/2013\/12\/Pumping-Test-WTA.png","width":1920,"height":1040},{"@type":"BreadcrumbList","@id":"https:\/\/www.geostru.eu\/es\/shop\/software-es\/wta-pruebas-de-bombeo\/#breadcrumb","itemListElement":[{"@type":"ListItem","position":1,"name":"Home","item":"https:\/\/www.geostru.eu\/es\/"},{"@type":"ListItem","position":2,"name":"Shop","item":"https:\/\/www.geostru.eu\/shop\/?lang=es"},{"@type":"ListItem","position":3,"name":"WTA \u2013 Pruebas de bombeo"}]},{"@type":"WebSite","@id":"https:\/\/www.geostru.eu\/es\/#website","url":"https:\/\/www.geostru.eu\/es\/","name":"GeoStru","description":"Professionals at your service","publisher":{"@id":"https:\/\/www.geostru.eu\/es\/#organization"},"potentialAction":[{"@type":"SearchAction","target":{"@type":"EntryPoint","urlTemplate":"https:\/\/www.geostru.eu\/es\/?s={search_term_string}"},"query-input":{"@type":"PropertyValueSpecification","valueRequired":true,"valueName":"search_term_string"}}],"inLanguage":"es"},{"@type":"Organization","@id":"https:\/\/www.geostru.eu\/es\/#organization","name":"GeoStru","url":"https:\/\/www.geostru.eu\/es\/","logo":{"@type":"ImageObject","inLanguage":"es","@id":"https:\/\/www.geostru.eu\/es\/#\/schema\/logo\/image\/","url":"https:\/\/www.geostru.eu\/wp-content\/uploads\/2023\/02\/LOGO_GEOSTRU_educational_banner.png","contentUrl":"https:\/\/www.geostru.eu\/wp-content\/uploads\/2023\/02\/LOGO_GEOSTRU_educational_banner.png","width":363,"height":115,"caption":"GeoStru"},"image":{"@id":"https:\/\/www.geostru.eu\/es\/#\/schema\/logo\/image\/"},"sameAs":["https:\/\/www.facebook.com\/GeoStruSoftware\/","https:\/\/x.com\/geostru","https:\/\/www.linkedin.com\/company\/2462488\/admin\/","https:\/\/www.instagram.com\/geostru\/"]}]},"product_brand":"Software","product_price_amount":"490.00","product_price_currency":"EUR","og_availability":"instock","product_availability":"instock","product_retailer_item_id":"25","product_condition":"new"},"_links":{"self":[{"href":"https:\/\/www.geostru.eu\/es\/wp-json\/wp\/v2\/product\/13624"}],"collection":[{"href":"https:\/\/www.geostru.eu\/es\/wp-json\/wp\/v2\/product"}],"about":[{"href":"https:\/\/www.geostru.eu\/es\/wp-json\/wp\/v2\/types\/product"}],"replies":[{"embeddable":true,"href":"https:\/\/www.geostru.eu\/es\/wp-json\/wp\/v2\/comments?post=13624"}],"wp:featuredmedia":[{"embeddable":true,"href":"https:\/\/www.geostru.eu\/es\/wp-json\/wp\/v2\/media\/19935"}],"wp:attachment":[{"href":"https:\/\/www.geostru.eu\/es\/wp-json\/wp\/v2\/media?parent=13624"}],"wp:term":[{"taxonomy":"product_cat","embeddable":true,"href":"https:\/\/www.geostru.eu\/es\/wp-json\/wp\/v2\/product_cat?post=13624"},{"taxonomy":"product_tag","embeddable":true,"href":"https:\/\/www.geostru.eu\/es\/wp-json\/wp\/v2\/product_tag?post=13624"}],"curies":[{"name":"wp","href":"https:\/\/api.w.org\/{rel}","templated":true}]}}