{"id":13619,"date":"2013-12-20T12:04:19","date_gmt":"2013-12-20T10:04:19","guid":{"rendered":"https:\/\/www.geostru.eu\/prodotti\/senza-categoria\/trispace-topografia-2\/"},"modified":"2025-10-03T18:21:07","modified_gmt":"2025-10-03T16:21:07","slug":"trispace-topografia","status":"publish","type":"product","link":"https:\/\/www.geostru.eu\/es\/shop\/software-es\/geotecnia-y-geologia\/trispace-topografia\/","title":{"rendered":"Trispace \u2013 Software Topograf\u00eda"},"content":{"rendered":"<p><b>Caracter\u00edsticas generales<\/b><\/p>\n<ul>\n<li>Introducci\u00f3n de las coordenadas de los puntos usando el teclado con la posibilidad de indicar otras caracter\u00edsticas tales como el s\u00edmbolo, el color, si se trata de un punto de detalle, de un punto de estaci\u00f3n o fiducial \u00a0o de un punto sondeo.<\/li>\n<li>Numerosas opciones para la importaci\u00f3n de los puntos: desde archivos DXF, desde Geostru SRTM o desde archivos de texto.<\/li>\n<li>Gesti\u00f3n de multi Layer: a cada nivel se pueden asociar planos de trabajo.<\/li>\n<li>Vista 3D de cada levantamiento o de los niveles completos.<\/li>\n<li>Selecci\u00f3n del eje de visualizaci\u00f3n plana (X,Y,Z).<\/li>\n<li>An\u00e1lisis duplicados, diezmado guiado de puntos.<\/li>\n<li>Objetos gr\u00e1ficos est\u00e1ndar como textos, l\u00edneas, polil\u00edneas, arcos, pol\u00edgonos y rect\u00e1ngulos.<\/li>\n<li>Instrumentos de precisi\u00f3n est\u00e1ndar (SNAPs y cuadr\u00edcula gu\u00eda).<\/li>\n<li>Importaci\u00f3n de im\u00e1genes raster en escala.<\/li>\n<li>Trazado de los vectores de pendiente.<\/li>\n<\/ul>\n<p><b>Triangulaciones\/Superficies<\/b><\/p>\n<ul>\n<li>Triangulaci\u00f3n de puntos con posibilidad de indicar l\u00edneas de v\u00ednculo, per\u00edmetro o \u00e1reas de exclusi\u00f3n (para lagos, zanjas, etc.).<\/li>\n<li>Obtenci\u00f3n curvas de nivel, con etiquetas personalizadas.<\/li>\n<li>Amplia gama de colores y matices para resaltar las cotas de nivel (isozonas).<\/li>\n<\/ul>\n<p><b>Interpolaciones<\/b><\/p>\n<ul>\n<li>Obtenci\u00f3n de isozonas.<\/li>\n<li>Diagrama Voronoi editable y Kriging.<\/li>\n<li>Interpolaci\u00f3n lineal y c\u00fabica (para redondeos y aproximaciones)<\/li>\n<\/ul>\n<p><b>C\u00e1lculo de vol\u00famenes<\/b><\/p>\n<ul>\n<li>Nivelaci\u00f3n con plano horizontal.<\/li>\n<li>Nivelaci\u00f3n con plano pasante por tres puntos.<\/li>\n<li>Nivelaci\u00f3n entre dos levantamientos.<\/li>\n<li>Intersecci\u00f3n entre los levantamientos.<\/li>\n<\/ul>\n<p><b>Secciones<\/b><\/p>\n<ul>\n<li>Secci\u00f3n longitudinal inmediata sobre la base de una polil\u00ednea arbitraria.<\/li>\n<li>Secci\u00f3n longitudinal para uni\u00f3n de puntos.<\/li>\n<li>Secciones autom\u00e1ticas equidistantes<\/li>\n<li>Secci\u00f3n tridimensional con interpolaci\u00f3n de varios levantamientos en distintas cotas.<\/li>\n<li>Secci\u00f3n tridimensional.<\/li>\n<\/ul>\n<p><b>3D<br \/>\n<\/b>El levantamiento se puede visualizar en 3D y animado<\/p>\n<p><b>Exportaci\u00f3n<\/b><br \/>\nTodas las elaboraciones se pueden imprimir y tienen vista preliminar o tambi\u00e9n se pueden exporta en varios formatos: DXF, JPG, etc.<\/p>\n<blockquote><p><em>En interfaz con los otros software GEOSTRU para el trazado autom\u00e1tico de secciones, ya sean topogr\u00e1ficas que geot\u00e9cnicas.<\/em><\/p><\/blockquote>\n","protected":false},"excerpt":{"rendered":"<div style=\"text-align: justify\">Software para realizar planos acotados, planos con curvas de nivel, vectores de pendiente, trazado de secciones transversales y a lo largo de los ejes, c\u00e1lculo del volumen con respecto a los planos asignados; adem\u00e1s de dar el levantamiento tridimensional.\u00a0Se puede trabajar en varios niveles y visualizar en 3D. Las secciones transversales tambi\u00e9n son en 3D. En cada nivel se pueden obtener triangulaciones aut\u00f3nomas, cada una de las cuales se puede relacionar con las dem\u00e1s para calcular vol\u00famenes, acarreos, excavaciones, etc.<\/div>\n<div style=\"text-align: justify\"><\/div>\n","protected":false},"featured_media":19940,"comment_status":"open","ping_status":"closed","template":"","meta":[],"product_cat":[529,185,186,203,205],"product_tag":[],"class_list":{"0":"post-13619","1":"product","2":"type-product","3":"status-publish","4":"has-post-thumbnail","6":"product_cat-software-geologia-es","7":"product_cat-geotecnia-y-geologia","8":"product_cat-geomecanica-es","9":"product_cat-ensayos-in-situ","10":"product_cat-topografia-es","11":"pa_product-professional-en-es","12":"pa_product-subscription-1-year-en-es","13":"description-off","15":"first","16":"instock","17":"downloadable","18":"virtual","19":"sold-individually","20":"taxable","21":"purchasable","22":"product-type-licensed"},"yoast_head":"<!-- This site is optimized with the Yoast SEO Premium plugin v25.0 (Yoast SEO v25.0) - https:\/\/yoast.com\/wordpress\/plugins\/seo\/ -->\n<title>Trispace \u2013 Software Topograf\u00eda - GeoStru<\/title>\n<meta name=\"description\" content=\"Software Topograf\u00eda para realizar planos acotados, planos con curvas de nivel, vectores de pendiente, trazado de secciones transversales y a lo largo de los ejes, c\u00e1lculo del volumen con respecto a los planos asignados; adem\u00e1s de dar el levantamiento tridimensional.\" \/>\n<meta name=\"robots\" content=\"index, follow, max-snippet:-1, max-image-preview:large, max-video-preview:-1\" \/>\n<link rel=\"canonical\" href=\"https:\/\/www.geostru.eu\/es\/shop\/software-es\/geotecnia-y-geologia\/trispace-topografia\/\" \/>\n<meta property=\"og:locale\" content=\"es_ES\" \/>\n<meta property=\"og:type\" content=\"article\" \/>\n<meta property=\"og:title\" content=\"Trispace \u2013 Software Topograf\u00eda\" \/>\n<meta property=\"og:description\" content=\"Software Topograf\u00eda para realizar planos acotados, planos con curvas de nivel, vectores de pendiente, trazado de secciones transversales y a lo largo de los ejes, c\u00e1lculo del volumen con respecto a los planos asignados; adem\u00e1s de dar el levantamiento tridimensional.\" \/>\n<meta property=\"og:url\" content=\"https:\/\/www.geostru.eu\/es\/shop\/software-es\/geotecnia-y-geologia\/trispace-topografia\/\" \/>\n<meta property=\"og:site_name\" content=\"GeoStru\" \/>\n<meta property=\"article:publisher\" content=\"https:\/\/www.facebook.com\/GeoStruSoftware\/\" \/>\n<meta property=\"article:modified_time\" content=\"2025-10-03T16:21:07+00:00\" \/>\n<meta property=\"og:image\" content=\"https:\/\/www.geostru.eu\/wp-content\/uploads\/2013\/12\/topography.png\" \/>\n\t<meta property=\"og:image:width\" content=\"1920\" \/>\n\t<meta property=\"og:image:height\" content=\"1038\" \/>\n\t<meta property=\"og:image:type\" content=\"image\/png\" \/>\n<meta name=\"twitter:card\" content=\"summary_large_image\" \/>\n<meta name=\"twitter:site\" content=\"@geostru\" \/>\n<meta name=\"twitter:label1\" content=\"Precio\" \/>\n\t<meta name=\"twitter:data1\" content=\"&euro;490.00 exc. IVA\" \/>\n\t<meta name=\"twitter:label2\" content=\"Disponibilidad\" \/>\n\t<meta name=\"twitter:data2\" content=\"Disponible\" \/>\n<script type=\"application\/ld+json\" class=\"yoast-schema-graph\">{\"@context\":\"https:\/\/schema.org\",\"@graph\":[{\"@type\":\"WebPage\",\"@id\":\"https:\/\/www.geostru.eu\/es\/shop\/software-es\/geotecnia-y-geologia\/trispace-topografia\/\",\"url\":\"https:\/\/www.geostru.eu\/es\/shop\/software-es\/geotecnia-y-geologia\/trispace-topografia\/\",\"name\":\"Trispace \u2013 Software Topograf\u00eda - GeoStru\",\"isPartOf\":{\"@id\":\"https:\/\/www.geostru.eu\/es\/#website\"},\"primaryImageOfPage\":{\"@id\":\"https:\/\/www.geostru.eu\/es\/shop\/software-es\/geotecnia-y-geologia\/trispace-topografia\/#primaryimage\"},\"image\":{\"@id\":\"https:\/\/www.geostru.eu\/es\/shop\/software-es\/geotecnia-y-geologia\/trispace-topografia\/#primaryimage\"},\"thumbnailUrl\":\"https:\/\/www.geostru.eu\/wp-content\/uploads\/2013\/12\/topography.png\",\"datePublished\":\"2013-12-20T10:04:19+00:00\",\"dateModified\":\"2025-10-03T16:21:07+00:00\",\"description\":\"Software Topograf\u00eda para realizar planos acotados, planos con curvas de nivel, vectores de pendiente, trazado de secciones transversales y a lo largo de los ejes, c\u00e1lculo del volumen con respecto a los planos asignados; adem\u00e1s de dar el levantamiento tridimensional.\",\"breadcrumb\":{\"@id\":\"https:\/\/www.geostru.eu\/es\/shop\/software-es\/geotecnia-y-geologia\/trispace-topografia\/#breadcrumb\"},\"inLanguage\":\"es\",\"potentialAction\":[{\"@type\":\"ReadAction\",\"target\":[\"https:\/\/www.geostru.eu\/es\/shop\/software-es\/geotecnia-y-geologia\/trispace-topografia\/\"]}]},{\"@type\":\"ImageObject\",\"inLanguage\":\"es\",\"@id\":\"https:\/\/www.geostru.eu\/es\/shop\/software-es\/geotecnia-y-geologia\/trispace-topografia\/#primaryimage\",\"url\":\"https:\/\/www.geostru.eu\/wp-content\/uploads\/2013\/12\/topography.png\",\"contentUrl\":\"https:\/\/www.geostru.eu\/wp-content\/uploads\/2013\/12\/topography.png\",\"width\":1920,\"height\":1038},{\"@type\":\"BreadcrumbList\",\"@id\":\"https:\/\/www.geostru.eu\/es\/shop\/software-es\/geotecnia-y-geologia\/trispace-topografia\/#breadcrumb\",\"itemListElement\":[{\"@type\":\"ListItem\",\"position\":1,\"name\":\"Home\",\"item\":\"https:\/\/www.geostru.eu\/es\/\"},{\"@type\":\"ListItem\",\"position\":2,\"name\":\"Shop\",\"item\":\"https:\/\/www.geostru.eu\/shop\/?lang=es\"},{\"@type\":\"ListItem\",\"position\":3,\"name\":\"Trispace \u2013 Software Topograf\u00eda\"}]},{\"@type\":\"WebSite\",\"@id\":\"https:\/\/www.geostru.eu\/es\/#website\",\"url\":\"https:\/\/www.geostru.eu\/es\/\",\"name\":\"GeoStru\",\"description\":\"Professionals at your service\",\"publisher\":{\"@id\":\"https:\/\/www.geostru.eu\/es\/#organization\"},\"potentialAction\":[{\"@type\":\"SearchAction\",\"target\":{\"@type\":\"EntryPoint\",\"urlTemplate\":\"https:\/\/www.geostru.eu\/es\/?s={search_term_string}\"},\"query-input\":{\"@type\":\"PropertyValueSpecification\",\"valueRequired\":true,\"valueName\":\"search_term_string\"}}],\"inLanguage\":\"es\"},{\"@type\":\"Organization\",\"@id\":\"https:\/\/www.geostru.eu\/es\/#organization\",\"name\":\"GeoStru\",\"url\":\"https:\/\/www.geostru.eu\/es\/\",\"logo\":{\"@type\":\"ImageObject\",\"inLanguage\":\"es\",\"@id\":\"https:\/\/www.geostru.eu\/es\/#\/schema\/logo\/image\/\",\"url\":\"https:\/\/www.geostru.eu\/wp-content\/uploads\/2023\/02\/LOGO_GEOSTRU_educational_banner.png\",\"contentUrl\":\"https:\/\/www.geostru.eu\/wp-content\/uploads\/2023\/02\/LOGO_GEOSTRU_educational_banner.png\",\"width\":363,\"height\":115,\"caption\":\"GeoStru\"},\"image\":{\"@id\":\"https:\/\/www.geostru.eu\/es\/#\/schema\/logo\/image\/\"},\"sameAs\":[\"https:\/\/www.facebook.com\/GeoStruSoftware\/\",\"https:\/\/x.com\/geostru\",\"https:\/\/www.linkedin.com\/company\/2462488\/admin\/\",\"https:\/\/www.instagram.com\/geostru\/\"]}]}<\/script>\n<meta property=\"product:brand\" content=\"Software Geolog\u00eda\" \/>\n<meta property=\"product:price:amount\" content=\"490.00\" \/>\n<meta property=\"product:price:currency\" content=\"EUR\" \/>\n<meta property=\"og:availability\" content=\"instock\" \/>\n<meta property=\"product:availability\" content=\"instock\" \/>\n<meta property=\"product:retailer_item_id\" content=\"11\" \/>\n<meta property=\"product:condition\" content=\"new\" \/>\n<!-- \/ Yoast SEO Premium plugin. -->","yoast_head_json":{"title":"Trispace \u2013 Software Topograf\u00eda - GeoStru","description":"Software Topograf\u00eda para realizar planos acotados, planos con curvas de nivel, vectores de pendiente, trazado de secciones transversales y a lo largo de los ejes, c\u00e1lculo del volumen con respecto a los planos asignados; adem\u00e1s de dar el levantamiento tridimensional.","robots":{"index":"index","follow":"follow","max-snippet":"max-snippet:-1","max-image-preview":"max-image-preview:large","max-video-preview":"max-video-preview:-1"},"canonical":"https:\/\/www.geostru.eu\/es\/shop\/software-es\/geotecnia-y-geologia\/trispace-topografia\/","og_locale":"es_ES","og_type":"article","og_title":"Trispace \u2013 Software Topograf\u00eda","og_description":"Software Topograf\u00eda para realizar planos acotados, planos con curvas de nivel, vectores de pendiente, trazado de secciones transversales y a lo largo de los ejes, c\u00e1lculo del volumen con respecto a los planos asignados; adem\u00e1s de dar el levantamiento tridimensional.","og_url":"https:\/\/www.geostru.eu\/es\/shop\/software-es\/geotecnia-y-geologia\/trispace-topografia\/","og_site_name":"GeoStru","article_publisher":"https:\/\/www.facebook.com\/GeoStruSoftware\/","article_modified_time":"2025-10-03T16:21:07+00:00","og_image":[{"width":1920,"height":1038,"url":"https:\/\/www.geostru.eu\/wp-content\/uploads\/2013\/12\/topography.png","type":"image\/png"}],"twitter_card":"summary_large_image","twitter_site":"@geostru","twitter_misc":{"Precio":"&euro;490.00 exc. IVA","Disponibilidad":"Disponible"},"schema":{"@context":"https:\/\/schema.org","@graph":[{"@type":"WebPage","@id":"https:\/\/www.geostru.eu\/es\/shop\/software-es\/geotecnia-y-geologia\/trispace-topografia\/","url":"https:\/\/www.geostru.eu\/es\/shop\/software-es\/geotecnia-y-geologia\/trispace-topografia\/","name":"Trispace \u2013 Software Topograf\u00eda - GeoStru","isPartOf":{"@id":"https:\/\/www.geostru.eu\/es\/#website"},"primaryImageOfPage":{"@id":"https:\/\/www.geostru.eu\/es\/shop\/software-es\/geotecnia-y-geologia\/trispace-topografia\/#primaryimage"},"image":{"@id":"https:\/\/www.geostru.eu\/es\/shop\/software-es\/geotecnia-y-geologia\/trispace-topografia\/#primaryimage"},"thumbnailUrl":"https:\/\/www.geostru.eu\/wp-content\/uploads\/2013\/12\/topography.png","datePublished":"2013-12-20T10:04:19+00:00","dateModified":"2025-10-03T16:21:07+00:00","description":"Software Topograf\u00eda para realizar planos acotados, planos con curvas de nivel, vectores de pendiente, trazado de secciones transversales y a lo largo de los ejes, c\u00e1lculo del volumen con respecto a los planos asignados; adem\u00e1s de dar el levantamiento tridimensional.","breadcrumb":{"@id":"https:\/\/www.geostru.eu\/es\/shop\/software-es\/geotecnia-y-geologia\/trispace-topografia\/#breadcrumb"},"inLanguage":"es","potentialAction":[{"@type":"ReadAction","target":["https:\/\/www.geostru.eu\/es\/shop\/software-es\/geotecnia-y-geologia\/trispace-topografia\/"]}]},{"@type":"ImageObject","inLanguage":"es","@id":"https:\/\/www.geostru.eu\/es\/shop\/software-es\/geotecnia-y-geologia\/trispace-topografia\/#primaryimage","url":"https:\/\/www.geostru.eu\/wp-content\/uploads\/2013\/12\/topography.png","contentUrl":"https:\/\/www.geostru.eu\/wp-content\/uploads\/2013\/12\/topography.png","width":1920,"height":1038},{"@type":"BreadcrumbList","@id":"https:\/\/www.geostru.eu\/es\/shop\/software-es\/geotecnia-y-geologia\/trispace-topografia\/#breadcrumb","itemListElement":[{"@type":"ListItem","position":1,"name":"Home","item":"https:\/\/www.geostru.eu\/es\/"},{"@type":"ListItem","position":2,"name":"Shop","item":"https:\/\/www.geostru.eu\/shop\/?lang=es"},{"@type":"ListItem","position":3,"name":"Trispace \u2013 Software Topograf\u00eda"}]},{"@type":"WebSite","@id":"https:\/\/www.geostru.eu\/es\/#website","url":"https:\/\/www.geostru.eu\/es\/","name":"GeoStru","description":"Professionals at your service","publisher":{"@id":"https:\/\/www.geostru.eu\/es\/#organization"},"potentialAction":[{"@type":"SearchAction","target":{"@type":"EntryPoint","urlTemplate":"https:\/\/www.geostru.eu\/es\/?s={search_term_string}"},"query-input":{"@type":"PropertyValueSpecification","valueRequired":true,"valueName":"search_term_string"}}],"inLanguage":"es"},{"@type":"Organization","@id":"https:\/\/www.geostru.eu\/es\/#organization","name":"GeoStru","url":"https:\/\/www.geostru.eu\/es\/","logo":{"@type":"ImageObject","inLanguage":"es","@id":"https:\/\/www.geostru.eu\/es\/#\/schema\/logo\/image\/","url":"https:\/\/www.geostru.eu\/wp-content\/uploads\/2023\/02\/LOGO_GEOSTRU_educational_banner.png","contentUrl":"https:\/\/www.geostru.eu\/wp-content\/uploads\/2023\/02\/LOGO_GEOSTRU_educational_banner.png","width":363,"height":115,"caption":"GeoStru"},"image":{"@id":"https:\/\/www.geostru.eu\/es\/#\/schema\/logo\/image\/"},"sameAs":["https:\/\/www.facebook.com\/GeoStruSoftware\/","https:\/\/x.com\/geostru","https:\/\/www.linkedin.com\/company\/2462488\/admin\/","https:\/\/www.instagram.com\/geostru\/"]}]},"product_brand":"Software Geolog\u00eda","product_price_amount":"490.00","product_price_currency":"EUR","og_availability":"instock","product_availability":"instock","product_retailer_item_id":"11","product_condition":"new"},"_links":{"self":[{"href":"https:\/\/www.geostru.eu\/es\/wp-json\/wp\/v2\/product\/13619"}],"collection":[{"href":"https:\/\/www.geostru.eu\/es\/wp-json\/wp\/v2\/product"}],"about":[{"href":"https:\/\/www.geostru.eu\/es\/wp-json\/wp\/v2\/types\/product"}],"replies":[{"embeddable":true,"href":"https:\/\/www.geostru.eu\/es\/wp-json\/wp\/v2\/comments?post=13619"}],"wp:featuredmedia":[{"embeddable":true,"href":"https:\/\/www.geostru.eu\/es\/wp-json\/wp\/v2\/media\/19940"}],"wp:attachment":[{"href":"https:\/\/www.geostru.eu\/es\/wp-json\/wp\/v2\/media?parent=13619"}],"wp:term":[{"taxonomy":"product_cat","embeddable":true,"href":"https:\/\/www.geostru.eu\/es\/wp-json\/wp\/v2\/product_cat?post=13619"},{"taxonomy":"product_tag","embeddable":true,"href":"https:\/\/www.geostru.eu\/es\/wp-json\/wp\/v2\/product_tag?post=13619"}],"curies":[{"name":"wp","href":"https:\/\/api.w.org\/{rel}","templated":true}]}}