{"id":13238,"date":"2014-07-30T09:31:46","date_gmt":"2014-07-30T07:31:46","guid":{"rendered":"https:\/\/www.geostru.eu\/prodotti\/liquiter-soil-liquefaction-2\/"},"modified":"2026-04-11T09:56:38","modified_gmt":"2026-04-11T07:56:38","slug":"licuefaccion-de-suelos-liquiter","status":"publish","type":"product","link":"https:\/\/www.geostru.eu\/es\/shop\/software-es\/geotecnia-y-geologia\/licuefaccion-de-suelos-liquiter\/","title":{"rendered":"Licuefacci\u00f3n de suelos &#8211; Liquiter"},"content":{"rendered":"<p><strong>Liquiter<\/strong> requiere de datos basados en los resultados de varios m\u00e9todos de investigaci\u00f3n:<\/p>\n<ul>\n<li>Standard Penetration Test (SPT).<\/li>\n<li>Estudios de determinaci\u00f3n de velocidad de las ondas de corte (Vs).<\/li>\n<li>Cone penetration test (CPT).<\/li>\n<li>Cone penetration test electric (CPTE).<\/li>\n<li>Cone penetration test Piezocone (CPTU).<\/li>\n<\/ul>\n<p><strong>Estimaci\u00f3n de la Magnitude Scaling Factor (MSF)<\/strong><\/p>\n<ul>\n<li>Seed &amp; Idriss, 1990<\/li>\n<li>Idriss, 1995<\/li>\n<li>Andrus &amp; Stokoe, 1997,2000<\/li>\n<li>Idriss &amp; Boulanger, 2008,2014<\/li>\n<\/ul>\n<p><strong>Factor de correcci\u00f3n de la tensi\u00f3n litost\u00e1tica (K\u03c3)<\/strong><\/p>\n<ul>\n<li>NCEER (Youd, 1997)<\/li>\n<\/ul>\n<p><strong>Normalizaci\u00f3n de las velocidades de las ondas de corte con la tensi\u00f3n litost\u00e1tica<\/strong><\/p>\n<ul>\n<li>Robertson et al., 1992<\/li>\n<\/ul>\n<p><strong>Correcci\u00f3n del n\u00famero de golpes del ensayo SPT con la tensi\u00f3n litost\u00e1tica (Cn)<\/strong><\/p>\n<ul>\n<li>Liao and Whitman, 1986<\/li>\n<\/ul>\n<p><strong>Resistencia residual post-licuefacci\u00f3n (Sr)<\/strong><\/p>\n<ul>\n<li>Idriss &amp; Boulanger, 2009,2014<\/li>\n<\/ul>\n<p><strong>Correcci\u00f3n por la presencia de materiales finos (Sr)<\/strong><\/p>\n<ul>\n<li>Idriss &amp; Seed, 1997 (NCEER Workshop)<\/li>\n<li>Robertson &amp; Wride, 1997 (NCEER Workshop)<\/li>\n<li>Idriss &amp; Boulanger, 2004, 2014<\/li>\n<\/ul>\n<p><strong>C\u00e1lculo del factor de seguridad de licuefacci\u00f3n con:<\/strong><\/p>\n<ul>\n<li>Andrus-Stokoe<\/li>\n<li>Boulanger-Idriss-CPT-2008<\/li>\n<li>Boulanger-Idriss-CPT-2014<\/li>\n<li>Boulanger-Idriss-NSPT, 2014<\/li>\n<li>Corte<\/li>\n<li>Eurocodice-8<\/li>\n<li>Finn<\/li>\n<li>Iwasaki<\/li>\n<li>Robertson-Wride<\/li>\n<li>Seed-Idriss<\/li>\n<li>Tokimatsu-Yoshimi<\/li>\n<li>NTC<\/li>\n<\/ul>\n<p><strong>Lateral Spreading<\/strong><\/p>\n<ul>\n<li>Youd et. al., 2002 Barlett and Youd, 1995<\/li>\n<\/ul>\n<p><strong>\u00cdndice del potencial de licuefacci\u00f3n (ILP)<\/strong><\/p>\n<ul>\n<li>Iwasaki et al. (1982)<\/li>\n<\/ul>\n<p><strong data-start=\"689\" data-end=\"759\">Mitigaci\u00f3n del riesgo<\/strong><\/p>\n<ul>\n<li>Adem\u00e1s, Liquiter incluye la <strong data-start=\"689\" data-end=\"759\">mitigaci\u00f3n del riesgo de licuefacci\u00f3n mediante drenajes verticales<\/strong>, implementada conforme al <strong data-start=\"786\" data-end=\"813\">m\u00e9todo de Priebe (1998)<\/strong>.<\/li>\n<\/ul>\n<p><strong>Liquiter permite la adquisici\u00f3n de datos CPTU procedentes de la central de adquisici\u00f3n Pagani G.E. (sistema TGAS \/ CPTU-ACQ). Los datos importados se procesan autom\u00e1ticamente para el reconocimiento de la litolog\u00eda seg\u00fan el m\u00e9todo de Robertson.<\/strong><\/p>\n","protected":false},"excerpt":{"rendered":"<p><strong data-start=\"116\" data-end=\"128\">Liquiter<\/strong> es un software geot\u00e9cnico profesional para la evaluaci\u00f3n del <strong data-start=\"190\" data-end=\"229\">potencial de licuefacci\u00f3n del suelo<\/strong> y de los <strong data-start=\"239\" data-end=\"270\">asentamientos post-s\u00edsmicos<\/strong>, basado en an\u00e1lisis a partir de ensayos <strong data-start=\"311\" data-end=\"344\">SPT, DP, CPT, CPTE, CPTU y Vs<\/strong>. Incluye funciones avanzadas como el <strong data-start=\"382\" data-end=\"439\">factor de seguridad frente a la licuefacci\u00f3n y el LPI<\/strong>, el <strong data-start=\"444\" data-end=\"465\" data-is-only-node=\"\">lateral spreading<\/strong>, los <strong data-start=\"471\" data-end=\"502\">asentamientos post-s\u00edsmicos<\/strong> y la <strong data-start=\"508\" data-end=\"611\">mitigaci\u00f3n del riesgo de licuefacci\u00f3n mediante drenajes verticales seg\u00fan el m\u00e9todo de Priebe (1998)<\/strong>.<br data-start=\"612\" data-end=\"615\" \/>Liquiter tambi\u00e9n est\u00e1 disponible como <strong data-start=\"653\" data-end=\"703\">aplicaci\u00f3n Web en la plataforma GeoStru GeoApp<\/strong>, con la implementaci\u00f3n del <strong data-start=\"731\" data-end=\"761\">m\u00e9todo de Boulanger (2014)<\/strong>, as\u00ed como una <strong data-start=\"776\" data-end=\"813\">aplicaci\u00f3n dedicada de bajo costo<\/strong> para la evaluaci\u00f3n de la licuefacci\u00f3n basada en la <strong data-start=\"865\" data-end=\"889\">curva granulom\u00e9trica<\/strong>, con c\u00e1lculos detallados y generaci\u00f3n autom\u00e1tica de informes.<\/p>\n<p>&nbsp;<\/p>\n<p>\ud83d\ude80 Tambi\u00e9n disponible en versi\u00f3n AI por solo 59 \u20ac en GeoStru AI ([www.geostru.ai](http:\/\/www.geostru.ai)), con funcionalidades avanzadas y soporte inteligente.<\/p>\n","protected":false},"featured_media":20411,"comment_status":"open","ping_status":"closed","template":"","meta":[],"product_cat":[529,185],"product_tag":[],"class_list":{"0":"post-13238","1":"product","2":"type-product","3":"status-publish","4":"has-post-thumbnail","6":"product_cat-software-geologia-es","7":"product_cat-geotecnia-y-geologia","8":"pa_product-professional-en-es","9":"pa_product-subscription-1-year-en-es","10":"description-off","12":"first","13":"instock","14":"sale","15":"downloadable","16":"virtual","17":"sold-individually","18":"taxable","19":"purchasable","20":"product-type-licensed"},"yoast_head":"<!-- This site is optimized with the Yoast SEO Premium plugin v25.0 (Yoast SEO v25.0) - https:\/\/yoast.com\/wordpress\/plugins\/seo\/ -->\n<title>Licuefacci\u00f3n de suelos<\/title>\n<meta name=\"description\" content=\"Liquiter\u00a0requiere de datos basados en los resultados de varios m\u00e9todos de investigaci\u00f3n\" \/>\n<meta name=\"robots\" content=\"index, follow, max-snippet:-1, max-image-preview:large, max-video-preview:-1\" \/>\n<link rel=\"canonical\" href=\"https:\/\/www.geostru.eu\/es\/shop\/software-es\/geotecnia-y-geologia\/licuefaccion-de-suelos-liquiter\/\" \/>\n<meta property=\"og:locale\" content=\"es_ES\" \/>\n<meta property=\"og:type\" content=\"article\" \/>\n<meta property=\"og:title\" content=\"Licuefacci\u00f3n de suelos - Liquiter\" \/>\n<meta property=\"og:description\" content=\"Liquiter\u00a0requiere de datos basados en los resultados de varios m\u00e9todos de investigaci\u00f3n\" \/>\n<meta property=\"og:url\" content=\"https:\/\/www.geostru.eu\/es\/shop\/software-es\/geotecnia-y-geologia\/licuefaccion-de-suelos-liquiter\/\" \/>\n<meta property=\"og:site_name\" content=\"GeoStru\" \/>\n<meta property=\"article:publisher\" content=\"https:\/\/www.facebook.com\/GeoStruSoftware\/\" \/>\n<meta property=\"article:modified_time\" content=\"2026-04-11T07:56:38+00:00\" \/>\n<meta property=\"og:image\" content=\"https:\/\/www.geostru.eu\/wp-content\/uploads\/2014\/07\/liquiter-es-social.jpg\" \/>\n\t<meta property=\"og:image:width\" content=\"1200\" \/>\n\t<meta property=\"og:image:height\" content=\"630\" \/>\n\t<meta property=\"og:image:type\" content=\"image\/jpeg\" \/>\n<meta name=\"twitter:card\" content=\"summary_large_image\" \/>\n<meta name=\"twitter:site\" content=\"@geostru\" \/>\n<meta name=\"twitter:label1\" content=\"Precio\" \/>\n\t<meta name=\"twitter:data1\" content=\"&euro;280.00 exc. IVA\" \/>\n\t<meta name=\"twitter:label2\" content=\"Disponibilidad\" \/>\n\t<meta name=\"twitter:data2\" content=\"Disponible\" \/>\n<script type=\"application\/ld+json\" class=\"yoast-schema-graph\">{\"@context\":\"https:\/\/schema.org\",\"@graph\":[{\"@type\":\"WebPage\",\"@id\":\"https:\/\/www.geostru.eu\/es\/shop\/software-es\/geotecnia-y-geologia\/licuefaccion-de-suelos-liquiter\/\",\"url\":\"https:\/\/www.geostru.eu\/es\/shop\/software-es\/geotecnia-y-geologia\/licuefaccion-de-suelos-liquiter\/\",\"name\":\"Licuefacci\u00f3n de suelos\",\"isPartOf\":{\"@id\":\"https:\/\/www.geostru.eu\/es\/#website\"},\"primaryImageOfPage\":{\"@id\":\"https:\/\/www.geostru.eu\/es\/shop\/software-es\/geotecnia-y-geologia\/licuefaccion-de-suelos-liquiter\/#primaryimage\"},\"image\":{\"@id\":\"https:\/\/www.geostru.eu\/es\/shop\/software-es\/geotecnia-y-geologia\/licuefaccion-de-suelos-liquiter\/#primaryimage\"},\"thumbnailUrl\":\"https:\/\/www.geostru.eu\/wp-content\/uploads\/2014\/07\/Liquiter1.png\",\"datePublished\":\"2014-07-30T07:31:46+00:00\",\"dateModified\":\"2026-04-11T07:56:38+00:00\",\"description\":\"Liquiter\u00a0requiere de datos basados en los resultados de varios m\u00e9todos de investigaci\u00f3n\",\"breadcrumb\":{\"@id\":\"https:\/\/www.geostru.eu\/es\/shop\/software-es\/geotecnia-y-geologia\/licuefaccion-de-suelos-liquiter\/#breadcrumb\"},\"inLanguage\":\"es\",\"potentialAction\":[{\"@type\":\"ReadAction\",\"target\":[\"https:\/\/www.geostru.eu\/es\/shop\/software-es\/geotecnia-y-geologia\/licuefaccion-de-suelos-liquiter\/\"]}]},{\"@type\":\"ImageObject\",\"inLanguage\":\"es\",\"@id\":\"https:\/\/www.geostru.eu\/es\/shop\/software-es\/geotecnia-y-geologia\/licuefaccion-de-suelos-liquiter\/#primaryimage\",\"url\":\"https:\/\/www.geostru.eu\/wp-content\/uploads\/2014\/07\/Liquiter1.png\",\"contentUrl\":\"https:\/\/www.geostru.eu\/wp-content\/uploads\/2014\/07\/Liquiter1.png\",\"width\":1919,\"height\":1027},{\"@type\":\"BreadcrumbList\",\"@id\":\"https:\/\/www.geostru.eu\/es\/shop\/software-es\/geotecnia-y-geologia\/licuefaccion-de-suelos-liquiter\/#breadcrumb\",\"itemListElement\":[{\"@type\":\"ListItem\",\"position\":1,\"name\":\"Home\",\"item\":\"https:\/\/www.geostru.eu\/es\/\"},{\"@type\":\"ListItem\",\"position\":2,\"name\":\"Shop\",\"item\":\"https:\/\/www.geostru.eu\/shop\/?lang=es\"},{\"@type\":\"ListItem\",\"position\":3,\"name\":\"Licuefacci\u00f3n de suelos &#8211; Liquiter\"}]},{\"@type\":\"WebSite\",\"@id\":\"https:\/\/www.geostru.eu\/es\/#website\",\"url\":\"https:\/\/www.geostru.eu\/es\/\",\"name\":\"GeoStru\",\"description\":\"Professionals at your service\",\"publisher\":{\"@id\":\"https:\/\/www.geostru.eu\/es\/#organization\"},\"potentialAction\":[{\"@type\":\"SearchAction\",\"target\":{\"@type\":\"EntryPoint\",\"urlTemplate\":\"https:\/\/www.geostru.eu\/es\/?s={search_term_string}\"},\"query-input\":{\"@type\":\"PropertyValueSpecification\",\"valueRequired\":true,\"valueName\":\"search_term_string\"}}],\"inLanguage\":\"es\"},{\"@type\":\"Organization\",\"@id\":\"https:\/\/www.geostru.eu\/es\/#organization\",\"name\":\"GeoStru\",\"url\":\"https:\/\/www.geostru.eu\/es\/\",\"logo\":{\"@type\":\"ImageObject\",\"inLanguage\":\"es\",\"@id\":\"https:\/\/www.geostru.eu\/es\/#\/schema\/logo\/image\/\",\"url\":\"https:\/\/www.geostru.eu\/wp-content\/uploads\/2023\/02\/LOGO_GEOSTRU_educational_banner.png\",\"contentUrl\":\"https:\/\/www.geostru.eu\/wp-content\/uploads\/2023\/02\/LOGO_GEOSTRU_educational_banner.png\",\"width\":363,\"height\":115,\"caption\":\"GeoStru\"},\"image\":{\"@id\":\"https:\/\/www.geostru.eu\/es\/#\/schema\/logo\/image\/\"},\"sameAs\":[\"https:\/\/www.facebook.com\/GeoStruSoftware\/\",\"https:\/\/x.com\/geostru\",\"https:\/\/www.linkedin.com\/company\/2462488\/admin\/\",\"https:\/\/www.instagram.com\/geostru\/\"]}]}<\/script>\n<meta property=\"product:brand\" content=\"Software Geolog\u00eda\" \/>\n<meta property=\"product:price:amount\" content=\"280.00\" \/>\n<meta property=\"product:price:currency\" content=\"EUR\" \/>\n<meta property=\"og:availability\" content=\"instock\" \/>\n<meta property=\"product:availability\" content=\"instock\" \/>\n<meta property=\"product:retailer_item_id\" content=\"22\" \/>\n<meta property=\"product:condition\" content=\"new\" \/>\n<!-- \/ Yoast SEO Premium plugin. -->","yoast_head_json":{"title":"Licuefacci\u00f3n de suelos","description":"Liquiter\u00a0requiere de datos basados en los resultados de varios m\u00e9todos de investigaci\u00f3n","robots":{"index":"index","follow":"follow","max-snippet":"max-snippet:-1","max-image-preview":"max-image-preview:large","max-video-preview":"max-video-preview:-1"},"canonical":"https:\/\/www.geostru.eu\/es\/shop\/software-es\/geotecnia-y-geologia\/licuefaccion-de-suelos-liquiter\/","og_locale":"es_ES","og_type":"article","og_title":"Licuefacci\u00f3n de suelos - Liquiter","og_description":"Liquiter\u00a0requiere de datos basados en los resultados de varios m\u00e9todos de investigaci\u00f3n","og_url":"https:\/\/www.geostru.eu\/es\/shop\/software-es\/geotecnia-y-geologia\/licuefaccion-de-suelos-liquiter\/","og_site_name":"GeoStru","article_publisher":"https:\/\/www.facebook.com\/GeoStruSoftware\/","article_modified_time":"2026-04-11T07:56:38+00:00","og_image":[{"width":1200,"height":630,"url":"https:\/\/www.geostru.eu\/wp-content\/uploads\/2014\/07\/liquiter-es-social.jpg","type":"image\/jpeg"}],"twitter_card":"summary_large_image","twitter_site":"@geostru","twitter_misc":{"Precio":"&euro;280.00 exc. IVA","Disponibilidad":"Disponible"},"schema":{"@context":"https:\/\/schema.org","@graph":[{"@type":"WebPage","@id":"https:\/\/www.geostru.eu\/es\/shop\/software-es\/geotecnia-y-geologia\/licuefaccion-de-suelos-liquiter\/","url":"https:\/\/www.geostru.eu\/es\/shop\/software-es\/geotecnia-y-geologia\/licuefaccion-de-suelos-liquiter\/","name":"Licuefacci\u00f3n de suelos","isPartOf":{"@id":"https:\/\/www.geostru.eu\/es\/#website"},"primaryImageOfPage":{"@id":"https:\/\/www.geostru.eu\/es\/shop\/software-es\/geotecnia-y-geologia\/licuefaccion-de-suelos-liquiter\/#primaryimage"},"image":{"@id":"https:\/\/www.geostru.eu\/es\/shop\/software-es\/geotecnia-y-geologia\/licuefaccion-de-suelos-liquiter\/#primaryimage"},"thumbnailUrl":"https:\/\/www.geostru.eu\/wp-content\/uploads\/2014\/07\/Liquiter1.png","datePublished":"2014-07-30T07:31:46+00:00","dateModified":"2026-04-11T07:56:38+00:00","description":"Liquiter\u00a0requiere de datos basados en los resultados de varios m\u00e9todos de investigaci\u00f3n","breadcrumb":{"@id":"https:\/\/www.geostru.eu\/es\/shop\/software-es\/geotecnia-y-geologia\/licuefaccion-de-suelos-liquiter\/#breadcrumb"},"inLanguage":"es","potentialAction":[{"@type":"ReadAction","target":["https:\/\/www.geostru.eu\/es\/shop\/software-es\/geotecnia-y-geologia\/licuefaccion-de-suelos-liquiter\/"]}]},{"@type":"ImageObject","inLanguage":"es","@id":"https:\/\/www.geostru.eu\/es\/shop\/software-es\/geotecnia-y-geologia\/licuefaccion-de-suelos-liquiter\/#primaryimage","url":"https:\/\/www.geostru.eu\/wp-content\/uploads\/2014\/07\/Liquiter1.png","contentUrl":"https:\/\/www.geostru.eu\/wp-content\/uploads\/2014\/07\/Liquiter1.png","width":1919,"height":1027},{"@type":"BreadcrumbList","@id":"https:\/\/www.geostru.eu\/es\/shop\/software-es\/geotecnia-y-geologia\/licuefaccion-de-suelos-liquiter\/#breadcrumb","itemListElement":[{"@type":"ListItem","position":1,"name":"Home","item":"https:\/\/www.geostru.eu\/es\/"},{"@type":"ListItem","position":2,"name":"Shop","item":"https:\/\/www.geostru.eu\/shop\/?lang=es"},{"@type":"ListItem","position":3,"name":"Licuefacci\u00f3n de suelos &#8211; Liquiter"}]},{"@type":"WebSite","@id":"https:\/\/www.geostru.eu\/es\/#website","url":"https:\/\/www.geostru.eu\/es\/","name":"GeoStru","description":"Professionals at your service","publisher":{"@id":"https:\/\/www.geostru.eu\/es\/#organization"},"potentialAction":[{"@type":"SearchAction","target":{"@type":"EntryPoint","urlTemplate":"https:\/\/www.geostru.eu\/es\/?s={search_term_string}"},"query-input":{"@type":"PropertyValueSpecification","valueRequired":true,"valueName":"search_term_string"}}],"inLanguage":"es"},{"@type":"Organization","@id":"https:\/\/www.geostru.eu\/es\/#organization","name":"GeoStru","url":"https:\/\/www.geostru.eu\/es\/","logo":{"@type":"ImageObject","inLanguage":"es","@id":"https:\/\/www.geostru.eu\/es\/#\/schema\/logo\/image\/","url":"https:\/\/www.geostru.eu\/wp-content\/uploads\/2023\/02\/LOGO_GEOSTRU_educational_banner.png","contentUrl":"https:\/\/www.geostru.eu\/wp-content\/uploads\/2023\/02\/LOGO_GEOSTRU_educational_banner.png","width":363,"height":115,"caption":"GeoStru"},"image":{"@id":"https:\/\/www.geostru.eu\/es\/#\/schema\/logo\/image\/"},"sameAs":["https:\/\/www.facebook.com\/GeoStruSoftware\/","https:\/\/x.com\/geostru","https:\/\/www.linkedin.com\/company\/2462488\/admin\/","https:\/\/www.instagram.com\/geostru\/"]}]},"product_brand":"Software Geolog\u00eda","product_price_amount":"280.00","product_price_currency":"EUR","og_availability":"instock","product_availability":"instock","product_retailer_item_id":"22","product_condition":"new"},"_links":{"self":[{"href":"https:\/\/www.geostru.eu\/es\/wp-json\/wp\/v2\/product\/13238"}],"collection":[{"href":"https:\/\/www.geostru.eu\/es\/wp-json\/wp\/v2\/product"}],"about":[{"href":"https:\/\/www.geostru.eu\/es\/wp-json\/wp\/v2\/types\/product"}],"replies":[{"embeddable":true,"href":"https:\/\/www.geostru.eu\/es\/wp-json\/wp\/v2\/comments?post=13238"}],"wp:featuredmedia":[{"embeddable":true,"href":"https:\/\/www.geostru.eu\/es\/wp-json\/wp\/v2\/media\/20411"}],"wp:attachment":[{"href":"https:\/\/www.geostru.eu\/es\/wp-json\/wp\/v2\/media?parent=13238"}],"wp:term":[{"taxonomy":"product_cat","embeddable":true,"href":"https:\/\/www.geostru.eu\/es\/wp-json\/wp\/v2\/product_cat?post=13238"},{"taxonomy":"product_tag","embeddable":true,"href":"https:\/\/www.geostru.eu\/es\/wp-json\/wp\/v2\/product_tag?post=13238"}],"curies":[{"name":"wp","href":"https:\/\/api.w.org\/{rel}","templated":true}]}}