{"id":128714,"date":"2021-07-21T18:28:44","date_gmt":"2021-07-21T16:28:44","guid":{"rendered":"https:\/\/www.geostru.eu\/shop\/sin%20categor\u00eda\/analisi-dinamica-in-geotecnica-qsim\/"},"modified":"2021-08-11T08:09:04","modified_gmt":"2021-08-11T06:09:04","slug":"analisis-dinamico-en-geotecnia-qsim","status":"publish","type":"product","link":"https:\/\/www.geostru.eu\/es\/shop\/software-es\/analisis-dinamico-en-geotecnia-qsim\/","title":{"rendered":"An\u00e1lisis din\u00e1mico en geotecnia &#8211; QSIM"},"content":{"rendered":"<div class=\"wpb-content-wrapper\"><p>[vc_row][vc_column][vc_column_text]<\/p>\n<p><strong>An\u00e1lisis din\u00e1mico en geotecnia &#8211; QSIM<\/strong><\/p>\n<p class=\"p_desc\">Seg\u00fan el m\u00e9todo de Newmark, en un bloque r\u00edgido que se desplaza sobre un plano inclinado; el movimiento se origina cuando la aceleraci\u00f3n horizontal supera el valor cr\u00edtico kc, calculado mediante an\u00e1lisis pseudo-est\u00e1tico. Al contrario, cuando la aceleraci\u00f3n del terreno vuelve por debajo del valor cr\u00edtico el movimiento prosigue con aceleraci\u00f3n cero.<br \/>\nEl software efect\u00faa:<\/p>\n<ul>\n<li>La importaci\u00f3n de los acelerogramas desde cualquier archivo exteno.<\/li>\n<li>Las integraciones en la generaci\u00f3n autom\u00e1tica de los acelerogramas de proyecto.<\/li>\n<li>El c\u00e1lculo del espectro de respuesta del acelerograma de proyecto.<\/li>\n<li>El c\u00e1lculo de los espectros de respuesta para el estado l\u00edmite \u00faltimo SLU, para el estado l\u00edmite de da\u00f1o SLD y para el estado l\u00edmite el\u00e1stico, horizontales y verticales.<\/li>\n<li>La sobreposici\u00f3n del espectro de respuesta del acelerograma de proyecto y el espectro para establecer la compatibilidad.<\/li>\n<li>Restituye los diagramas de las aceleraciones, velocidad y de los desplazamientos.<\/li>\n<li>Es posible imprimir y exportar todos los gr\u00e1ficos.<\/li>\n<\/ul>\n<p class=\"p_desc\"><span class=\"f_desc\">\u00a0<\/span><span class=\"f_desc\"><a class=\"topiclink\" href=\"https:\/\/help.geostru.eu\/slope\/es\/modello_moto_sismico.htm\">Ver tambi\u00e9n Generaci\u00f3n de acelerograma<\/a><\/span><\/p>\n<p>[\/vc_column_text][\/vc_column][\/vc_row]<\/p>\n<\/div>","protected":false},"excerpt":{"rendered":"<p><span class=\"f_desc\">QSIM permite efectuar el an\u00e1lisis en condiciones din\u00e1micas con el m\u00e9todo de <\/span><a href=\"https:\/\/pubs.geoscienceworld.org\/ssa\/bssa\/article-abstract\/73\/3\/863\/118406\/Dynamic-analysis-of-a-slope-failure-from-the-6\" target=\"_blank\" rel=\"noopener\"><strong><span class=\"f_desc\">Newmark<\/span><\/strong><\/a><span class=\"f_desc\">.<\/span><\/p>\n<p style=\"text-align: justify\"><span class=\"f_desc\">QSIM obtiene la tendencia de los desplazamientos y las velocidades durante la fase s\u00edsmica y el desplazamiento m\u00e1ximo permanente; adem\u00e1s de generar los acelerogramas artificiales de proyecto.<\/span><\/p>\n<blockquote>\n<p style=\"text-align: justify\"><a href=\"https:\/\/www.youtube.com\/watch?v=5zuBex5tMAM\" target=\"_blank\" rel=\"noopener\">Video tutorial<\/a><\/p>\n<p style=\"text-align: justify\"><a href=\"https:\/\/blog.geostru.eu\/es\/analisis-de-estabilidad-de-taludes-naturales-en-condiciones-sismicas\/\" target=\"_blank\" rel=\"noopener\">M\u00e1s detalles<\/a><\/p>\n<\/blockquote>\n","protected":false},"featured_media":128671,"comment_status":"closed","ping_status":"closed","template":"","meta":[],"product_cat":[191,529,185,186],"product_tag":[],"class_list":{"0":"post-128714","1":"product","2":"type-product","3":"status-publish","4":"has-post-thumbnail","6":"product_cat-software-es","7":"product_cat-software-geologia-es","8":"product_cat-geotecnia-y-geologia","9":"product_cat-geomecanica-es","10":"description-off","12":"first","13":"instock","14":"sale","15":"downloadable","16":"virtual","17":"sold-individually","18":"taxable","19":"purchasable","20":"product-type-licensed"},"yoast_head":"<!-- This site is optimized with the Yoast SEO Premium plugin v25.0 (Yoast SEO v25.0) - https:\/\/yoast.com\/wordpress\/plugins\/seo\/ -->\n<title>An\u00e1lisis din\u00e1mico en geotecnia - QSIM - GeoStru<\/title>\n<meta name=\"description\" content=\"QSIM permite efectuar el an\u00e1lisis en condiciones din\u00e1micas con el m\u00e9todo de Newmark. QSIM obtiene la tendencia de los desplazamientos y las velocidades durante la fase s\u00edsmica y el desplazamiento m\u00e1ximo permanente; adem\u00e1s de generar los acelerogramas artificiales de proyecto.\" \/>\n<meta name=\"robots\" content=\"index, follow, max-snippet:-1, max-image-preview:large, max-video-preview:-1\" \/>\n<link rel=\"canonical\" href=\"https:\/\/www.geostru.eu\/es\/shop\/software-es\/analisis-dinamico-en-geotecnia-qsim\/\" \/>\n<meta property=\"og:locale\" content=\"es_ES\" \/>\n<meta property=\"og:type\" content=\"article\" \/>\n<meta property=\"og:title\" content=\"An\u00e1lisis din\u00e1mico en geotecnia - QSIM\" \/>\n<meta property=\"og:description\" content=\"QSIM permite efectuar el an\u00e1lisis en condiciones din\u00e1micas con el m\u00e9todo de Newmark. QSIM obtiene la tendencia de los desplazamientos y las velocidades durante la fase s\u00edsmica y el desplazamiento m\u00e1ximo permanente; adem\u00e1s de generar los acelerogramas artificiales de proyecto.\" \/>\n<meta property=\"og:url\" content=\"https:\/\/www.geostru.eu\/es\/shop\/software-es\/analisis-dinamico-en-geotecnia-qsim\/\" \/>\n<meta property=\"og:site_name\" content=\"GeoStru\" \/>\n<meta property=\"article:publisher\" content=\"https:\/\/www.facebook.com\/GeoStruSoftware\/\" \/>\n<meta property=\"article:modified_time\" content=\"2021-08-11T06:09:04+00:00\" \/>\n<meta property=\"og:image\" content=\"https:\/\/www.geostru.eu\/wp-content\/uploads\/2021\/07\/Risorsa-176.png\" \/>\n\t<meta property=\"og:image:width\" content=\"1200\" \/>\n\t<meta property=\"og:image:height\" content=\"630\" \/>\n\t<meta property=\"og:image:type\" content=\"image\/png\" \/>\n<meta name=\"twitter:card\" content=\"summary_large_image\" \/>\n<meta name=\"twitter:site\" content=\"@geostru\" \/>\n<meta name=\"twitter:label1\" content=\"Precio\" \/>\n\t<meta name=\"twitter:data1\" content=\"&euro;99.00 exc. IVA\" \/>\n\t<meta name=\"twitter:label2\" content=\"Disponibilidad\" \/>\n\t<meta name=\"twitter:data2\" content=\"Disponible\" \/>\n<script type=\"application\/ld+json\" class=\"yoast-schema-graph\">{\"@context\":\"https:\/\/schema.org\",\"@graph\":[{\"@type\":\"WebPage\",\"@id\":\"https:\/\/www.geostru.eu\/es\/shop\/software-es\/analisis-dinamico-en-geotecnia-qsim\/\",\"url\":\"https:\/\/www.geostru.eu\/es\/shop\/software-es\/analisis-dinamico-en-geotecnia-qsim\/\",\"name\":\"An\u00e1lisis din\u00e1mico en geotecnia - QSIM - GeoStru\",\"isPartOf\":{\"@id\":\"https:\/\/www.geostru.eu\/es\/#website\"},\"primaryImageOfPage\":{\"@id\":\"https:\/\/www.geostru.eu\/es\/shop\/software-es\/analisis-dinamico-en-geotecnia-qsim\/#primaryimage\"},\"image\":{\"@id\":\"https:\/\/www.geostru.eu\/es\/shop\/software-es\/analisis-dinamico-en-geotecnia-qsim\/#primaryimage\"},\"thumbnailUrl\":\"https:\/\/www.geostru.eu\/wp-content\/uploads\/2021\/07\/qsim.gif\",\"datePublished\":\"2021-07-21T16:28:44+00:00\",\"dateModified\":\"2021-08-11T06:09:04+00:00\",\"description\":\"QSIM permite efectuar el an\u00e1lisis en condiciones din\u00e1micas con el m\u00e9todo de Newmark. QSIM obtiene la tendencia de los desplazamientos y las velocidades durante la fase s\u00edsmica y el desplazamiento m\u00e1ximo permanente; adem\u00e1s de generar los acelerogramas artificiales de proyecto.\",\"breadcrumb\":{\"@id\":\"https:\/\/www.geostru.eu\/es\/shop\/software-es\/analisis-dinamico-en-geotecnia-qsim\/#breadcrumb\"},\"inLanguage\":\"es\",\"potentialAction\":[{\"@type\":\"ReadAction\",\"target\":[\"https:\/\/www.geostru.eu\/es\/shop\/software-es\/analisis-dinamico-en-geotecnia-qsim\/\"]}]},{\"@type\":\"ImageObject\",\"inLanguage\":\"es\",\"@id\":\"https:\/\/www.geostru.eu\/es\/shop\/software-es\/analisis-dinamico-en-geotecnia-qsim\/#primaryimage\",\"url\":\"https:\/\/www.geostru.eu\/wp-content\/uploads\/2021\/07\/qsim.gif\",\"contentUrl\":\"https:\/\/www.geostru.eu\/wp-content\/uploads\/2021\/07\/qsim.gif\",\"width\":1920,\"height\":1028,\"caption\":\"Qsim -\"},{\"@type\":\"BreadcrumbList\",\"@id\":\"https:\/\/www.geostru.eu\/es\/shop\/software-es\/analisis-dinamico-en-geotecnia-qsim\/#breadcrumb\",\"itemListElement\":[{\"@type\":\"ListItem\",\"position\":1,\"name\":\"Home\",\"item\":\"https:\/\/www.geostru.eu\/es\/\"},{\"@type\":\"ListItem\",\"position\":2,\"name\":\"Shop\",\"item\":\"https:\/\/www.geostru.eu\/shop\/?lang=es\"},{\"@type\":\"ListItem\",\"position\":3,\"name\":\"An\u00e1lisis din\u00e1mico en geotecnia &#8211; QSIM\"}]},{\"@type\":\"WebSite\",\"@id\":\"https:\/\/www.geostru.eu\/es\/#website\",\"url\":\"https:\/\/www.geostru.eu\/es\/\",\"name\":\"GeoStru\",\"description\":\"Professionals at your service\",\"publisher\":{\"@id\":\"https:\/\/www.geostru.eu\/es\/#organization\"},\"potentialAction\":[{\"@type\":\"SearchAction\",\"target\":{\"@type\":\"EntryPoint\",\"urlTemplate\":\"https:\/\/www.geostru.eu\/es\/?s={search_term_string}\"},\"query-input\":{\"@type\":\"PropertyValueSpecification\",\"valueRequired\":true,\"valueName\":\"search_term_string\"}}],\"inLanguage\":\"es\"},{\"@type\":\"Organization\",\"@id\":\"https:\/\/www.geostru.eu\/es\/#organization\",\"name\":\"GeoStru\",\"url\":\"https:\/\/www.geostru.eu\/es\/\",\"logo\":{\"@type\":\"ImageObject\",\"inLanguage\":\"es\",\"@id\":\"https:\/\/www.geostru.eu\/es\/#\/schema\/logo\/image\/\",\"url\":\"https:\/\/www.geostru.eu\/wp-content\/uploads\/2023\/02\/LOGO_GEOSTRU_educational_banner.png\",\"contentUrl\":\"https:\/\/www.geostru.eu\/wp-content\/uploads\/2023\/02\/LOGO_GEOSTRU_educational_banner.png\",\"width\":363,\"height\":115,\"caption\":\"GeoStru\"},\"image\":{\"@id\":\"https:\/\/www.geostru.eu\/es\/#\/schema\/logo\/image\/\"},\"sameAs\":[\"https:\/\/www.facebook.com\/GeoStruSoftware\/\",\"https:\/\/x.com\/geostru\",\"https:\/\/www.linkedin.com\/company\/2462488\/admin\/\",\"https:\/\/www.instagram.com\/geostru\/\"]}]}<\/script>\n<meta property=\"product:brand\" content=\"Software\" \/>\n<meta property=\"product:price:amount\" content=\"99.00\" \/>\n<meta property=\"product:price:currency\" content=\"EUR\" \/>\n<meta property=\"og:availability\" content=\"instock\" \/>\n<meta property=\"product:availability\" content=\"instock\" \/>\n<meta property=\"product:retailer_item_id\" content=\"72\" \/>\n<meta property=\"product:condition\" content=\"new\" \/>\n<!-- \/ Yoast SEO Premium plugin. -->","yoast_head_json":{"title":"An\u00e1lisis din\u00e1mico en geotecnia - QSIM - GeoStru","description":"QSIM permite efectuar el an\u00e1lisis en condiciones din\u00e1micas con el m\u00e9todo de Newmark. QSIM obtiene la tendencia de los desplazamientos y las velocidades durante la fase s\u00edsmica y el desplazamiento m\u00e1ximo permanente; adem\u00e1s de generar los acelerogramas artificiales de proyecto.","robots":{"index":"index","follow":"follow","max-snippet":"max-snippet:-1","max-image-preview":"max-image-preview:large","max-video-preview":"max-video-preview:-1"},"canonical":"https:\/\/www.geostru.eu\/es\/shop\/software-es\/analisis-dinamico-en-geotecnia-qsim\/","og_locale":"es_ES","og_type":"article","og_title":"An\u00e1lisis din\u00e1mico en geotecnia - QSIM","og_description":"QSIM permite efectuar el an\u00e1lisis en condiciones din\u00e1micas con el m\u00e9todo de Newmark. QSIM obtiene la tendencia de los desplazamientos y las velocidades durante la fase s\u00edsmica y el desplazamiento m\u00e1ximo permanente; adem\u00e1s de generar los acelerogramas artificiales de proyecto.","og_url":"https:\/\/www.geostru.eu\/es\/shop\/software-es\/analisis-dinamico-en-geotecnia-qsim\/","og_site_name":"GeoStru","article_publisher":"https:\/\/www.facebook.com\/GeoStruSoftware\/","article_modified_time":"2021-08-11T06:09:04+00:00","og_image":[{"width":1200,"height":630,"url":"https:\/\/www.geostru.eu\/wp-content\/uploads\/2021\/07\/Risorsa-176.png","type":"image\/png"}],"twitter_card":"summary_large_image","twitter_site":"@geostru","twitter_misc":{"Precio":"&euro;99.00 exc. IVA","Disponibilidad":"Disponible"},"schema":{"@context":"https:\/\/schema.org","@graph":[{"@type":"WebPage","@id":"https:\/\/www.geostru.eu\/es\/shop\/software-es\/analisis-dinamico-en-geotecnia-qsim\/","url":"https:\/\/www.geostru.eu\/es\/shop\/software-es\/analisis-dinamico-en-geotecnia-qsim\/","name":"An\u00e1lisis din\u00e1mico en geotecnia - QSIM - GeoStru","isPartOf":{"@id":"https:\/\/www.geostru.eu\/es\/#website"},"primaryImageOfPage":{"@id":"https:\/\/www.geostru.eu\/es\/shop\/software-es\/analisis-dinamico-en-geotecnia-qsim\/#primaryimage"},"image":{"@id":"https:\/\/www.geostru.eu\/es\/shop\/software-es\/analisis-dinamico-en-geotecnia-qsim\/#primaryimage"},"thumbnailUrl":"https:\/\/www.geostru.eu\/wp-content\/uploads\/2021\/07\/qsim.gif","datePublished":"2021-07-21T16:28:44+00:00","dateModified":"2021-08-11T06:09:04+00:00","description":"QSIM permite efectuar el an\u00e1lisis en condiciones din\u00e1micas con el m\u00e9todo de Newmark. QSIM obtiene la tendencia de los desplazamientos y las velocidades durante la fase s\u00edsmica y el desplazamiento m\u00e1ximo permanente; adem\u00e1s de generar los acelerogramas artificiales de proyecto.","breadcrumb":{"@id":"https:\/\/www.geostru.eu\/es\/shop\/software-es\/analisis-dinamico-en-geotecnia-qsim\/#breadcrumb"},"inLanguage":"es","potentialAction":[{"@type":"ReadAction","target":["https:\/\/www.geostru.eu\/es\/shop\/software-es\/analisis-dinamico-en-geotecnia-qsim\/"]}]},{"@type":"ImageObject","inLanguage":"es","@id":"https:\/\/www.geostru.eu\/es\/shop\/software-es\/analisis-dinamico-en-geotecnia-qsim\/#primaryimage","url":"https:\/\/www.geostru.eu\/wp-content\/uploads\/2021\/07\/qsim.gif","contentUrl":"https:\/\/www.geostru.eu\/wp-content\/uploads\/2021\/07\/qsim.gif","width":1920,"height":1028,"caption":"Qsim -"},{"@type":"BreadcrumbList","@id":"https:\/\/www.geostru.eu\/es\/shop\/software-es\/analisis-dinamico-en-geotecnia-qsim\/#breadcrumb","itemListElement":[{"@type":"ListItem","position":1,"name":"Home","item":"https:\/\/www.geostru.eu\/es\/"},{"@type":"ListItem","position":2,"name":"Shop","item":"https:\/\/www.geostru.eu\/shop\/?lang=es"},{"@type":"ListItem","position":3,"name":"An\u00e1lisis din\u00e1mico en geotecnia &#8211; QSIM"}]},{"@type":"WebSite","@id":"https:\/\/www.geostru.eu\/es\/#website","url":"https:\/\/www.geostru.eu\/es\/","name":"GeoStru","description":"Professionals at your service","publisher":{"@id":"https:\/\/www.geostru.eu\/es\/#organization"},"potentialAction":[{"@type":"SearchAction","target":{"@type":"EntryPoint","urlTemplate":"https:\/\/www.geostru.eu\/es\/?s={search_term_string}"},"query-input":{"@type":"PropertyValueSpecification","valueRequired":true,"valueName":"search_term_string"}}],"inLanguage":"es"},{"@type":"Organization","@id":"https:\/\/www.geostru.eu\/es\/#organization","name":"GeoStru","url":"https:\/\/www.geostru.eu\/es\/","logo":{"@type":"ImageObject","inLanguage":"es","@id":"https:\/\/www.geostru.eu\/es\/#\/schema\/logo\/image\/","url":"https:\/\/www.geostru.eu\/wp-content\/uploads\/2023\/02\/LOGO_GEOSTRU_educational_banner.png","contentUrl":"https:\/\/www.geostru.eu\/wp-content\/uploads\/2023\/02\/LOGO_GEOSTRU_educational_banner.png","width":363,"height":115,"caption":"GeoStru"},"image":{"@id":"https:\/\/www.geostru.eu\/es\/#\/schema\/logo\/image\/"},"sameAs":["https:\/\/www.facebook.com\/GeoStruSoftware\/","https:\/\/x.com\/geostru","https:\/\/www.linkedin.com\/company\/2462488\/admin\/","https:\/\/www.instagram.com\/geostru\/"]}]},"product_brand":"Software","product_price_amount":"99.00","product_price_currency":"EUR","og_availability":"instock","product_availability":"instock","product_retailer_item_id":"72","product_condition":"new"},"_links":{"self":[{"href":"https:\/\/www.geostru.eu\/es\/wp-json\/wp\/v2\/product\/128714"}],"collection":[{"href":"https:\/\/www.geostru.eu\/es\/wp-json\/wp\/v2\/product"}],"about":[{"href":"https:\/\/www.geostru.eu\/es\/wp-json\/wp\/v2\/types\/product"}],"replies":[{"embeddable":true,"href":"https:\/\/www.geostru.eu\/es\/wp-json\/wp\/v2\/comments?post=128714"}],"wp:featuredmedia":[{"embeddable":true,"href":"https:\/\/www.geostru.eu\/es\/wp-json\/wp\/v2\/media\/128671"}],"wp:attachment":[{"href":"https:\/\/www.geostru.eu\/es\/wp-json\/wp\/v2\/media?parent=128714"}],"wp:term":[{"taxonomy":"product_cat","embeddable":true,"href":"https:\/\/www.geostru.eu\/es\/wp-json\/wp\/v2\/product_cat?post=128714"},{"taxonomy":"product_tag","embeddable":true,"href":"https:\/\/www.geostru.eu\/es\/wp-json\/wp\/v2\/product_tag?post=128714"}],"curies":[{"name":"wp","href":"https:\/\/api.w.org\/{rel}","templated":true}]}}