{"id":101241,"date":"2015-06-16T07:59:12","date_gmt":"2015-06-16T05:59:12","guid":{"rendered":"https:\/\/www.geostru.eu\/shop\/sincategorizar\/risposta-sismica-locale-rsl-iii\/"},"modified":"2026-04-15T08:43:00","modified_gmt":"2026-04-15T06:43:00","slug":"respuesta-sismica-local-rsl-iii","status":"publish","type":"product","link":"https:\/\/www.geostru.eu\/es\/shop\/software-es\/geotecnia-y-geologia\/respuesta-sismica-local-rsl-iii\/","title":{"rendered":"Risposta sismica locale &#8211; RSL III"},"content":{"rendered":"<div class=\"wpb-content-wrapper\"><p>[vc_row][vc_column][vc_column_text css=\u00bb\u00bb]<strong>Respuesta s\u00edsmica local RSL III \u2013 Software para la evaluaci\u00f3n de la respuesta s\u00edsmica local de tercer nivel.<\/strong><\/p>\n<p>Con el m\u00e9todo de tercer nivel es posible evaluar de forma precisa la amplificaci\u00f3n estratigr\u00e1fica real mediante la soluci\u00f3n de la ecuaci\u00f3n diferencial que gobierna la propagaci\u00f3n de ondas de corte en un medio viscoel\u00e1stico tipo Kelvin-Voigt, considerando el comportamiento del suelo a trav\u00e9s de curvas de degradaci\u00f3n del m\u00f3dulo de corte (G) y del amortiguamiento obtenidas de la literatura cient\u00edfica o definidas por el usuario.<\/p>\n<p>El procedimiento de c\u00e1lculo utilizado por RSL III para la respuesta s\u00edsmica local es de tipo lineal equivalente, aplicado a un modelo compuesto por <em>n<\/em> estratos horizontales y paralelos de extensi\u00f3n infinita, apoyados sobre un semiespacio correspondiente al bedrock.<\/p>\n<p>La entrada s\u00edsmica, representada por uno o m\u00e1s acelerogramas, se aplica en el bedrock, y se eval\u00faa la propagaci\u00f3n de las ondas en direcci\u00f3n perpendicular a la superficie mediante la ecuaci\u00f3n de equilibrio din\u00e1mico expresada en funci\u00f3n del desplazamiento.<\/p>\n<p>Los resultados finales del an\u00e1lisis de tercer nivel incluyen los acelerogramas y sus correspondientes espectros de respuesta, as\u00ed como el espectro medio y el espectro medio normalizado para su comparaci\u00f3n con los espectros de referencia.[\/vc_column_text][\/vc_column][\/vc_row]<\/p>\n<\/div>","protected":false},"excerpt":{"rendered":"<p><strong>Respuesta s\u00edsmica local RSL III:<\/strong> Software para la evaluaci\u00f3n de la respuesta s\u00edsmica local de tercer nivel.<\/p>\n<p>La entrada s\u00edsmica, representada por uno o m\u00e1s acelerogramas, se aplica al bedrock, y se eval\u00faa la propagaci\u00f3n de las ondas en direcci\u00f3n perpendicular a la superficie mediante la ecuaci\u00f3n de equilibrio din\u00e1mico expresada en funci\u00f3n del desplazamiento.<\/p>\n<blockquote><p>\ud83d\ude80 Tambi\u00e9n disponible en versi\u00f3n AI en GeoStru AI (<a href=\"http:\/\/www.geostru.ai\/\">www.geostru.ai<\/a>), con funcionalidades avanzadas y soporte inteligente.<\/p><\/blockquote>\n","protected":false},"featured_media":14360,"comment_status":"open","ping_status":"closed","template":"","meta":[],"product_cat":[529,204,185],"product_tag":[6054,6055],"class_list":{"0":"post-101241","1":"product","2":"type-product","3":"status-publish","4":"has-post-thumbnail","6":"product_cat-software-geologia-es","7":"product_cat-estructuras","8":"product_cat-geotecnia-y-geologia","9":"product_tag-risposta-sismica-locale-es","10":"product_tag-rsl-es","11":"description-off","13":"first","14":"instock","15":"sale","16":"downloadable","17":"virtual","18":"sold-individually","19":"taxable","20":"purchasable","21":"product-type-licensed"},"yoast_head":"<!-- This site is optimized with the Yoast SEO Premium plugin v25.0 (Yoast SEO v25.0) - https:\/\/yoast.com\/wordpress\/plugins\/seo\/ -->\n<title>Risposta sismica locale - RSL III<\/title>\n<meta name=\"description\" content=\"Risposta sismica locale RSL III permette di valutare la risposta sismica local 1D considerare la variabilit\u00e0 dei parametri d&#039;ingresso e di calcolare la ris\" \/>\n<meta name=\"robots\" content=\"index, follow, max-snippet:-1, max-image-preview:large, max-video-preview:-1\" \/>\n<link rel=\"canonical\" href=\"https:\/\/www.geostru.eu\/es\/shop\/software-es\/geotecnia-y-geologia\/respuesta-sismica-local-rsl-iii\/\" \/>\n<meta property=\"og:locale\" content=\"es_ES\" \/>\n<meta property=\"og:type\" content=\"article\" \/>\n<meta property=\"og:title\" content=\"Risposta sismica locale - RSL III\" \/>\n<meta property=\"og:description\" content=\"Risposta sismica locale RSL III permette di valutare la risposta sismica local 1D considerare la variabilit\u00e0 dei parametri d&#039;ingresso e di calcolare la ris\" \/>\n<meta property=\"og:url\" content=\"https:\/\/www.geostru.eu\/es\/shop\/software-es\/geotecnia-y-geologia\/respuesta-sismica-local-rsl-iii\/\" \/>\n<meta property=\"og:site_name\" content=\"GeoStru\" \/>\n<meta property=\"article:publisher\" content=\"https:\/\/www.facebook.com\/GeoStruSoftware\/\" \/>\n<meta property=\"article:modified_time\" content=\"2026-04-15T06:43:00+00:00\" \/>\n<meta property=\"og:image\" content=\"https:\/\/www.geostru.eu\/wp-content\/uploads\/2015\/06\/RSL_33.gif\" \/>\n\t<meta property=\"og:image:width\" content=\"396\" \/>\n\t<meta property=\"og:image:height\" content=\"218\" \/>\n\t<meta property=\"og:image:type\" content=\"image\/gif\" \/>\n<meta name=\"twitter:card\" content=\"summary_large_image\" \/>\n<meta name=\"twitter:site\" content=\"@geostru\" \/>\n<meta name=\"twitter:label1\" content=\"Precio\" \/>\n\t<meta name=\"twitter:data1\" content=\"&euro;390.00 exc. IVA\" \/>\n\t<meta name=\"twitter:label2\" content=\"Disponibilidad\" \/>\n\t<meta name=\"twitter:data2\" content=\"Disponible\" \/>\n<script type=\"application\/ld+json\" class=\"yoast-schema-graph\">{\"@context\":\"https:\/\/schema.org\",\"@graph\":[{\"@type\":\"WebPage\",\"@id\":\"https:\/\/www.geostru.eu\/es\/shop\/software-es\/geotecnia-y-geologia\/respuesta-sismica-local-rsl-iii\/\",\"url\":\"https:\/\/www.geostru.eu\/es\/shop\/software-es\/geotecnia-y-geologia\/respuesta-sismica-local-rsl-iii\/\",\"name\":\"Risposta sismica locale - RSL III\",\"isPartOf\":{\"@id\":\"https:\/\/www.geostru.eu\/es\/#website\"},\"primaryImageOfPage\":{\"@id\":\"https:\/\/www.geostru.eu\/es\/shop\/software-es\/geotecnia-y-geologia\/respuesta-sismica-local-rsl-iii\/#primaryimage\"},\"image\":{\"@id\":\"https:\/\/www.geostru.eu\/es\/shop\/software-es\/geotecnia-y-geologia\/respuesta-sismica-local-rsl-iii\/#primaryimage\"},\"thumbnailUrl\":\"https:\/\/www.geostru.eu\/wp-content\/uploads\/2015\/06\/RSL_33.gif\",\"datePublished\":\"2015-06-16T05:59:12+00:00\",\"dateModified\":\"2026-04-15T06:43:00+00:00\",\"description\":\"Risposta sismica locale RSL III permette di valutare la risposta sismica local 1D considerare la variabilit\u00e0 dei parametri d'ingresso e di calcolare la ris\",\"breadcrumb\":{\"@id\":\"https:\/\/www.geostru.eu\/es\/shop\/software-es\/geotecnia-y-geologia\/respuesta-sismica-local-rsl-iii\/#breadcrumb\"},\"inLanguage\":\"es\",\"potentialAction\":[{\"@type\":\"ReadAction\",\"target\":[\"https:\/\/www.geostru.eu\/es\/shop\/software-es\/geotecnia-y-geologia\/respuesta-sismica-local-rsl-iii\/\"]}]},{\"@type\":\"ImageObject\",\"inLanguage\":\"es\",\"@id\":\"https:\/\/www.geostru.eu\/es\/shop\/software-es\/geotecnia-y-geologia\/respuesta-sismica-local-rsl-iii\/#primaryimage\",\"url\":\"https:\/\/www.geostru.eu\/wp-content\/uploads\/2015\/06\/RSL_33.gif\",\"contentUrl\":\"https:\/\/www.geostru.eu\/wp-content\/uploads\/2015\/06\/RSL_33.gif\",\"width\":396,\"height\":218},{\"@type\":\"BreadcrumbList\",\"@id\":\"https:\/\/www.geostru.eu\/es\/shop\/software-es\/geotecnia-y-geologia\/respuesta-sismica-local-rsl-iii\/#breadcrumb\",\"itemListElement\":[{\"@type\":\"ListItem\",\"position\":1,\"name\":\"Home\",\"item\":\"https:\/\/www.geostru.eu\/es\/\"},{\"@type\":\"ListItem\",\"position\":2,\"name\":\"Shop\",\"item\":\"https:\/\/www.geostru.eu\/shop\/?lang=es\"},{\"@type\":\"ListItem\",\"position\":3,\"name\":\"Risposta sismica locale &#8211; RSL III\"}]},{\"@type\":\"WebSite\",\"@id\":\"https:\/\/www.geostru.eu\/es\/#website\",\"url\":\"https:\/\/www.geostru.eu\/es\/\",\"name\":\"GeoStru\",\"description\":\"Professionals at your service\",\"publisher\":{\"@id\":\"https:\/\/www.geostru.eu\/es\/#organization\"},\"potentialAction\":[{\"@type\":\"SearchAction\",\"target\":{\"@type\":\"EntryPoint\",\"urlTemplate\":\"https:\/\/www.geostru.eu\/es\/?s={search_term_string}\"},\"query-input\":{\"@type\":\"PropertyValueSpecification\",\"valueRequired\":true,\"valueName\":\"search_term_string\"}}],\"inLanguage\":\"es\"},{\"@type\":\"Organization\",\"@id\":\"https:\/\/www.geostru.eu\/es\/#organization\",\"name\":\"GeoStru\",\"url\":\"https:\/\/www.geostru.eu\/es\/\",\"logo\":{\"@type\":\"ImageObject\",\"inLanguage\":\"es\",\"@id\":\"https:\/\/www.geostru.eu\/es\/#\/schema\/logo\/image\/\",\"url\":\"https:\/\/www.geostru.eu\/wp-content\/uploads\/2023\/02\/LOGO_GEOSTRU_educational_banner.png\",\"contentUrl\":\"https:\/\/www.geostru.eu\/wp-content\/uploads\/2023\/02\/LOGO_GEOSTRU_educational_banner.png\",\"width\":363,\"height\":115,\"caption\":\"GeoStru\"},\"image\":{\"@id\":\"https:\/\/www.geostru.eu\/es\/#\/schema\/logo\/image\/\"},\"sameAs\":[\"https:\/\/www.facebook.com\/GeoStruSoftware\/\",\"https:\/\/x.com\/geostru\",\"https:\/\/www.linkedin.com\/company\/2462488\/admin\/\",\"https:\/\/www.instagram.com\/geostru\/\"]}]}<\/script>\n<meta property=\"product:brand\" content=\"Software Geolog\u00eda\" \/>\n<meta property=\"product:price:amount\" content=\"390.00\" \/>\n<meta property=\"product:price:currency\" content=\"EUR\" \/>\n<meta property=\"og:availability\" content=\"instock\" \/>\n<meta property=\"product:availability\" content=\"instock\" \/>\n<meta property=\"product:retailer_item_id\" content=\"33\" \/>\n<meta property=\"product:condition\" content=\"new\" \/>\n<!-- \/ Yoast SEO Premium plugin. -->","yoast_head_json":{"title":"Risposta sismica locale - RSL III","description":"Risposta sismica locale RSL III permette di valutare la risposta sismica local 1D considerare la variabilit\u00e0 dei parametri d'ingresso e di calcolare la ris","robots":{"index":"index","follow":"follow","max-snippet":"max-snippet:-1","max-image-preview":"max-image-preview:large","max-video-preview":"max-video-preview:-1"},"canonical":"https:\/\/www.geostru.eu\/es\/shop\/software-es\/geotecnia-y-geologia\/respuesta-sismica-local-rsl-iii\/","og_locale":"es_ES","og_type":"article","og_title":"Risposta sismica locale - RSL III","og_description":"Risposta sismica locale RSL III permette di valutare la risposta sismica local 1D considerare la variabilit\u00e0 dei parametri d'ingresso e di calcolare la ris","og_url":"https:\/\/www.geostru.eu\/es\/shop\/software-es\/geotecnia-y-geologia\/respuesta-sismica-local-rsl-iii\/","og_site_name":"GeoStru","article_publisher":"https:\/\/www.facebook.com\/GeoStruSoftware\/","article_modified_time":"2026-04-15T06:43:00+00:00","og_image":[{"width":396,"height":218,"url":"https:\/\/www.geostru.eu\/wp-content\/uploads\/2015\/06\/RSL_33.gif","type":"image\/gif"}],"twitter_card":"summary_large_image","twitter_site":"@geostru","twitter_misc":{"Precio":"&euro;390.00 exc. IVA","Disponibilidad":"Disponible"},"schema":{"@context":"https:\/\/schema.org","@graph":[{"@type":"WebPage","@id":"https:\/\/www.geostru.eu\/es\/shop\/software-es\/geotecnia-y-geologia\/respuesta-sismica-local-rsl-iii\/","url":"https:\/\/www.geostru.eu\/es\/shop\/software-es\/geotecnia-y-geologia\/respuesta-sismica-local-rsl-iii\/","name":"Risposta sismica locale - RSL III","isPartOf":{"@id":"https:\/\/www.geostru.eu\/es\/#website"},"primaryImageOfPage":{"@id":"https:\/\/www.geostru.eu\/es\/shop\/software-es\/geotecnia-y-geologia\/respuesta-sismica-local-rsl-iii\/#primaryimage"},"image":{"@id":"https:\/\/www.geostru.eu\/es\/shop\/software-es\/geotecnia-y-geologia\/respuesta-sismica-local-rsl-iii\/#primaryimage"},"thumbnailUrl":"https:\/\/www.geostru.eu\/wp-content\/uploads\/2015\/06\/RSL_33.gif","datePublished":"2015-06-16T05:59:12+00:00","dateModified":"2026-04-15T06:43:00+00:00","description":"Risposta sismica locale RSL III permette di valutare la risposta sismica local 1D considerare la variabilit\u00e0 dei parametri d'ingresso e di calcolare la ris","breadcrumb":{"@id":"https:\/\/www.geostru.eu\/es\/shop\/software-es\/geotecnia-y-geologia\/respuesta-sismica-local-rsl-iii\/#breadcrumb"},"inLanguage":"es","potentialAction":[{"@type":"ReadAction","target":["https:\/\/www.geostru.eu\/es\/shop\/software-es\/geotecnia-y-geologia\/respuesta-sismica-local-rsl-iii\/"]}]},{"@type":"ImageObject","inLanguage":"es","@id":"https:\/\/www.geostru.eu\/es\/shop\/software-es\/geotecnia-y-geologia\/respuesta-sismica-local-rsl-iii\/#primaryimage","url":"https:\/\/www.geostru.eu\/wp-content\/uploads\/2015\/06\/RSL_33.gif","contentUrl":"https:\/\/www.geostru.eu\/wp-content\/uploads\/2015\/06\/RSL_33.gif","width":396,"height":218},{"@type":"BreadcrumbList","@id":"https:\/\/www.geostru.eu\/es\/shop\/software-es\/geotecnia-y-geologia\/respuesta-sismica-local-rsl-iii\/#breadcrumb","itemListElement":[{"@type":"ListItem","position":1,"name":"Home","item":"https:\/\/www.geostru.eu\/es\/"},{"@type":"ListItem","position":2,"name":"Shop","item":"https:\/\/www.geostru.eu\/shop\/?lang=es"},{"@type":"ListItem","position":3,"name":"Risposta sismica locale &#8211; RSL III"}]},{"@type":"WebSite","@id":"https:\/\/www.geostru.eu\/es\/#website","url":"https:\/\/www.geostru.eu\/es\/","name":"GeoStru","description":"Professionals at your service","publisher":{"@id":"https:\/\/www.geostru.eu\/es\/#organization"},"potentialAction":[{"@type":"SearchAction","target":{"@type":"EntryPoint","urlTemplate":"https:\/\/www.geostru.eu\/es\/?s={search_term_string}"},"query-input":{"@type":"PropertyValueSpecification","valueRequired":true,"valueName":"search_term_string"}}],"inLanguage":"es"},{"@type":"Organization","@id":"https:\/\/www.geostru.eu\/es\/#organization","name":"GeoStru","url":"https:\/\/www.geostru.eu\/es\/","logo":{"@type":"ImageObject","inLanguage":"es","@id":"https:\/\/www.geostru.eu\/es\/#\/schema\/logo\/image\/","url":"https:\/\/www.geostru.eu\/wp-content\/uploads\/2023\/02\/LOGO_GEOSTRU_educational_banner.png","contentUrl":"https:\/\/www.geostru.eu\/wp-content\/uploads\/2023\/02\/LOGO_GEOSTRU_educational_banner.png","width":363,"height":115,"caption":"GeoStru"},"image":{"@id":"https:\/\/www.geostru.eu\/es\/#\/schema\/logo\/image\/"},"sameAs":["https:\/\/www.facebook.com\/GeoStruSoftware\/","https:\/\/x.com\/geostru","https:\/\/www.linkedin.com\/company\/2462488\/admin\/","https:\/\/www.instagram.com\/geostru\/"]}]},"product_brand":"Software Geolog\u00eda","product_price_amount":"390.00","product_price_currency":"EUR","og_availability":"instock","product_availability":"instock","product_retailer_item_id":"33","product_condition":"new"},"_links":{"self":[{"href":"https:\/\/www.geostru.eu\/es\/wp-json\/wp\/v2\/product\/101241"}],"collection":[{"href":"https:\/\/www.geostru.eu\/es\/wp-json\/wp\/v2\/product"}],"about":[{"href":"https:\/\/www.geostru.eu\/es\/wp-json\/wp\/v2\/types\/product"}],"replies":[{"embeddable":true,"href":"https:\/\/www.geostru.eu\/es\/wp-json\/wp\/v2\/comments?post=101241"}],"wp:featuredmedia":[{"embeddable":true,"href":"https:\/\/www.geostru.eu\/es\/wp-json\/wp\/v2\/media\/14360"}],"wp:attachment":[{"href":"https:\/\/www.geostru.eu\/es\/wp-json\/wp\/v2\/media?parent=101241"}],"wp:term":[{"taxonomy":"product_cat","embeddable":true,"href":"https:\/\/www.geostru.eu\/es\/wp-json\/wp\/v2\/product_cat?post=101241"},{"taxonomy":"product_tag","embeddable":true,"href":"https:\/\/www.geostru.eu\/es\/wp-json\/wp\/v2\/product_tag?post=101241"}],"curies":[{"name":"wp","href":"https:\/\/api.w.org\/{rel}","templated":true}]}}