{"id":82828,"date":"2017-09-18T12:05:08","date_gmt":"2017-09-18T10:05:08","guid":{"rendered":"https:\/\/www.geostru.eu\/privacy-policy\/"},"modified":"2022-12-02T14:14:54","modified_gmt":"2022-12-02T13:14:54","slug":"privacy-policy","status":"publish","type":"page","link":"https:\/\/www.geostru.eu\/es\/privacy-policy\/","title":{"rendered":"Pol\u00edtica de privacidad"},"content":{"rendered":"<div class=\"wpb-content-wrapper\"><p>[vc_row][vc_column][vc_column_text]<\/p>\n<h3 style=\"text-align: justify;\">La siguiente informaci\u00f3n se proporciona seg\u00fan lo requerido por el Reglamento Europeo (UE) 2016\/679 en materia de Protecci\u00f3n de los Datos Personales.<\/h3>\n<p style=\"text-align: justify;\"><strong>*Responsable del Tratamiento de los Datos*<\/strong><br \/>\nEngSoft S.R.L. con sede legal en Cluj-Napoca, Uni\u00f3n Europea, Romania \u2013 EU<br \/>\nVAT RO30277934 &#8211; <a href=\"http:\/\/www.geostru.eu:2095\/cpsess7314894385\/horde\/imp\/dynamic.php?page=mailbox\">info@geostru.eu<\/a><\/p>\n<p><strong>*Modalidad de Tratamiento*<\/strong><br \/>\nEl responsable procesa los Datos Personales de los usuarios en total conformidad con<\/p>\n<p style=\"text-align: justify;\">lo previsto por el Reglamento UE\/2016\/679 General Data Protection Regulation (<strong>GDPR<\/strong>), con el cual la Uni\u00f3n Europea introduce nuevas normas en materia de protecci\u00f3n de Datos Personales, adoptando las medidas de seguridad adecuadas para evitar el acceso, la divulgaci\u00f3n, la modificaci\u00f3n o la destrucci\u00f3n no autorizados de los datos personales. El tratamiento se lleva a cabo mediante herramientas inform\u00e1ticas y\/o telem\u00e1ticas, con m\u00e9todos organizativos y log\u00edstica estrictamente relacionados con los fines indicados. En algunos casos, adem\u00e1s del Responsable tambi\u00e9n podr\u00edan tener acceso a los Datos otros encargados que participan en la organizaci\u00f3n del sitio (personal administrativo, comercial, de mercadeo, legal, administradores de sistemas), as\u00ed como sujetos externos (proveedores de servicios t\u00e9cnicos, correos postales, hosting provider, sociedades inform\u00e1ticas, agencias de comunicaci\u00f3n). La provisi\u00f3n de datos es opcional. La negativa a responder implica la imposibilidad de proporcionar el servicio requerido.<\/p>\n<p><strong>*Detalles sobre el tratamiento de los Datos Personales*<\/strong><br \/>\nLos Datos Personales se recopilan con los siguientes prop\u00f3sitos y utilizando los siguientes servicios:<\/p>\n<p><strong>*Lista de correos o Newsletter (Bolet\u00edn)*<\/strong><br \/>\nCon el registro en la lista de correos o en la newsletter (bolet\u00edn), la direcci\u00f3n electr\u00f3nica del Usuario se agrega autom\u00e1ticamente a una lista de contactos a quienes se les podr\u00e1 enviar mensajes de correo electr\u00f3nico con informaci\u00f3n de naturaleza comercial y promocional. La direcci\u00f3n electr\u00f3nica del Usuario se podr\u00eda tambi\u00e9n agregar a dicha lista como resultado del registro en esta aplicaci\u00f3n o despu\u00e9s de haber efectuado una compra.<\/p>\n<p style=\"text-align: justify;\">Datos personales recolectados: nombre, apellidos, email, n\u00famero de tel\u00e9fono, profesi\u00f3n.<\/p>\n<p style=\"text-align: justify;\">\n<strong>*Formulario de contacto*<\/strong><br \/>\nEl usuario, al completar el m\u00f3dulo de contacto con sus propios Datos, consiente el utilizo de los mismos para responder a solicitudes de informaci\u00f3n, de cotizaciones, o de cualquier otra naturaleza indicada en el encabezado del m\u00f3dulo.<\/p>\n<p style=\"text-align: justify;\">Datos personales recolectados: nombre, apellidos, email, n\u00famero de tel\u00e9fono, profesi\u00f3n.<\/p>\n<p style=\"text-align: justify;\">\n<strong>*Interacci\u00f3n con redes sociales y plataformas externas*<\/strong><\/p>\n<p style=\"text-align: justify;\">Estos servicios permiten interactuar con las redes sociales o con otras plataformas externas, directamente desde las p\u00e1ginas de esta Aplicaci\u00f3n. En todo caso, Las interacciones y la informaci\u00f3n recolectada por esta Aplicaci\u00f3n, est\u00e1n sujetas a la configuraci\u00f3n de privacidad del Usuario en cada red social.<\/p>\n<p style=\"text-align: justify;\">En el caso en que se instale un servicio de interacci\u00f3n con las redes sociales, es posible que, a\u00fan si los Usuarios no utilizan el servicio, se recolecten datos de tr\u00e1fico relativos a las p\u00e1ginas donde est\u00e1 instalado.<\/p>\n<p style=\"text-align: justify;\">\n<strong>*Opci\u00f3n Me Gusta y widget sociales de Facebook (Facebook, Inc.)*<\/strong><br \/>\nLa opci\u00f3n \u00abMe Gusta\u00bb y los widget sociales de Facebook son servicios de interacci\u00f3n con la red social Facebook &lt;<a href=\"http:\/\/www.facebook.com\/\">http:\/\/www.facebook.com<\/a>&gt;, proporcionados por Facebook Inc.<br \/>\nDatos personales recolectados: Cookie y Datos de utilizaci\u00f3n.<br \/>\nLugar del tratamiento: USA \u2013 Privacy Policy<\/p>\n<p><strong>*Tecla +1 y widget sociales de Google+ (Google Inc.)*<\/strong><br \/>\nLa opci\u00f3n +1 y los widget sociales de Google+ son servicios de interacci\u00f3n con la red social Google+, proporcionados por Google Inc.<\/p>\n<p style=\"text-align: justify;\">Datos personales recolectados: Cookie y Datos de utilizaci\u00f3n.<br \/>\nLugar del tratamiento: USA \u2013 Privacy Policy<\/p>\n<p><strong>*Estad\u00edstica*<\/strong><br \/>\nLos servicios de esta secci\u00f3n le permiten al Responsable del tratamiento monitorear y analizar los datos de tr\u00e1fico y sirven para darle seguimiento al comportamiento del Usuario.<\/p>\n<p style=\"text-align: justify;\">\n<strong>*Google Analytics (Google Inc.)*<\/strong><br \/>\nGoogle Analytics es un servicio de an\u00e1lisis web proporcionado por Google Inc.<br \/>\n(\u00abGoogle\u00bb). Google utiliza los Datos Personales recolectados con el fin de trazar y examinar la utilizaci\u00f3n de esta Aplicaci\u00f3n, hacer informes y compartirlos con otros servicios desarrollados por Google.<br \/>\nGoogle podr\u00eda utilizar los Datos Personales para contextualizar y personalizar los anuncios de su propia red publicitaria.<br \/>\nDatos personales recolectados: Cookie y Datos de utilizaci\u00f3n.<br \/>\nLugar del tratamiento: USA \u2013 Privacy Policy \u2013 Opt Out<\/p>\n<p><strong>*Widget Google Maps (Google Inc.) *<\/strong><br \/>\nGoogle Maps es un servicio de visualizaci\u00f3n de mapas administrado por Google<br \/>\nInc. que le permite a esta Aplicaci\u00f3n integrar tales contenidos en las propias p\u00e1ginas.<br \/>\nDatos personales recolectados: Cookie y Datos de utilizaci\u00f3n.<br \/>\nLugar del tratamiento: USA \u2013 Privacy Policy<\/p>\n<p><strong>*YouTube *<\/strong><br \/>\nYouTube &lt;<a href=\"https:\/\/www.youtube.com\/results?search_query=geostru\">https:\/\/www.youtube.com\/results?search_query=geostru<\/a>&gt; es una<br \/>\nplataforma para compartir y mostrar videos subidos por los autores.<br \/>\nDatos personales recolectados: Cookie y Datos de utilizaci\u00f3n.<br \/>\nLugar del tratamiento: USA \u2013 Privacy Policy<\/p>\n<p><strong>*Log de sistema y mantenimiento *<\/strong><br \/>\nPara necesidades relacionadas con el funcionamiento y mantenimiento, esta aplicaci\u00f3n y los eventuales servicios de terceros utilizados por la misma, podr\u00edan recolectar Log de sistema, o sea archivos que registran las interacciones y que pueden contener tambi\u00e9n Datos Personales, como la direcci\u00f3n IP Usuario<\/p>\n<p style=\"text-align: justify;\">\n<p>[\/vc_column_text][\/vc_column][\/vc_row]<\/p>\n<\/div>","protected":false},"excerpt":{"rendered":"<p>[vc_row][vc_column][vc_column_text] La siguiente informaci\u00f3n se proporciona seg\u00fan lo requerido por el Reglamento Europeo (UE) 2016\/679 en materia de Protecci\u00f3n de los Datos Personales. *Responsable del Tratamiento de los Datos* EngSoft S.R.L. con sede legal en Cluj-Napoca, Uni\u00f3n Europea, Romania \u2013 EU VAT RO30277934 &#8211; info@geostru.eu *Modalidad de Tratamiento* El responsable procesa los Datos Personales de&hellip;<\/p>\n","protected":false},"author":216,"featured_media":0,"parent":0,"menu_order":0,"comment_status":"closed","ping_status":"closed","template":"","meta":{"footnotes":""},"class_list":["post-82828","page","type-page","status-publish","hentry","description-off"],"yoast_head":"<!-- This site is optimized with the Yoast SEO Premium plugin v25.0 (Yoast SEO v25.0) - https:\/\/yoast.com\/wordpress\/plugins\/seo\/ -->\n<title>Pol\u00edtica de privacidad - GeoStru<\/title>\n<meta name=\"robots\" content=\"index, follow, max-snippet:-1, max-image-preview:large, max-video-preview:-1\" \/>\n<link rel=\"canonical\" href=\"https:\/\/www.geostru.eu\/es\/privacy-policy\/\" \/>\n<meta property=\"og:locale\" content=\"es_ES\" \/>\n<meta property=\"og:type\" content=\"article\" \/>\n<meta property=\"og:title\" content=\"Pol\u00edtica de privacidad\" \/>\n<meta property=\"og:description\" content=\"[vc_row][vc_column][vc_column_text] La siguiente informaci\u00f3n se proporciona seg\u00fan lo requerido por el Reglamento Europeo (UE) 2016\/679 en materia de Protecci\u00f3n de los Datos Personales. *Responsable del Tratamiento de los Datos* EngSoft S.R.L. con sede legal en Cluj-Napoca, Uni\u00f3n Europea, Romania \u2013 EU VAT RO30277934 &#8211; info@geostru.eu *Modalidad de Tratamiento* El responsable procesa los Datos Personales de&hellip;\" \/>\n<meta property=\"og:url\" content=\"https:\/\/www.geostru.eu\/es\/privacy-policy\/\" \/>\n<meta property=\"og:site_name\" content=\"GeoStru\" \/>\n<meta property=\"article:publisher\" content=\"https:\/\/www.facebook.com\/GeoStruSoftware\/\" \/>\n<meta property=\"article:modified_time\" content=\"2022-12-02T13:14:54+00:00\" \/>\n<meta name=\"twitter:card\" content=\"summary_large_image\" \/>\n<meta name=\"twitter:site\" content=\"@geostru\" \/>\n<meta name=\"twitter:label1\" content=\"Tiempo de lectura\" \/>\n\t<meta name=\"twitter:data1\" content=\"4 minutos\" \/>\n<script type=\"application\/ld+json\" class=\"yoast-schema-graph\">{\"@context\":\"https:\/\/schema.org\",\"@graph\":[{\"@type\":\"WebPage\",\"@id\":\"https:\/\/www.geostru.eu\/es\/privacy-policy\/\",\"url\":\"https:\/\/www.geostru.eu\/es\/privacy-policy\/\",\"name\":\"Pol\u00edtica de privacidad - GeoStru\",\"isPartOf\":{\"@id\":\"https:\/\/www.geostru.eu\/es\/#website\"},\"datePublished\":\"2017-09-18T10:05:08+00:00\",\"dateModified\":\"2022-12-02T13:14:54+00:00\",\"breadcrumb\":{\"@id\":\"https:\/\/www.geostru.eu\/es\/privacy-policy\/#breadcrumb\"},\"inLanguage\":\"es\",\"potentialAction\":[{\"@type\":\"ReadAction\",\"target\":[\"https:\/\/www.geostru.eu\/es\/privacy-policy\/\"]}]},{\"@type\":\"BreadcrumbList\",\"@id\":\"https:\/\/www.geostru.eu\/es\/privacy-policy\/#breadcrumb\",\"itemListElement\":[{\"@type\":\"ListItem\",\"position\":1,\"name\":\"Home\",\"item\":\"https:\/\/www.geostru.eu\/es\/\"},{\"@type\":\"ListItem\",\"position\":2,\"name\":\"Pol\u00edtica de privacidad\"}]},{\"@type\":\"WebSite\",\"@id\":\"https:\/\/www.geostru.eu\/es\/#website\",\"url\":\"https:\/\/www.geostru.eu\/es\/\",\"name\":\"GeoStru\",\"description\":\"Professionals at your service\",\"publisher\":{\"@id\":\"https:\/\/www.geostru.eu\/es\/#organization\"},\"potentialAction\":[{\"@type\":\"SearchAction\",\"target\":{\"@type\":\"EntryPoint\",\"urlTemplate\":\"https:\/\/www.geostru.eu\/es\/?s={search_term_string}\"},\"query-input\":{\"@type\":\"PropertyValueSpecification\",\"valueRequired\":true,\"valueName\":\"search_term_string\"}}],\"inLanguage\":\"es\"},{\"@type\":\"Organization\",\"@id\":\"https:\/\/www.geostru.eu\/es\/#organization\",\"name\":\"GeoStru\",\"url\":\"https:\/\/www.geostru.eu\/es\/\",\"logo\":{\"@type\":\"ImageObject\",\"inLanguage\":\"es\",\"@id\":\"https:\/\/www.geostru.eu\/es\/#\/schema\/logo\/image\/\",\"url\":\"https:\/\/www.geostru.eu\/wp-content\/uploads\/2023\/02\/LOGO_GEOSTRU_educational_banner.png\",\"contentUrl\":\"https:\/\/www.geostru.eu\/wp-content\/uploads\/2023\/02\/LOGO_GEOSTRU_educational_banner.png\",\"width\":363,\"height\":115,\"caption\":\"GeoStru\"},\"image\":{\"@id\":\"https:\/\/www.geostru.eu\/es\/#\/schema\/logo\/image\/\"},\"sameAs\":[\"https:\/\/www.facebook.com\/GeoStruSoftware\/\",\"https:\/\/x.com\/geostru\",\"https:\/\/www.linkedin.com\/company\/2462488\/admin\/\",\"https:\/\/www.instagram.com\/geostru\/\"]}]}<\/script>\n<!-- \/ Yoast SEO Premium plugin. -->","yoast_head_json":{"title":"Pol\u00edtica de privacidad - GeoStru","robots":{"index":"index","follow":"follow","max-snippet":"max-snippet:-1","max-image-preview":"max-image-preview:large","max-video-preview":"max-video-preview:-1"},"canonical":"https:\/\/www.geostru.eu\/es\/privacy-policy\/","og_locale":"es_ES","og_type":"article","og_title":"Pol\u00edtica de privacidad","og_description":"[vc_row][vc_column][vc_column_text] La siguiente informaci\u00f3n se proporciona seg\u00fan lo requerido por el Reglamento Europeo (UE) 2016\/679 en materia de Protecci\u00f3n de los Datos Personales. *Responsable del Tratamiento de los Datos* EngSoft S.R.L. con sede legal en Cluj-Napoca, Uni\u00f3n Europea, Romania \u2013 EU VAT RO30277934 &#8211; info@geostru.eu *Modalidad de Tratamiento* El responsable procesa los Datos Personales de&hellip;","og_url":"https:\/\/www.geostru.eu\/es\/privacy-policy\/","og_site_name":"GeoStru","article_publisher":"https:\/\/www.facebook.com\/GeoStruSoftware\/","article_modified_time":"2022-12-02T13:14:54+00:00","twitter_card":"summary_large_image","twitter_site":"@geostru","twitter_misc":{"Tiempo de lectura":"4 minutos"},"schema":{"@context":"https:\/\/schema.org","@graph":[{"@type":"WebPage","@id":"https:\/\/www.geostru.eu\/es\/privacy-policy\/","url":"https:\/\/www.geostru.eu\/es\/privacy-policy\/","name":"Pol\u00edtica de privacidad - GeoStru","isPartOf":{"@id":"https:\/\/www.geostru.eu\/es\/#website"},"datePublished":"2017-09-18T10:05:08+00:00","dateModified":"2022-12-02T13:14:54+00:00","breadcrumb":{"@id":"https:\/\/www.geostru.eu\/es\/privacy-policy\/#breadcrumb"},"inLanguage":"es","potentialAction":[{"@type":"ReadAction","target":["https:\/\/www.geostru.eu\/es\/privacy-policy\/"]}]},{"@type":"BreadcrumbList","@id":"https:\/\/www.geostru.eu\/es\/privacy-policy\/#breadcrumb","itemListElement":[{"@type":"ListItem","position":1,"name":"Home","item":"https:\/\/www.geostru.eu\/es\/"},{"@type":"ListItem","position":2,"name":"Pol\u00edtica de privacidad"}]},{"@type":"WebSite","@id":"https:\/\/www.geostru.eu\/es\/#website","url":"https:\/\/www.geostru.eu\/es\/","name":"GeoStru","description":"Professionals at your service","publisher":{"@id":"https:\/\/www.geostru.eu\/es\/#organization"},"potentialAction":[{"@type":"SearchAction","target":{"@type":"EntryPoint","urlTemplate":"https:\/\/www.geostru.eu\/es\/?s={search_term_string}"},"query-input":{"@type":"PropertyValueSpecification","valueRequired":true,"valueName":"search_term_string"}}],"inLanguage":"es"},{"@type":"Organization","@id":"https:\/\/www.geostru.eu\/es\/#organization","name":"GeoStru","url":"https:\/\/www.geostru.eu\/es\/","logo":{"@type":"ImageObject","inLanguage":"es","@id":"https:\/\/www.geostru.eu\/es\/#\/schema\/logo\/image\/","url":"https:\/\/www.geostru.eu\/wp-content\/uploads\/2023\/02\/LOGO_GEOSTRU_educational_banner.png","contentUrl":"https:\/\/www.geostru.eu\/wp-content\/uploads\/2023\/02\/LOGO_GEOSTRU_educational_banner.png","width":363,"height":115,"caption":"GeoStru"},"image":{"@id":"https:\/\/www.geostru.eu\/es\/#\/schema\/logo\/image\/"},"sameAs":["https:\/\/www.facebook.com\/GeoStruSoftware\/","https:\/\/x.com\/geostru","https:\/\/www.linkedin.com\/company\/2462488\/admin\/","https:\/\/www.instagram.com\/geostru\/"]}]}},"_links":{"self":[{"href":"https:\/\/www.geostru.eu\/es\/wp-json\/wp\/v2\/pages\/82828"}],"collection":[{"href":"https:\/\/www.geostru.eu\/es\/wp-json\/wp\/v2\/pages"}],"about":[{"href":"https:\/\/www.geostru.eu\/es\/wp-json\/wp\/v2\/types\/page"}],"author":[{"embeddable":true,"href":"https:\/\/www.geostru.eu\/es\/wp-json\/wp\/v2\/users\/216"}],"replies":[{"embeddable":true,"href":"https:\/\/www.geostru.eu\/es\/wp-json\/wp\/v2\/comments?post=82828"}],"version-history":[{"count":1,"href":"https:\/\/www.geostru.eu\/es\/wp-json\/wp\/v2\/pages\/82828\/revisions"}],"predecessor-version":[{"id":138307,"href":"https:\/\/www.geostru.eu\/es\/wp-json\/wp\/v2\/pages\/82828\/revisions\/138307"}],"wp:attachment":[{"href":"https:\/\/www.geostru.eu\/es\/wp-json\/wp\/v2\/media?parent=82828"}],"curies":[{"name":"wp","href":"https:\/\/api.w.org\/{rel}","templated":true}]}}