{"id":49481,"date":"2017-10-09T17:59:51","date_gmt":"2017-10-09T15:59:51","guid":{"rendered":"https:\/\/www.geostru.eu\/discount\/"},"modified":"2022-03-24T15:53:43","modified_gmt":"2022-03-24T14:53:43","slug":"oferta-excepcional","status":"publish","type":"page","link":"https:\/\/www.geostru.eu\/es\/oferta-excepcional\/","title":{"rendered":"Bienvenido"},"content":{"rendered":"<div class=\"wpb-content-wrapper\"><p>[vc_row][vc_column][vc_column_text]<\/p>\n<h1><span style=\"font-size: 12pt;\">Bienvenido\u00a0<\/span><\/h1>\n<p><span style=\"font-size: 12pt;\"><span lang=\"ES\">Est\u00e1s en esta p\u00e1gina porque tenemos convenios de ofertas especiales con colegios profesionales y con otros entes. En este caso nuestro acuerdo podr\u00eda garantizarte m\u00e1s del 50% de descuento.<\/span><\/span>[\/vc_column_text][vc_column_text]<\/p>\n<p style=\"text-align: justify;\"><span style=\"font-size: 12pt;\">Si has llegado a esta p\u00e1gina es porque buscas herramientas de c\u00e1lculo autom\u00e1tico que te ayuden a maximizar tu trabajo profesional.<\/span><\/p>\n<p style=\"text-align: justify;\"><span style=\"font-size: 12pt;\">No te haremos perder tu tiempo: te diremos ya lo que hacemos, de la forma m\u00e1s clara posible. Geostru pertenece al sector IT, produciendo software y ofreciendo servicios en los siguientes sectores: ingenier\u00eda (estructuras y geotecnia), geolog\u00eda, geomec\u00e1nica, geof\u00edsica, topograf\u00eda, arquitectura. Puedes consultar la lista de nuestros productos en este <a href=\"https:\/\/www.geostru.eu\/es\/software-para-ingenieria-geotecnia-geologia-geomecanica-geofisica-pruebas-in-situ-de-suelos-topografia-hidraulica-e-hidrologia-2\/\" target=\"_blank\" rel=\"noopener\">link<\/a>. Tambi\u00e9n puedes hacer una exploraci\u00f3n con los motores de b\u00fasqueda (Google) utilizando como t\u00e9rminos \u201cgeostru + el nombre del sector de tu inter\u00e9s\u201d. Por ejemplo, <strong>geostru<\/strong> estabilidad de taludes, o bien geostru software de ensayos geot\u00e9cnicos.<\/span><\/p>\n<p>&nbsp;<\/p>\n<h3 style=\"text-align: center;\"><span style=\"font-size: 12pt;\">Si lo que buscas est\u00e1 en estos sectores, entonces nuestras herramientas te ser\u00e1n muy \u00fatiles.<\/span><\/h3>\n<p>&nbsp;<\/p>\n<p style=\"text-align: justify;\"><span style=\"font-size: 12pt;\">En el mercado podr\u00e1s encontrar una gran variedad de instrumentos de c\u00e1lculo, desde los gratuitos hasta los m\u00e1s costosos. Al elegir, debes tener en cuenta que est\u00e1s hablando de sofisticados instrumentos de c\u00e1lculo, que te deben ofrecer seguridad en el presente y sobre todo en el futuro. Te basta con buscar en internet para entender por qu\u00e9 los software GEOSTRU son los m\u00e1s utilizados en el mundo. Te estar\u00e1s preguntando los motivos (<em>esta es una pregunta que nos hacen siempre en las ferias y en los congresos<\/em>)<\/span><\/p>\n<p>&nbsp;<\/p>\n<h3 style=\"text-align: center;\"><span style=\"font-size: 12pt;\">Aqu\u00ed te damos algunos<\/span><\/h3>\n<p>&nbsp;<\/p>\n<ul style=\"list-style-type: disc;\">\n<li style=\"text-align: justify;\"><span style=\"font-size: 12pt;\">Trat\u00e1ndose de instrumentos de c\u00e1lculo profesional, debe tener absoluta seguridad de que los resultados sean correctos y claros. Nosotros podemos darte la certeza del resultado y, como si no bastara, te podemos decir tambi\u00e9n que nuestros software se usan para publicar art\u00edculos en las principales revistas cient\u00edficas del mundo.<\/span><\/li>\n<li style=\"text-align: justify;\"><span style=\"font-size: 12pt;\">Es cierto, producimos software, pero tambi\u00e9n hacemos uso de software: \u00bfcu\u00e1ntos de estos hemos visto con entradas de datos absurdas, nada claros y sin validar? Nuestro software ha sido pensado para ser simple, con entradas amigables de datos, con facilidad de uso (importaci\u00f3n de cualquier tipo de datos), solicitud de los datos estrictamente necesarios, con tiempo de aprendizaje promedio de una hora.<\/span><\/li>\n<li style=\"text-align: justify;\"><span style=\"font-size: 12pt;\">Las elaboraciones son claras, con informes t\u00e9cnicos exhaustivos listos para entregar al ente contralor.<\/span><\/li>\n<li style=\"text-align: justify;\"><span style=\"font-size: 12pt;\">Proporcionamos herramientas gratuitas adicionales como: <a href=\"http:\/\/maps.geoapp.eu\" target=\"_blank\" rel=\"noopener\">Geostru Maps<\/a>, <a href=\"https:\/\/www.geostru.eu\/es\/geoapp-3\/\" target=\"_blank\" rel=\"noopener\">y m\u00e1s de 30 aplicaciones<\/a> de apoyo a los productos principales.<\/span><\/li>\n<\/ul>\n<p>&nbsp;<\/p>\n<h3 style=\"text-align: center;\"><span style=\"font-size: 12pt;\">\u00a1Y esto no es todo!<\/span><\/h3>\n<p>&nbsp;<\/p>\n<p><span style=\"font-size: 12pt;\">Cada software lleva a cabo una tarea espec\u00edfica: el geol\u00f3gico interpreta ensayos y los archivos producidos se pueden importar o enviar a otro software para proseguir con las elaboraciones, evitando una gran p\u00e9rdida de tiempo al ir a buscar los par\u00e1metros de c\u00e1lculo.<\/span><\/p>\n<p>&nbsp;<\/p>\n<h3 style=\"text-align: center;\"><span style=\"font-size: 12pt;\">\u00a1Lo sabemos! Este es nuestro criterio. Pero nos gustar\u00eda compartir algunos de los comentarios hechos recientemente por parte de nuestros usuarios. Puedes encontrar una lista <a href=\"https:\/\/www.geostru.eu\/es\/opina-sobre-un-producto\/\" target=\"_blank\" rel=\"noopener\">aqu\u00ed<\/a><\/span><\/h3>\n<p>&nbsp;<\/p>\n<p style=\"text-align: justify;\"><span style=\"font-size: 12pt;\"><strong>An\u00e1lisis de estabilidad de taludes Slope <\/strong><\/span><br \/>\n<span style=\"font-size: 12pt;\">Geostru es muy popular principalmente por el costo; estoy de acuerdo que, en los trabajos de rutina, slope-geostru trabaja bien, tambi\u00e9n porque generalmente no logramos alcanzar un conocimiento tal del subsuelo que justifique m\u00e9todos m\u00e1s avanzados. Por lo que parece, con el paso de los a\u00f1os este software ha crecido mucho y se ha convertido en uno de los m\u00e1s importantes y apreciados en \u00e1mbito internacional.<\/span><\/p>\n<p><span style=\"font-size: 12pt;\"><em>Alberto S.<\/em><\/span><\/p>\n<p style=\"text-align: justify;\"><span style=\"font-size: 12pt;\"><strong>Loadcap<\/strong><\/span><br \/>\n<span style=\"font-size: 12pt;\">Software necesario y adem\u00e1s (para mi) insustituible en la pr\u00e1ctica geot\u00e9cnica cotidiana. Aun siendo un software muy intuitivo, es de verdad completo.<\/span><\/p>\n<p style=\"text-align: justify;\"><span style=\"font-size: 12pt;\"><em>Dimitri Bastoncelli<\/em><\/span><\/p>\n<p style=\"text-align: justify;\"><span style=\"font-size: 12pt;\">Easy RefractSOFTWARE SIMPLE, INTUITIVO, MUY PR\u00c1CTICO Y, SOBRE TODO, OLTO PRATICO E, SOPRATTUTTO, CONFIABLE.PERSONALMENTE LO HE COMPARADO CON PROGRAMAS SIMILARES, M\u00c1S ENGORROSOS, LOS CUALES DESPU\u00c9S DE VARIAS COMPARACIONES HE IDO PROGRESIVAMENTE ABANDONANDO.DE VERDAD INTERESANTE.Riccardo<\/span><\/p>\n<p style=\"text-align: justify;\"><span style=\"font-size: 12pt;\"><em>Ferretti<\/em><\/span><\/p>\n<h3><span style=\"font-size: 12pt;\">\u00a0<\/span><\/h3>\n<h3 style=\"text-align: center;\"><span style=\"font-size: 12pt;\">\u00bfEsto es todo?No<\/span><\/h3>\n<p>&nbsp;<\/p>\n<p style=\"text-align: justify;\"><span style=\"font-size: 12pt;\">No hemos hablado de uno de los aspectos m\u00e1s importantes: el Cliente. Adem\u00e1s de ser nuestra prioridad, es nuestro colega. Tarde o temprano te suceder\u00e1 que necesitas aclaraciones sobre un m\u00e9todo de c\u00e1lculo, sobre una formula aplicada, sobre un procedimiento de proyecto a seguir: para esto estamos siempre y r\u00e1pidamente disponibles. Esto no lo obtendr\u00e1s jam\u00e1s con un software free, por no mencionar otras desventajas de estos \u00faltimos, con los cuales no tienes la certeza del resultado.<\/span><\/p>\n<p>&nbsp;<\/p>\n<h3 style=\"text-align: center;\"><span style=\"font-size: 12pt;\">Cuando lo necesites lo querr\u00e1s en un minuto \u00bfVerdad?<\/span><\/h3>\n<p>&nbsp;<\/p>\n<p style=\"text-align: justify;\"><span style=\"font-size: 12pt;\">Hemos automatizado todos los aspectos para agilizar la entrega. En menos de un minuto recibes: software, c\u00f3digos de activaci\u00f3n, video tutorial y documentos fiscales.Pero sobre todo, no deber\u00e1s endeudarte para obtener nuestros productos. \u00bfAlguna vez te has preguntado cu\u00e1nto cuesta adquirir y mantener actualizado un software?Nuestros software cuestan en promedio 300-400 euros. Y esto es lo que te damos:<\/span><\/p>\n<ul style=\"list-style-type: disc;\">\n<li style=\"text-align: justify;\"><span style=\"font-size: 12pt;\">Actualizaciones por un a\u00f1o<\/span><\/li>\n<li style=\"text-align: justify;\"><span style=\"font-size: 12pt;\">Asistencia t\u00e9cnica por un a\u00f1o<\/span><\/li>\n<li style=\"text-align: justify;\"><span style=\"font-size: 12pt;\">Manuales de uso<\/span><\/li>\n<\/ul>\n<h3><span style=\"font-size: 12pt;\">\u00a0<\/span><\/h3>\n<h3 style=\"text-align: center;\"><span style=\"font-size: 12pt;\">Te estar\u00e1s preguntando: \u00bfy el segundo a\u00f1o qu\u00e9?<\/span><\/h3>\n<p>&nbsp;<\/p>\n<p><span style=\"font-size: 12pt;\">Tu licencia de uso no tiene fin, pero si quieres ayudarnos a mantener actualizado el software y deseas contar con actualizaciones y asistencia t\u00e9cnica.<\/span><\/p>\n<p>&nbsp;<\/p>\n<h3 style=\"text-align: center;\"><span style=\"font-size: 12pt;\">Queremos que el precio sea todav\u00eda m\u00e1s accesible<\/span><\/h3>\n<p>&nbsp;<\/p>\n<p><span style=\"font-size: 12pt;\">Aqu\u00ed tienes un c\u00f3digo promocional, adem\u00e1s de las promociones ya en curso. Con el Cup\u00f3n <strong><span style=\"color: #008000;\">ICODG50<\/span><\/strong><span style=\"color: #ff0000;\">\u00a0<\/span>podr\u00e1s obtener el <span style=\"color: #008000;\"><strong>50%<\/strong><\/span> de descuento: te lo pedir\u00e1 el sistema al momento de comprar online.<\/span><\/p>\n<p>&nbsp;<\/p>\n<h4 style=\"text-align: center;\"><span style=\"font-size: 12pt;\"><a href=\"https:\/\/www.geostru.eu\/es\/software-para-ingenieria-geotecnia-geologia-geomecanica-geofisica-pruebas-in-situ-de-suelos-topografia-hidraulica-e-hidrologia-2\/\" target=\"_blank\" rel=\"noopener\"><span style=\"color: #008000;\">Visita la p\u00e1gina de productos y encuentra el software que necesitas<\/span><\/a><\/span><\/h4>\n<p>&nbsp;<\/p>\n<p><span style=\"font-size: 12pt;\"><a href=\"https:\/\/www.geostru.eu\/es\/mi-cuenta\/\" target=\"_blank\" rel=\"noopener\">Reg\u00edstrate <\/a>en nuestra p\u00e1gina para obtener el acceso al \u00e1rea reservada, desde la cual podr\u00e1s descargar el software y activarlo pocos instantes despu\u00e9s de haberlo adquirido.<\/span><\/p>\n<p><span style=\"font-size: 12pt;\">Si a\u00fan tienes alguna duda, no dudes en contactarnos, estaremos encantados de <a href=\"https:\/\/www.geostru.eu\/es\/contactos\/\" target=\"_blank\" rel=\"noopener\">ayudarte<\/a>.<\/span>[\/vc_column_text][\/vc_column][\/vc_row][vc_row][vc_column][vc_zigzag]<p class=\"wpcf7-contact-form-not-found\"><strong>Error:<\/strong> Formulario de contacto no encontrado.<\/p>[\/vc_column][\/vc_row]<\/p>\n<\/div>","protected":false},"excerpt":{"rendered":"<p>[vc_row][vc_column][vc_column_text] Bienvenido\u00a0 Est\u00e1s en esta p\u00e1gina porque tenemos convenios de ofertas especiales con colegios profesionales y con otros entes. En este caso nuestro acuerdo podr\u00eda garantizarte m\u00e1s del 50% de descuento.[\/vc_column_text][vc_column_text] Si has llegado a esta p\u00e1gina es porque buscas herramientas de c\u00e1lculo autom\u00e1tico que te ayuden a maximizar tu trabajo profesional. No te haremos&hellip;<\/p>\n","protected":false},"author":216,"featured_media":0,"parent":0,"menu_order":0,"comment_status":"closed","ping_status":"closed","template":"","meta":{"footnotes":""},"class_list":["post-49481","page","type-page","status-publish","hentry","description-off"],"yoast_head":"<!-- This site is optimized with the Yoast SEO Premium plugin v25.0 (Yoast SEO v25.0) - https:\/\/yoast.com\/wordpress\/plugins\/seo\/ -->\n<title>Bienvenido - GeoStru<\/title>\n<meta name=\"robots\" content=\"index, follow, max-snippet:-1, max-image-preview:large, max-video-preview:-1\" \/>\n<link rel=\"canonical\" href=\"https:\/\/www.geostru.eu\/es\/oferta-excepcional\/\" \/>\n<meta property=\"og:locale\" content=\"es_ES\" \/>\n<meta property=\"og:type\" content=\"article\" \/>\n<meta property=\"og:title\" content=\"Bienvenido\" \/>\n<meta property=\"og:description\" content=\"[vc_row][vc_column][vc_column_text] Bienvenido\u00a0 Est\u00e1s en esta p\u00e1gina porque tenemos convenios de ofertas especiales con colegios profesionales y con otros entes. En este caso nuestro acuerdo podr\u00eda garantizarte m\u00e1s del 50% de descuento.[\/vc_column_text][vc_column_text] Si has llegado a esta p\u00e1gina es porque buscas herramientas de c\u00e1lculo autom\u00e1tico que te ayuden a maximizar tu trabajo profesional. No te haremos&hellip;\" \/>\n<meta property=\"og:url\" content=\"https:\/\/www.geostru.eu\/es\/oferta-excepcional\/\" \/>\n<meta property=\"og:site_name\" content=\"GeoStru\" \/>\n<meta property=\"article:publisher\" content=\"https:\/\/www.facebook.com\/GeoStruSoftware\/\" \/>\n<meta property=\"article:modified_time\" content=\"2022-03-24T14:53:43+00:00\" \/>\n<meta name=\"twitter:card\" content=\"summary_large_image\" \/>\n<meta name=\"twitter:site\" content=\"@geostru\" \/>\n<meta name=\"twitter:label1\" content=\"Tiempo de lectura\" \/>\n\t<meta name=\"twitter:data1\" content=\"5 minutos\" \/>\n<script type=\"application\/ld+json\" class=\"yoast-schema-graph\">{\"@context\":\"https:\/\/schema.org\",\"@graph\":[{\"@type\":\"WebPage\",\"@id\":\"https:\/\/www.geostru.eu\/es\/oferta-excepcional\/\",\"url\":\"https:\/\/www.geostru.eu\/es\/oferta-excepcional\/\",\"name\":\"Bienvenido - GeoStru\",\"isPartOf\":{\"@id\":\"https:\/\/www.geostru.eu\/es\/#website\"},\"datePublished\":\"2017-10-09T15:59:51+00:00\",\"dateModified\":\"2022-03-24T14:53:43+00:00\",\"breadcrumb\":{\"@id\":\"https:\/\/www.geostru.eu\/es\/oferta-excepcional\/#breadcrumb\"},\"inLanguage\":\"es\",\"potentialAction\":[{\"@type\":\"ReadAction\",\"target\":[\"https:\/\/www.geostru.eu\/es\/oferta-excepcional\/\"]}]},{\"@type\":\"BreadcrumbList\",\"@id\":\"https:\/\/www.geostru.eu\/es\/oferta-excepcional\/#breadcrumb\",\"itemListElement\":[{\"@type\":\"ListItem\",\"position\":1,\"name\":\"Home\",\"item\":\"https:\/\/www.geostru.eu\/es\/\"},{\"@type\":\"ListItem\",\"position\":2,\"name\":\"Bienvenido\"}]},{\"@type\":\"WebSite\",\"@id\":\"https:\/\/www.geostru.eu\/es\/#website\",\"url\":\"https:\/\/www.geostru.eu\/es\/\",\"name\":\"GeoStru\",\"description\":\"Professionals at your service\",\"publisher\":{\"@id\":\"https:\/\/www.geostru.eu\/es\/#organization\"},\"potentialAction\":[{\"@type\":\"SearchAction\",\"target\":{\"@type\":\"EntryPoint\",\"urlTemplate\":\"https:\/\/www.geostru.eu\/es\/?s={search_term_string}\"},\"query-input\":{\"@type\":\"PropertyValueSpecification\",\"valueRequired\":true,\"valueName\":\"search_term_string\"}}],\"inLanguage\":\"es\"},{\"@type\":\"Organization\",\"@id\":\"https:\/\/www.geostru.eu\/es\/#organization\",\"name\":\"GeoStru\",\"url\":\"https:\/\/www.geostru.eu\/es\/\",\"logo\":{\"@type\":\"ImageObject\",\"inLanguage\":\"es\",\"@id\":\"https:\/\/www.geostru.eu\/es\/#\/schema\/logo\/image\/\",\"url\":\"https:\/\/www.geostru.eu\/wp-content\/uploads\/2023\/02\/LOGO_GEOSTRU_educational_banner.png\",\"contentUrl\":\"https:\/\/www.geostru.eu\/wp-content\/uploads\/2023\/02\/LOGO_GEOSTRU_educational_banner.png\",\"width\":363,\"height\":115,\"caption\":\"GeoStru\"},\"image\":{\"@id\":\"https:\/\/www.geostru.eu\/es\/#\/schema\/logo\/image\/\"},\"sameAs\":[\"https:\/\/www.facebook.com\/GeoStruSoftware\/\",\"https:\/\/x.com\/geostru\",\"https:\/\/www.linkedin.com\/company\/2462488\/admin\/\",\"https:\/\/www.instagram.com\/geostru\/\"]}]}<\/script>\n<!-- \/ Yoast SEO Premium plugin. -->","yoast_head_json":{"title":"Bienvenido - GeoStru","robots":{"index":"index","follow":"follow","max-snippet":"max-snippet:-1","max-image-preview":"max-image-preview:large","max-video-preview":"max-video-preview:-1"},"canonical":"https:\/\/www.geostru.eu\/es\/oferta-excepcional\/","og_locale":"es_ES","og_type":"article","og_title":"Bienvenido","og_description":"[vc_row][vc_column][vc_column_text] Bienvenido\u00a0 Est\u00e1s en esta p\u00e1gina porque tenemos convenios de ofertas especiales con colegios profesionales y con otros entes. En este caso nuestro acuerdo podr\u00eda garantizarte m\u00e1s del 50% de descuento.[\/vc_column_text][vc_column_text] Si has llegado a esta p\u00e1gina es porque buscas herramientas de c\u00e1lculo autom\u00e1tico que te ayuden a maximizar tu trabajo profesional. No te haremos&hellip;","og_url":"https:\/\/www.geostru.eu\/es\/oferta-excepcional\/","og_site_name":"GeoStru","article_publisher":"https:\/\/www.facebook.com\/GeoStruSoftware\/","article_modified_time":"2022-03-24T14:53:43+00:00","twitter_card":"summary_large_image","twitter_site":"@geostru","twitter_misc":{"Tiempo de lectura":"5 minutos"},"schema":{"@context":"https:\/\/schema.org","@graph":[{"@type":"WebPage","@id":"https:\/\/www.geostru.eu\/es\/oferta-excepcional\/","url":"https:\/\/www.geostru.eu\/es\/oferta-excepcional\/","name":"Bienvenido - GeoStru","isPartOf":{"@id":"https:\/\/www.geostru.eu\/es\/#website"},"datePublished":"2017-10-09T15:59:51+00:00","dateModified":"2022-03-24T14:53:43+00:00","breadcrumb":{"@id":"https:\/\/www.geostru.eu\/es\/oferta-excepcional\/#breadcrumb"},"inLanguage":"es","potentialAction":[{"@type":"ReadAction","target":["https:\/\/www.geostru.eu\/es\/oferta-excepcional\/"]}]},{"@type":"BreadcrumbList","@id":"https:\/\/www.geostru.eu\/es\/oferta-excepcional\/#breadcrumb","itemListElement":[{"@type":"ListItem","position":1,"name":"Home","item":"https:\/\/www.geostru.eu\/es\/"},{"@type":"ListItem","position":2,"name":"Bienvenido"}]},{"@type":"WebSite","@id":"https:\/\/www.geostru.eu\/es\/#website","url":"https:\/\/www.geostru.eu\/es\/","name":"GeoStru","description":"Professionals at your service","publisher":{"@id":"https:\/\/www.geostru.eu\/es\/#organization"},"potentialAction":[{"@type":"SearchAction","target":{"@type":"EntryPoint","urlTemplate":"https:\/\/www.geostru.eu\/es\/?s={search_term_string}"},"query-input":{"@type":"PropertyValueSpecification","valueRequired":true,"valueName":"search_term_string"}}],"inLanguage":"es"},{"@type":"Organization","@id":"https:\/\/www.geostru.eu\/es\/#organization","name":"GeoStru","url":"https:\/\/www.geostru.eu\/es\/","logo":{"@type":"ImageObject","inLanguage":"es","@id":"https:\/\/www.geostru.eu\/es\/#\/schema\/logo\/image\/","url":"https:\/\/www.geostru.eu\/wp-content\/uploads\/2023\/02\/LOGO_GEOSTRU_educational_banner.png","contentUrl":"https:\/\/www.geostru.eu\/wp-content\/uploads\/2023\/02\/LOGO_GEOSTRU_educational_banner.png","width":363,"height":115,"caption":"GeoStru"},"image":{"@id":"https:\/\/www.geostru.eu\/es\/#\/schema\/logo\/image\/"},"sameAs":["https:\/\/www.facebook.com\/GeoStruSoftware\/","https:\/\/x.com\/geostru","https:\/\/www.linkedin.com\/company\/2462488\/admin\/","https:\/\/www.instagram.com\/geostru\/"]}]}},"_links":{"self":[{"href":"https:\/\/www.geostru.eu\/es\/wp-json\/wp\/v2\/pages\/49481"}],"collection":[{"href":"https:\/\/www.geostru.eu\/es\/wp-json\/wp\/v2\/pages"}],"about":[{"href":"https:\/\/www.geostru.eu\/es\/wp-json\/wp\/v2\/types\/page"}],"author":[{"embeddable":true,"href":"https:\/\/www.geostru.eu\/es\/wp-json\/wp\/v2\/users\/216"}],"replies":[{"embeddable":true,"href":"https:\/\/www.geostru.eu\/es\/wp-json\/wp\/v2\/comments?post=49481"}],"version-history":[{"count":0,"href":"https:\/\/www.geostru.eu\/es\/wp-json\/wp\/v2\/pages\/49481\/revisions"}],"wp:attachment":[{"href":"https:\/\/www.geostru.eu\/es\/wp-json\/wp\/v2\/media?parent=49481"}],"curies":[{"name":"wp","href":"https:\/\/api.w.org\/{rel}","templated":true}]}}