{"id":27063,"date":"2017-01-16T16:55:11","date_gmt":"2017-01-16T14:55:11","guid":{"rendered":"https:\/\/www.geostru.eu\/es\/servizi-di-supporto-prevendita\/"},"modified":"2022-09-05T18:08:07","modified_gmt":"2022-09-05T16:08:07","slug":"asistencia-para-compras","status":"publish","type":"page","link":"https:\/\/www.geostru.eu\/es\/asistencia-para-compras\/","title":{"rendered":"Asistencia para compras"},"content":{"rendered":"<div class=\"wpb-content-wrapper\"><p>[vc_row full_width=\u00bbstretch_row_content_no_spaces\u00bb type=\u00bbww-header-wrapper\u00bb background_color=\u00bb#00427a\u00bb row_head_color=\u00bb#3087b4&#8243; row_text_color=\u00bb#ffffff\u00bb][vc_column][vc_single_image image=\u00bb14462&#8243; img_size=\u00bbfull\u00bb][vc_column_text]<\/p>\n<p style=\"text-align: center\"><span style=\"font-size: 14pt\"><strong>Nuestros software se encuentran entre los m\u00e1s completos y profesionales a nivel mundial.<\/strong><\/span><\/p>\n<p>[\/vc_column_text][\/vc_column][\/vc_row][vc_row][vc_column][vc_empty_space][\/vc_column][\/vc_row][vc_row][vc_column][vc_column_text]<\/p>\n<p style=\"text-align: justify\"><span style=\"font-size: 12pt\"><strong>INFORMACI\u00d3N GENERAL<\/strong><\/span><\/p>\n<p style=\"text-align: justify\">Ofrecemos un servicio completo y de gran calidad de asistencia en las compras. Para informaci\u00f3n gratuita en espa\u00f1ol sobre nuestros productos y servicio llamar al n\u00famero <strong>(+39) 06 90 28 90 85<\/strong>\u00a0(horario de nuestra sede en <strong>Italia<\/strong>) de las 9 AM a las 4 PM, de lunes a viernes, o bien escribirnos a info(at)geostru.eu.<\/p>\n<p style=\"text-align: justify\"><span style=\"font-size: 12pt\"><strong>SOLICITUD DE VERSIONES\u00a0TRIAL<\/strong><\/span><\/p>\n<p style=\"text-align: justify\">\u00bfDeseas probar alg\u00fan software pero no cuentas con tiempo para descargarlo, instalarlo y aprender a usarlo? \u00a1En ese caso te ofrecemos videos tutoriales para ilustrar las funciones! Dado que nuestros software est\u00e1n disponibles en varios idiomas, algunos videos est\u00e1n en ingl\u00e9s. Si no encuentras videos de alguna funci\u00f3n en particular, puedes solicitar un tutorial personalizado.<\/p>\n<p>[\/vc_column_text][\/vc_column][\/vc_row][vc_row type=\u00bbww-bottom-wrapper\u00bb][vc_column column_style=\u00bbww-border-radius-title\u00bb][vc_column_text]<\/p>\n<p style=\"text-align: justify\"><span style=\"font-size: 12pt\"><strong>TRIAL<\/strong><\/span><\/p>\n<p style=\"text-align: justify\">Llena el formulario para descubrir c\u00f3mo descargar la versi\u00f3n demostrativa, indicando el software de inter\u00e9s. Si nos das m\u00e1s informaci\u00f3n, te podremos decir si el software que indicas es el m\u00e1s adecuado para tus necesidades.<\/p>\n<p style=\"text-align: justify\"><span style=\"font-size: 12pt\"><strong>TUTORIALES GRATUITOS<\/strong><\/span><\/p>\n<p style=\"text-align: justify\"><span style=\"font-weight: 400\">Consulta nuestros pr\u00e1cticos videos tutoriales, constantemente actualizados, para descubrir todas las caracter\u00edsticas de nuestros software. <\/span><a href=\"https:\/\/www.youtube.com\/user\/geostru\"><span style=\"font-weight: 400\">Youtube video<\/span><\/a><\/p>\n<p style=\"text-align: justify\"><span style=\"font-size: 12pt\"><strong>MANUALES<\/strong><\/span><\/p>\n<p style=\"text-align: justify\"><span style=\"font-weight: 400\">Cuando necesites manuales o documentos t\u00e9cnicos sobre nuestros software escribe a: <\/span><a href=\"mailto:info.es@geostru.eu\"><span style=\"font-weight: 400\">info.es@geostru.eu<\/span><\/a><\/p>\n<p>[\/vc_column_text][\/vc_column][\/vc_row][vc_row][vc_column][vc_column_text]<\/p>\n<h3 style=\"text-align: center\"><span style=\"font-weight: 400\">LLENA EL SIGUIENTE FORMULARIO ESPECIFICANDO EL TIPO DE SOLICITUD<\/span><\/h3>\n<p>[\/vc_column_text]\n<div class=\"wpcf7 no-js\" id=\"wpcf7-f108056-o1\" lang=\"en-US\" dir=\"ltr\" data-wpcf7-id=\"108056\">\n<div class=\"screen-reader-response\"><p role=\"status\" aria-live=\"polite\" aria-atomic=\"true\"><\/p> <ul><\/ul><\/div>\n<form action=\"\/es\/wp-json\/wp\/v2\/pages\/27063#wpcf7-f108056-o1\" method=\"post\" class=\"wpcf7-form init\" aria-label=\"Contact form\" novalidate=\"novalidate\" data-status=\"init\">\n<div style=\"display: none;\">\n<input type=\"hidden\" name=\"_wpcf7\" value=\"108056\" \/>\n<input type=\"hidden\" name=\"_wpcf7_version\" value=\"6.0.4\" \/>\n<input type=\"hidden\" name=\"_wpcf7_locale\" value=\"en_US\" \/>\n<input type=\"hidden\" name=\"_wpcf7_unit_tag\" value=\"wpcf7-f108056-o1\" \/>\n<input type=\"hidden\" name=\"_wpcf7_container_post\" value=\"0\" \/>\n<input type=\"hidden\" name=\"_wpcf7_posted_data_hash\" value=\"\" \/>\n<\/div>\n<div class=\"row-fluid\">\n\t<div class=\"two\">\n\t\t<div class=\"column\">\n\t\t\t<dt>\n\t\t\t\t<p>Name<span class=\"star\"> *<\/span>\n\t\t\t\t<\/p>\n\t\t\t<\/dt>\n\t\t\t<dd>\n\t\t\t\t<p><span class=\"wpcf7-form-control-wrap\" data-name=\"your-name\"><input size=\"40\" maxlength=\"400\" class=\"wpcf7-form-control wpcf7-text wpcf7-validates-as-required\" aria-required=\"true\" aria-invalid=\"false\" value=\"\" type=\"text\" name=\"your-name\" \/><\/span>\n\t\t\t\t<\/p>\n\t\t\t<\/dd>\n\t\t<\/div>\n\t\t<div class=\"column\">\n\t\t\t<dt>\n\t\t\t\t<p>Email<span class=\"star\"> *<\/span>\n\t\t\t\t<\/p>\n\t\t\t<\/dt>\n\t\t\t<dd>\n\t\t\t\t<p><span class=\"wpcf7-form-control-wrap\" data-name=\"your-email\"><input size=\"40\" maxlength=\"400\" class=\"wpcf7-form-control wpcf7-email wpcf7-validates-as-required wpcf7-text wpcf7-validates-as-email\" aria-required=\"true\" aria-invalid=\"false\" value=\"\" type=\"email\" name=\"your-email\" \/><\/span>\n\t\t\t\t<\/p>\n\t\t\t<\/dd>\n\t\t<\/div>\n\t<\/div>\n\t<div class=\"two\">\n\t\t<div class=\"column\">\n\t\t\t<dt>\n\t\t\t\t<p>Telephone\n\t\t\t\t<\/p>\n\t\t\t<\/dt>\n\t\t\t<dd>\n\t\t\t\t<p><span class=\"wpcf7-form-control-wrap\" data-name=\"tel-91\"><input size=\"40\" maxlength=\"400\" class=\"wpcf7-form-control wpcf7-tel wpcf7-text wpcf7-validates-as-tel Telephone\" aria-invalid=\"false\" value=\"\" type=\"tel\" name=\"tel-91\" \/><\/span>\n\t\t\t\t<\/p>\n\t\t\t<\/dd>\n\t\t<\/div>\n\t\t<div class=\"column\">\n\t\t\t<dt>\n\t\t\t\t<p>Subject\n\t\t\t\t<\/p>\n\t\t\t<\/dt>\n\t\t\t<dd>\n\t\t\t\t<p><span class=\"wpcf7-form-control-wrap\" data-name=\"your-subject\"><input size=\"40\" maxlength=\"400\" class=\"wpcf7-form-control wpcf7-text\" aria-invalid=\"false\" value=\"\" type=\"text\" name=\"your-subject\" \/><\/span>\n\t\t\t\t<\/p>\n\t\t\t<\/dd>\n\t\t<\/div>\n\t<\/div>\n\t<div class=\"one\">\n\t\t<dt>\n\t\t\t<p>Contacted by\n\t\t\t<\/p>\n\t\t<\/dt>\n\t\t<dd>\n\t\t\t<p><span class=\"wpcf7-form-control-wrap\" data-name=\"radio-525\"><span class=\"wpcf7-form-control wpcf7-radio radio\"><span class=\"wpcf7-list-item first\"><label><input type=\"radio\" name=\"radio-525\" value=\"Email\" \/><span class=\"wpcf7-list-item-label\">Email<\/span><\/label><\/span><span class=\"wpcf7-list-item last\"><label><input type=\"radio\" name=\"radio-525\" value=\"Telephone\" \/><span class=\"wpcf7-list-item-label\">Telephone<\/span><\/label><\/span><\/span><\/span>\n\t\t\t<\/p>\n\t\t<\/dd>\n\t<\/div>\n\t<div class=\"one\">\n\t\t<dt>\n\t\t\t<p>Message\n\t\t\t<\/p>\n\t\t<\/dt>\n\t\t<dd>\n\t\t\t<p><span class=\"wpcf7-form-control-wrap\" data-name=\"your-message\"><textarea cols=\"40\" rows=\"10\" maxlength=\"2000\" class=\"wpcf7-form-control wpcf7-textarea\" aria-invalid=\"false\" name=\"your-message\"><\/textarea><\/span>\n\t\t\t<\/p>\n\t\t<\/dd>\n\t<\/div>\n\t<div class=\"one\">\n\t\t<p><span class=\"wpcf7-form-control-wrap\" data-name=\"quiz-933\"><label><span class=\"wpcf7-quiz-label\">10+11?<\/span> <input size=\"40\" class=\"wpcf7-form-control wpcf7-quiz\" autocomplete=\"off\" aria-required=\"true\" aria-invalid=\"false\" type=\"text\" name=\"quiz-933\" \/><\/label><input type=\"hidden\" name=\"_wpcf7_quiz_answer_quiz-933\" value=\"8d6af22a102f32ff18c415f5bc619123\" \/><\/span>\n\t\t<\/p>\n\t<\/div>\n\t<p><input class=\"wpcf7-form-control wpcf7-submit has-spinner ww-button large\" type=\"submit\" value=\"Send\" \/>\n\t<\/p>\n<\/div><p style=\"display: none !important;\" class=\"akismet-fields-container\" data-prefix=\"_wpcf7_ak_\"><label>&#916;<textarea name=\"_wpcf7_ak_hp_textarea\" cols=\"45\" rows=\"8\" maxlength=\"100\"><\/textarea><\/label><input type=\"hidden\" id=\"ak_js_1\" name=\"_wpcf7_ak_js\" value=\"126\"\/><script>document.getElementById( \"ak_js_1\" ).setAttribute( \"value\", ( new Date() ).getTime() );<\/script><\/p><div class=\"wpcf7-response-output\" aria-hidden=\"true\"><\/div>\n<\/form>\n<\/div>\n[\/vc_column][\/vc_row]<\/p>\n<\/div>","protected":false},"excerpt":{"rendered":"<p>[vc_row full_width=\u00bbstretch_row_content_no_spaces\u00bb type=\u00bbww-header-wrapper\u00bb background_color=\u00bb#00427a\u00bb row_head_color=\u00bb#3087b4&#8243; row_text_color=\u00bb#ffffff\u00bb][vc_column][vc_single_image image=\u00bb14462&#8243; img_size=\u00bbfull\u00bb][vc_column_text] Nuestros software se encuentran entre los m\u00e1s completos y profesionales a nivel mundial. [\/vc_column_text][\/vc_column][\/vc_row][vc_row][vc_column][vc_empty_space][\/vc_column][\/vc_row][vc_row][vc_column][vc_column_text] INFORMACI\u00d3N GENERAL Ofrecemos un servicio completo y de gran calidad de asistencia en las compras. Para informaci\u00f3n gratuita en espa\u00f1ol sobre nuestros productos y servicio llamar al n\u00famero (+39) 06 90 28 90&hellip;<\/p>\n","protected":false},"author":216,"featured_media":0,"parent":0,"menu_order":0,"comment_status":"closed","ping_status":"closed","template":"","meta":{"footnotes":""},"class_list":["post-27063","page","type-page","status-publish","hentry","description-off"],"yoast_head":"<!-- This site is optimized with the Yoast SEO Premium plugin v25.0 (Yoast SEO v25.0) - https:\/\/yoast.com\/wordpress\/plugins\/seo\/ -->\n<title>Asistencia para compras - GeoStru<\/title>\n<meta name=\"robots\" content=\"index, follow, max-snippet:-1, max-image-preview:large, max-video-preview:-1\" \/>\n<link rel=\"canonical\" href=\"https:\/\/www.geostru.eu\/es\/asistencia-para-compras\/\" \/>\n<meta property=\"og:locale\" content=\"es_ES\" \/>\n<meta property=\"og:type\" content=\"article\" \/>\n<meta property=\"og:title\" content=\"Asistencia para compras\" \/>\n<meta property=\"og:description\" content=\"[vc_row full_width=\u00bbstretch_row_content_no_spaces\u00bb type=\u00bbww-header-wrapper\u00bb background_color=\u00bb#00427a\u00bb row_head_color=\u00bb#3087b4&#8243; row_text_color=\u00bb#ffffff\u00bb][vc_column][vc_single_image image=\u00bb14462&#8243; img_size=\u00bbfull\u00bb][vc_column_text] Nuestros software se encuentran entre los m\u00e1s completos y profesionales a nivel mundial. [\/vc_column_text][\/vc_column][\/vc_row][vc_row][vc_column][vc_empty_space][\/vc_column][\/vc_row][vc_row][vc_column][vc_column_text] INFORMACI\u00d3N GENERAL Ofrecemos un servicio completo y de gran calidad de asistencia en las compras. Para informaci\u00f3n gratuita en espa\u00f1ol sobre nuestros productos y servicio llamar al n\u00famero (+39) 06 90 28 90&hellip;\" \/>\n<meta property=\"og:url\" content=\"https:\/\/www.geostru.eu\/es\/asistencia-para-compras\/\" \/>\n<meta property=\"og:site_name\" content=\"GeoStru\" \/>\n<meta property=\"article:publisher\" content=\"https:\/\/www.facebook.com\/GeoStruSoftware\/\" \/>\n<meta property=\"article:modified_time\" content=\"2022-09-05T16:08:07+00:00\" \/>\n<meta name=\"twitter:card\" content=\"summary_large_image\" \/>\n<meta name=\"twitter:site\" content=\"@geostru\" \/>\n<meta name=\"twitter:label1\" content=\"Tiempo de lectura\" \/>\n\t<meta name=\"twitter:data1\" content=\"2 minutos\" \/>\n<script type=\"application\/ld+json\" class=\"yoast-schema-graph\">{\"@context\":\"https:\/\/schema.org\",\"@graph\":[{\"@type\":\"WebPage\",\"@id\":\"https:\/\/www.geostru.eu\/es\/asistencia-para-compras\/\",\"url\":\"https:\/\/www.geostru.eu\/es\/asistencia-para-compras\/\",\"name\":\"Asistencia para compras - GeoStru\",\"isPartOf\":{\"@id\":\"https:\/\/www.geostru.eu\/es\/#website\"},\"datePublished\":\"2017-01-16T14:55:11+00:00\",\"dateModified\":\"2022-09-05T16:08:07+00:00\",\"breadcrumb\":{\"@id\":\"https:\/\/www.geostru.eu\/es\/asistencia-para-compras\/#breadcrumb\"},\"inLanguage\":\"es\",\"potentialAction\":[{\"@type\":\"ReadAction\",\"target\":[\"https:\/\/www.geostru.eu\/es\/asistencia-para-compras\/\"]}]},{\"@type\":\"BreadcrumbList\",\"@id\":\"https:\/\/www.geostru.eu\/es\/asistencia-para-compras\/#breadcrumb\",\"itemListElement\":[{\"@type\":\"ListItem\",\"position\":1,\"name\":\"Home\",\"item\":\"https:\/\/www.geostru.eu\/es\/\"},{\"@type\":\"ListItem\",\"position\":2,\"name\":\"Asistencia para compras\"}]},{\"@type\":\"WebSite\",\"@id\":\"https:\/\/www.geostru.eu\/es\/#website\",\"url\":\"https:\/\/www.geostru.eu\/es\/\",\"name\":\"GeoStru\",\"description\":\"Professionals at your service\",\"publisher\":{\"@id\":\"https:\/\/www.geostru.eu\/es\/#organization\"},\"potentialAction\":[{\"@type\":\"SearchAction\",\"target\":{\"@type\":\"EntryPoint\",\"urlTemplate\":\"https:\/\/www.geostru.eu\/es\/?s={search_term_string}\"},\"query-input\":{\"@type\":\"PropertyValueSpecification\",\"valueRequired\":true,\"valueName\":\"search_term_string\"}}],\"inLanguage\":\"es\"},{\"@type\":\"Organization\",\"@id\":\"https:\/\/www.geostru.eu\/es\/#organization\",\"name\":\"GeoStru\",\"url\":\"https:\/\/www.geostru.eu\/es\/\",\"logo\":{\"@type\":\"ImageObject\",\"inLanguage\":\"es\",\"@id\":\"https:\/\/www.geostru.eu\/es\/#\/schema\/logo\/image\/\",\"url\":\"https:\/\/www.geostru.eu\/wp-content\/uploads\/2023\/02\/LOGO_GEOSTRU_educational_banner.png\",\"contentUrl\":\"https:\/\/www.geostru.eu\/wp-content\/uploads\/2023\/02\/LOGO_GEOSTRU_educational_banner.png\",\"width\":363,\"height\":115,\"caption\":\"GeoStru\"},\"image\":{\"@id\":\"https:\/\/www.geostru.eu\/es\/#\/schema\/logo\/image\/\"},\"sameAs\":[\"https:\/\/www.facebook.com\/GeoStruSoftware\/\",\"https:\/\/x.com\/geostru\",\"https:\/\/www.linkedin.com\/company\/2462488\/admin\/\",\"https:\/\/www.instagram.com\/geostru\/\"]}]}<\/script>\n<!-- \/ Yoast SEO Premium plugin. -->","yoast_head_json":{"title":"Asistencia para compras - GeoStru","robots":{"index":"index","follow":"follow","max-snippet":"max-snippet:-1","max-image-preview":"max-image-preview:large","max-video-preview":"max-video-preview:-1"},"canonical":"https:\/\/www.geostru.eu\/es\/asistencia-para-compras\/","og_locale":"es_ES","og_type":"article","og_title":"Asistencia para compras","og_description":"[vc_row full_width=\u00bbstretch_row_content_no_spaces\u00bb type=\u00bbww-header-wrapper\u00bb background_color=\u00bb#00427a\u00bb row_head_color=\u00bb#3087b4&#8243; row_text_color=\u00bb#ffffff\u00bb][vc_column][vc_single_image image=\u00bb14462&#8243; img_size=\u00bbfull\u00bb][vc_column_text] Nuestros software se encuentran entre los m\u00e1s completos y profesionales a nivel mundial. [\/vc_column_text][\/vc_column][\/vc_row][vc_row][vc_column][vc_empty_space][\/vc_column][\/vc_row][vc_row][vc_column][vc_column_text] INFORMACI\u00d3N GENERAL Ofrecemos un servicio completo y de gran calidad de asistencia en las compras. Para informaci\u00f3n gratuita en espa\u00f1ol sobre nuestros productos y servicio llamar al n\u00famero (+39) 06 90 28 90&hellip;","og_url":"https:\/\/www.geostru.eu\/es\/asistencia-para-compras\/","og_site_name":"GeoStru","article_publisher":"https:\/\/www.facebook.com\/GeoStruSoftware\/","article_modified_time":"2022-09-05T16:08:07+00:00","twitter_card":"summary_large_image","twitter_site":"@geostru","twitter_misc":{"Tiempo de lectura":"2 minutos"},"schema":{"@context":"https:\/\/schema.org","@graph":[{"@type":"WebPage","@id":"https:\/\/www.geostru.eu\/es\/asistencia-para-compras\/","url":"https:\/\/www.geostru.eu\/es\/asistencia-para-compras\/","name":"Asistencia para compras - GeoStru","isPartOf":{"@id":"https:\/\/www.geostru.eu\/es\/#website"},"datePublished":"2017-01-16T14:55:11+00:00","dateModified":"2022-09-05T16:08:07+00:00","breadcrumb":{"@id":"https:\/\/www.geostru.eu\/es\/asistencia-para-compras\/#breadcrumb"},"inLanguage":"es","potentialAction":[{"@type":"ReadAction","target":["https:\/\/www.geostru.eu\/es\/asistencia-para-compras\/"]}]},{"@type":"BreadcrumbList","@id":"https:\/\/www.geostru.eu\/es\/asistencia-para-compras\/#breadcrumb","itemListElement":[{"@type":"ListItem","position":1,"name":"Home","item":"https:\/\/www.geostru.eu\/es\/"},{"@type":"ListItem","position":2,"name":"Asistencia para compras"}]},{"@type":"WebSite","@id":"https:\/\/www.geostru.eu\/es\/#website","url":"https:\/\/www.geostru.eu\/es\/","name":"GeoStru","description":"Professionals at your service","publisher":{"@id":"https:\/\/www.geostru.eu\/es\/#organization"},"potentialAction":[{"@type":"SearchAction","target":{"@type":"EntryPoint","urlTemplate":"https:\/\/www.geostru.eu\/es\/?s={search_term_string}"},"query-input":{"@type":"PropertyValueSpecification","valueRequired":true,"valueName":"search_term_string"}}],"inLanguage":"es"},{"@type":"Organization","@id":"https:\/\/www.geostru.eu\/es\/#organization","name":"GeoStru","url":"https:\/\/www.geostru.eu\/es\/","logo":{"@type":"ImageObject","inLanguage":"es","@id":"https:\/\/www.geostru.eu\/es\/#\/schema\/logo\/image\/","url":"https:\/\/www.geostru.eu\/wp-content\/uploads\/2023\/02\/LOGO_GEOSTRU_educational_banner.png","contentUrl":"https:\/\/www.geostru.eu\/wp-content\/uploads\/2023\/02\/LOGO_GEOSTRU_educational_banner.png","width":363,"height":115,"caption":"GeoStru"},"image":{"@id":"https:\/\/www.geostru.eu\/es\/#\/schema\/logo\/image\/"},"sameAs":["https:\/\/www.facebook.com\/GeoStruSoftware\/","https:\/\/x.com\/geostru","https:\/\/www.linkedin.com\/company\/2462488\/admin\/","https:\/\/www.instagram.com\/geostru\/"]}]}},"_links":{"self":[{"href":"https:\/\/www.geostru.eu\/es\/wp-json\/wp\/v2\/pages\/27063"}],"collection":[{"href":"https:\/\/www.geostru.eu\/es\/wp-json\/wp\/v2\/pages"}],"about":[{"href":"https:\/\/www.geostru.eu\/es\/wp-json\/wp\/v2\/types\/page"}],"author":[{"embeddable":true,"href":"https:\/\/www.geostru.eu\/es\/wp-json\/wp\/v2\/users\/216"}],"replies":[{"embeddable":true,"href":"https:\/\/www.geostru.eu\/es\/wp-json\/wp\/v2\/comments?post=27063"}],"version-history":[{"count":1,"href":"https:\/\/www.geostru.eu\/es\/wp-json\/wp\/v2\/pages\/27063\/revisions"}],"predecessor-version":[{"id":136595,"href":"https:\/\/www.geostru.eu\/es\/wp-json\/wp\/v2\/pages\/27063\/revisions\/136595"}],"wp:attachment":[{"href":"https:\/\/www.geostru.eu\/es\/wp-json\/wp\/v2\/media?parent=27063"}],"curies":[{"name":"wp","href":"https:\/\/api.w.org\/{rel}","templated":true}]}}