{"id":16711,"date":"2015-10-26T07:02:32","date_gmt":"2015-10-26T07:02:32","guid":{"rendered":"https:\/\/www.geostru.eu\/terms-and-conditions\/?lang=es"},"modified":"2025-07-29T10:52:05","modified_gmt":"2025-07-29T08:52:05","slug":"terms-and-conditions","status":"publish","type":"page","link":"https:\/\/www.geostru.eu\/es\/terms-and-conditions\/","title":{"rendered":"T\u00e9rminos y condiciones"},"content":{"rendered":"<div class=\"wpb-content-wrapper\"><p>[vc_row][vc_column][vc_column_text]<strong>PREMISE<\/strong><\/p>\r\n<p style=\"text-align: justify\">This information is intended for all those who visit and interact with the website and <a href=\"https:\/\/www.geostru.eu\/es\/\">www.geostru.eu<\/a> seeking access to the services provided through the Site, including the service of selling products via web (\u00abe-commerce\u00bb).<\/p>\r\n<p style=\"text-align: justify\">The site is owned by <strong>EngSoft S.R.L.<\/strong> headquartered in <em>Cluj-Napoca, Romania &#8211; EU VAT RO30277934<\/em> that, in accordance with its statutory objectives, has created the technological platform of the site and identified the technical procedures for organizing the e-commerce service.<\/p>\r\n<p style=\"text-align: justify\">The e-commerce service is provided by <strong>EngSoft S.R.L.<\/strong>, which processes the purchase orders through its platform in accordance with the technical and organizational procedures.<\/p>\r\n<p style=\"text-align: justify\">To facilitate the online process, when filling the order form the user will see the personal information that has previously entered in the registration form and is required to complete the process of service delivery (eg. name, surname, address), without re-enter the data into the corresponding fields of the order form.<\/p>\r\n<p style=\"text-align: justify\">The user allows <strong>EngSof S.R.L.<\/strong> the collection of data (which EngSoft will treat in compliance with the Privacy Code according to the customer&#8217;s country) and email address, necessary to the process of service delivery, data that will be given to <strong>EngSoft S.R.L.<\/strong> only through the selection of the button that enables the transmission of the purchase order and not before.<\/p>\r\n<p><strong>WITHDRAWAL<\/strong><br \/>Sales include a MONEY BACK GUARANTEE, with items returned within 14 days of receipt (or of download of software from our servers, if the delivery is electronic). The right to return items such as software protection is valid until the registration codes are delivered.<\/p>\r\n<p>To return an item, please write to us (via registered letter addressed to our office) or send us a fax.<\/p>\r\n<p><strong>DELIVERY CONDITIONS<\/strong><br \/>The delivery is electronic consists in the download of the item from our user area and is free of additional charges. It allows you to activate the software via the web and be up and running in a few hours.<\/p>\r\n<p><strong>PRICES<\/strong><br \/>Product prices include the instructions manual (provided in pdf format) and do not include VAT, which is added in compliance with international laws.<\/p>\r\n<p><strong>PAYMENT CONDITIONS<\/strong><br \/>The following payment conditions are available. Some may require an additional fee shown with the postage and packing fees.<\/p>\r\n<p>Bank transfer<br \/>Credit card carte di credito<br \/>PayPal<\/p>\r\n<p><strong>UPDATES<\/strong><br \/>Free updates are available for the first year. After that, the price depends on the number of programmes owned and is calculated as a percentage of the current list price.<br \/>Customers are automatically sent a reminder about the subscription expiry from about one month before the expiry date. Reminders are sent weekly.<br \/>Customers can place the order following the link in the e-mail they have received or accessing their reserved area in the website.<\/p>\r\n<p><strong>HOW TO ORDER<\/strong><br \/>Orders can be placed online (after registering with our website) or over the telephone, speaking to our operators.<\/p>\r\n<p><strong>PROTECTION AND ACTIVATION OF THE SOFTWARE<\/strong><br \/>The activation procedure is automatic if the computer is connected to the Internet.<\/p>\r\n<p><strong>RESCISI\u00d3N<\/strong><br \/>Las ventas se realizan con la f\u00f3rmula SATISFECHOS O REEMBOLSADOS, con derecho de rescisi\u00f3n dentro de 7 d\u00edas desde la fecha de recibimiento del producto o, en caso de entrega electr\u00f3nica, desde la fecha de descarga del software desde nuestros servidores. Para las protecciones software el derecho de rescisi\u00f3n puede ejercerse hasta que no se haya procedido a la entrega de los c\u00f3digos de registro.<br \/>Es posible ejercer este derecho con pedido escrito, con carta certificada o fax, que tiene que enviarse a nuestra oficina.<\/p>\r\n<p><strong>MODALIDADES DE ENTREGA<\/strong><br \/>La entrega electr\u00f3nica se realiza a trav\u00e9s de la descarga desde nuestra \u00e1rea de usuarios, no comporta ning\u00fan gasto adicional y permite ser operativos dentro de pocas horas, activando el software v\u00eda web. La entrega electr\u00f3nica se realiza a trav\u00e9s de la descarga desde nuestra \u00e1rea de usuarios, no comporta ning\u00fan gasto adicional y permite ser operativos dentro de pocas horas, activando el software v\u00eda web.<\/p>\r\n<p><strong>PRECIOS<\/strong><br \/>El precio de los productos incluye el manual, distribuido en formato electr\u00f3nico PDF, y debe considerarse al neto de IVA, calculado como previsto en las normativas internacionales.<\/p>\r\n<p><strong>MODALIDAD DE PAGO<\/strong><br \/>Est\u00e1n disponibles las siguientes modalidades de pago. Para algunas es posible que se pida el recargo indicado sobre los gastos de env\u00edo.<\/p>\r\n<p>Transferencia bancaria<br \/>Tarjeta de cr\u00e9dito<br \/>Paypal<\/p>\r\n<p><strong>ACTUALIZACIONES<\/strong><br \/>\u00abSon gratuitas dentro de 1 a\u00f1o desde la fecha de adquisici\u00f3n; sucesivamente el coste depende del n\u00famero de programas pose\u00eddos y se calcula como porcentaje del coste de la primera licencia. \u00ab<br \/>El aviso del vencimiento de la subscripci\u00f3n se env\u00eda autom\u00e1ticamente al cliente aproximadamente un mes antes del vencimiento y se repite a intervalos semanales.<br \/>El cliente puede efectuar el pedido de actualizaci\u00f3n siguiendo el enlace presente en el e-mail recibido o bien accediendo a su \u00e1rea reservada en la p\u00e1gina web.<\/p>\r\n<p><strong>MODALIDAD DE PEDIDO<\/strong><br \/>El pedido puede realizarse en l\u00ednea, previo registro en nuestra p\u00e1gina web, o bien telef\u00f3nicamente a trav\u00e9s de nuestros operadores.<\/p>\r\n<p><strong>PROTECCI\u00d3N Y ACTIVACI\u00d3N DEL SOFTWARE<\/strong><br \/>El procedimiento de activaci\u00f3n se realiza autom\u00e1ticamente, en caso de pc conectado a Internet.<\/p>\r\n<p>[\/vc_column_text][\/vc_column][\/vc_row]<\/p><\/div>","protected":false},"excerpt":{"rendered":"<p>[vc_row][vc_column][vc_column_text]PREMISE This information is intended for all those who visit and interact with the website and www.geostru.eu seeking access to the services provided through the Site, including the service of selling products via web (\u00abe-commerce\u00bb). The site is owned by EngSoft S.R.L. headquartered in Cluj-Napoca, Romania &#8211; EU VAT RO30277934 that, in accordance with its&hellip;<\/p>\n","protected":false},"author":216,"featured_media":0,"parent":0,"menu_order":0,"comment_status":"closed","ping_status":"closed","template":"","meta":{"footnotes":""},"class_list":["post-16711","page","type-page","status-publish","hentry","description-off"],"yoast_head":"<!-- This site is optimized with the Yoast SEO Premium plugin v25.0 (Yoast SEO v25.0) - https:\/\/yoast.com\/wordpress\/plugins\/seo\/ -->\n<title>T\u00e9rminos y condiciones - GeoStru<\/title>\n<meta name=\"robots\" content=\"index, follow, max-snippet:-1, max-image-preview:large, max-video-preview:-1\" \/>\n<link rel=\"canonical\" href=\"https:\/\/www.geostru.eu\/es\/terms-and-conditions\/\" \/>\n<meta property=\"og:locale\" content=\"es_ES\" \/>\n<meta property=\"og:type\" content=\"article\" \/>\n<meta property=\"og:title\" content=\"T\u00e9rminos y condiciones\" \/>\n<meta property=\"og:description\" content=\"[vc_row][vc_column][vc_column_text]PREMISE This information is intended for all those who visit and interact with the website and www.geostru.eu seeking access to the services provided through the Site, including the service of selling products via web (\u00abe-commerce\u00bb). The site is owned by EngSoft S.R.L. headquartered in Cluj-Napoca, Romania &#8211; EU VAT RO30277934 that, in accordance with its&hellip;\" \/>\n<meta property=\"og:url\" content=\"https:\/\/www.geostru.eu\/es\/terms-and-conditions\/\" \/>\n<meta property=\"og:site_name\" content=\"GeoStru\" \/>\n<meta property=\"article:publisher\" content=\"https:\/\/www.facebook.com\/GeoStruSoftware\/\" \/>\n<meta property=\"article:modified_time\" content=\"2025-07-29T08:52:05+00:00\" \/>\n<meta name=\"twitter:card\" content=\"summary_large_image\" \/>\n<meta name=\"twitter:site\" content=\"@geostru\" \/>\n<meta name=\"twitter:label1\" content=\"Tiempo de lectura\" \/>\n\t<meta name=\"twitter:data1\" content=\"4 minutos\" \/>\n<script type=\"application\/ld+json\" class=\"yoast-schema-graph\">{\"@context\":\"https:\/\/schema.org\",\"@graph\":[{\"@type\":\"WebPage\",\"@id\":\"https:\/\/www.geostru.eu\/es\/terms-and-conditions\/\",\"url\":\"https:\/\/www.geostru.eu\/es\/terms-and-conditions\/\",\"name\":\"T\u00e9rminos y condiciones - GeoStru\",\"isPartOf\":{\"@id\":\"https:\/\/www.geostru.eu\/es\/#website\"},\"datePublished\":\"2015-10-26T07:02:32+00:00\",\"dateModified\":\"2025-07-29T08:52:05+00:00\",\"breadcrumb\":{\"@id\":\"https:\/\/www.geostru.eu\/es\/terms-and-conditions\/#breadcrumb\"},\"inLanguage\":\"es\",\"potentialAction\":[{\"@type\":\"ReadAction\",\"target\":[\"https:\/\/www.geostru.eu\/es\/terms-and-conditions\/\"]}]},{\"@type\":\"BreadcrumbList\",\"@id\":\"https:\/\/www.geostru.eu\/es\/terms-and-conditions\/#breadcrumb\",\"itemListElement\":[{\"@type\":\"ListItem\",\"position\":1,\"name\":\"Home\",\"item\":\"https:\/\/www.geostru.eu\/es\/\"},{\"@type\":\"ListItem\",\"position\":2,\"name\":\"T\u00e9rminos y condiciones\"}]},{\"@type\":\"WebSite\",\"@id\":\"https:\/\/www.geostru.eu\/es\/#website\",\"url\":\"https:\/\/www.geostru.eu\/es\/\",\"name\":\"GeoStru\",\"description\":\"Professionals at your service\",\"publisher\":{\"@id\":\"https:\/\/www.geostru.eu\/es\/#organization\"},\"potentialAction\":[{\"@type\":\"SearchAction\",\"target\":{\"@type\":\"EntryPoint\",\"urlTemplate\":\"https:\/\/www.geostru.eu\/es\/?s={search_term_string}\"},\"query-input\":{\"@type\":\"PropertyValueSpecification\",\"valueRequired\":true,\"valueName\":\"search_term_string\"}}],\"inLanguage\":\"es\"},{\"@type\":\"Organization\",\"@id\":\"https:\/\/www.geostru.eu\/es\/#organization\",\"name\":\"GeoStru\",\"url\":\"https:\/\/www.geostru.eu\/es\/\",\"logo\":{\"@type\":\"ImageObject\",\"inLanguage\":\"es\",\"@id\":\"https:\/\/www.geostru.eu\/es\/#\/schema\/logo\/image\/\",\"url\":\"https:\/\/www.geostru.eu\/wp-content\/uploads\/2023\/02\/LOGO_GEOSTRU_educational_banner.png\",\"contentUrl\":\"https:\/\/www.geostru.eu\/wp-content\/uploads\/2023\/02\/LOGO_GEOSTRU_educational_banner.png\",\"width\":363,\"height\":115,\"caption\":\"GeoStru\"},\"image\":{\"@id\":\"https:\/\/www.geostru.eu\/es\/#\/schema\/logo\/image\/\"},\"sameAs\":[\"https:\/\/www.facebook.com\/GeoStruSoftware\/\",\"https:\/\/x.com\/geostru\",\"https:\/\/www.linkedin.com\/company\/2462488\/admin\/\",\"https:\/\/www.instagram.com\/geostru\/\"]}]}<\/script>\n<!-- \/ Yoast SEO Premium plugin. -->","yoast_head_json":{"title":"T\u00e9rminos y condiciones - GeoStru","robots":{"index":"index","follow":"follow","max-snippet":"max-snippet:-1","max-image-preview":"max-image-preview:large","max-video-preview":"max-video-preview:-1"},"canonical":"https:\/\/www.geostru.eu\/es\/terms-and-conditions\/","og_locale":"es_ES","og_type":"article","og_title":"T\u00e9rminos y condiciones","og_description":"[vc_row][vc_column][vc_column_text]PREMISE This information is intended for all those who visit and interact with the website and www.geostru.eu seeking access to the services provided through the Site, including the service of selling products via web (\u00abe-commerce\u00bb). The site is owned by EngSoft S.R.L. headquartered in Cluj-Napoca, Romania &#8211; EU VAT RO30277934 that, in accordance with its&hellip;","og_url":"https:\/\/www.geostru.eu\/es\/terms-and-conditions\/","og_site_name":"GeoStru","article_publisher":"https:\/\/www.facebook.com\/GeoStruSoftware\/","article_modified_time":"2025-07-29T08:52:05+00:00","twitter_card":"summary_large_image","twitter_site":"@geostru","twitter_misc":{"Tiempo de lectura":"4 minutos"},"schema":{"@context":"https:\/\/schema.org","@graph":[{"@type":"WebPage","@id":"https:\/\/www.geostru.eu\/es\/terms-and-conditions\/","url":"https:\/\/www.geostru.eu\/es\/terms-and-conditions\/","name":"T\u00e9rminos y condiciones - GeoStru","isPartOf":{"@id":"https:\/\/www.geostru.eu\/es\/#website"},"datePublished":"2015-10-26T07:02:32+00:00","dateModified":"2025-07-29T08:52:05+00:00","breadcrumb":{"@id":"https:\/\/www.geostru.eu\/es\/terms-and-conditions\/#breadcrumb"},"inLanguage":"es","potentialAction":[{"@type":"ReadAction","target":["https:\/\/www.geostru.eu\/es\/terms-and-conditions\/"]}]},{"@type":"BreadcrumbList","@id":"https:\/\/www.geostru.eu\/es\/terms-and-conditions\/#breadcrumb","itemListElement":[{"@type":"ListItem","position":1,"name":"Home","item":"https:\/\/www.geostru.eu\/es\/"},{"@type":"ListItem","position":2,"name":"T\u00e9rminos y condiciones"}]},{"@type":"WebSite","@id":"https:\/\/www.geostru.eu\/es\/#website","url":"https:\/\/www.geostru.eu\/es\/","name":"GeoStru","description":"Professionals at your service","publisher":{"@id":"https:\/\/www.geostru.eu\/es\/#organization"},"potentialAction":[{"@type":"SearchAction","target":{"@type":"EntryPoint","urlTemplate":"https:\/\/www.geostru.eu\/es\/?s={search_term_string}"},"query-input":{"@type":"PropertyValueSpecification","valueRequired":true,"valueName":"search_term_string"}}],"inLanguage":"es"},{"@type":"Organization","@id":"https:\/\/www.geostru.eu\/es\/#organization","name":"GeoStru","url":"https:\/\/www.geostru.eu\/es\/","logo":{"@type":"ImageObject","inLanguage":"es","@id":"https:\/\/www.geostru.eu\/es\/#\/schema\/logo\/image\/","url":"https:\/\/www.geostru.eu\/wp-content\/uploads\/2023\/02\/LOGO_GEOSTRU_educational_banner.png","contentUrl":"https:\/\/www.geostru.eu\/wp-content\/uploads\/2023\/02\/LOGO_GEOSTRU_educational_banner.png","width":363,"height":115,"caption":"GeoStru"},"image":{"@id":"https:\/\/www.geostru.eu\/es\/#\/schema\/logo\/image\/"},"sameAs":["https:\/\/www.facebook.com\/GeoStruSoftware\/","https:\/\/x.com\/geostru","https:\/\/www.linkedin.com\/company\/2462488\/admin\/","https:\/\/www.instagram.com\/geostru\/"]}]}},"_links":{"self":[{"href":"https:\/\/www.geostru.eu\/es\/wp-json\/wp\/v2\/pages\/16711"}],"collection":[{"href":"https:\/\/www.geostru.eu\/es\/wp-json\/wp\/v2\/pages"}],"about":[{"href":"https:\/\/www.geostru.eu\/es\/wp-json\/wp\/v2\/types\/page"}],"author":[{"embeddable":true,"href":"https:\/\/www.geostru.eu\/es\/wp-json\/wp\/v2\/users\/216"}],"replies":[{"embeddable":true,"href":"https:\/\/www.geostru.eu\/es\/wp-json\/wp\/v2\/comments?post=16711"}],"version-history":[{"count":2,"href":"https:\/\/www.geostru.eu\/es\/wp-json\/wp\/v2\/pages\/16711\/revisions"}],"predecessor-version":[{"id":160137,"href":"https:\/\/www.geostru.eu\/es\/wp-json\/wp\/v2\/pages\/16711\/revisions\/160137"}],"wp:attachment":[{"href":"https:\/\/www.geostru.eu\/es\/wp-json\/wp\/v2\/media?parent=16711"}],"curies":[{"name":"wp","href":"https:\/\/api.w.org\/{rel}","templated":true}]}}