{"id":15714,"date":"2015-09-22T17:11:47","date_gmt":"2015-09-22T17:11:47","guid":{"rendered":"https:\/\/www.geostru.eu\/?page_id=15714"},"modified":"2017-05-30T11:15:58","modified_gmt":"2017-05-30T09:15:58","slug":"promociones-exclusivas","status":"publish","type":"page","link":"https:\/\/www.geostru.eu\/es\/promociones-exclusivas\/","title":{"rendered":"Promociones exclusivas"},"content":{"rendered":"<div class=\"wpb-content-wrapper\"><p>[vc_row][vc_column][rev_slider_vc alias=\u00bbslider24&#8243;][\/vc_column][\/vc_row][vc_row full_width=\u00bbtrue\u00bb type=\u00bbww-top-wrapper\u00bb el_class=\u00bbbg-color\u00bb][vc_column][vc_column_text]<\/p>\n<h2 style=\"text-align: center;\">Ofrecemos promociones permanentemente, \u00a1mantente en contacto!<\/h2>\n<p>[\/vc_column_text][\/vc_column][\/vc_row][vc_row][vc_column][vc_empty_space height=\u00bb20px\u00bb][\/vc_column][\/vc_row][vc_row][vc_column][vc_separator el_width=\u00bb70&#8243;][\/vc_column][\/vc_row][vc_row][vc_column][vc_empty_space height=\u00bb20px\u00bb][\/vc_column][\/vc_row][vc_row][vc_column width=\u00bb1\/3&#8243;][vc_column_text]<\/p>\n<p style=\"text-align: justify;\">La calidad est\u00e1 asegurada por m\u00e1s de 30.000 instalaciones en todo el mundo. La colaboraci\u00f3n con universidades t\u00e9cnicas internacionales coloca nuestros productos entre los m\u00e1s avanzados a nivel mundial.<\/p>\n<p style=\"text-align: justify;\">La mejor relaci\u00f3n calidad-precio del mercado, junto a los servicios ofrecidos, hacen de GeoStru una de las compa\u00f1\u00edas m\u00e1s importante a nivel internacional.<\/p>\n<p>[\/vc_column_text][\/vc_column][vc_column width=\u00bb1\/3&#8243;][vc_single_image image=\u00bb21001&#8243; img_size=\u00bb254&#215;200&#8243; alignment=\u00bbcenter\u00bb][\/vc_column][vc_column width=\u00bb1\/3&#8243;][vc_column_text]<strong><a href=\"https:\/\/www.geostru.eu\/wp-content\/uploads\/revslider\/sliderpreview\/apple.png\"><img loading=\"lazy\" decoding=\"async\" class=\" alignnone wp-image-11842\" src=\"https:\/\/www.geostru.eu\/wp-content\/uploads\/revslider\/sliderpreview\/apple.png\" alt=\"\" width=\"9\" height=\"9\" \/><\/a>\u00a0<\/strong>Reci\u00e9n graduados <strong>-40%<br \/>\n<\/strong><strong><a href=\"https:\/\/www.geostru.eu\/wp-content\/uploads\/revslider\/sliderpreview\/apple.png\"><img loading=\"lazy\" decoding=\"async\" class=\" alignnone wp-image-11842\" src=\"https:\/\/www.geostru.eu\/wp-content\/uploads\/revslider\/sliderpreview\/apple.png\" alt=\"\" width=\"9\" height=\"9\" \/><\/a>\u00a0<\/strong>Escuelas e institutos de investigaci\u00f3n<strong> <strong>-50%<br \/>\n<\/strong><\/strong><strong><a href=\"https:\/\/www.geostru.eu\/wp-content\/uploads\/revslider\/sliderpreview\/apple.png\"><img loading=\"lazy\" decoding=\"async\" class=\" alignnone wp-image-11842\" src=\"https:\/\/www.geostru.eu\/wp-content\/uploads\/revslider\/sliderpreview\/apple.png\" alt=\"\" width=\"9\" height=\"9\" \/><\/a><\/strong>\u00a0Estudiantes y profesores <strong>-50%<br \/>\n<\/strong><a href=\"https:\/\/www.geostru.eu\/wp-content\/uploads\/revslider\/sliderpreview\/apple.png\"><img loading=\"lazy\" decoding=\"async\" class=\" alignnone wp-image-11842\" src=\"https:\/\/www.geostru.eu\/wp-content\/uploads\/revslider\/sliderpreview\/apple.png\" alt=\"\" width=\"9\" height=\"9\" \/><\/a>\u00a0Compra en bundle hasta <strong>-65%<br \/>\n<\/strong><a href=\"https:\/\/www.geostru.eu\/wp-content\/uploads\/revslider\/sliderpreview\/apple.png\"><img loading=\"lazy\" decoding=\"async\" class=\" alignnone wp-image-11842\" src=\"https:\/\/www.geostru.eu\/wp-content\/uploads\/revslider\/sliderpreview\/apple.png\" alt=\"\" width=\"9\" height=\"9\" \/><\/a>\u00a0Competitive upgrade <strong>-70%<br \/>\n<\/strong><a href=\"https:\/\/www.geostru.eu\/wp-content\/uploads\/revslider\/sliderpreview\/apple.png\"><img loading=\"lazy\" decoding=\"async\" class=\" alignnone wp-image-11842\" src=\"https:\/\/www.geostru.eu\/wp-content\/uploads\/revslider\/sliderpreview\/apple.png\" alt=\"\" width=\"9\" height=\"9\" \/><\/a>\u00a0Licencias adicionales <strong>-70%<br \/>\n<\/strong><strong><a href=\"https:\/\/www.geostru.eu\/wp-content\/uploads\/revslider\/sliderpreview\/apple.png\"><img loading=\"lazy\" decoding=\"async\" class=\" alignnone wp-image-11842\" src=\"https:\/\/www.geostru.eu\/wp-content\/uploads\/revslider\/sliderpreview\/apple.png\" alt=\"\" width=\"9\" height=\"9\" \/><\/a>\u00a0<\/strong>Asistencia t\u00e9cnica <strong>gratuita<\/strong>[\/vc_column_text][\/vc_column][\/vc_row][vc_row][vc_column][vc_empty_space height=\u00bb30px\u00bb][\/vc_column][\/vc_row][vc_row type=\u00bbww-header-wrapper\u00bb][vc_column column_align=\u00bbcenter\u00bb][vc_column_text][ww-shortcode-gap height=\u00bb30&#8243;][ww-shortcode-button icon_position=\u00bbright\u00bb type=\u00bbslightlyrounded\u00bb size=\u00bblarge\u00bb target=\u00bb_blank\u00bb animate_type=\u00bbfade-in\u00bb lable=\u00bbBuy on themeforest now\u00bb icon=\u00bb fa fa-hand-o-right\u00bb label=\u00bbCont\u00e1ctanos\u00bb link=\u00bbhttps:\/\/www.geostru.eu\/es\/contactos\/\u00bb][ww-shortcode-gap height=\u00bb30&#8243;][\/vc_column_text][\/vc_column][\/vc_row]<\/p>\n<\/div>","protected":false},"excerpt":{"rendered":"<p>[vc_row][vc_column][rev_slider_vc alias=\u00bbslider24&#8243;][\/vc_column][\/vc_row][vc_row full_width=\u00bbtrue\u00bb type=\u00bbww-top-wrapper\u00bb el_class=\u00bbbg-color\u00bb][vc_column][vc_column_text] Ofrecemos promociones permanentemente, \u00a1mantente en contacto! [\/vc_column_text][\/vc_column][\/vc_row][vc_row][vc_column][vc_empty_space height=\u00bb20px\u00bb][\/vc_column][\/vc_row][vc_row][vc_column][vc_separator el_width=\u00bb70&#8243;][\/vc_column][\/vc_row][vc_row][vc_column][vc_empty_space height=\u00bb20px\u00bb][\/vc_column][\/vc_row][vc_row][vc_column width=\u00bb1\/3&#8243;][vc_column_text] La calidad est\u00e1 asegurada por m\u00e1s de 30.000 instalaciones en todo el mundo. La colaboraci\u00f3n con universidades t\u00e9cnicas internacionales coloca nuestros productos entre los m\u00e1s avanzados a nivel mundial. La mejor relaci\u00f3n calidad-precio del mercado, junto a los servicios&hellip;<\/p>\n","protected":false},"author":10361,"featured_media":0,"parent":0,"menu_order":0,"comment_status":"closed","ping_status":"closed","template":"full_width.php","meta":{"footnotes":""},"class_list":["post-15714","page","type-page","status-publish","hentry","description-off"],"yoast_head":"<!-- This site is optimized with the Yoast SEO Premium plugin v25.0 (Yoast SEO v25.0) - https:\/\/yoast.com\/wordpress\/plugins\/seo\/ -->\n<title>Promociones exclusivas - GeoStru<\/title>\n<meta name=\"robots\" content=\"index, follow, max-snippet:-1, max-image-preview:large, max-video-preview:-1\" \/>\n<link rel=\"canonical\" href=\"https:\/\/www.geostru.eu\/es\/promociones-exclusivas\/\" \/>\n<meta property=\"og:locale\" content=\"es_ES\" \/>\n<meta property=\"og:type\" content=\"article\" \/>\n<meta property=\"og:title\" content=\"Promociones exclusivas\" \/>\n<meta property=\"og:description\" content=\"[vc_row][vc_column][rev_slider_vc alias=\u00bbslider24&#8243;][\/vc_column][\/vc_row][vc_row full_width=\u00bbtrue\u00bb type=\u00bbww-top-wrapper\u00bb el_class=\u00bbbg-color\u00bb][vc_column][vc_column_text] Ofrecemos promociones permanentemente, \u00a1mantente en contacto! [\/vc_column_text][\/vc_column][\/vc_row][vc_row][vc_column][vc_empty_space height=\u00bb20px\u00bb][\/vc_column][\/vc_row][vc_row][vc_column][vc_separator el_width=\u00bb70&#8243;][\/vc_column][\/vc_row][vc_row][vc_column][vc_empty_space height=\u00bb20px\u00bb][\/vc_column][\/vc_row][vc_row][vc_column width=\u00bb1\/3&#8243;][vc_column_text] La calidad est\u00e1 asegurada por m\u00e1s de 30.000 instalaciones en todo el mundo. La colaboraci\u00f3n con universidades t\u00e9cnicas internacionales coloca nuestros productos entre los m\u00e1s avanzados a nivel mundial. La mejor relaci\u00f3n calidad-precio del mercado, junto a los servicios&hellip;\" \/>\n<meta property=\"og:url\" content=\"https:\/\/www.geostru.eu\/es\/promociones-exclusivas\/\" \/>\n<meta property=\"og:site_name\" content=\"GeoStru\" \/>\n<meta property=\"article:publisher\" content=\"https:\/\/www.facebook.com\/GeoStruSoftware\/\" \/>\n<meta property=\"article:modified_time\" content=\"2017-05-30T09:15:58+00:00\" \/>\n<meta property=\"og:image\" content=\"https:\/\/www.geostru.eu\/wp-content\/uploads\/revslider\/sliderpreview\/apple.png\" \/>\n<meta name=\"twitter:card\" content=\"summary_large_image\" \/>\n<meta name=\"twitter:site\" content=\"@geostru\" \/>\n<meta name=\"twitter:label1\" content=\"Tiempo de lectura\" \/>\n\t<meta name=\"twitter:data1\" content=\"1 minuto\" \/>\n<script type=\"application\/ld+json\" class=\"yoast-schema-graph\">{\"@context\":\"https:\/\/schema.org\",\"@graph\":[{\"@type\":\"WebPage\",\"@id\":\"https:\/\/www.geostru.eu\/es\/promociones-exclusivas\/\",\"url\":\"https:\/\/www.geostru.eu\/es\/promociones-exclusivas\/\",\"name\":\"Promociones exclusivas - GeoStru\",\"isPartOf\":{\"@id\":\"https:\/\/www.geostru.eu\/es\/#website\"},\"primaryImageOfPage\":{\"@id\":\"https:\/\/www.geostru.eu\/es\/promociones-exclusivas\/#primaryimage\"},\"image\":{\"@id\":\"https:\/\/www.geostru.eu\/es\/promociones-exclusivas\/#primaryimage\"},\"thumbnailUrl\":\"https:\/\/www.geostru.eu\/wp-content\/uploads\/revslider\/sliderpreview\/apple.png\",\"datePublished\":\"2015-09-22T17:11:47+00:00\",\"dateModified\":\"2017-05-30T09:15:58+00:00\",\"breadcrumb\":{\"@id\":\"https:\/\/www.geostru.eu\/es\/promociones-exclusivas\/#breadcrumb\"},\"inLanguage\":\"es\",\"potentialAction\":[{\"@type\":\"ReadAction\",\"target\":[\"https:\/\/www.geostru.eu\/es\/promociones-exclusivas\/\"]}]},{\"@type\":\"ImageObject\",\"inLanguage\":\"es\",\"@id\":\"https:\/\/www.geostru.eu\/es\/promociones-exclusivas\/#primaryimage\",\"url\":\"https:\/\/www.geostru.eu\/wp-content\/uploads\/revslider\/sliderpreview\/apple.png\",\"contentUrl\":\"https:\/\/www.geostru.eu\/wp-content\/uploads\/revslider\/sliderpreview\/apple.png\"},{\"@type\":\"BreadcrumbList\",\"@id\":\"https:\/\/www.geostru.eu\/es\/promociones-exclusivas\/#breadcrumb\",\"itemListElement\":[{\"@type\":\"ListItem\",\"position\":1,\"name\":\"Home\",\"item\":\"https:\/\/www.geostru.eu\/es\/\"},{\"@type\":\"ListItem\",\"position\":2,\"name\":\"Promociones exclusivas\"}]},{\"@type\":\"WebSite\",\"@id\":\"https:\/\/www.geostru.eu\/es\/#website\",\"url\":\"https:\/\/www.geostru.eu\/es\/\",\"name\":\"GeoStru\",\"description\":\"Professionals at your service\",\"publisher\":{\"@id\":\"https:\/\/www.geostru.eu\/es\/#organization\"},\"potentialAction\":[{\"@type\":\"SearchAction\",\"target\":{\"@type\":\"EntryPoint\",\"urlTemplate\":\"https:\/\/www.geostru.eu\/es\/?s={search_term_string}\"},\"query-input\":{\"@type\":\"PropertyValueSpecification\",\"valueRequired\":true,\"valueName\":\"search_term_string\"}}],\"inLanguage\":\"es\"},{\"@type\":\"Organization\",\"@id\":\"https:\/\/www.geostru.eu\/es\/#organization\",\"name\":\"GeoStru\",\"url\":\"https:\/\/www.geostru.eu\/es\/\",\"logo\":{\"@type\":\"ImageObject\",\"inLanguage\":\"es\",\"@id\":\"https:\/\/www.geostru.eu\/es\/#\/schema\/logo\/image\/\",\"url\":\"https:\/\/www.geostru.eu\/wp-content\/uploads\/2023\/02\/LOGO_GEOSTRU_educational_banner.png\",\"contentUrl\":\"https:\/\/www.geostru.eu\/wp-content\/uploads\/2023\/02\/LOGO_GEOSTRU_educational_banner.png\",\"width\":363,\"height\":115,\"caption\":\"GeoStru\"},\"image\":{\"@id\":\"https:\/\/www.geostru.eu\/es\/#\/schema\/logo\/image\/\"},\"sameAs\":[\"https:\/\/www.facebook.com\/GeoStruSoftware\/\",\"https:\/\/x.com\/geostru\",\"https:\/\/www.linkedin.com\/company\/2462488\/admin\/\",\"https:\/\/www.instagram.com\/geostru\/\"]}]}<\/script>\n<!-- \/ Yoast SEO Premium plugin. -->","yoast_head_json":{"title":"Promociones exclusivas - GeoStru","robots":{"index":"index","follow":"follow","max-snippet":"max-snippet:-1","max-image-preview":"max-image-preview:large","max-video-preview":"max-video-preview:-1"},"canonical":"https:\/\/www.geostru.eu\/es\/promociones-exclusivas\/","og_locale":"es_ES","og_type":"article","og_title":"Promociones exclusivas","og_description":"[vc_row][vc_column][rev_slider_vc alias=\u00bbslider24&#8243;][\/vc_column][\/vc_row][vc_row full_width=\u00bbtrue\u00bb type=\u00bbww-top-wrapper\u00bb el_class=\u00bbbg-color\u00bb][vc_column][vc_column_text] Ofrecemos promociones permanentemente, \u00a1mantente en contacto! [\/vc_column_text][\/vc_column][\/vc_row][vc_row][vc_column][vc_empty_space height=\u00bb20px\u00bb][\/vc_column][\/vc_row][vc_row][vc_column][vc_separator el_width=\u00bb70&#8243;][\/vc_column][\/vc_row][vc_row][vc_column][vc_empty_space height=\u00bb20px\u00bb][\/vc_column][\/vc_row][vc_row][vc_column width=\u00bb1\/3&#8243;][vc_column_text] La calidad est\u00e1 asegurada por m\u00e1s de 30.000 instalaciones en todo el mundo. La colaboraci\u00f3n con universidades t\u00e9cnicas internacionales coloca nuestros productos entre los m\u00e1s avanzados a nivel mundial. La mejor relaci\u00f3n calidad-precio del mercado, junto a los servicios&hellip;","og_url":"https:\/\/www.geostru.eu\/es\/promociones-exclusivas\/","og_site_name":"GeoStru","article_publisher":"https:\/\/www.facebook.com\/GeoStruSoftware\/","article_modified_time":"2017-05-30T09:15:58+00:00","og_image":[{"url":"https:\/\/www.geostru.eu\/wp-content\/uploads\/revslider\/sliderpreview\/apple.png","type":"","width":"","height":""}],"twitter_card":"summary_large_image","twitter_site":"@geostru","twitter_misc":{"Tiempo de lectura":"1 minuto"},"schema":{"@context":"https:\/\/schema.org","@graph":[{"@type":"WebPage","@id":"https:\/\/www.geostru.eu\/es\/promociones-exclusivas\/","url":"https:\/\/www.geostru.eu\/es\/promociones-exclusivas\/","name":"Promociones exclusivas - GeoStru","isPartOf":{"@id":"https:\/\/www.geostru.eu\/es\/#website"},"primaryImageOfPage":{"@id":"https:\/\/www.geostru.eu\/es\/promociones-exclusivas\/#primaryimage"},"image":{"@id":"https:\/\/www.geostru.eu\/es\/promociones-exclusivas\/#primaryimage"},"thumbnailUrl":"https:\/\/www.geostru.eu\/wp-content\/uploads\/revslider\/sliderpreview\/apple.png","datePublished":"2015-09-22T17:11:47+00:00","dateModified":"2017-05-30T09:15:58+00:00","breadcrumb":{"@id":"https:\/\/www.geostru.eu\/es\/promociones-exclusivas\/#breadcrumb"},"inLanguage":"es","potentialAction":[{"@type":"ReadAction","target":["https:\/\/www.geostru.eu\/es\/promociones-exclusivas\/"]}]},{"@type":"ImageObject","inLanguage":"es","@id":"https:\/\/www.geostru.eu\/es\/promociones-exclusivas\/#primaryimage","url":"https:\/\/www.geostru.eu\/wp-content\/uploads\/revslider\/sliderpreview\/apple.png","contentUrl":"https:\/\/www.geostru.eu\/wp-content\/uploads\/revslider\/sliderpreview\/apple.png"},{"@type":"BreadcrumbList","@id":"https:\/\/www.geostru.eu\/es\/promociones-exclusivas\/#breadcrumb","itemListElement":[{"@type":"ListItem","position":1,"name":"Home","item":"https:\/\/www.geostru.eu\/es\/"},{"@type":"ListItem","position":2,"name":"Promociones exclusivas"}]},{"@type":"WebSite","@id":"https:\/\/www.geostru.eu\/es\/#website","url":"https:\/\/www.geostru.eu\/es\/","name":"GeoStru","description":"Professionals at your service","publisher":{"@id":"https:\/\/www.geostru.eu\/es\/#organization"},"potentialAction":[{"@type":"SearchAction","target":{"@type":"EntryPoint","urlTemplate":"https:\/\/www.geostru.eu\/es\/?s={search_term_string}"},"query-input":{"@type":"PropertyValueSpecification","valueRequired":true,"valueName":"search_term_string"}}],"inLanguage":"es"},{"@type":"Organization","@id":"https:\/\/www.geostru.eu\/es\/#organization","name":"GeoStru","url":"https:\/\/www.geostru.eu\/es\/","logo":{"@type":"ImageObject","inLanguage":"es","@id":"https:\/\/www.geostru.eu\/es\/#\/schema\/logo\/image\/","url":"https:\/\/www.geostru.eu\/wp-content\/uploads\/2023\/02\/LOGO_GEOSTRU_educational_banner.png","contentUrl":"https:\/\/www.geostru.eu\/wp-content\/uploads\/2023\/02\/LOGO_GEOSTRU_educational_banner.png","width":363,"height":115,"caption":"GeoStru"},"image":{"@id":"https:\/\/www.geostru.eu\/es\/#\/schema\/logo\/image\/"},"sameAs":["https:\/\/www.facebook.com\/GeoStruSoftware\/","https:\/\/x.com\/geostru","https:\/\/www.linkedin.com\/company\/2462488\/admin\/","https:\/\/www.instagram.com\/geostru\/"]}]}},"_links":{"self":[{"href":"https:\/\/www.geostru.eu\/es\/wp-json\/wp\/v2\/pages\/15714"}],"collection":[{"href":"https:\/\/www.geostru.eu\/es\/wp-json\/wp\/v2\/pages"}],"about":[{"href":"https:\/\/www.geostru.eu\/es\/wp-json\/wp\/v2\/types\/page"}],"author":[{"embeddable":true,"href":"https:\/\/www.geostru.eu\/es\/wp-json\/wp\/v2\/users\/10361"}],"replies":[{"embeddable":true,"href":"https:\/\/www.geostru.eu\/es\/wp-json\/wp\/v2\/comments?post=15714"}],"version-history":[{"count":0,"href":"https:\/\/www.geostru.eu\/es\/wp-json\/wp\/v2\/pages\/15714\/revisions"}],"wp:attachment":[{"href":"https:\/\/www.geostru.eu\/es\/wp-json\/wp\/v2\/media?parent=15714"}],"curies":[{"name":"wp","href":"https:\/\/api.w.org\/{rel}","templated":true}]}}