{"id":151795,"date":"2022-01-11T16:04:05","date_gmt":"2022-01-11T15:04:05","guid":{"rendered":"https:\/\/www.geostru.eu\/requisiti-di-sistema\/"},"modified":"2025-09-22T16:59:21","modified_gmt":"2025-09-22T14:59:21","slug":"requisiti-di-sistema","status":"publish","type":"page","link":"https:\/\/www.geostru.eu\/es\/requisiti-di-sistema\/","title":{"rendered":"Requerimientos del sistema"},"content":{"rendered":"<div class=\"wpb-content-wrapper\"><p>[vc_row][vc_column][vc_single_image image=\u00bb132696&#8243; img_size=\u00bbmedium\u00bb alignment=\u00bbcenter\u00bb][vc_column_text css=\u00bb\u00bb]<\/p>\n<h3 style=\"text-align: justify\">Requerimientos m\u00ednimos del sistema para uso de los programas de GeoStru<\/h3>\n<p style=\"text-align: justify\">Antes de instalar el software, aseg\u00farese de que su computadora cumpla con los requisitos m\u00ednimos del sistema.<\/p>\n<table style=\"border-collapse: collapse;width: 100%;height: 351px\">\n<tbody>\n<tr style=\"height: 110px\">\n<td style=\"width: 50%;text-align: left;height: 110px\"><strong>SISTEMA OPERATIVO<\/strong><\/td>\n<td style=\"width: 50%;height: 110px;text-align: justify\">Microsoft\u00ae Windows\u00ae 10<br \/>\nMicrosoft\u00ae Windows\u00ae 11<\/td>\n<\/tr>\n<tr style=\"height: 22px\">\n<td style=\"width: 50%;height: 22px\"><strong>TIPOS DE PROCESADORES<\/strong><\/td>\n<td style=\"width: 50%;height: 22px;text-align: justify\">Procesador de 2 core: Intel Core2 Duo 2.4 Ghz o superior<\/td>\n<\/tr>\n<tr style=\"height: 22px\">\n<td style=\"width: 50%;height: 22px\"><strong>MEMORIA RAM<\/strong><\/td>\n<td style=\"width: 50%;height: 22px;text-align: justify\">Se recomienda un m\u00ednimo de 4 gigabytes (GB)<\/td>\n<\/tr>\n<tr style=\"height: 21px\">\n<td style=\"width: 50%;height: 21px\"><strong>TARJETA GR\u00c1FICA<\/strong><\/td>\n<td style=\"width: 50%;height: 21px;text-align: justify\">Tarjeta gr\u00e1fica con m\u00ednimo 512 MB de memoria, se recomienda 1 GB<\/td>\n<\/tr>\n<tr style=\"height: 22px\">\n<td style=\"width: 50%;height: 22px\"><strong>DISCO DURO<\/strong><\/td>\n<td style=\"width: 50%;height: 22px;text-align: justify\">espacio libre de 100 MB<\/td>\n<\/tr>\n<tr style=\"height: 44px\">\n<td style=\"width: 50%;height: 44px\"><strong>TARJETA DE SONIDO<\/strong><\/td>\n<td style=\"width: 50%;height: 44px;text-align: justify\">Para contenido de video-tutorial (proporcionado en YouTube): cualquier tarjeta de sonido compatible con Windows<\/td>\n<\/tr>\n<tr style=\"height: 22px\">\n<td style=\"width: 50%;height: 22px\"><strong>MOUSE<\/strong><\/td>\n<td style=\"width: 50%;height: 22px;text-align: justify\">Mouse de tres botones<\/td>\n<\/tr>\n<tr style=\"height: 22px\">\n<td style=\"width: 50%;height: 22px\"><strong>PERIF\u00c9RICOS<\/strong><\/td>\n<td style=\"width: 50%;height: 22px;text-align: justify\">Impresora y teclado QWERTY<\/td>\n<\/tr>\n<tr style=\"height: 22px\">\n<td style=\"width: 50%;height: 22px\"><strong>BROWSER<\/strong><\/td>\n<td style=\"width: 50%;height: 22px;text-align: justify\">Internet Explorer 9.0 o superior<\/td>\n<\/tr>\n<tr style=\"height: 44px\">\n<td style=\"width: 50%;height: 44px\"><strong>CONECTIVIDAD<\/strong><\/td>\n<td style=\"width: 50%;height: 44px;text-align: justify\">Para acceder a las funciones web del software (activaci\u00f3n y reconocimiento al inicio, bases de datos, servicios en l\u00ednea, actualizaciones, etc.) se requiere una conexi\u00f3n a InternetCompatibilit\u00e0 dei software su MAC<\/td>\n<\/tr>\n<\/tbody>\n<\/table>\n<h3>Compatibilidad de software en MAC<\/h3>\n<p style=\"text-align: justify\">Recomendamos el uso de Personal Mac Intel-based con OS X Leopard (10.5) o siguientes.<\/p>\n<p style=\"text-align: justify\">Los productos GeoStru se han probados en emuladores cuales:<\/p>\n<ul style=\"text-align: justify\">\n<li>VMWare<\/li>\n<li>Parallels<\/li>\n<li>Virtual Box<\/li>\n<li>Boot Camp<\/li>\n<\/ul>\n<p style=\"text-align: justify\">con i sistemas operativos Windows 10, 11 (64 bit).<\/p>\n<p style=\"text-align: justify\">El correcto funcionamiento del software es sujeto a la calidad del espacio Microsoft emulado y al tipo de dispositivo utilizado.<\/p>\n<p>[\/vc_column_text][vc_column_text]<\/p>\n<h3 style=\"text-align: justify\">Requerimientos m\u00ednimos del sistema para el servicio GeoStru 365<\/h3>\n<p>Para poder utilizar el servicio GeoStru 365 es necesario disponer de un browser y una conexi\u00f3n a internet estable.<\/p>\n<p>Se sugiere utilizar una conexi\u00f3n ADSL con m\u00ednimo 20 MB\/s en download y 3 MB\/s en upload.<\/p>\n<p>Es un servicio remoto y, por lo tanto, la velocidad de uso, adem\u00e1s de depender de la velocidad de la conexi\u00f3n, est\u00e1 afectada por el tipo de datos que se descargan.<\/p>\n<p style=\"text-align: justify\">Por ejemplo, la visualizaci\u00f3n de im\u00e1genes complejas con muchos detalles, como im\u00e1genes satelitales, requerir\u00e1 un mayor consumo de ancho de banda<\/p>\n<p>[\/vc_column_text][vc_column_text]<\/p>\n<h3 style=\"text-align: justify\">Requerimientos m\u00ednimos del sistema para el servicio Geoapp<\/h3>\n<p class=\"Standard\"><span lang=\"ES-CL\">Las Geoapp son aplicaciones de c\u00e1lculo utilizables exclusivamente en l\u00ednea y no requieren ning\u00fan tipo de instalaci\u00f3n en el PC. Para poder disfrutar de las aplicaciones es necesario contar con una conexi\u00f3n a internet y un browser.<\/span><\/p>\n<p>[\/vc_column_text][\/vc_column][\/vc_row]<\/p>\n<\/div>","protected":false},"excerpt":{"rendered":"<p>[vc_row][vc_column][vc_single_image image=\u00bb132696&#8243; img_size=\u00bbmedium\u00bb alignment=\u00bbcenter\u00bb][vc_column_text css=\u00bb\u00bb] Requerimientos m\u00ednimos del sistema para uso de los programas de GeoStru Antes de instalar el software, aseg\u00farese de que su computadora cumpla con los requisitos m\u00ednimos del sistema. SISTEMA OPERATIVO Microsoft\u00ae Windows\u00ae 10 Microsoft\u00ae Windows\u00ae 11 TIPOS DE PROCESADORES Procesador de 2 core: Intel Core2 Duo 2.4 Ghz o superior&hellip;<\/p>\n","protected":false},"author":16658,"featured_media":132699,"parent":0,"menu_order":0,"comment_status":"closed","ping_status":"closed","template":"","meta":{"footnotes":""},"class_list":["post-151795","page","type-page","status-publish","has-post-thumbnail","hentry","description-off"],"yoast_head":"<!-- This site is optimized with the Yoast SEO Premium plugin v25.0 (Yoast SEO v25.0) - https:\/\/yoast.com\/wordpress\/plugins\/seo\/ -->\n<title>Requerimientos del sistema - GeoStru<\/title>\n<meta name=\"robots\" content=\"index, follow, max-snippet:-1, max-image-preview:large, max-video-preview:-1\" \/>\n<link rel=\"canonical\" href=\"https:\/\/www.geostru.eu\/es\/requisiti-di-sistema\/\" \/>\n<meta property=\"og:locale\" content=\"es_ES\" \/>\n<meta property=\"og:type\" content=\"article\" \/>\n<meta property=\"og:title\" content=\"Requerimientos del sistema\" \/>\n<meta property=\"og:description\" content=\"[vc_row][vc_column][vc_single_image image=\u00bb132696&#8243; img_size=\u00bbmedium\u00bb alignment=\u00bbcenter\u00bb][vc_column_text css=\u00bb\u00bb] Requerimientos m\u00ednimos del sistema para uso de los programas de GeoStru Antes de instalar el software, aseg\u00farese de que su computadora cumpla con los requisitos m\u00ednimos del sistema. SISTEMA OPERATIVO Microsoft\u00ae Windows\u00ae 10 Microsoft\u00ae Windows\u00ae 11 TIPOS DE PROCESADORES Procesador de 2 core: Intel Core2 Duo 2.4 Ghz o superior&hellip;\" \/>\n<meta property=\"og:url\" content=\"https:\/\/www.geostru.eu\/es\/requisiti-di-sistema\/\" \/>\n<meta property=\"og:site_name\" content=\"GeoStru\" \/>\n<meta property=\"article:publisher\" content=\"https:\/\/www.facebook.com\/GeoStruSoftware\/\" \/>\n<meta property=\"article:modified_time\" content=\"2025-09-22T14:59:21+00:00\" \/>\n<meta property=\"og:image\" content=\"https:\/\/www.geostru.eu\/wp-content\/uploads\/2022\/01\/icon_requisiti.jpg\" \/>\n\t<meta property=\"og:image:width\" content=\"700\" \/>\n\t<meta property=\"og:image:height\" content=\"700\" \/>\n\t<meta property=\"og:image:type\" content=\"image\/jpeg\" \/>\n<meta name=\"twitter:card\" content=\"summary_large_image\" \/>\n<meta name=\"twitter:site\" content=\"@geostru\" \/>\n<meta name=\"twitter:label1\" content=\"Tiempo de lectura\" \/>\n\t<meta name=\"twitter:data1\" content=\"2 minutos\" \/>\n<script type=\"application\/ld+json\" class=\"yoast-schema-graph\">{\"@context\":\"https:\/\/schema.org\",\"@graph\":[{\"@type\":\"WebPage\",\"@id\":\"https:\/\/www.geostru.eu\/es\/requisiti-di-sistema\/\",\"url\":\"https:\/\/www.geostru.eu\/es\/requisiti-di-sistema\/\",\"name\":\"Requerimientos del sistema - GeoStru\",\"isPartOf\":{\"@id\":\"https:\/\/www.geostru.eu\/es\/#website\"},\"primaryImageOfPage\":{\"@id\":\"https:\/\/www.geostru.eu\/es\/requisiti-di-sistema\/#primaryimage\"},\"image\":{\"@id\":\"https:\/\/www.geostru.eu\/es\/requisiti-di-sistema\/#primaryimage\"},\"thumbnailUrl\":\"https:\/\/www.geostru.eu\/wp-content\/uploads\/2022\/01\/icon_requisiti.jpg\",\"datePublished\":\"2022-01-11T15:04:05+00:00\",\"dateModified\":\"2025-09-22T14:59:21+00:00\",\"breadcrumb\":{\"@id\":\"https:\/\/www.geostru.eu\/es\/requisiti-di-sistema\/#breadcrumb\"},\"inLanguage\":\"es\",\"potentialAction\":[{\"@type\":\"ReadAction\",\"target\":[\"https:\/\/www.geostru.eu\/es\/requisiti-di-sistema\/\"]}]},{\"@type\":\"ImageObject\",\"inLanguage\":\"es\",\"@id\":\"https:\/\/www.geostru.eu\/es\/requisiti-di-sistema\/#primaryimage\",\"url\":\"https:\/\/www.geostru.eu\/wp-content\/uploads\/2022\/01\/icon_requisiti.jpg\",\"contentUrl\":\"https:\/\/www.geostru.eu\/wp-content\/uploads\/2022\/01\/icon_requisiti.jpg\",\"width\":700,\"height\":700},{\"@type\":\"BreadcrumbList\",\"@id\":\"https:\/\/www.geostru.eu\/es\/requisiti-di-sistema\/#breadcrumb\",\"itemListElement\":[{\"@type\":\"ListItem\",\"position\":1,\"name\":\"Home\",\"item\":\"https:\/\/www.geostru.eu\/es\/\"},{\"@type\":\"ListItem\",\"position\":2,\"name\":\"Requerimientos del sistema\"}]},{\"@type\":\"WebSite\",\"@id\":\"https:\/\/www.geostru.eu\/es\/#website\",\"url\":\"https:\/\/www.geostru.eu\/es\/\",\"name\":\"GeoStru\",\"description\":\"Professionals at your service\",\"publisher\":{\"@id\":\"https:\/\/www.geostru.eu\/es\/#organization\"},\"potentialAction\":[{\"@type\":\"SearchAction\",\"target\":{\"@type\":\"EntryPoint\",\"urlTemplate\":\"https:\/\/www.geostru.eu\/es\/?s={search_term_string}\"},\"query-input\":{\"@type\":\"PropertyValueSpecification\",\"valueRequired\":true,\"valueName\":\"search_term_string\"}}],\"inLanguage\":\"es\"},{\"@type\":\"Organization\",\"@id\":\"https:\/\/www.geostru.eu\/es\/#organization\",\"name\":\"GeoStru\",\"url\":\"https:\/\/www.geostru.eu\/es\/\",\"logo\":{\"@type\":\"ImageObject\",\"inLanguage\":\"es\",\"@id\":\"https:\/\/www.geostru.eu\/es\/#\/schema\/logo\/image\/\",\"url\":\"https:\/\/www.geostru.eu\/wp-content\/uploads\/2023\/02\/LOGO_GEOSTRU_educational_banner.png\",\"contentUrl\":\"https:\/\/www.geostru.eu\/wp-content\/uploads\/2023\/02\/LOGO_GEOSTRU_educational_banner.png\",\"width\":363,\"height\":115,\"caption\":\"GeoStru\"},\"image\":{\"@id\":\"https:\/\/www.geostru.eu\/es\/#\/schema\/logo\/image\/\"},\"sameAs\":[\"https:\/\/www.facebook.com\/GeoStruSoftware\/\",\"https:\/\/x.com\/geostru\",\"https:\/\/www.linkedin.com\/company\/2462488\/admin\/\",\"https:\/\/www.instagram.com\/geostru\/\"]}]}<\/script>\n<!-- \/ Yoast SEO Premium plugin. -->","yoast_head_json":{"title":"Requerimientos del sistema - GeoStru","robots":{"index":"index","follow":"follow","max-snippet":"max-snippet:-1","max-image-preview":"max-image-preview:large","max-video-preview":"max-video-preview:-1"},"canonical":"https:\/\/www.geostru.eu\/es\/requisiti-di-sistema\/","og_locale":"es_ES","og_type":"article","og_title":"Requerimientos del sistema","og_description":"[vc_row][vc_column][vc_single_image image=\u00bb132696&#8243; img_size=\u00bbmedium\u00bb alignment=\u00bbcenter\u00bb][vc_column_text css=\u00bb\u00bb] Requerimientos m\u00ednimos del sistema para uso de los programas de GeoStru Antes de instalar el software, aseg\u00farese de que su computadora cumpla con los requisitos m\u00ednimos del sistema. SISTEMA OPERATIVO Microsoft\u00ae Windows\u00ae 10 Microsoft\u00ae Windows\u00ae 11 TIPOS DE PROCESADORES Procesador de 2 core: Intel Core2 Duo 2.4 Ghz o superior&hellip;","og_url":"https:\/\/www.geostru.eu\/es\/requisiti-di-sistema\/","og_site_name":"GeoStru","article_publisher":"https:\/\/www.facebook.com\/GeoStruSoftware\/","article_modified_time":"2025-09-22T14:59:21+00:00","og_image":[{"width":700,"height":700,"url":"https:\/\/www.geostru.eu\/wp-content\/uploads\/2022\/01\/icon_requisiti.jpg","type":"image\/jpeg"}],"twitter_card":"summary_large_image","twitter_site":"@geostru","twitter_misc":{"Tiempo de lectura":"2 minutos"},"schema":{"@context":"https:\/\/schema.org","@graph":[{"@type":"WebPage","@id":"https:\/\/www.geostru.eu\/es\/requisiti-di-sistema\/","url":"https:\/\/www.geostru.eu\/es\/requisiti-di-sistema\/","name":"Requerimientos del sistema - GeoStru","isPartOf":{"@id":"https:\/\/www.geostru.eu\/es\/#website"},"primaryImageOfPage":{"@id":"https:\/\/www.geostru.eu\/es\/requisiti-di-sistema\/#primaryimage"},"image":{"@id":"https:\/\/www.geostru.eu\/es\/requisiti-di-sistema\/#primaryimage"},"thumbnailUrl":"https:\/\/www.geostru.eu\/wp-content\/uploads\/2022\/01\/icon_requisiti.jpg","datePublished":"2022-01-11T15:04:05+00:00","dateModified":"2025-09-22T14:59:21+00:00","breadcrumb":{"@id":"https:\/\/www.geostru.eu\/es\/requisiti-di-sistema\/#breadcrumb"},"inLanguage":"es","potentialAction":[{"@type":"ReadAction","target":["https:\/\/www.geostru.eu\/es\/requisiti-di-sistema\/"]}]},{"@type":"ImageObject","inLanguage":"es","@id":"https:\/\/www.geostru.eu\/es\/requisiti-di-sistema\/#primaryimage","url":"https:\/\/www.geostru.eu\/wp-content\/uploads\/2022\/01\/icon_requisiti.jpg","contentUrl":"https:\/\/www.geostru.eu\/wp-content\/uploads\/2022\/01\/icon_requisiti.jpg","width":700,"height":700},{"@type":"BreadcrumbList","@id":"https:\/\/www.geostru.eu\/es\/requisiti-di-sistema\/#breadcrumb","itemListElement":[{"@type":"ListItem","position":1,"name":"Home","item":"https:\/\/www.geostru.eu\/es\/"},{"@type":"ListItem","position":2,"name":"Requerimientos del sistema"}]},{"@type":"WebSite","@id":"https:\/\/www.geostru.eu\/es\/#website","url":"https:\/\/www.geostru.eu\/es\/","name":"GeoStru","description":"Professionals at your service","publisher":{"@id":"https:\/\/www.geostru.eu\/es\/#organization"},"potentialAction":[{"@type":"SearchAction","target":{"@type":"EntryPoint","urlTemplate":"https:\/\/www.geostru.eu\/es\/?s={search_term_string}"},"query-input":{"@type":"PropertyValueSpecification","valueRequired":true,"valueName":"search_term_string"}}],"inLanguage":"es"},{"@type":"Organization","@id":"https:\/\/www.geostru.eu\/es\/#organization","name":"GeoStru","url":"https:\/\/www.geostru.eu\/es\/","logo":{"@type":"ImageObject","inLanguage":"es","@id":"https:\/\/www.geostru.eu\/es\/#\/schema\/logo\/image\/","url":"https:\/\/www.geostru.eu\/wp-content\/uploads\/2023\/02\/LOGO_GEOSTRU_educational_banner.png","contentUrl":"https:\/\/www.geostru.eu\/wp-content\/uploads\/2023\/02\/LOGO_GEOSTRU_educational_banner.png","width":363,"height":115,"caption":"GeoStru"},"image":{"@id":"https:\/\/www.geostru.eu\/es\/#\/schema\/logo\/image\/"},"sameAs":["https:\/\/www.facebook.com\/GeoStruSoftware\/","https:\/\/x.com\/geostru","https:\/\/www.linkedin.com\/company\/2462488\/admin\/","https:\/\/www.instagram.com\/geostru\/"]}]}},"_links":{"self":[{"href":"https:\/\/www.geostru.eu\/es\/wp-json\/wp\/v2\/pages\/151795"}],"collection":[{"href":"https:\/\/www.geostru.eu\/es\/wp-json\/wp\/v2\/pages"}],"about":[{"href":"https:\/\/www.geostru.eu\/es\/wp-json\/wp\/v2\/types\/page"}],"author":[{"embeddable":true,"href":"https:\/\/www.geostru.eu\/es\/wp-json\/wp\/v2\/users\/16658"}],"replies":[{"embeddable":true,"href":"https:\/\/www.geostru.eu\/es\/wp-json\/wp\/v2\/comments?post=151795"}],"version-history":[{"count":3,"href":"https:\/\/www.geostru.eu\/es\/wp-json\/wp\/v2\/pages\/151795\/revisions"}],"predecessor-version":[{"id":160982,"href":"https:\/\/www.geostru.eu\/es\/wp-json\/wp\/v2\/pages\/151795\/revisions\/160982"}],"wp:featuredmedia":[{"embeddable":true,"href":"https:\/\/www.geostru.eu\/es\/wp-json\/wp\/v2\/media\/132699"}],"wp:attachment":[{"href":"https:\/\/www.geostru.eu\/es\/wp-json\/wp\/v2\/media?parent=151795"}],"curies":[{"name":"wp","href":"https:\/\/api.w.org\/{rel}","templated":true}]}}