{"id":14915,"date":"2015-07-24T13:31:48","date_gmt":"2015-07-24T13:31:48","guid":{"rendered":"https:\/\/www.geostru.eu\/?page_id=14915"},"modified":"2017-05-29T09:52:31","modified_gmt":"2017-05-29T07:52:31","slug":"empresa","status":"publish","type":"page","link":"https:\/\/www.geostru.eu\/es\/empresa\/","title":{"rendered":"Empresa"},"content":{"rendered":"<div class=\"wpb-content-wrapper\"><p>[vc_row has_container=\u00bbtrue\u00bb container_class=\u00bbcontainer\u00bb row_animation=\u00bbnone\u00bb el_class=\u00bbinner-top-xs inner-bottom-sm\u00bb][vc_column][rev_slider_vc alias=\u00bbabout_geostru\u00bb][\/vc_column][\/vc_row][vc_row][vc_column][vc_empty_space][\/vc_column][vc_column column_style=\u00bbwelcome\u00bb][vc_column_text]<\/p>\n<h2>Qui\u00e9nes somos<\/h2>\n<p style=\"text-align: justify;\">Nuestro equipo de trabajo est\u00e1 compuesto por profesionales especializados en los diferentes sectores de la ingenier\u00eda civil, infraestructuras y geolog\u00eda. Los fundadores, un grupo de expertos profesionales que desde 1993 adquieren y maduran conocimientos y experiencias en el campo de las estructuras, la geotecnia, hidr\u00e1ulica, geolog\u00eda y la ICT (Information and Communication Technology), ejercen actividades de servicio y consultor\u00eda t\u00e9cnica para clientes tanto del sector p\u00fablico como privado.<\/p>\n<p style=\"text-align: justify;\">Nuestra meta es convertirnos en un socio confiable e innovador, capaz de apoyar y satisfacer nuestros clientes con una oferta modular y flexible de servicios y soluciones eficientes.<\/p>\n<p>[\/vc_column_text][\/vc_column][vc_column][vc_empty_space][\/vc_column][\/vc_row][vc_row][vc_column width=\u00bb1\/2&#8243;][vc_column_text]<\/p>\n<h2>Software<\/h2>\n<p style=\"text-align: justify;\">Software profesionales para simplificar y resolver los problemas del usuario t\u00e9cnico. Interfaz amigable, procesos guiados de dise\u00f1o, elaboraciones profesionales, han desde siempre caracterizado nuestro software.<\/p>\n<p style=\"text-align: justify;\">Contamos con m\u00e1s de 40 aplicaciones para solventar problem\u00e1ticas espec\u00edficas con t\u00e9cnicas num\u00e9ricas tradicionales y avanzadas. Las aplicaciones intercambian informaci\u00f3n entre s\u00ed simplificando \u00a0las fases\u00a0del proyecto integrado.<br \/>\nEsto hace que cada d\u00eda nuestros programas sean usados por miles clientes satisfechos en todo el mundo.<\/p>\n<p>[\/vc_column_text][\/vc_column][vc_column width=\u00bb1\/2&#8243;][vc_column_text]<\/p>\n<h2>Software Engineering<\/h2>\n<p style=\"text-align: justify;\">Los servicios de Software Engineering incluyen todas las fases de trabajo relacionadas con la producci\u00f3n de aplicaciones software personalizadas seg\u00fan los requerimientos del cliente.<\/p>\n<p style=\"text-align: justify;\">Ya sea que se trate de realizar nuevas aplicaciones web con interfaces ricas y robustas o que se trate de producir aplicaciones desktop tradicionales, contamos con la capacidad y experiencia necesarias para satisfacer plenamente las exigencias de nuestros clientes, produciendo sistemas de gran valor agregado que garantizan un largo ciclo de vida y una relaci\u00f3n costo\/rendimiento verdaderamente sorprendente.<\/p>\n<p>[\/vc_column_text][\/vc_column][\/vc_row][vc_row][vc_column][vc_empty_space][\/vc_column][\/vc_row][vc_row has_container=\u00bbtrue\u00bb container_class=\u00bbcontainer\u00bb row_animation=\u00bbnone\u00bb][vc_column width=\u00bb1\/2&#8243;][vc_column_text]<\/p>\n<h2>Desarrollo de software dedicado<\/h2>\n<p style=\"text-align: justify;\">Somos especialistas en la realizaci\u00f3n de software profesional (en particular software web based). Ponemos a su disposici\u00f3n nuestra competencia y profesionalidad para analizar los problemas del cliente, especialmente grandes empresas que requieren optimizar los propios m\u00e9todos y esquemas de trabajo con el fin de obtener una mayor productividad y reducir costos administrativos. Posteriormente a un minucioso an\u00e1lisis, desarrollamos la mejor soluci\u00f3n ad hoc para transformar cada exigencia en s\u00f3lidos instrumentos software.<\/p>\n<h2><\/h2>\n<p>[\/vc_column_text][\/vc_column][vc_column width=\u00bb1\/2&#8243;][vc_column_text]<\/p>\n<h2>Actividad y servicios<\/h2>\n<p style=\"text-align: justify;\">Efectuamos actividades de investigaci\u00f3n, asesor\u00eda, estudios de factibilidad, planificaci\u00f3n, direcci\u00f3n y control de obras, coordinaci\u00f3n de la seguridad en fase de proyecto y ejecuci\u00f3n,\u00a0 modelado num\u00e9rico.<\/p>\n<p>[\/vc_column_text][\/vc_column][\/vc_row]<\/p>\n<\/div>","protected":false},"excerpt":{"rendered":"<p>[vc_row has_container=\u00bbtrue\u00bb container_class=\u00bbcontainer\u00bb row_animation=\u00bbnone\u00bb el_class=\u00bbinner-top-xs inner-bottom-sm\u00bb][vc_column][rev_slider_vc alias=\u00bbabout_geostru\u00bb][\/vc_column][\/vc_row][vc_row][vc_column][vc_empty_space][\/vc_column][vc_column column_style=\u00bbwelcome\u00bb][vc_column_text] Qui\u00e9nes somos Nuestro equipo de trabajo est\u00e1 compuesto por profesionales especializados en los diferentes sectores de la ingenier\u00eda civil, infraestructuras y geolog\u00eda. Los fundadores, un grupo de expertos profesionales que desde 1993 adquieren y maduran conocimientos y experiencias en el campo de las estructuras, la geotecnia, hidr\u00e1ulica,&hellip;<\/p>\n","protected":false},"author":10361,"featured_media":0,"parent":0,"menu_order":0,"comment_status":"closed","ping_status":"closed","template":"","meta":{"footnotes":""},"class_list":["post-14915","page","type-page","status-publish","hentry","description-off"],"yoast_head":"<!-- This site is optimized with the Yoast SEO Premium plugin v25.0 (Yoast SEO v25.0) - https:\/\/yoast.com\/wordpress\/plugins\/seo\/ -->\n<title>Empresa - GeoStru<\/title>\n<meta name=\"robots\" content=\"index, follow, max-snippet:-1, max-image-preview:large, max-video-preview:-1\" \/>\n<link rel=\"canonical\" href=\"https:\/\/www.geostru.eu\/es\/empresa\/\" \/>\n<meta property=\"og:locale\" content=\"es_ES\" \/>\n<meta property=\"og:type\" content=\"article\" \/>\n<meta property=\"og:title\" content=\"Empresa\" \/>\n<meta property=\"og:description\" content=\"[vc_row has_container=\u00bbtrue\u00bb container_class=\u00bbcontainer\u00bb row_animation=\u00bbnone\u00bb el_class=\u00bbinner-top-xs inner-bottom-sm\u00bb][vc_column][rev_slider_vc alias=\u00bbabout_geostru\u00bb][\/vc_column][\/vc_row][vc_row][vc_column][vc_empty_space][\/vc_column][vc_column column_style=\u00bbwelcome\u00bb][vc_column_text] Qui\u00e9nes somos Nuestro equipo de trabajo est\u00e1 compuesto por profesionales especializados en los diferentes sectores de la ingenier\u00eda civil, infraestructuras y geolog\u00eda. Los fundadores, un grupo de expertos profesionales que desde 1993 adquieren y maduran conocimientos y experiencias en el campo de las estructuras, la geotecnia, hidr\u00e1ulica,&hellip;\" \/>\n<meta property=\"og:url\" content=\"https:\/\/www.geostru.eu\/es\/empresa\/\" \/>\n<meta property=\"og:site_name\" content=\"GeoStru\" \/>\n<meta property=\"article:publisher\" content=\"https:\/\/www.facebook.com\/GeoStruSoftware\/\" \/>\n<meta property=\"article:modified_time\" content=\"2017-05-29T07:52:31+00:00\" \/>\n<meta name=\"twitter:card\" content=\"summary_large_image\" \/>\n<meta name=\"twitter:site\" content=\"@geostru\" \/>\n<meta name=\"twitter:label1\" content=\"Tiempo de lectura\" \/>\n\t<meta name=\"twitter:data1\" content=\"3 minutos\" \/>\n<script type=\"application\/ld+json\" class=\"yoast-schema-graph\">{\"@context\":\"https:\/\/schema.org\",\"@graph\":[{\"@type\":\"WebPage\",\"@id\":\"https:\/\/www.geostru.eu\/es\/empresa\/\",\"url\":\"https:\/\/www.geostru.eu\/es\/empresa\/\",\"name\":\"Empresa - GeoStru\",\"isPartOf\":{\"@id\":\"https:\/\/www.geostru.eu\/es\/#website\"},\"datePublished\":\"2015-07-24T13:31:48+00:00\",\"dateModified\":\"2017-05-29T07:52:31+00:00\",\"breadcrumb\":{\"@id\":\"https:\/\/www.geostru.eu\/es\/empresa\/#breadcrumb\"},\"inLanguage\":\"es\",\"potentialAction\":[{\"@type\":\"ReadAction\",\"target\":[\"https:\/\/www.geostru.eu\/es\/empresa\/\"]}]},{\"@type\":\"BreadcrumbList\",\"@id\":\"https:\/\/www.geostru.eu\/es\/empresa\/#breadcrumb\",\"itemListElement\":[{\"@type\":\"ListItem\",\"position\":1,\"name\":\"Home\",\"item\":\"https:\/\/www.geostru.eu\/es\/\"},{\"@type\":\"ListItem\",\"position\":2,\"name\":\"Empresa\"}]},{\"@type\":\"WebSite\",\"@id\":\"https:\/\/www.geostru.eu\/es\/#website\",\"url\":\"https:\/\/www.geostru.eu\/es\/\",\"name\":\"GeoStru\",\"description\":\"Professionals at your service\",\"publisher\":{\"@id\":\"https:\/\/www.geostru.eu\/es\/#organization\"},\"potentialAction\":[{\"@type\":\"SearchAction\",\"target\":{\"@type\":\"EntryPoint\",\"urlTemplate\":\"https:\/\/www.geostru.eu\/es\/?s={search_term_string}\"},\"query-input\":{\"@type\":\"PropertyValueSpecification\",\"valueRequired\":true,\"valueName\":\"search_term_string\"}}],\"inLanguage\":\"es\"},{\"@type\":\"Organization\",\"@id\":\"https:\/\/www.geostru.eu\/es\/#organization\",\"name\":\"GeoStru\",\"url\":\"https:\/\/www.geostru.eu\/es\/\",\"logo\":{\"@type\":\"ImageObject\",\"inLanguage\":\"es\",\"@id\":\"https:\/\/www.geostru.eu\/es\/#\/schema\/logo\/image\/\",\"url\":\"https:\/\/www.geostru.eu\/wp-content\/uploads\/2023\/02\/LOGO_GEOSTRU_educational_banner.png\",\"contentUrl\":\"https:\/\/www.geostru.eu\/wp-content\/uploads\/2023\/02\/LOGO_GEOSTRU_educational_banner.png\",\"width\":363,\"height\":115,\"caption\":\"GeoStru\"},\"image\":{\"@id\":\"https:\/\/www.geostru.eu\/es\/#\/schema\/logo\/image\/\"},\"sameAs\":[\"https:\/\/www.facebook.com\/GeoStruSoftware\/\",\"https:\/\/x.com\/geostru\",\"https:\/\/www.linkedin.com\/company\/2462488\/admin\/\",\"https:\/\/www.instagram.com\/geostru\/\"]}]}<\/script>\n<!-- \/ Yoast SEO Premium plugin. -->","yoast_head_json":{"title":"Empresa - GeoStru","robots":{"index":"index","follow":"follow","max-snippet":"max-snippet:-1","max-image-preview":"max-image-preview:large","max-video-preview":"max-video-preview:-1"},"canonical":"https:\/\/www.geostru.eu\/es\/empresa\/","og_locale":"es_ES","og_type":"article","og_title":"Empresa","og_description":"[vc_row has_container=\u00bbtrue\u00bb container_class=\u00bbcontainer\u00bb row_animation=\u00bbnone\u00bb el_class=\u00bbinner-top-xs inner-bottom-sm\u00bb][vc_column][rev_slider_vc alias=\u00bbabout_geostru\u00bb][\/vc_column][\/vc_row][vc_row][vc_column][vc_empty_space][\/vc_column][vc_column column_style=\u00bbwelcome\u00bb][vc_column_text] Qui\u00e9nes somos Nuestro equipo de trabajo est\u00e1 compuesto por profesionales especializados en los diferentes sectores de la ingenier\u00eda civil, infraestructuras y geolog\u00eda. Los fundadores, un grupo de expertos profesionales que desde 1993 adquieren y maduran conocimientos y experiencias en el campo de las estructuras, la geotecnia, hidr\u00e1ulica,&hellip;","og_url":"https:\/\/www.geostru.eu\/es\/empresa\/","og_site_name":"GeoStru","article_publisher":"https:\/\/www.facebook.com\/GeoStruSoftware\/","article_modified_time":"2017-05-29T07:52:31+00:00","twitter_card":"summary_large_image","twitter_site":"@geostru","twitter_misc":{"Tiempo de lectura":"3 minutos"},"schema":{"@context":"https:\/\/schema.org","@graph":[{"@type":"WebPage","@id":"https:\/\/www.geostru.eu\/es\/empresa\/","url":"https:\/\/www.geostru.eu\/es\/empresa\/","name":"Empresa - GeoStru","isPartOf":{"@id":"https:\/\/www.geostru.eu\/es\/#website"},"datePublished":"2015-07-24T13:31:48+00:00","dateModified":"2017-05-29T07:52:31+00:00","breadcrumb":{"@id":"https:\/\/www.geostru.eu\/es\/empresa\/#breadcrumb"},"inLanguage":"es","potentialAction":[{"@type":"ReadAction","target":["https:\/\/www.geostru.eu\/es\/empresa\/"]}]},{"@type":"BreadcrumbList","@id":"https:\/\/www.geostru.eu\/es\/empresa\/#breadcrumb","itemListElement":[{"@type":"ListItem","position":1,"name":"Home","item":"https:\/\/www.geostru.eu\/es\/"},{"@type":"ListItem","position":2,"name":"Empresa"}]},{"@type":"WebSite","@id":"https:\/\/www.geostru.eu\/es\/#website","url":"https:\/\/www.geostru.eu\/es\/","name":"GeoStru","description":"Professionals at your service","publisher":{"@id":"https:\/\/www.geostru.eu\/es\/#organization"},"potentialAction":[{"@type":"SearchAction","target":{"@type":"EntryPoint","urlTemplate":"https:\/\/www.geostru.eu\/es\/?s={search_term_string}"},"query-input":{"@type":"PropertyValueSpecification","valueRequired":true,"valueName":"search_term_string"}}],"inLanguage":"es"},{"@type":"Organization","@id":"https:\/\/www.geostru.eu\/es\/#organization","name":"GeoStru","url":"https:\/\/www.geostru.eu\/es\/","logo":{"@type":"ImageObject","inLanguage":"es","@id":"https:\/\/www.geostru.eu\/es\/#\/schema\/logo\/image\/","url":"https:\/\/www.geostru.eu\/wp-content\/uploads\/2023\/02\/LOGO_GEOSTRU_educational_banner.png","contentUrl":"https:\/\/www.geostru.eu\/wp-content\/uploads\/2023\/02\/LOGO_GEOSTRU_educational_banner.png","width":363,"height":115,"caption":"GeoStru"},"image":{"@id":"https:\/\/www.geostru.eu\/es\/#\/schema\/logo\/image\/"},"sameAs":["https:\/\/www.facebook.com\/GeoStruSoftware\/","https:\/\/x.com\/geostru","https:\/\/www.linkedin.com\/company\/2462488\/admin\/","https:\/\/www.instagram.com\/geostru\/"]}]}},"_links":{"self":[{"href":"https:\/\/www.geostru.eu\/es\/wp-json\/wp\/v2\/pages\/14915"}],"collection":[{"href":"https:\/\/www.geostru.eu\/es\/wp-json\/wp\/v2\/pages"}],"about":[{"href":"https:\/\/www.geostru.eu\/es\/wp-json\/wp\/v2\/types\/page"}],"author":[{"embeddable":true,"href":"https:\/\/www.geostru.eu\/es\/wp-json\/wp\/v2\/users\/10361"}],"replies":[{"embeddable":true,"href":"https:\/\/www.geostru.eu\/es\/wp-json\/wp\/v2\/comments?post=14915"}],"version-history":[{"count":0,"href":"https:\/\/www.geostru.eu\/es\/wp-json\/wp\/v2\/pages\/14915\/revisions"}],"wp:attachment":[{"href":"https:\/\/www.geostru.eu\/es\/wp-json\/wp\/v2\/media?parent=14915"}],"curies":[{"name":"wp","href":"https:\/\/api.w.org\/{rel}","templated":true}]}}