{"id":138907,"date":"2023-01-06T16:19:17","date_gmt":"2023-01-06T15:19:17","guid":{"rendered":"https:\/\/www.geostru.eu\/licenze-educational-geostru\/"},"modified":"2024-10-21T10:08:31","modified_gmt":"2024-10-21T08:08:31","slug":"licenze-educational-geostru","status":"publish","type":"page","link":"https:\/\/www.geostru.eu\/es\/licenze-educational-geostru\/","title":{"rendered":"Licenze educational geostru"},"content":{"rendered":"<p style=\"text-align: justify\">Licencias educativas de Geostru. Estamos convencidos de que trabajar de manera constructiva para mejorar la educaci\u00f3n es una tarea y, sobre todo, una responsabilidad que organizaciones como la nuestra deben asumir con respecto a las generaciones t\u00e9cnicas futuras.<\/p>\n<p style=\"text-align: justify\">Hacer accesibles herramientas que permitan aplicar y tal vez incluso comprender mejor el tema abordado en el curso en el aula, hace que el proceso de aprendizaje del futuro ingeniero o ge\u00f3logo sea m\u00e1s efectivo.<\/p>\n<p style=\"text-align: justify\">Basados en experiencias tanto italianas como extranjeras que respaldan esta intuici\u00f3n, continuaremos desarrollando esta actividad en los pr\u00f3ximos a\u00f1os, con la esperanza de que nuestra intuici\u00f3n pueda ser compartida por un n\u00famero cada vez mayor de universidades, con el objetivo com\u00fan de mejorar el proceso de aprendizaje de las generaciones futuras.<\/p>\n<p style=\"text-align: justify\">Por lo tanto, ofrecemos a los profesores de los cursos de grado que tratan espec\u00edficamente los temas de nuestros programas la <strong>activaci\u00f3n de las licencias educativas<\/strong>, con el fin de poder utilizar nuestro software con fines acad\u00e9micos, en el contexto de las clases o ejercicios, para comprender mejor las l\u00f3gicas a las que se refiere la materia espec\u00edfica.<\/p>\n<p><span style=\"color: #008000\"><strong>Adjuntar como archivo zip (en la parte inferior de la solicitud) un documento de identidad, adem\u00e1s de un justificante de docencia.<\/strong><\/span><\/p>\n<p style=\"text-align: justify\">Para solicitar una licencia educativa para profesores y entidades de formaci\u00f3n, escriba a <strong>info(at)geostru.eu.<\/strong><\/p>\n","protected":false},"excerpt":{"rendered":"<p>Licencias educativas de Geostru. Estamos convencidos de que trabajar de manera constructiva para mejorar la educaci\u00f3n es una tarea y, sobre todo, una responsabilidad que organizaciones como la nuestra deben asumir con respecto a las generaciones t\u00e9cnicas futuras. Hacer accesibles herramientas que permitan aplicar y tal vez incluso comprender mejor el tema abordado en el&hellip;<\/p>\n","protected":false},"author":216,"featured_media":139073,"parent":0,"menu_order":0,"comment_status":"closed","ping_status":"closed","template":"","meta":{"footnotes":""},"class_list":["post-138907","page","type-page","status-publish","has-post-thumbnail","hentry","description-off"],"yoast_head":"<!-- This site is optimized with the Yoast SEO Premium plugin v25.0 (Yoast SEO v25.0) - https:\/\/yoast.com\/wordpress\/plugins\/seo\/ -->\n<title>Licenze educational geostru - GeoStru<\/title>\n<meta name=\"description\" content=\"Licenze educational Geostru. Siamo convinti che adoperarsi in modo costruttivo affinch\u00e8 si riesca a rendere la formazione migliore, sia un compito ma soprattutto un dovere che realt\u00e0 come la nostra debbano assumersi nei confronti delle generazioni tecniche future.\" \/>\n<meta name=\"robots\" content=\"index, follow, max-snippet:-1, max-image-preview:large, max-video-preview:-1\" \/>\n<link rel=\"canonical\" href=\"https:\/\/www.geostru.eu\/es\/licenze-educational-geostru\/\" \/>\n<meta property=\"og:locale\" content=\"es_ES\" \/>\n<meta property=\"og:type\" content=\"article\" \/>\n<meta property=\"og:title\" content=\"Licenze educational geostru\" \/>\n<meta property=\"og:description\" content=\"Licenze educational Geostru. Siamo convinti che adoperarsi in modo costruttivo affinch\u00e8 si riesca a rendere la formazione migliore, sia un compito ma soprattutto un dovere che realt\u00e0 come la nostra debbano assumersi nei confronti delle generazioni tecniche future.\" \/>\n<meta property=\"og:url\" content=\"https:\/\/www.geostru.eu\/es\/licenze-educational-geostru\/\" \/>\n<meta property=\"og:site_name\" content=\"GeoStru\" \/>\n<meta property=\"article:publisher\" content=\"https:\/\/www.facebook.com\/GeoStruSoftware\/\" \/>\n<meta property=\"article:modified_time\" content=\"2024-10-21T08:08:31+00:00\" \/>\n<meta property=\"og:image\" content=\"https:\/\/www.geostru.eu\/wp-content\/uploads\/2023\/01\/geostru-educational-IT.png\" \/>\n\t<meta property=\"og:image:width\" content=\"1738\" \/>\n\t<meta property=\"og:image:height\" content=\"662\" \/>\n\t<meta property=\"og:image:type\" content=\"image\/png\" \/>\n<meta name=\"twitter:card\" content=\"summary_large_image\" \/>\n<meta name=\"twitter:site\" content=\"@geostru\" \/>\n<meta name=\"twitter:label1\" content=\"Tiempo de lectura\" \/>\n\t<meta name=\"twitter:data1\" content=\"2 minutos\" \/>\n<script type=\"application\/ld+json\" class=\"yoast-schema-graph\">{\"@context\":\"https:\/\/schema.org\",\"@graph\":[{\"@type\":\"WebPage\",\"@id\":\"https:\/\/www.geostru.eu\/es\/licenze-educational-geostru\/\",\"url\":\"https:\/\/www.geostru.eu\/es\/licenze-educational-geostru\/\",\"name\":\"Licenze educational geostru - GeoStru\",\"isPartOf\":{\"@id\":\"https:\/\/www.geostru.eu\/es\/#website\"},\"primaryImageOfPage\":{\"@id\":\"https:\/\/www.geostru.eu\/es\/licenze-educational-geostru\/#primaryimage\"},\"image\":{\"@id\":\"https:\/\/www.geostru.eu\/es\/licenze-educational-geostru\/#primaryimage\"},\"thumbnailUrl\":\"https:\/\/www.geostru.eu\/wp-content\/uploads\/2023\/01\/geostru-educational-IT.png\",\"datePublished\":\"2023-01-06T15:19:17+00:00\",\"dateModified\":\"2024-10-21T08:08:31+00:00\",\"description\":\"Licenze educational Geostru. Siamo convinti che adoperarsi in modo costruttivo affinch\u00e8 si riesca a rendere la formazione migliore, sia un compito ma soprattutto un dovere che realt\u00e0 come la nostra debbano assumersi nei confronti delle generazioni tecniche future.\",\"breadcrumb\":{\"@id\":\"https:\/\/www.geostru.eu\/es\/licenze-educational-geostru\/#breadcrumb\"},\"inLanguage\":\"es\",\"potentialAction\":[{\"@type\":\"ReadAction\",\"target\":[\"https:\/\/www.geostru.eu\/es\/licenze-educational-geostru\/\"]}]},{\"@type\":\"ImageObject\",\"inLanguage\":\"es\",\"@id\":\"https:\/\/www.geostru.eu\/es\/licenze-educational-geostru\/#primaryimage\",\"url\":\"https:\/\/www.geostru.eu\/wp-content\/uploads\/2023\/01\/geostru-educational-IT.png\",\"contentUrl\":\"https:\/\/www.geostru.eu\/wp-content\/uploads\/2023\/01\/geostru-educational-IT.png\",\"width\":1738,\"height\":662},{\"@type\":\"BreadcrumbList\",\"@id\":\"https:\/\/www.geostru.eu\/es\/licenze-educational-geostru\/#breadcrumb\",\"itemListElement\":[{\"@type\":\"ListItem\",\"position\":1,\"name\":\"Home\",\"item\":\"https:\/\/www.geostru.eu\/es\/\"},{\"@type\":\"ListItem\",\"position\":2,\"name\":\"Licenze educational geostru\"}]},{\"@type\":\"WebSite\",\"@id\":\"https:\/\/www.geostru.eu\/es\/#website\",\"url\":\"https:\/\/www.geostru.eu\/es\/\",\"name\":\"GeoStru\",\"description\":\"Professionals at your service\",\"publisher\":{\"@id\":\"https:\/\/www.geostru.eu\/es\/#organization\"},\"potentialAction\":[{\"@type\":\"SearchAction\",\"target\":{\"@type\":\"EntryPoint\",\"urlTemplate\":\"https:\/\/www.geostru.eu\/es\/?s={search_term_string}\"},\"query-input\":{\"@type\":\"PropertyValueSpecification\",\"valueRequired\":true,\"valueName\":\"search_term_string\"}}],\"inLanguage\":\"es\"},{\"@type\":\"Organization\",\"@id\":\"https:\/\/www.geostru.eu\/es\/#organization\",\"name\":\"GeoStru\",\"url\":\"https:\/\/www.geostru.eu\/es\/\",\"logo\":{\"@type\":\"ImageObject\",\"inLanguage\":\"es\",\"@id\":\"https:\/\/www.geostru.eu\/es\/#\/schema\/logo\/image\/\",\"url\":\"https:\/\/www.geostru.eu\/wp-content\/uploads\/2023\/02\/LOGO_GEOSTRU_educational_banner.png\",\"contentUrl\":\"https:\/\/www.geostru.eu\/wp-content\/uploads\/2023\/02\/LOGO_GEOSTRU_educational_banner.png\",\"width\":363,\"height\":115,\"caption\":\"GeoStru\"},\"image\":{\"@id\":\"https:\/\/www.geostru.eu\/es\/#\/schema\/logo\/image\/\"},\"sameAs\":[\"https:\/\/www.facebook.com\/GeoStruSoftware\/\",\"https:\/\/x.com\/geostru\",\"https:\/\/www.linkedin.com\/company\/2462488\/admin\/\",\"https:\/\/www.instagram.com\/geostru\/\"]}]}<\/script>\n<!-- \/ Yoast SEO Premium plugin. -->","yoast_head_json":{"title":"Licenze educational geostru - GeoStru","description":"Licenze educational Geostru. Siamo convinti che adoperarsi in modo costruttivo affinch\u00e8 si riesca a rendere la formazione migliore, sia un compito ma soprattutto un dovere che realt\u00e0 come la nostra debbano assumersi nei confronti delle generazioni tecniche future.","robots":{"index":"index","follow":"follow","max-snippet":"max-snippet:-1","max-image-preview":"max-image-preview:large","max-video-preview":"max-video-preview:-1"},"canonical":"https:\/\/www.geostru.eu\/es\/licenze-educational-geostru\/","og_locale":"es_ES","og_type":"article","og_title":"Licenze educational geostru","og_description":"Licenze educational Geostru. Siamo convinti che adoperarsi in modo costruttivo affinch\u00e8 si riesca a rendere la formazione migliore, sia un compito ma soprattutto un dovere che realt\u00e0 come la nostra debbano assumersi nei confronti delle generazioni tecniche future.","og_url":"https:\/\/www.geostru.eu\/es\/licenze-educational-geostru\/","og_site_name":"GeoStru","article_publisher":"https:\/\/www.facebook.com\/GeoStruSoftware\/","article_modified_time":"2024-10-21T08:08:31+00:00","og_image":[{"width":1738,"height":662,"url":"https:\/\/www.geostru.eu\/wp-content\/uploads\/2023\/01\/geostru-educational-IT.png","type":"image\/png"}],"twitter_card":"summary_large_image","twitter_site":"@geostru","twitter_misc":{"Tiempo de lectura":"2 minutos"},"schema":{"@context":"https:\/\/schema.org","@graph":[{"@type":"WebPage","@id":"https:\/\/www.geostru.eu\/es\/licenze-educational-geostru\/","url":"https:\/\/www.geostru.eu\/es\/licenze-educational-geostru\/","name":"Licenze educational geostru - GeoStru","isPartOf":{"@id":"https:\/\/www.geostru.eu\/es\/#website"},"primaryImageOfPage":{"@id":"https:\/\/www.geostru.eu\/es\/licenze-educational-geostru\/#primaryimage"},"image":{"@id":"https:\/\/www.geostru.eu\/es\/licenze-educational-geostru\/#primaryimage"},"thumbnailUrl":"https:\/\/www.geostru.eu\/wp-content\/uploads\/2023\/01\/geostru-educational-IT.png","datePublished":"2023-01-06T15:19:17+00:00","dateModified":"2024-10-21T08:08:31+00:00","description":"Licenze educational Geostru. Siamo convinti che adoperarsi in modo costruttivo affinch\u00e8 si riesca a rendere la formazione migliore, sia un compito ma soprattutto un dovere che realt\u00e0 come la nostra debbano assumersi nei confronti delle generazioni tecniche future.","breadcrumb":{"@id":"https:\/\/www.geostru.eu\/es\/licenze-educational-geostru\/#breadcrumb"},"inLanguage":"es","potentialAction":[{"@type":"ReadAction","target":["https:\/\/www.geostru.eu\/es\/licenze-educational-geostru\/"]}]},{"@type":"ImageObject","inLanguage":"es","@id":"https:\/\/www.geostru.eu\/es\/licenze-educational-geostru\/#primaryimage","url":"https:\/\/www.geostru.eu\/wp-content\/uploads\/2023\/01\/geostru-educational-IT.png","contentUrl":"https:\/\/www.geostru.eu\/wp-content\/uploads\/2023\/01\/geostru-educational-IT.png","width":1738,"height":662},{"@type":"BreadcrumbList","@id":"https:\/\/www.geostru.eu\/es\/licenze-educational-geostru\/#breadcrumb","itemListElement":[{"@type":"ListItem","position":1,"name":"Home","item":"https:\/\/www.geostru.eu\/es\/"},{"@type":"ListItem","position":2,"name":"Licenze educational geostru"}]},{"@type":"WebSite","@id":"https:\/\/www.geostru.eu\/es\/#website","url":"https:\/\/www.geostru.eu\/es\/","name":"GeoStru","description":"Professionals at your service","publisher":{"@id":"https:\/\/www.geostru.eu\/es\/#organization"},"potentialAction":[{"@type":"SearchAction","target":{"@type":"EntryPoint","urlTemplate":"https:\/\/www.geostru.eu\/es\/?s={search_term_string}"},"query-input":{"@type":"PropertyValueSpecification","valueRequired":true,"valueName":"search_term_string"}}],"inLanguage":"es"},{"@type":"Organization","@id":"https:\/\/www.geostru.eu\/es\/#organization","name":"GeoStru","url":"https:\/\/www.geostru.eu\/es\/","logo":{"@type":"ImageObject","inLanguage":"es","@id":"https:\/\/www.geostru.eu\/es\/#\/schema\/logo\/image\/","url":"https:\/\/www.geostru.eu\/wp-content\/uploads\/2023\/02\/LOGO_GEOSTRU_educational_banner.png","contentUrl":"https:\/\/www.geostru.eu\/wp-content\/uploads\/2023\/02\/LOGO_GEOSTRU_educational_banner.png","width":363,"height":115,"caption":"GeoStru"},"image":{"@id":"https:\/\/www.geostru.eu\/es\/#\/schema\/logo\/image\/"},"sameAs":["https:\/\/www.facebook.com\/GeoStruSoftware\/","https:\/\/x.com\/geostru","https:\/\/www.linkedin.com\/company\/2462488\/admin\/","https:\/\/www.instagram.com\/geostru\/"]}]}},"_links":{"self":[{"href":"https:\/\/www.geostru.eu\/es\/wp-json\/wp\/v2\/pages\/138907"}],"collection":[{"href":"https:\/\/www.geostru.eu\/es\/wp-json\/wp\/v2\/pages"}],"about":[{"href":"https:\/\/www.geostru.eu\/es\/wp-json\/wp\/v2\/types\/page"}],"author":[{"embeddable":true,"href":"https:\/\/www.geostru.eu\/es\/wp-json\/wp\/v2\/users\/216"}],"replies":[{"embeddable":true,"href":"https:\/\/www.geostru.eu\/es\/wp-json\/wp\/v2\/comments?post=138907"}],"version-history":[{"count":4,"href":"https:\/\/www.geostru.eu\/es\/wp-json\/wp\/v2\/pages\/138907\/revisions"}],"predecessor-version":[{"id":153716,"href":"https:\/\/www.geostru.eu\/es\/wp-json\/wp\/v2\/pages\/138907\/revisions\/153716"}],"wp:featuredmedia":[{"embeddable":true,"href":"https:\/\/www.geostru.eu\/es\/wp-json\/wp\/v2\/media\/139073"}],"wp:attachment":[{"href":"https:\/\/www.geostru.eu\/es\/wp-json\/wp\/v2\/media?parent=138907"}],"curies":[{"name":"wp","href":"https:\/\/api.w.org\/{rel}","templated":true}]}}