{"id":128556,"date":"2019-06-13T11:27:10","date_gmt":"2019-06-13T09:27:10","guid":{"rendered":"https:\/\/www.geostru.eu\/servizi\/"},"modified":"2021-08-03T00:15:55","modified_gmt":"2021-08-02T22:15:55","slug":"servicios","status":"publish","type":"page","link":"https:\/\/www.geostru.eu\/es\/servicios\/","title":{"rendered":"Consultor\u00eda y proyectos"},"content":{"rendered":"<div class=\"wpb-content-wrapper\"><p>[vc_row][vc_column]<div id=\"ultib3-397622224869f624e060929\" class=\" ultb3-box ult-adjust-bottom-margin  \" style=\"\"><div id=\"Info-banner-wrap5090\" class=\"ultb3-info ib3-info-center\" data-animation=\"\" data-animation-delay=\"03\"><div class=\"ultb3-title ult-responsive\"  data-ultimate-target='#Info-banner-wrap5090 .ultb3-title'  data-responsive-json-new='{\"font-size\":\"\",\"line-height\":\"\"}'  style=\"font-weight:normal;\">Consultor\u00eda y proyectos <\/div><div class=\"ultb3-desc ult-responsive\"  data-ultimate-target='#Info-banner-wrap5090 .ultb3-desc'  data-responsive-json-new='{\"font-size\":\"\",\"line-height\":\"\"}'  style=\"font-weight:normal;\">GEOSTRU ofrece, a solicitud del Cliente, un servicio de consultor\u00eda de dise\u00f1o. Hoy en d\u00eda, mediante las telecomunicaciones, brindar consultor\u00eda y proyectar a distancia se vuelve mucho m\u00e1s sencillo. Nuestro equipo, altamente especializado, puede contribuir al crecimiento de tu actividad.<\/div><\/div><\/div><style>\n\t\t\t\t\t#ultib3-397622224869f624e060929 {\n\t\t\t\t\t\tmin-height:50px;\n\t\t\t\t\t}\n\t\t\t\t\t#ultib3-397622224869f624e060929 img.ultb3-img {\n\t\t\t\t\t\theight: px;\n\t\t\t\t\t}\n\t\t\t\t\t#ultib3-397622224869f624e060929 .ultb3-btn {\n\t\t\t\t\t\tborder:2px solid #1e73be;border-radius:50px;color:#898989;\n\t\t\t\t\t}\n\t\t\t\t\t#ultib3-397622224869f624e060929 .ultb3-btn:hover {\n\t\t\t\t\t\tbackground:#1e73be;color:#ffffff;\n\t\t\t\t\t}\n\t\t\t\t<\/style>[\/vc_column][\/vc_row][vc_row][vc_column width=\u00bb1\/4&#8243;][vc_column_text]<\/p>\n<p>[\/vc_column_text][vc_single_image image=\u00bb103847&#8243; img_size=\u00bbfull\u00bb][\/vc_column][vc_column width=\u00bb3\/4&#8243;][vc_column_text]<\/p>\n<h3>ESTRUCTURAS<\/h3>\n<h4>C\u00e1lculo y proyecto de estructuras en hormig\u00f3n armado, acero y madera. Los c\u00e1lculos pueden ser avalados por nuestros t\u00e9cnicos.<\/h4>\n<p>[\/vc_column_text][\/vc_column][\/vc_row][vc_row][vc_column width=\u00bb1\/4&#8243;][vc_column_text]<\/p>\n<p>[\/vc_column_text][vc_single_image image=\u00bb103831&#8243; img_size=\u00bbfull\u00bb][\/vc_column][vc_column width=\u00bb3\/4&#8243;][vc_column_text]<\/p>\n<h4><strong>GEOTECNIA<\/strong><\/h4>\n<h4>An\u00e1lisis de estabilidad de taludes naturales, frentes de excavaci\u00f3n, terraplenes, taludes artificiales con obras, taludes en zonas inestables<\/h4>\n<h4>Verificaciones y proyectos de muros de cemento armado, de gravedad, muros de gaviones<\/h4>\n<h4>Verificaciones y proyectos de pantallas<\/h4>\n<h4>Verificaciones y proyectos de pilotes de cimentaci\u00f3n<\/h4>\n<h4>Verificaciones y proyectos de tierras reforzadas<\/h4>\n<h4>Verificaciones y proyectos de taludes rocosos<\/h4>\n<p>[\/vc_column_text][\/vc_column][\/vc_row][vc_row][vc_column width=\u00bb1\/4&#8243;][vc_column_text]<\/p>\n<p>[\/vc_column_text][vc_single_image image=\u00bb103851&#8243; img_size=\u00bbfull\u00bb][\/vc_column][vc_column width=\u00bb3\/4&#8243;][vc_column_text]<\/p>\n<h3>RESPUESTA S\u00cdSMICA LOCAL<\/h3>\n<h4>Se efect\u00faan an\u00e1lisis de respuesta s\u00edsmica local monodimensional, bidimensional y estudios de microzonificaci\u00f3n s\u00edsmica en varios niveles. Podemos efectuar an\u00e1lisis completos o parciales como b\u00fasqueda e importaci\u00f3n de acelerogramas en formatos est\u00e1ndar, etc.<\/h4>\n<p>[\/vc_column_text][\/vc_column][\/vc_row][vc_row][vc_column width=\u00bb1\/4&#8243;][vc_column_text]<\/p>\n<p>[\/vc_column_text][vc_single_image image=\u00bb103843&#8243; img_size=\u00bbfull\u00bb][\/vc_column][vc_column width=\u00bb3\/4&#8243;][vc_column_text]<\/p>\n<h3><strong>ENSAYOS IN SITU<\/strong><\/h3>\n<h4>Interpretaci\u00f3n de ensayos penetrom\u00e9tricos din\u00e1micos y est\u00e1ticos.<\/h4>\n<p>[\/vc_column_text][\/vc_column][\/vc_row][vc_row][vc_column width=\u00bb1\/4&#8243;][vc_column_text]<\/p>\n<p>[\/vc_column_text][vc_single_image image=\u00bb103823&#8243; img_size=\u00bbfull\u00bb][\/vc_column][vc_column width=\u00bb3\/4&#8243;][vc_column_text]<\/p>\n<h3>GEOF\u00cdSICA<\/h3>\n<h4>Interpretaci\u00f3n de ensayos MASW, Refracci\u00f3n, DownHole, HVSR.<\/h4>\n<p>[\/vc_column_text][\/vc_column][\/vc_row][vc_row][vc_column width=\u00bb1\/4&#8243;][vc_column_text]<\/p>\n<p>[\/vc_column_text][vc_single_image image=\u00bb103819&#8243; img_size=\u00bbfull\u00bb][\/vc_column][vc_column width=\u00bb3\/4&#8243;][vc_column_text]<\/p>\n<h3>GEOLOG\u00cdA<\/h3>\n<h4>Verificaciones de licuefacci\u00f3n<br \/>\nAn\u00e1lisis de mec\u00e1nica de rocas<\/h4>\n<p>[\/vc_column_text][\/vc_column][\/vc_row][vc_row][vc_column width=\u00bb1\/4&#8243;][vc_column_text]<\/p>\n<p>[\/vc_column_text][vc_single_image image=\u00bb103835&#8243; img_size=\u00bbfull\u00bb][\/vc_column][vc_column width=\u00bb3\/4&#8243;][vc_column_text]<\/p>\n<h3><strong>HIDR\u00c1ULICA<\/strong><\/h3>\n<h4>Comprobaci\u00f3n en condiciones de movimiento uniforme y permanente de secciones de lechos fluviales<br \/>\nElaboraci\u00f3n hidrol\u00f3gica de cuencas hidrogr\u00e1ficas.<\/h4>\n<p>[\/vc_column_text][\/vc_column][\/vc_row][vc_row][vc_column width=\u00bb1\/4&#8243;][vc_column_text]<\/p>\n<p>[\/vc_column_text][vc_single_image image=\u00bb103839&#8243; img_size=\u00bbfull\u00bb][\/vc_column][vc_column width=\u00bb3\/4&#8243;][vc_column_text]<\/p>\n<h3>HIDROLOG\u00cdA<\/h3>\n<h4>Elaboraciones hidrol\u00f3gicas<\/h4>\n<p>[\/vc_column_text][\/vc_column][\/vc_row][vc_row][vc_column width=\u00bb1\/4&#8243;][vc_column_text]<\/p>\n<p>[\/vc_column_text][vc_single_image image=\u00bb106343&#8243; img_size=\u00bbfull\u00bb][\/vc_column][vc_column width=\u00bb3\/4&#8243;][vc_column_text]<\/p>\n<h3>TOPOGRAF\u00cdA<\/h3>\n<h4>MEDICIONES AEROFOTOGRAM\u00c9TRICAS DIGITALES EN ALT\u00cdSIMA RESOLUCI\u00d3N<br \/>\nLa aerofotogrametr\u00eda, efectuada con tecnolog\u00edas totalmente digitales, caracterizaci\u00f3n, cualificaci\u00f3n y medici\u00f3n de los elementos territoriales.<\/h4>\n<p>[\/vc_column_text][\/vc_column][\/vc_row][vc_row][vc_column width=\u00bb1\/4&#8243;][vc_column_text]<\/p>\n<p>[\/vc_column_text][vc_single_image image=\u00bb103819&#8243; img_size=\u00bbfull\u00bb][\/vc_column][vc_column width=\u00bb3\/4&#8243;][vc_column_text]<\/p>\n<h3>GEOM\u00c1TICA<\/h3>\n<h4 style=\"text-align: justify\">SERVICIOS INFORM\u00c1TICOS DE DATOS TERRITORIALES<br \/>\nRealizaci\u00f3n de cartograf\u00edas, servicios de Web mapping, an\u00e1lisis de geo-processing y administraci\u00f3n de datos territoriales.<\/h4>\n<p>[\/vc_column_text][\/vc_column][\/vc_row][vc_row][vc_column][vc_column_text]<\/p>\n<h3>Para <strong>contactarnos <\/strong>utiliza el siguiente formulario:<\/h3>\n<p>[\/vc_column_text]\n<div class=\"wpcf7 no-js\" id=\"wpcf7-f108056-o1\" lang=\"en-US\" dir=\"ltr\" data-wpcf7-id=\"108056\">\n<div class=\"screen-reader-response\"><p role=\"status\" aria-live=\"polite\" aria-atomic=\"true\"><\/p> <ul><\/ul><\/div>\n<form action=\"\/es\/wp-json\/wp\/v2\/pages\/128556#wpcf7-f108056-o1\" method=\"post\" class=\"wpcf7-form init\" aria-label=\"Contact form\" novalidate=\"novalidate\" data-status=\"init\">\n<div style=\"display: none;\">\n<input type=\"hidden\" name=\"_wpcf7\" value=\"108056\" \/>\n<input type=\"hidden\" name=\"_wpcf7_version\" value=\"6.0.4\" \/>\n<input type=\"hidden\" name=\"_wpcf7_locale\" value=\"en_US\" \/>\n<input type=\"hidden\" name=\"_wpcf7_unit_tag\" value=\"wpcf7-f108056-o1\" \/>\n<input type=\"hidden\" name=\"_wpcf7_container_post\" value=\"0\" \/>\n<input type=\"hidden\" name=\"_wpcf7_posted_data_hash\" value=\"\" \/>\n<\/div>\n<div class=\"row-fluid\">\n\t<div class=\"two\">\n\t\t<div class=\"column\">\n\t\t\t<dt>\n\t\t\t\t<p>Name<span class=\"star\"> *<\/span>\n\t\t\t\t<\/p>\n\t\t\t<\/dt>\n\t\t\t<dd>\n\t\t\t\t<p><span class=\"wpcf7-form-control-wrap\" data-name=\"your-name\"><input size=\"40\" maxlength=\"400\" class=\"wpcf7-form-control wpcf7-text wpcf7-validates-as-required\" aria-required=\"true\" aria-invalid=\"false\" value=\"\" type=\"text\" name=\"your-name\" \/><\/span>\n\t\t\t\t<\/p>\n\t\t\t<\/dd>\n\t\t<\/div>\n\t\t<div class=\"column\">\n\t\t\t<dt>\n\t\t\t\t<p>Email<span class=\"star\"> *<\/span>\n\t\t\t\t<\/p>\n\t\t\t<\/dt>\n\t\t\t<dd>\n\t\t\t\t<p><span class=\"wpcf7-form-control-wrap\" data-name=\"your-email\"><input size=\"40\" maxlength=\"400\" class=\"wpcf7-form-control wpcf7-email wpcf7-validates-as-required wpcf7-text wpcf7-validates-as-email\" aria-required=\"true\" aria-invalid=\"false\" value=\"\" type=\"email\" name=\"your-email\" \/><\/span>\n\t\t\t\t<\/p>\n\t\t\t<\/dd>\n\t\t<\/div>\n\t<\/div>\n\t<div class=\"two\">\n\t\t<div class=\"column\">\n\t\t\t<dt>\n\t\t\t\t<p>Telephone\n\t\t\t\t<\/p>\n\t\t\t<\/dt>\n\t\t\t<dd>\n\t\t\t\t<p><span class=\"wpcf7-form-control-wrap\" data-name=\"tel-91\"><input size=\"40\" maxlength=\"400\" class=\"wpcf7-form-control wpcf7-tel wpcf7-text wpcf7-validates-as-tel Telephone\" aria-invalid=\"false\" value=\"\" type=\"tel\" name=\"tel-91\" \/><\/span>\n\t\t\t\t<\/p>\n\t\t\t<\/dd>\n\t\t<\/div>\n\t\t<div class=\"column\">\n\t\t\t<dt>\n\t\t\t\t<p>Subject\n\t\t\t\t<\/p>\n\t\t\t<\/dt>\n\t\t\t<dd>\n\t\t\t\t<p><span class=\"wpcf7-form-control-wrap\" data-name=\"your-subject\"><input size=\"40\" maxlength=\"400\" class=\"wpcf7-form-control wpcf7-text\" aria-invalid=\"false\" value=\"\" type=\"text\" name=\"your-subject\" \/><\/span>\n\t\t\t\t<\/p>\n\t\t\t<\/dd>\n\t\t<\/div>\n\t<\/div>\n\t<div class=\"one\">\n\t\t<dt>\n\t\t\t<p>Contacted by\n\t\t\t<\/p>\n\t\t<\/dt>\n\t\t<dd>\n\t\t\t<p><span class=\"wpcf7-form-control-wrap\" data-name=\"radio-525\"><span class=\"wpcf7-form-control wpcf7-radio radio\"><span class=\"wpcf7-list-item first\"><label><input type=\"radio\" name=\"radio-525\" value=\"Email\" \/><span class=\"wpcf7-list-item-label\">Email<\/span><\/label><\/span><span class=\"wpcf7-list-item last\"><label><input type=\"radio\" name=\"radio-525\" value=\"Telephone\" \/><span class=\"wpcf7-list-item-label\">Telephone<\/span><\/label><\/span><\/span><\/span>\n\t\t\t<\/p>\n\t\t<\/dd>\n\t<\/div>\n\t<div class=\"one\">\n\t\t<dt>\n\t\t\t<p>Message\n\t\t\t<\/p>\n\t\t<\/dt>\n\t\t<dd>\n\t\t\t<p><span class=\"wpcf7-form-control-wrap\" data-name=\"your-message\"><textarea cols=\"40\" rows=\"10\" maxlength=\"2000\" class=\"wpcf7-form-control wpcf7-textarea\" aria-invalid=\"false\" name=\"your-message\"><\/textarea><\/span>\n\t\t\t<\/p>\n\t\t<\/dd>\n\t<\/div>\n\t<div class=\"one\">\n\t\t<p><span class=\"wpcf7-form-control-wrap\" data-name=\"quiz-933\"><label><span class=\"wpcf7-quiz-label\">10+11?<\/span> <input size=\"40\" class=\"wpcf7-form-control wpcf7-quiz\" autocomplete=\"off\" aria-required=\"true\" aria-invalid=\"false\" type=\"text\" name=\"quiz-933\" \/><\/label><input type=\"hidden\" name=\"_wpcf7_quiz_answer_quiz-933\" value=\"8d6af22a102f32ff18c415f5bc619123\" \/><\/span>\n\t\t<\/p>\n\t<\/div>\n\t<p><input class=\"wpcf7-form-control wpcf7-submit has-spinner ww-button large\" type=\"submit\" value=\"Send\" \/>\n\t<\/p>\n<\/div><p style=\"display: none !important;\" class=\"akismet-fields-container\" data-prefix=\"_wpcf7_ak_\"><label>&#916;<textarea name=\"_wpcf7_ak_hp_textarea\" cols=\"45\" rows=\"8\" maxlength=\"100\"><\/textarea><\/label><input type=\"hidden\" id=\"ak_js_1\" name=\"_wpcf7_ak_js\" value=\"43\"\/><script>document.getElementById( \"ak_js_1\" ).setAttribute( \"value\", ( new Date() ).getTime() );<\/script><\/p><div class=\"wpcf7-response-output\" aria-hidden=\"true\"><\/div>\n<\/form>\n<\/div>\n[\/vc_column][\/vc_row]<\/p>\n<\/div>","protected":false},"excerpt":{"rendered":"<p>[vc_row][vc_column][\/vc_column][\/vc_row][vc_row][vc_column width=\u00bb1\/4&#8243;][vc_column_text] [\/vc_column_text][vc_single_image image=\u00bb103847&#8243; img_size=\u00bbfull\u00bb][\/vc_column][vc_column width=\u00bb3\/4&#8243;][vc_column_text] ESTRUCTURAS C\u00e1lculo y proyecto de estructuras en hormig\u00f3n armado, acero y madera. Los c\u00e1lculos pueden ser avalados por nuestros t\u00e9cnicos. [\/vc_column_text][\/vc_column][\/vc_row][vc_row][vc_column width=\u00bb1\/4&#8243;][vc_column_text] [\/vc_column_text][vc_single_image image=\u00bb103831&#8243; img_size=\u00bbfull\u00bb][\/vc_column][vc_column width=\u00bb3\/4&#8243;][vc_column_text] GEOTECNIA An\u00e1lisis de estabilidad de taludes naturales, frentes de excavaci\u00f3n, terraplenes, taludes artificiales con obras, taludes en zonas inestables Verificaciones y proyectos de&hellip;<\/p>\n","protected":false},"author":216,"featured_media":0,"parent":0,"menu_order":0,"comment_status":"closed","ping_status":"closed","template":"","meta":{"footnotes":""},"class_list":["post-128556","page","type-page","status-publish","hentry","description-off"],"yoast_head":"<!-- This site is optimized with the Yoast SEO Premium plugin v25.0 (Yoast SEO v25.0) - https:\/\/yoast.com\/wordpress\/plugins\/seo\/ -->\n<title>Consultor\u00eda y proyectos - GeoStru<\/title>\n<meta name=\"description\" content=\"GEOSTRU ofrece, a solicitud del Cliente, un servicio de consultor\u00eda de dise\u00f1o. Hoy en d\u00eda, mediante las telecomunicaciones, brindar consultor\u00eda y proyectar a distancia se vuelve mucho m\u00e1s sencillo. Nuestro equipo, altamente especializado, puede contribuir al crecimiento de tu actividad.\" \/>\n<meta name=\"robots\" content=\"index, follow, max-snippet:-1, max-image-preview:large, max-video-preview:-1\" \/>\n<link rel=\"canonical\" href=\"https:\/\/www.geostru.eu\/es\/servicios\/\" \/>\n<meta property=\"og:locale\" content=\"es_ES\" \/>\n<meta property=\"og:type\" content=\"article\" \/>\n<meta property=\"og:title\" content=\"Consultor\u00eda y proyectos\" \/>\n<meta property=\"og:description\" content=\"GEOSTRU ofrece, a solicitud del Cliente, un servicio de consultor\u00eda de dise\u00f1o. Hoy en d\u00eda, mediante las telecomunicaciones, brindar consultor\u00eda y proyectar a distancia se vuelve mucho m\u00e1s sencillo. Nuestro equipo, altamente especializado, puede contribuir al crecimiento de tu actividad.\" \/>\n<meta property=\"og:url\" content=\"https:\/\/www.geostru.eu\/es\/servicios\/\" \/>\n<meta property=\"og:site_name\" content=\"GeoStru\" \/>\n<meta property=\"article:publisher\" content=\"https:\/\/www.facebook.com\/GeoStruSoftware\/\" \/>\n<meta property=\"article:modified_time\" content=\"2021-08-02T22:15:55+00:00\" \/>\n<meta name=\"twitter:card\" content=\"summary_large_image\" \/>\n<meta name=\"twitter:site\" content=\"@geostru\" \/>\n<meta name=\"twitter:label1\" content=\"Tiempo de lectura\" \/>\n\t<meta name=\"twitter:data1\" content=\"2 minutos\" \/>\n<script type=\"application\/ld+json\" class=\"yoast-schema-graph\">{\"@context\":\"https:\/\/schema.org\",\"@graph\":[{\"@type\":\"WebPage\",\"@id\":\"https:\/\/www.geostru.eu\/es\/servicios\/\",\"url\":\"https:\/\/www.geostru.eu\/es\/servicios\/\",\"name\":\"Consultor\u00eda y proyectos - GeoStru\",\"isPartOf\":{\"@id\":\"https:\/\/www.geostru.eu\/es\/#website\"},\"datePublished\":\"2019-06-13T09:27:10+00:00\",\"dateModified\":\"2021-08-02T22:15:55+00:00\",\"description\":\"GEOSTRU ofrece, a solicitud del Cliente, un servicio de consultor\u00eda de dise\u00f1o. Hoy en d\u00eda, mediante las telecomunicaciones, brindar consultor\u00eda y proyectar a distancia se vuelve mucho m\u00e1s sencillo. Nuestro equipo, altamente especializado, puede contribuir al crecimiento de tu actividad.\",\"breadcrumb\":{\"@id\":\"https:\/\/www.geostru.eu\/es\/servicios\/#breadcrumb\"},\"inLanguage\":\"es\",\"potentialAction\":[{\"@type\":\"ReadAction\",\"target\":[\"https:\/\/www.geostru.eu\/es\/servicios\/\"]}]},{\"@type\":\"BreadcrumbList\",\"@id\":\"https:\/\/www.geostru.eu\/es\/servicios\/#breadcrumb\",\"itemListElement\":[{\"@type\":\"ListItem\",\"position\":1,\"name\":\"Home\",\"item\":\"https:\/\/www.geostru.eu\/es\/\"},{\"@type\":\"ListItem\",\"position\":2,\"name\":\"Consultor\u00eda y proyectos\"}]},{\"@type\":\"WebSite\",\"@id\":\"https:\/\/www.geostru.eu\/es\/#website\",\"url\":\"https:\/\/www.geostru.eu\/es\/\",\"name\":\"GeoStru\",\"description\":\"Professionals at your service\",\"publisher\":{\"@id\":\"https:\/\/www.geostru.eu\/es\/#organization\"},\"potentialAction\":[{\"@type\":\"SearchAction\",\"target\":{\"@type\":\"EntryPoint\",\"urlTemplate\":\"https:\/\/www.geostru.eu\/es\/?s={search_term_string}\"},\"query-input\":{\"@type\":\"PropertyValueSpecification\",\"valueRequired\":true,\"valueName\":\"search_term_string\"}}],\"inLanguage\":\"es\"},{\"@type\":\"Organization\",\"@id\":\"https:\/\/www.geostru.eu\/es\/#organization\",\"name\":\"GeoStru\",\"url\":\"https:\/\/www.geostru.eu\/es\/\",\"logo\":{\"@type\":\"ImageObject\",\"inLanguage\":\"es\",\"@id\":\"https:\/\/www.geostru.eu\/es\/#\/schema\/logo\/image\/\",\"url\":\"https:\/\/www.geostru.eu\/wp-content\/uploads\/2023\/02\/LOGO_GEOSTRU_educational_banner.png\",\"contentUrl\":\"https:\/\/www.geostru.eu\/wp-content\/uploads\/2023\/02\/LOGO_GEOSTRU_educational_banner.png\",\"width\":363,\"height\":115,\"caption\":\"GeoStru\"},\"image\":{\"@id\":\"https:\/\/www.geostru.eu\/es\/#\/schema\/logo\/image\/\"},\"sameAs\":[\"https:\/\/www.facebook.com\/GeoStruSoftware\/\",\"https:\/\/x.com\/geostru\",\"https:\/\/www.linkedin.com\/company\/2462488\/admin\/\",\"https:\/\/www.instagram.com\/geostru\/\"]}]}<\/script>\n<!-- \/ Yoast SEO Premium plugin. -->","yoast_head_json":{"title":"Consultor\u00eda y proyectos - GeoStru","description":"GEOSTRU ofrece, a solicitud del Cliente, un servicio de consultor\u00eda de dise\u00f1o. Hoy en d\u00eda, mediante las telecomunicaciones, brindar consultor\u00eda y proyectar a distancia se vuelve mucho m\u00e1s sencillo. Nuestro equipo, altamente especializado, puede contribuir al crecimiento de tu actividad.","robots":{"index":"index","follow":"follow","max-snippet":"max-snippet:-1","max-image-preview":"max-image-preview:large","max-video-preview":"max-video-preview:-1"},"canonical":"https:\/\/www.geostru.eu\/es\/servicios\/","og_locale":"es_ES","og_type":"article","og_title":"Consultor\u00eda y proyectos","og_description":"GEOSTRU ofrece, a solicitud del Cliente, un servicio de consultor\u00eda de dise\u00f1o. Hoy en d\u00eda, mediante las telecomunicaciones, brindar consultor\u00eda y proyectar a distancia se vuelve mucho m\u00e1s sencillo. Nuestro equipo, altamente especializado, puede contribuir al crecimiento de tu actividad.","og_url":"https:\/\/www.geostru.eu\/es\/servicios\/","og_site_name":"GeoStru","article_publisher":"https:\/\/www.facebook.com\/GeoStruSoftware\/","article_modified_time":"2021-08-02T22:15:55+00:00","twitter_card":"summary_large_image","twitter_site":"@geostru","twitter_misc":{"Tiempo de lectura":"2 minutos"},"schema":{"@context":"https:\/\/schema.org","@graph":[{"@type":"WebPage","@id":"https:\/\/www.geostru.eu\/es\/servicios\/","url":"https:\/\/www.geostru.eu\/es\/servicios\/","name":"Consultor\u00eda y proyectos - GeoStru","isPartOf":{"@id":"https:\/\/www.geostru.eu\/es\/#website"},"datePublished":"2019-06-13T09:27:10+00:00","dateModified":"2021-08-02T22:15:55+00:00","description":"GEOSTRU ofrece, a solicitud del Cliente, un servicio de consultor\u00eda de dise\u00f1o. Hoy en d\u00eda, mediante las telecomunicaciones, brindar consultor\u00eda y proyectar a distancia se vuelve mucho m\u00e1s sencillo. Nuestro equipo, altamente especializado, puede contribuir al crecimiento de tu actividad.","breadcrumb":{"@id":"https:\/\/www.geostru.eu\/es\/servicios\/#breadcrumb"},"inLanguage":"es","potentialAction":[{"@type":"ReadAction","target":["https:\/\/www.geostru.eu\/es\/servicios\/"]}]},{"@type":"BreadcrumbList","@id":"https:\/\/www.geostru.eu\/es\/servicios\/#breadcrumb","itemListElement":[{"@type":"ListItem","position":1,"name":"Home","item":"https:\/\/www.geostru.eu\/es\/"},{"@type":"ListItem","position":2,"name":"Consultor\u00eda y proyectos"}]},{"@type":"WebSite","@id":"https:\/\/www.geostru.eu\/es\/#website","url":"https:\/\/www.geostru.eu\/es\/","name":"GeoStru","description":"Professionals at your service","publisher":{"@id":"https:\/\/www.geostru.eu\/es\/#organization"},"potentialAction":[{"@type":"SearchAction","target":{"@type":"EntryPoint","urlTemplate":"https:\/\/www.geostru.eu\/es\/?s={search_term_string}"},"query-input":{"@type":"PropertyValueSpecification","valueRequired":true,"valueName":"search_term_string"}}],"inLanguage":"es"},{"@type":"Organization","@id":"https:\/\/www.geostru.eu\/es\/#organization","name":"GeoStru","url":"https:\/\/www.geostru.eu\/es\/","logo":{"@type":"ImageObject","inLanguage":"es","@id":"https:\/\/www.geostru.eu\/es\/#\/schema\/logo\/image\/","url":"https:\/\/www.geostru.eu\/wp-content\/uploads\/2023\/02\/LOGO_GEOSTRU_educational_banner.png","contentUrl":"https:\/\/www.geostru.eu\/wp-content\/uploads\/2023\/02\/LOGO_GEOSTRU_educational_banner.png","width":363,"height":115,"caption":"GeoStru"},"image":{"@id":"https:\/\/www.geostru.eu\/es\/#\/schema\/logo\/image\/"},"sameAs":["https:\/\/www.facebook.com\/GeoStruSoftware\/","https:\/\/x.com\/geostru","https:\/\/www.linkedin.com\/company\/2462488\/admin\/","https:\/\/www.instagram.com\/geostru\/"]}]}},"_links":{"self":[{"href":"https:\/\/www.geostru.eu\/es\/wp-json\/wp\/v2\/pages\/128556"}],"collection":[{"href":"https:\/\/www.geostru.eu\/es\/wp-json\/wp\/v2\/pages"}],"about":[{"href":"https:\/\/www.geostru.eu\/es\/wp-json\/wp\/v2\/types\/page"}],"author":[{"embeddable":true,"href":"https:\/\/www.geostru.eu\/es\/wp-json\/wp\/v2\/users\/216"}],"replies":[{"embeddable":true,"href":"https:\/\/www.geostru.eu\/es\/wp-json\/wp\/v2\/comments?post=128556"}],"version-history":[{"count":0,"href":"https:\/\/www.geostru.eu\/es\/wp-json\/wp\/v2\/pages\/128556\/revisions"}],"wp:attachment":[{"href":"https:\/\/www.geostru.eu\/es\/wp-json\/wp\/v2\/media?parent=128556"}],"curies":[{"name":"wp","href":"https:\/\/api.w.org\/{rel}","templated":true}]}}