{"id":121580,"date":"2020-07-16T09:33:56","date_gmt":"2020-07-16T07:33:56","guid":{"rendered":"https:\/\/www.geostru.eu\/sviluppo-e-ricerca\/"},"modified":"2020-08-15T01:26:39","modified_gmt":"2020-08-14T23:26:39","slug":"desarrollo-e-investigacion","status":"publish","type":"page","link":"https:\/\/www.geostru.eu\/es\/desarrollo-e-investigacion\/","title":{"rendered":"Desarrollo e Investigaci\u00f3n"},"content":{"rendered":"<h2>\u00a0<\/h2>\r\n<h3><img loading=\"lazy\" decoding=\"async\" class=\"wp-image-121559 size-large aligncenter\" src=\"https:\/\/www.geostru.eu\/wp-content\/uploads\/2020\/07\/CGT_geostru-1-1030x160.png\" alt=\"\" width=\"1030\" height=\"160\" srcset=\"https:\/\/www.geostru.eu\/wp-content\/uploads\/2020\/07\/CGT_geostru-1-1030x160.png 1030w, https:\/\/www.geostru.eu\/wp-content\/uploads\/2020\/07\/CGT_geostru-1-300x47.png 300w, https:\/\/www.geostru.eu\/wp-content\/uploads\/2020\/07\/CGT_geostru-1-768x119.png 768w, https:\/\/www.geostru.eu\/wp-content\/uploads\/2020\/07\/CGT_geostru-1-500x78.png 500w, https:\/\/www.geostru.eu\/wp-content\/uploads\/2020\/07\/CGT_geostru-1.png 1122w\" sizes=\"(max-width: 1030px) 100vw, 1030px\" \/><\/h3>\r\n<h3 style=\"text-align: center\">ACUERDO MARCO DE INVESTIGACI\u00d3N<\/h3>\r\n<h3 style=\"text-align: center\">ENTRE<\/h3>\r\n<h3 style=\"text-align: center\">CGT Engineering srl \u2013 Laboratorio Conjunto para la Geotecnolog\u00cda Aplicada al Ambiente. Universidad de Siena<\/h3>\r\n<h3 style=\"text-align: center\">representada por su Presidente Dr. Filippo Bonciani y por el Director T\u00e9cnico Prof. Eros Aiello, con sede legal en calle Vezzosi,15 &#8211; 52100 Arezzo (IT).<\/h3>\r\n<h3 style=\"text-align: center\">Y<\/h3>\r\n<h3 style=\"text-align: center\">S.C. <a href=\"https:\/\/www.geostru.eu\/es\/\" target=\"_blank\" rel=\"noopener noreferrer\">Engsoft SRL<\/a> (propietaria de la mara <a href=\"https:\/\/www.geostru.eu\/es\/\">GEOSTRU<\/a>)<\/h3>\r\n<h3 style=\"text-align: center\">representada por su Administrador \u00danico Dr. ing. Filippo Catanzariti, con sede en calle Sarmisegetusa, 19-21, Spaz. Com. 1 Cluj Napoca (RO).<\/h3>\r\n<h3>\u00a0<\/h3>\r\n<h3 style=\"text-align: center\">DADO QUE<\/h3>\r\n<p style=\"text-align: justify\">&#8211; desde hace a\u00f1os el <a href=\"http:\/\/www.geotecnologie.unisi.it\" target=\"_blank\" rel=\"noopener noreferrer\">CGT Engineering srl<\/a> efect\u00faa estudios, investigaciones y proyectos relacionados con la estructura geol\u00f3gica, geomorfol\u00f3gica, geot\u00e9cnica, s\u00edsmica, estructural y ambiental mediante el uso de software avanzados en dichos campos, tal como se documenta en varias publicaciones de trabajos que se han llevado a cabo;<br \/>&#8211; S.C. Engsoft SRL ha desarrollado sistemas avanzados de software y tiene inter\u00e9s en incentivar la adquisici\u00f3n de conocimientos en geolog\u00eda, geomorfolog\u00eda, geotecnia y s\u00edsmica aplicadas y los conocimientos en ingenier\u00eda estructural finalizados a la identificaci\u00f3n y definici\u00f3n de los m\u00faltiples tipos de riesgo, en relaci\u00f3n a las normas nacionales e internacionales existentes y futuras para la construcci\u00f3n, con el utilizo de los software dedicados ya existentes, a actualizar o a ampliar, o a proyectar desde cero;<br \/>&#8211; el desempe\u00f1o de la actividad objeto de este acto es de inter\u00e9s de ambas partes por las funciones que desempe\u00f1an y por los respectivos intereses que persiguen, con la consecuencia de un fruct\u00edfero aporte de ambas, incluso con fines educativos;<\/p>\r\n<h4 style=\"text-align: center\">SE CONVIENE Y SE ESTIPULA CUANTO SIGUE<\/h4>\r\n<h4 style=\"text-align: center\"><strong>Art. 1= Objeto del Acuerdo<\/strong><\/h4>\r\n<p style=\"text-align: justify\"><a href=\"http:\/\/www.geotecnologie.unisi.it\" target=\"_blank\" rel=\"noopener noreferrer\">CGT Engineering srl<\/a> y Engsoft SRL (propietaria de la marca <a href=\"https:\/\/www.geostru.eu\/es\/\">GEOSTRU<\/a>) se comprometen a realizar conjuntamente investigaciones cuyo objeto sea el siguiente: \u201cAdquirir conocimientos de geolog\u00eda, geomorfolog\u00eda, geotecnia y s\u00edsmica aplicadas y an\u00e1lisis estructurales dirigidos a la identificaci\u00f3n y definici\u00f3n de\u00a0 variados tipos de riesgo, con relaci\u00f3n a las normas nacionales e internacionales existentes y futuras para la construcci\u00f3n, con el utilizo de los software dedicados ya existentes, a actualizar o a ampliar, o a proyectar desde cero. Durante el curso de la investigaci\u00f3n y con relaci\u00f3n a la evoluci\u00f3n de la misma, se podr\u00e1 acordar, entre los responsables cient\u00edficos, actualizaciones en la planificaci\u00f3n de los detalles de las actividades, siempre dentro de los l\u00edmites del programa de investigaci\u00f3n. El programa de investigaci\u00f3n ser\u00e1 conducido conjuntamente por el personal de CGT Engineering srl y Engsoft SRL para la consecuci\u00f3n de los respectivos objetivos comunes.<\/p>\r\n<h4 style=\"text-align: center\"><strong>Art. 2= Responsables<\/strong><\/h4>\r\n<p style=\"text-align: justify\">Responsables Cient\u00edficos de la investigaci\u00f3n por CGT Engineering srl &#8230;..<\/p>\r\n<h4 style=\"text-align: center\">Art. 3= Productos<\/h4>\r\n<p style=\"text-align: justify\">CGT Engineering srl y Engsoft SRL al final del estudio, renovable t\u00e1citamente de a\u00f1o en a\u00f1o, desarrollar\u00e1n juntamente publicaciones cient\u00edficas&#8230;.<\/p>\r\n<h4 style=\"text-align: center\">Art. 4= Propiedad de los resultados<\/h4>\r\n<p style=\"text-align: justify\">Los resultados de las investigaciones son co-propiedad de CGT Engineering srl y Engsoft SRL en cuanto a los fines de investigaci\u00f3n cient\u00edfica, que se presentar\u00e1n en revistas nacionales o internacionales, congresos, seminarios o similares, mencionando expresamente el convenio en el que se realiz\u00f3 el trabajo de investigaci\u00f3n.<\/p>\r\n<p style=\"text-align: justify\">CGT Engineering srl debe mantener reservados los datos, informaci\u00f3n, dise\u00f1os y otras propiedades de Engsoft SRL, que eventualmente hayan sido puestos a disposici\u00f3n de CGT Engineering srl para el desarrollo de la investigaci\u00f3n.<\/p>\r\n<h4 style=\"text-align: center\">Art. 5= Duraci\u00f3n del contrato<\/h4>\r\n<p style=\"text-align: justify\">La investigaci\u00f3n tendr\u00e1 una duraci\u00f3n&#8230;<\/p>\r\n<h4 style=\"text-align: center\">Art. 6= Costos<\/h4>\r\n<p>En relaci\u00f3n al desarrollo pleno de la investigaci\u00f3n y en el contexto de la participaci\u00f3n colaborativa, con un prop\u00f3sito com\u00fan, las partes correr\u00e1n con sus propios gastos sin sobrecargar a la otra. En caso de eventos como conferencias y\/o congresos, se estipular\u00e1 un acuerdo en cada caso.\u00a0<\/p>\r\n<h4>\u00a0<\/h4>\r\n<h4 style=\"text-align: center\">Art. 7= Movilidad del personal entre los contratantes\u00a0<\/h4>\r\n<p style=\"text-align: justify\">Salvo los casos,&#8230;.<\/p>\r\n<p style=\"text-align: justify\">\u00a0<\/p>\r\n<p style=\"text-align: justify\">\u00a0<\/p>","protected":false},"excerpt":{"rendered":"<p>\u00a0 ACUERDO MARCO DE INVESTIGACI\u00d3N ENTRE CGT Engineering srl \u2013 Laboratorio Conjunto para la Geotecnolog\u00cda Aplicada al Ambiente. Universidad de Siena representada por su Presidente Dr. Filippo Bonciani y por el Director T\u00e9cnico Prof. Eros Aiello, con sede legal en calle Vezzosi,15 &#8211; 52100 Arezzo (IT). Y S.C. Engsoft SRL (propietaria de la mara GEOSTRU)&hellip;<\/p>\n","protected":false},"author":216,"featured_media":121501,"parent":0,"menu_order":0,"comment_status":"closed","ping_status":"closed","template":"","meta":{"footnotes":""},"class_list":["post-121580","page","type-page","status-publish","has-post-thumbnail","hentry","description-off"],"yoast_head":"<!-- This site is optimized with the Yoast SEO Premium plugin v25.0 (Yoast SEO v25.0) - https:\/\/yoast.com\/wordpress\/plugins\/seo\/ -->\n<title>Desarrollo e Investigaci\u00f3n - GeoStru<\/title>\n<meta name=\"robots\" content=\"index, follow, max-snippet:-1, max-image-preview:large, max-video-preview:-1\" \/>\n<link rel=\"canonical\" href=\"https:\/\/www.geostru.eu\/es\/desarrollo-e-investigacion\/\" \/>\n<meta property=\"og:locale\" content=\"es_ES\" \/>\n<meta property=\"og:type\" content=\"article\" \/>\n<meta property=\"og:title\" content=\"Ricerca geostru\" \/>\n<meta property=\"og:description\" content=\"\u00a0 ACUERDO MARCO DE INVESTIGACI\u00d3N ENTRE CGT Engineering srl \u2013 Laboratorio Conjunto para la Geotecnolog\u00cda Aplicada al Ambiente. Universidad de Siena representada por su Presidente Dr. Filippo Bonciani y por el Director T\u00e9cnico Prof. Eros Aiello, con sede legal en calle Vezzosi,15 &#8211; 52100 Arezzo (IT). Y S.C. Engsoft SRL (propietaria de la mara GEOSTRU)&hellip;\" \/>\n<meta property=\"og:url\" content=\"https:\/\/www.geostru.eu\/es\/desarrollo-e-investigacion\/\" \/>\n<meta property=\"og:site_name\" content=\"GeoStru\" \/>\n<meta property=\"article:publisher\" content=\"https:\/\/www.facebook.com\/GeoStruSoftware\/\" \/>\n<meta property=\"article:modified_time\" content=\"2020-08-14T23:26:39+00:00\" \/>\n<meta property=\"og:image\" content=\"https:\/\/www.geostru.eu\/wp-content\/uploads\/2020\/07\/CGT_geostru.jpg\" \/>\n<meta name=\"twitter:card\" content=\"summary_large_image\" \/>\n<meta name=\"twitter:title\" content=\"Desarrollo e Investigaci\u00f3n\" \/>\n<meta name=\"twitter:site\" content=\"@geostru\" \/>\n<meta name=\"twitter:label1\" content=\"Tiempo de lectura\" \/>\n\t<meta name=\"twitter:data1\" content=\"3 minutos\" \/>\n<script type=\"application\/ld+json\" class=\"yoast-schema-graph\">{\"@context\":\"https:\/\/schema.org\",\"@graph\":[{\"@type\":\"WebPage\",\"@id\":\"https:\/\/www.geostru.eu\/es\/desarrollo-e-investigacion\/\",\"url\":\"https:\/\/www.geostru.eu\/es\/desarrollo-e-investigacion\/\",\"name\":\"Desarrollo e Investigaci\u00f3n - GeoStru\",\"isPartOf\":{\"@id\":\"https:\/\/www.geostru.eu\/es\/#website\"},\"primaryImageOfPage\":{\"@id\":\"https:\/\/www.geostru.eu\/es\/desarrollo-e-investigacion\/#primaryimage\"},\"image\":{\"@id\":\"https:\/\/www.geostru.eu\/es\/desarrollo-e-investigacion\/#primaryimage\"},\"thumbnailUrl\":\"https:\/\/www.geostru.eu\/wp-content\/uploads\/2020\/07\/CGT_geostru.jpg\",\"datePublished\":\"2020-07-16T07:33:56+00:00\",\"dateModified\":\"2020-08-14T23:26:39+00:00\",\"breadcrumb\":{\"@id\":\"https:\/\/www.geostru.eu\/es\/desarrollo-e-investigacion\/#breadcrumb\"},\"inLanguage\":\"es\",\"potentialAction\":[{\"@type\":\"ReadAction\",\"target\":[\"https:\/\/www.geostru.eu\/es\/desarrollo-e-investigacion\/\"]}]},{\"@type\":\"ImageObject\",\"inLanguage\":\"es\",\"@id\":\"https:\/\/www.geostru.eu\/es\/desarrollo-e-investigacion\/#primaryimage\",\"url\":\"https:\/\/www.geostru.eu\/wp-content\/uploads\/2020\/07\/CGT_geostru.jpg\",\"contentUrl\":\"https:\/\/www.geostru.eu\/wp-content\/uploads\/2020\/07\/CGT_geostru.jpg\",\"width\":1122,\"height\":500},{\"@type\":\"BreadcrumbList\",\"@id\":\"https:\/\/www.geostru.eu\/es\/desarrollo-e-investigacion\/#breadcrumb\",\"itemListElement\":[{\"@type\":\"ListItem\",\"position\":1,\"name\":\"Home\",\"item\":\"https:\/\/www.geostru.eu\/es\/\"},{\"@type\":\"ListItem\",\"position\":2,\"name\":\"Desarrollo e Investigaci\u00f3n\"}]},{\"@type\":\"WebSite\",\"@id\":\"https:\/\/www.geostru.eu\/es\/#website\",\"url\":\"https:\/\/www.geostru.eu\/es\/\",\"name\":\"GeoStru\",\"description\":\"Professionals at your service\",\"publisher\":{\"@id\":\"https:\/\/www.geostru.eu\/es\/#organization\"},\"potentialAction\":[{\"@type\":\"SearchAction\",\"target\":{\"@type\":\"EntryPoint\",\"urlTemplate\":\"https:\/\/www.geostru.eu\/es\/?s={search_term_string}\"},\"query-input\":{\"@type\":\"PropertyValueSpecification\",\"valueRequired\":true,\"valueName\":\"search_term_string\"}}],\"inLanguage\":\"es\"},{\"@type\":\"Organization\",\"@id\":\"https:\/\/www.geostru.eu\/es\/#organization\",\"name\":\"GeoStru\",\"url\":\"https:\/\/www.geostru.eu\/es\/\",\"logo\":{\"@type\":\"ImageObject\",\"inLanguage\":\"es\",\"@id\":\"https:\/\/www.geostru.eu\/es\/#\/schema\/logo\/image\/\",\"url\":\"https:\/\/www.geostru.eu\/wp-content\/uploads\/2023\/02\/LOGO_GEOSTRU_educational_banner.png\",\"contentUrl\":\"https:\/\/www.geostru.eu\/wp-content\/uploads\/2023\/02\/LOGO_GEOSTRU_educational_banner.png\",\"width\":363,\"height\":115,\"caption\":\"GeoStru\"},\"image\":{\"@id\":\"https:\/\/www.geostru.eu\/es\/#\/schema\/logo\/image\/\"},\"sameAs\":[\"https:\/\/www.facebook.com\/GeoStruSoftware\/\",\"https:\/\/x.com\/geostru\",\"https:\/\/www.linkedin.com\/company\/2462488\/admin\/\",\"https:\/\/www.instagram.com\/geostru\/\"]}]}<\/script>\n<!-- \/ Yoast SEO Premium plugin. -->","yoast_head_json":{"title":"Desarrollo e Investigaci\u00f3n - GeoStru","robots":{"index":"index","follow":"follow","max-snippet":"max-snippet:-1","max-image-preview":"max-image-preview:large","max-video-preview":"max-video-preview:-1"},"canonical":"https:\/\/www.geostru.eu\/es\/desarrollo-e-investigacion\/","og_locale":"es_ES","og_type":"article","og_title":"Ricerca geostru","og_description":"\u00a0 ACUERDO MARCO DE INVESTIGACI\u00d3N ENTRE CGT Engineering srl \u2013 Laboratorio Conjunto para la Geotecnolog\u00cda Aplicada al Ambiente. Universidad de Siena representada por su Presidente Dr. Filippo Bonciani y por el Director T\u00e9cnico Prof. Eros Aiello, con sede legal en calle Vezzosi,15 &#8211; 52100 Arezzo (IT). Y S.C. Engsoft SRL (propietaria de la mara GEOSTRU)&hellip;","og_url":"https:\/\/www.geostru.eu\/es\/desarrollo-e-investigacion\/","og_site_name":"GeoStru","article_publisher":"https:\/\/www.facebook.com\/GeoStruSoftware\/","article_modified_time":"2020-08-14T23:26:39+00:00","og_image":[{"url":"https:\/\/www.geostru.eu\/wp-content\/uploads\/2020\/07\/CGT_geostru.jpg","type":"","width":"","height":""}],"twitter_card":"summary_large_image","twitter_title":"Desarrollo e Investigaci\u00f3n","twitter_site":"@geostru","twitter_misc":{"Tiempo de lectura":"3 minutos"},"schema":{"@context":"https:\/\/schema.org","@graph":[{"@type":"WebPage","@id":"https:\/\/www.geostru.eu\/es\/desarrollo-e-investigacion\/","url":"https:\/\/www.geostru.eu\/es\/desarrollo-e-investigacion\/","name":"Desarrollo e Investigaci\u00f3n - GeoStru","isPartOf":{"@id":"https:\/\/www.geostru.eu\/es\/#website"},"primaryImageOfPage":{"@id":"https:\/\/www.geostru.eu\/es\/desarrollo-e-investigacion\/#primaryimage"},"image":{"@id":"https:\/\/www.geostru.eu\/es\/desarrollo-e-investigacion\/#primaryimage"},"thumbnailUrl":"https:\/\/www.geostru.eu\/wp-content\/uploads\/2020\/07\/CGT_geostru.jpg","datePublished":"2020-07-16T07:33:56+00:00","dateModified":"2020-08-14T23:26:39+00:00","breadcrumb":{"@id":"https:\/\/www.geostru.eu\/es\/desarrollo-e-investigacion\/#breadcrumb"},"inLanguage":"es","potentialAction":[{"@type":"ReadAction","target":["https:\/\/www.geostru.eu\/es\/desarrollo-e-investigacion\/"]}]},{"@type":"ImageObject","inLanguage":"es","@id":"https:\/\/www.geostru.eu\/es\/desarrollo-e-investigacion\/#primaryimage","url":"https:\/\/www.geostru.eu\/wp-content\/uploads\/2020\/07\/CGT_geostru.jpg","contentUrl":"https:\/\/www.geostru.eu\/wp-content\/uploads\/2020\/07\/CGT_geostru.jpg","width":1122,"height":500},{"@type":"BreadcrumbList","@id":"https:\/\/www.geostru.eu\/es\/desarrollo-e-investigacion\/#breadcrumb","itemListElement":[{"@type":"ListItem","position":1,"name":"Home","item":"https:\/\/www.geostru.eu\/es\/"},{"@type":"ListItem","position":2,"name":"Desarrollo e Investigaci\u00f3n"}]},{"@type":"WebSite","@id":"https:\/\/www.geostru.eu\/es\/#website","url":"https:\/\/www.geostru.eu\/es\/","name":"GeoStru","description":"Professionals at your service","publisher":{"@id":"https:\/\/www.geostru.eu\/es\/#organization"},"potentialAction":[{"@type":"SearchAction","target":{"@type":"EntryPoint","urlTemplate":"https:\/\/www.geostru.eu\/es\/?s={search_term_string}"},"query-input":{"@type":"PropertyValueSpecification","valueRequired":true,"valueName":"search_term_string"}}],"inLanguage":"es"},{"@type":"Organization","@id":"https:\/\/www.geostru.eu\/es\/#organization","name":"GeoStru","url":"https:\/\/www.geostru.eu\/es\/","logo":{"@type":"ImageObject","inLanguage":"es","@id":"https:\/\/www.geostru.eu\/es\/#\/schema\/logo\/image\/","url":"https:\/\/www.geostru.eu\/wp-content\/uploads\/2023\/02\/LOGO_GEOSTRU_educational_banner.png","contentUrl":"https:\/\/www.geostru.eu\/wp-content\/uploads\/2023\/02\/LOGO_GEOSTRU_educational_banner.png","width":363,"height":115,"caption":"GeoStru"},"image":{"@id":"https:\/\/www.geostru.eu\/es\/#\/schema\/logo\/image\/"},"sameAs":["https:\/\/www.facebook.com\/GeoStruSoftware\/","https:\/\/x.com\/geostru","https:\/\/www.linkedin.com\/company\/2462488\/admin\/","https:\/\/www.instagram.com\/geostru\/"]}]}},"_links":{"self":[{"href":"https:\/\/www.geostru.eu\/es\/wp-json\/wp\/v2\/pages\/121580"}],"collection":[{"href":"https:\/\/www.geostru.eu\/es\/wp-json\/wp\/v2\/pages"}],"about":[{"href":"https:\/\/www.geostru.eu\/es\/wp-json\/wp\/v2\/types\/page"}],"author":[{"embeddable":true,"href":"https:\/\/www.geostru.eu\/es\/wp-json\/wp\/v2\/users\/216"}],"replies":[{"embeddable":true,"href":"https:\/\/www.geostru.eu\/es\/wp-json\/wp\/v2\/comments?post=121580"}],"version-history":[{"count":0,"href":"https:\/\/www.geostru.eu\/es\/wp-json\/wp\/v2\/pages\/121580\/revisions"}],"wp:featuredmedia":[{"embeddable":true,"href":"https:\/\/www.geostru.eu\/es\/wp-json\/wp\/v2\/media\/121501"}],"wp:attachment":[{"href":"https:\/\/www.geostru.eu\/es\/wp-json\/wp\/v2\/media?parent=121580"}],"curies":[{"name":"wp","href":"https:\/\/api.w.org\/{rel}","templated":true}]}}