{"id":119405,"date":"2020-05-12T17:27:56","date_gmt":"2020-05-12T15:27:56","guid":{"rendered":"https:\/\/www.geostru.eu\/?page_id=119405"},"modified":"2021-08-02T08:58:20","modified_gmt":"2021-08-02T06:58:20","slug":"manuales","status":"publish","type":"page","link":"https:\/\/www.geostru.eu\/es\/manuales\/","title":{"rendered":"Manuales"},"content":{"rendered":"<div class=\"wpb-content-wrapper\"><p>[vc_row full_width=\u00bbstretch_row\u00bb disable_element=\u00bbyes\u00bb][vc_column][vc_text_separator title=\u00bbGeneral\u00bb][\/vc_column][vc_column width=\u00bb1\/3&#8243;][vc_column_text]<\/p>\n<h3><img loading=\"lazy\" decoding=\"async\" class=\"wp-image-119350 size-full alignleft\" src=\"https:\/\/www.geostru.eu\/wp-content\/uploads\/2020\/05\/icona-64x64-1.png\" alt=\"\" width=\"64\" height=\"64\" \/>NTC EC<\/h3>\n<p><a href=\"https:\/\/help.geostru.eu\/standard\/ntc2018\/en\" target=\"_blank\" rel=\"noopener noreferrer\">Consultazione rapida NTC 2018<\/a>[\/vc_column_text][\/vc_column][\/vc_row][vc_row][vc_column][vc_text_separator title=\u00bbGeof\u00edsica\u00bb][vc_row_inner][vc_column_inner width=\u00bb1\/3&#8243;][vc_column_text]<\/p>\n<h3><img loading=\"lazy\" decoding=\"async\" class=\"wp-image-119146 size-full alignleft\" src=\"https:\/\/www.geostru.eu\/wp-content\/uploads\/2020\/05\/DOWNHOLE.png\" alt=\"\" width=\"64\" height=\"64\" \/> Downhole<\/h3>\n<p><a href=\"https:\/\/help.geostru.eu\/downhole\/es\" target=\"_blank\" rel=\"noopener noreferrer\">Ensayos Downhole<\/a>[\/vc_column_text][\/vc_column_inner][vc_column_inner width=\u00bb1\/3&#8243;][vc_column_text]<\/p>\n<h3><img loading=\"lazy\" decoding=\"async\" class=\"wp-image-119154 alignleft\" src=\"https:\/\/www.geostru.eu\/wp-content\/uploads\/2020\/05\/easy-masw.png\" alt=\"\" width=\"64\" height=\"64\" \/>Easy MASW<\/h3>\n<p><a href=\"https:\/\/help.geostru.eu\/masw\/es\" target=\"_blank\" rel=\"noopener noreferrer\">Multi-Channel Analysis of Surface Waves &#8211; MASW<\/a>[\/vc_column_text][\/vc_column_inner][vc_column_inner width=\u00bb1\/3&#8243;][vc_column_text]<\/p>\n<h3><img loading=\"lazy\" decoding=\"async\" class=\"wp-image-119218 size-full alignleft\" src=\"https:\/\/www.geostru.eu\/wp-content\/uploads\/2020\/05\/rifrazione_sismica64.png\" alt=\"\" width=\"64\" height=\"64\" \/>EASY REFRACT<\/h3>\n<p><a href=\"http:\/\/help.geostru.eu\/easyrefract\/es\" target=\"_blank\" rel=\"noopener noreferrer\">Interpretaci\u00f3n de ensayos de refracci\u00f3n s\u00edsmica<\/a>[\/vc_column_text][\/vc_column_inner][\/vc_row_inner][\/vc_column][\/vc_row][vc_row][vc_column][vc_text_separator title=\u00bbGeolog\u00eda\u00bb][vc_row_inner][vc_column_inner width=\u00bb1\/3&#8243;][vc_column_text]<\/p>\n<h3><img loading=\"lazy\" decoding=\"async\" class=\"wp-image-119202 size-full alignleft\" src=\"https:\/\/www.geostru.eu\/wp-content\/uploads\/2020\/05\/liquiter.png\" alt=\"\" width=\"64\" height=\"64\" \/><strong>LIQUITER<\/strong><\/h3>\n<p><a href=\"https:\/\/help.geostru.eu\/liquiter\/es\" target=\"_blank\" rel=\"noopener noreferrer\">Licuefacci\u00f3n de suelos<\/a>[\/vc_column_text][vc_column_text]<\/p>\n<h3><img loading=\"lazy\" decoding=\"async\" class=\"wp-image-119286 size-full alignleft\" src=\"https:\/\/www.geostru.eu\/wp-content\/uploads\/2020\/05\/trispace.png\" alt=\"\" width=\"64\" height=\"64\" \/><strong>GM3D<\/strong><\/h3>\n<p><a href=\"https:\/\/help.geostru.eu\/gm3d\/es\" target=\"_blank\" rel=\"noopener noreferrer\">Modelado geol\u00f3gico 3D<\/a>[\/vc_column_text][vc_column_text]<\/p>\n<h3><img loading=\"lazy\" decoding=\"async\" class=\"wp-image-119142 size-full alignleft\" src=\"https:\/\/www.geostru.eu\/wp-content\/uploads\/2020\/05\/cv-soil.png\" alt=\"\" width=\"64\" height=\"64\" \/><strong>CVSOIL<\/strong><\/h3>\n<p><a href=\"https:\/\/help.geostru.eu\/cvsoil\/es\" target=\"_blank\" rel=\"noopener noreferrer\"> Characteristic parameters<\/a>[\/vc_column_text][vc_column_text]<\/p>\n<h3><img loading=\"lazy\" decoding=\"async\" class=\"wp-image-119165 size-full alignleft\" src=\"https:\/\/www.geostru.eu\/wp-content\/uploads\/2020\/05\/esd.png\" alt=\"\" width=\"64\" height=\"64\" \/><strong>ESD<\/strong><\/h3>\n<p><a href=\"https:\/\/help.geostru.eu\/esd\/es\/\" target=\"_blank\" rel=\"noopener noreferrer\">Earth Small Dams<\/a>[\/vc_column_text][vc_column_text]<\/p>\n<h3><img loading=\"lazy\" decoding=\"async\" class=\"wp-image-119193 size-full alignleft\" src=\"https:\/\/www.geostru.eu\/wp-content\/uploads\/2020\/05\/GS-formula.png\" alt=\"\" width=\"64\" height=\"64\" \/>GEOSTRU FORMULA<\/h3>\n<p><a href=\"https:\/\/help.geostru.eu\/geostruformula\/es\/\" target=\"_blank\" rel=\"noopener\">Formulario de Geolog\u00eda y Geot\u00e9cnica<\/a>[\/vc_column_text][\/vc_column_inner][vc_column_inner width=\u00bb1\/3&#8243;][vc_column_text]<\/p>\n<h3><img loading=\"lazy\" decoding=\"async\" class=\"wp-image-119206 size-full alignleft\" src=\"https:\/\/www.geostru.eu\/wp-content\/uploads\/2020\/05\/loadcap.png\" alt=\"\" width=\"64\" height=\"64\" \/><strong>LOADCAP<\/strong><\/h3>\n<p><a href=\"https:\/\/help.geostru.eu\/loadcap\/es\" target=\"_blank\" rel=\"noopener noreferrer\">Carga l\u00edmite, asientos<\/a>[\/vc_column_text][vc_column_text]<\/p>\n<h3><img loading=\"lazy\" decoding=\"async\" class=\"wp-image-119166 size-full alignleft\" src=\"https:\/\/www.geostru.eu\/wp-content\/uploads\/2020\/05\/GDW.png\" alt=\"\" width=\"64\" height=\"64\" \/><strong>GDW<\/strong><\/h3>\n<p><a href=\"https:\/\/help.geostru.eu\/gdw\/es\" target=\"_blank\" rel=\"noopener noreferrer\">Muros de gaviones<\/a>[\/vc_column_text][vc_column_text]<\/p>\n<h3><img loading=\"lazy\" decoding=\"async\" class=\"wp-image-119214 size-full alignleft\" src=\"https:\/\/www.geostru.eu\/wp-content\/uploads\/2020\/05\/MP.png\" alt=\"\" width=\"64\" height=\"64\" \/><strong>MP<\/strong><\/h3>\n<p><a href=\"https:\/\/help.geostru.eu\/mp\/es\" target=\"_blank\" rel=\"noopener noreferrer\">Micropilotes y Pilotes<\/a>[\/vc_column_text][vc_column_text]<\/p>\n<h3><img loading=\"lazy\" decoding=\"async\" class=\"wp-image-119266 size-full alignleft\" src=\"https:\/\/www.geostru.eu\/wp-content\/uploads\/2020\/05\/slope.png\" alt=\"\" width=\"64\" height=\"64\" \/><strong>SLOPE<\/strong><\/h3>\n<p><a href=\"https:\/\/help.geostru.eu\/slope\/es\" target=\"_blank\" rel=\"noopener noreferrer\">Estabilidad de taludes<\/a>[\/vc_column_text][vc_column_text]<\/p>\n<h3>WELL FOUNDATION<\/h3>\n<p><a href=\"https:\/\/help.geostru.eu\/wellfoundation\/es\/\" target=\"_blank\" rel=\"noopener\">Pozos estructurales<\/a>[\/vc_column_text][\/vc_column_inner][vc_column_inner width=\u00bb1\/3&#8243;][vc_column_text]<\/p>\n<h3><img loading=\"lazy\" decoding=\"async\" class=\"wp-image-119282 size-full alignleft\" src=\"https:\/\/www.geostru.eu\/wp-content\/uploads\/2020\/05\/stratigrapher.png\" alt=\"\" width=\"64\" height=\"64\" \/>STRATIGRAPHER<\/h3>\n<p><a href=\"https:\/\/help.geostru.eu\/stratigrapher\/es\" target=\"_blank\" rel=\"noopener noreferrer\">Columnas estratigr\u00e1ficas<\/a>[\/vc_column_text][vc_column_text]<\/p>\n<h3><img loading=\"lazy\" decoding=\"async\" class=\"wp-image-119210 size-full alignleft\" src=\"https:\/\/www.geostru.eu\/wp-content\/uploads\/2020\/05\/MDC.png\" alt=\"\" width=\"64\" height=\"64\" \/><strong>MDC<\/strong><\/h3>\n<p><a href=\"https:\/\/help.geostru.eu\/mdc\/es\" target=\"_blank\" rel=\"noopener noreferrer\">Muros de contenci\u00f3n<\/a>[\/vc_column_text][vc_column_text]<\/p>\n<h3><img loading=\"lazy\" decoding=\"async\" class=\"wp-image-119270 size-full alignleft\" src=\"https:\/\/www.geostru.eu\/wp-content\/uploads\/2020\/05\/SPW.png\" alt=\"\" width=\"64\" height=\"64\" \/><strong>SPW<\/strong><\/h3>\n<p><a href=\"https:\/\/help.geostru.eu\/spw\/es\" target=\"_blank\" rel=\"noopener noreferrer\">Dise\u00f1o y c\u00e1lculo de pantallas<\/a>[\/vc_column_text][vc_column_text]<\/p>\n<h3><img loading=\"lazy\" decoding=\"async\" class=\"wp-image-119721 size-full alignleft\" src=\"https:\/\/www.geostru.eu\/wp-content\/uploads\/2020\/05\/RETINI_LITO.png\" alt=\"\" width=\"64\" height=\"64\" \/> Textures<\/h3>\n<p><a href=\"https:\/\/help.geostru.eu\/textures\/\" target=\"_blank\" rel=\"noopener noreferrer\">Textures<\/a>[\/vc_column_text][\/vc_column_inner][\/vc_row_inner][\/vc_column][\/vc_row][vc_row][vc_column][vc_text_separator title=\u00bbGeomec\u00e1nica\u00bb][\/vc_column][vc_column width=\u00bb1\/3&#8243;][vc_column_text]<\/p>\n<h3><img loading=\"lazy\" decoding=\"async\" class=\"wp-image-119170 size-full alignleft\" src=\"https:\/\/www.geostru.eu\/wp-content\/uploads\/2020\/05\/GEOROCK.png\" alt=\"\" width=\"64\" height=\"64\" \/><\/h3>\n<h3 class=\"product_title entry-title\">GEOROCK 2D<\/h3>\n<p><a href=\"https:\/\/help.geostru.eu\/georock2d\/es\" target=\"_blank\" rel=\"noopener noreferrer\">Ca\u00edda de rocas 2D<\/a>[\/vc_column_text][\/vc_column][vc_column width=\u00bb1\/3&#8243;][vc_column_text]<\/p>\n<h3><img loading=\"lazy\" decoding=\"async\" class=\"wp-image-119174 size-full alignleft\" src=\"https:\/\/www.geostru.eu\/wp-content\/uploads\/2020\/05\/GEOROCK_3D.png\" alt=\"\" width=\"64\" height=\"64\" \/><\/h3>\n<h3 class=\"product_title entry-title\">GEROCK 3D<\/h3>\n<p><a href=\"https:\/\/help.geostru.eu\/georock3d\/es\" target=\"_blank\" rel=\"noopener noreferrer\">Ca\u00edda de rocas 3D<\/a>[\/vc_column_text][\/vc_column][vc_column width=\u00bb1\/3&#8243; offset=\u00bbvc_hidden-lg vc_hidden-md vc_hidden-sm vc_hidden-xs\u00bb][vc_column_text]<\/p>\n<h3><img loading=\"lazy\" decoding=\"async\" class=\"wp-image-119250 size-full alignleft\" src=\"https:\/\/www.geostru.eu\/wp-content\/uploads\/2020\/05\/rocklab64.png\" alt=\"\" width=\"64\" height=\"64\" \/><\/h3>\n<h3 class=\"product_title entry-title\">ROCKLAB<\/h3>\n<p><a href=\"https:\/\/help.geostru.eu\/rocklab\/en\/\" target=\"_blank\" rel=\"noopener noreferrer\">Failure criterion of a rock mass according to Hoek-Brown<\/a>[\/vc_column_text][\/vc_column][\/vc_row][vc_row][vc_column][vc_text_separator title=\u00bbEnsayos in situ\u00bb][vc_row_inner][vc_column_inner width=\u00bb1\/3&#8243;][vc_column_text]<\/p>\n<h3><img loading=\"lazy\" decoding=\"async\" class=\"wp-image-119150 size-full alignleft\" src=\"https:\/\/www.geostru.eu\/wp-content\/uploads\/2020\/05\/dynamic-probing-1.png\" alt=\"\" width=\"64\" height=\"64\" \/><\/h3>\n<h3 class=\"product_title entry-title\">DYNAMIC PROBING<\/h3>\n<p><a href=\"https:\/\/help.geostru.eu\/dynamic\/es\" target=\"_blank\" rel=\"noopener noreferrer\">Ensayos penetraci\u00f3n din\u00e1mica<\/a>[\/vc_column_text][\/vc_column_inner][vc_column_inner width=\u00bb1\/3&#8243;][vc_column_text]<\/p>\n<h3><img loading=\"lazy\" decoding=\"async\" class=\"wp-image-119274 size-full alignleft\" src=\"https:\/\/www.geostru.eu\/wp-content\/uploads\/2020\/05\/static-probing.png\" alt=\"\" width=\"64\" height=\"64\" \/><\/h3>\n<h3 class=\"product_title entry-title\">STATIC PROBING<\/h3>\n<p><a href=\"https:\/\/help.geostru.eu\/static\/es\" target=\"_blank\" rel=\"noopener noreferrer\">Ensayos penetraci\u00f3n est\u00e1tica<\/a>[\/vc_column_text][\/vc_column_inner][vc_column_inner width=\u00bb1\/3&#8243;][\/vc_column_inner][\/vc_row_inner][\/vc_column][\/vc_row][vc_row disable_element=\u00bbyes\u00bb][vc_column][vc_text_separator title=\u00bbStrutture\u00bb][vc_row_inner][vc_column_inner width=\u00bb1\/3&#8243; offset=\u00bbvc_hidden-lg vc_hidden-md vc_hidden-sm vc_hidden-xs\u00bb][vc_column_text]<\/p>\n<h3><img loading=\"lazy\" decoding=\"async\" class=\"wp-image-119734 size-full alignleft\" src=\"https:\/\/www.geostru.eu\/wp-content\/uploads\/2020\/05\/EDIFICI.png\" alt=\"\" width=\"64\" height=\"64\" \/><\/h3>\n<h3 class=\"product_title entry-title\">EDIFICI CA<\/h3>\n<p><a href=\"https:\/\/help.geostru.eu\/edificica\/it\/\" target=\"_blank\" rel=\"noopener noreferrer\">Calcolo strutturale edifici in Cemento Armato<\/a>[\/vc_column_text][vc_column_text]<\/p>\n<h3><img loading=\"lazy\" decoding=\"async\" class=\"wp-image-119725 size-full alignleft\" src=\"https:\/\/www.geostru.eu\/wp-content\/uploads\/2020\/05\/FOND-CA.png\" alt=\"\" width=\"64\" height=\"64\" \/><\/h3>\n<h3 class=\"product_title entry-title\">FONDAZIONI C.A.<\/h3>\n<p><a href=\"https:\/\/help.geostru.eu\/fondazionica\/en\/\" target=\"_blank\" rel=\"noopener noreferrer\">Fondazioni in cemento armato<\/a>[\/vc_column_text][\/vc_column_inner][vc_column_inner width=\u00bb1\/3&#8243; offset=\u00bbvc_hidden-lg vc_hidden-md vc_hidden-sm vc_hidden-xs\u00bb][vc_column_text]<\/p>\n<h3><img loading=\"lazy\" decoding=\"async\" class=\"wp-image-119274 size-full alignleft\" src=\"https:\/\/www.geostru.eu\/wp-content\/uploads\/2020\/05\/static-probing.png\" alt=\"\" width=\"64\" height=\"64\" \/><\/h3>\n<h3 class=\"product_title entry-title\">FONDAZIONI CA<\/h3>\n<p><a href=\"https:\/\/help.geostru.eu\/fondazionica\/it\/\" target=\"_blank\" rel=\"noopener noreferrer\">Fondazioni in Cemento Armato<\/a>[\/vc_column_text][vc_column_text]<\/p>\n<h3><img loading=\"lazy\" decoding=\"async\" class=\"wp-image-119730 size-full alignleft\" src=\"https:\/\/www.geostru.eu\/wp-content\/uploads\/2020\/05\/scatolari.png\" alt=\"\" width=\"64\" height=\"64\" \/><\/h3>\n<h3 class=\"product_title entry-title\">SCATOLARI<\/h3>\n<p><a href=\"https:\/\/help.geostru.eu\/scatolari\/en\/\" target=\"_blank\" rel=\"noopener noreferrer\">Armature strutture scatolari<\/a>[\/vc_column_text][\/vc_column_inner][vc_column_inner width=\u00bb1\/3&#8243;][vc_column_text]<\/p>\n<h3><img loading=\"lazy\" decoding=\"async\" class=\"wp-image-119274 size-full alignleft\" src=\"https:\/\/www.geostru.eu\/wp-content\/uploads\/2020\/05\/static-probing.png\" alt=\"\" width=\"64\" height=\"64\" \/><\/h3>\n<h3 class=\"product_title entry-title\">RC-SEC<\/h3>\n<p><a href=\"https:\/\/help.geostru.eu\/rcsec\/en\/\">Calculation of reinforced concrete section<\/a>[\/vc_column_text][\/vc_column_inner][\/vc_row_inner][\/vc_column][\/vc_row][vc_row][vc_column][vc_text_separator title=\u00bbHidrolog\u00eda e Hidr\u00e1ulica\u00bb][vc_row_inner][vc_column_inner width=\u00bb1\/3&#8243;][vc_column_text]<\/p>\n<h3><img loading=\"lazy\" decoding=\"async\" class=\"wp-image-119198 size-full alignleft\" src=\"https:\/\/www.geostru.eu\/wp-content\/uploads\/2020\/05\/hydrologic-risk.png\" alt=\"\" width=\"64\" height=\"64\" \/><\/h3>\n<h3 class=\"product_title entry-title\">HYDROLOGIC RISK<\/h3>\n<p><a href=\"https:\/\/help.geostru.eu\/hydrologicrisk\/es\" target=\"_blank\" rel=\"noopener noreferrer\">Riesgo hidrol\u00f3gico-hidr\u00e1ulico<\/a>[\/vc_column_text][\/vc_column_inner][vc_column_inner width=\u00bb1\/3&#8243;][vc_column_text]<\/p>\n<h3><img loading=\"lazy\" decoding=\"async\" class=\"wp-image-119290 size-full alignleft\" src=\"https:\/\/www.geostru.eu\/wp-content\/uploads\/2020\/05\/well-ta.png\" alt=\"ma\" width=\"64\" height=\"64\" \/><\/h3>\n<h3 class=\"product_title entry-title\">WTA<\/h3>\n<p><a href=\"https:\/\/help.geostru.eu\/wellta\/es\" target=\"_blank\" rel=\"noopener noreferrer\">Pruebas de bombeo<\/a>[\/vc_column_text][\/vc_column_inner][vc_column_inner width=\u00bb1\/3&#8243;][\/vc_column_inner][\/vc_row_inner][\/vc_column][\/vc_row][vc_row][vc_column][vc_text_separator title=\u00bbTopograf\u00eca\u00bb][vc_row_inner][vc_column_inner width=\u00bb1\/3&#8243;][vc_column_text]<\/p>\n<h3><img loading=\"lazy\" decoding=\"async\" class=\"wp-image-119286 size-full alignleft\" src=\"https:\/\/www.geostru.eu\/wp-content\/uploads\/2020\/05\/trispace.png\" alt=\"\" width=\"64\" height=\"64\" \/><\/h3>\n<h3 class=\"product_title entry-title\">TRISPACE<\/h3>\n<p><a href=\"https:\/\/help.geostru.eu\/trispace\/es\" target=\"_blank\" rel=\"noopener noreferrer\">Software Topograf\u00eda<\/a>[\/vc_column_text][\/vc_column_inner][vc_column_inner width=\u00bb1\/3&#8243;][\/vc_column_inner][vc_column_inner width=\u00bb1\/3&#8243;][\/vc_column_inner][\/vc_row_inner][\/vc_column][\/vc_row][vc_row full_width=\u00bbstretch_row\u00bb disable_element=\u00bbyes\u00bb][vc_column][vc_text_separator title=\u00bbEnergia\u00bb][vc_row_inner][vc_column_inner width=\u00bb1\/3&#8243;][vc_column_text]<\/p>\n<h3><img loading=\"lazy\" decoding=\"async\" class=\"wp-image-119742 size-full alignleft\" src=\"https:\/\/www.geostru.eu\/wp-content\/uploads\/2020\/05\/GHP.png\" alt=\"\" width=\"64\" height=\"64\" \/>GHP Design 3D<\/h3>\n<p><a href=\"https:\/\/help.geostru.eu\/ghpdesign3d\/en\" target=\"_blank\" rel=\"noopener noreferrer\">Progettazione impianti geotermici<\/a>[\/vc_column_text][\/vc_column_inner][vc_column_inner width=\u00bb1\/3&#8243;][\/vc_column_inner][vc_column_inner width=\u00bb1\/3&#8243;][\/vc_column_inner][\/vc_row_inner][\/vc_column][\/vc_row]<\/p>\n<\/div>","protected":false},"excerpt":{"rendered":"<p>[vc_row full_width=\u00bbstretch_row\u00bb disable_element=\u00bbyes\u00bb][vc_column][vc_text_separator title=\u00bbGeneral\u00bb][\/vc_column][vc_column width=\u00bb1\/3&#8243;][vc_column_text] NTC EC Consultazione rapida NTC 2018[\/vc_column_text][\/vc_column][\/vc_row][vc_row][vc_column][vc_text_separator title=\u00bbGeof\u00edsica\u00bb][vc_row_inner][vc_column_inner width=\u00bb1\/3&#8243;][vc_column_text] Downhole Ensayos Downhole[\/vc_column_text][\/vc_column_inner][vc_column_inner width=\u00bb1\/3&#8243;][vc_column_text] Easy MASW Multi-Channel Analysis of Surface Waves &#8211; MASW[\/vc_column_text][\/vc_column_inner][vc_column_inner width=\u00bb1\/3&#8243;][vc_column_text] EASY REFRACT Interpretaci\u00f3n de ensayos de refracci\u00f3n s\u00edsmica[\/vc_column_text][\/vc_column_inner][\/vc_row_inner][\/vc_column][\/vc_row][vc_row][vc_column][vc_text_separator title=\u00bbGeolog\u00eda\u00bb][vc_row_inner][vc_column_inner width=\u00bb1\/3&#8243;][vc_column_text] LIQUITER Licuefacci\u00f3n de suelos[\/vc_column_text][vc_column_text] GM3D Modelado geol\u00f3gico 3D[\/vc_column_text][vc_column_text] CVSOIL Characteristic parameters[\/vc_column_text][vc_column_text] ESD Earth Small Dams[\/vc_column_text][vc_column_text] GEOSTRU FORMULA Formulario&hellip;<\/p>\n","protected":false},"author":16658,"featured_media":119977,"parent":0,"menu_order":0,"comment_status":"closed","ping_status":"closed","template":"","meta":{"footnotes":""},"class_list":["post-119405","page","type-page","status-publish","has-post-thumbnail","hentry","description-off"],"yoast_head":"<!-- This site is optimized with the Yoast SEO Premium plugin v25.0 (Yoast SEO v25.0) - https:\/\/yoast.com\/wordpress\/plugins\/seo\/ -->\n<title>Manuales - GeoStru<\/title>\n<meta name=\"description\" content=\"P\u00e1gina de recopilaci\u00f3n de la documentaci\u00f3n t\u00e9cnica del software Geostru\" \/>\n<meta name=\"robots\" content=\"index, follow, max-snippet:-1, max-image-preview:large, max-video-preview:-1\" \/>\n<link rel=\"canonical\" href=\"https:\/\/www.geostru.eu\/es\/manuales\/\" \/>\n<meta property=\"og:locale\" content=\"es_ES\" \/>\n<meta property=\"og:type\" content=\"article\" \/>\n<meta property=\"og:title\" content=\"Manuales\" \/>\n<meta property=\"og:description\" content=\"P\u00e1gina de recopilaci\u00f3n de la documentaci\u00f3n t\u00e9cnica del software Geostru\" \/>\n<meta property=\"og:url\" content=\"https:\/\/www.geostru.eu\/es\/manuales\/\" \/>\n<meta property=\"og:site_name\" content=\"GeoStru\" \/>\n<meta property=\"article:publisher\" content=\"https:\/\/www.facebook.com\/GeoStruSoftware\/\" \/>\n<meta property=\"article:modified_time\" content=\"2021-08-02T06:58:20+00:00\" \/>\n<meta property=\"og:image\" content=\"https:\/\/www.geostru.eu\/wp-content\/uploads\/2020\/05\/icona-documentazione-1.png\" \/>\n\t<meta property=\"og:image:width\" content=\"332\" \/>\n\t<meta property=\"og:image:height\" content=\"332\" \/>\n\t<meta property=\"og:image:type\" content=\"image\/png\" \/>\n<meta name=\"twitter:card\" content=\"summary_large_image\" \/>\n<meta name=\"twitter:site\" content=\"@geostru\" \/>\n<meta name=\"twitter:label1\" content=\"Tiempo de lectura\" \/>\n\t<meta name=\"twitter:data1\" content=\"8 minutos\" \/>\n<script type=\"application\/ld+json\" class=\"yoast-schema-graph\">{\"@context\":\"https:\/\/schema.org\",\"@graph\":[{\"@type\":\"WebPage\",\"@id\":\"https:\/\/www.geostru.eu\/es\/manuales\/\",\"url\":\"https:\/\/www.geostru.eu\/es\/manuales\/\",\"name\":\"Manuales - GeoStru\",\"isPartOf\":{\"@id\":\"https:\/\/www.geostru.eu\/es\/#website\"},\"primaryImageOfPage\":{\"@id\":\"https:\/\/www.geostru.eu\/es\/manuales\/#primaryimage\"},\"image\":{\"@id\":\"https:\/\/www.geostru.eu\/es\/manuales\/#primaryimage\"},\"thumbnailUrl\":\"https:\/\/www.geostru.eu\/wp-content\/uploads\/2020\/05\/icona-documentazione-1.png\",\"datePublished\":\"2020-05-12T15:27:56+00:00\",\"dateModified\":\"2021-08-02T06:58:20+00:00\",\"description\":\"P\u00e1gina de recopilaci\u00f3n de la documentaci\u00f3n t\u00e9cnica del software Geostru\",\"breadcrumb\":{\"@id\":\"https:\/\/www.geostru.eu\/es\/manuales\/#breadcrumb\"},\"inLanguage\":\"es\",\"potentialAction\":[{\"@type\":\"ReadAction\",\"target\":[\"https:\/\/www.geostru.eu\/es\/manuales\/\"]}]},{\"@type\":\"ImageObject\",\"inLanguage\":\"es\",\"@id\":\"https:\/\/www.geostru.eu\/es\/manuales\/#primaryimage\",\"url\":\"https:\/\/www.geostru.eu\/wp-content\/uploads\/2020\/05\/icona-documentazione-1.png\",\"contentUrl\":\"https:\/\/www.geostru.eu\/wp-content\/uploads\/2020\/05\/icona-documentazione-1.png\",\"width\":332,\"height\":332},{\"@type\":\"BreadcrumbList\",\"@id\":\"https:\/\/www.geostru.eu\/es\/manuales\/#breadcrumb\",\"itemListElement\":[{\"@type\":\"ListItem\",\"position\":1,\"name\":\"Home\",\"item\":\"https:\/\/www.geostru.eu\/es\/\"},{\"@type\":\"ListItem\",\"position\":2,\"name\":\"Manuales\"}]},{\"@type\":\"WebSite\",\"@id\":\"https:\/\/www.geostru.eu\/es\/#website\",\"url\":\"https:\/\/www.geostru.eu\/es\/\",\"name\":\"GeoStru\",\"description\":\"Professionals at your service\",\"publisher\":{\"@id\":\"https:\/\/www.geostru.eu\/es\/#organization\"},\"potentialAction\":[{\"@type\":\"SearchAction\",\"target\":{\"@type\":\"EntryPoint\",\"urlTemplate\":\"https:\/\/www.geostru.eu\/es\/?s={search_term_string}\"},\"query-input\":{\"@type\":\"PropertyValueSpecification\",\"valueRequired\":true,\"valueName\":\"search_term_string\"}}],\"inLanguage\":\"es\"},{\"@type\":\"Organization\",\"@id\":\"https:\/\/www.geostru.eu\/es\/#organization\",\"name\":\"GeoStru\",\"url\":\"https:\/\/www.geostru.eu\/es\/\",\"logo\":{\"@type\":\"ImageObject\",\"inLanguage\":\"es\",\"@id\":\"https:\/\/www.geostru.eu\/es\/#\/schema\/logo\/image\/\",\"url\":\"https:\/\/www.geostru.eu\/wp-content\/uploads\/2023\/02\/LOGO_GEOSTRU_educational_banner.png\",\"contentUrl\":\"https:\/\/www.geostru.eu\/wp-content\/uploads\/2023\/02\/LOGO_GEOSTRU_educational_banner.png\",\"width\":363,\"height\":115,\"caption\":\"GeoStru\"},\"image\":{\"@id\":\"https:\/\/www.geostru.eu\/es\/#\/schema\/logo\/image\/\"},\"sameAs\":[\"https:\/\/www.facebook.com\/GeoStruSoftware\/\",\"https:\/\/x.com\/geostru\",\"https:\/\/www.linkedin.com\/company\/2462488\/admin\/\",\"https:\/\/www.instagram.com\/geostru\/\"]}]}<\/script>\n<!-- \/ Yoast SEO Premium plugin. -->","yoast_head_json":{"title":"Manuales - GeoStru","description":"P\u00e1gina de recopilaci\u00f3n de la documentaci\u00f3n t\u00e9cnica del software Geostru","robots":{"index":"index","follow":"follow","max-snippet":"max-snippet:-1","max-image-preview":"max-image-preview:large","max-video-preview":"max-video-preview:-1"},"canonical":"https:\/\/www.geostru.eu\/es\/manuales\/","og_locale":"es_ES","og_type":"article","og_title":"Manuales","og_description":"P\u00e1gina de recopilaci\u00f3n de la documentaci\u00f3n t\u00e9cnica del software Geostru","og_url":"https:\/\/www.geostru.eu\/es\/manuales\/","og_site_name":"GeoStru","article_publisher":"https:\/\/www.facebook.com\/GeoStruSoftware\/","article_modified_time":"2021-08-02T06:58:20+00:00","og_image":[{"width":332,"height":332,"url":"https:\/\/www.geostru.eu\/wp-content\/uploads\/2020\/05\/icona-documentazione-1.png","type":"image\/png"}],"twitter_card":"summary_large_image","twitter_site":"@geostru","twitter_misc":{"Tiempo de lectura":"8 minutos"},"schema":{"@context":"https:\/\/schema.org","@graph":[{"@type":"WebPage","@id":"https:\/\/www.geostru.eu\/es\/manuales\/","url":"https:\/\/www.geostru.eu\/es\/manuales\/","name":"Manuales - GeoStru","isPartOf":{"@id":"https:\/\/www.geostru.eu\/es\/#website"},"primaryImageOfPage":{"@id":"https:\/\/www.geostru.eu\/es\/manuales\/#primaryimage"},"image":{"@id":"https:\/\/www.geostru.eu\/es\/manuales\/#primaryimage"},"thumbnailUrl":"https:\/\/www.geostru.eu\/wp-content\/uploads\/2020\/05\/icona-documentazione-1.png","datePublished":"2020-05-12T15:27:56+00:00","dateModified":"2021-08-02T06:58:20+00:00","description":"P\u00e1gina de recopilaci\u00f3n de la documentaci\u00f3n t\u00e9cnica del software Geostru","breadcrumb":{"@id":"https:\/\/www.geostru.eu\/es\/manuales\/#breadcrumb"},"inLanguage":"es","potentialAction":[{"@type":"ReadAction","target":["https:\/\/www.geostru.eu\/es\/manuales\/"]}]},{"@type":"ImageObject","inLanguage":"es","@id":"https:\/\/www.geostru.eu\/es\/manuales\/#primaryimage","url":"https:\/\/www.geostru.eu\/wp-content\/uploads\/2020\/05\/icona-documentazione-1.png","contentUrl":"https:\/\/www.geostru.eu\/wp-content\/uploads\/2020\/05\/icona-documentazione-1.png","width":332,"height":332},{"@type":"BreadcrumbList","@id":"https:\/\/www.geostru.eu\/es\/manuales\/#breadcrumb","itemListElement":[{"@type":"ListItem","position":1,"name":"Home","item":"https:\/\/www.geostru.eu\/es\/"},{"@type":"ListItem","position":2,"name":"Manuales"}]},{"@type":"WebSite","@id":"https:\/\/www.geostru.eu\/es\/#website","url":"https:\/\/www.geostru.eu\/es\/","name":"GeoStru","description":"Professionals at your service","publisher":{"@id":"https:\/\/www.geostru.eu\/es\/#organization"},"potentialAction":[{"@type":"SearchAction","target":{"@type":"EntryPoint","urlTemplate":"https:\/\/www.geostru.eu\/es\/?s={search_term_string}"},"query-input":{"@type":"PropertyValueSpecification","valueRequired":true,"valueName":"search_term_string"}}],"inLanguage":"es"},{"@type":"Organization","@id":"https:\/\/www.geostru.eu\/es\/#organization","name":"GeoStru","url":"https:\/\/www.geostru.eu\/es\/","logo":{"@type":"ImageObject","inLanguage":"es","@id":"https:\/\/www.geostru.eu\/es\/#\/schema\/logo\/image\/","url":"https:\/\/www.geostru.eu\/wp-content\/uploads\/2023\/02\/LOGO_GEOSTRU_educational_banner.png","contentUrl":"https:\/\/www.geostru.eu\/wp-content\/uploads\/2023\/02\/LOGO_GEOSTRU_educational_banner.png","width":363,"height":115,"caption":"GeoStru"},"image":{"@id":"https:\/\/www.geostru.eu\/es\/#\/schema\/logo\/image\/"},"sameAs":["https:\/\/www.facebook.com\/GeoStruSoftware\/","https:\/\/x.com\/geostru","https:\/\/www.linkedin.com\/company\/2462488\/admin\/","https:\/\/www.instagram.com\/geostru\/"]}]}},"_links":{"self":[{"href":"https:\/\/www.geostru.eu\/es\/wp-json\/wp\/v2\/pages\/119405"}],"collection":[{"href":"https:\/\/www.geostru.eu\/es\/wp-json\/wp\/v2\/pages"}],"about":[{"href":"https:\/\/www.geostru.eu\/es\/wp-json\/wp\/v2\/types\/page"}],"author":[{"embeddable":true,"href":"https:\/\/www.geostru.eu\/es\/wp-json\/wp\/v2\/users\/16658"}],"replies":[{"embeddable":true,"href":"https:\/\/www.geostru.eu\/es\/wp-json\/wp\/v2\/comments?post=119405"}],"version-history":[{"count":0,"href":"https:\/\/www.geostru.eu\/es\/wp-json\/wp\/v2\/pages\/119405\/revisions"}],"wp:featuredmedia":[{"embeddable":true,"href":"https:\/\/www.geostru.eu\/es\/wp-json\/wp\/v2\/media\/119977"}],"wp:attachment":[{"href":"https:\/\/www.geostru.eu\/es\/wp-json\/wp\/v2\/media?parent=119405"}],"curies":[{"name":"wp","href":"https:\/\/api.w.org\/{rel}","templated":true}]}}